{"id":8402,"date":"2023-12-16T00:30:41","date_gmt":"2023-12-16T03:30:41","guid":{"rendered":"https:\/\/ponteseditores.com.br\/loja3\/pontes-editores-home-2__trashed\/sem%20categoria\/teoria-da-atividade-socio-historico-cultural-e-a-escola-recriando-realidades-sociais\/"},"modified":"2024-06-14T13:56:00","modified_gmt":"2024-06-14T16:56:00","slug":"teoria-da-atividade-socio-historico-cultural-e-a-escola-recriando-realidades-sociais","status":"publish","type":"product","link":"https:\/\/ponteseditores.com.br\/loja3\/pontes-editores-home-2__trashed\/educacao\/teoria-da-atividade-socio-historico-cultural-e-a-escola-recriando-realidades-sociais\/","title":{"rendered":"TEORIA DA ATIVIDADE S\u00d3CIO-HIST\u00d3RICO-CULTURAL E A ESCOLA: RECRIANDO REALIDADES SOCIAIS"},"content":{"rendered":"<p>Este livro pretende contribuir para a constru\u00e7\u00e3o de um panorama sobre pesquisas realizadas no quadro da Teoria da Atividade S\u00f3cio-Hist\u00f3rico-Cultural para a constitui\u00e7\u00e3o de propostas de pesquisas transformadoras, que atuem para al\u00e9m da simples constata\u00e7\u00e3o e promovam possibilidades reais e concretas de repensar a educa\u00e7\u00e3o.<\/p>\n","protected":false},"excerpt":{"rendered":"<p>Este livro pretende contribuir para a constru\u00e7\u00e3o de um panorama sobre pesquisas realizadas no quadro da Teoria da Atividade S\u00f3cio-Hist\u00f3rico-Cultural para a constitui\u00e7\u00e3o de propostas de pesquisas transformadoras, que atuem para al\u00e9m da simples constata\u00e7\u00e3o e promovam possibilidades reais e concretas de repensar a educa\u00e7\u00e3o.<\/p>\n","protected":false},"featured_media":8401,"comment_status":"open","ping_status":"closed","template":"","meta":{"_joinchat":[]},"product_brand":[],"product_cat":[97],"product_tag":[],"class_list":{"0":"post-8402","1":"product","2":"type-product","3":"status-publish","4":"has-post-thumbnail","6":"product_cat-educacao","8":"first","9":"instock","10":"shipping-taxable","11":"purchasable","12":"product-type-simple"},"yoast_head":"<!-- This site is optimized with the Yoast SEO plugin v27.4 - https:\/\/yoast.com\/product\/yoast-seo-wordpress\/ -->\n<title>TEORIA DA ATIVIDADE S\u00d3CIO-HIST\u00d3RICO-CULTURAL E A ESCOLA: RECRIANDO REALIDADES SOCIAIS - Pontes Editores<\/title>\n<meta name=\"robots\" content=\"index, follow, max-snippet:-1, max-image-preview:large, max-video-preview:-1\" \/>\n<link rel=\"canonical\" href=\"https:\/\/ponteseditores.com.br\/loja3\/pontes-editores-home-2__trashed\/educacao\/teoria-da-atividade-socio-historico-cultural-e-a-escola-recriando-realidades-sociais\/\" \/>\n<meta property=\"og:locale\" content=\"pt_BR\" \/>\n<meta property=\"og:type\" content=\"article\" \/>\n<meta property=\"og:title\" content=\"TEORIA DA ATIVIDADE S\u00d3CIO-HIST\u00d3RICO-CULTURAL E A ESCOLA: RECRIANDO REALIDADES SOCIAIS - Pontes Editores\" \/>\n<meta property=\"og:description\" content=\"Este livro pretende contribuir para a constru\u00e7\u00e3o de um panorama sobre pesquisas realizadas no quadro da Teoria da Atividade S\u00f3cio-Hist\u00f3rico-Cultural para a constitui\u00e7\u00e3o de propostas de pesquisas transformadoras, que atuem para al\u00e9m da simples constata\u00e7\u00e3o e promovam possibilidades reais e concretas de repensar a educa\u00e7\u00e3o.\" \/>\n<meta property=\"og:url\" content=\"https:\/\/ponteseditores.com.br\/loja3\/pontes-editores-home-2__trashed\/educacao\/teoria-da-atividade-socio-historico-cultural-e-a-escola-recriando-realidades-sociais\/\" \/>\n<meta property=\"og:site_name\" content=\"Pontes Editores\" \/>\n<meta property=\"article:modified_time\" content=\"2024-06-14T16:56:00+00:00\" \/>\n<meta property=\"og:image\" content=\"https:\/\/ponteseditores.com.br\/loja3\/wp-content\/uploads\/2023\/12\/imgG520-1.jpg\" \/>\n\t<meta property=\"og:image:width\" content=\"201\" \/>\n\t<meta property=\"og:image:height\" content=\"300\" \/>\n\t<meta property=\"og:image:type\" content=\"image\/jpeg\" \/>\n<meta name=\"twitter:card\" content=\"summary_large_image\" \/>\n<meta name=\"twitter:label1\" content=\"Est. tempo de leitura\" \/>\n\t<meta name=\"twitter:data1\" content=\"1 minuto\" \/>\n<script type=\"application\/ld+json\" class=\"yoast-schema-graph\">{\"@context\":\"https:\\\/\\\/schema.org\",\"@graph\":[{\"@type\":\"WebPage\",\"@id\":\"https:\\\/\\\/ponteseditores.com.br\\\/loja3\\\/pontes-editores-home-2__trashed\\\/educacao\\\/teoria-da-atividade-socio-historico-cultural-e-a-escola-recriando-realidades-sociais\\\/\",\"url\":\"https:\\\/\\\/ponteseditores.com.br\\\/loja3\\\/pontes-editores-home-2__trashed\\\/educacao\\\/teoria-da-atividade-socio-historico-cultural-e-a-escola-recriando-realidades-sociais\\\/\",\"name\":\"TEORIA DA ATIVIDADE S\u00d3CIO-HIST\u00d3RICO-CULTURAL E A ESCOLA: RECRIANDO REALIDADES SOCIAIS - Pontes Editores\",\"isPartOf\":{\"@id\":\"https:\\\/\\\/ponteseditores.com.br\\\/loja3\\\/#website\"},\"primaryImageOfPage\":{\"@id\":\"https:\\\/\\\/ponteseditores.com.br\\\/loja3\\\/pontes-editores-home-2__trashed\\\/educacao\\\/teoria-da-atividade-socio-historico-cultural-e-a-escola-recriando-realidades-sociais\\\/#primaryimage\"},\"image\":{\"@id\":\"https:\\\/\\\/ponteseditores.com.br\\\/loja3\\\/pontes-editores-home-2__trashed\\\/educacao\\\/teoria-da-atividade-socio-historico-cultural-e-a-escola-recriando-realidades-sociais\\\/#primaryimage\"},\"thumbnailUrl\":\"https:\\\/\\\/ponteseditores.com.br\\\/loja3\\\/wp-content\\\/uploads\\\/2023\\\/12\\\/imgG520-1.jpg\",\"datePublished\":\"2023-12-16T03:30:41+00:00\",\"dateModified\":\"2024-06-14T16:56:00+00:00\",\"breadcrumb\":{\"@id\":\"https:\\\/\\\/ponteseditores.com.br\\\/loja3\\\/pontes-editores-home-2__trashed\\\/educacao\\\/teoria-da-atividade-socio-historico-cultural-e-a-escola-recriando-realidades-sociais\\\/#breadcrumb\"},\"inLanguage\":\"pt-BR\",\"potentialAction\":[{\"@type\":\"ReadAction\",\"target\":[\"https:\\\/\\\/ponteseditores.com.br\\\/loja3\\\/pontes-editores-home-2__trashed\\\/educacao\\\/teoria-da-atividade-socio-historico-cultural-e-a-escola-recriando-realidades-sociais\\\/\"]}]},{\"@type\":\"ImageObject\",\"inLanguage\":\"pt-BR\",\"@id\":\"https:\\\/\\\/ponteseditores.com.br\\\/loja3\\\/pontes-editores-home-2__trashed\\\/educacao\\\/teoria-da-atividade-socio-historico-cultural-e-a-escola-recriando-realidades-sociais\\\/#primaryimage\",\"url\":\"https:\\\/\\\/ponteseditores.com.br\\\/loja3\\\/wp-content\\\/uploads\\\/2023\\\/12\\\/imgG520-1.jpg\",\"contentUrl\":\"https:\\\/\\\/ponteseditores.com.br\\\/loja3\\\/wp-content\\\/uploads\\\/2023\\\/12\\\/imgG520-1.jpg\",\"width\":201,\"height\":300},{\"@type\":\"BreadcrumbList\",\"@id\":\"https:\\\/\\\/ponteseditores.com.br\\\/loja3\\\/pontes-editores-home-2__trashed\\\/educacao\\\/teoria-da-atividade-socio-historico-cultural-e-a-escola-recriando-realidades-sociais\\\/#breadcrumb\",\"itemListElement\":[{\"@type\":\"ListItem\",\"position\":1,\"name\":\"Home\",\"item\":\"https:\\\/\\\/ponteseditores.com.br\\\/loja3\\\/\"},{\"@type\":\"ListItem\",\"position\":2,\"name\":\"loja\",\"item\":\"https:\\\/\\\/ponteseditores.com.br\\\/loja3\\\/loja\\\/\"},{\"@type\":\"ListItem\",\"position\":3,\"name\":\"TEORIA DA ATIVIDADE S\u00d3CIO-HIST\u00d3RICO-CULTURAL E A ESCOLA: RECRIANDO REALIDADES SOCIAIS\"}]},{\"@type\":\"WebSite\",\"@id\":\"https:\\\/\\\/ponteseditores.com.br\\\/loja3\\\/#website\",\"url\":\"https:\\\/\\\/ponteseditores.com.br\\\/loja3\\\/\",\"name\":\"Pontes Editores\",\"description\":\"Pontes Editores\",\"publisher\":{\"@id\":\"https:\\\/\\\/ponteseditores.com.br\\\/loja3\\\/#organization\"},\"potentialAction\":[{\"@type\":\"SearchAction\",\"target\":{\"@type\":\"EntryPoint\",\"urlTemplate\":\"https:\\\/\\\/ponteseditores.com.br\\\/loja3\\\/?s={search_term_string}\"},\"query-input\":{\"@type\":\"PropertyValueSpecification\",\"valueRequired\":true,\"valueName\":\"search_term_string\"}}],\"inLanguage\":\"pt-BR\"},{\"@type\":\"Organization\",\"@id\":\"https:\\\/\\\/ponteseditores.com.br\\\/loja3\\\/#organization\",\"name\":\"Pontes Editores\",\"url\":\"https:\\\/\\\/ponteseditores.com.br\\\/loja3\\\/\",\"logo\":{\"@type\":\"ImageObject\",\"inLanguage\":\"pt-BR\",\"@id\":\"https:\\\/\\\/ponteseditores.com.br\\\/loja3\\\/#\\\/schema\\\/logo\\\/image\\\/\",\"url\":\"https:\\\/\\\/ponteseditores.com.br\\\/loja3\\\/wp-content\\\/uploads\\\/2023\\\/12\\\/logo-pontes-editores-v2.png\",\"contentUrl\":\"https:\\\/\\\/ponteseditores.com.br\\\/loja3\\\/wp-content\\\/uploads\\\/2023\\\/12\\\/logo-pontes-editores-v2.png\",\"width\":258,\"height\":100,\"caption\":\"Pontes Editores\"},\"image\":{\"@id\":\"https:\\\/\\\/ponteseditores.com.br\\\/loja3\\\/#\\\/schema\\\/logo\\\/image\\\/\"}}]}<\/script>\n<!-- \/ Yoast SEO plugin. -->","yoast_head_json":{"title":"TEORIA DA ATIVIDADE S\u00d3CIO-HIST\u00d3RICO-CULTURAL E A ESCOLA: RECRIANDO REALIDADES SOCIAIS - Pontes Editores","robots":{"index":"index","follow":"follow","max-snippet":"max-snippet:-1","max-image-preview":"max-image-preview:large","max-video-preview":"max-video-preview:-1"},"canonical":"https:\/\/ponteseditores.com.br\/loja3\/pontes-editores-home-2__trashed\/educacao\/teoria-da-atividade-socio-historico-cultural-e-a-escola-recriando-realidades-sociais\/","og_locale":"pt_BR","og_type":"article","og_title":"TEORIA DA ATIVIDADE S\u00d3CIO-HIST\u00d3RICO-CULTURAL E A ESCOLA: RECRIANDO REALIDADES SOCIAIS - Pontes Editores","og_description":"Este livro pretende contribuir para a constru\u00e7\u00e3o de um panorama sobre pesquisas realizadas no quadro da Teoria da Atividade S\u00f3cio-Hist\u00f3rico-Cultural para a constitui\u00e7\u00e3o de propostas de pesquisas transformadoras, que atuem para al\u00e9m da simples constata\u00e7\u00e3o e promovam possibilidades reais e concretas de repensar a educa\u00e7\u00e3o.","og_url":"https:\/\/ponteseditores.com.br\/loja3\/pontes-editores-home-2__trashed\/educacao\/teoria-da-atividade-socio-historico-cultural-e-a-escola-recriando-realidades-sociais\/","og_site_name":"Pontes Editores","article_modified_time":"2024-06-14T16:56:00+00:00","og_image":[{"width":201,"height":300,"url":"https:\/\/ponteseditores.com.br\/loja3\/wp-content\/uploads\/2023\/12\/imgG520-1.jpg","type":"image\/jpeg"}],"twitter_card":"summary_large_image","twitter_misc":{"Est. tempo de leitura":"1 minuto"},"schema":{"@context":"https:\/\/schema.org","@graph":[{"@type":"WebPage","@id":"https:\/\/ponteseditores.com.br\/loja3\/pontes-editores-home-2__trashed\/educacao\/teoria-da-atividade-socio-historico-cultural-e-a-escola-recriando-realidades-sociais\/","url":"https:\/\/ponteseditores.com.br\/loja3\/pontes-editores-home-2__trashed\/educacao\/teoria-da-atividade-socio-historico-cultural-e-a-escola-recriando-realidades-sociais\/","name":"TEORIA DA ATIVIDADE S\u00d3CIO-HIST\u00d3RICO-CULTURAL E A ESCOLA: RECRIANDO REALIDADES SOCIAIS - Pontes Editores","isPartOf":{"@id":"https:\/\/ponteseditores.com.br\/loja3\/#website"},"primaryImageOfPage":{"@id":"https:\/\/ponteseditores.com.br\/loja3\/pontes-editores-home-2__trashed\/educacao\/teoria-da-atividade-socio-historico-cultural-e-a-escola-recriando-realidades-sociais\/#primaryimage"},"image":{"@id":"https:\/\/ponteseditores.com.br\/loja3\/pontes-editores-home-2__trashed\/educacao\/teoria-da-atividade-socio-historico-cultural-e-a-escola-recriando-realidades-sociais\/#primaryimage"},"thumbnailUrl":"https:\/\/ponteseditores.com.br\/loja3\/wp-content\/uploads\/2023\/12\/imgG520-1.jpg","datePublished":"2023-12-16T03:30:41+00:00","dateModified":"2024-06-14T16:56:00+00:00","breadcrumb":{"@id":"https:\/\/ponteseditores.com.br\/loja3\/pontes-editores-home-2__trashed\/educacao\/teoria-da-atividade-socio-historico-cultural-e-a-escola-recriando-realidades-sociais\/#breadcrumb"},"inLanguage":"pt-BR","potentialAction":[{"@type":"ReadAction","target":["https:\/\/ponteseditores.com.br\/loja3\/pontes-editores-home-2__trashed\/educacao\/teoria-da-atividade-socio-historico-cultural-e-a-escola-recriando-realidades-sociais\/"]}]},{"@type":"ImageObject","inLanguage":"pt-BR","@id":"https:\/\/ponteseditores.com.br\/loja3\/pontes-editores-home-2__trashed\/educacao\/teoria-da-atividade-socio-historico-cultural-e-a-escola-recriando-realidades-sociais\/#primaryimage","url":"https:\/\/ponteseditores.com.br\/loja3\/wp-content\/uploads\/2023\/12\/imgG520-1.jpg","contentUrl":"https:\/\/ponteseditores.com.br\/loja3\/wp-content\/uploads\/2023\/12\/imgG520-1.jpg","width":201,"height":300},{"@type":"BreadcrumbList","@id":"https:\/\/ponteseditores.com.br\/loja3\/pontes-editores-home-2__trashed\/educacao\/teoria-da-atividade-socio-historico-cultural-e-a-escola-recriando-realidades-sociais\/#breadcrumb","itemListElement":[{"@type":"ListItem","position":1,"name":"Home","item":"https:\/\/ponteseditores.com.br\/loja3\/"},{"@type":"ListItem","position":2,"name":"loja","item":"https:\/\/ponteseditores.com.br\/loja3\/loja\/"},{"@type":"ListItem","position":3,"name":"TEORIA DA ATIVIDADE S\u00d3CIO-HIST\u00d3RICO-CULTURAL E A ESCOLA: RECRIANDO REALIDADES SOCIAIS"}]},{"@type":"WebSite","@id":"https:\/\/ponteseditores.com.br\/loja3\/#website","url":"https:\/\/ponteseditores.com.br\/loja3\/","name":"Pontes Editores","description":"Pontes Editores","publisher":{"@id":"https:\/\/ponteseditores.com.br\/loja3\/#organization"},"potentialAction":[{"@type":"SearchAction","target":{"@type":"EntryPoint","urlTemplate":"https:\/\/ponteseditores.com.br\/loja3\/?s={search_term_string}"},"query-input":{"@type":"PropertyValueSpecification","valueRequired":true,"valueName":"search_term_string"}}],"inLanguage":"pt-BR"},{"@type":"Organization","@id":"https:\/\/ponteseditores.com.br\/loja3\/#organization","name":"Pontes Editores","url":"https:\/\/ponteseditores.com.br\/loja3\/","logo":{"@type":"ImageObject","inLanguage":"pt-BR","@id":"https:\/\/ponteseditores.com.br\/loja3\/#\/schema\/logo\/image\/","url":"https:\/\/ponteseditores.com.br\/loja3\/wp-content\/uploads\/2023\/12\/logo-pontes-editores-v2.png","contentUrl":"https:\/\/ponteseditores.com.br\/loja3\/wp-content\/uploads\/2023\/12\/logo-pontes-editores-v2.png","width":258,"height":100,"caption":"Pontes Editores"},"image":{"@id":"https:\/\/ponteseditores.com.br\/loja3\/#\/schema\/logo\/image\/"}}]}},"_links":{"self":[{"href":"https:\/\/ponteseditores.com.br\/loja3\/wp-json\/wp\/v2\/product\/8402","targetHints":{"allow":["GET"]}}],"collection":[{"href":"https:\/\/ponteseditores.com.br\/loja3\/wp-json\/wp\/v2\/product"}],"about":[{"href":"https:\/\/ponteseditores.com.br\/loja3\/wp-json\/wp\/v2\/types\/product"}],"replies":[{"embeddable":true,"href":"https:\/\/ponteseditores.com.br\/loja3\/wp-json\/wp\/v2\/comments?post=8402"}],"version-history":[{"count":0,"href":"https:\/\/ponteseditores.com.br\/loja3\/wp-json\/wp\/v2\/product\/8402\/revisions"}],"wp:featuredmedia":[{"embeddable":true,"href":"https:\/\/ponteseditores.com.br\/loja3\/wp-json\/wp\/v2\/media\/8401"}],"wp:attachment":[{"href":"https:\/\/ponteseditores.com.br\/loja3\/wp-json\/wp\/v2\/media?parent=8402"}],"wp:term":[{"taxonomy":"product_brand","embeddable":true,"href":"https:\/\/ponteseditores.com.br\/loja3\/wp-json\/wp\/v2\/product_brand?post=8402"},{"taxonomy":"product_cat","embeddable":true,"href":"https:\/\/ponteseditores.com.br\/loja3\/wp-json\/wp\/v2\/product_cat?post=8402"},{"taxonomy":"product_tag","embeddable":true,"href":"https:\/\/ponteseditores.com.br\/loja3\/wp-json\/wp\/v2\/product_tag?post=8402"}],"curies":[{"name":"wp","href":"https:\/\/api.w.org\/{rel}","templated":true}]}}