{"id":8392,"date":"2023-12-16T00:30:39","date_gmt":"2023-12-16T03:30:39","guid":{"rendered":"https:\/\/ponteseditores.com.br\/loja3\/pontes-editores-home-2__trashed\/sem%20categoria\/analise-da-personalidade-pelos-pes-sementes-e-ideias\/"},"modified":"2024-01-08T17:55:24","modified_gmt":"2024-01-08T20:55:24","slug":"analise-da-personalidade-pelos-pes-sementes-e-ideias","status":"publish","type":"product","link":"https:\/\/ponteseditores.com.br\/loja3\/pontes-editores-home-2__trashed\/uncategorized\/analise-da-personalidade-pelos-pes-sementes-e-ideias\/","title":{"rendered":"AN\u00c1LISE DA PERSONALIDADE PELOS P\u00c9S. Sementes e Ideias"},"content":{"rendered":"<p>O leitor igualmente interessado em expandir seus conhecimentos, o estudioso, ou apenas o curioso, encontrar\u00e1 material suficiente para ajud\u00e1-lo a alcan\u00e7ar seus objetivos. Mas, indubitavelmente, mais do que isso! Encontrar\u00e1 uma nova e importante ferramenta de aux\u00edlio no processo de entendimento pr\u00f3prio, da forma como respondemos ao mundo nos diversos momentos e situa\u00e7\u00f5es da nossa vida e, porque n\u00e3o dizer, inspirar \u00e0queles que possam se sentir interessados, em fazer uso da t\u00e9cnica de uma forma mais profissional, adicionando mais esse conhecimento aos processos terap\u00eauticos atualmente em uso, com o objetivo de ampliar a compreens\u00e3o e validar respostas obtidas atrav\u00e9s de outros procedimentos, direcionando seus pacientes a um tratamento mais adequado.<\/p>\n","protected":false},"excerpt":{"rendered":"<p>O leitor igualmente interessado em expandir seus conhecimentos, o estudioso, ou apenas o curioso, encontrar\u00e1 material suficiente para ajud\u00e1-lo a alcan\u00e7ar seus objetivos. Mas, indubitavelmente, mais do que isso! Encontrar\u00e1 uma nova e importante ferramenta de aux\u00edlio no processo de entendimento pr\u00f3prio, da forma como respondemos ao mundo nos diversos momentos e situa\u00e7\u00f5es da nossa [&hellip;]<\/p>\n","protected":false},"featured_media":8391,"comment_status":"open","ping_status":"closed","template":"","meta":{"_joinchat":[]},"product_brand":[],"product_cat":[15],"product_tag":[],"class_list":{"0":"post-8392","1":"product","2":"type-product","3":"status-publish","4":"has-post-thumbnail","6":"product_cat-uncategorized","8":"first","9":"outofstock","10":"shipping-taxable","11":"purchasable","12":"product-type-simple"},"yoast_head":"<!-- This site is optimized with the Yoast SEO plugin v27.4 - https:\/\/yoast.com\/product\/yoast-seo-wordpress\/ -->\n<title>AN\u00c1LISE DA PERSONALIDADE PELOS P\u00c9S. Sementes e Ideias - Pontes Editores<\/title>\n<meta name=\"robots\" content=\"index, follow, max-snippet:-1, max-image-preview:large, max-video-preview:-1\" \/>\n<link rel=\"canonical\" href=\"https:\/\/ponteseditores.com.br\/loja3\/pontes-editores-home-2__trashed\/uncategorized\/analise-da-personalidade-pelos-pes-sementes-e-ideias\/\" \/>\n<meta property=\"og:locale\" content=\"pt_BR\" \/>\n<meta property=\"og:type\" content=\"article\" \/>\n<meta property=\"og:title\" content=\"AN\u00c1LISE DA PERSONALIDADE PELOS P\u00c9S. Sementes e Ideias - Pontes Editores\" \/>\n<meta property=\"og:description\" content=\"O leitor igualmente interessado em expandir seus conhecimentos, o estudioso, ou apenas o curioso, encontrar\u00e1 material suficiente para ajud\u00e1-lo a alcan\u00e7ar seus objetivos. Mas, indubitavelmente, mais do que isso! Encontrar\u00e1 uma nova e importante ferramenta de aux\u00edlio no processo de entendimento pr\u00f3prio, da forma como respondemos ao mundo nos diversos momentos e situa\u00e7\u00f5es da nossa [&hellip;]\" \/>\n<meta property=\"og:url\" content=\"https:\/\/ponteseditores.com.br\/loja3\/pontes-editores-home-2__trashed\/uncategorized\/analise-da-personalidade-pelos-pes-sementes-e-ideias\/\" \/>\n<meta property=\"og:site_name\" content=\"Pontes Editores\" \/>\n<meta property=\"article:modified_time\" content=\"2024-01-08T20:55:24+00:00\" \/>\n<meta property=\"og:image\" content=\"https:\/\/ponteseditores.com.br\/loja3\/wp-content\/uploads\/2023\/12\/imgG513-1.jpg\" \/>\n\t<meta property=\"og:image:width\" content=\"225\" \/>\n\t<meta property=\"og:image:height\" content=\"300\" \/>\n\t<meta property=\"og:image:type\" content=\"image\/jpeg\" \/>\n<meta name=\"twitter:card\" content=\"summary_large_image\" \/>\n<meta name=\"twitter:label1\" content=\"Est. tempo de leitura\" \/>\n\t<meta name=\"twitter:data1\" content=\"1 minuto\" \/>\n<script type=\"application\/ld+json\" class=\"yoast-schema-graph\">{\"@context\":\"https:\\\/\\\/schema.org\",\"@graph\":[{\"@type\":\"WebPage\",\"@id\":\"https:\\\/\\\/ponteseditores.com.br\\\/loja3\\\/pontes-editores-home-2__trashed\\\/uncategorized\\\/analise-da-personalidade-pelos-pes-sementes-e-ideias\\\/\",\"url\":\"https:\\\/\\\/ponteseditores.com.br\\\/loja3\\\/pontes-editores-home-2__trashed\\\/uncategorized\\\/analise-da-personalidade-pelos-pes-sementes-e-ideias\\\/\",\"name\":\"AN\u00c1LISE DA PERSONALIDADE PELOS P\u00c9S. Sementes e Ideias - Pontes Editores\",\"isPartOf\":{\"@id\":\"https:\\\/\\\/ponteseditores.com.br\\\/loja3\\\/#website\"},\"primaryImageOfPage\":{\"@id\":\"https:\\\/\\\/ponteseditores.com.br\\\/loja3\\\/pontes-editores-home-2__trashed\\\/uncategorized\\\/analise-da-personalidade-pelos-pes-sementes-e-ideias\\\/#primaryimage\"},\"image\":{\"@id\":\"https:\\\/\\\/ponteseditores.com.br\\\/loja3\\\/pontes-editores-home-2__trashed\\\/uncategorized\\\/analise-da-personalidade-pelos-pes-sementes-e-ideias\\\/#primaryimage\"},\"thumbnailUrl\":\"https:\\\/\\\/ponteseditores.com.br\\\/loja3\\\/wp-content\\\/uploads\\\/2023\\\/12\\\/imgG513-1.jpg\",\"datePublished\":\"2023-12-16T03:30:39+00:00\",\"dateModified\":\"2024-01-08T20:55:24+00:00\",\"breadcrumb\":{\"@id\":\"https:\\\/\\\/ponteseditores.com.br\\\/loja3\\\/pontes-editores-home-2__trashed\\\/uncategorized\\\/analise-da-personalidade-pelos-pes-sementes-e-ideias\\\/#breadcrumb\"},\"inLanguage\":\"pt-BR\",\"potentialAction\":[{\"@type\":\"ReadAction\",\"target\":[\"https:\\\/\\\/ponteseditores.com.br\\\/loja3\\\/pontes-editores-home-2__trashed\\\/uncategorized\\\/analise-da-personalidade-pelos-pes-sementes-e-ideias\\\/\"]}]},{\"@type\":\"ImageObject\",\"inLanguage\":\"pt-BR\",\"@id\":\"https:\\\/\\\/ponteseditores.com.br\\\/loja3\\\/pontes-editores-home-2__trashed\\\/uncategorized\\\/analise-da-personalidade-pelos-pes-sementes-e-ideias\\\/#primaryimage\",\"url\":\"https:\\\/\\\/ponteseditores.com.br\\\/loja3\\\/wp-content\\\/uploads\\\/2023\\\/12\\\/imgG513-1.jpg\",\"contentUrl\":\"https:\\\/\\\/ponteseditores.com.br\\\/loja3\\\/wp-content\\\/uploads\\\/2023\\\/12\\\/imgG513-1.jpg\",\"width\":225,\"height\":300},{\"@type\":\"BreadcrumbList\",\"@id\":\"https:\\\/\\\/ponteseditores.com.br\\\/loja3\\\/pontes-editores-home-2__trashed\\\/uncategorized\\\/analise-da-personalidade-pelos-pes-sementes-e-ideias\\\/#breadcrumb\",\"itemListElement\":[{\"@type\":\"ListItem\",\"position\":1,\"name\":\"Home\",\"item\":\"https:\\\/\\\/ponteseditores.com.br\\\/loja3\\\/\"},{\"@type\":\"ListItem\",\"position\":2,\"name\":\"loja\",\"item\":\"https:\\\/\\\/ponteseditores.com.br\\\/loja3\\\/loja\\\/\"},{\"@type\":\"ListItem\",\"position\":3,\"name\":\"AN\u00c1LISE DA PERSONALIDADE PELOS P\u00c9S. Sementes e Ideias\"}]},{\"@type\":\"WebSite\",\"@id\":\"https:\\\/\\\/ponteseditores.com.br\\\/loja3\\\/#website\",\"url\":\"https:\\\/\\\/ponteseditores.com.br\\\/loja3\\\/\",\"name\":\"Pontes Editores\",\"description\":\"Pontes Editores\",\"publisher\":{\"@id\":\"https:\\\/\\\/ponteseditores.com.br\\\/loja3\\\/#organization\"},\"potentialAction\":[{\"@type\":\"SearchAction\",\"target\":{\"@type\":\"EntryPoint\",\"urlTemplate\":\"https:\\\/\\\/ponteseditores.com.br\\\/loja3\\\/?s={search_term_string}\"},\"query-input\":{\"@type\":\"PropertyValueSpecification\",\"valueRequired\":true,\"valueName\":\"search_term_string\"}}],\"inLanguage\":\"pt-BR\"},{\"@type\":\"Organization\",\"@id\":\"https:\\\/\\\/ponteseditores.com.br\\\/loja3\\\/#organization\",\"name\":\"Pontes Editores\",\"url\":\"https:\\\/\\\/ponteseditores.com.br\\\/loja3\\\/\",\"logo\":{\"@type\":\"ImageObject\",\"inLanguage\":\"pt-BR\",\"@id\":\"https:\\\/\\\/ponteseditores.com.br\\\/loja3\\\/#\\\/schema\\\/logo\\\/image\\\/\",\"url\":\"https:\\\/\\\/ponteseditores.com.br\\\/loja3\\\/wp-content\\\/uploads\\\/2023\\\/12\\\/logo-pontes-editores-v2.png\",\"contentUrl\":\"https:\\\/\\\/ponteseditores.com.br\\\/loja3\\\/wp-content\\\/uploads\\\/2023\\\/12\\\/logo-pontes-editores-v2.png\",\"width\":258,\"height\":100,\"caption\":\"Pontes Editores\"},\"image\":{\"@id\":\"https:\\\/\\\/ponteseditores.com.br\\\/loja3\\\/#\\\/schema\\\/logo\\\/image\\\/\"}}]}<\/script>\n<!-- \/ Yoast SEO plugin. -->","yoast_head_json":{"title":"AN\u00c1LISE DA PERSONALIDADE PELOS P\u00c9S. Sementes e Ideias - Pontes Editores","robots":{"index":"index","follow":"follow","max-snippet":"max-snippet:-1","max-image-preview":"max-image-preview:large","max-video-preview":"max-video-preview:-1"},"canonical":"https:\/\/ponteseditores.com.br\/loja3\/pontes-editores-home-2__trashed\/uncategorized\/analise-da-personalidade-pelos-pes-sementes-e-ideias\/","og_locale":"pt_BR","og_type":"article","og_title":"AN\u00c1LISE DA PERSONALIDADE PELOS P\u00c9S. Sementes e Ideias - Pontes Editores","og_description":"O leitor igualmente interessado em expandir seus conhecimentos, o estudioso, ou apenas o curioso, encontrar\u00e1 material suficiente para ajud\u00e1-lo a alcan\u00e7ar seus objetivos. Mas, indubitavelmente, mais do que isso! Encontrar\u00e1 uma nova e importante ferramenta de aux\u00edlio no processo de entendimento pr\u00f3prio, da forma como respondemos ao mundo nos diversos momentos e situa\u00e7\u00f5es da nossa [&hellip;]","og_url":"https:\/\/ponteseditores.com.br\/loja3\/pontes-editores-home-2__trashed\/uncategorized\/analise-da-personalidade-pelos-pes-sementes-e-ideias\/","og_site_name":"Pontes Editores","article_modified_time":"2024-01-08T20:55:24+00:00","og_image":[{"width":225,"height":300,"url":"https:\/\/ponteseditores.com.br\/loja3\/wp-content\/uploads\/2023\/12\/imgG513-1.jpg","type":"image\/jpeg"}],"twitter_card":"summary_large_image","twitter_misc":{"Est. tempo de leitura":"1 minuto"},"schema":{"@context":"https:\/\/schema.org","@graph":[{"@type":"WebPage","@id":"https:\/\/ponteseditores.com.br\/loja3\/pontes-editores-home-2__trashed\/uncategorized\/analise-da-personalidade-pelos-pes-sementes-e-ideias\/","url":"https:\/\/ponteseditores.com.br\/loja3\/pontes-editores-home-2__trashed\/uncategorized\/analise-da-personalidade-pelos-pes-sementes-e-ideias\/","name":"AN\u00c1LISE DA PERSONALIDADE PELOS P\u00c9S. Sementes e Ideias - Pontes Editores","isPartOf":{"@id":"https:\/\/ponteseditores.com.br\/loja3\/#website"},"primaryImageOfPage":{"@id":"https:\/\/ponteseditores.com.br\/loja3\/pontes-editores-home-2__trashed\/uncategorized\/analise-da-personalidade-pelos-pes-sementes-e-ideias\/#primaryimage"},"image":{"@id":"https:\/\/ponteseditores.com.br\/loja3\/pontes-editores-home-2__trashed\/uncategorized\/analise-da-personalidade-pelos-pes-sementes-e-ideias\/#primaryimage"},"thumbnailUrl":"https:\/\/ponteseditores.com.br\/loja3\/wp-content\/uploads\/2023\/12\/imgG513-1.jpg","datePublished":"2023-12-16T03:30:39+00:00","dateModified":"2024-01-08T20:55:24+00:00","breadcrumb":{"@id":"https:\/\/ponteseditores.com.br\/loja3\/pontes-editores-home-2__trashed\/uncategorized\/analise-da-personalidade-pelos-pes-sementes-e-ideias\/#breadcrumb"},"inLanguage":"pt-BR","potentialAction":[{"@type":"ReadAction","target":["https:\/\/ponteseditores.com.br\/loja3\/pontes-editores-home-2__trashed\/uncategorized\/analise-da-personalidade-pelos-pes-sementes-e-ideias\/"]}]},{"@type":"ImageObject","inLanguage":"pt-BR","@id":"https:\/\/ponteseditores.com.br\/loja3\/pontes-editores-home-2__trashed\/uncategorized\/analise-da-personalidade-pelos-pes-sementes-e-ideias\/#primaryimage","url":"https:\/\/ponteseditores.com.br\/loja3\/wp-content\/uploads\/2023\/12\/imgG513-1.jpg","contentUrl":"https:\/\/ponteseditores.com.br\/loja3\/wp-content\/uploads\/2023\/12\/imgG513-1.jpg","width":225,"height":300},{"@type":"BreadcrumbList","@id":"https:\/\/ponteseditores.com.br\/loja3\/pontes-editores-home-2__trashed\/uncategorized\/analise-da-personalidade-pelos-pes-sementes-e-ideias\/#breadcrumb","itemListElement":[{"@type":"ListItem","position":1,"name":"Home","item":"https:\/\/ponteseditores.com.br\/loja3\/"},{"@type":"ListItem","position":2,"name":"loja","item":"https:\/\/ponteseditores.com.br\/loja3\/loja\/"},{"@type":"ListItem","position":3,"name":"AN\u00c1LISE DA PERSONALIDADE PELOS P\u00c9S. Sementes e Ideias"}]},{"@type":"WebSite","@id":"https:\/\/ponteseditores.com.br\/loja3\/#website","url":"https:\/\/ponteseditores.com.br\/loja3\/","name":"Pontes Editores","description":"Pontes Editores","publisher":{"@id":"https:\/\/ponteseditores.com.br\/loja3\/#organization"},"potentialAction":[{"@type":"SearchAction","target":{"@type":"EntryPoint","urlTemplate":"https:\/\/ponteseditores.com.br\/loja3\/?s={search_term_string}"},"query-input":{"@type":"PropertyValueSpecification","valueRequired":true,"valueName":"search_term_string"}}],"inLanguage":"pt-BR"},{"@type":"Organization","@id":"https:\/\/ponteseditores.com.br\/loja3\/#organization","name":"Pontes Editores","url":"https:\/\/ponteseditores.com.br\/loja3\/","logo":{"@type":"ImageObject","inLanguage":"pt-BR","@id":"https:\/\/ponteseditores.com.br\/loja3\/#\/schema\/logo\/image\/","url":"https:\/\/ponteseditores.com.br\/loja3\/wp-content\/uploads\/2023\/12\/logo-pontes-editores-v2.png","contentUrl":"https:\/\/ponteseditores.com.br\/loja3\/wp-content\/uploads\/2023\/12\/logo-pontes-editores-v2.png","width":258,"height":100,"caption":"Pontes Editores"},"image":{"@id":"https:\/\/ponteseditores.com.br\/loja3\/#\/schema\/logo\/image\/"}}]}},"_links":{"self":[{"href":"https:\/\/ponteseditores.com.br\/loja3\/wp-json\/wp\/v2\/product\/8392","targetHints":{"allow":["GET"]}}],"collection":[{"href":"https:\/\/ponteseditores.com.br\/loja3\/wp-json\/wp\/v2\/product"}],"about":[{"href":"https:\/\/ponteseditores.com.br\/loja3\/wp-json\/wp\/v2\/types\/product"}],"replies":[{"embeddable":true,"href":"https:\/\/ponteseditores.com.br\/loja3\/wp-json\/wp\/v2\/comments?post=8392"}],"version-history":[{"count":1,"href":"https:\/\/ponteseditores.com.br\/loja3\/wp-json\/wp\/v2\/product\/8392\/revisions"}],"predecessor-version":[{"id":9476,"href":"https:\/\/ponteseditores.com.br\/loja3\/wp-json\/wp\/v2\/product\/8392\/revisions\/9476"}],"wp:featuredmedia":[{"embeddable":true,"href":"https:\/\/ponteseditores.com.br\/loja3\/wp-json\/wp\/v2\/media\/8391"}],"wp:attachment":[{"href":"https:\/\/ponteseditores.com.br\/loja3\/wp-json\/wp\/v2\/media?parent=8392"}],"wp:term":[{"taxonomy":"product_brand","embeddable":true,"href":"https:\/\/ponteseditores.com.br\/loja3\/wp-json\/wp\/v2\/product_brand?post=8392"},{"taxonomy":"product_cat","embeddable":true,"href":"https:\/\/ponteseditores.com.br\/loja3\/wp-json\/wp\/v2\/product_cat?post=8392"},{"taxonomy":"product_tag","embeddable":true,"href":"https:\/\/ponteseditores.com.br\/loja3\/wp-json\/wp\/v2\/product_tag?post=8392"}],"curies":[{"name":"wp","href":"https:\/\/api.w.org\/{rel}","templated":true}]}}