{"id":8382,"date":"2023-12-16T00:30:36","date_gmt":"2023-12-16T03:30:36","guid":{"rendered":"https:\/\/ponteseditores.com.br\/loja3\/pontes-editores-home-2__trashed\/sem categoria\/identidades-sociais-de-raca-etnia-genero-e-sexualidade-praticas-pedagogicas-em-sala-de-aula-de-linguas-e-formacao-de-professores\/"},"modified":"2024-04-08T16:37:05","modified_gmt":"2024-04-08T19:37:05","slug":"identidades-sociais-de-raca-etnia-genero-e-sexualidade-praticas-pedagogicas-em-sala-de-aula-de-linguas-e-formacao-de-professores","status":"publish","type":"product","link":"https:\/\/ponteseditores.com.br\/loja3\/pontes-editores-home-2__trashed\/uncategorized\/identidades-sociais-de-raca-etnia-genero-e-sexualidade-praticas-pedagogicas-em-sala-de-aula-de-linguas-e-formacao-de-professores\/","title":{"rendered":"IDENTIDADES SOCIAIS DE RA\u00c7A, ETNIA, G\u00caNERO E SEXUALIDADE &#8211; Pr\u00e1ticas Pedag\u00f3gicas em sala de aula de L\u00ednguas e Forma\u00e7\u00e3o de Professores"},"content":{"rendered":"<p>\u00c9 necess\u00e1rio formar professores ensinando-os a entender que linguagem \u00e9 pr\u00e1tica social. \u00c9 lugar de fazer e desfazer a vida na intera\u00e7\u00e3o cotidiana e que, portanto, pensar somente a l\u00edngua com base em sua estrutura interna ou como espa\u00e7o de comunica\u00e7\u00e3o esvaziado de relev\u00e2ncia social \u00e9 um desperd\u00edcio educacional e pol\u00edtico em tempos em que o g\u00eanero, a sexualidade, a ra\u00e7a e a etnia s\u00e3o continuamente politizados, discutidos e desnaturalizados. Um livro, como este, que focaliza essas quest\u00f5es na escola \u00e9, portanto, um volume auspicioso. &#8211; (Prof. Dr. Luiz Paulo da Moita Lopes &#8211; UFRJ)<\/p>\n","protected":false},"excerpt":{"rendered":"<p>\u00c9 necess\u00e1rio formar professores ensinando-os a entender que linguagem \u00e9 pr\u00e1tica social. \u00c9 lugar de fazer e desfazer a vida na intera\u00e7\u00e3o cotidiana e que, portanto, pensar somente a l\u00edngua com base em sua estrutura interna ou como espa\u00e7o de comunica\u00e7\u00e3o esvaziado de relev\u00e2ncia social \u00e9 um desperd\u00edcio educacional e pol\u00edtico em tempos em que [&hellip;]<\/p>\n","protected":false},"featured_media":8381,"comment_status":"open","ping_status":"closed","template":"","meta":{"_joinchat":[]},"product_brand":[],"product_cat":[15],"product_tag":[],"class_list":{"0":"post-8382","1":"product","2":"type-product","3":"status-publish","4":"has-post-thumbnail","6":"product_cat-uncategorized","8":"first","9":"instock","10":"shipping-taxable","11":"purchasable","12":"product-type-simple"},"yoast_head":"<!-- This site is optimized with the Yoast SEO plugin v27.4 - https:\/\/yoast.com\/product\/yoast-seo-wordpress\/ -->\n<title>IDENTIDADES SOCIAIS DE RA\u00c7A, ETNIA, G\u00caNERO E SEXUALIDADE - Pr\u00e1ticas Pedag\u00f3gicas em sala de aula de L\u00ednguas e Forma\u00e7\u00e3o de Professores - Pontes Editores<\/title>\n<meta name=\"robots\" content=\"index, follow, max-snippet:-1, max-image-preview:large, max-video-preview:-1\" \/>\n<link rel=\"canonical\" href=\"https:\/\/ponteseditores.com.br\/loja3\/pontes-editores-home-2__trashed\/uncategorized\/identidades-sociais-de-raca-etnia-genero-e-sexualidade-praticas-pedagogicas-em-sala-de-aula-de-linguas-e-formacao-de-professores\/\" \/>\n<meta property=\"og:locale\" content=\"pt_BR\" \/>\n<meta property=\"og:type\" content=\"article\" \/>\n<meta property=\"og:title\" content=\"IDENTIDADES SOCIAIS DE RA\u00c7A, ETNIA, G\u00caNERO E SEXUALIDADE - Pr\u00e1ticas Pedag\u00f3gicas em sala de aula de L\u00ednguas e Forma\u00e7\u00e3o de Professores - Pontes Editores\" \/>\n<meta property=\"og:description\" content=\"\u00c9 necess\u00e1rio formar professores ensinando-os a entender que linguagem \u00e9 pr\u00e1tica social. \u00c9 lugar de fazer e desfazer a vida na intera\u00e7\u00e3o cotidiana e que, portanto, pensar somente a l\u00edngua com base em sua estrutura interna ou como espa\u00e7o de comunica\u00e7\u00e3o esvaziado de relev\u00e2ncia social \u00e9 um desperd\u00edcio educacional e pol\u00edtico em tempos em que [&hellip;]\" \/>\n<meta property=\"og:url\" content=\"https:\/\/ponteseditores.com.br\/loja3\/pontes-editores-home-2__trashed\/uncategorized\/identidades-sociais-de-raca-etnia-genero-e-sexualidade-praticas-pedagogicas-em-sala-de-aula-de-linguas-e-formacao-de-professores\/\" \/>\n<meta property=\"og:site_name\" content=\"Pontes Editores\" \/>\n<meta property=\"article:modified_time\" content=\"2024-04-08T19:37:05+00:00\" \/>\n<meta property=\"og:image\" content=\"https:\/\/ponteseditores.com.br\/loja3\/wp-content\/uploads\/2023\/12\/imgG495-1.jpg\" \/>\n\t<meta property=\"og:image:width\" content=\"192\" \/>\n\t<meta property=\"og:image:height\" content=\"300\" \/>\n\t<meta property=\"og:image:type\" content=\"image\/jpeg\" \/>\n<meta name=\"twitter:card\" content=\"summary_large_image\" \/>\n<meta name=\"twitter:label1\" content=\"Est. tempo de leitura\" \/>\n\t<meta name=\"twitter:data1\" content=\"1 minuto\" \/>\n<script type=\"application\/ld+json\" class=\"yoast-schema-graph\">{\"@context\":\"https:\\\/\\\/schema.org\",\"@graph\":[{\"@type\":\"WebPage\",\"@id\":\"https:\\\/\\\/ponteseditores.com.br\\\/loja3\\\/pontes-editores-home-2__trashed\\\/uncategorized\\\/identidades-sociais-de-raca-etnia-genero-e-sexualidade-praticas-pedagogicas-em-sala-de-aula-de-linguas-e-formacao-de-professores\\\/\",\"url\":\"https:\\\/\\\/ponteseditores.com.br\\\/loja3\\\/pontes-editores-home-2__trashed\\\/uncategorized\\\/identidades-sociais-de-raca-etnia-genero-e-sexualidade-praticas-pedagogicas-em-sala-de-aula-de-linguas-e-formacao-de-professores\\\/\",\"name\":\"IDENTIDADES SOCIAIS DE RA\u00c7A, ETNIA, G\u00caNERO E SEXUALIDADE - Pr\u00e1ticas Pedag\u00f3gicas em sala de aula de L\u00ednguas e Forma\u00e7\u00e3o de Professores - Pontes Editores\",\"isPartOf\":{\"@id\":\"https:\\\/\\\/ponteseditores.com.br\\\/loja3\\\/#website\"},\"primaryImageOfPage\":{\"@id\":\"https:\\\/\\\/ponteseditores.com.br\\\/loja3\\\/pontes-editores-home-2__trashed\\\/uncategorized\\\/identidades-sociais-de-raca-etnia-genero-e-sexualidade-praticas-pedagogicas-em-sala-de-aula-de-linguas-e-formacao-de-professores\\\/#primaryimage\"},\"image\":{\"@id\":\"https:\\\/\\\/ponteseditores.com.br\\\/loja3\\\/pontes-editores-home-2__trashed\\\/uncategorized\\\/identidades-sociais-de-raca-etnia-genero-e-sexualidade-praticas-pedagogicas-em-sala-de-aula-de-linguas-e-formacao-de-professores\\\/#primaryimage\"},\"thumbnailUrl\":\"https:\\\/\\\/ponteseditores.com.br\\\/loja3\\\/wp-content\\\/uploads\\\/2023\\\/12\\\/imgG495-1.jpg\",\"datePublished\":\"2023-12-16T03:30:36+00:00\",\"dateModified\":\"2024-04-08T19:37:05+00:00\",\"breadcrumb\":{\"@id\":\"https:\\\/\\\/ponteseditores.com.br\\\/loja3\\\/pontes-editores-home-2__trashed\\\/uncategorized\\\/identidades-sociais-de-raca-etnia-genero-e-sexualidade-praticas-pedagogicas-em-sala-de-aula-de-linguas-e-formacao-de-professores\\\/#breadcrumb\"},\"inLanguage\":\"pt-BR\",\"potentialAction\":[{\"@type\":\"ReadAction\",\"target\":[\"https:\\\/\\\/ponteseditores.com.br\\\/loja3\\\/pontes-editores-home-2__trashed\\\/uncategorized\\\/identidades-sociais-de-raca-etnia-genero-e-sexualidade-praticas-pedagogicas-em-sala-de-aula-de-linguas-e-formacao-de-professores\\\/\"]}]},{\"@type\":\"ImageObject\",\"inLanguage\":\"pt-BR\",\"@id\":\"https:\\\/\\\/ponteseditores.com.br\\\/loja3\\\/pontes-editores-home-2__trashed\\\/uncategorized\\\/identidades-sociais-de-raca-etnia-genero-e-sexualidade-praticas-pedagogicas-em-sala-de-aula-de-linguas-e-formacao-de-professores\\\/#primaryimage\",\"url\":\"https:\\\/\\\/ponteseditores.com.br\\\/loja3\\\/wp-content\\\/uploads\\\/2023\\\/12\\\/imgG495-1.jpg\",\"contentUrl\":\"https:\\\/\\\/ponteseditores.com.br\\\/loja3\\\/wp-content\\\/uploads\\\/2023\\\/12\\\/imgG495-1.jpg\",\"width\":192,\"height\":300},{\"@type\":\"BreadcrumbList\",\"@id\":\"https:\\\/\\\/ponteseditores.com.br\\\/loja3\\\/pontes-editores-home-2__trashed\\\/uncategorized\\\/identidades-sociais-de-raca-etnia-genero-e-sexualidade-praticas-pedagogicas-em-sala-de-aula-de-linguas-e-formacao-de-professores\\\/#breadcrumb\",\"itemListElement\":[{\"@type\":\"ListItem\",\"position\":1,\"name\":\"Home\",\"item\":\"https:\\\/\\\/ponteseditores.com.br\\\/loja3\\\/\"},{\"@type\":\"ListItem\",\"position\":2,\"name\":\"loja\",\"item\":\"https:\\\/\\\/ponteseditores.com.br\\\/loja3\\\/loja\\\/\"},{\"@type\":\"ListItem\",\"position\":3,\"name\":\"IDENTIDADES SOCIAIS DE RA\u00c7A, ETNIA, G\u00caNERO E SEXUALIDADE &#8211; Pr\u00e1ticas Pedag\u00f3gicas em sala de aula de L\u00ednguas e Forma\u00e7\u00e3o de Professores\"}]},{\"@type\":\"WebSite\",\"@id\":\"https:\\\/\\\/ponteseditores.com.br\\\/loja3\\\/#website\",\"url\":\"https:\\\/\\\/ponteseditores.com.br\\\/loja3\\\/\",\"name\":\"Pontes Editores\",\"description\":\"Pontes Editores\",\"publisher\":{\"@id\":\"https:\\\/\\\/ponteseditores.com.br\\\/loja3\\\/#organization\"},\"potentialAction\":[{\"@type\":\"SearchAction\",\"target\":{\"@type\":\"EntryPoint\",\"urlTemplate\":\"https:\\\/\\\/ponteseditores.com.br\\\/loja3\\\/?s={search_term_string}\"},\"query-input\":{\"@type\":\"PropertyValueSpecification\",\"valueRequired\":true,\"valueName\":\"search_term_string\"}}],\"inLanguage\":\"pt-BR\"},{\"@type\":\"Organization\",\"@id\":\"https:\\\/\\\/ponteseditores.com.br\\\/loja3\\\/#organization\",\"name\":\"Pontes Editores\",\"url\":\"https:\\\/\\\/ponteseditores.com.br\\\/loja3\\\/\",\"logo\":{\"@type\":\"ImageObject\",\"inLanguage\":\"pt-BR\",\"@id\":\"https:\\\/\\\/ponteseditores.com.br\\\/loja3\\\/#\\\/schema\\\/logo\\\/image\\\/\",\"url\":\"https:\\\/\\\/ponteseditores.com.br\\\/loja3\\\/wp-content\\\/uploads\\\/2023\\\/12\\\/logo-pontes-editores-v2.png\",\"contentUrl\":\"https:\\\/\\\/ponteseditores.com.br\\\/loja3\\\/wp-content\\\/uploads\\\/2023\\\/12\\\/logo-pontes-editores-v2.png\",\"width\":258,\"height\":100,\"caption\":\"Pontes Editores\"},\"image\":{\"@id\":\"https:\\\/\\\/ponteseditores.com.br\\\/loja3\\\/#\\\/schema\\\/logo\\\/image\\\/\"}}]}<\/script>\n<!-- \/ Yoast SEO plugin. -->","yoast_head_json":{"title":"IDENTIDADES SOCIAIS DE RA\u00c7A, ETNIA, G\u00caNERO E SEXUALIDADE - Pr\u00e1ticas Pedag\u00f3gicas em sala de aula de L\u00ednguas e Forma\u00e7\u00e3o de Professores - Pontes Editores","robots":{"index":"index","follow":"follow","max-snippet":"max-snippet:-1","max-image-preview":"max-image-preview:large","max-video-preview":"max-video-preview:-1"},"canonical":"https:\/\/ponteseditores.com.br\/loja3\/pontes-editores-home-2__trashed\/uncategorized\/identidades-sociais-de-raca-etnia-genero-e-sexualidade-praticas-pedagogicas-em-sala-de-aula-de-linguas-e-formacao-de-professores\/","og_locale":"pt_BR","og_type":"article","og_title":"IDENTIDADES SOCIAIS DE RA\u00c7A, ETNIA, G\u00caNERO E SEXUALIDADE - Pr\u00e1ticas Pedag\u00f3gicas em sala de aula de L\u00ednguas e Forma\u00e7\u00e3o de Professores - Pontes Editores","og_description":"\u00c9 necess\u00e1rio formar professores ensinando-os a entender que linguagem \u00e9 pr\u00e1tica social. \u00c9 lugar de fazer e desfazer a vida na intera\u00e7\u00e3o cotidiana e que, portanto, pensar somente a l\u00edngua com base em sua estrutura interna ou como espa\u00e7o de comunica\u00e7\u00e3o esvaziado de relev\u00e2ncia social \u00e9 um desperd\u00edcio educacional e pol\u00edtico em tempos em que [&hellip;]","og_url":"https:\/\/ponteseditores.com.br\/loja3\/pontes-editores-home-2__trashed\/uncategorized\/identidades-sociais-de-raca-etnia-genero-e-sexualidade-praticas-pedagogicas-em-sala-de-aula-de-linguas-e-formacao-de-professores\/","og_site_name":"Pontes Editores","article_modified_time":"2024-04-08T19:37:05+00:00","og_image":[{"width":192,"height":300,"url":"https:\/\/ponteseditores.com.br\/loja3\/wp-content\/uploads\/2023\/12\/imgG495-1.jpg","type":"image\/jpeg"}],"twitter_card":"summary_large_image","twitter_misc":{"Est. tempo de leitura":"1 minuto"},"schema":{"@context":"https:\/\/schema.org","@graph":[{"@type":"WebPage","@id":"https:\/\/ponteseditores.com.br\/loja3\/pontes-editores-home-2__trashed\/uncategorized\/identidades-sociais-de-raca-etnia-genero-e-sexualidade-praticas-pedagogicas-em-sala-de-aula-de-linguas-e-formacao-de-professores\/","url":"https:\/\/ponteseditores.com.br\/loja3\/pontes-editores-home-2__trashed\/uncategorized\/identidades-sociais-de-raca-etnia-genero-e-sexualidade-praticas-pedagogicas-em-sala-de-aula-de-linguas-e-formacao-de-professores\/","name":"IDENTIDADES SOCIAIS DE RA\u00c7A, ETNIA, G\u00caNERO E SEXUALIDADE - Pr\u00e1ticas Pedag\u00f3gicas em sala de aula de L\u00ednguas e Forma\u00e7\u00e3o de Professores - Pontes Editores","isPartOf":{"@id":"https:\/\/ponteseditores.com.br\/loja3\/#website"},"primaryImageOfPage":{"@id":"https:\/\/ponteseditores.com.br\/loja3\/pontes-editores-home-2__trashed\/uncategorized\/identidades-sociais-de-raca-etnia-genero-e-sexualidade-praticas-pedagogicas-em-sala-de-aula-de-linguas-e-formacao-de-professores\/#primaryimage"},"image":{"@id":"https:\/\/ponteseditores.com.br\/loja3\/pontes-editores-home-2__trashed\/uncategorized\/identidades-sociais-de-raca-etnia-genero-e-sexualidade-praticas-pedagogicas-em-sala-de-aula-de-linguas-e-formacao-de-professores\/#primaryimage"},"thumbnailUrl":"https:\/\/ponteseditores.com.br\/loja3\/wp-content\/uploads\/2023\/12\/imgG495-1.jpg","datePublished":"2023-12-16T03:30:36+00:00","dateModified":"2024-04-08T19:37:05+00:00","breadcrumb":{"@id":"https:\/\/ponteseditores.com.br\/loja3\/pontes-editores-home-2__trashed\/uncategorized\/identidades-sociais-de-raca-etnia-genero-e-sexualidade-praticas-pedagogicas-em-sala-de-aula-de-linguas-e-formacao-de-professores\/#breadcrumb"},"inLanguage":"pt-BR","potentialAction":[{"@type":"ReadAction","target":["https:\/\/ponteseditores.com.br\/loja3\/pontes-editores-home-2__trashed\/uncategorized\/identidades-sociais-de-raca-etnia-genero-e-sexualidade-praticas-pedagogicas-em-sala-de-aula-de-linguas-e-formacao-de-professores\/"]}]},{"@type":"ImageObject","inLanguage":"pt-BR","@id":"https:\/\/ponteseditores.com.br\/loja3\/pontes-editores-home-2__trashed\/uncategorized\/identidades-sociais-de-raca-etnia-genero-e-sexualidade-praticas-pedagogicas-em-sala-de-aula-de-linguas-e-formacao-de-professores\/#primaryimage","url":"https:\/\/ponteseditores.com.br\/loja3\/wp-content\/uploads\/2023\/12\/imgG495-1.jpg","contentUrl":"https:\/\/ponteseditores.com.br\/loja3\/wp-content\/uploads\/2023\/12\/imgG495-1.jpg","width":192,"height":300},{"@type":"BreadcrumbList","@id":"https:\/\/ponteseditores.com.br\/loja3\/pontes-editores-home-2__trashed\/uncategorized\/identidades-sociais-de-raca-etnia-genero-e-sexualidade-praticas-pedagogicas-em-sala-de-aula-de-linguas-e-formacao-de-professores\/#breadcrumb","itemListElement":[{"@type":"ListItem","position":1,"name":"Home","item":"https:\/\/ponteseditores.com.br\/loja3\/"},{"@type":"ListItem","position":2,"name":"loja","item":"https:\/\/ponteseditores.com.br\/loja3\/loja\/"},{"@type":"ListItem","position":3,"name":"IDENTIDADES SOCIAIS DE RA\u00c7A, ETNIA, G\u00caNERO E SEXUALIDADE &#8211; Pr\u00e1ticas Pedag\u00f3gicas em sala de aula de L\u00ednguas e Forma\u00e7\u00e3o de Professores"}]},{"@type":"WebSite","@id":"https:\/\/ponteseditores.com.br\/loja3\/#website","url":"https:\/\/ponteseditores.com.br\/loja3\/","name":"Pontes Editores","description":"Pontes Editores","publisher":{"@id":"https:\/\/ponteseditores.com.br\/loja3\/#organization"},"potentialAction":[{"@type":"SearchAction","target":{"@type":"EntryPoint","urlTemplate":"https:\/\/ponteseditores.com.br\/loja3\/?s={search_term_string}"},"query-input":{"@type":"PropertyValueSpecification","valueRequired":true,"valueName":"search_term_string"}}],"inLanguage":"pt-BR"},{"@type":"Organization","@id":"https:\/\/ponteseditores.com.br\/loja3\/#organization","name":"Pontes Editores","url":"https:\/\/ponteseditores.com.br\/loja3\/","logo":{"@type":"ImageObject","inLanguage":"pt-BR","@id":"https:\/\/ponteseditores.com.br\/loja3\/#\/schema\/logo\/image\/","url":"https:\/\/ponteseditores.com.br\/loja3\/wp-content\/uploads\/2023\/12\/logo-pontes-editores-v2.png","contentUrl":"https:\/\/ponteseditores.com.br\/loja3\/wp-content\/uploads\/2023\/12\/logo-pontes-editores-v2.png","width":258,"height":100,"caption":"Pontes Editores"},"image":{"@id":"https:\/\/ponteseditores.com.br\/loja3\/#\/schema\/logo\/image\/"}}]}},"_links":{"self":[{"href":"https:\/\/ponteseditores.com.br\/loja3\/wp-json\/wp\/v2\/product\/8382","targetHints":{"allow":["GET"]}}],"collection":[{"href":"https:\/\/ponteseditores.com.br\/loja3\/wp-json\/wp\/v2\/product"}],"about":[{"href":"https:\/\/ponteseditores.com.br\/loja3\/wp-json\/wp\/v2\/types\/product"}],"replies":[{"embeddable":true,"href":"https:\/\/ponteseditores.com.br\/loja3\/wp-json\/wp\/v2\/comments?post=8382"}],"version-history":[{"count":0,"href":"https:\/\/ponteseditores.com.br\/loja3\/wp-json\/wp\/v2\/product\/8382\/revisions"}],"wp:featuredmedia":[{"embeddable":true,"href":"https:\/\/ponteseditores.com.br\/loja3\/wp-json\/wp\/v2\/media\/8381"}],"wp:attachment":[{"href":"https:\/\/ponteseditores.com.br\/loja3\/wp-json\/wp\/v2\/media?parent=8382"}],"wp:term":[{"taxonomy":"product_brand","embeddable":true,"href":"https:\/\/ponteseditores.com.br\/loja3\/wp-json\/wp\/v2\/product_brand?post=8382"},{"taxonomy":"product_cat","embeddable":true,"href":"https:\/\/ponteseditores.com.br\/loja3\/wp-json\/wp\/v2\/product_cat?post=8382"},{"taxonomy":"product_tag","embeddable":true,"href":"https:\/\/ponteseditores.com.br\/loja3\/wp-json\/wp\/v2\/product_tag?post=8382"}],"curies":[{"name":"wp","href":"https:\/\/api.w.org\/{rel}","templated":true}]}}