{"id":8358,"date":"2023-12-16T00:30:22","date_gmt":"2023-12-16T03:30:22","guid":{"rendered":"https:\/\/ponteseditores.com.br\/loja3\/pontes-editores-home-2__trashed\/sem categoria\/terceirizacao-no-brasil-e-suas-implicacoes-para-os-trabalhadores-2a-edicao\/"},"modified":"2023-12-16T00:30:22","modified_gmt":"2023-12-16T03:30:22","slug":"terceirizacao-no-brasil-e-suas-implicacoes-para-os-trabalhadores-2a-edicao","status":"publish","type":"product","link":"https:\/\/ponteseditores.com.br\/loja3\/pontes-editores-home-2__trashed\/uncategorized\/terceirizacao-no-brasil-e-suas-implicacoes-para-os-trabalhadores-2a-edicao\/","title":{"rendered":"TERCEIRIZA\u00c7\u00c3O NO BRASIL E SUAS IMPLICA\u00c7\u00d5ES PARA OS TRABALHADORES &#8211; 2\u00aa Edi\u00e7\u00e3o"},"content":{"rendered":"<p>O objetivo deste estudo \u00e9 analisar mudan\u00e7as ocorridas nas duas \u00faltimas d\u00e9cadas no mundo do trabalho, privileginado o processo de terceriza\u00e7\u00e3o e suas implica\u00e7\u00f5es para o conjunto da classe trabalhadora. Para tanto realizamos pesquisa bibliogr\u00e1fica sistematizando fontes secund\u00e1rias cujos autores realizaram pesquisas e an\u00e1lises sobre esse per\u00edodo, denominado por Harvey &#8211; acumula\u00e7\u00e3o flex\u00edvel &#8211; bem como sobre as formas que assumem o mercado de trabalho, em pa\u00edses selecionados, sobretudo Brasil. N\u00e3o pretendemos esgotar a bibliografia, mas selecionamos reconhecidas pesquisas pela relev\u00e2ncia que assumiram na compreens\u00e3o sociol\u00f3gica do fen\u00f4meno analisado.<\/p>\n","protected":false},"excerpt":{"rendered":"<p>O objetivo deste estudo \u00e9 analisar mudan\u00e7as ocorridas nas duas \u00faltimas d\u00e9cadas no mundo do trabalho, privileginado o processo de terceriza\u00e7\u00e3o e suas implica\u00e7\u00f5es para o conjunto da classe trabalhadora. Para tanto realizamos pesquisa bibliogr\u00e1fica sistematizando fontes secund\u00e1rias cujos autores realizaram pesquisas e an\u00e1lises sobre esse per\u00edodo, denominado por Harvey &#8211; acumula\u00e7\u00e3o flex\u00edvel &#8211; bem [&hellip;]<\/p>\n","protected":false},"featured_media":8357,"comment_status":"open","ping_status":"closed","template":"","meta":{"_joinchat":[]},"product_brand":[],"product_cat":[15],"product_tag":[],"class_list":{"0":"post-8358","1":"product","2":"type-product","3":"status-publish","4":"has-post-thumbnail","6":"product_cat-uncategorized","8":"first","9":"instock","10":"shipping-taxable","11":"purchasable","12":"product-type-simple"},"yoast_head":"<!-- This site is optimized with the Yoast SEO plugin v27.4 - https:\/\/yoast.com\/product\/yoast-seo-wordpress\/ -->\n<title>TERCEIRIZA\u00c7\u00c3O NO BRASIL E SUAS IMPLICA\u00c7\u00d5ES PARA OS TRABALHADORES - 2\u00aa Edi\u00e7\u00e3o - Pontes Editores<\/title>\n<meta name=\"robots\" content=\"index, follow, max-snippet:-1, max-image-preview:large, max-video-preview:-1\" \/>\n<link rel=\"canonical\" href=\"https:\/\/ponteseditores.com.br\/loja3\/pontes-editores-home-2__trashed\/uncategorized\/terceirizacao-no-brasil-e-suas-implicacoes-para-os-trabalhadores-2a-edicao\/\" \/>\n<meta property=\"og:locale\" content=\"pt_BR\" \/>\n<meta property=\"og:type\" content=\"article\" \/>\n<meta property=\"og:title\" content=\"TERCEIRIZA\u00c7\u00c3O NO BRASIL E SUAS IMPLICA\u00c7\u00d5ES PARA OS TRABALHADORES - 2\u00aa Edi\u00e7\u00e3o - Pontes Editores\" \/>\n<meta property=\"og:description\" content=\"O objetivo deste estudo \u00e9 analisar mudan\u00e7as ocorridas nas duas \u00faltimas d\u00e9cadas no mundo do trabalho, privileginado o processo de terceriza\u00e7\u00e3o e suas implica\u00e7\u00f5es para o conjunto da classe trabalhadora. Para tanto realizamos pesquisa bibliogr\u00e1fica sistematizando fontes secund\u00e1rias cujos autores realizaram pesquisas e an\u00e1lises sobre esse per\u00edodo, denominado por Harvey &#8211; acumula\u00e7\u00e3o flex\u00edvel &#8211; bem [&hellip;]\" \/>\n<meta property=\"og:url\" content=\"https:\/\/ponteseditores.com.br\/loja3\/pontes-editores-home-2__trashed\/uncategorized\/terceirizacao-no-brasil-e-suas-implicacoes-para-os-trabalhadores-2a-edicao\/\" \/>\n<meta property=\"og:site_name\" content=\"Pontes Editores\" \/>\n<meta property=\"og:image\" content=\"https:\/\/ponteseditores.com.br\/loja3\/wp-content\/uploads\/2023\/12\/imgG415-1.jpg\" \/>\n\t<meta property=\"og:image:width\" content=\"199\" \/>\n\t<meta property=\"og:image:height\" content=\"300\" \/>\n\t<meta property=\"og:image:type\" content=\"image\/jpeg\" \/>\n<meta name=\"twitter:card\" content=\"summary_large_image\" \/>\n<meta name=\"twitter:label1\" content=\"Est. tempo de leitura\" \/>\n\t<meta name=\"twitter:data1\" content=\"1 minuto\" \/>\n<script type=\"application\/ld+json\" class=\"yoast-schema-graph\">{\"@context\":\"https:\\\/\\\/schema.org\",\"@graph\":[{\"@type\":\"WebPage\",\"@id\":\"https:\\\/\\\/ponteseditores.com.br\\\/loja3\\\/pontes-editores-home-2__trashed\\\/uncategorized\\\/terceirizacao-no-brasil-e-suas-implicacoes-para-os-trabalhadores-2a-edicao\\\/\",\"url\":\"https:\\\/\\\/ponteseditores.com.br\\\/loja3\\\/pontes-editores-home-2__trashed\\\/uncategorized\\\/terceirizacao-no-brasil-e-suas-implicacoes-para-os-trabalhadores-2a-edicao\\\/\",\"name\":\"TERCEIRIZA\u00c7\u00c3O NO BRASIL E SUAS IMPLICA\u00c7\u00d5ES PARA OS TRABALHADORES - 2\u00aa Edi\u00e7\u00e3o - Pontes Editores\",\"isPartOf\":{\"@id\":\"https:\\\/\\\/ponteseditores.com.br\\\/loja3\\\/#website\"},\"primaryImageOfPage\":{\"@id\":\"https:\\\/\\\/ponteseditores.com.br\\\/loja3\\\/pontes-editores-home-2__trashed\\\/uncategorized\\\/terceirizacao-no-brasil-e-suas-implicacoes-para-os-trabalhadores-2a-edicao\\\/#primaryimage\"},\"image\":{\"@id\":\"https:\\\/\\\/ponteseditores.com.br\\\/loja3\\\/pontes-editores-home-2__trashed\\\/uncategorized\\\/terceirizacao-no-brasil-e-suas-implicacoes-para-os-trabalhadores-2a-edicao\\\/#primaryimage\"},\"thumbnailUrl\":\"https:\\\/\\\/ponteseditores.com.br\\\/loja3\\\/wp-content\\\/uploads\\\/2023\\\/12\\\/imgG415-1.jpg\",\"datePublished\":\"2023-12-16T03:30:22+00:00\",\"breadcrumb\":{\"@id\":\"https:\\\/\\\/ponteseditores.com.br\\\/loja3\\\/pontes-editores-home-2__trashed\\\/uncategorized\\\/terceirizacao-no-brasil-e-suas-implicacoes-para-os-trabalhadores-2a-edicao\\\/#breadcrumb\"},\"inLanguage\":\"pt-BR\",\"potentialAction\":[{\"@type\":\"ReadAction\",\"target\":[\"https:\\\/\\\/ponteseditores.com.br\\\/loja3\\\/pontes-editores-home-2__trashed\\\/uncategorized\\\/terceirizacao-no-brasil-e-suas-implicacoes-para-os-trabalhadores-2a-edicao\\\/\"]}]},{\"@type\":\"ImageObject\",\"inLanguage\":\"pt-BR\",\"@id\":\"https:\\\/\\\/ponteseditores.com.br\\\/loja3\\\/pontes-editores-home-2__trashed\\\/uncategorized\\\/terceirizacao-no-brasil-e-suas-implicacoes-para-os-trabalhadores-2a-edicao\\\/#primaryimage\",\"url\":\"https:\\\/\\\/ponteseditores.com.br\\\/loja3\\\/wp-content\\\/uploads\\\/2023\\\/12\\\/imgG415-1.jpg\",\"contentUrl\":\"https:\\\/\\\/ponteseditores.com.br\\\/loja3\\\/wp-content\\\/uploads\\\/2023\\\/12\\\/imgG415-1.jpg\",\"width\":199,\"height\":300},{\"@type\":\"BreadcrumbList\",\"@id\":\"https:\\\/\\\/ponteseditores.com.br\\\/loja3\\\/pontes-editores-home-2__trashed\\\/uncategorized\\\/terceirizacao-no-brasil-e-suas-implicacoes-para-os-trabalhadores-2a-edicao\\\/#breadcrumb\",\"itemListElement\":[{\"@type\":\"ListItem\",\"position\":1,\"name\":\"Home\",\"item\":\"https:\\\/\\\/ponteseditores.com.br\\\/loja3\\\/\"},{\"@type\":\"ListItem\",\"position\":2,\"name\":\"loja\",\"item\":\"https:\\\/\\\/ponteseditores.com.br\\\/loja3\\\/loja\\\/\"},{\"@type\":\"ListItem\",\"position\":3,\"name\":\"TERCEIRIZA\u00c7\u00c3O NO BRASIL E SUAS IMPLICA\u00c7\u00d5ES PARA OS TRABALHADORES &#8211; 2\u00aa Edi\u00e7\u00e3o\"}]},{\"@type\":\"WebSite\",\"@id\":\"https:\\\/\\\/ponteseditores.com.br\\\/loja3\\\/#website\",\"url\":\"https:\\\/\\\/ponteseditores.com.br\\\/loja3\\\/\",\"name\":\"Pontes Editores\",\"description\":\"Pontes Editores\",\"publisher\":{\"@id\":\"https:\\\/\\\/ponteseditores.com.br\\\/loja3\\\/#organization\"},\"potentialAction\":[{\"@type\":\"SearchAction\",\"target\":{\"@type\":\"EntryPoint\",\"urlTemplate\":\"https:\\\/\\\/ponteseditores.com.br\\\/loja3\\\/?s={search_term_string}\"},\"query-input\":{\"@type\":\"PropertyValueSpecification\",\"valueRequired\":true,\"valueName\":\"search_term_string\"}}],\"inLanguage\":\"pt-BR\"},{\"@type\":\"Organization\",\"@id\":\"https:\\\/\\\/ponteseditores.com.br\\\/loja3\\\/#organization\",\"name\":\"Pontes Editores\",\"url\":\"https:\\\/\\\/ponteseditores.com.br\\\/loja3\\\/\",\"logo\":{\"@type\":\"ImageObject\",\"inLanguage\":\"pt-BR\",\"@id\":\"https:\\\/\\\/ponteseditores.com.br\\\/loja3\\\/#\\\/schema\\\/logo\\\/image\\\/\",\"url\":\"https:\\\/\\\/ponteseditores.com.br\\\/loja3\\\/wp-content\\\/uploads\\\/2023\\\/12\\\/logo-pontes-editores-v2.png\",\"contentUrl\":\"https:\\\/\\\/ponteseditores.com.br\\\/loja3\\\/wp-content\\\/uploads\\\/2023\\\/12\\\/logo-pontes-editores-v2.png\",\"width\":258,\"height\":100,\"caption\":\"Pontes Editores\"},\"image\":{\"@id\":\"https:\\\/\\\/ponteseditores.com.br\\\/loja3\\\/#\\\/schema\\\/logo\\\/image\\\/\"}}]}<\/script>\n<!-- \/ Yoast SEO plugin. -->","yoast_head_json":{"title":"TERCEIRIZA\u00c7\u00c3O NO BRASIL E SUAS IMPLICA\u00c7\u00d5ES PARA OS TRABALHADORES - 2\u00aa Edi\u00e7\u00e3o - Pontes Editores","robots":{"index":"index","follow":"follow","max-snippet":"max-snippet:-1","max-image-preview":"max-image-preview:large","max-video-preview":"max-video-preview:-1"},"canonical":"https:\/\/ponteseditores.com.br\/loja3\/pontes-editores-home-2__trashed\/uncategorized\/terceirizacao-no-brasil-e-suas-implicacoes-para-os-trabalhadores-2a-edicao\/","og_locale":"pt_BR","og_type":"article","og_title":"TERCEIRIZA\u00c7\u00c3O NO BRASIL E SUAS IMPLICA\u00c7\u00d5ES PARA OS TRABALHADORES - 2\u00aa Edi\u00e7\u00e3o - Pontes Editores","og_description":"O objetivo deste estudo \u00e9 analisar mudan\u00e7as ocorridas nas duas \u00faltimas d\u00e9cadas no mundo do trabalho, privileginado o processo de terceriza\u00e7\u00e3o e suas implica\u00e7\u00f5es para o conjunto da classe trabalhadora. Para tanto realizamos pesquisa bibliogr\u00e1fica sistematizando fontes secund\u00e1rias cujos autores realizaram pesquisas e an\u00e1lises sobre esse per\u00edodo, denominado por Harvey &#8211; acumula\u00e7\u00e3o flex\u00edvel &#8211; bem [&hellip;]","og_url":"https:\/\/ponteseditores.com.br\/loja3\/pontes-editores-home-2__trashed\/uncategorized\/terceirizacao-no-brasil-e-suas-implicacoes-para-os-trabalhadores-2a-edicao\/","og_site_name":"Pontes Editores","og_image":[{"width":199,"height":300,"url":"https:\/\/ponteseditores.com.br\/loja3\/wp-content\/uploads\/2023\/12\/imgG415-1.jpg","type":"image\/jpeg"}],"twitter_card":"summary_large_image","twitter_misc":{"Est. tempo de leitura":"1 minuto"},"schema":{"@context":"https:\/\/schema.org","@graph":[{"@type":"WebPage","@id":"https:\/\/ponteseditores.com.br\/loja3\/pontes-editores-home-2__trashed\/uncategorized\/terceirizacao-no-brasil-e-suas-implicacoes-para-os-trabalhadores-2a-edicao\/","url":"https:\/\/ponteseditores.com.br\/loja3\/pontes-editores-home-2__trashed\/uncategorized\/terceirizacao-no-brasil-e-suas-implicacoes-para-os-trabalhadores-2a-edicao\/","name":"TERCEIRIZA\u00c7\u00c3O NO BRASIL E SUAS IMPLICA\u00c7\u00d5ES PARA OS TRABALHADORES - 2\u00aa Edi\u00e7\u00e3o - Pontes Editores","isPartOf":{"@id":"https:\/\/ponteseditores.com.br\/loja3\/#website"},"primaryImageOfPage":{"@id":"https:\/\/ponteseditores.com.br\/loja3\/pontes-editores-home-2__trashed\/uncategorized\/terceirizacao-no-brasil-e-suas-implicacoes-para-os-trabalhadores-2a-edicao\/#primaryimage"},"image":{"@id":"https:\/\/ponteseditores.com.br\/loja3\/pontes-editores-home-2__trashed\/uncategorized\/terceirizacao-no-brasil-e-suas-implicacoes-para-os-trabalhadores-2a-edicao\/#primaryimage"},"thumbnailUrl":"https:\/\/ponteseditores.com.br\/loja3\/wp-content\/uploads\/2023\/12\/imgG415-1.jpg","datePublished":"2023-12-16T03:30:22+00:00","breadcrumb":{"@id":"https:\/\/ponteseditores.com.br\/loja3\/pontes-editores-home-2__trashed\/uncategorized\/terceirizacao-no-brasil-e-suas-implicacoes-para-os-trabalhadores-2a-edicao\/#breadcrumb"},"inLanguage":"pt-BR","potentialAction":[{"@type":"ReadAction","target":["https:\/\/ponteseditores.com.br\/loja3\/pontes-editores-home-2__trashed\/uncategorized\/terceirizacao-no-brasil-e-suas-implicacoes-para-os-trabalhadores-2a-edicao\/"]}]},{"@type":"ImageObject","inLanguage":"pt-BR","@id":"https:\/\/ponteseditores.com.br\/loja3\/pontes-editores-home-2__trashed\/uncategorized\/terceirizacao-no-brasil-e-suas-implicacoes-para-os-trabalhadores-2a-edicao\/#primaryimage","url":"https:\/\/ponteseditores.com.br\/loja3\/wp-content\/uploads\/2023\/12\/imgG415-1.jpg","contentUrl":"https:\/\/ponteseditores.com.br\/loja3\/wp-content\/uploads\/2023\/12\/imgG415-1.jpg","width":199,"height":300},{"@type":"BreadcrumbList","@id":"https:\/\/ponteseditores.com.br\/loja3\/pontes-editores-home-2__trashed\/uncategorized\/terceirizacao-no-brasil-e-suas-implicacoes-para-os-trabalhadores-2a-edicao\/#breadcrumb","itemListElement":[{"@type":"ListItem","position":1,"name":"Home","item":"https:\/\/ponteseditores.com.br\/loja3\/"},{"@type":"ListItem","position":2,"name":"loja","item":"https:\/\/ponteseditores.com.br\/loja3\/loja\/"},{"@type":"ListItem","position":3,"name":"TERCEIRIZA\u00c7\u00c3O NO BRASIL E SUAS IMPLICA\u00c7\u00d5ES PARA OS TRABALHADORES &#8211; 2\u00aa Edi\u00e7\u00e3o"}]},{"@type":"WebSite","@id":"https:\/\/ponteseditores.com.br\/loja3\/#website","url":"https:\/\/ponteseditores.com.br\/loja3\/","name":"Pontes Editores","description":"Pontes Editores","publisher":{"@id":"https:\/\/ponteseditores.com.br\/loja3\/#organization"},"potentialAction":[{"@type":"SearchAction","target":{"@type":"EntryPoint","urlTemplate":"https:\/\/ponteseditores.com.br\/loja3\/?s={search_term_string}"},"query-input":{"@type":"PropertyValueSpecification","valueRequired":true,"valueName":"search_term_string"}}],"inLanguage":"pt-BR"},{"@type":"Organization","@id":"https:\/\/ponteseditores.com.br\/loja3\/#organization","name":"Pontes Editores","url":"https:\/\/ponteseditores.com.br\/loja3\/","logo":{"@type":"ImageObject","inLanguage":"pt-BR","@id":"https:\/\/ponteseditores.com.br\/loja3\/#\/schema\/logo\/image\/","url":"https:\/\/ponteseditores.com.br\/loja3\/wp-content\/uploads\/2023\/12\/logo-pontes-editores-v2.png","contentUrl":"https:\/\/ponteseditores.com.br\/loja3\/wp-content\/uploads\/2023\/12\/logo-pontes-editores-v2.png","width":258,"height":100,"caption":"Pontes Editores"},"image":{"@id":"https:\/\/ponteseditores.com.br\/loja3\/#\/schema\/logo\/image\/"}}]}},"_links":{"self":[{"href":"https:\/\/ponteseditores.com.br\/loja3\/wp-json\/wp\/v2\/product\/8358","targetHints":{"allow":["GET"]}}],"collection":[{"href":"https:\/\/ponteseditores.com.br\/loja3\/wp-json\/wp\/v2\/product"}],"about":[{"href":"https:\/\/ponteseditores.com.br\/loja3\/wp-json\/wp\/v2\/types\/product"}],"replies":[{"embeddable":true,"href":"https:\/\/ponteseditores.com.br\/loja3\/wp-json\/wp\/v2\/comments?post=8358"}],"version-history":[{"count":0,"href":"https:\/\/ponteseditores.com.br\/loja3\/wp-json\/wp\/v2\/product\/8358\/revisions"}],"wp:featuredmedia":[{"embeddable":true,"href":"https:\/\/ponteseditores.com.br\/loja3\/wp-json\/wp\/v2\/media\/8357"}],"wp:attachment":[{"href":"https:\/\/ponteseditores.com.br\/loja3\/wp-json\/wp\/v2\/media?parent=8358"}],"wp:term":[{"taxonomy":"product_brand","embeddable":true,"href":"https:\/\/ponteseditores.com.br\/loja3\/wp-json\/wp\/v2\/product_brand?post=8358"},{"taxonomy":"product_cat","embeddable":true,"href":"https:\/\/ponteseditores.com.br\/loja3\/wp-json\/wp\/v2\/product_cat?post=8358"},{"taxonomy":"product_tag","embeddable":true,"href":"https:\/\/ponteseditores.com.br\/loja3\/wp-json\/wp\/v2\/product_tag?post=8358"}],"curies":[{"name":"wp","href":"https:\/\/api.w.org\/{rel}","templated":true}]}}