{"id":8328,"date":"2023-12-16T00:18:02","date_gmt":"2023-12-16T03:18:02","guid":{"rendered":"https:\/\/ponteseditores.com.br\/loja3\/pontes-editores-home-2__trashed\/sem categoria\/corpora-tecnologias-e-web-3-0-leituras-e-praticas-para-o-ensino-de-linguas-e-traducao\/"},"modified":"2025-08-31T16:06:23","modified_gmt":"2025-08-31T19:06:23","slug":"corpora-tecnologias-e-web-3-0-leituras-e-praticas-para-o-ensino-de-linguas-e-traducao","status":"publish","type":"product","link":"https:\/\/ponteseditores.com.br\/loja3\/pontes-editores-home-2__trashed\/linguistica\/corpora-tecnologias-e-web-3-0-leituras-e-praticas-para-o-ensino-de-linguas-e-traducao\/","title":{"rendered":"Corpora, Tecnologias e Web 3.0 LEITURAS E PR\u00c1TICAS PARA O ENSINO DE L\u00cdNGUAS E TRADU\u00c7\u00c3O"},"content":{"rendered":"<p>O livro, Corpora, Tecnologias e Web 3.0: leituras e pr\u00e1ticas para o ensino de l\u00ednguas e tradu\u00e7\u00e3o compila trabalhos de jovens pesquisadores de diferentes partes do pa\u00eds, os quais se utilizam da Lingu\u00edstica de Corpus (LC) em di\u00e1logo com Teorias da Educa\u00e7\u00e3o, da Sociologia e das Tecnologias da Informa\u00e7\u00e3o e da Comunica\u00e7\u00e3o (TICs). Essa obra caminha no intuito de apresentar avan\u00e7os da LC como base te\u00f3rico-metodol\u00f3gica para que professores e linguistas reconhe\u00e7am estrat\u00e9gias e ferramentas a serem utilizados para a composi\u00e7\u00e3o de tarefas direcionadas por dados de corpus (Data-Driven Learning) que tenham como palco a web ou que se pautem em produ\u00e7\u00f5es textuais realizadas em seus mais diversos ambientes de intera\u00e7\u00e3o, como plataformas digitais de aprendizagem e o Teletandem, oferecendo novos par\u00e2metros para o uso de corpora tanto como tecnologia na web quanto como aparelhagem de investiga\u00e7\u00e3o dos fen\u00f4menos lingu\u00edsticos que assumem formatos inovadores quando levados para os locais digitais da internet.<\/p>\n","protected":false},"excerpt":{"rendered":"<p>O livro, Corpora, Tecnologias e Web 3.0: leituras e pr\u00e1ticas para o ensino de l\u00ednguas e tradu\u00e7\u00e3o compila trabalhos de jovens pesquisadores de diferentes partes do pa\u00eds, os quais se utilizam da Lingu\u00edstica de Corpus (LC) em di\u00e1logo com Teorias da Educa\u00e7\u00e3o, da Sociologia e das Tecnologias da Informa\u00e7\u00e3o e da Comunica\u00e7\u00e3o (TICs). Essa obra [&hellip;]<\/p>\n","protected":false},"featured_media":8327,"comment_status":"open","ping_status":"closed","template":"","meta":{"_joinchat":[]},"product_brand":[],"product_cat":[295,290,31],"product_tag":[],"class_list":{"0":"post-8328","1":"product","2":"type-product","3":"status-publish","4":"has-post-thumbnail","6":"product_cat-educacao-ambiental","7":"product_cat-linguagem-e-linguas","8":"product_cat-linguistica","10":"first","11":"instock","12":"shipping-taxable","13":"purchasable","14":"product-type-simple"},"yoast_head":"<!-- This site is optimized with the Yoast SEO plugin v27.4 - https:\/\/yoast.com\/product\/yoast-seo-wordpress\/ -->\n<title>Corpora, Tecnologias e Web 3.0 LEITURAS E PR\u00c1TICAS PARA O ENSINO DE L\u00cdNGUAS E TRADU\u00c7\u00c3O - Pontes Editores<\/title>\n<meta name=\"robots\" content=\"index, follow, max-snippet:-1, max-image-preview:large, max-video-preview:-1\" \/>\n<link rel=\"canonical\" href=\"https:\/\/ponteseditores.com.br\/loja3\/pontes-editores-home-2__trashed\/linguistica\/corpora-tecnologias-e-web-3-0-leituras-e-praticas-para-o-ensino-de-linguas-e-traducao\/\" \/>\n<meta property=\"og:locale\" content=\"pt_BR\" \/>\n<meta property=\"og:type\" content=\"article\" \/>\n<meta property=\"og:title\" content=\"Corpora, Tecnologias e Web 3.0 LEITURAS E PR\u00c1TICAS PARA O ENSINO DE L\u00cdNGUAS E TRADU\u00c7\u00c3O - Pontes Editores\" \/>\n<meta property=\"og:description\" content=\"O livro, Corpora, Tecnologias e Web 3.0: leituras e pr\u00e1ticas para o ensino de l\u00ednguas e tradu\u00e7\u00e3o compila trabalhos de jovens pesquisadores de diferentes partes do pa\u00eds, os quais se utilizam da Lingu\u00edstica de Corpus (LC) em di\u00e1logo com Teorias da Educa\u00e7\u00e3o, da Sociologia e das Tecnologias da Informa\u00e7\u00e3o e da Comunica\u00e7\u00e3o (TICs). Essa obra [&hellip;]\" \/>\n<meta property=\"og:url\" content=\"https:\/\/ponteseditores.com.br\/loja3\/pontes-editores-home-2__trashed\/linguistica\/corpora-tecnologias-e-web-3-0-leituras-e-praticas-para-o-ensino-de-linguas-e-traducao\/\" \/>\n<meta property=\"og:site_name\" content=\"Pontes Editores\" \/>\n<meta property=\"article:modified_time\" content=\"2025-08-31T19:06:23+00:00\" \/>\n<meta property=\"og:image\" content=\"https:\/\/ponteseditores.com.br\/loja3\/wp-content\/uploads\/2023\/12\/corpora1-3.jpg\" \/>\n\t<meta property=\"og:image:width\" content=\"800\" \/>\n\t<meta property=\"og:image:height\" content=\"1257\" \/>\n\t<meta property=\"og:image:type\" content=\"image\/jpeg\" \/>\n<meta name=\"twitter:card\" content=\"summary_large_image\" \/>\n<meta name=\"twitter:label1\" content=\"Est. tempo de leitura\" \/>\n\t<meta name=\"twitter:data1\" content=\"1 minuto\" \/>\n<script type=\"application\/ld+json\" class=\"yoast-schema-graph\">{\"@context\":\"https:\\\/\\\/schema.org\",\"@graph\":[{\"@type\":\"WebPage\",\"@id\":\"https:\\\/\\\/ponteseditores.com.br\\\/loja3\\\/pontes-editores-home-2__trashed\\\/linguistica\\\/corpora-tecnologias-e-web-3-0-leituras-e-praticas-para-o-ensino-de-linguas-e-traducao\\\/\",\"url\":\"https:\\\/\\\/ponteseditores.com.br\\\/loja3\\\/pontes-editores-home-2__trashed\\\/linguistica\\\/corpora-tecnologias-e-web-3-0-leituras-e-praticas-para-o-ensino-de-linguas-e-traducao\\\/\",\"name\":\"Corpora, Tecnologias e Web 3.0 LEITURAS E PR\u00c1TICAS PARA O ENSINO DE L\u00cdNGUAS E TRADU\u00c7\u00c3O - Pontes Editores\",\"isPartOf\":{\"@id\":\"https:\\\/\\\/ponteseditores.com.br\\\/loja3\\\/#website\"},\"primaryImageOfPage\":{\"@id\":\"https:\\\/\\\/ponteseditores.com.br\\\/loja3\\\/pontes-editores-home-2__trashed\\\/linguistica\\\/corpora-tecnologias-e-web-3-0-leituras-e-praticas-para-o-ensino-de-linguas-e-traducao\\\/#primaryimage\"},\"image\":{\"@id\":\"https:\\\/\\\/ponteseditores.com.br\\\/loja3\\\/pontes-editores-home-2__trashed\\\/linguistica\\\/corpora-tecnologias-e-web-3-0-leituras-e-praticas-para-o-ensino-de-linguas-e-traducao\\\/#primaryimage\"},\"thumbnailUrl\":\"https:\\\/\\\/ponteseditores.com.br\\\/loja3\\\/wp-content\\\/uploads\\\/2023\\\/12\\\/corpora1-3.jpg\",\"datePublished\":\"2023-12-16T03:18:02+00:00\",\"dateModified\":\"2025-08-31T19:06:23+00:00\",\"breadcrumb\":{\"@id\":\"https:\\\/\\\/ponteseditores.com.br\\\/loja3\\\/pontes-editores-home-2__trashed\\\/linguistica\\\/corpora-tecnologias-e-web-3-0-leituras-e-praticas-para-o-ensino-de-linguas-e-traducao\\\/#breadcrumb\"},\"inLanguage\":\"pt-BR\",\"potentialAction\":[{\"@type\":\"ReadAction\",\"target\":[\"https:\\\/\\\/ponteseditores.com.br\\\/loja3\\\/pontes-editores-home-2__trashed\\\/linguistica\\\/corpora-tecnologias-e-web-3-0-leituras-e-praticas-para-o-ensino-de-linguas-e-traducao\\\/\"]}]},{\"@type\":\"ImageObject\",\"inLanguage\":\"pt-BR\",\"@id\":\"https:\\\/\\\/ponteseditores.com.br\\\/loja3\\\/pontes-editores-home-2__trashed\\\/linguistica\\\/corpora-tecnologias-e-web-3-0-leituras-e-praticas-para-o-ensino-de-linguas-e-traducao\\\/#primaryimage\",\"url\":\"https:\\\/\\\/ponteseditores.com.br\\\/loja3\\\/wp-content\\\/uploads\\\/2023\\\/12\\\/corpora1-3.jpg\",\"contentUrl\":\"https:\\\/\\\/ponteseditores.com.br\\\/loja3\\\/wp-content\\\/uploads\\\/2023\\\/12\\\/corpora1-3.jpg\",\"width\":800,\"height\":1257},{\"@type\":\"BreadcrumbList\",\"@id\":\"https:\\\/\\\/ponteseditores.com.br\\\/loja3\\\/pontes-editores-home-2__trashed\\\/linguistica\\\/corpora-tecnologias-e-web-3-0-leituras-e-praticas-para-o-ensino-de-linguas-e-traducao\\\/#breadcrumb\",\"itemListElement\":[{\"@type\":\"ListItem\",\"position\":1,\"name\":\"Home\",\"item\":\"https:\\\/\\\/ponteseditores.com.br\\\/loja3\\\/\"},{\"@type\":\"ListItem\",\"position\":2,\"name\":\"loja\",\"item\":\"https:\\\/\\\/ponteseditores.com.br\\\/loja3\\\/loja\\\/\"},{\"@type\":\"ListItem\",\"position\":3,\"name\":\"Corpora, Tecnologias e Web 3.0 LEITURAS E PR\u00c1TICAS PARA O ENSINO DE L\u00cdNGUAS E TRADU\u00c7\u00c3O\"}]},{\"@type\":\"WebSite\",\"@id\":\"https:\\\/\\\/ponteseditores.com.br\\\/loja3\\\/#website\",\"url\":\"https:\\\/\\\/ponteseditores.com.br\\\/loja3\\\/\",\"name\":\"Pontes Editores\",\"description\":\"Pontes Editores\",\"publisher\":{\"@id\":\"https:\\\/\\\/ponteseditores.com.br\\\/loja3\\\/#organization\"},\"potentialAction\":[{\"@type\":\"SearchAction\",\"target\":{\"@type\":\"EntryPoint\",\"urlTemplate\":\"https:\\\/\\\/ponteseditores.com.br\\\/loja3\\\/?s={search_term_string}\"},\"query-input\":{\"@type\":\"PropertyValueSpecification\",\"valueRequired\":true,\"valueName\":\"search_term_string\"}}],\"inLanguage\":\"pt-BR\"},{\"@type\":\"Organization\",\"@id\":\"https:\\\/\\\/ponteseditores.com.br\\\/loja3\\\/#organization\",\"name\":\"Pontes Editores\",\"url\":\"https:\\\/\\\/ponteseditores.com.br\\\/loja3\\\/\",\"logo\":{\"@type\":\"ImageObject\",\"inLanguage\":\"pt-BR\",\"@id\":\"https:\\\/\\\/ponteseditores.com.br\\\/loja3\\\/#\\\/schema\\\/logo\\\/image\\\/\",\"url\":\"https:\\\/\\\/ponteseditores.com.br\\\/loja3\\\/wp-content\\\/uploads\\\/2023\\\/12\\\/logo-pontes-editores-v2.png\",\"contentUrl\":\"https:\\\/\\\/ponteseditores.com.br\\\/loja3\\\/wp-content\\\/uploads\\\/2023\\\/12\\\/logo-pontes-editores-v2.png\",\"width\":258,\"height\":100,\"caption\":\"Pontes Editores\"},\"image\":{\"@id\":\"https:\\\/\\\/ponteseditores.com.br\\\/loja3\\\/#\\\/schema\\\/logo\\\/image\\\/\"}}]}<\/script>\n<!-- \/ Yoast SEO plugin. -->","yoast_head_json":{"title":"Corpora, Tecnologias e Web 3.0 LEITURAS E PR\u00c1TICAS PARA O ENSINO DE L\u00cdNGUAS E TRADU\u00c7\u00c3O - Pontes Editores","robots":{"index":"index","follow":"follow","max-snippet":"max-snippet:-1","max-image-preview":"max-image-preview:large","max-video-preview":"max-video-preview:-1"},"canonical":"https:\/\/ponteseditores.com.br\/loja3\/pontes-editores-home-2__trashed\/linguistica\/corpora-tecnologias-e-web-3-0-leituras-e-praticas-para-o-ensino-de-linguas-e-traducao\/","og_locale":"pt_BR","og_type":"article","og_title":"Corpora, Tecnologias e Web 3.0 LEITURAS E PR\u00c1TICAS PARA O ENSINO DE L\u00cdNGUAS E TRADU\u00c7\u00c3O - Pontes Editores","og_description":"O livro, Corpora, Tecnologias e Web 3.0: leituras e pr\u00e1ticas para o ensino de l\u00ednguas e tradu\u00e7\u00e3o compila trabalhos de jovens pesquisadores de diferentes partes do pa\u00eds, os quais se utilizam da Lingu\u00edstica de Corpus (LC) em di\u00e1logo com Teorias da Educa\u00e7\u00e3o, da Sociologia e das Tecnologias da Informa\u00e7\u00e3o e da Comunica\u00e7\u00e3o (TICs). Essa obra [&hellip;]","og_url":"https:\/\/ponteseditores.com.br\/loja3\/pontes-editores-home-2__trashed\/linguistica\/corpora-tecnologias-e-web-3-0-leituras-e-praticas-para-o-ensino-de-linguas-e-traducao\/","og_site_name":"Pontes Editores","article_modified_time":"2025-08-31T19:06:23+00:00","og_image":[{"width":800,"height":1257,"url":"https:\/\/ponteseditores.com.br\/loja3\/wp-content\/uploads\/2023\/12\/corpora1-3.jpg","type":"image\/jpeg"}],"twitter_card":"summary_large_image","twitter_misc":{"Est. tempo de leitura":"1 minuto"},"schema":{"@context":"https:\/\/schema.org","@graph":[{"@type":"WebPage","@id":"https:\/\/ponteseditores.com.br\/loja3\/pontes-editores-home-2__trashed\/linguistica\/corpora-tecnologias-e-web-3-0-leituras-e-praticas-para-o-ensino-de-linguas-e-traducao\/","url":"https:\/\/ponteseditores.com.br\/loja3\/pontes-editores-home-2__trashed\/linguistica\/corpora-tecnologias-e-web-3-0-leituras-e-praticas-para-o-ensino-de-linguas-e-traducao\/","name":"Corpora, Tecnologias e Web 3.0 LEITURAS E PR\u00c1TICAS PARA O ENSINO DE L\u00cdNGUAS E TRADU\u00c7\u00c3O - Pontes Editores","isPartOf":{"@id":"https:\/\/ponteseditores.com.br\/loja3\/#website"},"primaryImageOfPage":{"@id":"https:\/\/ponteseditores.com.br\/loja3\/pontes-editores-home-2__trashed\/linguistica\/corpora-tecnologias-e-web-3-0-leituras-e-praticas-para-o-ensino-de-linguas-e-traducao\/#primaryimage"},"image":{"@id":"https:\/\/ponteseditores.com.br\/loja3\/pontes-editores-home-2__trashed\/linguistica\/corpora-tecnologias-e-web-3-0-leituras-e-praticas-para-o-ensino-de-linguas-e-traducao\/#primaryimage"},"thumbnailUrl":"https:\/\/ponteseditores.com.br\/loja3\/wp-content\/uploads\/2023\/12\/corpora1-3.jpg","datePublished":"2023-12-16T03:18:02+00:00","dateModified":"2025-08-31T19:06:23+00:00","breadcrumb":{"@id":"https:\/\/ponteseditores.com.br\/loja3\/pontes-editores-home-2__trashed\/linguistica\/corpora-tecnologias-e-web-3-0-leituras-e-praticas-para-o-ensino-de-linguas-e-traducao\/#breadcrumb"},"inLanguage":"pt-BR","potentialAction":[{"@type":"ReadAction","target":["https:\/\/ponteseditores.com.br\/loja3\/pontes-editores-home-2__trashed\/linguistica\/corpora-tecnologias-e-web-3-0-leituras-e-praticas-para-o-ensino-de-linguas-e-traducao\/"]}]},{"@type":"ImageObject","inLanguage":"pt-BR","@id":"https:\/\/ponteseditores.com.br\/loja3\/pontes-editores-home-2__trashed\/linguistica\/corpora-tecnologias-e-web-3-0-leituras-e-praticas-para-o-ensino-de-linguas-e-traducao\/#primaryimage","url":"https:\/\/ponteseditores.com.br\/loja3\/wp-content\/uploads\/2023\/12\/corpora1-3.jpg","contentUrl":"https:\/\/ponteseditores.com.br\/loja3\/wp-content\/uploads\/2023\/12\/corpora1-3.jpg","width":800,"height":1257},{"@type":"BreadcrumbList","@id":"https:\/\/ponteseditores.com.br\/loja3\/pontes-editores-home-2__trashed\/linguistica\/corpora-tecnologias-e-web-3-0-leituras-e-praticas-para-o-ensino-de-linguas-e-traducao\/#breadcrumb","itemListElement":[{"@type":"ListItem","position":1,"name":"Home","item":"https:\/\/ponteseditores.com.br\/loja3\/"},{"@type":"ListItem","position":2,"name":"loja","item":"https:\/\/ponteseditores.com.br\/loja3\/loja\/"},{"@type":"ListItem","position":3,"name":"Corpora, Tecnologias e Web 3.0 LEITURAS E PR\u00c1TICAS PARA O ENSINO DE L\u00cdNGUAS E TRADU\u00c7\u00c3O"}]},{"@type":"WebSite","@id":"https:\/\/ponteseditores.com.br\/loja3\/#website","url":"https:\/\/ponteseditores.com.br\/loja3\/","name":"Pontes Editores","description":"Pontes Editores","publisher":{"@id":"https:\/\/ponteseditores.com.br\/loja3\/#organization"},"potentialAction":[{"@type":"SearchAction","target":{"@type":"EntryPoint","urlTemplate":"https:\/\/ponteseditores.com.br\/loja3\/?s={search_term_string}"},"query-input":{"@type":"PropertyValueSpecification","valueRequired":true,"valueName":"search_term_string"}}],"inLanguage":"pt-BR"},{"@type":"Organization","@id":"https:\/\/ponteseditores.com.br\/loja3\/#organization","name":"Pontes Editores","url":"https:\/\/ponteseditores.com.br\/loja3\/","logo":{"@type":"ImageObject","inLanguage":"pt-BR","@id":"https:\/\/ponteseditores.com.br\/loja3\/#\/schema\/logo\/image\/","url":"https:\/\/ponteseditores.com.br\/loja3\/wp-content\/uploads\/2023\/12\/logo-pontes-editores-v2.png","contentUrl":"https:\/\/ponteseditores.com.br\/loja3\/wp-content\/uploads\/2023\/12\/logo-pontes-editores-v2.png","width":258,"height":100,"caption":"Pontes Editores"},"image":{"@id":"https:\/\/ponteseditores.com.br\/loja3\/#\/schema\/logo\/image\/"}}]}},"_links":{"self":[{"href":"https:\/\/ponteseditores.com.br\/loja3\/wp-json\/wp\/v2\/product\/8328","targetHints":{"allow":["GET"]}}],"collection":[{"href":"https:\/\/ponteseditores.com.br\/loja3\/wp-json\/wp\/v2\/product"}],"about":[{"href":"https:\/\/ponteseditores.com.br\/loja3\/wp-json\/wp\/v2\/types\/product"}],"replies":[{"embeddable":true,"href":"https:\/\/ponteseditores.com.br\/loja3\/wp-json\/wp\/v2\/comments?post=8328"}],"version-history":[{"count":0,"href":"https:\/\/ponteseditores.com.br\/loja3\/wp-json\/wp\/v2\/product\/8328\/revisions"}],"wp:featuredmedia":[{"embeddable":true,"href":"https:\/\/ponteseditores.com.br\/loja3\/wp-json\/wp\/v2\/media\/8327"}],"wp:attachment":[{"href":"https:\/\/ponteseditores.com.br\/loja3\/wp-json\/wp\/v2\/media?parent=8328"}],"wp:term":[{"taxonomy":"product_brand","embeddable":true,"href":"https:\/\/ponteseditores.com.br\/loja3\/wp-json\/wp\/v2\/product_brand?post=8328"},{"taxonomy":"product_cat","embeddable":true,"href":"https:\/\/ponteseditores.com.br\/loja3\/wp-json\/wp\/v2\/product_cat?post=8328"},{"taxonomy":"product_tag","embeddable":true,"href":"https:\/\/ponteseditores.com.br\/loja3\/wp-json\/wp\/v2\/product_tag?post=8328"}],"curies":[{"name":"wp","href":"https:\/\/api.w.org\/{rel}","templated":true}]}}