{"id":8324,"date":"2023-12-16T00:17:58","date_gmt":"2023-12-16T03:17:58","guid":{"rendered":"https:\/\/ponteseditores.com.br\/loja3\/pontes-editores-home-2__trashed\/sem categoria\/so-riso-o-sorriso-como-discurso-pelo-movimento-do-gesto-sentido\/"},"modified":"2023-12-16T00:17:58","modified_gmt":"2023-12-16T03:17:58","slug":"so-riso-o-sorriso-como-discurso-pelo-movimento-do-gesto-sentido","status":"publish","type":"product","link":"https:\/\/ponteseditores.com.br\/loja3\/pontes-editores-home-2__trashed\/linguagem-e-linguas\/so-riso-o-sorriso-como-discurso-pelo-movimento-do-gesto-sentido\/","title":{"rendered":"(S\u00f3) Riso? O Sorriso como discurso: pelo movimento do gesto-sentido"},"content":{"rendered":"<p>Na presente obra, que resulta da sua pesquisa de doutorado, Diego Pereira nos apresenta uma discuss\u00e3o ousada e perspicaz sobre a discursividade do sorriso, rompendo com a dicotomia verbal \/ n\u00e3o-verbal, uma vez que busca compreender esse objeto discursivo a partir da perspectiva da An\u00e1lise de Discurso francesa. A fim de propor sua tese, Diego parte da concep\u00e7\u00e3o do conceito-guia da sua pesquisa, a saber, Gesto-Sentido, passando pelo efeito de sociabilidade que se produz em alguns de seus recortes, pela forma como a est\u00e9tica significa-o sorriso  e, por fim, pela rela\u00e7\u00e3o que se depreende com a subjetividade. Tomando o rosto como espa\u00e7o material de formula\u00e7\u00e3o do sorriso, Diego busca descrever e analisar o sorriso descolando-se de suas compreens\u00f5es mais tradicionais, calcadas na historiografia ou na fisiognomonia, por exemplo. Nem representa\u00e7\u00e3o, nem express\u00e3o, rosto e sorriso s\u00e3o tomados a partir da perspectiva da An\u00e1lise de Discurso e, para sua compreens\u00e3o, s\u00e3o mobilizados conceitos que comp\u00f5em o dispositivo anal\u00edtico da pesquisa: mem\u00f3ria, discurso, condi\u00e7\u00f5es de produ\u00e7\u00e3o, l\u00edngua e efeito de sentidos.<\/p>\n","protected":false},"excerpt":{"rendered":"<p>Na presente obra, que resulta da sua pesquisa de doutorado, Diego Pereira nos apresenta uma discuss\u00e3o ousada e perspicaz sobre a discursividade do sorriso, rompendo com a dicotomia verbal \/ n\u00e3o-verbal, uma vez que busca compreender esse objeto discursivo a partir da perspectiva da An\u00e1lise de Discurso francesa. A fim de propor sua tese, Diego [&hellip;]<\/p>\n","protected":false},"featured_media":8323,"comment_status":"open","ping_status":"closed","template":"","meta":{"_joinchat":[]},"product_brand":[],"product_cat":[301,321,290],"product_tag":[],"class_list":{"0":"post-8324","1":"product","2":"type-product","3":"status-publish","4":"has-post-thumbnail","6":"product_cat-analise-de-discurso","7":"product_cat-aspectos-sociais","8":"product_cat-linguagem-e-linguas","10":"first","11":"instock","12":"shipping-taxable","13":"purchasable","14":"product-type-simple"},"yoast_head":"<!-- This site is optimized with the Yoast SEO plugin v27.4 - https:\/\/yoast.com\/product\/yoast-seo-wordpress\/ -->\n<title>(S\u00f3) Riso? O Sorriso como discurso: pelo movimento do gesto-sentido - Pontes Editores<\/title>\n<meta name=\"robots\" content=\"index, follow, max-snippet:-1, max-image-preview:large, max-video-preview:-1\" \/>\n<link rel=\"canonical\" href=\"https:\/\/ponteseditores.com.br\/loja3\/pontes-editores-home-2__trashed\/linguagem-e-linguas\/so-riso-o-sorriso-como-discurso-pelo-movimento-do-gesto-sentido\/\" \/>\n<meta property=\"og:locale\" content=\"pt_BR\" \/>\n<meta property=\"og:type\" content=\"article\" \/>\n<meta property=\"og:title\" content=\"(S\u00f3) Riso? O Sorriso como discurso: pelo movimento do gesto-sentido - Pontes Editores\" \/>\n<meta property=\"og:description\" content=\"Na presente obra, que resulta da sua pesquisa de doutorado, Diego Pereira nos apresenta uma discuss\u00e3o ousada e perspicaz sobre a discursividade do sorriso, rompendo com a dicotomia verbal \/ n\u00e3o-verbal, uma vez que busca compreender esse objeto discursivo a partir da perspectiva da An\u00e1lise de Discurso francesa. A fim de propor sua tese, Diego [&hellip;]\" \/>\n<meta property=\"og:url\" content=\"https:\/\/ponteseditores.com.br\/loja3\/pontes-editores-home-2__trashed\/linguagem-e-linguas\/so-riso-o-sorriso-como-discurso-pelo-movimento-do-gesto-sentido\/\" \/>\n<meta property=\"og:site_name\" content=\"Pontes Editores\" \/>\n<meta property=\"og:image\" content=\"https:\/\/ponteseditores.com.br\/loja3\/wp-content\/uploads\/2023\/12\/sorriso1-3.jpg\" \/>\n\t<meta property=\"og:image:width\" content=\"900\" \/>\n\t<meta property=\"og:image:height\" content=\"1365\" \/>\n\t<meta property=\"og:image:type\" content=\"image\/jpeg\" \/>\n<meta name=\"twitter:card\" content=\"summary_large_image\" \/>\n<meta name=\"twitter:label1\" content=\"Est. tempo de leitura\" \/>\n\t<meta name=\"twitter:data1\" content=\"1 minuto\" \/>\n<script type=\"application\/ld+json\" class=\"yoast-schema-graph\">{\"@context\":\"https:\\\/\\\/schema.org\",\"@graph\":[{\"@type\":\"WebPage\",\"@id\":\"https:\\\/\\\/ponteseditores.com.br\\\/loja3\\\/pontes-editores-home-2__trashed\\\/linguagem-e-linguas\\\/so-riso-o-sorriso-como-discurso-pelo-movimento-do-gesto-sentido\\\/\",\"url\":\"https:\\\/\\\/ponteseditores.com.br\\\/loja3\\\/pontes-editores-home-2__trashed\\\/linguagem-e-linguas\\\/so-riso-o-sorriso-como-discurso-pelo-movimento-do-gesto-sentido\\\/\",\"name\":\"(S\u00f3) Riso? O Sorriso como discurso: pelo movimento do gesto-sentido - Pontes Editores\",\"isPartOf\":{\"@id\":\"https:\\\/\\\/ponteseditores.com.br\\\/loja3\\\/#website\"},\"primaryImageOfPage\":{\"@id\":\"https:\\\/\\\/ponteseditores.com.br\\\/loja3\\\/pontes-editores-home-2__trashed\\\/linguagem-e-linguas\\\/so-riso-o-sorriso-como-discurso-pelo-movimento-do-gesto-sentido\\\/#primaryimage\"},\"image\":{\"@id\":\"https:\\\/\\\/ponteseditores.com.br\\\/loja3\\\/pontes-editores-home-2__trashed\\\/linguagem-e-linguas\\\/so-riso-o-sorriso-como-discurso-pelo-movimento-do-gesto-sentido\\\/#primaryimage\"},\"thumbnailUrl\":\"https:\\\/\\\/ponteseditores.com.br\\\/loja3\\\/wp-content\\\/uploads\\\/2023\\\/12\\\/sorriso1-3.jpg\",\"datePublished\":\"2023-12-16T03:17:58+00:00\",\"breadcrumb\":{\"@id\":\"https:\\\/\\\/ponteseditores.com.br\\\/loja3\\\/pontes-editores-home-2__trashed\\\/linguagem-e-linguas\\\/so-riso-o-sorriso-como-discurso-pelo-movimento-do-gesto-sentido\\\/#breadcrumb\"},\"inLanguage\":\"pt-BR\",\"potentialAction\":[{\"@type\":\"ReadAction\",\"target\":[\"https:\\\/\\\/ponteseditores.com.br\\\/loja3\\\/pontes-editores-home-2__trashed\\\/linguagem-e-linguas\\\/so-riso-o-sorriso-como-discurso-pelo-movimento-do-gesto-sentido\\\/\"]}]},{\"@type\":\"ImageObject\",\"inLanguage\":\"pt-BR\",\"@id\":\"https:\\\/\\\/ponteseditores.com.br\\\/loja3\\\/pontes-editores-home-2__trashed\\\/linguagem-e-linguas\\\/so-riso-o-sorriso-como-discurso-pelo-movimento-do-gesto-sentido\\\/#primaryimage\",\"url\":\"https:\\\/\\\/ponteseditores.com.br\\\/loja3\\\/wp-content\\\/uploads\\\/2023\\\/12\\\/sorriso1-3.jpg\",\"contentUrl\":\"https:\\\/\\\/ponteseditores.com.br\\\/loja3\\\/wp-content\\\/uploads\\\/2023\\\/12\\\/sorriso1-3.jpg\",\"width\":900,\"height\":1365},{\"@type\":\"BreadcrumbList\",\"@id\":\"https:\\\/\\\/ponteseditores.com.br\\\/loja3\\\/pontes-editores-home-2__trashed\\\/linguagem-e-linguas\\\/so-riso-o-sorriso-como-discurso-pelo-movimento-do-gesto-sentido\\\/#breadcrumb\",\"itemListElement\":[{\"@type\":\"ListItem\",\"position\":1,\"name\":\"Home\",\"item\":\"https:\\\/\\\/ponteseditores.com.br\\\/loja3\\\/\"},{\"@type\":\"ListItem\",\"position\":2,\"name\":\"loja\",\"item\":\"https:\\\/\\\/ponteseditores.com.br\\\/loja3\\\/loja\\\/\"},{\"@type\":\"ListItem\",\"position\":3,\"name\":\"(S\u00f3) Riso? O Sorriso como discurso: pelo movimento do gesto-sentido\"}]},{\"@type\":\"WebSite\",\"@id\":\"https:\\\/\\\/ponteseditores.com.br\\\/loja3\\\/#website\",\"url\":\"https:\\\/\\\/ponteseditores.com.br\\\/loja3\\\/\",\"name\":\"Pontes Editores\",\"description\":\"Pontes Editores\",\"publisher\":{\"@id\":\"https:\\\/\\\/ponteseditores.com.br\\\/loja3\\\/#organization\"},\"potentialAction\":[{\"@type\":\"SearchAction\",\"target\":{\"@type\":\"EntryPoint\",\"urlTemplate\":\"https:\\\/\\\/ponteseditores.com.br\\\/loja3\\\/?s={search_term_string}\"},\"query-input\":{\"@type\":\"PropertyValueSpecification\",\"valueRequired\":true,\"valueName\":\"search_term_string\"}}],\"inLanguage\":\"pt-BR\"},{\"@type\":\"Organization\",\"@id\":\"https:\\\/\\\/ponteseditores.com.br\\\/loja3\\\/#organization\",\"name\":\"Pontes Editores\",\"url\":\"https:\\\/\\\/ponteseditores.com.br\\\/loja3\\\/\",\"logo\":{\"@type\":\"ImageObject\",\"inLanguage\":\"pt-BR\",\"@id\":\"https:\\\/\\\/ponteseditores.com.br\\\/loja3\\\/#\\\/schema\\\/logo\\\/image\\\/\",\"url\":\"https:\\\/\\\/ponteseditores.com.br\\\/loja3\\\/wp-content\\\/uploads\\\/2023\\\/12\\\/logo-pontes-editores-v2.png\",\"contentUrl\":\"https:\\\/\\\/ponteseditores.com.br\\\/loja3\\\/wp-content\\\/uploads\\\/2023\\\/12\\\/logo-pontes-editores-v2.png\",\"width\":258,\"height\":100,\"caption\":\"Pontes Editores\"},\"image\":{\"@id\":\"https:\\\/\\\/ponteseditores.com.br\\\/loja3\\\/#\\\/schema\\\/logo\\\/image\\\/\"}}]}<\/script>\n<!-- \/ Yoast SEO plugin. -->","yoast_head_json":{"title":"(S\u00f3) Riso? O Sorriso como discurso: pelo movimento do gesto-sentido - Pontes Editores","robots":{"index":"index","follow":"follow","max-snippet":"max-snippet:-1","max-image-preview":"max-image-preview:large","max-video-preview":"max-video-preview:-1"},"canonical":"https:\/\/ponteseditores.com.br\/loja3\/pontes-editores-home-2__trashed\/linguagem-e-linguas\/so-riso-o-sorriso-como-discurso-pelo-movimento-do-gesto-sentido\/","og_locale":"pt_BR","og_type":"article","og_title":"(S\u00f3) Riso? O Sorriso como discurso: pelo movimento do gesto-sentido - Pontes Editores","og_description":"Na presente obra, que resulta da sua pesquisa de doutorado, Diego Pereira nos apresenta uma discuss\u00e3o ousada e perspicaz sobre a discursividade do sorriso, rompendo com a dicotomia verbal \/ n\u00e3o-verbal, uma vez que busca compreender esse objeto discursivo a partir da perspectiva da An\u00e1lise de Discurso francesa. A fim de propor sua tese, Diego [&hellip;]","og_url":"https:\/\/ponteseditores.com.br\/loja3\/pontes-editores-home-2__trashed\/linguagem-e-linguas\/so-riso-o-sorriso-como-discurso-pelo-movimento-do-gesto-sentido\/","og_site_name":"Pontes Editores","og_image":[{"width":900,"height":1365,"url":"https:\/\/ponteseditores.com.br\/loja3\/wp-content\/uploads\/2023\/12\/sorriso1-3.jpg","type":"image\/jpeg"}],"twitter_card":"summary_large_image","twitter_misc":{"Est. tempo de leitura":"1 minuto"},"schema":{"@context":"https:\/\/schema.org","@graph":[{"@type":"WebPage","@id":"https:\/\/ponteseditores.com.br\/loja3\/pontes-editores-home-2__trashed\/linguagem-e-linguas\/so-riso-o-sorriso-como-discurso-pelo-movimento-do-gesto-sentido\/","url":"https:\/\/ponteseditores.com.br\/loja3\/pontes-editores-home-2__trashed\/linguagem-e-linguas\/so-riso-o-sorriso-como-discurso-pelo-movimento-do-gesto-sentido\/","name":"(S\u00f3) Riso? O Sorriso como discurso: pelo movimento do gesto-sentido - Pontes Editores","isPartOf":{"@id":"https:\/\/ponteseditores.com.br\/loja3\/#website"},"primaryImageOfPage":{"@id":"https:\/\/ponteseditores.com.br\/loja3\/pontes-editores-home-2__trashed\/linguagem-e-linguas\/so-riso-o-sorriso-como-discurso-pelo-movimento-do-gesto-sentido\/#primaryimage"},"image":{"@id":"https:\/\/ponteseditores.com.br\/loja3\/pontes-editores-home-2__trashed\/linguagem-e-linguas\/so-riso-o-sorriso-como-discurso-pelo-movimento-do-gesto-sentido\/#primaryimage"},"thumbnailUrl":"https:\/\/ponteseditores.com.br\/loja3\/wp-content\/uploads\/2023\/12\/sorriso1-3.jpg","datePublished":"2023-12-16T03:17:58+00:00","breadcrumb":{"@id":"https:\/\/ponteseditores.com.br\/loja3\/pontes-editores-home-2__trashed\/linguagem-e-linguas\/so-riso-o-sorriso-como-discurso-pelo-movimento-do-gesto-sentido\/#breadcrumb"},"inLanguage":"pt-BR","potentialAction":[{"@type":"ReadAction","target":["https:\/\/ponteseditores.com.br\/loja3\/pontes-editores-home-2__trashed\/linguagem-e-linguas\/so-riso-o-sorriso-como-discurso-pelo-movimento-do-gesto-sentido\/"]}]},{"@type":"ImageObject","inLanguage":"pt-BR","@id":"https:\/\/ponteseditores.com.br\/loja3\/pontes-editores-home-2__trashed\/linguagem-e-linguas\/so-riso-o-sorriso-como-discurso-pelo-movimento-do-gesto-sentido\/#primaryimage","url":"https:\/\/ponteseditores.com.br\/loja3\/wp-content\/uploads\/2023\/12\/sorriso1-3.jpg","contentUrl":"https:\/\/ponteseditores.com.br\/loja3\/wp-content\/uploads\/2023\/12\/sorriso1-3.jpg","width":900,"height":1365},{"@type":"BreadcrumbList","@id":"https:\/\/ponteseditores.com.br\/loja3\/pontes-editores-home-2__trashed\/linguagem-e-linguas\/so-riso-o-sorriso-como-discurso-pelo-movimento-do-gesto-sentido\/#breadcrumb","itemListElement":[{"@type":"ListItem","position":1,"name":"Home","item":"https:\/\/ponteseditores.com.br\/loja3\/"},{"@type":"ListItem","position":2,"name":"loja","item":"https:\/\/ponteseditores.com.br\/loja3\/loja\/"},{"@type":"ListItem","position":3,"name":"(S\u00f3) Riso? O Sorriso como discurso: pelo movimento do gesto-sentido"}]},{"@type":"WebSite","@id":"https:\/\/ponteseditores.com.br\/loja3\/#website","url":"https:\/\/ponteseditores.com.br\/loja3\/","name":"Pontes Editores","description":"Pontes Editores","publisher":{"@id":"https:\/\/ponteseditores.com.br\/loja3\/#organization"},"potentialAction":[{"@type":"SearchAction","target":{"@type":"EntryPoint","urlTemplate":"https:\/\/ponteseditores.com.br\/loja3\/?s={search_term_string}"},"query-input":{"@type":"PropertyValueSpecification","valueRequired":true,"valueName":"search_term_string"}}],"inLanguage":"pt-BR"},{"@type":"Organization","@id":"https:\/\/ponteseditores.com.br\/loja3\/#organization","name":"Pontes Editores","url":"https:\/\/ponteseditores.com.br\/loja3\/","logo":{"@type":"ImageObject","inLanguage":"pt-BR","@id":"https:\/\/ponteseditores.com.br\/loja3\/#\/schema\/logo\/image\/","url":"https:\/\/ponteseditores.com.br\/loja3\/wp-content\/uploads\/2023\/12\/logo-pontes-editores-v2.png","contentUrl":"https:\/\/ponteseditores.com.br\/loja3\/wp-content\/uploads\/2023\/12\/logo-pontes-editores-v2.png","width":258,"height":100,"caption":"Pontes Editores"},"image":{"@id":"https:\/\/ponteseditores.com.br\/loja3\/#\/schema\/logo\/image\/"}}]}},"_links":{"self":[{"href":"https:\/\/ponteseditores.com.br\/loja3\/wp-json\/wp\/v2\/product\/8324","targetHints":{"allow":["GET"]}}],"collection":[{"href":"https:\/\/ponteseditores.com.br\/loja3\/wp-json\/wp\/v2\/product"}],"about":[{"href":"https:\/\/ponteseditores.com.br\/loja3\/wp-json\/wp\/v2\/types\/product"}],"replies":[{"embeddable":true,"href":"https:\/\/ponteseditores.com.br\/loja3\/wp-json\/wp\/v2\/comments?post=8324"}],"version-history":[{"count":0,"href":"https:\/\/ponteseditores.com.br\/loja3\/wp-json\/wp\/v2\/product\/8324\/revisions"}],"wp:featuredmedia":[{"embeddable":true,"href":"https:\/\/ponteseditores.com.br\/loja3\/wp-json\/wp\/v2\/media\/8323"}],"wp:attachment":[{"href":"https:\/\/ponteseditores.com.br\/loja3\/wp-json\/wp\/v2\/media?parent=8324"}],"wp:term":[{"taxonomy":"product_brand","embeddable":true,"href":"https:\/\/ponteseditores.com.br\/loja3\/wp-json\/wp\/v2\/product_brand?post=8324"},{"taxonomy":"product_cat","embeddable":true,"href":"https:\/\/ponteseditores.com.br\/loja3\/wp-json\/wp\/v2\/product_cat?post=8324"},{"taxonomy":"product_tag","embeddable":true,"href":"https:\/\/ponteseditores.com.br\/loja3\/wp-json\/wp\/v2\/product_tag?post=8324"}],"curies":[{"name":"wp","href":"https:\/\/api.w.org\/{rel}","templated":true}]}}