{"id":8322,"date":"2023-12-16T00:17:57","date_gmt":"2023-12-16T03:17:57","guid":{"rendered":"https:\/\/ponteseditores.com.br\/loja3\/pontes-editores-home-2__trashed\/sem categoria\/tecnologia-e-esquecimento-uma-critica-a-representacoes-universais-de-linguagem\/"},"modified":"2025-05-11T08:08:48","modified_gmt":"2025-05-11T11:08:48","slug":"tecnologia-e-esquecimento-uma-critica-a-representacoes-universais-de-linguagem","status":"publish","type":"product","link":"https:\/\/ponteseditores.com.br\/loja3\/pontes-editores-home-2__trashed\/linguagem-e-linguas\/tecnologia-e-esquecimento-uma-critica-a-representacoes-universais-de-linguagem\/","title":{"rendered":"Tecnologia e Esquecimento: uma cr\u00edtica a representa\u00e7\u00f5es universais de linguagem"},"content":{"rendered":"<p>O analista de discurso precisa inverter, a todo passo que d\u00e1, a f\u00f3rmula que insiste em colocar o contingente como determinado pelo necess\u00e1rio, e o material como a iman\u00eancia da ideia.  Se, logo no come\u00e7o, propusemos que a materialidade da escrita n\u00e3o \u00e9 a mesma que a materialidade da l\u00edngua, ent\u00e3o precisamos levar esse reconhecimento at\u00e9 seu fim. Fazer isso \u00e9 admitir que a discursividade do enunciado \u00e9 determinada por mais do que a materialidade da hist\u00f3ria e da l\u00edngua. Tamb\u00e9m faz parte do jogo a materialidade de suas formas concretas de circula\u00e7\u00e3o. O apagamento regular do papel dessa materialidade t\u00e9cnica constitui, na nossa leitura, algo que n\u00e3o pode ser descrito como menos do que uma forma de esquecimento discreta e defin\u00edvel para a an\u00e1lise de discurso. Um esquecimento da espessura t\u00e9cnica de um enunciado. \u00c9 desse esquecimento que nos coube aqui, falar.<\/p>\n","protected":false},"excerpt":{"rendered":"<p>O analista de discurso precisa inverter, a todo passo que d\u00e1, a f\u00f3rmula que insiste em colocar o contingente como determinado pelo necess\u00e1rio, e o material como a iman\u00eancia da ideia. Se, logo no come\u00e7o, propusemos que a materialidade da escrita n\u00e3o \u00e9 a mesma que a materialidade da l\u00edngua, ent\u00e3o precisamos levar esse reconhecimento [&hellip;]<\/p>\n","protected":false},"featured_media":8321,"comment_status":"open","ping_status":"closed","template":"","meta":{"_joinchat":[]},"product_brand":[],"product_cat":[301,298,290],"product_tag":[],"class_list":{"0":"post-8322","1":"product","2":"type-product","3":"status-publish","4":"has-post-thumbnail","6":"product_cat-analise-de-discurso","7":"product_cat-discurso","8":"product_cat-linguagem-e-linguas","10":"first","11":"instock","12":"shipping-taxable","13":"purchasable","14":"product-type-simple"},"yoast_head":"<!-- This site is optimized with the Yoast SEO plugin v27.4 - https:\/\/yoast.com\/product\/yoast-seo-wordpress\/ -->\n<title>Tecnologia e Esquecimento: uma cr\u00edtica a representa\u00e7\u00f5es universais de linguagem - Pontes Editores<\/title>\n<meta name=\"robots\" content=\"index, follow, max-snippet:-1, max-image-preview:large, max-video-preview:-1\" \/>\n<link rel=\"canonical\" href=\"https:\/\/ponteseditores.com.br\/loja3\/pontes-editores-home-2__trashed\/linguagem-e-linguas\/tecnologia-e-esquecimento-uma-critica-a-representacoes-universais-de-linguagem\/\" \/>\n<meta property=\"og:locale\" content=\"pt_BR\" \/>\n<meta property=\"og:type\" content=\"article\" \/>\n<meta property=\"og:title\" content=\"Tecnologia e Esquecimento: uma cr\u00edtica a representa\u00e7\u00f5es universais de linguagem - Pontes Editores\" \/>\n<meta property=\"og:description\" content=\"O analista de discurso precisa inverter, a todo passo que d\u00e1, a f\u00f3rmula que insiste em colocar o contingente como determinado pelo necess\u00e1rio, e o material como a iman\u00eancia da ideia. Se, logo no come\u00e7o, propusemos que a materialidade da escrita n\u00e3o \u00e9 a mesma que a materialidade da l\u00edngua, ent\u00e3o precisamos levar esse reconhecimento [&hellip;]\" \/>\n<meta property=\"og:url\" content=\"https:\/\/ponteseditores.com.br\/loja3\/pontes-editores-home-2__trashed\/linguagem-e-linguas\/tecnologia-e-esquecimento-uma-critica-a-representacoes-universais-de-linguagem\/\" \/>\n<meta property=\"og:site_name\" content=\"Pontes Editores\" \/>\n<meta property=\"article:modified_time\" content=\"2025-05-11T11:08:48+00:00\" \/>\n<meta property=\"og:image\" content=\"https:\/\/ponteseditores.com.br\/loja3\/wp-content\/uploads\/2023\/12\/Capa_Tecnologia_Esquecimento-3.jpg\" \/>\n\t<meta property=\"og:image:width\" content=\"945\" \/>\n\t<meta property=\"og:image:height\" content=\"1358\" \/>\n\t<meta property=\"og:image:type\" content=\"image\/jpeg\" \/>\n<meta name=\"twitter:card\" content=\"summary_large_image\" \/>\n<meta name=\"twitter:label1\" content=\"Est. tempo de leitura\" \/>\n\t<meta name=\"twitter:data1\" content=\"1 minuto\" \/>\n<script type=\"application\/ld+json\" class=\"yoast-schema-graph\">{\"@context\":\"https:\\\/\\\/schema.org\",\"@graph\":[{\"@type\":\"WebPage\",\"@id\":\"https:\\\/\\\/ponteseditores.com.br\\\/loja3\\\/pontes-editores-home-2__trashed\\\/linguagem-e-linguas\\\/tecnologia-e-esquecimento-uma-critica-a-representacoes-universais-de-linguagem\\\/\",\"url\":\"https:\\\/\\\/ponteseditores.com.br\\\/loja3\\\/pontes-editores-home-2__trashed\\\/linguagem-e-linguas\\\/tecnologia-e-esquecimento-uma-critica-a-representacoes-universais-de-linguagem\\\/\",\"name\":\"Tecnologia e Esquecimento: uma cr\u00edtica a representa\u00e7\u00f5es universais de linguagem - Pontes Editores\",\"isPartOf\":{\"@id\":\"https:\\\/\\\/ponteseditores.com.br\\\/loja3\\\/#website\"},\"primaryImageOfPage\":{\"@id\":\"https:\\\/\\\/ponteseditores.com.br\\\/loja3\\\/pontes-editores-home-2__trashed\\\/linguagem-e-linguas\\\/tecnologia-e-esquecimento-uma-critica-a-representacoes-universais-de-linguagem\\\/#primaryimage\"},\"image\":{\"@id\":\"https:\\\/\\\/ponteseditores.com.br\\\/loja3\\\/pontes-editores-home-2__trashed\\\/linguagem-e-linguas\\\/tecnologia-e-esquecimento-uma-critica-a-representacoes-universais-de-linguagem\\\/#primaryimage\"},\"thumbnailUrl\":\"https:\\\/\\\/ponteseditores.com.br\\\/loja3\\\/wp-content\\\/uploads\\\/2023\\\/12\\\/Capa_Tecnologia_Esquecimento-3.jpg\",\"datePublished\":\"2023-12-16T03:17:57+00:00\",\"dateModified\":\"2025-05-11T11:08:48+00:00\",\"breadcrumb\":{\"@id\":\"https:\\\/\\\/ponteseditores.com.br\\\/loja3\\\/pontes-editores-home-2__trashed\\\/linguagem-e-linguas\\\/tecnologia-e-esquecimento-uma-critica-a-representacoes-universais-de-linguagem\\\/#breadcrumb\"},\"inLanguage\":\"pt-BR\",\"potentialAction\":[{\"@type\":\"ReadAction\",\"target\":[\"https:\\\/\\\/ponteseditores.com.br\\\/loja3\\\/pontes-editores-home-2__trashed\\\/linguagem-e-linguas\\\/tecnologia-e-esquecimento-uma-critica-a-representacoes-universais-de-linguagem\\\/\"]}]},{\"@type\":\"ImageObject\",\"inLanguage\":\"pt-BR\",\"@id\":\"https:\\\/\\\/ponteseditores.com.br\\\/loja3\\\/pontes-editores-home-2__trashed\\\/linguagem-e-linguas\\\/tecnologia-e-esquecimento-uma-critica-a-representacoes-universais-de-linguagem\\\/#primaryimage\",\"url\":\"https:\\\/\\\/ponteseditores.com.br\\\/loja3\\\/wp-content\\\/uploads\\\/2023\\\/12\\\/Capa_Tecnologia_Esquecimento-3.jpg\",\"contentUrl\":\"https:\\\/\\\/ponteseditores.com.br\\\/loja3\\\/wp-content\\\/uploads\\\/2023\\\/12\\\/Capa_Tecnologia_Esquecimento-3.jpg\",\"width\":945,\"height\":1358},{\"@type\":\"BreadcrumbList\",\"@id\":\"https:\\\/\\\/ponteseditores.com.br\\\/loja3\\\/pontes-editores-home-2__trashed\\\/linguagem-e-linguas\\\/tecnologia-e-esquecimento-uma-critica-a-representacoes-universais-de-linguagem\\\/#breadcrumb\",\"itemListElement\":[{\"@type\":\"ListItem\",\"position\":1,\"name\":\"Home\",\"item\":\"https:\\\/\\\/ponteseditores.com.br\\\/loja3\\\/\"},{\"@type\":\"ListItem\",\"position\":2,\"name\":\"loja\",\"item\":\"https:\\\/\\\/ponteseditores.com.br\\\/loja3\\\/loja\\\/\"},{\"@type\":\"ListItem\",\"position\":3,\"name\":\"Tecnologia e Esquecimento: uma cr\u00edtica a representa\u00e7\u00f5es universais de linguagem\"}]},{\"@type\":\"WebSite\",\"@id\":\"https:\\\/\\\/ponteseditores.com.br\\\/loja3\\\/#website\",\"url\":\"https:\\\/\\\/ponteseditores.com.br\\\/loja3\\\/\",\"name\":\"Pontes Editores\",\"description\":\"Pontes Editores\",\"publisher\":{\"@id\":\"https:\\\/\\\/ponteseditores.com.br\\\/loja3\\\/#organization\"},\"potentialAction\":[{\"@type\":\"SearchAction\",\"target\":{\"@type\":\"EntryPoint\",\"urlTemplate\":\"https:\\\/\\\/ponteseditores.com.br\\\/loja3\\\/?s={search_term_string}\"},\"query-input\":{\"@type\":\"PropertyValueSpecification\",\"valueRequired\":true,\"valueName\":\"search_term_string\"}}],\"inLanguage\":\"pt-BR\"},{\"@type\":\"Organization\",\"@id\":\"https:\\\/\\\/ponteseditores.com.br\\\/loja3\\\/#organization\",\"name\":\"Pontes Editores\",\"url\":\"https:\\\/\\\/ponteseditores.com.br\\\/loja3\\\/\",\"logo\":{\"@type\":\"ImageObject\",\"inLanguage\":\"pt-BR\",\"@id\":\"https:\\\/\\\/ponteseditores.com.br\\\/loja3\\\/#\\\/schema\\\/logo\\\/image\\\/\",\"url\":\"https:\\\/\\\/ponteseditores.com.br\\\/loja3\\\/wp-content\\\/uploads\\\/2023\\\/12\\\/logo-pontes-editores-v2.png\",\"contentUrl\":\"https:\\\/\\\/ponteseditores.com.br\\\/loja3\\\/wp-content\\\/uploads\\\/2023\\\/12\\\/logo-pontes-editores-v2.png\",\"width\":258,\"height\":100,\"caption\":\"Pontes Editores\"},\"image\":{\"@id\":\"https:\\\/\\\/ponteseditores.com.br\\\/loja3\\\/#\\\/schema\\\/logo\\\/image\\\/\"}}]}<\/script>\n<!-- \/ Yoast SEO plugin. -->","yoast_head_json":{"title":"Tecnologia e Esquecimento: uma cr\u00edtica a representa\u00e7\u00f5es universais de linguagem - Pontes Editores","robots":{"index":"index","follow":"follow","max-snippet":"max-snippet:-1","max-image-preview":"max-image-preview:large","max-video-preview":"max-video-preview:-1"},"canonical":"https:\/\/ponteseditores.com.br\/loja3\/pontes-editores-home-2__trashed\/linguagem-e-linguas\/tecnologia-e-esquecimento-uma-critica-a-representacoes-universais-de-linguagem\/","og_locale":"pt_BR","og_type":"article","og_title":"Tecnologia e Esquecimento: uma cr\u00edtica a representa\u00e7\u00f5es universais de linguagem - Pontes Editores","og_description":"O analista de discurso precisa inverter, a todo passo que d\u00e1, a f\u00f3rmula que insiste em colocar o contingente como determinado pelo necess\u00e1rio, e o material como a iman\u00eancia da ideia. Se, logo no come\u00e7o, propusemos que a materialidade da escrita n\u00e3o \u00e9 a mesma que a materialidade da l\u00edngua, ent\u00e3o precisamos levar esse reconhecimento [&hellip;]","og_url":"https:\/\/ponteseditores.com.br\/loja3\/pontes-editores-home-2__trashed\/linguagem-e-linguas\/tecnologia-e-esquecimento-uma-critica-a-representacoes-universais-de-linguagem\/","og_site_name":"Pontes Editores","article_modified_time":"2025-05-11T11:08:48+00:00","og_image":[{"width":945,"height":1358,"url":"https:\/\/ponteseditores.com.br\/loja3\/wp-content\/uploads\/2023\/12\/Capa_Tecnologia_Esquecimento-3.jpg","type":"image\/jpeg"}],"twitter_card":"summary_large_image","twitter_misc":{"Est. tempo de leitura":"1 minuto"},"schema":{"@context":"https:\/\/schema.org","@graph":[{"@type":"WebPage","@id":"https:\/\/ponteseditores.com.br\/loja3\/pontes-editores-home-2__trashed\/linguagem-e-linguas\/tecnologia-e-esquecimento-uma-critica-a-representacoes-universais-de-linguagem\/","url":"https:\/\/ponteseditores.com.br\/loja3\/pontes-editores-home-2__trashed\/linguagem-e-linguas\/tecnologia-e-esquecimento-uma-critica-a-representacoes-universais-de-linguagem\/","name":"Tecnologia e Esquecimento: uma cr\u00edtica a representa\u00e7\u00f5es universais de linguagem - Pontes Editores","isPartOf":{"@id":"https:\/\/ponteseditores.com.br\/loja3\/#website"},"primaryImageOfPage":{"@id":"https:\/\/ponteseditores.com.br\/loja3\/pontes-editores-home-2__trashed\/linguagem-e-linguas\/tecnologia-e-esquecimento-uma-critica-a-representacoes-universais-de-linguagem\/#primaryimage"},"image":{"@id":"https:\/\/ponteseditores.com.br\/loja3\/pontes-editores-home-2__trashed\/linguagem-e-linguas\/tecnologia-e-esquecimento-uma-critica-a-representacoes-universais-de-linguagem\/#primaryimage"},"thumbnailUrl":"https:\/\/ponteseditores.com.br\/loja3\/wp-content\/uploads\/2023\/12\/Capa_Tecnologia_Esquecimento-3.jpg","datePublished":"2023-12-16T03:17:57+00:00","dateModified":"2025-05-11T11:08:48+00:00","breadcrumb":{"@id":"https:\/\/ponteseditores.com.br\/loja3\/pontes-editores-home-2__trashed\/linguagem-e-linguas\/tecnologia-e-esquecimento-uma-critica-a-representacoes-universais-de-linguagem\/#breadcrumb"},"inLanguage":"pt-BR","potentialAction":[{"@type":"ReadAction","target":["https:\/\/ponteseditores.com.br\/loja3\/pontes-editores-home-2__trashed\/linguagem-e-linguas\/tecnologia-e-esquecimento-uma-critica-a-representacoes-universais-de-linguagem\/"]}]},{"@type":"ImageObject","inLanguage":"pt-BR","@id":"https:\/\/ponteseditores.com.br\/loja3\/pontes-editores-home-2__trashed\/linguagem-e-linguas\/tecnologia-e-esquecimento-uma-critica-a-representacoes-universais-de-linguagem\/#primaryimage","url":"https:\/\/ponteseditores.com.br\/loja3\/wp-content\/uploads\/2023\/12\/Capa_Tecnologia_Esquecimento-3.jpg","contentUrl":"https:\/\/ponteseditores.com.br\/loja3\/wp-content\/uploads\/2023\/12\/Capa_Tecnologia_Esquecimento-3.jpg","width":945,"height":1358},{"@type":"BreadcrumbList","@id":"https:\/\/ponteseditores.com.br\/loja3\/pontes-editores-home-2__trashed\/linguagem-e-linguas\/tecnologia-e-esquecimento-uma-critica-a-representacoes-universais-de-linguagem\/#breadcrumb","itemListElement":[{"@type":"ListItem","position":1,"name":"Home","item":"https:\/\/ponteseditores.com.br\/loja3\/"},{"@type":"ListItem","position":2,"name":"loja","item":"https:\/\/ponteseditores.com.br\/loja3\/loja\/"},{"@type":"ListItem","position":3,"name":"Tecnologia e Esquecimento: uma cr\u00edtica a representa\u00e7\u00f5es universais de linguagem"}]},{"@type":"WebSite","@id":"https:\/\/ponteseditores.com.br\/loja3\/#website","url":"https:\/\/ponteseditores.com.br\/loja3\/","name":"Pontes Editores","description":"Pontes Editores","publisher":{"@id":"https:\/\/ponteseditores.com.br\/loja3\/#organization"},"potentialAction":[{"@type":"SearchAction","target":{"@type":"EntryPoint","urlTemplate":"https:\/\/ponteseditores.com.br\/loja3\/?s={search_term_string}"},"query-input":{"@type":"PropertyValueSpecification","valueRequired":true,"valueName":"search_term_string"}}],"inLanguage":"pt-BR"},{"@type":"Organization","@id":"https:\/\/ponteseditores.com.br\/loja3\/#organization","name":"Pontes Editores","url":"https:\/\/ponteseditores.com.br\/loja3\/","logo":{"@type":"ImageObject","inLanguage":"pt-BR","@id":"https:\/\/ponteseditores.com.br\/loja3\/#\/schema\/logo\/image\/","url":"https:\/\/ponteseditores.com.br\/loja3\/wp-content\/uploads\/2023\/12\/logo-pontes-editores-v2.png","contentUrl":"https:\/\/ponteseditores.com.br\/loja3\/wp-content\/uploads\/2023\/12\/logo-pontes-editores-v2.png","width":258,"height":100,"caption":"Pontes Editores"},"image":{"@id":"https:\/\/ponteseditores.com.br\/loja3\/#\/schema\/logo\/image\/"}}]}},"_links":{"self":[{"href":"https:\/\/ponteseditores.com.br\/loja3\/wp-json\/wp\/v2\/product\/8322","targetHints":{"allow":["GET"]}}],"collection":[{"href":"https:\/\/ponteseditores.com.br\/loja3\/wp-json\/wp\/v2\/product"}],"about":[{"href":"https:\/\/ponteseditores.com.br\/loja3\/wp-json\/wp\/v2\/types\/product"}],"replies":[{"embeddable":true,"href":"https:\/\/ponteseditores.com.br\/loja3\/wp-json\/wp\/v2\/comments?post=8322"}],"version-history":[{"count":0,"href":"https:\/\/ponteseditores.com.br\/loja3\/wp-json\/wp\/v2\/product\/8322\/revisions"}],"wp:featuredmedia":[{"embeddable":true,"href":"https:\/\/ponteseditores.com.br\/loja3\/wp-json\/wp\/v2\/media\/8321"}],"wp:attachment":[{"href":"https:\/\/ponteseditores.com.br\/loja3\/wp-json\/wp\/v2\/media?parent=8322"}],"wp:term":[{"taxonomy":"product_brand","embeddable":true,"href":"https:\/\/ponteseditores.com.br\/loja3\/wp-json\/wp\/v2\/product_brand?post=8322"},{"taxonomy":"product_cat","embeddable":true,"href":"https:\/\/ponteseditores.com.br\/loja3\/wp-json\/wp\/v2\/product_cat?post=8322"},{"taxonomy":"product_tag","embeddable":true,"href":"https:\/\/ponteseditores.com.br\/loja3\/wp-json\/wp\/v2\/product_tag?post=8322"}],"curies":[{"name":"wp","href":"https:\/\/api.w.org\/{rel}","templated":true}]}}