{"id":8320,"date":"2023-12-16T00:17:55","date_gmt":"2023-12-16T03:17:55","guid":{"rendered":"https:\/\/ponteseditores.com.br\/loja3\/pontes-editores-home-2__trashed\/sem%20categoria\/a-arte-de-tecer-o-tempo-perspectivas-feministas\/"},"modified":"2025-05-08T11:05:37","modified_gmt":"2025-05-08T14:05:37","slug":"a-arte-de-tecer-o-tempo-perspectivas-feministas","status":"publish","type":"product","link":"https:\/\/ponteseditores.com.br\/loja3\/pontes-editores-home-2__trashed\/diversidade\/a-arte-de-tecer-o-tempo-perspectivas-feministas\/","title":{"rendered":"A arte de tecer o tempo &#8211; perspectivas feministas"},"content":{"rendered":"<p>2\u00ba Edi\u00e7\u00e3o<\/p>\n<p>Desvelar, reconhecer e conhecer o trabalho realizado pelas mulheres no espa\u00e7o dom\u00e9stico tem sido um desafio e est\u00edmulo que move as pesquisas e a\u00e7\u00f5es em torno do feminismo e dos estudos de g\u00eanero e uso do tempo. Desta forma, mobilizar as categorias e conceitos que nos ajudam a reconhecer as rela\u00e7\u00f5es de poder, e que, sobretudo, nos oferecem instrumentos de den\u00fancia, de proposi\u00e7\u00e3o de pol\u00edticas p\u00fablicas e projetos sociais e econ\u00f4micos que contribuam para a transforma\u00e7\u00e3o desta realidade e autonomia das mulheres, tem sido um dos objetivos deste campo de pesquisas.<\/p>\n<p>Divis\u00e3o sexual do trabalho, trabalho dom\u00e9stico e de cuidados, trabalho pago e n\u00e3o pago, uso do tempo s\u00e3o conceitos e categorias que mobilizam as mulheres pesquisadoras e militantes, pois al\u00e9m de serem lentes de an\u00e1lises para os problemas de pesquisa, ganham sentido para a a\u00e7\u00e3o pol\u00edtica dos movimentos e organiza\u00e7\u00f5es feministas e de mulheres. Os textos aqui apresentados trazem uma riqueza metodol\u00f3gica para o desenvolvimento de pesquisas e obten\u00e7\u00e3o de dados.<\/p>\n<p>S\u00e3o estudos elaborados por grupos de pesquisadoras\/es de diversas \u00e1reas de conhecimento como Economia, Sociologia, Estat\u00edstica e Psicologia que demonstram a necessidade do olhar complexo e interdisciplinar para a abordagem deste tema como pr\u00e1tica fundamental do di\u00e1logo de saberes. Por fim, o livro faz uma importante homenagem \u00e0 Professora Neuma Aguiar pelo reconhecimento da contribui\u00e7\u00e3o de suas pesquisas como parte da trajet\u00f3ria dos estudos do uso do tempo, como mulher pesquisadora engajada e feminista que contribui para um projeto de transforma\u00e7\u00e3o da realidade da vida das mulheres no Brasil e no mundo.<\/p>\n<p>Prof\u00aa. Dr\u00aa. Laeticia Jalil<\/p>\n<p>Universidade Federal Rural de Pernambuco<\/p>\n","protected":false},"excerpt":{"rendered":"<p>2\u00ba Edi\u00e7\u00e3o Desvelar, reconhecer e conhecer o trabalho realizado pelas mulheres no espa\u00e7o dom\u00e9stico tem sido um desafio e est\u00edmulo que move as pesquisas e a\u00e7\u00f5es em torno do feminismo e dos estudos de g\u00eanero e uso do tempo. Desta forma, mobilizar as categorias e conceitos que nos ajudam a reconhecer as rela\u00e7\u00f5es de poder, [&hellip;]<\/p>\n","protected":false},"featured_media":8319,"comment_status":"open","ping_status":"closed","template":"","meta":{"_joinchat":[]},"product_brand":[],"product_cat":[321,296,300],"product_tag":[],"class_list":{"0":"post-8320","1":"product","2":"type-product","3":"status-publish","4":"has-post-thumbnail","6":"product_cat-aspectos-sociais","7":"product_cat-diversidade","8":"product_cat-inclusao-e-diversidade","10":"first","11":"outofstock","12":"shipping-taxable","13":"purchasable","14":"product-type-simple"},"yoast_head":"<!-- This site is optimized with the Yoast SEO plugin v27.4 - https:\/\/yoast.com\/product\/yoast-seo-wordpress\/ -->\n<title>A arte de tecer o tempo - perspectivas feministas - Pontes Editores<\/title>\n<meta name=\"robots\" content=\"index, follow, max-snippet:-1, max-image-preview:large, max-video-preview:-1\" \/>\n<link rel=\"canonical\" href=\"https:\/\/ponteseditores.com.br\/loja3\/pontes-editores-home-2__trashed\/diversidade\/a-arte-de-tecer-o-tempo-perspectivas-feministas\/\" \/>\n<meta property=\"og:locale\" content=\"pt_BR\" \/>\n<meta property=\"og:type\" content=\"article\" \/>\n<meta property=\"og:title\" content=\"A arte de tecer o tempo - perspectivas feministas - Pontes Editores\" \/>\n<meta property=\"og:description\" content=\"2\u00ba Edi\u00e7\u00e3o Desvelar, reconhecer e conhecer o trabalho realizado pelas mulheres no espa\u00e7o dom\u00e9stico tem sido um desafio e est\u00edmulo que move as pesquisas e a\u00e7\u00f5es em torno do feminismo e dos estudos de g\u00eanero e uso do tempo. Desta forma, mobilizar as categorias e conceitos que nos ajudam a reconhecer as rela\u00e7\u00f5es de poder, [&hellip;]\" \/>\n<meta property=\"og:url\" content=\"https:\/\/ponteseditores.com.br\/loja3\/pontes-editores-home-2__trashed\/diversidade\/a-arte-de-tecer-o-tempo-perspectivas-feministas\/\" \/>\n<meta property=\"og:site_name\" content=\"Pontes Editores\" \/>\n<meta property=\"article:modified_time\" content=\"2025-05-08T14:05:37+00:00\" \/>\n<meta property=\"og:image\" content=\"https:\/\/ponteseditores.com.br\/loja3\/wp-content\/uploads\/2023\/12\/Capa_Arte_Tecer_Baixa-3.jpg\" \/>\n\t<meta property=\"og:image:width\" content=\"746\" \/>\n\t<meta property=\"og:image:height\" content=\"1107\" \/>\n\t<meta property=\"og:image:type\" content=\"image\/jpeg\" \/>\n<meta name=\"twitter:card\" content=\"summary_large_image\" \/>\n<meta name=\"twitter:label1\" content=\"Est. tempo de leitura\" \/>\n\t<meta name=\"twitter:data1\" content=\"2 minutos\" \/>\n<script type=\"application\/ld+json\" class=\"yoast-schema-graph\">{\"@context\":\"https:\\\/\\\/schema.org\",\"@graph\":[{\"@type\":\"WebPage\",\"@id\":\"https:\\\/\\\/ponteseditores.com.br\\\/loja3\\\/pontes-editores-home-2__trashed\\\/diversidade\\\/a-arte-de-tecer-o-tempo-perspectivas-feministas\\\/\",\"url\":\"https:\\\/\\\/ponteseditores.com.br\\\/loja3\\\/pontes-editores-home-2__trashed\\\/diversidade\\\/a-arte-de-tecer-o-tempo-perspectivas-feministas\\\/\",\"name\":\"A arte de tecer o tempo - perspectivas feministas - Pontes Editores\",\"isPartOf\":{\"@id\":\"https:\\\/\\\/ponteseditores.com.br\\\/loja3\\\/#website\"},\"primaryImageOfPage\":{\"@id\":\"https:\\\/\\\/ponteseditores.com.br\\\/loja3\\\/pontes-editores-home-2__trashed\\\/diversidade\\\/a-arte-de-tecer-o-tempo-perspectivas-feministas\\\/#primaryimage\"},\"image\":{\"@id\":\"https:\\\/\\\/ponteseditores.com.br\\\/loja3\\\/pontes-editores-home-2__trashed\\\/diversidade\\\/a-arte-de-tecer-o-tempo-perspectivas-feministas\\\/#primaryimage\"},\"thumbnailUrl\":\"https:\\\/\\\/ponteseditores.com.br\\\/loja3\\\/wp-content\\\/uploads\\\/2023\\\/12\\\/Capa_Arte_Tecer_Baixa-3.jpg\",\"datePublished\":\"2023-12-16T03:17:55+00:00\",\"dateModified\":\"2025-05-08T14:05:37+00:00\",\"breadcrumb\":{\"@id\":\"https:\\\/\\\/ponteseditores.com.br\\\/loja3\\\/pontes-editores-home-2__trashed\\\/diversidade\\\/a-arte-de-tecer-o-tempo-perspectivas-feministas\\\/#breadcrumb\"},\"inLanguage\":\"pt-BR\",\"potentialAction\":[{\"@type\":\"ReadAction\",\"target\":[\"https:\\\/\\\/ponteseditores.com.br\\\/loja3\\\/pontes-editores-home-2__trashed\\\/diversidade\\\/a-arte-de-tecer-o-tempo-perspectivas-feministas\\\/\"]}]},{\"@type\":\"ImageObject\",\"inLanguage\":\"pt-BR\",\"@id\":\"https:\\\/\\\/ponteseditores.com.br\\\/loja3\\\/pontes-editores-home-2__trashed\\\/diversidade\\\/a-arte-de-tecer-o-tempo-perspectivas-feministas\\\/#primaryimage\",\"url\":\"https:\\\/\\\/ponteseditores.com.br\\\/loja3\\\/wp-content\\\/uploads\\\/2023\\\/12\\\/Capa_Arte_Tecer_Baixa-3.jpg\",\"contentUrl\":\"https:\\\/\\\/ponteseditores.com.br\\\/loja3\\\/wp-content\\\/uploads\\\/2023\\\/12\\\/Capa_Arte_Tecer_Baixa-3.jpg\",\"width\":746,\"height\":1107},{\"@type\":\"BreadcrumbList\",\"@id\":\"https:\\\/\\\/ponteseditores.com.br\\\/loja3\\\/pontes-editores-home-2__trashed\\\/diversidade\\\/a-arte-de-tecer-o-tempo-perspectivas-feministas\\\/#breadcrumb\",\"itemListElement\":[{\"@type\":\"ListItem\",\"position\":1,\"name\":\"Home\",\"item\":\"https:\\\/\\\/ponteseditores.com.br\\\/loja3\\\/\"},{\"@type\":\"ListItem\",\"position\":2,\"name\":\"loja\",\"item\":\"https:\\\/\\\/ponteseditores.com.br\\\/loja3\\\/loja\\\/\"},{\"@type\":\"ListItem\",\"position\":3,\"name\":\"A arte de tecer o tempo &#8211; perspectivas feministas\"}]},{\"@type\":\"WebSite\",\"@id\":\"https:\\\/\\\/ponteseditores.com.br\\\/loja3\\\/#website\",\"url\":\"https:\\\/\\\/ponteseditores.com.br\\\/loja3\\\/\",\"name\":\"Pontes Editores\",\"description\":\"Pontes Editores\",\"publisher\":{\"@id\":\"https:\\\/\\\/ponteseditores.com.br\\\/loja3\\\/#organization\"},\"potentialAction\":[{\"@type\":\"SearchAction\",\"target\":{\"@type\":\"EntryPoint\",\"urlTemplate\":\"https:\\\/\\\/ponteseditores.com.br\\\/loja3\\\/?s={search_term_string}\"},\"query-input\":{\"@type\":\"PropertyValueSpecification\",\"valueRequired\":true,\"valueName\":\"search_term_string\"}}],\"inLanguage\":\"pt-BR\"},{\"@type\":\"Organization\",\"@id\":\"https:\\\/\\\/ponteseditores.com.br\\\/loja3\\\/#organization\",\"name\":\"Pontes Editores\",\"url\":\"https:\\\/\\\/ponteseditores.com.br\\\/loja3\\\/\",\"logo\":{\"@type\":\"ImageObject\",\"inLanguage\":\"pt-BR\",\"@id\":\"https:\\\/\\\/ponteseditores.com.br\\\/loja3\\\/#\\\/schema\\\/logo\\\/image\\\/\",\"url\":\"https:\\\/\\\/ponteseditores.com.br\\\/loja3\\\/wp-content\\\/uploads\\\/2023\\\/12\\\/logo-pontes-editores-v2.png\",\"contentUrl\":\"https:\\\/\\\/ponteseditores.com.br\\\/loja3\\\/wp-content\\\/uploads\\\/2023\\\/12\\\/logo-pontes-editores-v2.png\",\"width\":258,\"height\":100,\"caption\":\"Pontes Editores\"},\"image\":{\"@id\":\"https:\\\/\\\/ponteseditores.com.br\\\/loja3\\\/#\\\/schema\\\/logo\\\/image\\\/\"}}]}<\/script>\n<!-- \/ Yoast SEO plugin. -->","yoast_head_json":{"title":"A arte de tecer o tempo - perspectivas feministas - Pontes Editores","robots":{"index":"index","follow":"follow","max-snippet":"max-snippet:-1","max-image-preview":"max-image-preview:large","max-video-preview":"max-video-preview:-1"},"canonical":"https:\/\/ponteseditores.com.br\/loja3\/pontes-editores-home-2__trashed\/diversidade\/a-arte-de-tecer-o-tempo-perspectivas-feministas\/","og_locale":"pt_BR","og_type":"article","og_title":"A arte de tecer o tempo - perspectivas feministas - Pontes Editores","og_description":"2\u00ba Edi\u00e7\u00e3o Desvelar, reconhecer e conhecer o trabalho realizado pelas mulheres no espa\u00e7o dom\u00e9stico tem sido um desafio e est\u00edmulo que move as pesquisas e a\u00e7\u00f5es em torno do feminismo e dos estudos de g\u00eanero e uso do tempo. Desta forma, mobilizar as categorias e conceitos que nos ajudam a reconhecer as rela\u00e7\u00f5es de poder, [&hellip;]","og_url":"https:\/\/ponteseditores.com.br\/loja3\/pontes-editores-home-2__trashed\/diversidade\/a-arte-de-tecer-o-tempo-perspectivas-feministas\/","og_site_name":"Pontes Editores","article_modified_time":"2025-05-08T14:05:37+00:00","og_image":[{"width":746,"height":1107,"url":"https:\/\/ponteseditores.com.br\/loja3\/wp-content\/uploads\/2023\/12\/Capa_Arte_Tecer_Baixa-3.jpg","type":"image\/jpeg"}],"twitter_card":"summary_large_image","twitter_misc":{"Est. tempo de leitura":"2 minutos"},"schema":{"@context":"https:\/\/schema.org","@graph":[{"@type":"WebPage","@id":"https:\/\/ponteseditores.com.br\/loja3\/pontes-editores-home-2__trashed\/diversidade\/a-arte-de-tecer-o-tempo-perspectivas-feministas\/","url":"https:\/\/ponteseditores.com.br\/loja3\/pontes-editores-home-2__trashed\/diversidade\/a-arte-de-tecer-o-tempo-perspectivas-feministas\/","name":"A arte de tecer o tempo - perspectivas feministas - Pontes Editores","isPartOf":{"@id":"https:\/\/ponteseditores.com.br\/loja3\/#website"},"primaryImageOfPage":{"@id":"https:\/\/ponteseditores.com.br\/loja3\/pontes-editores-home-2__trashed\/diversidade\/a-arte-de-tecer-o-tempo-perspectivas-feministas\/#primaryimage"},"image":{"@id":"https:\/\/ponteseditores.com.br\/loja3\/pontes-editores-home-2__trashed\/diversidade\/a-arte-de-tecer-o-tempo-perspectivas-feministas\/#primaryimage"},"thumbnailUrl":"https:\/\/ponteseditores.com.br\/loja3\/wp-content\/uploads\/2023\/12\/Capa_Arte_Tecer_Baixa-3.jpg","datePublished":"2023-12-16T03:17:55+00:00","dateModified":"2025-05-08T14:05:37+00:00","breadcrumb":{"@id":"https:\/\/ponteseditores.com.br\/loja3\/pontes-editores-home-2__trashed\/diversidade\/a-arte-de-tecer-o-tempo-perspectivas-feministas\/#breadcrumb"},"inLanguage":"pt-BR","potentialAction":[{"@type":"ReadAction","target":["https:\/\/ponteseditores.com.br\/loja3\/pontes-editores-home-2__trashed\/diversidade\/a-arte-de-tecer-o-tempo-perspectivas-feministas\/"]}]},{"@type":"ImageObject","inLanguage":"pt-BR","@id":"https:\/\/ponteseditores.com.br\/loja3\/pontes-editores-home-2__trashed\/diversidade\/a-arte-de-tecer-o-tempo-perspectivas-feministas\/#primaryimage","url":"https:\/\/ponteseditores.com.br\/loja3\/wp-content\/uploads\/2023\/12\/Capa_Arte_Tecer_Baixa-3.jpg","contentUrl":"https:\/\/ponteseditores.com.br\/loja3\/wp-content\/uploads\/2023\/12\/Capa_Arte_Tecer_Baixa-3.jpg","width":746,"height":1107},{"@type":"BreadcrumbList","@id":"https:\/\/ponteseditores.com.br\/loja3\/pontes-editores-home-2__trashed\/diversidade\/a-arte-de-tecer-o-tempo-perspectivas-feministas\/#breadcrumb","itemListElement":[{"@type":"ListItem","position":1,"name":"Home","item":"https:\/\/ponteseditores.com.br\/loja3\/"},{"@type":"ListItem","position":2,"name":"loja","item":"https:\/\/ponteseditores.com.br\/loja3\/loja\/"},{"@type":"ListItem","position":3,"name":"A arte de tecer o tempo &#8211; perspectivas feministas"}]},{"@type":"WebSite","@id":"https:\/\/ponteseditores.com.br\/loja3\/#website","url":"https:\/\/ponteseditores.com.br\/loja3\/","name":"Pontes Editores","description":"Pontes Editores","publisher":{"@id":"https:\/\/ponteseditores.com.br\/loja3\/#organization"},"potentialAction":[{"@type":"SearchAction","target":{"@type":"EntryPoint","urlTemplate":"https:\/\/ponteseditores.com.br\/loja3\/?s={search_term_string}"},"query-input":{"@type":"PropertyValueSpecification","valueRequired":true,"valueName":"search_term_string"}}],"inLanguage":"pt-BR"},{"@type":"Organization","@id":"https:\/\/ponteseditores.com.br\/loja3\/#organization","name":"Pontes Editores","url":"https:\/\/ponteseditores.com.br\/loja3\/","logo":{"@type":"ImageObject","inLanguage":"pt-BR","@id":"https:\/\/ponteseditores.com.br\/loja3\/#\/schema\/logo\/image\/","url":"https:\/\/ponteseditores.com.br\/loja3\/wp-content\/uploads\/2023\/12\/logo-pontes-editores-v2.png","contentUrl":"https:\/\/ponteseditores.com.br\/loja3\/wp-content\/uploads\/2023\/12\/logo-pontes-editores-v2.png","width":258,"height":100,"caption":"Pontes Editores"},"image":{"@id":"https:\/\/ponteseditores.com.br\/loja3\/#\/schema\/logo\/image\/"}}]}},"_links":{"self":[{"href":"https:\/\/ponteseditores.com.br\/loja3\/wp-json\/wp\/v2\/product\/8320","targetHints":{"allow":["GET"]}}],"collection":[{"href":"https:\/\/ponteseditores.com.br\/loja3\/wp-json\/wp\/v2\/product"}],"about":[{"href":"https:\/\/ponteseditores.com.br\/loja3\/wp-json\/wp\/v2\/types\/product"}],"replies":[{"embeddable":true,"href":"https:\/\/ponteseditores.com.br\/loja3\/wp-json\/wp\/v2\/comments?post=8320"}],"version-history":[{"count":1,"href":"https:\/\/ponteseditores.com.br\/loja3\/wp-json\/wp\/v2\/product\/8320\/revisions"}],"predecessor-version":[{"id":25446,"href":"https:\/\/ponteseditores.com.br\/loja3\/wp-json\/wp\/v2\/product\/8320\/revisions\/25446"}],"wp:featuredmedia":[{"embeddable":true,"href":"https:\/\/ponteseditores.com.br\/loja3\/wp-json\/wp\/v2\/media\/8319"}],"wp:attachment":[{"href":"https:\/\/ponteseditores.com.br\/loja3\/wp-json\/wp\/v2\/media?parent=8320"}],"wp:term":[{"taxonomy":"product_brand","embeddable":true,"href":"https:\/\/ponteseditores.com.br\/loja3\/wp-json\/wp\/v2\/product_brand?post=8320"},{"taxonomy":"product_cat","embeddable":true,"href":"https:\/\/ponteseditores.com.br\/loja3\/wp-json\/wp\/v2\/product_cat?post=8320"},{"taxonomy":"product_tag","embeddable":true,"href":"https:\/\/ponteseditores.com.br\/loja3\/wp-json\/wp\/v2\/product_tag?post=8320"}],"curies":[{"name":"wp","href":"https:\/\/api.w.org\/{rel}","templated":true}]}}