{"id":8312,"date":"2023-12-16T00:17:49","date_gmt":"2023-12-16T03:17:49","guid":{"rendered":"https:\/\/ponteseditores.com.br\/loja3\/pontes-editores-home-2__trashed\/sem categoria\/as-origens-da-propriedade-privada-de-acordo-com-o-direito-romano\/"},"modified":"2023-12-16T00:17:49","modified_gmt":"2023-12-16T03:17:49","slug":"as-origens-da-propriedade-privada-de-acordo-com-o-direito-romano","status":"publish","type":"product","link":"https:\/\/ponteseditores.com.br\/loja3\/pontes-editores-home-2__trashed\/historia\/as-origens-da-propriedade-privada-de-acordo-com-o-direito-romano\/","title":{"rendered":"As origens da propriedade privada de acordo com o Direito Romano"},"content":{"rendered":"<p>A Propriedade Privada \u00e9 uma das bases da civiliza\u00e7\u00e3o ocidental e se faz presente em todos os ordenamentos jur\u00eddicos da contemporaneidade. De fato, pouca import\u00e2ncia se d\u00e1 ao estudo hist\u00f3rico que definiu o car\u00e1ter (quase) intang\u00edvel dessa institui\u00e7\u00e3o civil como um dos pilares mais amparados de prote\u00e7\u00e3o legal nos atuais diplomas jur\u00eddicos. Sendo a propriedade entendida como uma cria\u00e7\u00e3o do ser humano, tem ela acompanhado suas transforma\u00e7\u00f5es, sofrendo in\u00fameras mudan\u00e7as ao longo dos s\u00e9culos e das diferentes evolu\u00e7\u00f5es do homem em decorr\u00eancia de uma adapta\u00e7\u00e3o \u00e0s car\u00eancias da vida em sociedade. Tais mudan\u00e7as n\u00e3o poderiam ser deixadas de lado para uma compreens\u00e3o ampla do direito \u00e0 propriedade, haja vista que as transforma\u00e7\u00f5es da civiliza\u00e7\u00e3o modificam n\u00e3o s\u00f3 a adapta\u00e7\u00e3o do homem \u00e0 nova realidade, como tamb\u00e9m refletem os novos princ\u00edpios que fundamentar\u00e3o o Direito Positivado de um povo. Para que se entenda a atual conjuntura da propriedade privada exige-se, inegavelmente, um estudo de sua hist\u00f3ria e uma an\u00e1lise de sua positiva\u00e7\u00e3o pelo direito ocidental. Justifica-se dessa forma o estudo proposto nesta obra, qual seja a investiga\u00e7\u00e3o da propriedade privada cujas origens remontam do Direito Romano, pilar m\u00e1ximo do Direito Civil Ocidental.<\/p>\n","protected":false},"excerpt":{"rendered":"<p>A Propriedade Privada \u00e9 uma das bases da civiliza\u00e7\u00e3o ocidental e se faz presente em todos os ordenamentos jur\u00eddicos da contemporaneidade. De fato, pouca import\u00e2ncia se d\u00e1 ao estudo hist\u00f3rico que definiu o car\u00e1ter (quase) intang\u00edvel dessa institui\u00e7\u00e3o civil como um dos pilares mais amparados de prote\u00e7\u00e3o legal nos atuais diplomas jur\u00eddicos. Sendo a propriedade [&hellip;]<\/p>\n","protected":false},"featured_media":8311,"comment_status":"open","ping_status":"closed","template":"","meta":{"_joinchat":[]},"product_brand":[],"product_cat":[306,273,277],"product_tag":[],"class_list":{"0":"post-8312","1":"product","2":"type-product","3":"status-publish","4":"has-post-thumbnail","6":"product_cat-direito","7":"product_cat-historia","8":"product_cat-sociologia","10":"first","11":"instock","12":"shipping-taxable","13":"purchasable","14":"product-type-simple"},"yoast_head":"<!-- This site is optimized with the Yoast SEO plugin v27.4 - https:\/\/yoast.com\/product\/yoast-seo-wordpress\/ -->\n<title>As origens da propriedade privada de acordo com o Direito Romano - Pontes Editores<\/title>\n<meta name=\"robots\" content=\"index, follow, max-snippet:-1, max-image-preview:large, max-video-preview:-1\" \/>\n<link rel=\"canonical\" href=\"https:\/\/ponteseditores.com.br\/loja3\/pontes-editores-home-2__trashed\/historia\/as-origens-da-propriedade-privada-de-acordo-com-o-direito-romano\/\" \/>\n<meta property=\"og:locale\" content=\"pt_BR\" \/>\n<meta property=\"og:type\" content=\"article\" \/>\n<meta property=\"og:title\" content=\"As origens da propriedade privada de acordo com o Direito Romano - Pontes Editores\" \/>\n<meta property=\"og:description\" content=\"A Propriedade Privada \u00e9 uma das bases da civiliza\u00e7\u00e3o ocidental e se faz presente em todos os ordenamentos jur\u00eddicos da contemporaneidade. De fato, pouca import\u00e2ncia se d\u00e1 ao estudo hist\u00f3rico que definiu o car\u00e1ter (quase) intang\u00edvel dessa institui\u00e7\u00e3o civil como um dos pilares mais amparados de prote\u00e7\u00e3o legal nos atuais diplomas jur\u00eddicos. Sendo a propriedade [&hellip;]\" \/>\n<meta property=\"og:url\" content=\"https:\/\/ponteseditores.com.br\/loja3\/pontes-editores-home-2__trashed\/historia\/as-origens-da-propriedade-privada-de-acordo-com-o-direito-romano\/\" \/>\n<meta property=\"og:site_name\" content=\"Pontes Editores\" \/>\n<meta property=\"og:image\" content=\"https:\/\/ponteseditores.com.br\/loja3\/wp-content\/uploads\/2023\/12\/CAPAPROPRIEDADERELEASE4-3.jpg\" \/>\n\t<meta property=\"og:image:width\" content=\"454\" \/>\n\t<meta property=\"og:image:height\" content=\"652\" \/>\n\t<meta property=\"og:image:type\" content=\"image\/jpeg\" \/>\n<meta name=\"twitter:card\" content=\"summary_large_image\" \/>\n<meta name=\"twitter:label1\" content=\"Est. tempo de leitura\" \/>\n\t<meta name=\"twitter:data1\" content=\"1 minuto\" \/>\n<script type=\"application\/ld+json\" class=\"yoast-schema-graph\">{\"@context\":\"https:\\\/\\\/schema.org\",\"@graph\":[{\"@type\":\"WebPage\",\"@id\":\"https:\\\/\\\/ponteseditores.com.br\\\/loja3\\\/pontes-editores-home-2__trashed\\\/historia\\\/as-origens-da-propriedade-privada-de-acordo-com-o-direito-romano\\\/\",\"url\":\"https:\\\/\\\/ponteseditores.com.br\\\/loja3\\\/pontes-editores-home-2__trashed\\\/historia\\\/as-origens-da-propriedade-privada-de-acordo-com-o-direito-romano\\\/\",\"name\":\"As origens da propriedade privada de acordo com o Direito Romano - Pontes Editores\",\"isPartOf\":{\"@id\":\"https:\\\/\\\/ponteseditores.com.br\\\/loja3\\\/#website\"},\"primaryImageOfPage\":{\"@id\":\"https:\\\/\\\/ponteseditores.com.br\\\/loja3\\\/pontes-editores-home-2__trashed\\\/historia\\\/as-origens-da-propriedade-privada-de-acordo-com-o-direito-romano\\\/#primaryimage\"},\"image\":{\"@id\":\"https:\\\/\\\/ponteseditores.com.br\\\/loja3\\\/pontes-editores-home-2__trashed\\\/historia\\\/as-origens-da-propriedade-privada-de-acordo-com-o-direito-romano\\\/#primaryimage\"},\"thumbnailUrl\":\"https:\\\/\\\/ponteseditores.com.br\\\/loja3\\\/wp-content\\\/uploads\\\/2023\\\/12\\\/CAPAPROPRIEDADERELEASE4-3.jpg\",\"datePublished\":\"2023-12-16T03:17:49+00:00\",\"breadcrumb\":{\"@id\":\"https:\\\/\\\/ponteseditores.com.br\\\/loja3\\\/pontes-editores-home-2__trashed\\\/historia\\\/as-origens-da-propriedade-privada-de-acordo-com-o-direito-romano\\\/#breadcrumb\"},\"inLanguage\":\"pt-BR\",\"potentialAction\":[{\"@type\":\"ReadAction\",\"target\":[\"https:\\\/\\\/ponteseditores.com.br\\\/loja3\\\/pontes-editores-home-2__trashed\\\/historia\\\/as-origens-da-propriedade-privada-de-acordo-com-o-direito-romano\\\/\"]}]},{\"@type\":\"ImageObject\",\"inLanguage\":\"pt-BR\",\"@id\":\"https:\\\/\\\/ponteseditores.com.br\\\/loja3\\\/pontes-editores-home-2__trashed\\\/historia\\\/as-origens-da-propriedade-privada-de-acordo-com-o-direito-romano\\\/#primaryimage\",\"url\":\"https:\\\/\\\/ponteseditores.com.br\\\/loja3\\\/wp-content\\\/uploads\\\/2023\\\/12\\\/CAPAPROPRIEDADERELEASE4-3.jpg\",\"contentUrl\":\"https:\\\/\\\/ponteseditores.com.br\\\/loja3\\\/wp-content\\\/uploads\\\/2023\\\/12\\\/CAPAPROPRIEDADERELEASE4-3.jpg\",\"width\":454,\"height\":652},{\"@type\":\"BreadcrumbList\",\"@id\":\"https:\\\/\\\/ponteseditores.com.br\\\/loja3\\\/pontes-editores-home-2__trashed\\\/historia\\\/as-origens-da-propriedade-privada-de-acordo-com-o-direito-romano\\\/#breadcrumb\",\"itemListElement\":[{\"@type\":\"ListItem\",\"position\":1,\"name\":\"Home\",\"item\":\"https:\\\/\\\/ponteseditores.com.br\\\/loja3\\\/\"},{\"@type\":\"ListItem\",\"position\":2,\"name\":\"loja\",\"item\":\"https:\\\/\\\/ponteseditores.com.br\\\/loja3\\\/loja\\\/\"},{\"@type\":\"ListItem\",\"position\":3,\"name\":\"As origens da propriedade privada de acordo com o Direito Romano\"}]},{\"@type\":\"WebSite\",\"@id\":\"https:\\\/\\\/ponteseditores.com.br\\\/loja3\\\/#website\",\"url\":\"https:\\\/\\\/ponteseditores.com.br\\\/loja3\\\/\",\"name\":\"Pontes Editores\",\"description\":\"Pontes Editores\",\"publisher\":{\"@id\":\"https:\\\/\\\/ponteseditores.com.br\\\/loja3\\\/#organization\"},\"potentialAction\":[{\"@type\":\"SearchAction\",\"target\":{\"@type\":\"EntryPoint\",\"urlTemplate\":\"https:\\\/\\\/ponteseditores.com.br\\\/loja3\\\/?s={search_term_string}\"},\"query-input\":{\"@type\":\"PropertyValueSpecification\",\"valueRequired\":true,\"valueName\":\"search_term_string\"}}],\"inLanguage\":\"pt-BR\"},{\"@type\":\"Organization\",\"@id\":\"https:\\\/\\\/ponteseditores.com.br\\\/loja3\\\/#organization\",\"name\":\"Pontes Editores\",\"url\":\"https:\\\/\\\/ponteseditores.com.br\\\/loja3\\\/\",\"logo\":{\"@type\":\"ImageObject\",\"inLanguage\":\"pt-BR\",\"@id\":\"https:\\\/\\\/ponteseditores.com.br\\\/loja3\\\/#\\\/schema\\\/logo\\\/image\\\/\",\"url\":\"https:\\\/\\\/ponteseditores.com.br\\\/loja3\\\/wp-content\\\/uploads\\\/2023\\\/12\\\/logo-pontes-editores-v2.png\",\"contentUrl\":\"https:\\\/\\\/ponteseditores.com.br\\\/loja3\\\/wp-content\\\/uploads\\\/2023\\\/12\\\/logo-pontes-editores-v2.png\",\"width\":258,\"height\":100,\"caption\":\"Pontes Editores\"},\"image\":{\"@id\":\"https:\\\/\\\/ponteseditores.com.br\\\/loja3\\\/#\\\/schema\\\/logo\\\/image\\\/\"}}]}<\/script>\n<!-- \/ Yoast SEO plugin. -->","yoast_head_json":{"title":"As origens da propriedade privada de acordo com o Direito Romano - Pontes Editores","robots":{"index":"index","follow":"follow","max-snippet":"max-snippet:-1","max-image-preview":"max-image-preview:large","max-video-preview":"max-video-preview:-1"},"canonical":"https:\/\/ponteseditores.com.br\/loja3\/pontes-editores-home-2__trashed\/historia\/as-origens-da-propriedade-privada-de-acordo-com-o-direito-romano\/","og_locale":"pt_BR","og_type":"article","og_title":"As origens da propriedade privada de acordo com o Direito Romano - Pontes Editores","og_description":"A Propriedade Privada \u00e9 uma das bases da civiliza\u00e7\u00e3o ocidental e se faz presente em todos os ordenamentos jur\u00eddicos da contemporaneidade. De fato, pouca import\u00e2ncia se d\u00e1 ao estudo hist\u00f3rico que definiu o car\u00e1ter (quase) intang\u00edvel dessa institui\u00e7\u00e3o civil como um dos pilares mais amparados de prote\u00e7\u00e3o legal nos atuais diplomas jur\u00eddicos. Sendo a propriedade [&hellip;]","og_url":"https:\/\/ponteseditores.com.br\/loja3\/pontes-editores-home-2__trashed\/historia\/as-origens-da-propriedade-privada-de-acordo-com-o-direito-romano\/","og_site_name":"Pontes Editores","og_image":[{"width":454,"height":652,"url":"https:\/\/ponteseditores.com.br\/loja3\/wp-content\/uploads\/2023\/12\/CAPAPROPRIEDADERELEASE4-3.jpg","type":"image\/jpeg"}],"twitter_card":"summary_large_image","twitter_misc":{"Est. tempo de leitura":"1 minuto"},"schema":{"@context":"https:\/\/schema.org","@graph":[{"@type":"WebPage","@id":"https:\/\/ponteseditores.com.br\/loja3\/pontes-editores-home-2__trashed\/historia\/as-origens-da-propriedade-privada-de-acordo-com-o-direito-romano\/","url":"https:\/\/ponteseditores.com.br\/loja3\/pontes-editores-home-2__trashed\/historia\/as-origens-da-propriedade-privada-de-acordo-com-o-direito-romano\/","name":"As origens da propriedade privada de acordo com o Direito Romano - Pontes Editores","isPartOf":{"@id":"https:\/\/ponteseditores.com.br\/loja3\/#website"},"primaryImageOfPage":{"@id":"https:\/\/ponteseditores.com.br\/loja3\/pontes-editores-home-2__trashed\/historia\/as-origens-da-propriedade-privada-de-acordo-com-o-direito-romano\/#primaryimage"},"image":{"@id":"https:\/\/ponteseditores.com.br\/loja3\/pontes-editores-home-2__trashed\/historia\/as-origens-da-propriedade-privada-de-acordo-com-o-direito-romano\/#primaryimage"},"thumbnailUrl":"https:\/\/ponteseditores.com.br\/loja3\/wp-content\/uploads\/2023\/12\/CAPAPROPRIEDADERELEASE4-3.jpg","datePublished":"2023-12-16T03:17:49+00:00","breadcrumb":{"@id":"https:\/\/ponteseditores.com.br\/loja3\/pontes-editores-home-2__trashed\/historia\/as-origens-da-propriedade-privada-de-acordo-com-o-direito-romano\/#breadcrumb"},"inLanguage":"pt-BR","potentialAction":[{"@type":"ReadAction","target":["https:\/\/ponteseditores.com.br\/loja3\/pontes-editores-home-2__trashed\/historia\/as-origens-da-propriedade-privada-de-acordo-com-o-direito-romano\/"]}]},{"@type":"ImageObject","inLanguage":"pt-BR","@id":"https:\/\/ponteseditores.com.br\/loja3\/pontes-editores-home-2__trashed\/historia\/as-origens-da-propriedade-privada-de-acordo-com-o-direito-romano\/#primaryimage","url":"https:\/\/ponteseditores.com.br\/loja3\/wp-content\/uploads\/2023\/12\/CAPAPROPRIEDADERELEASE4-3.jpg","contentUrl":"https:\/\/ponteseditores.com.br\/loja3\/wp-content\/uploads\/2023\/12\/CAPAPROPRIEDADERELEASE4-3.jpg","width":454,"height":652},{"@type":"BreadcrumbList","@id":"https:\/\/ponteseditores.com.br\/loja3\/pontes-editores-home-2__trashed\/historia\/as-origens-da-propriedade-privada-de-acordo-com-o-direito-romano\/#breadcrumb","itemListElement":[{"@type":"ListItem","position":1,"name":"Home","item":"https:\/\/ponteseditores.com.br\/loja3\/"},{"@type":"ListItem","position":2,"name":"loja","item":"https:\/\/ponteseditores.com.br\/loja3\/loja\/"},{"@type":"ListItem","position":3,"name":"As origens da propriedade privada de acordo com o Direito Romano"}]},{"@type":"WebSite","@id":"https:\/\/ponteseditores.com.br\/loja3\/#website","url":"https:\/\/ponteseditores.com.br\/loja3\/","name":"Pontes Editores","description":"Pontes Editores","publisher":{"@id":"https:\/\/ponteseditores.com.br\/loja3\/#organization"},"potentialAction":[{"@type":"SearchAction","target":{"@type":"EntryPoint","urlTemplate":"https:\/\/ponteseditores.com.br\/loja3\/?s={search_term_string}"},"query-input":{"@type":"PropertyValueSpecification","valueRequired":true,"valueName":"search_term_string"}}],"inLanguage":"pt-BR"},{"@type":"Organization","@id":"https:\/\/ponteseditores.com.br\/loja3\/#organization","name":"Pontes Editores","url":"https:\/\/ponteseditores.com.br\/loja3\/","logo":{"@type":"ImageObject","inLanguage":"pt-BR","@id":"https:\/\/ponteseditores.com.br\/loja3\/#\/schema\/logo\/image\/","url":"https:\/\/ponteseditores.com.br\/loja3\/wp-content\/uploads\/2023\/12\/logo-pontes-editores-v2.png","contentUrl":"https:\/\/ponteseditores.com.br\/loja3\/wp-content\/uploads\/2023\/12\/logo-pontes-editores-v2.png","width":258,"height":100,"caption":"Pontes Editores"},"image":{"@id":"https:\/\/ponteseditores.com.br\/loja3\/#\/schema\/logo\/image\/"}}]}},"_links":{"self":[{"href":"https:\/\/ponteseditores.com.br\/loja3\/wp-json\/wp\/v2\/product\/8312","targetHints":{"allow":["GET"]}}],"collection":[{"href":"https:\/\/ponteseditores.com.br\/loja3\/wp-json\/wp\/v2\/product"}],"about":[{"href":"https:\/\/ponteseditores.com.br\/loja3\/wp-json\/wp\/v2\/types\/product"}],"replies":[{"embeddable":true,"href":"https:\/\/ponteseditores.com.br\/loja3\/wp-json\/wp\/v2\/comments?post=8312"}],"version-history":[{"count":0,"href":"https:\/\/ponteseditores.com.br\/loja3\/wp-json\/wp\/v2\/product\/8312\/revisions"}],"wp:featuredmedia":[{"embeddable":true,"href":"https:\/\/ponteseditores.com.br\/loja3\/wp-json\/wp\/v2\/media\/8311"}],"wp:attachment":[{"href":"https:\/\/ponteseditores.com.br\/loja3\/wp-json\/wp\/v2\/media?parent=8312"}],"wp:term":[{"taxonomy":"product_brand","embeddable":true,"href":"https:\/\/ponteseditores.com.br\/loja3\/wp-json\/wp\/v2\/product_brand?post=8312"},{"taxonomy":"product_cat","embeddable":true,"href":"https:\/\/ponteseditores.com.br\/loja3\/wp-json\/wp\/v2\/product_cat?post=8312"},{"taxonomy":"product_tag","embeddable":true,"href":"https:\/\/ponteseditores.com.br\/loja3\/wp-json\/wp\/v2\/product_tag?post=8312"}],"curies":[{"name":"wp","href":"https:\/\/api.w.org\/{rel}","templated":true}]}}