{"id":8310,"date":"2023-12-16T00:17:47","date_gmt":"2023-12-16T03:17:47","guid":{"rendered":"https:\/\/ponteseditores.com.br\/loja3\/pontes-editores-home-2__trashed\/sem categoria\/linguas-em-extensao-colaboracoes-para-a-formacao-inicial-e-continua-de-professores-de-linguas\/"},"modified":"2023-12-16T00:17:47","modified_gmt":"2023-12-16T03:17:47","slug":"linguas-em-extensao-colaboracoes-para-a-formacao-inicial-e-continua-de-professores-de-linguas","status":"publish","type":"product","link":"https:\/\/ponteseditores.com.br\/loja3\/pontes-editores-home-2__trashed\/linguistica\/linguas-em-extensao-colaboracoes-para-a-formacao-inicial-e-continua-de-professores-de-linguas\/","title":{"rendered":"L\u00ednguas em extens\u00e3o: colabora\u00e7\u00f5es para a forma\u00e7\u00e3o inicial e cont\u00ednua de professores de l\u00ednguas"},"content":{"rendered":"<p>Nesta obra, procuramos reunir trabalhos que tiveram a extens\u00e3o universit\u00e1ria como locus de realiza\u00e7\u00e3o, seja no \u00e2mbito da pesquisa, da coleta e an\u00e1lise de dados, seja como ambiente de divulga\u00e7\u00e3o. Buscamos, ainda, privilegiar l\u00ednguas al\u00e9m da l\u00edngua inglesa, o que ocorreu n\u00e3o por for\u00e7a de regra, mas pela participa\u00e7\u00e3o volunt\u00e1ria dos pesquisadores e seus estudos que comp\u00f5em este livro. Assim, o leitor poder\u00e1 ter acesso a experi\u00eancias sobre temas ligados ao ensino, \u00e0 aprendizagem\/aquisi\u00e7\u00e3o de espanhol, franc\u00eas, ingl\u00eas, japon\u00eas, mandarim sem que isso seja um limitador, mas sim um aglutinador. Dessa forma, vemos a extens\u00e3o como ambiente privilegiado para a pesquisa, para a discuss\u00e3o e para a (des)(re)constru\u00e7\u00e3o de conhecimentos inerentes ao ensino, \u00e0 aprendizagem e \u00e0 aquisi\u00e7\u00e3o de l\u00ednguas. Isso, inevitavelmente, inclui a forma\u00e7\u00e3o inicial e continuada de professores de l\u00ednguas.<\/p>\n<p>Esperamos que esta obra contribua com nossa forma\u00e7\u00e3o, caro professor e cara professora de l\u00ednguas. Que possamos estar cada vez mais pr\u00f3ximos e mais coesos, no sentido de melhorarmos nosso fazer pedag\u00f3gico. Que possamos socializar nossas inquietudes e, acima de tudo, podermos desconfiar de nossas convic\u00e7\u00f5es a ponto de afirm\u00e1-las, transform\u00e1-las ou mesmo mud\u00e1-las por completo.<\/p>\n","protected":false},"excerpt":{"rendered":"<p>Nesta obra, procuramos reunir trabalhos que tiveram a extens\u00e3o universit\u00e1ria como locus de realiza\u00e7\u00e3o, seja no \u00e2mbito da pesquisa, da coleta e an\u00e1lise de dados, seja como ambiente de divulga\u00e7\u00e3o. Buscamos, ainda, privilegiar l\u00ednguas al\u00e9m da l\u00edngua inglesa, o que ocorreu n\u00e3o por for\u00e7a de regra, mas pela participa\u00e7\u00e3o volunt\u00e1ria dos pesquisadores e seus estudos [&hellip;]<\/p>\n","protected":false},"featured_media":8309,"comment_status":"open","ping_status":"closed","template":"","meta":{"_joinchat":[]},"product_brand":[],"product_cat":[288,290,31],"product_tag":[],"class_list":{"0":"post-8310","1":"product","2":"type-product","3":"status-publish","4":"has-post-thumbnail","6":"product_cat-ensino-e-aprendizagem","7":"product_cat-linguagem-e-linguas","8":"product_cat-linguistica","10":"first","11":"instock","12":"shipping-taxable","13":"purchasable","14":"product-type-simple"},"yoast_head":"<!-- This site is optimized with the Yoast SEO plugin v27.4 - https:\/\/yoast.com\/product\/yoast-seo-wordpress\/ -->\n<title>L\u00ednguas em extens\u00e3o: colabora\u00e7\u00f5es para a forma\u00e7\u00e3o inicial e cont\u00ednua de professores de l\u00ednguas - Pontes Editores<\/title>\n<meta name=\"robots\" content=\"index, follow, max-snippet:-1, max-image-preview:large, max-video-preview:-1\" \/>\n<link rel=\"canonical\" href=\"https:\/\/ponteseditores.com.br\/loja3\/pontes-editores-home-2__trashed\/linguistica\/linguas-em-extensao-colaboracoes-para-a-formacao-inicial-e-continua-de-professores-de-linguas\/\" \/>\n<meta property=\"og:locale\" content=\"pt_BR\" \/>\n<meta property=\"og:type\" content=\"article\" \/>\n<meta property=\"og:title\" content=\"L\u00ednguas em extens\u00e3o: colabora\u00e7\u00f5es para a forma\u00e7\u00e3o inicial e cont\u00ednua de professores de l\u00ednguas - Pontes Editores\" \/>\n<meta property=\"og:description\" content=\"Nesta obra, procuramos reunir trabalhos que tiveram a extens\u00e3o universit\u00e1ria como locus de realiza\u00e7\u00e3o, seja no \u00e2mbito da pesquisa, da coleta e an\u00e1lise de dados, seja como ambiente de divulga\u00e7\u00e3o. Buscamos, ainda, privilegiar l\u00ednguas al\u00e9m da l\u00edngua inglesa, o que ocorreu n\u00e3o por for\u00e7a de regra, mas pela participa\u00e7\u00e3o volunt\u00e1ria dos pesquisadores e seus estudos [&hellip;]\" \/>\n<meta property=\"og:url\" content=\"https:\/\/ponteseditores.com.br\/loja3\/pontes-editores-home-2__trashed\/linguistica\/linguas-em-extensao-colaboracoes-para-a-formacao-inicial-e-continua-de-professores-de-linguas\/\" \/>\n<meta property=\"og:site_name\" content=\"Pontes Editores\" \/>\n<meta property=\"og:image\" content=\"https:\/\/ponteseditores.com.br\/loja3\/wp-content\/uploads\/2023\/12\/Capa_Linguas201-scaled.jpg\" \/>\n\t<meta property=\"og:image:width\" content=\"1781\" \/>\n\t<meta property=\"og:image:height\" content=\"2560\" \/>\n\t<meta property=\"og:image:type\" content=\"image\/jpeg\" \/>\n<meta name=\"twitter:card\" content=\"summary_large_image\" \/>\n<meta name=\"twitter:label1\" content=\"Est. tempo de leitura\" \/>\n\t<meta name=\"twitter:data1\" content=\"1 minuto\" \/>\n<script type=\"application\/ld+json\" class=\"yoast-schema-graph\">{\"@context\":\"https:\\\/\\\/schema.org\",\"@graph\":[{\"@type\":\"WebPage\",\"@id\":\"https:\\\/\\\/ponteseditores.com.br\\\/loja3\\\/pontes-editores-home-2__trashed\\\/linguistica\\\/linguas-em-extensao-colaboracoes-para-a-formacao-inicial-e-continua-de-professores-de-linguas\\\/\",\"url\":\"https:\\\/\\\/ponteseditores.com.br\\\/loja3\\\/pontes-editores-home-2__trashed\\\/linguistica\\\/linguas-em-extensao-colaboracoes-para-a-formacao-inicial-e-continua-de-professores-de-linguas\\\/\",\"name\":\"L\u00ednguas em extens\u00e3o: colabora\u00e7\u00f5es para a forma\u00e7\u00e3o inicial e cont\u00ednua de professores de l\u00ednguas - Pontes Editores\",\"isPartOf\":{\"@id\":\"https:\\\/\\\/ponteseditores.com.br\\\/loja3\\\/#website\"},\"primaryImageOfPage\":{\"@id\":\"https:\\\/\\\/ponteseditores.com.br\\\/loja3\\\/pontes-editores-home-2__trashed\\\/linguistica\\\/linguas-em-extensao-colaboracoes-para-a-formacao-inicial-e-continua-de-professores-de-linguas\\\/#primaryimage\"},\"image\":{\"@id\":\"https:\\\/\\\/ponteseditores.com.br\\\/loja3\\\/pontes-editores-home-2__trashed\\\/linguistica\\\/linguas-em-extensao-colaboracoes-para-a-formacao-inicial-e-continua-de-professores-de-linguas\\\/#primaryimage\"},\"thumbnailUrl\":\"https:\\\/\\\/ponteseditores.com.br\\\/loja3\\\/wp-content\\\/uploads\\\/2023\\\/12\\\/Capa_Linguas201-scaled.jpg\",\"datePublished\":\"2023-12-16T03:17:47+00:00\",\"breadcrumb\":{\"@id\":\"https:\\\/\\\/ponteseditores.com.br\\\/loja3\\\/pontes-editores-home-2__trashed\\\/linguistica\\\/linguas-em-extensao-colaboracoes-para-a-formacao-inicial-e-continua-de-professores-de-linguas\\\/#breadcrumb\"},\"inLanguage\":\"pt-BR\",\"potentialAction\":[{\"@type\":\"ReadAction\",\"target\":[\"https:\\\/\\\/ponteseditores.com.br\\\/loja3\\\/pontes-editores-home-2__trashed\\\/linguistica\\\/linguas-em-extensao-colaboracoes-para-a-formacao-inicial-e-continua-de-professores-de-linguas\\\/\"]}]},{\"@type\":\"ImageObject\",\"inLanguage\":\"pt-BR\",\"@id\":\"https:\\\/\\\/ponteseditores.com.br\\\/loja3\\\/pontes-editores-home-2__trashed\\\/linguistica\\\/linguas-em-extensao-colaboracoes-para-a-formacao-inicial-e-continua-de-professores-de-linguas\\\/#primaryimage\",\"url\":\"https:\\\/\\\/ponteseditores.com.br\\\/loja3\\\/wp-content\\\/uploads\\\/2023\\\/12\\\/Capa_Linguas201-scaled.jpg\",\"contentUrl\":\"https:\\\/\\\/ponteseditores.com.br\\\/loja3\\\/wp-content\\\/uploads\\\/2023\\\/12\\\/Capa_Linguas201-scaled.jpg\",\"width\":1781,\"height\":2560},{\"@type\":\"BreadcrumbList\",\"@id\":\"https:\\\/\\\/ponteseditores.com.br\\\/loja3\\\/pontes-editores-home-2__trashed\\\/linguistica\\\/linguas-em-extensao-colaboracoes-para-a-formacao-inicial-e-continua-de-professores-de-linguas\\\/#breadcrumb\",\"itemListElement\":[{\"@type\":\"ListItem\",\"position\":1,\"name\":\"Home\",\"item\":\"https:\\\/\\\/ponteseditores.com.br\\\/loja3\\\/\"},{\"@type\":\"ListItem\",\"position\":2,\"name\":\"loja\",\"item\":\"https:\\\/\\\/ponteseditores.com.br\\\/loja3\\\/loja\\\/\"},{\"@type\":\"ListItem\",\"position\":3,\"name\":\"L\u00ednguas em extens\u00e3o: colabora\u00e7\u00f5es para a forma\u00e7\u00e3o inicial e cont\u00ednua de professores de l\u00ednguas\"}]},{\"@type\":\"WebSite\",\"@id\":\"https:\\\/\\\/ponteseditores.com.br\\\/loja3\\\/#website\",\"url\":\"https:\\\/\\\/ponteseditores.com.br\\\/loja3\\\/\",\"name\":\"Pontes Editores\",\"description\":\"Pontes Editores\",\"publisher\":{\"@id\":\"https:\\\/\\\/ponteseditores.com.br\\\/loja3\\\/#organization\"},\"potentialAction\":[{\"@type\":\"SearchAction\",\"target\":{\"@type\":\"EntryPoint\",\"urlTemplate\":\"https:\\\/\\\/ponteseditores.com.br\\\/loja3\\\/?s={search_term_string}\"},\"query-input\":{\"@type\":\"PropertyValueSpecification\",\"valueRequired\":true,\"valueName\":\"search_term_string\"}}],\"inLanguage\":\"pt-BR\"},{\"@type\":\"Organization\",\"@id\":\"https:\\\/\\\/ponteseditores.com.br\\\/loja3\\\/#organization\",\"name\":\"Pontes Editores\",\"url\":\"https:\\\/\\\/ponteseditores.com.br\\\/loja3\\\/\",\"logo\":{\"@type\":\"ImageObject\",\"inLanguage\":\"pt-BR\",\"@id\":\"https:\\\/\\\/ponteseditores.com.br\\\/loja3\\\/#\\\/schema\\\/logo\\\/image\\\/\",\"url\":\"https:\\\/\\\/ponteseditores.com.br\\\/loja3\\\/wp-content\\\/uploads\\\/2023\\\/12\\\/logo-pontes-editores-v2.png\",\"contentUrl\":\"https:\\\/\\\/ponteseditores.com.br\\\/loja3\\\/wp-content\\\/uploads\\\/2023\\\/12\\\/logo-pontes-editores-v2.png\",\"width\":258,\"height\":100,\"caption\":\"Pontes Editores\"},\"image\":{\"@id\":\"https:\\\/\\\/ponteseditores.com.br\\\/loja3\\\/#\\\/schema\\\/logo\\\/image\\\/\"}}]}<\/script>\n<!-- \/ Yoast SEO plugin. -->","yoast_head_json":{"title":"L\u00ednguas em extens\u00e3o: colabora\u00e7\u00f5es para a forma\u00e7\u00e3o inicial e cont\u00ednua de professores de l\u00ednguas - Pontes Editores","robots":{"index":"index","follow":"follow","max-snippet":"max-snippet:-1","max-image-preview":"max-image-preview:large","max-video-preview":"max-video-preview:-1"},"canonical":"https:\/\/ponteseditores.com.br\/loja3\/pontes-editores-home-2__trashed\/linguistica\/linguas-em-extensao-colaboracoes-para-a-formacao-inicial-e-continua-de-professores-de-linguas\/","og_locale":"pt_BR","og_type":"article","og_title":"L\u00ednguas em extens\u00e3o: colabora\u00e7\u00f5es para a forma\u00e7\u00e3o inicial e cont\u00ednua de professores de l\u00ednguas - Pontes Editores","og_description":"Nesta obra, procuramos reunir trabalhos que tiveram a extens\u00e3o universit\u00e1ria como locus de realiza\u00e7\u00e3o, seja no \u00e2mbito da pesquisa, da coleta e an\u00e1lise de dados, seja como ambiente de divulga\u00e7\u00e3o. Buscamos, ainda, privilegiar l\u00ednguas al\u00e9m da l\u00edngua inglesa, o que ocorreu n\u00e3o por for\u00e7a de regra, mas pela participa\u00e7\u00e3o volunt\u00e1ria dos pesquisadores e seus estudos [&hellip;]","og_url":"https:\/\/ponteseditores.com.br\/loja3\/pontes-editores-home-2__trashed\/linguistica\/linguas-em-extensao-colaboracoes-para-a-formacao-inicial-e-continua-de-professores-de-linguas\/","og_site_name":"Pontes Editores","og_image":[{"width":1781,"height":2560,"url":"https:\/\/ponteseditores.com.br\/loja3\/wp-content\/uploads\/2023\/12\/Capa_Linguas201-scaled.jpg","type":"image\/jpeg"}],"twitter_card":"summary_large_image","twitter_misc":{"Est. tempo de leitura":"1 minuto"},"schema":{"@context":"https:\/\/schema.org","@graph":[{"@type":"WebPage","@id":"https:\/\/ponteseditores.com.br\/loja3\/pontes-editores-home-2__trashed\/linguistica\/linguas-em-extensao-colaboracoes-para-a-formacao-inicial-e-continua-de-professores-de-linguas\/","url":"https:\/\/ponteseditores.com.br\/loja3\/pontes-editores-home-2__trashed\/linguistica\/linguas-em-extensao-colaboracoes-para-a-formacao-inicial-e-continua-de-professores-de-linguas\/","name":"L\u00ednguas em extens\u00e3o: colabora\u00e7\u00f5es para a forma\u00e7\u00e3o inicial e cont\u00ednua de professores de l\u00ednguas - Pontes Editores","isPartOf":{"@id":"https:\/\/ponteseditores.com.br\/loja3\/#website"},"primaryImageOfPage":{"@id":"https:\/\/ponteseditores.com.br\/loja3\/pontes-editores-home-2__trashed\/linguistica\/linguas-em-extensao-colaboracoes-para-a-formacao-inicial-e-continua-de-professores-de-linguas\/#primaryimage"},"image":{"@id":"https:\/\/ponteseditores.com.br\/loja3\/pontes-editores-home-2__trashed\/linguistica\/linguas-em-extensao-colaboracoes-para-a-formacao-inicial-e-continua-de-professores-de-linguas\/#primaryimage"},"thumbnailUrl":"https:\/\/ponteseditores.com.br\/loja3\/wp-content\/uploads\/2023\/12\/Capa_Linguas201-scaled.jpg","datePublished":"2023-12-16T03:17:47+00:00","breadcrumb":{"@id":"https:\/\/ponteseditores.com.br\/loja3\/pontes-editores-home-2__trashed\/linguistica\/linguas-em-extensao-colaboracoes-para-a-formacao-inicial-e-continua-de-professores-de-linguas\/#breadcrumb"},"inLanguage":"pt-BR","potentialAction":[{"@type":"ReadAction","target":["https:\/\/ponteseditores.com.br\/loja3\/pontes-editores-home-2__trashed\/linguistica\/linguas-em-extensao-colaboracoes-para-a-formacao-inicial-e-continua-de-professores-de-linguas\/"]}]},{"@type":"ImageObject","inLanguage":"pt-BR","@id":"https:\/\/ponteseditores.com.br\/loja3\/pontes-editores-home-2__trashed\/linguistica\/linguas-em-extensao-colaboracoes-para-a-formacao-inicial-e-continua-de-professores-de-linguas\/#primaryimage","url":"https:\/\/ponteseditores.com.br\/loja3\/wp-content\/uploads\/2023\/12\/Capa_Linguas201-scaled.jpg","contentUrl":"https:\/\/ponteseditores.com.br\/loja3\/wp-content\/uploads\/2023\/12\/Capa_Linguas201-scaled.jpg","width":1781,"height":2560},{"@type":"BreadcrumbList","@id":"https:\/\/ponteseditores.com.br\/loja3\/pontes-editores-home-2__trashed\/linguistica\/linguas-em-extensao-colaboracoes-para-a-formacao-inicial-e-continua-de-professores-de-linguas\/#breadcrumb","itemListElement":[{"@type":"ListItem","position":1,"name":"Home","item":"https:\/\/ponteseditores.com.br\/loja3\/"},{"@type":"ListItem","position":2,"name":"loja","item":"https:\/\/ponteseditores.com.br\/loja3\/loja\/"},{"@type":"ListItem","position":3,"name":"L\u00ednguas em extens\u00e3o: colabora\u00e7\u00f5es para a forma\u00e7\u00e3o inicial e cont\u00ednua de professores de l\u00ednguas"}]},{"@type":"WebSite","@id":"https:\/\/ponteseditores.com.br\/loja3\/#website","url":"https:\/\/ponteseditores.com.br\/loja3\/","name":"Pontes Editores","description":"Pontes Editores","publisher":{"@id":"https:\/\/ponteseditores.com.br\/loja3\/#organization"},"potentialAction":[{"@type":"SearchAction","target":{"@type":"EntryPoint","urlTemplate":"https:\/\/ponteseditores.com.br\/loja3\/?s={search_term_string}"},"query-input":{"@type":"PropertyValueSpecification","valueRequired":true,"valueName":"search_term_string"}}],"inLanguage":"pt-BR"},{"@type":"Organization","@id":"https:\/\/ponteseditores.com.br\/loja3\/#organization","name":"Pontes Editores","url":"https:\/\/ponteseditores.com.br\/loja3\/","logo":{"@type":"ImageObject","inLanguage":"pt-BR","@id":"https:\/\/ponteseditores.com.br\/loja3\/#\/schema\/logo\/image\/","url":"https:\/\/ponteseditores.com.br\/loja3\/wp-content\/uploads\/2023\/12\/logo-pontes-editores-v2.png","contentUrl":"https:\/\/ponteseditores.com.br\/loja3\/wp-content\/uploads\/2023\/12\/logo-pontes-editores-v2.png","width":258,"height":100,"caption":"Pontes Editores"},"image":{"@id":"https:\/\/ponteseditores.com.br\/loja3\/#\/schema\/logo\/image\/"}}]}},"_links":{"self":[{"href":"https:\/\/ponteseditores.com.br\/loja3\/wp-json\/wp\/v2\/product\/8310","targetHints":{"allow":["GET"]}}],"collection":[{"href":"https:\/\/ponteseditores.com.br\/loja3\/wp-json\/wp\/v2\/product"}],"about":[{"href":"https:\/\/ponteseditores.com.br\/loja3\/wp-json\/wp\/v2\/types\/product"}],"replies":[{"embeddable":true,"href":"https:\/\/ponteseditores.com.br\/loja3\/wp-json\/wp\/v2\/comments?post=8310"}],"version-history":[{"count":0,"href":"https:\/\/ponteseditores.com.br\/loja3\/wp-json\/wp\/v2\/product\/8310\/revisions"}],"wp:featuredmedia":[{"embeddable":true,"href":"https:\/\/ponteseditores.com.br\/loja3\/wp-json\/wp\/v2\/media\/8309"}],"wp:attachment":[{"href":"https:\/\/ponteseditores.com.br\/loja3\/wp-json\/wp\/v2\/media?parent=8310"}],"wp:term":[{"taxonomy":"product_brand","embeddable":true,"href":"https:\/\/ponteseditores.com.br\/loja3\/wp-json\/wp\/v2\/product_brand?post=8310"},{"taxonomy":"product_cat","embeddable":true,"href":"https:\/\/ponteseditores.com.br\/loja3\/wp-json\/wp\/v2\/product_cat?post=8310"},{"taxonomy":"product_tag","embeddable":true,"href":"https:\/\/ponteseditores.com.br\/loja3\/wp-json\/wp\/v2\/product_tag?post=8310"}],"curies":[{"name":"wp","href":"https:\/\/api.w.org\/{rel}","templated":true}]}}