{"id":8302,"date":"2023-12-16T00:15:27","date_gmt":"2023-12-16T03:15:27","guid":{"rendered":"https:\/\/ponteseditores.com.br\/loja3\/pontes-editores-home-2__trashed\/sem categoria\/silencio-memoria-resistencia-a-politica-e-o-politico-no-discurso\/"},"modified":"2025-11-30T21:54:59","modified_gmt":"2025-12-01T00:54:59","slug":"silencio-memoria-resistencia-a-politica-e-o-politico-no-discurso","status":"publish","type":"product","link":"https:\/\/ponteseditores.com.br\/loja3\/pontes-editores-home-2__trashed\/linguistica\/silencio-memoria-resistencia-a-politica-e-o-politico-no-discurso\/","title":{"rendered":"Sil\u00eancio, Mem\u00f3ria, Resist\u00eancia: a Pol\u00edtica e o Pol\u00edtico no Discurso"},"content":{"rendered":"<p>Enquanto analistas do discurso, pesquisadores da \u00e1rea de Ci\u00eancias Humanas, temos o papel de mostrar, \u00e9tica e politicamente, como podemos ler de outro modo, produzindo resist\u00eancia aos discursos hegem\u00f4nicos, que reproduzem a ideologia dominante. Com um olhar sens\u00edvel e uma escuta atenta, os pesquisadores que assinam os artigos dessa colet\u00e2nea buscam, ao analisar desde os discursos mais corriqueiros do nosso cotidiano at\u00e9 aqueles presentes em documentos hist\u00f3ricos, compreender as contradi\u00e7\u00f5es que atravessam os processos de significa\u00e7\u00e3o. Assim, acatando a li\u00e7\u00e3o de P\u00eacheux de que, para produzir resist\u00eancia, \u00e9 preciso  \u201ccome\u00e7ar a se despedir do sentido que reproduz o discurso da domina\u00e7\u00e3o, de modo que o irrealizado advenha formando sentido no interior do sem-sentido\u201d, o conjunto de textos ora apresentado ao leitor refletem sobre como a pol\u00edtica e o pol\u00edtico atravessam os discursos, tendo como fio condutor a rela\u00e7\u00e3o entre sil\u00eancio, mem\u00f3ria e resist\u00eancia.<\/p>\n","protected":false},"excerpt":{"rendered":"<p>Enquanto analistas do discurso, pesquisadores da \u00e1rea de Ci\u00eancias Humanas, temos o papel de mostrar, \u00e9tica e politicamente, como podemos ler de outro modo, produzindo resist\u00eancia aos discursos hegem\u00f4nicos, que reproduzem a ideologia dominante. Com um olhar sens\u00edvel e uma escuta atenta, os pesquisadores que assinam os artigos dessa colet\u00e2nea buscam, ao analisar desde os [&hellip;]<\/p>\n","protected":false},"featured_media":8301,"comment_status":"open","ping_status":"closed","template":"","meta":{"_joinchat":[]},"product_brand":[],"product_cat":[301,290,31],"product_tag":[],"class_list":{"0":"post-8302","1":"product","2":"type-product","3":"status-publish","4":"has-post-thumbnail","6":"product_cat-analise-de-discurso","7":"product_cat-linguagem-e-linguas","8":"product_cat-linguistica","10":"first","11":"instock","12":"shipping-taxable","13":"purchasable","14":"product-type-simple"},"yoast_head":"<!-- This site is optimized with the Yoast SEO plugin v27.4 - https:\/\/yoast.com\/product\/yoast-seo-wordpress\/ -->\n<title>Sil\u00eancio, Mem\u00f3ria, Resist\u00eancia: a Pol\u00edtica e o Pol\u00edtico no Discurso - Pontes Editores<\/title>\n<meta name=\"robots\" content=\"index, follow, max-snippet:-1, max-image-preview:large, max-video-preview:-1\" \/>\n<link rel=\"canonical\" href=\"https:\/\/ponteseditores.com.br\/loja3\/pontes-editores-home-2__trashed\/linguistica\/silencio-memoria-resistencia-a-politica-e-o-politico-no-discurso\/\" \/>\n<meta property=\"og:locale\" content=\"pt_BR\" \/>\n<meta property=\"og:type\" content=\"article\" \/>\n<meta property=\"og:title\" content=\"Sil\u00eancio, Mem\u00f3ria, Resist\u00eancia: a Pol\u00edtica e o Pol\u00edtico no Discurso - Pontes Editores\" \/>\n<meta property=\"og:description\" content=\"Enquanto analistas do discurso, pesquisadores da \u00e1rea de Ci\u00eancias Humanas, temos o papel de mostrar, \u00e9tica e politicamente, como podemos ler de outro modo, produzindo resist\u00eancia aos discursos hegem\u00f4nicos, que reproduzem a ideologia dominante. Com um olhar sens\u00edvel e uma escuta atenta, os pesquisadores que assinam os artigos dessa colet\u00e2nea buscam, ao analisar desde os [&hellip;]\" \/>\n<meta property=\"og:url\" content=\"https:\/\/ponteseditores.com.br\/loja3\/pontes-editores-home-2__trashed\/linguistica\/silencio-memoria-resistencia-a-politica-e-o-politico-no-discurso\/\" \/>\n<meta property=\"og:site_name\" content=\"Pontes Editores\" \/>\n<meta property=\"article:modified_time\" content=\"2025-12-01T00:54:59+00:00\" \/>\n<meta property=\"og:image\" content=\"https:\/\/ponteseditores.com.br\/loja3\/wp-content\/uploads\/2023\/12\/Capa_SEAD_I-3.jpg\" \/>\n\t<meta property=\"og:image:width\" content=\"472\" \/>\n\t<meta property=\"og:image:height\" content=\"679\" \/>\n\t<meta property=\"og:image:type\" content=\"image\/jpeg\" \/>\n<meta name=\"twitter:card\" content=\"summary_large_image\" \/>\n<meta name=\"twitter:label1\" content=\"Est. tempo de leitura\" \/>\n\t<meta name=\"twitter:data1\" content=\"1 minuto\" \/>\n<script type=\"application\/ld+json\" class=\"yoast-schema-graph\">{\"@context\":\"https:\\\/\\\/schema.org\",\"@graph\":[{\"@type\":\"WebPage\",\"@id\":\"https:\\\/\\\/ponteseditores.com.br\\\/loja3\\\/pontes-editores-home-2__trashed\\\/linguistica\\\/silencio-memoria-resistencia-a-politica-e-o-politico-no-discurso\\\/\",\"url\":\"https:\\\/\\\/ponteseditores.com.br\\\/loja3\\\/pontes-editores-home-2__trashed\\\/linguistica\\\/silencio-memoria-resistencia-a-politica-e-o-politico-no-discurso\\\/\",\"name\":\"Sil\u00eancio, Mem\u00f3ria, Resist\u00eancia: a Pol\u00edtica e o Pol\u00edtico no Discurso - Pontes Editores\",\"isPartOf\":{\"@id\":\"https:\\\/\\\/ponteseditores.com.br\\\/loja3\\\/#website\"},\"primaryImageOfPage\":{\"@id\":\"https:\\\/\\\/ponteseditores.com.br\\\/loja3\\\/pontes-editores-home-2__trashed\\\/linguistica\\\/silencio-memoria-resistencia-a-politica-e-o-politico-no-discurso\\\/#primaryimage\"},\"image\":{\"@id\":\"https:\\\/\\\/ponteseditores.com.br\\\/loja3\\\/pontes-editores-home-2__trashed\\\/linguistica\\\/silencio-memoria-resistencia-a-politica-e-o-politico-no-discurso\\\/#primaryimage\"},\"thumbnailUrl\":\"https:\\\/\\\/ponteseditores.com.br\\\/loja3\\\/wp-content\\\/uploads\\\/2023\\\/12\\\/Capa_SEAD_I-3.jpg\",\"datePublished\":\"2023-12-16T03:15:27+00:00\",\"dateModified\":\"2025-12-01T00:54:59+00:00\",\"breadcrumb\":{\"@id\":\"https:\\\/\\\/ponteseditores.com.br\\\/loja3\\\/pontes-editores-home-2__trashed\\\/linguistica\\\/silencio-memoria-resistencia-a-politica-e-o-politico-no-discurso\\\/#breadcrumb\"},\"inLanguage\":\"pt-BR\",\"potentialAction\":[{\"@type\":\"ReadAction\",\"target\":[\"https:\\\/\\\/ponteseditores.com.br\\\/loja3\\\/pontes-editores-home-2__trashed\\\/linguistica\\\/silencio-memoria-resistencia-a-politica-e-o-politico-no-discurso\\\/\"]}]},{\"@type\":\"ImageObject\",\"inLanguage\":\"pt-BR\",\"@id\":\"https:\\\/\\\/ponteseditores.com.br\\\/loja3\\\/pontes-editores-home-2__trashed\\\/linguistica\\\/silencio-memoria-resistencia-a-politica-e-o-politico-no-discurso\\\/#primaryimage\",\"url\":\"https:\\\/\\\/ponteseditores.com.br\\\/loja3\\\/wp-content\\\/uploads\\\/2023\\\/12\\\/Capa_SEAD_I-3.jpg\",\"contentUrl\":\"https:\\\/\\\/ponteseditores.com.br\\\/loja3\\\/wp-content\\\/uploads\\\/2023\\\/12\\\/Capa_SEAD_I-3.jpg\",\"width\":472,\"height\":679},{\"@type\":\"BreadcrumbList\",\"@id\":\"https:\\\/\\\/ponteseditores.com.br\\\/loja3\\\/pontes-editores-home-2__trashed\\\/linguistica\\\/silencio-memoria-resistencia-a-politica-e-o-politico-no-discurso\\\/#breadcrumb\",\"itemListElement\":[{\"@type\":\"ListItem\",\"position\":1,\"name\":\"Home\",\"item\":\"https:\\\/\\\/ponteseditores.com.br\\\/loja3\\\/\"},{\"@type\":\"ListItem\",\"position\":2,\"name\":\"loja\",\"item\":\"https:\\\/\\\/ponteseditores.com.br\\\/loja3\\\/loja\\\/\"},{\"@type\":\"ListItem\",\"position\":3,\"name\":\"Sil\u00eancio, Mem\u00f3ria, Resist\u00eancia: a Pol\u00edtica e o Pol\u00edtico no Discurso\"}]},{\"@type\":\"WebSite\",\"@id\":\"https:\\\/\\\/ponteseditores.com.br\\\/loja3\\\/#website\",\"url\":\"https:\\\/\\\/ponteseditores.com.br\\\/loja3\\\/\",\"name\":\"Pontes Editores\",\"description\":\"Pontes Editores\",\"publisher\":{\"@id\":\"https:\\\/\\\/ponteseditores.com.br\\\/loja3\\\/#organization\"},\"potentialAction\":[{\"@type\":\"SearchAction\",\"target\":{\"@type\":\"EntryPoint\",\"urlTemplate\":\"https:\\\/\\\/ponteseditores.com.br\\\/loja3\\\/?s={search_term_string}\"},\"query-input\":{\"@type\":\"PropertyValueSpecification\",\"valueRequired\":true,\"valueName\":\"search_term_string\"}}],\"inLanguage\":\"pt-BR\"},{\"@type\":\"Organization\",\"@id\":\"https:\\\/\\\/ponteseditores.com.br\\\/loja3\\\/#organization\",\"name\":\"Pontes Editores\",\"url\":\"https:\\\/\\\/ponteseditores.com.br\\\/loja3\\\/\",\"logo\":{\"@type\":\"ImageObject\",\"inLanguage\":\"pt-BR\",\"@id\":\"https:\\\/\\\/ponteseditores.com.br\\\/loja3\\\/#\\\/schema\\\/logo\\\/image\\\/\",\"url\":\"https:\\\/\\\/ponteseditores.com.br\\\/loja3\\\/wp-content\\\/uploads\\\/2023\\\/12\\\/logo-pontes-editores-v2.png\",\"contentUrl\":\"https:\\\/\\\/ponteseditores.com.br\\\/loja3\\\/wp-content\\\/uploads\\\/2023\\\/12\\\/logo-pontes-editores-v2.png\",\"width\":258,\"height\":100,\"caption\":\"Pontes Editores\"},\"image\":{\"@id\":\"https:\\\/\\\/ponteseditores.com.br\\\/loja3\\\/#\\\/schema\\\/logo\\\/image\\\/\"}}]}<\/script>\n<!-- \/ Yoast SEO plugin. -->","yoast_head_json":{"title":"Sil\u00eancio, Mem\u00f3ria, Resist\u00eancia: a Pol\u00edtica e o Pol\u00edtico no Discurso - Pontes Editores","robots":{"index":"index","follow":"follow","max-snippet":"max-snippet:-1","max-image-preview":"max-image-preview:large","max-video-preview":"max-video-preview:-1"},"canonical":"https:\/\/ponteseditores.com.br\/loja3\/pontes-editores-home-2__trashed\/linguistica\/silencio-memoria-resistencia-a-politica-e-o-politico-no-discurso\/","og_locale":"pt_BR","og_type":"article","og_title":"Sil\u00eancio, Mem\u00f3ria, Resist\u00eancia: a Pol\u00edtica e o Pol\u00edtico no Discurso - Pontes Editores","og_description":"Enquanto analistas do discurso, pesquisadores da \u00e1rea de Ci\u00eancias Humanas, temos o papel de mostrar, \u00e9tica e politicamente, como podemos ler de outro modo, produzindo resist\u00eancia aos discursos hegem\u00f4nicos, que reproduzem a ideologia dominante. Com um olhar sens\u00edvel e uma escuta atenta, os pesquisadores que assinam os artigos dessa colet\u00e2nea buscam, ao analisar desde os [&hellip;]","og_url":"https:\/\/ponteseditores.com.br\/loja3\/pontes-editores-home-2__trashed\/linguistica\/silencio-memoria-resistencia-a-politica-e-o-politico-no-discurso\/","og_site_name":"Pontes Editores","article_modified_time":"2025-12-01T00:54:59+00:00","og_image":[{"width":472,"height":679,"url":"https:\/\/ponteseditores.com.br\/loja3\/wp-content\/uploads\/2023\/12\/Capa_SEAD_I-3.jpg","type":"image\/jpeg"}],"twitter_card":"summary_large_image","twitter_misc":{"Est. tempo de leitura":"1 minuto"},"schema":{"@context":"https:\/\/schema.org","@graph":[{"@type":"WebPage","@id":"https:\/\/ponteseditores.com.br\/loja3\/pontes-editores-home-2__trashed\/linguistica\/silencio-memoria-resistencia-a-politica-e-o-politico-no-discurso\/","url":"https:\/\/ponteseditores.com.br\/loja3\/pontes-editores-home-2__trashed\/linguistica\/silencio-memoria-resistencia-a-politica-e-o-politico-no-discurso\/","name":"Sil\u00eancio, Mem\u00f3ria, Resist\u00eancia: a Pol\u00edtica e o Pol\u00edtico no Discurso - Pontes Editores","isPartOf":{"@id":"https:\/\/ponteseditores.com.br\/loja3\/#website"},"primaryImageOfPage":{"@id":"https:\/\/ponteseditores.com.br\/loja3\/pontes-editores-home-2__trashed\/linguistica\/silencio-memoria-resistencia-a-politica-e-o-politico-no-discurso\/#primaryimage"},"image":{"@id":"https:\/\/ponteseditores.com.br\/loja3\/pontes-editores-home-2__trashed\/linguistica\/silencio-memoria-resistencia-a-politica-e-o-politico-no-discurso\/#primaryimage"},"thumbnailUrl":"https:\/\/ponteseditores.com.br\/loja3\/wp-content\/uploads\/2023\/12\/Capa_SEAD_I-3.jpg","datePublished":"2023-12-16T03:15:27+00:00","dateModified":"2025-12-01T00:54:59+00:00","breadcrumb":{"@id":"https:\/\/ponteseditores.com.br\/loja3\/pontes-editores-home-2__trashed\/linguistica\/silencio-memoria-resistencia-a-politica-e-o-politico-no-discurso\/#breadcrumb"},"inLanguage":"pt-BR","potentialAction":[{"@type":"ReadAction","target":["https:\/\/ponteseditores.com.br\/loja3\/pontes-editores-home-2__trashed\/linguistica\/silencio-memoria-resistencia-a-politica-e-o-politico-no-discurso\/"]}]},{"@type":"ImageObject","inLanguage":"pt-BR","@id":"https:\/\/ponteseditores.com.br\/loja3\/pontes-editores-home-2__trashed\/linguistica\/silencio-memoria-resistencia-a-politica-e-o-politico-no-discurso\/#primaryimage","url":"https:\/\/ponteseditores.com.br\/loja3\/wp-content\/uploads\/2023\/12\/Capa_SEAD_I-3.jpg","contentUrl":"https:\/\/ponteseditores.com.br\/loja3\/wp-content\/uploads\/2023\/12\/Capa_SEAD_I-3.jpg","width":472,"height":679},{"@type":"BreadcrumbList","@id":"https:\/\/ponteseditores.com.br\/loja3\/pontes-editores-home-2__trashed\/linguistica\/silencio-memoria-resistencia-a-politica-e-o-politico-no-discurso\/#breadcrumb","itemListElement":[{"@type":"ListItem","position":1,"name":"Home","item":"https:\/\/ponteseditores.com.br\/loja3\/"},{"@type":"ListItem","position":2,"name":"loja","item":"https:\/\/ponteseditores.com.br\/loja3\/loja\/"},{"@type":"ListItem","position":3,"name":"Sil\u00eancio, Mem\u00f3ria, Resist\u00eancia: a Pol\u00edtica e o Pol\u00edtico no Discurso"}]},{"@type":"WebSite","@id":"https:\/\/ponteseditores.com.br\/loja3\/#website","url":"https:\/\/ponteseditores.com.br\/loja3\/","name":"Pontes Editores","description":"Pontes Editores","publisher":{"@id":"https:\/\/ponteseditores.com.br\/loja3\/#organization"},"potentialAction":[{"@type":"SearchAction","target":{"@type":"EntryPoint","urlTemplate":"https:\/\/ponteseditores.com.br\/loja3\/?s={search_term_string}"},"query-input":{"@type":"PropertyValueSpecification","valueRequired":true,"valueName":"search_term_string"}}],"inLanguage":"pt-BR"},{"@type":"Organization","@id":"https:\/\/ponteseditores.com.br\/loja3\/#organization","name":"Pontes Editores","url":"https:\/\/ponteseditores.com.br\/loja3\/","logo":{"@type":"ImageObject","inLanguage":"pt-BR","@id":"https:\/\/ponteseditores.com.br\/loja3\/#\/schema\/logo\/image\/","url":"https:\/\/ponteseditores.com.br\/loja3\/wp-content\/uploads\/2023\/12\/logo-pontes-editores-v2.png","contentUrl":"https:\/\/ponteseditores.com.br\/loja3\/wp-content\/uploads\/2023\/12\/logo-pontes-editores-v2.png","width":258,"height":100,"caption":"Pontes Editores"},"image":{"@id":"https:\/\/ponteseditores.com.br\/loja3\/#\/schema\/logo\/image\/"}}]}},"_links":{"self":[{"href":"https:\/\/ponteseditores.com.br\/loja3\/wp-json\/wp\/v2\/product\/8302","targetHints":{"allow":["GET"]}}],"collection":[{"href":"https:\/\/ponteseditores.com.br\/loja3\/wp-json\/wp\/v2\/product"}],"about":[{"href":"https:\/\/ponteseditores.com.br\/loja3\/wp-json\/wp\/v2\/types\/product"}],"replies":[{"embeddable":true,"href":"https:\/\/ponteseditores.com.br\/loja3\/wp-json\/wp\/v2\/comments?post=8302"}],"version-history":[{"count":0,"href":"https:\/\/ponteseditores.com.br\/loja3\/wp-json\/wp\/v2\/product\/8302\/revisions"}],"wp:featuredmedia":[{"embeddable":true,"href":"https:\/\/ponteseditores.com.br\/loja3\/wp-json\/wp\/v2\/media\/8301"}],"wp:attachment":[{"href":"https:\/\/ponteseditores.com.br\/loja3\/wp-json\/wp\/v2\/media?parent=8302"}],"wp:term":[{"taxonomy":"product_brand","embeddable":true,"href":"https:\/\/ponteseditores.com.br\/loja3\/wp-json\/wp\/v2\/product_brand?post=8302"},{"taxonomy":"product_cat","embeddable":true,"href":"https:\/\/ponteseditores.com.br\/loja3\/wp-json\/wp\/v2\/product_cat?post=8302"},{"taxonomy":"product_tag","embeddable":true,"href":"https:\/\/ponteseditores.com.br\/loja3\/wp-json\/wp\/v2\/product_tag?post=8302"}],"curies":[{"name":"wp","href":"https:\/\/api.w.org\/{rel}","templated":true}]}}