{"id":8294,"date":"2023-12-16T00:15:23","date_gmt":"2023-12-16T03:15:23","guid":{"rendered":"https:\/\/ponteseditores.com.br\/loja3\/pontes-editores-home-2__trashed\/sem%20categoria\/generos-de-texto-discurso-novas-praticas-e-desafios\/"},"modified":"2025-02-13T09:45:48","modified_gmt":"2025-02-13T12:45:48","slug":"generos-de-texto-discurso-novas-praticas-e-desafios","status":"publish","type":"product","link":"https:\/\/ponteseditores.com.br\/loja3\/pontes-editores-home-2__trashed\/linguistica\/generos-de-texto-discurso-novas-praticas-e-desafios\/","title":{"rendered":"G\u00caNEROS DE TEXTO\/DISCURSO: NOVAS PR\u00c1TICAS E DESAFIOS"},"content":{"rendered":"<p>Este livro nasceu e se desenvolveu no interior do grupo de trabalho \u2013<br \/>\nGT\/G\u00eaneros textuais\/discursivos da Associa\u00e7\u00e3o Nacional de P\u00f3s-Gradua\u00e7\u00e3o e<br \/>\nPesquisa em Letras e Lingu\u00edstica (ANPOLL). O livro representa,<br \/>\nportanto, a conviv\u00eancia dentro do GT de teorias e abordagens do objeto<br \/>\nde investiga\u00e7\u00e3o dos membros do Grupo: os g\u00eaneros textuais\/discursivos<br \/>\ne as suas articula\u00e7\u00f5es a partir de quest\u00f5es relacionadas \u00e0 sua emerg\u00eancia,<br \/>\ncircula\u00e7\u00e3o, configura\u00e7\u00e3o e apropria\u00e7\u00e3o.<br \/>\nA conviv\u00eancia de profissionais articulados a Programas de P\u00f3s-Gradua\u00e7\u00e3o na \u00e1rea<br \/>\nde Letras e Lingu\u00edstica, oriundos de diferentes regi\u00f5es do Brasil e em<br \/>\ninstitui\u00e7\u00f5es p\u00fablicas e privadas, tem se tornado cada vez mais s\u00f3lida e produtiva nos encontros do ENANPOLL, pela oportunidade que representa ao congregar os membros do GT G\u00eaneros textuais\/discursivos, facilitando o di\u00e1logo e incrementando as discuss\u00f5es no grupo. Os textos que comp\u00f5em os cap\u00edtulos deste livro se fundamentam na convic\u00e7\u00e3o do papel decisivo da apropria\u00e7\u00e3o dos g\u00eaneros textuais no desenvolvimento social. Seus autores se movem em diferentes tend\u00eancias e abordagens, constituindo diferentes eixos de trabalho que apresentam como tra\u00e7o<br \/>\ncomum a vis\u00e3o da linguagem como atividade, questionando o seu papel<br \/>\nno trabalho, no ensino e na aprendizagem.<br \/>\nOs resultados apresentados fornecem dados para o surgimento e aperfei\u00e7oamento<br \/>\nde dispositivos metodol\u00f3gicos que dialogam em torno do objeto que<br \/>\ntem articulado os membros desse Grupo de Pesquisa.<\/p>\n","protected":false},"excerpt":{"rendered":"<p>Este livro nasceu e se desenvolveu no interior do grupo de trabalho \u2013 GT\/G\u00eaneros textuais\/discursivos da Associa\u00e7\u00e3o Nacional de P\u00f3s-Gradua\u00e7\u00e3o e Pesquisa em Letras e Lingu\u00edstica (ANPOLL). O livro representa, portanto, a conviv\u00eancia dentro do GT de teorias e abordagens do objeto de investiga\u00e7\u00e3o dos membros do Grupo: os g\u00eaneros textuais\/discursivos e as suas articula\u00e7\u00f5es [&hellip;]<\/p>\n","protected":false},"featured_media":8293,"comment_status":"open","ping_status":"closed","template":"","meta":{"_joinchat":[]},"product_brand":[],"product_cat":[337,313,31],"product_tag":[],"class_list":{"0":"post-8294","1":"product","2":"type-product","3":"status-publish","4":"has-post-thumbnail","6":"product_cat-generos","7":"product_cat-generos-textuais","8":"product_cat-linguistica","10":"first","11":"instock","12":"shipping-taxable","13":"purchasable","14":"product-type-simple"},"yoast_head":"<!-- This site is optimized with the Yoast SEO plugin v27.4 - https:\/\/yoast.com\/product\/yoast-seo-wordpress\/ -->\n<title>G\u00caNEROS DE TEXTO\/DISCURSO: NOVAS PR\u00c1TICAS E DESAFIOS - Pontes Editores<\/title>\n<meta name=\"robots\" content=\"index, follow, max-snippet:-1, max-image-preview:large, max-video-preview:-1\" \/>\n<link rel=\"canonical\" href=\"https:\/\/ponteseditores.com.br\/loja3\/pontes-editores-home-2__trashed\/linguistica\/generos-de-texto-discurso-novas-praticas-e-desafios\/\" \/>\n<meta property=\"og:locale\" content=\"pt_BR\" \/>\n<meta property=\"og:type\" content=\"article\" \/>\n<meta property=\"og:title\" content=\"G\u00caNEROS DE TEXTO\/DISCURSO: NOVAS PR\u00c1TICAS E DESAFIOS - Pontes Editores\" \/>\n<meta property=\"og:description\" content=\"Este livro nasceu e se desenvolveu no interior do grupo de trabalho \u2013 GT\/G\u00eaneros textuais\/discursivos da Associa\u00e7\u00e3o Nacional de P\u00f3s-Gradua\u00e7\u00e3o e Pesquisa em Letras e Lingu\u00edstica (ANPOLL). O livro representa, portanto, a conviv\u00eancia dentro do GT de teorias e abordagens do objeto de investiga\u00e7\u00e3o dos membros do Grupo: os g\u00eaneros textuais\/discursivos e as suas articula\u00e7\u00f5es [&hellip;]\" \/>\n<meta property=\"og:url\" content=\"https:\/\/ponteseditores.com.br\/loja3\/pontes-editores-home-2__trashed\/linguistica\/generos-de-texto-discurso-novas-praticas-e-desafios\/\" \/>\n<meta property=\"og:site_name\" content=\"Pontes Editores\" \/>\n<meta property=\"article:modified_time\" content=\"2025-02-13T12:45:48+00:00\" \/>\n<meta property=\"og:image\" content=\"https:\/\/ponteseditores.com.br\/loja3\/wp-content\/uploads\/2023\/12\/generostex-3.jpg\" \/>\n\t<meta property=\"og:image:width\" content=\"507\" \/>\n\t<meta property=\"og:image:height\" content=\"768\" \/>\n\t<meta property=\"og:image:type\" content=\"image\/jpeg\" \/>\n<meta name=\"twitter:card\" content=\"summary_large_image\" \/>\n<meta name=\"twitter:label1\" content=\"Est. tempo de leitura\" \/>\n\t<meta name=\"twitter:data1\" content=\"2 minutos\" \/>\n<script type=\"application\/ld+json\" class=\"yoast-schema-graph\">{\"@context\":\"https:\\\/\\\/schema.org\",\"@graph\":[{\"@type\":\"WebPage\",\"@id\":\"https:\\\/\\\/ponteseditores.com.br\\\/loja3\\\/pontes-editores-home-2__trashed\\\/linguistica\\\/generos-de-texto-discurso-novas-praticas-e-desafios\\\/\",\"url\":\"https:\\\/\\\/ponteseditores.com.br\\\/loja3\\\/pontes-editores-home-2__trashed\\\/linguistica\\\/generos-de-texto-discurso-novas-praticas-e-desafios\\\/\",\"name\":\"G\u00caNEROS DE TEXTO\\\/DISCURSO: NOVAS PR\u00c1TICAS E DESAFIOS - Pontes Editores\",\"isPartOf\":{\"@id\":\"https:\\\/\\\/ponteseditores.com.br\\\/loja3\\\/#website\"},\"primaryImageOfPage\":{\"@id\":\"https:\\\/\\\/ponteseditores.com.br\\\/loja3\\\/pontes-editores-home-2__trashed\\\/linguistica\\\/generos-de-texto-discurso-novas-praticas-e-desafios\\\/#primaryimage\"},\"image\":{\"@id\":\"https:\\\/\\\/ponteseditores.com.br\\\/loja3\\\/pontes-editores-home-2__trashed\\\/linguistica\\\/generos-de-texto-discurso-novas-praticas-e-desafios\\\/#primaryimage\"},\"thumbnailUrl\":\"https:\\\/\\\/ponteseditores.com.br\\\/loja3\\\/wp-content\\\/uploads\\\/2023\\\/12\\\/generostex-3.jpg\",\"datePublished\":\"2023-12-16T03:15:23+00:00\",\"dateModified\":\"2025-02-13T12:45:48+00:00\",\"breadcrumb\":{\"@id\":\"https:\\\/\\\/ponteseditores.com.br\\\/loja3\\\/pontes-editores-home-2__trashed\\\/linguistica\\\/generos-de-texto-discurso-novas-praticas-e-desafios\\\/#breadcrumb\"},\"inLanguage\":\"pt-BR\",\"potentialAction\":[{\"@type\":\"ReadAction\",\"target\":[\"https:\\\/\\\/ponteseditores.com.br\\\/loja3\\\/pontes-editores-home-2__trashed\\\/linguistica\\\/generos-de-texto-discurso-novas-praticas-e-desafios\\\/\"]}]},{\"@type\":\"ImageObject\",\"inLanguage\":\"pt-BR\",\"@id\":\"https:\\\/\\\/ponteseditores.com.br\\\/loja3\\\/pontes-editores-home-2__trashed\\\/linguistica\\\/generos-de-texto-discurso-novas-praticas-e-desafios\\\/#primaryimage\",\"url\":\"https:\\\/\\\/ponteseditores.com.br\\\/loja3\\\/wp-content\\\/uploads\\\/2023\\\/12\\\/generostex-3.jpg\",\"contentUrl\":\"https:\\\/\\\/ponteseditores.com.br\\\/loja3\\\/wp-content\\\/uploads\\\/2023\\\/12\\\/generostex-3.jpg\",\"width\":507,\"height\":768},{\"@type\":\"BreadcrumbList\",\"@id\":\"https:\\\/\\\/ponteseditores.com.br\\\/loja3\\\/pontes-editores-home-2__trashed\\\/linguistica\\\/generos-de-texto-discurso-novas-praticas-e-desafios\\\/#breadcrumb\",\"itemListElement\":[{\"@type\":\"ListItem\",\"position\":1,\"name\":\"Home\",\"item\":\"https:\\\/\\\/ponteseditores.com.br\\\/loja3\\\/\"},{\"@type\":\"ListItem\",\"position\":2,\"name\":\"loja\",\"item\":\"https:\\\/\\\/ponteseditores.com.br\\\/loja3\\\/loja\\\/\"},{\"@type\":\"ListItem\",\"position\":3,\"name\":\"G\u00caNEROS DE TEXTO\\\/DISCURSO: NOVAS PR\u00c1TICAS E DESAFIOS\"}]},{\"@type\":\"WebSite\",\"@id\":\"https:\\\/\\\/ponteseditores.com.br\\\/loja3\\\/#website\",\"url\":\"https:\\\/\\\/ponteseditores.com.br\\\/loja3\\\/\",\"name\":\"Pontes Editores\",\"description\":\"Pontes Editores\",\"publisher\":{\"@id\":\"https:\\\/\\\/ponteseditores.com.br\\\/loja3\\\/#organization\"},\"potentialAction\":[{\"@type\":\"SearchAction\",\"target\":{\"@type\":\"EntryPoint\",\"urlTemplate\":\"https:\\\/\\\/ponteseditores.com.br\\\/loja3\\\/?s={search_term_string}\"},\"query-input\":{\"@type\":\"PropertyValueSpecification\",\"valueRequired\":true,\"valueName\":\"search_term_string\"}}],\"inLanguage\":\"pt-BR\"},{\"@type\":\"Organization\",\"@id\":\"https:\\\/\\\/ponteseditores.com.br\\\/loja3\\\/#organization\",\"name\":\"Pontes Editores\",\"url\":\"https:\\\/\\\/ponteseditores.com.br\\\/loja3\\\/\",\"logo\":{\"@type\":\"ImageObject\",\"inLanguage\":\"pt-BR\",\"@id\":\"https:\\\/\\\/ponteseditores.com.br\\\/loja3\\\/#\\\/schema\\\/logo\\\/image\\\/\",\"url\":\"https:\\\/\\\/ponteseditores.com.br\\\/loja3\\\/wp-content\\\/uploads\\\/2023\\\/12\\\/logo-pontes-editores-v2.png\",\"contentUrl\":\"https:\\\/\\\/ponteseditores.com.br\\\/loja3\\\/wp-content\\\/uploads\\\/2023\\\/12\\\/logo-pontes-editores-v2.png\",\"width\":258,\"height\":100,\"caption\":\"Pontes Editores\"},\"image\":{\"@id\":\"https:\\\/\\\/ponteseditores.com.br\\\/loja3\\\/#\\\/schema\\\/logo\\\/image\\\/\"}}]}<\/script>\n<!-- \/ Yoast SEO plugin. -->","yoast_head_json":{"title":"G\u00caNEROS DE TEXTO\/DISCURSO: NOVAS PR\u00c1TICAS E DESAFIOS - Pontes Editores","robots":{"index":"index","follow":"follow","max-snippet":"max-snippet:-1","max-image-preview":"max-image-preview:large","max-video-preview":"max-video-preview:-1"},"canonical":"https:\/\/ponteseditores.com.br\/loja3\/pontes-editores-home-2__trashed\/linguistica\/generos-de-texto-discurso-novas-praticas-e-desafios\/","og_locale":"pt_BR","og_type":"article","og_title":"G\u00caNEROS DE TEXTO\/DISCURSO: NOVAS PR\u00c1TICAS E DESAFIOS - Pontes Editores","og_description":"Este livro nasceu e se desenvolveu no interior do grupo de trabalho \u2013 GT\/G\u00eaneros textuais\/discursivos da Associa\u00e7\u00e3o Nacional de P\u00f3s-Gradua\u00e7\u00e3o e Pesquisa em Letras e Lingu\u00edstica (ANPOLL). O livro representa, portanto, a conviv\u00eancia dentro do GT de teorias e abordagens do objeto de investiga\u00e7\u00e3o dos membros do Grupo: os g\u00eaneros textuais\/discursivos e as suas articula\u00e7\u00f5es [&hellip;]","og_url":"https:\/\/ponteseditores.com.br\/loja3\/pontes-editores-home-2__trashed\/linguistica\/generos-de-texto-discurso-novas-praticas-e-desafios\/","og_site_name":"Pontes Editores","article_modified_time":"2025-02-13T12:45:48+00:00","og_image":[{"width":507,"height":768,"url":"https:\/\/ponteseditores.com.br\/loja3\/wp-content\/uploads\/2023\/12\/generostex-3.jpg","type":"image\/jpeg"}],"twitter_card":"summary_large_image","twitter_misc":{"Est. tempo de leitura":"2 minutos"},"schema":{"@context":"https:\/\/schema.org","@graph":[{"@type":"WebPage","@id":"https:\/\/ponteseditores.com.br\/loja3\/pontes-editores-home-2__trashed\/linguistica\/generos-de-texto-discurso-novas-praticas-e-desafios\/","url":"https:\/\/ponteseditores.com.br\/loja3\/pontes-editores-home-2__trashed\/linguistica\/generos-de-texto-discurso-novas-praticas-e-desafios\/","name":"G\u00caNEROS DE TEXTO\/DISCURSO: NOVAS PR\u00c1TICAS E DESAFIOS - Pontes Editores","isPartOf":{"@id":"https:\/\/ponteseditores.com.br\/loja3\/#website"},"primaryImageOfPage":{"@id":"https:\/\/ponteseditores.com.br\/loja3\/pontes-editores-home-2__trashed\/linguistica\/generos-de-texto-discurso-novas-praticas-e-desafios\/#primaryimage"},"image":{"@id":"https:\/\/ponteseditores.com.br\/loja3\/pontes-editores-home-2__trashed\/linguistica\/generos-de-texto-discurso-novas-praticas-e-desafios\/#primaryimage"},"thumbnailUrl":"https:\/\/ponteseditores.com.br\/loja3\/wp-content\/uploads\/2023\/12\/generostex-3.jpg","datePublished":"2023-12-16T03:15:23+00:00","dateModified":"2025-02-13T12:45:48+00:00","breadcrumb":{"@id":"https:\/\/ponteseditores.com.br\/loja3\/pontes-editores-home-2__trashed\/linguistica\/generos-de-texto-discurso-novas-praticas-e-desafios\/#breadcrumb"},"inLanguage":"pt-BR","potentialAction":[{"@type":"ReadAction","target":["https:\/\/ponteseditores.com.br\/loja3\/pontes-editores-home-2__trashed\/linguistica\/generos-de-texto-discurso-novas-praticas-e-desafios\/"]}]},{"@type":"ImageObject","inLanguage":"pt-BR","@id":"https:\/\/ponteseditores.com.br\/loja3\/pontes-editores-home-2__trashed\/linguistica\/generos-de-texto-discurso-novas-praticas-e-desafios\/#primaryimage","url":"https:\/\/ponteseditores.com.br\/loja3\/wp-content\/uploads\/2023\/12\/generostex-3.jpg","contentUrl":"https:\/\/ponteseditores.com.br\/loja3\/wp-content\/uploads\/2023\/12\/generostex-3.jpg","width":507,"height":768},{"@type":"BreadcrumbList","@id":"https:\/\/ponteseditores.com.br\/loja3\/pontes-editores-home-2__trashed\/linguistica\/generos-de-texto-discurso-novas-praticas-e-desafios\/#breadcrumb","itemListElement":[{"@type":"ListItem","position":1,"name":"Home","item":"https:\/\/ponteseditores.com.br\/loja3\/"},{"@type":"ListItem","position":2,"name":"loja","item":"https:\/\/ponteseditores.com.br\/loja3\/loja\/"},{"@type":"ListItem","position":3,"name":"G\u00caNEROS DE TEXTO\/DISCURSO: NOVAS PR\u00c1TICAS E DESAFIOS"}]},{"@type":"WebSite","@id":"https:\/\/ponteseditores.com.br\/loja3\/#website","url":"https:\/\/ponteseditores.com.br\/loja3\/","name":"Pontes Editores","description":"Pontes Editores","publisher":{"@id":"https:\/\/ponteseditores.com.br\/loja3\/#organization"},"potentialAction":[{"@type":"SearchAction","target":{"@type":"EntryPoint","urlTemplate":"https:\/\/ponteseditores.com.br\/loja3\/?s={search_term_string}"},"query-input":{"@type":"PropertyValueSpecification","valueRequired":true,"valueName":"search_term_string"}}],"inLanguage":"pt-BR"},{"@type":"Organization","@id":"https:\/\/ponteseditores.com.br\/loja3\/#organization","name":"Pontes Editores","url":"https:\/\/ponteseditores.com.br\/loja3\/","logo":{"@type":"ImageObject","inLanguage":"pt-BR","@id":"https:\/\/ponteseditores.com.br\/loja3\/#\/schema\/logo\/image\/","url":"https:\/\/ponteseditores.com.br\/loja3\/wp-content\/uploads\/2023\/12\/logo-pontes-editores-v2.png","contentUrl":"https:\/\/ponteseditores.com.br\/loja3\/wp-content\/uploads\/2023\/12\/logo-pontes-editores-v2.png","width":258,"height":100,"caption":"Pontes Editores"},"image":{"@id":"https:\/\/ponteseditores.com.br\/loja3\/#\/schema\/logo\/image\/"}}]}},"_links":{"self":[{"href":"https:\/\/ponteseditores.com.br\/loja3\/wp-json\/wp\/v2\/product\/8294","targetHints":{"allow":["GET"]}}],"collection":[{"href":"https:\/\/ponteseditores.com.br\/loja3\/wp-json\/wp\/v2\/product"}],"about":[{"href":"https:\/\/ponteseditores.com.br\/loja3\/wp-json\/wp\/v2\/types\/product"}],"replies":[{"embeddable":true,"href":"https:\/\/ponteseditores.com.br\/loja3\/wp-json\/wp\/v2\/comments?post=8294"}],"version-history":[{"count":2,"href":"https:\/\/ponteseditores.com.br\/loja3\/wp-json\/wp\/v2\/product\/8294\/revisions"}],"predecessor-version":[{"id":21729,"href":"https:\/\/ponteseditores.com.br\/loja3\/wp-json\/wp\/v2\/product\/8294\/revisions\/21729"}],"wp:featuredmedia":[{"embeddable":true,"href":"https:\/\/ponteseditores.com.br\/loja3\/wp-json\/wp\/v2\/media\/8293"}],"wp:attachment":[{"href":"https:\/\/ponteseditores.com.br\/loja3\/wp-json\/wp\/v2\/media?parent=8294"}],"wp:term":[{"taxonomy":"product_brand","embeddable":true,"href":"https:\/\/ponteseditores.com.br\/loja3\/wp-json\/wp\/v2\/product_brand?post=8294"},{"taxonomy":"product_cat","embeddable":true,"href":"https:\/\/ponteseditores.com.br\/loja3\/wp-json\/wp\/v2\/product_cat?post=8294"},{"taxonomy":"product_tag","embeddable":true,"href":"https:\/\/ponteseditores.com.br\/loja3\/wp-json\/wp\/v2\/product_tag?post=8294"}],"curies":[{"name":"wp","href":"https:\/\/api.w.org\/{rel}","templated":true}]}}