{"id":8288,"date":"2023-12-16T00:15:19","date_gmt":"2023-12-16T03:15:19","guid":{"rendered":"https:\/\/ponteseditores.com.br\/loja3\/pontes-editores-home-2__trashed\/sem categoria\/linguagem-e-conhecimento-bakhtin-volochinov-medviedev\/"},"modified":"2025-11-26T19:39:37","modified_gmt":"2025-11-26T22:39:37","slug":"linguagem-e-conhecimento-bakhtin-volochinov-medviedev","status":"publish","type":"product","link":"https:\/\/ponteseditores.com.br\/loja3\/pontes-editores-home-2__trashed\/linguistica\/linguagem-e-conhecimento-bakhtin-volochinov-medviedev\/","title":{"rendered":"Linguagem e conhecimento (Bakhtin, Vol\u00f3chinov, Medvi\u00e9dev)"},"content":{"rendered":"<p>O presente livro, coordenado pela incans\u00e1vel bakhtin\u00f3loga Beth Brait, confirma algo que j\u00e1 se tornou um axioma: a elasticidade da tem\u00e1tica filos\u00f3fico-antropol\u00f3gica sedimentada no dialogismo como modus vivendi da obra de Bakhtin encontra aplica\u00e7\u00e3o e se enriquece nos mais vastos campos da atividade intelectual. Os ensaios que comp\u00f5em o presente livro s\u00e3o uma prova desse asserto. Ele come\u00e7a por uma competente introdu\u00e7\u00e3o que \u00e9 de fato um resumo do livro, que at\u00e9 dispensaria o trabalho deste \u201corelhista\u201d. Mas como a pr\u00f3pria obra de Bakhtin se sedimenta numa liminaridade dial\u00f3gica como espa\u00e7o discursivo aberto \u00e0 inser\u00e7\u00e3o da palavra do outro, ent\u00e3o aqui vai a minha. Comp\u00f5em o livro doze ensaios de autores de diversos pontos do Brasil, o que mostra como o pensamento bakhtiniano enraizou-se e vem se consolidando entre n\u00f3s. Note-se que todos s\u00e3o centrados no dialogismo como centro aglutinador das reflex\u00f5es. Abordam o riso e seu papel na reinterpreta\u00e7\u00e3o da cultura, a rela\u00e7\u00e3o de Bakhtin e seu Ciclo com o teatro, a redemocratiza\u00e7\u00e3o no Brasil \u00e0 luz de um poss\u00edvel dialogismo (dois ensaios), o ponto de vista na interpreta\u00e7\u00e3o de artigos de opini\u00e3o, os lugares-comuns na atividade jornal\u00edstica e jur\u00eddico-institucional, a velha ret\u00f3rica como um eventual espa\u00e7o de di\u00e1logos, a resenha na gradua\u00e7\u00e3o como um di\u00e1logo entre sujeito cognoscente e objeto da cogni\u00e7\u00e3o, que faz do aluno sujeito de sua pr\u00f3pria aprendizagem, o dialogismo no ensino da l\u00edngua, um poss\u00edvel dialogismo no g\u00eanero serm\u00f5es, a lingu\u00edstica \u00e0 luz da filosofia bakhtiniana, Bakhtin, Heidegger e outros fil\u00f3sofos. Por fim, uma nova biografia de Bakhtin.O fulcro do dialogismo s\u00e3o o reconhecimento e a aceita\u00e7\u00e3o do outro em suas peculiaridades, e esta \u00e9 uma quest\u00e3o central de qualquer democracia.<\/p>\n<p>Paulo Bezerra<\/p>\n","protected":false},"excerpt":{"rendered":"<p>O presente livro, coordenado pela incans\u00e1vel bakhtin\u00f3loga Beth Brait, confirma algo que j\u00e1 se tornou um axioma: a elasticidade da tem\u00e1tica filos\u00f3fico-antropol\u00f3gica sedimentada no dialogismo como modus vivendi da obra de Bakhtin encontra aplica\u00e7\u00e3o e se enriquece nos mais vastos campos da atividade intelectual. Os ensaios que comp\u00f5em o presente livro s\u00e3o uma prova desse [&hellip;]<\/p>\n","protected":false},"featured_media":8287,"comment_status":"open","ping_status":"closed","template":"","meta":{"_joinchat":[]},"product_brand":[],"product_cat":[301,312,31],"product_tag":[],"class_list":{"0":"post-8288","1":"product","2":"type-product","3":"status-publish","4":"has-post-thumbnail","6":"product_cat-analise-de-discurso","7":"product_cat-estudos-da-linguagem","8":"product_cat-linguistica","10":"first","11":"instock","12":"shipping-taxable","13":"purchasable","14":"product-type-simple"},"yoast_head":"<!-- This site is optimized with the Yoast SEO plugin v27.4 - https:\/\/yoast.com\/product\/yoast-seo-wordpress\/ -->\n<title>Linguagem e conhecimento (Bakhtin, Vol\u00f3chinov, Medvi\u00e9dev) - Pontes Editores<\/title>\n<meta name=\"robots\" content=\"index, follow, max-snippet:-1, max-image-preview:large, max-video-preview:-1\" \/>\n<link rel=\"canonical\" href=\"https:\/\/ponteseditores.com.br\/loja3\/pontes-editores-home-2__trashed\/linguistica\/linguagem-e-conhecimento-bakhtin-volochinov-medviedev\/\" \/>\n<meta property=\"og:locale\" content=\"pt_BR\" \/>\n<meta property=\"og:type\" content=\"article\" \/>\n<meta property=\"og:title\" content=\"Linguagem e conhecimento (Bakhtin, Vol\u00f3chinov, Medvi\u00e9dev) - Pontes Editores\" \/>\n<meta property=\"og:description\" content=\"O presente livro, coordenado pela incans\u00e1vel bakhtin\u00f3loga Beth Brait, confirma algo que j\u00e1 se tornou um axioma: a elasticidade da tem\u00e1tica filos\u00f3fico-antropol\u00f3gica sedimentada no dialogismo como modus vivendi da obra de Bakhtin encontra aplica\u00e7\u00e3o e se enriquece nos mais vastos campos da atividade intelectual. Os ensaios que comp\u00f5em o presente livro s\u00e3o uma prova desse [&hellip;]\" \/>\n<meta property=\"og:url\" content=\"https:\/\/ponteseditores.com.br\/loja3\/pontes-editores-home-2__trashed\/linguistica\/linguagem-e-conhecimento-bakhtin-volochinov-medviedev\/\" \/>\n<meta property=\"og:site_name\" content=\"Pontes Editores\" \/>\n<meta property=\"article:modified_time\" content=\"2025-11-26T22:39:37+00:00\" \/>\n<meta property=\"og:image\" content=\"https:\/\/ponteseditores.com.br\/loja3\/wp-content\/uploads\/2023\/12\/Capa_Linguagem202.jpg\" \/>\n\t<meta property=\"og:image:width\" content=\"454\" \/>\n\t<meta property=\"og:image:height\" content=\"652\" \/>\n\t<meta property=\"og:image:type\" content=\"image\/jpeg\" \/>\n<meta name=\"twitter:card\" content=\"summary_large_image\" \/>\n<meta name=\"twitter:label1\" content=\"Est. tempo de leitura\" \/>\n\t<meta name=\"twitter:data1\" content=\"2 minutos\" \/>\n<script type=\"application\/ld+json\" class=\"yoast-schema-graph\">{\"@context\":\"https:\\\/\\\/schema.org\",\"@graph\":[{\"@type\":\"WebPage\",\"@id\":\"https:\\\/\\\/ponteseditores.com.br\\\/loja3\\\/pontes-editores-home-2__trashed\\\/linguistica\\\/linguagem-e-conhecimento-bakhtin-volochinov-medviedev\\\/\",\"url\":\"https:\\\/\\\/ponteseditores.com.br\\\/loja3\\\/pontes-editores-home-2__trashed\\\/linguistica\\\/linguagem-e-conhecimento-bakhtin-volochinov-medviedev\\\/\",\"name\":\"Linguagem e conhecimento (Bakhtin, Vol\u00f3chinov, Medvi\u00e9dev) - Pontes Editores\",\"isPartOf\":{\"@id\":\"https:\\\/\\\/ponteseditores.com.br\\\/loja3\\\/#website\"},\"primaryImageOfPage\":{\"@id\":\"https:\\\/\\\/ponteseditores.com.br\\\/loja3\\\/pontes-editores-home-2__trashed\\\/linguistica\\\/linguagem-e-conhecimento-bakhtin-volochinov-medviedev\\\/#primaryimage\"},\"image\":{\"@id\":\"https:\\\/\\\/ponteseditores.com.br\\\/loja3\\\/pontes-editores-home-2__trashed\\\/linguistica\\\/linguagem-e-conhecimento-bakhtin-volochinov-medviedev\\\/#primaryimage\"},\"thumbnailUrl\":\"https:\\\/\\\/ponteseditores.com.br\\\/loja3\\\/wp-content\\\/uploads\\\/2023\\\/12\\\/Capa_Linguagem202.jpg\",\"datePublished\":\"2023-12-16T03:15:19+00:00\",\"dateModified\":\"2025-11-26T22:39:37+00:00\",\"breadcrumb\":{\"@id\":\"https:\\\/\\\/ponteseditores.com.br\\\/loja3\\\/pontes-editores-home-2__trashed\\\/linguistica\\\/linguagem-e-conhecimento-bakhtin-volochinov-medviedev\\\/#breadcrumb\"},\"inLanguage\":\"pt-BR\",\"potentialAction\":[{\"@type\":\"ReadAction\",\"target\":[\"https:\\\/\\\/ponteseditores.com.br\\\/loja3\\\/pontes-editores-home-2__trashed\\\/linguistica\\\/linguagem-e-conhecimento-bakhtin-volochinov-medviedev\\\/\"]}]},{\"@type\":\"ImageObject\",\"inLanguage\":\"pt-BR\",\"@id\":\"https:\\\/\\\/ponteseditores.com.br\\\/loja3\\\/pontes-editores-home-2__trashed\\\/linguistica\\\/linguagem-e-conhecimento-bakhtin-volochinov-medviedev\\\/#primaryimage\",\"url\":\"https:\\\/\\\/ponteseditores.com.br\\\/loja3\\\/wp-content\\\/uploads\\\/2023\\\/12\\\/Capa_Linguagem202.jpg\",\"contentUrl\":\"https:\\\/\\\/ponteseditores.com.br\\\/loja3\\\/wp-content\\\/uploads\\\/2023\\\/12\\\/Capa_Linguagem202.jpg\",\"width\":454,\"height\":652},{\"@type\":\"BreadcrumbList\",\"@id\":\"https:\\\/\\\/ponteseditores.com.br\\\/loja3\\\/pontes-editores-home-2__trashed\\\/linguistica\\\/linguagem-e-conhecimento-bakhtin-volochinov-medviedev\\\/#breadcrumb\",\"itemListElement\":[{\"@type\":\"ListItem\",\"position\":1,\"name\":\"Home\",\"item\":\"https:\\\/\\\/ponteseditores.com.br\\\/loja3\\\/\"},{\"@type\":\"ListItem\",\"position\":2,\"name\":\"loja\",\"item\":\"https:\\\/\\\/ponteseditores.com.br\\\/loja3\\\/loja\\\/\"},{\"@type\":\"ListItem\",\"position\":3,\"name\":\"Linguagem e conhecimento (Bakhtin, Vol\u00f3chinov, Medvi\u00e9dev)\"}]},{\"@type\":\"WebSite\",\"@id\":\"https:\\\/\\\/ponteseditores.com.br\\\/loja3\\\/#website\",\"url\":\"https:\\\/\\\/ponteseditores.com.br\\\/loja3\\\/\",\"name\":\"Pontes Editores\",\"description\":\"Pontes Editores\",\"publisher\":{\"@id\":\"https:\\\/\\\/ponteseditores.com.br\\\/loja3\\\/#organization\"},\"potentialAction\":[{\"@type\":\"SearchAction\",\"target\":{\"@type\":\"EntryPoint\",\"urlTemplate\":\"https:\\\/\\\/ponteseditores.com.br\\\/loja3\\\/?s={search_term_string}\"},\"query-input\":{\"@type\":\"PropertyValueSpecification\",\"valueRequired\":true,\"valueName\":\"search_term_string\"}}],\"inLanguage\":\"pt-BR\"},{\"@type\":\"Organization\",\"@id\":\"https:\\\/\\\/ponteseditores.com.br\\\/loja3\\\/#organization\",\"name\":\"Pontes Editores\",\"url\":\"https:\\\/\\\/ponteseditores.com.br\\\/loja3\\\/\",\"logo\":{\"@type\":\"ImageObject\",\"inLanguage\":\"pt-BR\",\"@id\":\"https:\\\/\\\/ponteseditores.com.br\\\/loja3\\\/#\\\/schema\\\/logo\\\/image\\\/\",\"url\":\"https:\\\/\\\/ponteseditores.com.br\\\/loja3\\\/wp-content\\\/uploads\\\/2023\\\/12\\\/logo-pontes-editores-v2.png\",\"contentUrl\":\"https:\\\/\\\/ponteseditores.com.br\\\/loja3\\\/wp-content\\\/uploads\\\/2023\\\/12\\\/logo-pontes-editores-v2.png\",\"width\":258,\"height\":100,\"caption\":\"Pontes Editores\"},\"image\":{\"@id\":\"https:\\\/\\\/ponteseditores.com.br\\\/loja3\\\/#\\\/schema\\\/logo\\\/image\\\/\"}}]}<\/script>\n<!-- \/ Yoast SEO plugin. -->","yoast_head_json":{"title":"Linguagem e conhecimento (Bakhtin, Vol\u00f3chinov, Medvi\u00e9dev) - Pontes Editores","robots":{"index":"index","follow":"follow","max-snippet":"max-snippet:-1","max-image-preview":"max-image-preview:large","max-video-preview":"max-video-preview:-1"},"canonical":"https:\/\/ponteseditores.com.br\/loja3\/pontes-editores-home-2__trashed\/linguistica\/linguagem-e-conhecimento-bakhtin-volochinov-medviedev\/","og_locale":"pt_BR","og_type":"article","og_title":"Linguagem e conhecimento (Bakhtin, Vol\u00f3chinov, Medvi\u00e9dev) - Pontes Editores","og_description":"O presente livro, coordenado pela incans\u00e1vel bakhtin\u00f3loga Beth Brait, confirma algo que j\u00e1 se tornou um axioma: a elasticidade da tem\u00e1tica filos\u00f3fico-antropol\u00f3gica sedimentada no dialogismo como modus vivendi da obra de Bakhtin encontra aplica\u00e7\u00e3o e se enriquece nos mais vastos campos da atividade intelectual. Os ensaios que comp\u00f5em o presente livro s\u00e3o uma prova desse [&hellip;]","og_url":"https:\/\/ponteseditores.com.br\/loja3\/pontes-editores-home-2__trashed\/linguistica\/linguagem-e-conhecimento-bakhtin-volochinov-medviedev\/","og_site_name":"Pontes Editores","article_modified_time":"2025-11-26T22:39:37+00:00","og_image":[{"width":454,"height":652,"url":"https:\/\/ponteseditores.com.br\/loja3\/wp-content\/uploads\/2023\/12\/Capa_Linguagem202.jpg","type":"image\/jpeg"}],"twitter_card":"summary_large_image","twitter_misc":{"Est. tempo de leitura":"2 minutos"},"schema":{"@context":"https:\/\/schema.org","@graph":[{"@type":"WebPage","@id":"https:\/\/ponteseditores.com.br\/loja3\/pontes-editores-home-2__trashed\/linguistica\/linguagem-e-conhecimento-bakhtin-volochinov-medviedev\/","url":"https:\/\/ponteseditores.com.br\/loja3\/pontes-editores-home-2__trashed\/linguistica\/linguagem-e-conhecimento-bakhtin-volochinov-medviedev\/","name":"Linguagem e conhecimento (Bakhtin, Vol\u00f3chinov, Medvi\u00e9dev) - Pontes Editores","isPartOf":{"@id":"https:\/\/ponteseditores.com.br\/loja3\/#website"},"primaryImageOfPage":{"@id":"https:\/\/ponteseditores.com.br\/loja3\/pontes-editores-home-2__trashed\/linguistica\/linguagem-e-conhecimento-bakhtin-volochinov-medviedev\/#primaryimage"},"image":{"@id":"https:\/\/ponteseditores.com.br\/loja3\/pontes-editores-home-2__trashed\/linguistica\/linguagem-e-conhecimento-bakhtin-volochinov-medviedev\/#primaryimage"},"thumbnailUrl":"https:\/\/ponteseditores.com.br\/loja3\/wp-content\/uploads\/2023\/12\/Capa_Linguagem202.jpg","datePublished":"2023-12-16T03:15:19+00:00","dateModified":"2025-11-26T22:39:37+00:00","breadcrumb":{"@id":"https:\/\/ponteseditores.com.br\/loja3\/pontes-editores-home-2__trashed\/linguistica\/linguagem-e-conhecimento-bakhtin-volochinov-medviedev\/#breadcrumb"},"inLanguage":"pt-BR","potentialAction":[{"@type":"ReadAction","target":["https:\/\/ponteseditores.com.br\/loja3\/pontes-editores-home-2__trashed\/linguistica\/linguagem-e-conhecimento-bakhtin-volochinov-medviedev\/"]}]},{"@type":"ImageObject","inLanguage":"pt-BR","@id":"https:\/\/ponteseditores.com.br\/loja3\/pontes-editores-home-2__trashed\/linguistica\/linguagem-e-conhecimento-bakhtin-volochinov-medviedev\/#primaryimage","url":"https:\/\/ponteseditores.com.br\/loja3\/wp-content\/uploads\/2023\/12\/Capa_Linguagem202.jpg","contentUrl":"https:\/\/ponteseditores.com.br\/loja3\/wp-content\/uploads\/2023\/12\/Capa_Linguagem202.jpg","width":454,"height":652},{"@type":"BreadcrumbList","@id":"https:\/\/ponteseditores.com.br\/loja3\/pontes-editores-home-2__trashed\/linguistica\/linguagem-e-conhecimento-bakhtin-volochinov-medviedev\/#breadcrumb","itemListElement":[{"@type":"ListItem","position":1,"name":"Home","item":"https:\/\/ponteseditores.com.br\/loja3\/"},{"@type":"ListItem","position":2,"name":"loja","item":"https:\/\/ponteseditores.com.br\/loja3\/loja\/"},{"@type":"ListItem","position":3,"name":"Linguagem e conhecimento (Bakhtin, Vol\u00f3chinov, Medvi\u00e9dev)"}]},{"@type":"WebSite","@id":"https:\/\/ponteseditores.com.br\/loja3\/#website","url":"https:\/\/ponteseditores.com.br\/loja3\/","name":"Pontes Editores","description":"Pontes Editores","publisher":{"@id":"https:\/\/ponteseditores.com.br\/loja3\/#organization"},"potentialAction":[{"@type":"SearchAction","target":{"@type":"EntryPoint","urlTemplate":"https:\/\/ponteseditores.com.br\/loja3\/?s={search_term_string}"},"query-input":{"@type":"PropertyValueSpecification","valueRequired":true,"valueName":"search_term_string"}}],"inLanguage":"pt-BR"},{"@type":"Organization","@id":"https:\/\/ponteseditores.com.br\/loja3\/#organization","name":"Pontes Editores","url":"https:\/\/ponteseditores.com.br\/loja3\/","logo":{"@type":"ImageObject","inLanguage":"pt-BR","@id":"https:\/\/ponteseditores.com.br\/loja3\/#\/schema\/logo\/image\/","url":"https:\/\/ponteseditores.com.br\/loja3\/wp-content\/uploads\/2023\/12\/logo-pontes-editores-v2.png","contentUrl":"https:\/\/ponteseditores.com.br\/loja3\/wp-content\/uploads\/2023\/12\/logo-pontes-editores-v2.png","width":258,"height":100,"caption":"Pontes Editores"},"image":{"@id":"https:\/\/ponteseditores.com.br\/loja3\/#\/schema\/logo\/image\/"}}]}},"_links":{"self":[{"href":"https:\/\/ponteseditores.com.br\/loja3\/wp-json\/wp\/v2\/product\/8288","targetHints":{"allow":["GET"]}}],"collection":[{"href":"https:\/\/ponteseditores.com.br\/loja3\/wp-json\/wp\/v2\/product"}],"about":[{"href":"https:\/\/ponteseditores.com.br\/loja3\/wp-json\/wp\/v2\/types\/product"}],"replies":[{"embeddable":true,"href":"https:\/\/ponteseditores.com.br\/loja3\/wp-json\/wp\/v2\/comments?post=8288"}],"version-history":[{"count":0,"href":"https:\/\/ponteseditores.com.br\/loja3\/wp-json\/wp\/v2\/product\/8288\/revisions"}],"wp:featuredmedia":[{"embeddable":true,"href":"https:\/\/ponteseditores.com.br\/loja3\/wp-json\/wp\/v2\/media\/8287"}],"wp:attachment":[{"href":"https:\/\/ponteseditores.com.br\/loja3\/wp-json\/wp\/v2\/media?parent=8288"}],"wp:term":[{"taxonomy":"product_brand","embeddable":true,"href":"https:\/\/ponteseditores.com.br\/loja3\/wp-json\/wp\/v2\/product_brand?post=8288"},{"taxonomy":"product_cat","embeddable":true,"href":"https:\/\/ponteseditores.com.br\/loja3\/wp-json\/wp\/v2\/product_cat?post=8288"},{"taxonomy":"product_tag","embeddable":true,"href":"https:\/\/ponteseditores.com.br\/loja3\/wp-json\/wp\/v2\/product_tag?post=8288"}],"curies":[{"name":"wp","href":"https:\/\/api.w.org\/{rel}","templated":true}]}}