{"id":8275,"date":"2023-12-16T00:15:07","date_gmt":"2023-12-16T03:15:07","guid":{"rendered":"https:\/\/ponteseditores.com.br\/loja3\/pontes-editores-home-2__trashed\/sem%20categoria\/letramentos-discursos-midiaticos-e-identidades-novas-perspectivas-colecao-educacao-linguagem-vol-15\/"},"modified":"2024-03-25T11:29:00","modified_gmt":"2024-03-25T14:29:00","slug":"letramentos-discursos-midiaticos-e-identidades-novas-perspectivas-colecao-educacao-linguagem-vol-15","status":"publish","type":"product","link":"https:\/\/ponteseditores.com.br\/loja3\/pontes-editores-home-2__trashed\/ensino-de-linguas\/letramentos-discursos-midiaticos-e-identidades-novas-perspectivas-colecao-educacao-linguagem-vol-15\/","title":{"rendered":"LETRAMENTOS, DISCURSOS MIDI\u00c1TICOS E IDENTIDADES: NOVAS PERSPECTIVAS Cole\u00e7\u00e3o Educa\u00e7\u00e3o &#038; Linguagem Vol 15"},"content":{"rendered":"<p>O livro apresenta artigos importantes e relevantes para a \u00e1rea da lingu\u00edstica aplicada. O livro traz  reflex\u00f5es  cr\u00edticas  sobre  letramento,  multiletramentos,  letramento  cr\u00edtico  e  letramento digital sempre com um vi\u00e9s que aborda quest\u00f5es de identidades que \u00e9 um tema de extrema import\u00e2ncia tanto para professores como para alunos. As pesquisas deste livro certamente tem um car\u00e1ter inovador e aborda quest\u00f5es para que professores em servi\u00e7o e professores em pr\u00e9-servi\u00e7o tenham acesso a pesquisas atuais e que muito contribuir\u00e3o para a \u00e1rea de linguagem no contexto brasileiro.<\/p>\n<p>Aparecida de Jesus Ferreira<\/p>\n<p>Universidade Estadual de Ponta Grossa<\/p>\n","protected":false},"excerpt":{"rendered":"<p>O livro apresenta artigos importantes e relevantes para a \u00e1rea da lingu\u00edstica aplicada. O livro traz reflex\u00f5es cr\u00edticas sobre letramento, multiletramentos, letramento cr\u00edtico e letramento digital sempre com um vi\u00e9s que aborda quest\u00f5es de identidades que \u00e9 um tema de extrema import\u00e2ncia tanto para professores como para alunos. As pesquisas deste livro certamente tem um [&hellip;]<\/p>\n","protected":false},"featured_media":8274,"comment_status":"open","ping_status":"closed","template":"","meta":{"_joinchat":[]},"product_brand":[],"product_cat":[284,140,288],"product_tag":[],"class_list":{"0":"post-8275","1":"product","2":"type-product","3":"status-publish","4":"has-post-thumbnail","6":"product_cat-educacao-linguagem","7":"product_cat-ensino-de-linguas","8":"product_cat-ensino-e-aprendizagem","10":"first","11":"outofstock","12":"shipping-taxable","13":"purchasable","14":"product-type-simple"},"yoast_head":"<!-- This site is optimized with the Yoast SEO plugin v27.4 - https:\/\/yoast.com\/product\/yoast-seo-wordpress\/ -->\n<title>LETRAMENTOS, DISCURSOS MIDI\u00c1TICOS E IDENTIDADES: NOVAS PERSPECTIVAS Cole\u00e7\u00e3o Educa\u00e7\u00e3o &amp; Linguagem Vol 15 - Pontes Editores<\/title>\n<meta name=\"robots\" content=\"index, follow, max-snippet:-1, max-image-preview:large, max-video-preview:-1\" \/>\n<link rel=\"canonical\" href=\"https:\/\/ponteseditores.com.br\/loja3\/pontes-editores-home-2__trashed\/ensino-de-linguas\/letramentos-discursos-midiaticos-e-identidades-novas-perspectivas-colecao-educacao-linguagem-vol-15\/\" \/>\n<meta property=\"og:locale\" content=\"pt_BR\" \/>\n<meta property=\"og:type\" content=\"article\" \/>\n<meta property=\"og:title\" content=\"LETRAMENTOS, DISCURSOS MIDI\u00c1TICOS E IDENTIDADES: NOVAS PERSPECTIVAS Cole\u00e7\u00e3o Educa\u00e7\u00e3o &amp; Linguagem Vol 15 - Pontes Editores\" \/>\n<meta property=\"og:description\" content=\"O livro apresenta artigos importantes e relevantes para a \u00e1rea da lingu\u00edstica aplicada. O livro traz reflex\u00f5es cr\u00edticas sobre letramento, multiletramentos, letramento cr\u00edtico e letramento digital sempre com um vi\u00e9s que aborda quest\u00f5es de identidades que \u00e9 um tema de extrema import\u00e2ncia tanto para professores como para alunos. As pesquisas deste livro certamente tem um [&hellip;]\" \/>\n<meta property=\"og:url\" content=\"https:\/\/ponteseditores.com.br\/loja3\/pontes-editores-home-2__trashed\/ensino-de-linguas\/letramentos-discursos-midiaticos-e-identidades-novas-perspectivas-colecao-educacao-linguagem-vol-15\/\" \/>\n<meta property=\"og:site_name\" content=\"Pontes Editores\" \/>\n<meta property=\"article:modified_time\" content=\"2024-03-25T14:29:00+00:00\" \/>\n<meta property=\"og:image\" content=\"https:\/\/ponteseditores.com.br\/loja3\/wp-content\/uploads\/2023\/12\/letramentos1-1.jpg\" \/>\n\t<meta property=\"og:image:width\" content=\"513\" \/>\n\t<meta property=\"og:image:height\" content=\"768\" \/>\n\t<meta property=\"og:image:type\" content=\"image\/jpeg\" \/>\n<meta name=\"twitter:card\" content=\"summary_large_image\" \/>\n<meta name=\"twitter:label1\" content=\"Est. tempo de leitura\" \/>\n\t<meta name=\"twitter:data1\" content=\"1 minuto\" \/>\n<script type=\"application\/ld+json\" class=\"yoast-schema-graph\">{\"@context\":\"https:\\\/\\\/schema.org\",\"@graph\":[{\"@type\":\"WebPage\",\"@id\":\"https:\\\/\\\/ponteseditores.com.br\\\/loja3\\\/pontes-editores-home-2__trashed\\\/ensino-de-linguas\\\/letramentos-discursos-midiaticos-e-identidades-novas-perspectivas-colecao-educacao-linguagem-vol-15\\\/\",\"url\":\"https:\\\/\\\/ponteseditores.com.br\\\/loja3\\\/pontes-editores-home-2__trashed\\\/ensino-de-linguas\\\/letramentos-discursos-midiaticos-e-identidades-novas-perspectivas-colecao-educacao-linguagem-vol-15\\\/\",\"name\":\"LETRAMENTOS, DISCURSOS MIDI\u00c1TICOS E IDENTIDADES: NOVAS PERSPECTIVAS Cole\u00e7\u00e3o Educa\u00e7\u00e3o & Linguagem Vol 15 - Pontes Editores\",\"isPartOf\":{\"@id\":\"https:\\\/\\\/ponteseditores.com.br\\\/loja3\\\/#website\"},\"primaryImageOfPage\":{\"@id\":\"https:\\\/\\\/ponteseditores.com.br\\\/loja3\\\/pontes-editores-home-2__trashed\\\/ensino-de-linguas\\\/letramentos-discursos-midiaticos-e-identidades-novas-perspectivas-colecao-educacao-linguagem-vol-15\\\/#primaryimage\"},\"image\":{\"@id\":\"https:\\\/\\\/ponteseditores.com.br\\\/loja3\\\/pontes-editores-home-2__trashed\\\/ensino-de-linguas\\\/letramentos-discursos-midiaticos-e-identidades-novas-perspectivas-colecao-educacao-linguagem-vol-15\\\/#primaryimage\"},\"thumbnailUrl\":\"https:\\\/\\\/ponteseditores.com.br\\\/loja3\\\/wp-content\\\/uploads\\\/2023\\\/12\\\/letramentos1-1.jpg\",\"datePublished\":\"2023-12-16T03:15:07+00:00\",\"dateModified\":\"2024-03-25T14:29:00+00:00\",\"breadcrumb\":{\"@id\":\"https:\\\/\\\/ponteseditores.com.br\\\/loja3\\\/pontes-editores-home-2__trashed\\\/ensino-de-linguas\\\/letramentos-discursos-midiaticos-e-identidades-novas-perspectivas-colecao-educacao-linguagem-vol-15\\\/#breadcrumb\"},\"inLanguage\":\"pt-BR\",\"potentialAction\":[{\"@type\":\"ReadAction\",\"target\":[\"https:\\\/\\\/ponteseditores.com.br\\\/loja3\\\/pontes-editores-home-2__trashed\\\/ensino-de-linguas\\\/letramentos-discursos-midiaticos-e-identidades-novas-perspectivas-colecao-educacao-linguagem-vol-15\\\/\"]}]},{\"@type\":\"ImageObject\",\"inLanguage\":\"pt-BR\",\"@id\":\"https:\\\/\\\/ponteseditores.com.br\\\/loja3\\\/pontes-editores-home-2__trashed\\\/ensino-de-linguas\\\/letramentos-discursos-midiaticos-e-identidades-novas-perspectivas-colecao-educacao-linguagem-vol-15\\\/#primaryimage\",\"url\":\"https:\\\/\\\/ponteseditores.com.br\\\/loja3\\\/wp-content\\\/uploads\\\/2023\\\/12\\\/letramentos1-1.jpg\",\"contentUrl\":\"https:\\\/\\\/ponteseditores.com.br\\\/loja3\\\/wp-content\\\/uploads\\\/2023\\\/12\\\/letramentos1-1.jpg\",\"width\":513,\"height\":768},{\"@type\":\"BreadcrumbList\",\"@id\":\"https:\\\/\\\/ponteseditores.com.br\\\/loja3\\\/pontes-editores-home-2__trashed\\\/ensino-de-linguas\\\/letramentos-discursos-midiaticos-e-identidades-novas-perspectivas-colecao-educacao-linguagem-vol-15\\\/#breadcrumb\",\"itemListElement\":[{\"@type\":\"ListItem\",\"position\":1,\"name\":\"Home\",\"item\":\"https:\\\/\\\/ponteseditores.com.br\\\/loja3\\\/\"},{\"@type\":\"ListItem\",\"position\":2,\"name\":\"loja\",\"item\":\"https:\\\/\\\/ponteseditores.com.br\\\/loja3\\\/loja\\\/\"},{\"@type\":\"ListItem\",\"position\":3,\"name\":\"LETRAMENTOS, DISCURSOS MIDI\u00c1TICOS E IDENTIDADES: NOVAS PERSPECTIVAS Cole\u00e7\u00e3o Educa\u00e7\u00e3o &#038; Linguagem Vol 15\"}]},{\"@type\":\"WebSite\",\"@id\":\"https:\\\/\\\/ponteseditores.com.br\\\/loja3\\\/#website\",\"url\":\"https:\\\/\\\/ponteseditores.com.br\\\/loja3\\\/\",\"name\":\"Pontes Editores\",\"description\":\"Pontes Editores\",\"publisher\":{\"@id\":\"https:\\\/\\\/ponteseditores.com.br\\\/loja3\\\/#organization\"},\"potentialAction\":[{\"@type\":\"SearchAction\",\"target\":{\"@type\":\"EntryPoint\",\"urlTemplate\":\"https:\\\/\\\/ponteseditores.com.br\\\/loja3\\\/?s={search_term_string}\"},\"query-input\":{\"@type\":\"PropertyValueSpecification\",\"valueRequired\":true,\"valueName\":\"search_term_string\"}}],\"inLanguage\":\"pt-BR\"},{\"@type\":\"Organization\",\"@id\":\"https:\\\/\\\/ponteseditores.com.br\\\/loja3\\\/#organization\",\"name\":\"Pontes Editores\",\"url\":\"https:\\\/\\\/ponteseditores.com.br\\\/loja3\\\/\",\"logo\":{\"@type\":\"ImageObject\",\"inLanguage\":\"pt-BR\",\"@id\":\"https:\\\/\\\/ponteseditores.com.br\\\/loja3\\\/#\\\/schema\\\/logo\\\/image\\\/\",\"url\":\"https:\\\/\\\/ponteseditores.com.br\\\/loja3\\\/wp-content\\\/uploads\\\/2023\\\/12\\\/logo-pontes-editores-v2.png\",\"contentUrl\":\"https:\\\/\\\/ponteseditores.com.br\\\/loja3\\\/wp-content\\\/uploads\\\/2023\\\/12\\\/logo-pontes-editores-v2.png\",\"width\":258,\"height\":100,\"caption\":\"Pontes Editores\"},\"image\":{\"@id\":\"https:\\\/\\\/ponteseditores.com.br\\\/loja3\\\/#\\\/schema\\\/logo\\\/image\\\/\"}}]}<\/script>\n<!-- \/ Yoast SEO plugin. -->","yoast_head_json":{"title":"LETRAMENTOS, DISCURSOS MIDI\u00c1TICOS E IDENTIDADES: NOVAS PERSPECTIVAS Cole\u00e7\u00e3o Educa\u00e7\u00e3o & Linguagem Vol 15 - Pontes Editores","robots":{"index":"index","follow":"follow","max-snippet":"max-snippet:-1","max-image-preview":"max-image-preview:large","max-video-preview":"max-video-preview:-1"},"canonical":"https:\/\/ponteseditores.com.br\/loja3\/pontes-editores-home-2__trashed\/ensino-de-linguas\/letramentos-discursos-midiaticos-e-identidades-novas-perspectivas-colecao-educacao-linguagem-vol-15\/","og_locale":"pt_BR","og_type":"article","og_title":"LETRAMENTOS, DISCURSOS MIDI\u00c1TICOS E IDENTIDADES: NOVAS PERSPECTIVAS Cole\u00e7\u00e3o Educa\u00e7\u00e3o & Linguagem Vol 15 - Pontes Editores","og_description":"O livro apresenta artigos importantes e relevantes para a \u00e1rea da lingu\u00edstica aplicada. O livro traz reflex\u00f5es cr\u00edticas sobre letramento, multiletramentos, letramento cr\u00edtico e letramento digital sempre com um vi\u00e9s que aborda quest\u00f5es de identidades que \u00e9 um tema de extrema import\u00e2ncia tanto para professores como para alunos. As pesquisas deste livro certamente tem um [&hellip;]","og_url":"https:\/\/ponteseditores.com.br\/loja3\/pontes-editores-home-2__trashed\/ensino-de-linguas\/letramentos-discursos-midiaticos-e-identidades-novas-perspectivas-colecao-educacao-linguagem-vol-15\/","og_site_name":"Pontes Editores","article_modified_time":"2024-03-25T14:29:00+00:00","og_image":[{"width":513,"height":768,"url":"https:\/\/ponteseditores.com.br\/loja3\/wp-content\/uploads\/2023\/12\/letramentos1-1.jpg","type":"image\/jpeg"}],"twitter_card":"summary_large_image","twitter_misc":{"Est. tempo de leitura":"1 minuto"},"schema":{"@context":"https:\/\/schema.org","@graph":[{"@type":"WebPage","@id":"https:\/\/ponteseditores.com.br\/loja3\/pontes-editores-home-2__trashed\/ensino-de-linguas\/letramentos-discursos-midiaticos-e-identidades-novas-perspectivas-colecao-educacao-linguagem-vol-15\/","url":"https:\/\/ponteseditores.com.br\/loja3\/pontes-editores-home-2__trashed\/ensino-de-linguas\/letramentos-discursos-midiaticos-e-identidades-novas-perspectivas-colecao-educacao-linguagem-vol-15\/","name":"LETRAMENTOS, DISCURSOS MIDI\u00c1TICOS E IDENTIDADES: NOVAS PERSPECTIVAS Cole\u00e7\u00e3o Educa\u00e7\u00e3o & Linguagem Vol 15 - Pontes Editores","isPartOf":{"@id":"https:\/\/ponteseditores.com.br\/loja3\/#website"},"primaryImageOfPage":{"@id":"https:\/\/ponteseditores.com.br\/loja3\/pontes-editores-home-2__trashed\/ensino-de-linguas\/letramentos-discursos-midiaticos-e-identidades-novas-perspectivas-colecao-educacao-linguagem-vol-15\/#primaryimage"},"image":{"@id":"https:\/\/ponteseditores.com.br\/loja3\/pontes-editores-home-2__trashed\/ensino-de-linguas\/letramentos-discursos-midiaticos-e-identidades-novas-perspectivas-colecao-educacao-linguagem-vol-15\/#primaryimage"},"thumbnailUrl":"https:\/\/ponteseditores.com.br\/loja3\/wp-content\/uploads\/2023\/12\/letramentos1-1.jpg","datePublished":"2023-12-16T03:15:07+00:00","dateModified":"2024-03-25T14:29:00+00:00","breadcrumb":{"@id":"https:\/\/ponteseditores.com.br\/loja3\/pontes-editores-home-2__trashed\/ensino-de-linguas\/letramentos-discursos-midiaticos-e-identidades-novas-perspectivas-colecao-educacao-linguagem-vol-15\/#breadcrumb"},"inLanguage":"pt-BR","potentialAction":[{"@type":"ReadAction","target":["https:\/\/ponteseditores.com.br\/loja3\/pontes-editores-home-2__trashed\/ensino-de-linguas\/letramentos-discursos-midiaticos-e-identidades-novas-perspectivas-colecao-educacao-linguagem-vol-15\/"]}]},{"@type":"ImageObject","inLanguage":"pt-BR","@id":"https:\/\/ponteseditores.com.br\/loja3\/pontes-editores-home-2__trashed\/ensino-de-linguas\/letramentos-discursos-midiaticos-e-identidades-novas-perspectivas-colecao-educacao-linguagem-vol-15\/#primaryimage","url":"https:\/\/ponteseditores.com.br\/loja3\/wp-content\/uploads\/2023\/12\/letramentos1-1.jpg","contentUrl":"https:\/\/ponteseditores.com.br\/loja3\/wp-content\/uploads\/2023\/12\/letramentos1-1.jpg","width":513,"height":768},{"@type":"BreadcrumbList","@id":"https:\/\/ponteseditores.com.br\/loja3\/pontes-editores-home-2__trashed\/ensino-de-linguas\/letramentos-discursos-midiaticos-e-identidades-novas-perspectivas-colecao-educacao-linguagem-vol-15\/#breadcrumb","itemListElement":[{"@type":"ListItem","position":1,"name":"Home","item":"https:\/\/ponteseditores.com.br\/loja3\/"},{"@type":"ListItem","position":2,"name":"loja","item":"https:\/\/ponteseditores.com.br\/loja3\/loja\/"},{"@type":"ListItem","position":3,"name":"LETRAMENTOS, DISCURSOS MIDI\u00c1TICOS E IDENTIDADES: NOVAS PERSPECTIVAS Cole\u00e7\u00e3o Educa\u00e7\u00e3o &#038; Linguagem Vol 15"}]},{"@type":"WebSite","@id":"https:\/\/ponteseditores.com.br\/loja3\/#website","url":"https:\/\/ponteseditores.com.br\/loja3\/","name":"Pontes Editores","description":"Pontes Editores","publisher":{"@id":"https:\/\/ponteseditores.com.br\/loja3\/#organization"},"potentialAction":[{"@type":"SearchAction","target":{"@type":"EntryPoint","urlTemplate":"https:\/\/ponteseditores.com.br\/loja3\/?s={search_term_string}"},"query-input":{"@type":"PropertyValueSpecification","valueRequired":true,"valueName":"search_term_string"}}],"inLanguage":"pt-BR"},{"@type":"Organization","@id":"https:\/\/ponteseditores.com.br\/loja3\/#organization","name":"Pontes Editores","url":"https:\/\/ponteseditores.com.br\/loja3\/","logo":{"@type":"ImageObject","inLanguage":"pt-BR","@id":"https:\/\/ponteseditores.com.br\/loja3\/#\/schema\/logo\/image\/","url":"https:\/\/ponteseditores.com.br\/loja3\/wp-content\/uploads\/2023\/12\/logo-pontes-editores-v2.png","contentUrl":"https:\/\/ponteseditores.com.br\/loja3\/wp-content\/uploads\/2023\/12\/logo-pontes-editores-v2.png","width":258,"height":100,"caption":"Pontes Editores"},"image":{"@id":"https:\/\/ponteseditores.com.br\/loja3\/#\/schema\/logo\/image\/"}}]}},"_links":{"self":[{"href":"https:\/\/ponteseditores.com.br\/loja3\/wp-json\/wp\/v2\/product\/8275","targetHints":{"allow":["GET"]}}],"collection":[{"href":"https:\/\/ponteseditores.com.br\/loja3\/wp-json\/wp\/v2\/product"}],"about":[{"href":"https:\/\/ponteseditores.com.br\/loja3\/wp-json\/wp\/v2\/types\/product"}],"replies":[{"embeddable":true,"href":"https:\/\/ponteseditores.com.br\/loja3\/wp-json\/wp\/v2\/comments?post=8275"}],"version-history":[{"count":0,"href":"https:\/\/ponteseditores.com.br\/loja3\/wp-json\/wp\/v2\/product\/8275\/revisions"}],"wp:featuredmedia":[{"embeddable":true,"href":"https:\/\/ponteseditores.com.br\/loja3\/wp-json\/wp\/v2\/media\/8274"}],"wp:attachment":[{"href":"https:\/\/ponteseditores.com.br\/loja3\/wp-json\/wp\/v2\/media?parent=8275"}],"wp:term":[{"taxonomy":"product_brand","embeddable":true,"href":"https:\/\/ponteseditores.com.br\/loja3\/wp-json\/wp\/v2\/product_brand?post=8275"},{"taxonomy":"product_cat","embeddable":true,"href":"https:\/\/ponteseditores.com.br\/loja3\/wp-json\/wp\/v2\/product_cat?post=8275"},{"taxonomy":"product_tag","embeddable":true,"href":"https:\/\/ponteseditores.com.br\/loja3\/wp-json\/wp\/v2\/product_tag?post=8275"}],"curies":[{"name":"wp","href":"https:\/\/api.w.org\/{rel}","templated":true}]}}