{"id":8271,"date":"2023-12-16T00:15:06","date_gmt":"2023-12-16T03:15:06","guid":{"rendered":"https:\/\/ponteseditores.com.br\/loja3\/pontes-editores-home-2__trashed\/sem categoria\/uma-introducao-a-analise-linguistica-da-narrativa-oral-abordagens-e-modelos-col-npla-vol-42\/"},"modified":"2023-12-16T00:15:06","modified_gmt":"2023-12-16T03:15:06","slug":"uma-introducao-a-analise-linguistica-da-narrativa-oral-abordagens-e-modelos-col-npla-vol-42","status":"publish","type":"product","link":"https:\/\/ponteseditores.com.br\/loja3\/pontes-editores-home-2__trashed\/linguistica\/uma-introducao-a-analise-linguistica-da-narrativa-oral-abordagens-e-modelos-col-npla-vol-42\/","title":{"rendered":"Uma Introdu\u00e7\u00e3o \u00e0 An\u00e1lise Lingu\u00edstica da Narrativa Oral: Abordagens e Modelos &#8211; Col NPLA Vol 42"},"content":{"rendered":"<p>Este \u00e9 um livro sobre est\u00f3rias. Vivemos est\u00f3rias e, por meio delas, reportamo-nos a momentos anteriores ou futuros, criamos e representamos a nossa fala e a de outros que descrevemos e com quem nos relacionamos. As est\u00f3rias permeiam nossas vidas, desde as curtas e aparentemente pouco importantes que contamos, \u00e0s est\u00f3rias que elaboramos sobre nossas vidas, que embalam os sonos de nossos filhos, que distraem os nossos amigos, que nos entret\u00eam no cinema, na literatura, nas artes pl\u00e1sticas, na m\u00fasica, ou nos pequenos e por vezes triviais contos que dividimos com outros. Os modos de contar est\u00f3rias s\u00e3o t\u00e3o diversos como s\u00e3o as varia\u00e7\u00f5es de agregados humanos. Afirma-se que n\u00e3o h\u00e1 culturas que n\u00e3o possuam uma forma de contar est\u00f3rias, o que nos faz pensar, como afirma Bruner (1986), que a narrativa \u00e9 t\u00e3o comum como \u00e9 a pr\u00f3pria linguagem.<\/p>\n","protected":false},"excerpt":{"rendered":"<p>Este \u00e9 um livro sobre est\u00f3rias. Vivemos est\u00f3rias e, por meio delas, reportamo-nos a momentos anteriores ou futuros, criamos e representamos a nossa fala e a de outros que descrevemos e com quem nos relacionamos. As est\u00f3rias permeiam nossas vidas, desde as curtas e aparentemente pouco importantes que contamos, \u00e0s est\u00f3rias que elaboramos sobre nossas [&hellip;]<\/p>\n","protected":false},"featured_media":8270,"comment_status":"open","ping_status":"closed","template":"","meta":{"_joinchat":[]},"product_brand":[],"product_cat":[301,31,280],"product_tag":[],"class_list":{"0":"post-8271","1":"product","2":"type-product","3":"status-publish","4":"has-post-thumbnail","6":"product_cat-analise-de-discurso","7":"product_cat-linguistica","8":"product_cat-npla","10":"first","11":"instock","12":"shipping-taxable","13":"purchasable","14":"product-type-simple"},"yoast_head":"<!-- This site is optimized with the Yoast SEO plugin v27.4 - https:\/\/yoast.com\/product\/yoast-seo-wordpress\/ -->\n<title>Uma Introdu\u00e7\u00e3o \u00e0 An\u00e1lise Lingu\u00edstica da Narrativa Oral: Abordagens e Modelos - Col NPLA Vol 42 - Pontes Editores<\/title>\n<meta name=\"robots\" content=\"index, follow, max-snippet:-1, max-image-preview:large, max-video-preview:-1\" \/>\n<link rel=\"canonical\" href=\"https:\/\/ponteseditores.com.br\/loja3\/pontes-editores-home-2__trashed\/linguistica\/uma-introducao-a-analise-linguistica-da-narrativa-oral-abordagens-e-modelos-col-npla-vol-42\/\" \/>\n<meta property=\"og:locale\" content=\"pt_BR\" \/>\n<meta property=\"og:type\" content=\"article\" \/>\n<meta property=\"og:title\" content=\"Uma Introdu\u00e7\u00e3o \u00e0 An\u00e1lise Lingu\u00edstica da Narrativa Oral: Abordagens e Modelos - Col NPLA Vol 42 - Pontes Editores\" \/>\n<meta property=\"og:description\" content=\"Este \u00e9 um livro sobre est\u00f3rias. Vivemos est\u00f3rias e, por meio delas, reportamo-nos a momentos anteriores ou futuros, criamos e representamos a nossa fala e a de outros que descrevemos e com quem nos relacionamos. As est\u00f3rias permeiam nossas vidas, desde as curtas e aparentemente pouco importantes que contamos, \u00e0s est\u00f3rias que elaboramos sobre nossas [&hellip;]\" \/>\n<meta property=\"og:url\" content=\"https:\/\/ponteseditores.com.br\/loja3\/pontes-editores-home-2__trashed\/linguistica\/uma-introducao-a-analise-linguistica-da-narrativa-oral-abordagens-e-modelos-col-npla-vol-42\/\" \/>\n<meta property=\"og:site_name\" content=\"Pontes Editores\" \/>\n<meta property=\"og:image\" content=\"https:\/\/ponteseditores.com.br\/loja3\/wp-content\/uploads\/2023\/12\/uma20introducao-1.jpg\" \/>\n\t<meta property=\"og:image:width\" content=\"488\" \/>\n\t<meta property=\"og:image:height\" content=\"768\" \/>\n\t<meta property=\"og:image:type\" content=\"image\/jpeg\" \/>\n<meta name=\"twitter:card\" content=\"summary_large_image\" \/>\n<meta name=\"twitter:label1\" content=\"Est. tempo de leitura\" \/>\n\t<meta name=\"twitter:data1\" content=\"1 minuto\" \/>\n<script type=\"application\/ld+json\" class=\"yoast-schema-graph\">{\"@context\":\"https:\\\/\\\/schema.org\",\"@graph\":[{\"@type\":\"WebPage\",\"@id\":\"https:\\\/\\\/ponteseditores.com.br\\\/loja3\\\/pontes-editores-home-2__trashed\\\/linguistica\\\/uma-introducao-a-analise-linguistica-da-narrativa-oral-abordagens-e-modelos-col-npla-vol-42\\\/\",\"url\":\"https:\\\/\\\/ponteseditores.com.br\\\/loja3\\\/pontes-editores-home-2__trashed\\\/linguistica\\\/uma-introducao-a-analise-linguistica-da-narrativa-oral-abordagens-e-modelos-col-npla-vol-42\\\/\",\"name\":\"Uma Introdu\u00e7\u00e3o \u00e0 An\u00e1lise Lingu\u00edstica da Narrativa Oral: Abordagens e Modelos - Col NPLA Vol 42 - Pontes Editores\",\"isPartOf\":{\"@id\":\"https:\\\/\\\/ponteseditores.com.br\\\/loja3\\\/#website\"},\"primaryImageOfPage\":{\"@id\":\"https:\\\/\\\/ponteseditores.com.br\\\/loja3\\\/pontes-editores-home-2__trashed\\\/linguistica\\\/uma-introducao-a-analise-linguistica-da-narrativa-oral-abordagens-e-modelos-col-npla-vol-42\\\/#primaryimage\"},\"image\":{\"@id\":\"https:\\\/\\\/ponteseditores.com.br\\\/loja3\\\/pontes-editores-home-2__trashed\\\/linguistica\\\/uma-introducao-a-analise-linguistica-da-narrativa-oral-abordagens-e-modelos-col-npla-vol-42\\\/#primaryimage\"},\"thumbnailUrl\":\"https:\\\/\\\/ponteseditores.com.br\\\/loja3\\\/wp-content\\\/uploads\\\/2023\\\/12\\\/uma20introducao-1.jpg\",\"datePublished\":\"2023-12-16T03:15:06+00:00\",\"breadcrumb\":{\"@id\":\"https:\\\/\\\/ponteseditores.com.br\\\/loja3\\\/pontes-editores-home-2__trashed\\\/linguistica\\\/uma-introducao-a-analise-linguistica-da-narrativa-oral-abordagens-e-modelos-col-npla-vol-42\\\/#breadcrumb\"},\"inLanguage\":\"pt-BR\",\"potentialAction\":[{\"@type\":\"ReadAction\",\"target\":[\"https:\\\/\\\/ponteseditores.com.br\\\/loja3\\\/pontes-editores-home-2__trashed\\\/linguistica\\\/uma-introducao-a-analise-linguistica-da-narrativa-oral-abordagens-e-modelos-col-npla-vol-42\\\/\"]}]},{\"@type\":\"ImageObject\",\"inLanguage\":\"pt-BR\",\"@id\":\"https:\\\/\\\/ponteseditores.com.br\\\/loja3\\\/pontes-editores-home-2__trashed\\\/linguistica\\\/uma-introducao-a-analise-linguistica-da-narrativa-oral-abordagens-e-modelos-col-npla-vol-42\\\/#primaryimage\",\"url\":\"https:\\\/\\\/ponteseditores.com.br\\\/loja3\\\/wp-content\\\/uploads\\\/2023\\\/12\\\/uma20introducao-1.jpg\",\"contentUrl\":\"https:\\\/\\\/ponteseditores.com.br\\\/loja3\\\/wp-content\\\/uploads\\\/2023\\\/12\\\/uma20introducao-1.jpg\",\"width\":488,\"height\":768},{\"@type\":\"BreadcrumbList\",\"@id\":\"https:\\\/\\\/ponteseditores.com.br\\\/loja3\\\/pontes-editores-home-2__trashed\\\/linguistica\\\/uma-introducao-a-analise-linguistica-da-narrativa-oral-abordagens-e-modelos-col-npla-vol-42\\\/#breadcrumb\",\"itemListElement\":[{\"@type\":\"ListItem\",\"position\":1,\"name\":\"Home\",\"item\":\"https:\\\/\\\/ponteseditores.com.br\\\/loja3\\\/\"},{\"@type\":\"ListItem\",\"position\":2,\"name\":\"loja\",\"item\":\"https:\\\/\\\/ponteseditores.com.br\\\/loja3\\\/loja\\\/\"},{\"@type\":\"ListItem\",\"position\":3,\"name\":\"Uma Introdu\u00e7\u00e3o \u00e0 An\u00e1lise Lingu\u00edstica da Narrativa Oral: Abordagens e Modelos &#8211; Col NPLA Vol 42\"}]},{\"@type\":\"WebSite\",\"@id\":\"https:\\\/\\\/ponteseditores.com.br\\\/loja3\\\/#website\",\"url\":\"https:\\\/\\\/ponteseditores.com.br\\\/loja3\\\/\",\"name\":\"Pontes Editores\",\"description\":\"Pontes Editores\",\"publisher\":{\"@id\":\"https:\\\/\\\/ponteseditores.com.br\\\/loja3\\\/#organization\"},\"potentialAction\":[{\"@type\":\"SearchAction\",\"target\":{\"@type\":\"EntryPoint\",\"urlTemplate\":\"https:\\\/\\\/ponteseditores.com.br\\\/loja3\\\/?s={search_term_string}\"},\"query-input\":{\"@type\":\"PropertyValueSpecification\",\"valueRequired\":true,\"valueName\":\"search_term_string\"}}],\"inLanguage\":\"pt-BR\"},{\"@type\":\"Organization\",\"@id\":\"https:\\\/\\\/ponteseditores.com.br\\\/loja3\\\/#organization\",\"name\":\"Pontes Editores\",\"url\":\"https:\\\/\\\/ponteseditores.com.br\\\/loja3\\\/\",\"logo\":{\"@type\":\"ImageObject\",\"inLanguage\":\"pt-BR\",\"@id\":\"https:\\\/\\\/ponteseditores.com.br\\\/loja3\\\/#\\\/schema\\\/logo\\\/image\\\/\",\"url\":\"https:\\\/\\\/ponteseditores.com.br\\\/loja3\\\/wp-content\\\/uploads\\\/2023\\\/12\\\/logo-pontes-editores-v2.png\",\"contentUrl\":\"https:\\\/\\\/ponteseditores.com.br\\\/loja3\\\/wp-content\\\/uploads\\\/2023\\\/12\\\/logo-pontes-editores-v2.png\",\"width\":258,\"height\":100,\"caption\":\"Pontes Editores\"},\"image\":{\"@id\":\"https:\\\/\\\/ponteseditores.com.br\\\/loja3\\\/#\\\/schema\\\/logo\\\/image\\\/\"}}]}<\/script>\n<!-- \/ Yoast SEO plugin. -->","yoast_head_json":{"title":"Uma Introdu\u00e7\u00e3o \u00e0 An\u00e1lise Lingu\u00edstica da Narrativa Oral: Abordagens e Modelos - Col NPLA Vol 42 - Pontes Editores","robots":{"index":"index","follow":"follow","max-snippet":"max-snippet:-1","max-image-preview":"max-image-preview:large","max-video-preview":"max-video-preview:-1"},"canonical":"https:\/\/ponteseditores.com.br\/loja3\/pontes-editores-home-2__trashed\/linguistica\/uma-introducao-a-analise-linguistica-da-narrativa-oral-abordagens-e-modelos-col-npla-vol-42\/","og_locale":"pt_BR","og_type":"article","og_title":"Uma Introdu\u00e7\u00e3o \u00e0 An\u00e1lise Lingu\u00edstica da Narrativa Oral: Abordagens e Modelos - Col NPLA Vol 42 - Pontes Editores","og_description":"Este \u00e9 um livro sobre est\u00f3rias. Vivemos est\u00f3rias e, por meio delas, reportamo-nos a momentos anteriores ou futuros, criamos e representamos a nossa fala e a de outros que descrevemos e com quem nos relacionamos. As est\u00f3rias permeiam nossas vidas, desde as curtas e aparentemente pouco importantes que contamos, \u00e0s est\u00f3rias que elaboramos sobre nossas [&hellip;]","og_url":"https:\/\/ponteseditores.com.br\/loja3\/pontes-editores-home-2__trashed\/linguistica\/uma-introducao-a-analise-linguistica-da-narrativa-oral-abordagens-e-modelos-col-npla-vol-42\/","og_site_name":"Pontes Editores","og_image":[{"width":488,"height":768,"url":"https:\/\/ponteseditores.com.br\/loja3\/wp-content\/uploads\/2023\/12\/uma20introducao-1.jpg","type":"image\/jpeg"}],"twitter_card":"summary_large_image","twitter_misc":{"Est. tempo de leitura":"1 minuto"},"schema":{"@context":"https:\/\/schema.org","@graph":[{"@type":"WebPage","@id":"https:\/\/ponteseditores.com.br\/loja3\/pontes-editores-home-2__trashed\/linguistica\/uma-introducao-a-analise-linguistica-da-narrativa-oral-abordagens-e-modelos-col-npla-vol-42\/","url":"https:\/\/ponteseditores.com.br\/loja3\/pontes-editores-home-2__trashed\/linguistica\/uma-introducao-a-analise-linguistica-da-narrativa-oral-abordagens-e-modelos-col-npla-vol-42\/","name":"Uma Introdu\u00e7\u00e3o \u00e0 An\u00e1lise Lingu\u00edstica da Narrativa Oral: Abordagens e Modelos - Col NPLA Vol 42 - Pontes Editores","isPartOf":{"@id":"https:\/\/ponteseditores.com.br\/loja3\/#website"},"primaryImageOfPage":{"@id":"https:\/\/ponteseditores.com.br\/loja3\/pontes-editores-home-2__trashed\/linguistica\/uma-introducao-a-analise-linguistica-da-narrativa-oral-abordagens-e-modelos-col-npla-vol-42\/#primaryimage"},"image":{"@id":"https:\/\/ponteseditores.com.br\/loja3\/pontes-editores-home-2__trashed\/linguistica\/uma-introducao-a-analise-linguistica-da-narrativa-oral-abordagens-e-modelos-col-npla-vol-42\/#primaryimage"},"thumbnailUrl":"https:\/\/ponteseditores.com.br\/loja3\/wp-content\/uploads\/2023\/12\/uma20introducao-1.jpg","datePublished":"2023-12-16T03:15:06+00:00","breadcrumb":{"@id":"https:\/\/ponteseditores.com.br\/loja3\/pontes-editores-home-2__trashed\/linguistica\/uma-introducao-a-analise-linguistica-da-narrativa-oral-abordagens-e-modelos-col-npla-vol-42\/#breadcrumb"},"inLanguage":"pt-BR","potentialAction":[{"@type":"ReadAction","target":["https:\/\/ponteseditores.com.br\/loja3\/pontes-editores-home-2__trashed\/linguistica\/uma-introducao-a-analise-linguistica-da-narrativa-oral-abordagens-e-modelos-col-npla-vol-42\/"]}]},{"@type":"ImageObject","inLanguage":"pt-BR","@id":"https:\/\/ponteseditores.com.br\/loja3\/pontes-editores-home-2__trashed\/linguistica\/uma-introducao-a-analise-linguistica-da-narrativa-oral-abordagens-e-modelos-col-npla-vol-42\/#primaryimage","url":"https:\/\/ponteseditores.com.br\/loja3\/wp-content\/uploads\/2023\/12\/uma20introducao-1.jpg","contentUrl":"https:\/\/ponteseditores.com.br\/loja3\/wp-content\/uploads\/2023\/12\/uma20introducao-1.jpg","width":488,"height":768},{"@type":"BreadcrumbList","@id":"https:\/\/ponteseditores.com.br\/loja3\/pontes-editores-home-2__trashed\/linguistica\/uma-introducao-a-analise-linguistica-da-narrativa-oral-abordagens-e-modelos-col-npla-vol-42\/#breadcrumb","itemListElement":[{"@type":"ListItem","position":1,"name":"Home","item":"https:\/\/ponteseditores.com.br\/loja3\/"},{"@type":"ListItem","position":2,"name":"loja","item":"https:\/\/ponteseditores.com.br\/loja3\/loja\/"},{"@type":"ListItem","position":3,"name":"Uma Introdu\u00e7\u00e3o \u00e0 An\u00e1lise Lingu\u00edstica da Narrativa Oral: Abordagens e Modelos &#8211; Col NPLA Vol 42"}]},{"@type":"WebSite","@id":"https:\/\/ponteseditores.com.br\/loja3\/#website","url":"https:\/\/ponteseditores.com.br\/loja3\/","name":"Pontes Editores","description":"Pontes Editores","publisher":{"@id":"https:\/\/ponteseditores.com.br\/loja3\/#organization"},"potentialAction":[{"@type":"SearchAction","target":{"@type":"EntryPoint","urlTemplate":"https:\/\/ponteseditores.com.br\/loja3\/?s={search_term_string}"},"query-input":{"@type":"PropertyValueSpecification","valueRequired":true,"valueName":"search_term_string"}}],"inLanguage":"pt-BR"},{"@type":"Organization","@id":"https:\/\/ponteseditores.com.br\/loja3\/#organization","name":"Pontes Editores","url":"https:\/\/ponteseditores.com.br\/loja3\/","logo":{"@type":"ImageObject","inLanguage":"pt-BR","@id":"https:\/\/ponteseditores.com.br\/loja3\/#\/schema\/logo\/image\/","url":"https:\/\/ponteseditores.com.br\/loja3\/wp-content\/uploads\/2023\/12\/logo-pontes-editores-v2.png","contentUrl":"https:\/\/ponteseditores.com.br\/loja3\/wp-content\/uploads\/2023\/12\/logo-pontes-editores-v2.png","width":258,"height":100,"caption":"Pontes Editores"},"image":{"@id":"https:\/\/ponteseditores.com.br\/loja3\/#\/schema\/logo\/image\/"}}]}},"_links":{"self":[{"href":"https:\/\/ponteseditores.com.br\/loja3\/wp-json\/wp\/v2\/product\/8271","targetHints":{"allow":["GET"]}}],"collection":[{"href":"https:\/\/ponteseditores.com.br\/loja3\/wp-json\/wp\/v2\/product"}],"about":[{"href":"https:\/\/ponteseditores.com.br\/loja3\/wp-json\/wp\/v2\/types\/product"}],"replies":[{"embeddable":true,"href":"https:\/\/ponteseditores.com.br\/loja3\/wp-json\/wp\/v2\/comments?post=8271"}],"version-history":[{"count":0,"href":"https:\/\/ponteseditores.com.br\/loja3\/wp-json\/wp\/v2\/product\/8271\/revisions"}],"wp:featuredmedia":[{"embeddable":true,"href":"https:\/\/ponteseditores.com.br\/loja3\/wp-json\/wp\/v2\/media\/8270"}],"wp:attachment":[{"href":"https:\/\/ponteseditores.com.br\/loja3\/wp-json\/wp\/v2\/media?parent=8271"}],"wp:term":[{"taxonomy":"product_brand","embeddable":true,"href":"https:\/\/ponteseditores.com.br\/loja3\/wp-json\/wp\/v2\/product_brand?post=8271"},{"taxonomy":"product_cat","embeddable":true,"href":"https:\/\/ponteseditores.com.br\/loja3\/wp-json\/wp\/v2\/product_cat?post=8271"},{"taxonomy":"product_tag","embeddable":true,"href":"https:\/\/ponteseditores.com.br\/loja3\/wp-json\/wp\/v2\/product_tag?post=8271"}],"curies":[{"name":"wp","href":"https:\/\/api.w.org\/{rel}","templated":true}]}}