{"id":8261,"date":"2023-12-16T00:14:59","date_gmt":"2023-12-16T03:14:59","guid":{"rendered":"https:\/\/ponteseditores.com.br\/loja3\/pontes-editores-home-2__trashed\/sem categoria\/ditos-e-nao-ditos-discursos-da-na-e-sobre-a-pandemia\/"},"modified":"2023-12-16T00:14:59","modified_gmt":"2023-12-16T03:14:59","slug":"ditos-e-nao-ditos-discursos-da-na-e-sobre-a-pandemia","status":"publish","type":"product","link":"https:\/\/ponteseditores.com.br\/loja3\/pontes-editores-home-2__trashed\/linguistica\/ditos-e-nao-ditos-discursos-da-na-e-sobre-a-pandemia\/","title":{"rendered":"DITOS E N\u00c3O-DITOS: DISCURSOS DA, NA E SOBRE A PANDEMIA"},"content":{"rendered":"<p>Ao(s) leitor(es), apresento algumas retic\u00eancias&#8230; Em sua(s) resson\u00e2ncia(s), na converg\u00eancia com o (in)acabado, em (des)tempos de pandemia, muitas das palavras (res)significadas, com as quais este momento \u00e9 discursivizado, est\u00e3o abrigadas como em uma caixa&#8230; Este livro \u00e9, pois, um tesouro de nosso (des)tempo&#8230; A leitura \u00e9 um mergulho, como em um t\u00fanel do tempo&#8230; Nessa incurs\u00e3o, perseguimos as palavras, guardadas por cada um(a) dos(as) autores(as)&#8230; Mesmo que muitas delas carreguem tra\u00e7os de lamenta\u00e7\u00e3o&#8230; Ainda que sejam &#8221;primeiras verdes palavras&#8221;, como se n\u00e3o estivessem amadurecidas&#8230; H\u00e1 uma colheita de dizeres sobre uma esta\u00e7\u00e3o at\u00edpica de nosso tempo&#8230; E as m\u00e3os est\u00e3o calejadas por palavras que machucam&#8230; Sem embargo, elas precisam ser guardadas&#8230; Nesta caixa, os(as) autores(as) guardaram tamb\u00e9m as aus\u00eancias&#8230; H\u00e1 ditos e n\u00e3o-ditos da, na e sobre a pandemia&#8230; E &#8221;n\u00e3o h\u00e1 falta na aus\u00eancia&#8221;&#8230; Leitor(es), abra(m) esta caixa&#8230; (Re)Colham os dizeres&#8230; Este livro \u00e9 um valioso instrumento de compreens\u00e3o do que vivemos&#8230; Chegou um tempo em que n\u00e3o adianta morrer&#8230; Chegou um tempo em que a vida \u00e9 uma ordem&#8230; O porvir&#8230; Sim, o porvir&#8230;<\/p>\n<p>Eliv\u00e9lton Assis Kr\u00fcmmel<\/p>\n","protected":false},"excerpt":{"rendered":"<p>Ao(s) leitor(es), apresento algumas retic\u00eancias&#8230; Em sua(s) resson\u00e2ncia(s), na converg\u00eancia com o (in)acabado, em (des)tempos de pandemia, muitas das palavras (res)significadas, com as quais este momento \u00e9 discursivizado, est\u00e3o abrigadas como em uma caixa&#8230; Este livro \u00e9, pois, um tesouro de nosso (des)tempo&#8230; A leitura \u00e9 um mergulho, como em um t\u00fanel do tempo&#8230; Nessa [&hellip;]<\/p>\n","protected":false},"featured_media":8260,"comment_status":"open","ping_status":"closed","template":"","meta":{"_joinchat":[]},"product_brand":[],"product_cat":[301,31],"product_tag":[],"class_list":{"0":"post-8261","1":"product","2":"type-product","3":"status-publish","4":"has-post-thumbnail","6":"product_cat-analise-de-discurso","7":"product_cat-linguistica","9":"first","10":"instock","11":"shipping-taxable","12":"purchasable","13":"product-type-simple"},"yoast_head":"<!-- This site is optimized with the Yoast SEO plugin v27.4 - https:\/\/yoast.com\/product\/yoast-seo-wordpress\/ -->\n<title>DITOS E N\u00c3O-DITOS: DISCURSOS DA, NA E SOBRE A PANDEMIA - Pontes Editores<\/title>\n<meta name=\"robots\" content=\"index, follow, max-snippet:-1, max-image-preview:large, max-video-preview:-1\" \/>\n<link rel=\"canonical\" href=\"https:\/\/ponteseditores.com.br\/loja3\/pontes-editores-home-2__trashed\/linguistica\/ditos-e-nao-ditos-discursos-da-na-e-sobre-a-pandemia\/\" \/>\n<meta property=\"og:locale\" content=\"pt_BR\" \/>\n<meta property=\"og:type\" content=\"article\" \/>\n<meta property=\"og:title\" content=\"DITOS E N\u00c3O-DITOS: DISCURSOS DA, NA E SOBRE A PANDEMIA - Pontes Editores\" \/>\n<meta property=\"og:description\" content=\"Ao(s) leitor(es), apresento algumas retic\u00eancias&#8230; Em sua(s) resson\u00e2ncia(s), na converg\u00eancia com o (in)acabado, em (des)tempos de pandemia, muitas das palavras (res)significadas, com as quais este momento \u00e9 discursivizado, est\u00e3o abrigadas como em uma caixa&#8230; Este livro \u00e9, pois, um tesouro de nosso (des)tempo&#8230; A leitura \u00e9 um mergulho, como em um t\u00fanel do tempo&#8230; Nessa [&hellip;]\" \/>\n<meta property=\"og:url\" content=\"https:\/\/ponteseditores.com.br\/loja3\/pontes-editores-home-2__trashed\/linguistica\/ditos-e-nao-ditos-discursos-da-na-e-sobre-a-pandemia\/\" \/>\n<meta property=\"og:site_name\" content=\"Pontes Editores\" \/>\n<meta property=\"og:image\" content=\"https:\/\/ponteseditores.com.br\/loja3\/wp-content\/uploads\/2023\/12\/Capa_Ditos-2.jpg\" \/>\n\t<meta property=\"og:image:width\" content=\"1728\" \/>\n\t<meta property=\"og:image:height\" content=\"2443\" \/>\n\t<meta property=\"og:image:type\" content=\"image\/jpeg\" \/>\n<meta name=\"twitter:card\" content=\"summary_large_image\" \/>\n<meta name=\"twitter:label1\" content=\"Est. tempo de leitura\" \/>\n\t<meta name=\"twitter:data1\" content=\"1 minuto\" \/>\n<script type=\"application\/ld+json\" class=\"yoast-schema-graph\">{\"@context\":\"https:\\\/\\\/schema.org\",\"@graph\":[{\"@type\":\"WebPage\",\"@id\":\"https:\\\/\\\/ponteseditores.com.br\\\/loja3\\\/pontes-editores-home-2__trashed\\\/linguistica\\\/ditos-e-nao-ditos-discursos-da-na-e-sobre-a-pandemia\\\/\",\"url\":\"https:\\\/\\\/ponteseditores.com.br\\\/loja3\\\/pontes-editores-home-2__trashed\\\/linguistica\\\/ditos-e-nao-ditos-discursos-da-na-e-sobre-a-pandemia\\\/\",\"name\":\"DITOS E N\u00c3O-DITOS: DISCURSOS DA, NA E SOBRE A PANDEMIA - Pontes Editores\",\"isPartOf\":{\"@id\":\"https:\\\/\\\/ponteseditores.com.br\\\/loja3\\\/#website\"},\"primaryImageOfPage\":{\"@id\":\"https:\\\/\\\/ponteseditores.com.br\\\/loja3\\\/pontes-editores-home-2__trashed\\\/linguistica\\\/ditos-e-nao-ditos-discursos-da-na-e-sobre-a-pandemia\\\/#primaryimage\"},\"image\":{\"@id\":\"https:\\\/\\\/ponteseditores.com.br\\\/loja3\\\/pontes-editores-home-2__trashed\\\/linguistica\\\/ditos-e-nao-ditos-discursos-da-na-e-sobre-a-pandemia\\\/#primaryimage\"},\"thumbnailUrl\":\"https:\\\/\\\/ponteseditores.com.br\\\/loja3\\\/wp-content\\\/uploads\\\/2023\\\/12\\\/Capa_Ditos-2.jpg\",\"datePublished\":\"2023-12-16T03:14:59+00:00\",\"breadcrumb\":{\"@id\":\"https:\\\/\\\/ponteseditores.com.br\\\/loja3\\\/pontes-editores-home-2__trashed\\\/linguistica\\\/ditos-e-nao-ditos-discursos-da-na-e-sobre-a-pandemia\\\/#breadcrumb\"},\"inLanguage\":\"pt-BR\",\"potentialAction\":[{\"@type\":\"ReadAction\",\"target\":[\"https:\\\/\\\/ponteseditores.com.br\\\/loja3\\\/pontes-editores-home-2__trashed\\\/linguistica\\\/ditos-e-nao-ditos-discursos-da-na-e-sobre-a-pandemia\\\/\"]}]},{\"@type\":\"ImageObject\",\"inLanguage\":\"pt-BR\",\"@id\":\"https:\\\/\\\/ponteseditores.com.br\\\/loja3\\\/pontes-editores-home-2__trashed\\\/linguistica\\\/ditos-e-nao-ditos-discursos-da-na-e-sobre-a-pandemia\\\/#primaryimage\",\"url\":\"https:\\\/\\\/ponteseditores.com.br\\\/loja3\\\/wp-content\\\/uploads\\\/2023\\\/12\\\/Capa_Ditos-2.jpg\",\"contentUrl\":\"https:\\\/\\\/ponteseditores.com.br\\\/loja3\\\/wp-content\\\/uploads\\\/2023\\\/12\\\/Capa_Ditos-2.jpg\",\"width\":1728,\"height\":2443},{\"@type\":\"BreadcrumbList\",\"@id\":\"https:\\\/\\\/ponteseditores.com.br\\\/loja3\\\/pontes-editores-home-2__trashed\\\/linguistica\\\/ditos-e-nao-ditos-discursos-da-na-e-sobre-a-pandemia\\\/#breadcrumb\",\"itemListElement\":[{\"@type\":\"ListItem\",\"position\":1,\"name\":\"Home\",\"item\":\"https:\\\/\\\/ponteseditores.com.br\\\/loja3\\\/\"},{\"@type\":\"ListItem\",\"position\":2,\"name\":\"loja\",\"item\":\"https:\\\/\\\/ponteseditores.com.br\\\/loja3\\\/loja\\\/\"},{\"@type\":\"ListItem\",\"position\":3,\"name\":\"DITOS E N\u00c3O-DITOS: DISCURSOS DA, NA E SOBRE A PANDEMIA\"}]},{\"@type\":\"WebSite\",\"@id\":\"https:\\\/\\\/ponteseditores.com.br\\\/loja3\\\/#website\",\"url\":\"https:\\\/\\\/ponteseditores.com.br\\\/loja3\\\/\",\"name\":\"Pontes Editores\",\"description\":\"Pontes Editores\",\"publisher\":{\"@id\":\"https:\\\/\\\/ponteseditores.com.br\\\/loja3\\\/#organization\"},\"potentialAction\":[{\"@type\":\"SearchAction\",\"target\":{\"@type\":\"EntryPoint\",\"urlTemplate\":\"https:\\\/\\\/ponteseditores.com.br\\\/loja3\\\/?s={search_term_string}\"},\"query-input\":{\"@type\":\"PropertyValueSpecification\",\"valueRequired\":true,\"valueName\":\"search_term_string\"}}],\"inLanguage\":\"pt-BR\"},{\"@type\":\"Organization\",\"@id\":\"https:\\\/\\\/ponteseditores.com.br\\\/loja3\\\/#organization\",\"name\":\"Pontes Editores\",\"url\":\"https:\\\/\\\/ponteseditores.com.br\\\/loja3\\\/\",\"logo\":{\"@type\":\"ImageObject\",\"inLanguage\":\"pt-BR\",\"@id\":\"https:\\\/\\\/ponteseditores.com.br\\\/loja3\\\/#\\\/schema\\\/logo\\\/image\\\/\",\"url\":\"https:\\\/\\\/ponteseditores.com.br\\\/loja3\\\/wp-content\\\/uploads\\\/2023\\\/12\\\/logo-pontes-editores-v2.png\",\"contentUrl\":\"https:\\\/\\\/ponteseditores.com.br\\\/loja3\\\/wp-content\\\/uploads\\\/2023\\\/12\\\/logo-pontes-editores-v2.png\",\"width\":258,\"height\":100,\"caption\":\"Pontes Editores\"},\"image\":{\"@id\":\"https:\\\/\\\/ponteseditores.com.br\\\/loja3\\\/#\\\/schema\\\/logo\\\/image\\\/\"}}]}<\/script>\n<!-- \/ Yoast SEO plugin. -->","yoast_head_json":{"title":"DITOS E N\u00c3O-DITOS: DISCURSOS DA, NA E SOBRE A PANDEMIA - Pontes Editores","robots":{"index":"index","follow":"follow","max-snippet":"max-snippet:-1","max-image-preview":"max-image-preview:large","max-video-preview":"max-video-preview:-1"},"canonical":"https:\/\/ponteseditores.com.br\/loja3\/pontes-editores-home-2__trashed\/linguistica\/ditos-e-nao-ditos-discursos-da-na-e-sobre-a-pandemia\/","og_locale":"pt_BR","og_type":"article","og_title":"DITOS E N\u00c3O-DITOS: DISCURSOS DA, NA E SOBRE A PANDEMIA - Pontes Editores","og_description":"Ao(s) leitor(es), apresento algumas retic\u00eancias&#8230; Em sua(s) resson\u00e2ncia(s), na converg\u00eancia com o (in)acabado, em (des)tempos de pandemia, muitas das palavras (res)significadas, com as quais este momento \u00e9 discursivizado, est\u00e3o abrigadas como em uma caixa&#8230; Este livro \u00e9, pois, um tesouro de nosso (des)tempo&#8230; A leitura \u00e9 um mergulho, como em um t\u00fanel do tempo&#8230; Nessa [&hellip;]","og_url":"https:\/\/ponteseditores.com.br\/loja3\/pontes-editores-home-2__trashed\/linguistica\/ditos-e-nao-ditos-discursos-da-na-e-sobre-a-pandemia\/","og_site_name":"Pontes Editores","og_image":[{"width":1728,"height":2443,"url":"https:\/\/ponteseditores.com.br\/loja3\/wp-content\/uploads\/2023\/12\/Capa_Ditos-2.jpg","type":"image\/jpeg"}],"twitter_card":"summary_large_image","twitter_misc":{"Est. tempo de leitura":"1 minuto"},"schema":{"@context":"https:\/\/schema.org","@graph":[{"@type":"WebPage","@id":"https:\/\/ponteseditores.com.br\/loja3\/pontes-editores-home-2__trashed\/linguistica\/ditos-e-nao-ditos-discursos-da-na-e-sobre-a-pandemia\/","url":"https:\/\/ponteseditores.com.br\/loja3\/pontes-editores-home-2__trashed\/linguistica\/ditos-e-nao-ditos-discursos-da-na-e-sobre-a-pandemia\/","name":"DITOS E N\u00c3O-DITOS: DISCURSOS DA, NA E SOBRE A PANDEMIA - Pontes Editores","isPartOf":{"@id":"https:\/\/ponteseditores.com.br\/loja3\/#website"},"primaryImageOfPage":{"@id":"https:\/\/ponteseditores.com.br\/loja3\/pontes-editores-home-2__trashed\/linguistica\/ditos-e-nao-ditos-discursos-da-na-e-sobre-a-pandemia\/#primaryimage"},"image":{"@id":"https:\/\/ponteseditores.com.br\/loja3\/pontes-editores-home-2__trashed\/linguistica\/ditos-e-nao-ditos-discursos-da-na-e-sobre-a-pandemia\/#primaryimage"},"thumbnailUrl":"https:\/\/ponteseditores.com.br\/loja3\/wp-content\/uploads\/2023\/12\/Capa_Ditos-2.jpg","datePublished":"2023-12-16T03:14:59+00:00","breadcrumb":{"@id":"https:\/\/ponteseditores.com.br\/loja3\/pontes-editores-home-2__trashed\/linguistica\/ditos-e-nao-ditos-discursos-da-na-e-sobre-a-pandemia\/#breadcrumb"},"inLanguage":"pt-BR","potentialAction":[{"@type":"ReadAction","target":["https:\/\/ponteseditores.com.br\/loja3\/pontes-editores-home-2__trashed\/linguistica\/ditos-e-nao-ditos-discursos-da-na-e-sobre-a-pandemia\/"]}]},{"@type":"ImageObject","inLanguage":"pt-BR","@id":"https:\/\/ponteseditores.com.br\/loja3\/pontes-editores-home-2__trashed\/linguistica\/ditos-e-nao-ditos-discursos-da-na-e-sobre-a-pandemia\/#primaryimage","url":"https:\/\/ponteseditores.com.br\/loja3\/wp-content\/uploads\/2023\/12\/Capa_Ditos-2.jpg","contentUrl":"https:\/\/ponteseditores.com.br\/loja3\/wp-content\/uploads\/2023\/12\/Capa_Ditos-2.jpg","width":1728,"height":2443},{"@type":"BreadcrumbList","@id":"https:\/\/ponteseditores.com.br\/loja3\/pontes-editores-home-2__trashed\/linguistica\/ditos-e-nao-ditos-discursos-da-na-e-sobre-a-pandemia\/#breadcrumb","itemListElement":[{"@type":"ListItem","position":1,"name":"Home","item":"https:\/\/ponteseditores.com.br\/loja3\/"},{"@type":"ListItem","position":2,"name":"loja","item":"https:\/\/ponteseditores.com.br\/loja3\/loja\/"},{"@type":"ListItem","position":3,"name":"DITOS E N\u00c3O-DITOS: DISCURSOS DA, NA E SOBRE A PANDEMIA"}]},{"@type":"WebSite","@id":"https:\/\/ponteseditores.com.br\/loja3\/#website","url":"https:\/\/ponteseditores.com.br\/loja3\/","name":"Pontes Editores","description":"Pontes Editores","publisher":{"@id":"https:\/\/ponteseditores.com.br\/loja3\/#organization"},"potentialAction":[{"@type":"SearchAction","target":{"@type":"EntryPoint","urlTemplate":"https:\/\/ponteseditores.com.br\/loja3\/?s={search_term_string}"},"query-input":{"@type":"PropertyValueSpecification","valueRequired":true,"valueName":"search_term_string"}}],"inLanguage":"pt-BR"},{"@type":"Organization","@id":"https:\/\/ponteseditores.com.br\/loja3\/#organization","name":"Pontes Editores","url":"https:\/\/ponteseditores.com.br\/loja3\/","logo":{"@type":"ImageObject","inLanguage":"pt-BR","@id":"https:\/\/ponteseditores.com.br\/loja3\/#\/schema\/logo\/image\/","url":"https:\/\/ponteseditores.com.br\/loja3\/wp-content\/uploads\/2023\/12\/logo-pontes-editores-v2.png","contentUrl":"https:\/\/ponteseditores.com.br\/loja3\/wp-content\/uploads\/2023\/12\/logo-pontes-editores-v2.png","width":258,"height":100,"caption":"Pontes Editores"},"image":{"@id":"https:\/\/ponteseditores.com.br\/loja3\/#\/schema\/logo\/image\/"}}]}},"_links":{"self":[{"href":"https:\/\/ponteseditores.com.br\/loja3\/wp-json\/wp\/v2\/product\/8261","targetHints":{"allow":["GET"]}}],"collection":[{"href":"https:\/\/ponteseditores.com.br\/loja3\/wp-json\/wp\/v2\/product"}],"about":[{"href":"https:\/\/ponteseditores.com.br\/loja3\/wp-json\/wp\/v2\/types\/product"}],"replies":[{"embeddable":true,"href":"https:\/\/ponteseditores.com.br\/loja3\/wp-json\/wp\/v2\/comments?post=8261"}],"version-history":[{"count":0,"href":"https:\/\/ponteseditores.com.br\/loja3\/wp-json\/wp\/v2\/product\/8261\/revisions"}],"wp:featuredmedia":[{"embeddable":true,"href":"https:\/\/ponteseditores.com.br\/loja3\/wp-json\/wp\/v2\/media\/8260"}],"wp:attachment":[{"href":"https:\/\/ponteseditores.com.br\/loja3\/wp-json\/wp\/v2\/media?parent=8261"}],"wp:term":[{"taxonomy":"product_brand","embeddable":true,"href":"https:\/\/ponteseditores.com.br\/loja3\/wp-json\/wp\/v2\/product_brand?post=8261"},{"taxonomy":"product_cat","embeddable":true,"href":"https:\/\/ponteseditores.com.br\/loja3\/wp-json\/wp\/v2\/product_cat?post=8261"},{"taxonomy":"product_tag","embeddable":true,"href":"https:\/\/ponteseditores.com.br\/loja3\/wp-json\/wp\/v2\/product_tag?post=8261"}],"curies":[{"name":"wp","href":"https:\/\/api.w.org\/{rel}","templated":true}]}}