{"id":8246,"date":"2023-12-15T23:21:07","date_gmt":"2023-12-16T02:21:07","guid":{"rendered":"https:\/\/ponteseditores.com.br\/loja3\/pontes-editores-home-2__trashed\/sem%20categoria\/mulheres-em-discurso-lugares-de-enunciacao-e-corpos-em-disputa-vol-3\/"},"modified":"2025-10-16T09:48:52","modified_gmt":"2025-10-16T12:48:52","slug":"mulheres-em-discurso-lugares-de-enunciacao-e-corpos-em-disputa-vol-3","status":"publish","type":"product","link":"https:\/\/ponteseditores.com.br\/loja3\/pontes-editores-home-2__trashed\/analise-de-discurso\/mulheres-em-discurso-lugares-de-enunciacao-e-corpos-em-disputa-vol-3\/","title":{"rendered":"Mulheres em Discurso: lugares de enuncia\u00e7\u00e3o e corpos em disputa \u2013 Vol. 3"},"content":{"rendered":"<p>A heterogeneidade deste volume espraia-se por diversas veredas: alicerces te\u00f3ricos, focos centrais de an\u00e1lise, corpos diversos. Tal conjunto concertado de diferen\u00e7as pode ser lido como efeito meton\u00edmico de um deslizamento social buscado pelos dizeres e pesquisas do grupo Mulheres em Discurso. Assim, os encontros e as discuss\u00f5es feitos das\/ nas\/ pelas\/ entre as diferen\u00e7as surgem como condi\u00e7\u00e3o para a sensibilidade de uma escuta pronta para tentar compreender funcionamentos de naturezas diversas. Assim, n\u00e3o h\u00e1 di\u00e1logo imposs\u00edvel, mas mundos (im)poss\u00edveis que nos fazem falar, pensar e construir gestos. Na aposta desta dan\u00e7a de materialidades discursivas, esperamos que quem nos leia encontre seu aconchego e, nele, o suficiente para tamb\u00e9m se inquietar pelo discurso.<\/p>\n<p>M\u00f3nica G. Zoppi Pantana<\/p>\n<p>Jacob dos Santos Biziak<\/p>\n","protected":false},"excerpt":{"rendered":"<p>A heterogeneidade deste volume espraia-se por diversas veredas: alicerces te\u00f3ricos, focos centrais de an\u00e1lise, corpos diversos. Tal conjunto concertado de diferen\u00e7as pode ser lido como efeito meton\u00edmico de um deslizamento social buscado pelos dizeres e pesquisas do grupo Mulheres em Discurso. Assim, os encontros e as discuss\u00f5es feitos das\/ nas\/ pelas\/ entre as diferen\u00e7as surgem [&hellip;]<\/p>\n","protected":false},"featured_media":8245,"comment_status":"open","ping_status":"closed","template":"","meta":{"_joinchat":[]},"product_brand":[],"product_cat":[301,337],"product_tag":[],"class_list":{"0":"post-8246","1":"product","2":"type-product","3":"status-publish","4":"has-post-thumbnail","6":"product_cat-analise-de-discurso","7":"product_cat-generos","9":"first","10":"outofstock","11":"shipping-taxable","12":"purchasable","13":"product-type-simple"},"yoast_head":"<!-- This site is optimized with the Yoast SEO plugin v27.4 - https:\/\/yoast.com\/product\/yoast-seo-wordpress\/ -->\n<title>Mulheres em Discurso: lugares de enuncia\u00e7\u00e3o e corpos em disputa \u2013 Vol. 3 - Pontes Editores<\/title>\n<meta name=\"robots\" content=\"index, follow, max-snippet:-1, max-image-preview:large, max-video-preview:-1\" \/>\n<link rel=\"canonical\" href=\"https:\/\/ponteseditores.com.br\/loja3\/pontes-editores-home-2__trashed\/analise-de-discurso\/mulheres-em-discurso-lugares-de-enunciacao-e-corpos-em-disputa-vol-3\/\" \/>\n<meta property=\"og:locale\" content=\"pt_BR\" \/>\n<meta property=\"og:type\" content=\"article\" \/>\n<meta property=\"og:title\" content=\"Mulheres em Discurso: lugares de enuncia\u00e7\u00e3o e corpos em disputa \u2013 Vol. 3 - Pontes Editores\" \/>\n<meta property=\"og:description\" content=\"A heterogeneidade deste volume espraia-se por diversas veredas: alicerces te\u00f3ricos, focos centrais de an\u00e1lise, corpos diversos. Tal conjunto concertado de diferen\u00e7as pode ser lido como efeito meton\u00edmico de um deslizamento social buscado pelos dizeres e pesquisas do grupo Mulheres em Discurso. Assim, os encontros e as discuss\u00f5es feitos das\/ nas\/ pelas\/ entre as diferen\u00e7as surgem [&hellip;]\" \/>\n<meta property=\"og:url\" content=\"https:\/\/ponteseditores.com.br\/loja3\/pontes-editores-home-2__trashed\/analise-de-discurso\/mulheres-em-discurso-lugares-de-enunciacao-e-corpos-em-disputa-vol-3\/\" \/>\n<meta property=\"og:site_name\" content=\"Pontes Editores\" \/>\n<meta property=\"article:modified_time\" content=\"2025-10-16T12:48:52+00:00\" \/>\n<meta property=\"og:image\" content=\"https:\/\/ponteseditores.com.br\/loja3\/wp-content\/uploads\/2023\/12\/Capa_Mulheres-3.jpg\" \/>\n\t<meta property=\"og:image:width\" content=\"1728\" \/>\n\t<meta property=\"og:image:height\" content=\"2443\" \/>\n\t<meta property=\"og:image:type\" content=\"image\/jpeg\" \/>\n<meta name=\"twitter:card\" content=\"summary_large_image\" \/>\n<meta name=\"twitter:label1\" content=\"Est. tempo de leitura\" \/>\n\t<meta name=\"twitter:data1\" content=\"1 minuto\" \/>\n<script type=\"application\/ld+json\" class=\"yoast-schema-graph\">{\"@context\":\"https:\\\/\\\/schema.org\",\"@graph\":[{\"@type\":\"WebPage\",\"@id\":\"https:\\\/\\\/ponteseditores.com.br\\\/loja3\\\/pontes-editores-home-2__trashed\\\/analise-de-discurso\\\/mulheres-em-discurso-lugares-de-enunciacao-e-corpos-em-disputa-vol-3\\\/\",\"url\":\"https:\\\/\\\/ponteseditores.com.br\\\/loja3\\\/pontes-editores-home-2__trashed\\\/analise-de-discurso\\\/mulheres-em-discurso-lugares-de-enunciacao-e-corpos-em-disputa-vol-3\\\/\",\"name\":\"Mulheres em Discurso: lugares de enuncia\u00e7\u00e3o e corpos em disputa \u2013 Vol. 3 - Pontes Editores\",\"isPartOf\":{\"@id\":\"https:\\\/\\\/ponteseditores.com.br\\\/loja3\\\/#website\"},\"primaryImageOfPage\":{\"@id\":\"https:\\\/\\\/ponteseditores.com.br\\\/loja3\\\/pontes-editores-home-2__trashed\\\/analise-de-discurso\\\/mulheres-em-discurso-lugares-de-enunciacao-e-corpos-em-disputa-vol-3\\\/#primaryimage\"},\"image\":{\"@id\":\"https:\\\/\\\/ponteseditores.com.br\\\/loja3\\\/pontes-editores-home-2__trashed\\\/analise-de-discurso\\\/mulheres-em-discurso-lugares-de-enunciacao-e-corpos-em-disputa-vol-3\\\/#primaryimage\"},\"thumbnailUrl\":\"https:\\\/\\\/ponteseditores.com.br\\\/loja3\\\/wp-content\\\/uploads\\\/2023\\\/12\\\/Capa_Mulheres-3.jpg\",\"datePublished\":\"2023-12-16T02:21:07+00:00\",\"dateModified\":\"2025-10-16T12:48:52+00:00\",\"breadcrumb\":{\"@id\":\"https:\\\/\\\/ponteseditores.com.br\\\/loja3\\\/pontes-editores-home-2__trashed\\\/analise-de-discurso\\\/mulheres-em-discurso-lugares-de-enunciacao-e-corpos-em-disputa-vol-3\\\/#breadcrumb\"},\"inLanguage\":\"pt-BR\",\"potentialAction\":[{\"@type\":\"ReadAction\",\"target\":[\"https:\\\/\\\/ponteseditores.com.br\\\/loja3\\\/pontes-editores-home-2__trashed\\\/analise-de-discurso\\\/mulheres-em-discurso-lugares-de-enunciacao-e-corpos-em-disputa-vol-3\\\/\"]}]},{\"@type\":\"ImageObject\",\"inLanguage\":\"pt-BR\",\"@id\":\"https:\\\/\\\/ponteseditores.com.br\\\/loja3\\\/pontes-editores-home-2__trashed\\\/analise-de-discurso\\\/mulheres-em-discurso-lugares-de-enunciacao-e-corpos-em-disputa-vol-3\\\/#primaryimage\",\"url\":\"https:\\\/\\\/ponteseditores.com.br\\\/loja3\\\/wp-content\\\/uploads\\\/2023\\\/12\\\/Capa_Mulheres-3.jpg\",\"contentUrl\":\"https:\\\/\\\/ponteseditores.com.br\\\/loja3\\\/wp-content\\\/uploads\\\/2023\\\/12\\\/Capa_Mulheres-3.jpg\",\"width\":1728,\"height\":2443},{\"@type\":\"BreadcrumbList\",\"@id\":\"https:\\\/\\\/ponteseditores.com.br\\\/loja3\\\/pontes-editores-home-2__trashed\\\/analise-de-discurso\\\/mulheres-em-discurso-lugares-de-enunciacao-e-corpos-em-disputa-vol-3\\\/#breadcrumb\",\"itemListElement\":[{\"@type\":\"ListItem\",\"position\":1,\"name\":\"Home\",\"item\":\"https:\\\/\\\/ponteseditores.com.br\\\/loja3\\\/\"},{\"@type\":\"ListItem\",\"position\":2,\"name\":\"loja\",\"item\":\"https:\\\/\\\/ponteseditores.com.br\\\/loja3\\\/loja\\\/\"},{\"@type\":\"ListItem\",\"position\":3,\"name\":\"Mulheres em Discurso: lugares de enuncia\u00e7\u00e3o e corpos em disputa \u2013 Vol. 3\"}]},{\"@type\":\"WebSite\",\"@id\":\"https:\\\/\\\/ponteseditores.com.br\\\/loja3\\\/#website\",\"url\":\"https:\\\/\\\/ponteseditores.com.br\\\/loja3\\\/\",\"name\":\"Pontes Editores\",\"description\":\"Pontes Editores\",\"publisher\":{\"@id\":\"https:\\\/\\\/ponteseditores.com.br\\\/loja3\\\/#organization\"},\"potentialAction\":[{\"@type\":\"SearchAction\",\"target\":{\"@type\":\"EntryPoint\",\"urlTemplate\":\"https:\\\/\\\/ponteseditores.com.br\\\/loja3\\\/?s={search_term_string}\"},\"query-input\":{\"@type\":\"PropertyValueSpecification\",\"valueRequired\":true,\"valueName\":\"search_term_string\"}}],\"inLanguage\":\"pt-BR\"},{\"@type\":\"Organization\",\"@id\":\"https:\\\/\\\/ponteseditores.com.br\\\/loja3\\\/#organization\",\"name\":\"Pontes Editores\",\"url\":\"https:\\\/\\\/ponteseditores.com.br\\\/loja3\\\/\",\"logo\":{\"@type\":\"ImageObject\",\"inLanguage\":\"pt-BR\",\"@id\":\"https:\\\/\\\/ponteseditores.com.br\\\/loja3\\\/#\\\/schema\\\/logo\\\/image\\\/\",\"url\":\"https:\\\/\\\/ponteseditores.com.br\\\/loja3\\\/wp-content\\\/uploads\\\/2023\\\/12\\\/logo-pontes-editores-v2.png\",\"contentUrl\":\"https:\\\/\\\/ponteseditores.com.br\\\/loja3\\\/wp-content\\\/uploads\\\/2023\\\/12\\\/logo-pontes-editores-v2.png\",\"width\":258,\"height\":100,\"caption\":\"Pontes Editores\"},\"image\":{\"@id\":\"https:\\\/\\\/ponteseditores.com.br\\\/loja3\\\/#\\\/schema\\\/logo\\\/image\\\/\"}}]}<\/script>\n<!-- \/ Yoast SEO plugin. -->","yoast_head_json":{"title":"Mulheres em Discurso: lugares de enuncia\u00e7\u00e3o e corpos em disputa \u2013 Vol. 3 - Pontes Editores","robots":{"index":"index","follow":"follow","max-snippet":"max-snippet:-1","max-image-preview":"max-image-preview:large","max-video-preview":"max-video-preview:-1"},"canonical":"https:\/\/ponteseditores.com.br\/loja3\/pontes-editores-home-2__trashed\/analise-de-discurso\/mulheres-em-discurso-lugares-de-enunciacao-e-corpos-em-disputa-vol-3\/","og_locale":"pt_BR","og_type":"article","og_title":"Mulheres em Discurso: lugares de enuncia\u00e7\u00e3o e corpos em disputa \u2013 Vol. 3 - Pontes Editores","og_description":"A heterogeneidade deste volume espraia-se por diversas veredas: alicerces te\u00f3ricos, focos centrais de an\u00e1lise, corpos diversos. Tal conjunto concertado de diferen\u00e7as pode ser lido como efeito meton\u00edmico de um deslizamento social buscado pelos dizeres e pesquisas do grupo Mulheres em Discurso. Assim, os encontros e as discuss\u00f5es feitos das\/ nas\/ pelas\/ entre as diferen\u00e7as surgem [&hellip;]","og_url":"https:\/\/ponteseditores.com.br\/loja3\/pontes-editores-home-2__trashed\/analise-de-discurso\/mulheres-em-discurso-lugares-de-enunciacao-e-corpos-em-disputa-vol-3\/","og_site_name":"Pontes Editores","article_modified_time":"2025-10-16T12:48:52+00:00","og_image":[{"width":1728,"height":2443,"url":"https:\/\/ponteseditores.com.br\/loja3\/wp-content\/uploads\/2023\/12\/Capa_Mulheres-3.jpg","type":"image\/jpeg"}],"twitter_card":"summary_large_image","twitter_misc":{"Est. tempo de leitura":"1 minuto"},"schema":{"@context":"https:\/\/schema.org","@graph":[{"@type":"WebPage","@id":"https:\/\/ponteseditores.com.br\/loja3\/pontes-editores-home-2__trashed\/analise-de-discurso\/mulheres-em-discurso-lugares-de-enunciacao-e-corpos-em-disputa-vol-3\/","url":"https:\/\/ponteseditores.com.br\/loja3\/pontes-editores-home-2__trashed\/analise-de-discurso\/mulheres-em-discurso-lugares-de-enunciacao-e-corpos-em-disputa-vol-3\/","name":"Mulheres em Discurso: lugares de enuncia\u00e7\u00e3o e corpos em disputa \u2013 Vol. 3 - Pontes Editores","isPartOf":{"@id":"https:\/\/ponteseditores.com.br\/loja3\/#website"},"primaryImageOfPage":{"@id":"https:\/\/ponteseditores.com.br\/loja3\/pontes-editores-home-2__trashed\/analise-de-discurso\/mulheres-em-discurso-lugares-de-enunciacao-e-corpos-em-disputa-vol-3\/#primaryimage"},"image":{"@id":"https:\/\/ponteseditores.com.br\/loja3\/pontes-editores-home-2__trashed\/analise-de-discurso\/mulheres-em-discurso-lugares-de-enunciacao-e-corpos-em-disputa-vol-3\/#primaryimage"},"thumbnailUrl":"https:\/\/ponteseditores.com.br\/loja3\/wp-content\/uploads\/2023\/12\/Capa_Mulheres-3.jpg","datePublished":"2023-12-16T02:21:07+00:00","dateModified":"2025-10-16T12:48:52+00:00","breadcrumb":{"@id":"https:\/\/ponteseditores.com.br\/loja3\/pontes-editores-home-2__trashed\/analise-de-discurso\/mulheres-em-discurso-lugares-de-enunciacao-e-corpos-em-disputa-vol-3\/#breadcrumb"},"inLanguage":"pt-BR","potentialAction":[{"@type":"ReadAction","target":["https:\/\/ponteseditores.com.br\/loja3\/pontes-editores-home-2__trashed\/analise-de-discurso\/mulheres-em-discurso-lugares-de-enunciacao-e-corpos-em-disputa-vol-3\/"]}]},{"@type":"ImageObject","inLanguage":"pt-BR","@id":"https:\/\/ponteseditores.com.br\/loja3\/pontes-editores-home-2__trashed\/analise-de-discurso\/mulheres-em-discurso-lugares-de-enunciacao-e-corpos-em-disputa-vol-3\/#primaryimage","url":"https:\/\/ponteseditores.com.br\/loja3\/wp-content\/uploads\/2023\/12\/Capa_Mulheres-3.jpg","contentUrl":"https:\/\/ponteseditores.com.br\/loja3\/wp-content\/uploads\/2023\/12\/Capa_Mulheres-3.jpg","width":1728,"height":2443},{"@type":"BreadcrumbList","@id":"https:\/\/ponteseditores.com.br\/loja3\/pontes-editores-home-2__trashed\/analise-de-discurso\/mulheres-em-discurso-lugares-de-enunciacao-e-corpos-em-disputa-vol-3\/#breadcrumb","itemListElement":[{"@type":"ListItem","position":1,"name":"Home","item":"https:\/\/ponteseditores.com.br\/loja3\/"},{"@type":"ListItem","position":2,"name":"loja","item":"https:\/\/ponteseditores.com.br\/loja3\/loja\/"},{"@type":"ListItem","position":3,"name":"Mulheres em Discurso: lugares de enuncia\u00e7\u00e3o e corpos em disputa \u2013 Vol. 3"}]},{"@type":"WebSite","@id":"https:\/\/ponteseditores.com.br\/loja3\/#website","url":"https:\/\/ponteseditores.com.br\/loja3\/","name":"Pontes Editores","description":"Pontes Editores","publisher":{"@id":"https:\/\/ponteseditores.com.br\/loja3\/#organization"},"potentialAction":[{"@type":"SearchAction","target":{"@type":"EntryPoint","urlTemplate":"https:\/\/ponteseditores.com.br\/loja3\/?s={search_term_string}"},"query-input":{"@type":"PropertyValueSpecification","valueRequired":true,"valueName":"search_term_string"}}],"inLanguage":"pt-BR"},{"@type":"Organization","@id":"https:\/\/ponteseditores.com.br\/loja3\/#organization","name":"Pontes Editores","url":"https:\/\/ponteseditores.com.br\/loja3\/","logo":{"@type":"ImageObject","inLanguage":"pt-BR","@id":"https:\/\/ponteseditores.com.br\/loja3\/#\/schema\/logo\/image\/","url":"https:\/\/ponteseditores.com.br\/loja3\/wp-content\/uploads\/2023\/12\/logo-pontes-editores-v2.png","contentUrl":"https:\/\/ponteseditores.com.br\/loja3\/wp-content\/uploads\/2023\/12\/logo-pontes-editores-v2.png","width":258,"height":100,"caption":"Pontes Editores"},"image":{"@id":"https:\/\/ponteseditores.com.br\/loja3\/#\/schema\/logo\/image\/"}}]}},"_links":{"self":[{"href":"https:\/\/ponteseditores.com.br\/loja3\/wp-json\/wp\/v2\/product\/8246","targetHints":{"allow":["GET"]}}],"collection":[{"href":"https:\/\/ponteseditores.com.br\/loja3\/wp-json\/wp\/v2\/product"}],"about":[{"href":"https:\/\/ponteseditores.com.br\/loja3\/wp-json\/wp\/v2\/types\/product"}],"replies":[{"embeddable":true,"href":"https:\/\/ponteseditores.com.br\/loja3\/wp-json\/wp\/v2\/comments?post=8246"}],"version-history":[{"count":1,"href":"https:\/\/ponteseditores.com.br\/loja3\/wp-json\/wp\/v2\/product\/8246\/revisions"}],"predecessor-version":[{"id":32001,"href":"https:\/\/ponteseditores.com.br\/loja3\/wp-json\/wp\/v2\/product\/8246\/revisions\/32001"}],"wp:featuredmedia":[{"embeddable":true,"href":"https:\/\/ponteseditores.com.br\/loja3\/wp-json\/wp\/v2\/media\/8245"}],"wp:attachment":[{"href":"https:\/\/ponteseditores.com.br\/loja3\/wp-json\/wp\/v2\/media?parent=8246"}],"wp:term":[{"taxonomy":"product_brand","embeddable":true,"href":"https:\/\/ponteseditores.com.br\/loja3\/wp-json\/wp\/v2\/product_brand?post=8246"},{"taxonomy":"product_cat","embeddable":true,"href":"https:\/\/ponteseditores.com.br\/loja3\/wp-json\/wp\/v2\/product_cat?post=8246"},{"taxonomy":"product_tag","embeddable":true,"href":"https:\/\/ponteseditores.com.br\/loja3\/wp-json\/wp\/v2\/product_tag?post=8246"}],"curies":[{"name":"wp","href":"https:\/\/api.w.org\/{rel}","templated":true}]}}