{"id":8240,"date":"2023-12-15T23:19:26","date_gmt":"2023-12-16T02:19:26","guid":{"rendered":"https:\/\/ponteseditores.com.br\/loja3\/pontes-editores-home-2__trashed\/sem categoria\/republicanismo-s-uma-tradicao-politica-multissecular-plural-atual\/"},"modified":"2023-12-15T23:19:26","modified_gmt":"2023-12-16T02:19:26","slug":"republicanismo-s-uma-tradicao-politica-multissecular-plural-atual","status":"publish","type":"product","link":"https:\/\/ponteseditores.com.br\/loja3\/pontes-editores-home-2__trashed\/filosofia\/republicanismo-s-uma-tradicao-politica-multissecular-plural-atual\/","title":{"rendered":"Republicanismo (s): Uma tradi\u00e7\u00e3o pol\u00edtica multissecular, plural, atual"},"content":{"rendered":"<p>O republicanismo constitui uma doutrina pol\u00edtica, jur\u00eddica e filos\u00f3fica que remonta da Antiguidade at\u00e9 \u00e0 Contemporaneidade e, como consequ\u00eancia inevit\u00e1vel deste percurso, perpassa todos os momentos da hist\u00f3ria da humanidade, envolvendo muitos autores e correntes de pensamento. O t\u00edtulo do livro \u201cRepublicanismo(s)\u201d pretende justamente dar conta do irremedi\u00e1vel car\u00e1ter multifacetado desta trajet\u00f3ria. Da Gr\u00e9cia at\u00e9 o s\u00e9culo XVIII, todas as vers\u00f5es do republicanismo eram associadas \u00e0 ideia de que o ser humano deve ser senhor de si pr\u00f3prio e, portanto, deve dar a lei para si mesmo, autonomia, o que, na perspectiva pol\u00edtica, significa que o cidad\u00e3o somente deve obedecer \u00e0 lei a que puder dar o seu consentimento na medida em que \u00e9 seu pr\u00f3prio autor, autolegisla\u00e7\u00e3o, autogoverno, autodetermina\u00e7\u00e3o. Na Contemporaneidade, esta ideia fundamental foi consolidada por autores liberais que diferenciaram o liberalismo do republicanismo a partir da liberdade. Neste sentido, Benjamin Constant relacionou o republicanismo com a liberdade dos antigos, como exerc\u00edcio da soberania popular e Isaiah Berlin interpretou a autonomia e a autodetermina\u00e7\u00e3o como forma da liberdade positiva. Isto gerou uma rea\u00e7\u00e3o do neorrepublicanismo, na segunda metade do s\u00e9culo XX, que associou a ideia da soberania popular com o populismo, enquanto, o republicanismo exigia um ideal mais modesto, apenas n\u00e3o ter que se submeter \u00e0 vontade arbitr\u00e1ria dos demais, a n\u00e3o-domina\u00e7\u00e3o.<\/p>\n","protected":false},"excerpt":{"rendered":"<p>O republicanismo constitui uma doutrina pol\u00edtica, jur\u00eddica e filos\u00f3fica que remonta da Antiguidade at\u00e9 \u00e0 Contemporaneidade e, como consequ\u00eancia inevit\u00e1vel deste percurso, perpassa todos os momentos da hist\u00f3ria da humanidade, envolvendo muitos autores e correntes de pensamento. O t\u00edtulo do livro \u201cRepublicanismo(s)\u201d pretende justamente dar conta do irremedi\u00e1vel car\u00e1ter multifacetado desta trajet\u00f3ria. Da Gr\u00e9cia at\u00e9 [&hellip;]<\/p>\n","protected":false},"featured_media":8239,"comment_status":"open","ping_status":"closed","template":"","meta":{"_joinchat":[]},"product_brand":[],"product_cat":[272,276],"product_tag":[],"class_list":{"0":"post-8240","1":"product","2":"type-product","3":"status-publish","4":"has-post-thumbnail","6":"product_cat-filosofia","7":"product_cat-politica","9":"first","10":"instock","11":"shipping-taxable","12":"purchasable","13":"product-type-simple"},"yoast_head":"<!-- This site is optimized with the Yoast SEO plugin v27.4 - https:\/\/yoast.com\/product\/yoast-seo-wordpress\/ -->\n<title>Republicanismo (s): Uma tradi\u00e7\u00e3o pol\u00edtica multissecular, plural, atual - Pontes Editores<\/title>\n<meta name=\"robots\" content=\"index, follow, max-snippet:-1, max-image-preview:large, max-video-preview:-1\" \/>\n<link rel=\"canonical\" href=\"https:\/\/ponteseditores.com.br\/loja3\/pontes-editores-home-2__trashed\/filosofia\/republicanismo-s-uma-tradicao-politica-multissecular-plural-atual\/\" \/>\n<meta property=\"og:locale\" content=\"pt_BR\" \/>\n<meta property=\"og:type\" content=\"article\" \/>\n<meta property=\"og:title\" content=\"Republicanismo (s): Uma tradi\u00e7\u00e3o pol\u00edtica multissecular, plural, atual - Pontes Editores\" \/>\n<meta property=\"og:description\" content=\"O republicanismo constitui uma doutrina pol\u00edtica, jur\u00eddica e filos\u00f3fica que remonta da Antiguidade at\u00e9 \u00e0 Contemporaneidade e, como consequ\u00eancia inevit\u00e1vel deste percurso, perpassa todos os momentos da hist\u00f3ria da humanidade, envolvendo muitos autores e correntes de pensamento. O t\u00edtulo do livro \u201cRepublicanismo(s)\u201d pretende justamente dar conta do irremedi\u00e1vel car\u00e1ter multifacetado desta trajet\u00f3ria. Da Gr\u00e9cia at\u00e9 [&hellip;]\" \/>\n<meta property=\"og:url\" content=\"https:\/\/ponteseditores.com.br\/loja3\/pontes-editores-home-2__trashed\/filosofia\/republicanismo-s-uma-tradicao-politica-multissecular-plural-atual\/\" \/>\n<meta property=\"og:site_name\" content=\"Pontes Editores\" \/>\n<meta property=\"og:image\" content=\"https:\/\/ponteseditores.com.br\/loja3\/wp-content\/uploads\/2023\/12\/Capa_Republicanos-3.jpg\" \/>\n\t<meta property=\"og:image:width\" content=\"1728\" \/>\n\t<meta property=\"og:image:height\" content=\"2443\" \/>\n\t<meta property=\"og:image:type\" content=\"image\/jpeg\" \/>\n<meta name=\"twitter:card\" content=\"summary_large_image\" \/>\n<meta name=\"twitter:label1\" content=\"Est. tempo de leitura\" \/>\n\t<meta name=\"twitter:data1\" content=\"1 minuto\" \/>\n<script type=\"application\/ld+json\" class=\"yoast-schema-graph\">{\"@context\":\"https:\\\/\\\/schema.org\",\"@graph\":[{\"@type\":\"WebPage\",\"@id\":\"https:\\\/\\\/ponteseditores.com.br\\\/loja3\\\/pontes-editores-home-2__trashed\\\/filosofia\\\/republicanismo-s-uma-tradicao-politica-multissecular-plural-atual\\\/\",\"url\":\"https:\\\/\\\/ponteseditores.com.br\\\/loja3\\\/pontes-editores-home-2__trashed\\\/filosofia\\\/republicanismo-s-uma-tradicao-politica-multissecular-plural-atual\\\/\",\"name\":\"Republicanismo (s): Uma tradi\u00e7\u00e3o pol\u00edtica multissecular, plural, atual - Pontes Editores\",\"isPartOf\":{\"@id\":\"https:\\\/\\\/ponteseditores.com.br\\\/loja3\\\/#website\"},\"primaryImageOfPage\":{\"@id\":\"https:\\\/\\\/ponteseditores.com.br\\\/loja3\\\/pontes-editores-home-2__trashed\\\/filosofia\\\/republicanismo-s-uma-tradicao-politica-multissecular-plural-atual\\\/#primaryimage\"},\"image\":{\"@id\":\"https:\\\/\\\/ponteseditores.com.br\\\/loja3\\\/pontes-editores-home-2__trashed\\\/filosofia\\\/republicanismo-s-uma-tradicao-politica-multissecular-plural-atual\\\/#primaryimage\"},\"thumbnailUrl\":\"https:\\\/\\\/ponteseditores.com.br\\\/loja3\\\/wp-content\\\/uploads\\\/2023\\\/12\\\/Capa_Republicanos-3.jpg\",\"datePublished\":\"2023-12-16T02:19:26+00:00\",\"breadcrumb\":{\"@id\":\"https:\\\/\\\/ponteseditores.com.br\\\/loja3\\\/pontes-editores-home-2__trashed\\\/filosofia\\\/republicanismo-s-uma-tradicao-politica-multissecular-plural-atual\\\/#breadcrumb\"},\"inLanguage\":\"pt-BR\",\"potentialAction\":[{\"@type\":\"ReadAction\",\"target\":[\"https:\\\/\\\/ponteseditores.com.br\\\/loja3\\\/pontes-editores-home-2__trashed\\\/filosofia\\\/republicanismo-s-uma-tradicao-politica-multissecular-plural-atual\\\/\"]}]},{\"@type\":\"ImageObject\",\"inLanguage\":\"pt-BR\",\"@id\":\"https:\\\/\\\/ponteseditores.com.br\\\/loja3\\\/pontes-editores-home-2__trashed\\\/filosofia\\\/republicanismo-s-uma-tradicao-politica-multissecular-plural-atual\\\/#primaryimage\",\"url\":\"https:\\\/\\\/ponteseditores.com.br\\\/loja3\\\/wp-content\\\/uploads\\\/2023\\\/12\\\/Capa_Republicanos-3.jpg\",\"contentUrl\":\"https:\\\/\\\/ponteseditores.com.br\\\/loja3\\\/wp-content\\\/uploads\\\/2023\\\/12\\\/Capa_Republicanos-3.jpg\",\"width\":1728,\"height\":2443},{\"@type\":\"BreadcrumbList\",\"@id\":\"https:\\\/\\\/ponteseditores.com.br\\\/loja3\\\/pontes-editores-home-2__trashed\\\/filosofia\\\/republicanismo-s-uma-tradicao-politica-multissecular-plural-atual\\\/#breadcrumb\",\"itemListElement\":[{\"@type\":\"ListItem\",\"position\":1,\"name\":\"Home\",\"item\":\"https:\\\/\\\/ponteseditores.com.br\\\/loja3\\\/\"},{\"@type\":\"ListItem\",\"position\":2,\"name\":\"loja\",\"item\":\"https:\\\/\\\/ponteseditores.com.br\\\/loja3\\\/loja\\\/\"},{\"@type\":\"ListItem\",\"position\":3,\"name\":\"Republicanismo (s): Uma tradi\u00e7\u00e3o pol\u00edtica multissecular, plural, atual\"}]},{\"@type\":\"WebSite\",\"@id\":\"https:\\\/\\\/ponteseditores.com.br\\\/loja3\\\/#website\",\"url\":\"https:\\\/\\\/ponteseditores.com.br\\\/loja3\\\/\",\"name\":\"Pontes Editores\",\"description\":\"Pontes Editores\",\"publisher\":{\"@id\":\"https:\\\/\\\/ponteseditores.com.br\\\/loja3\\\/#organization\"},\"potentialAction\":[{\"@type\":\"SearchAction\",\"target\":{\"@type\":\"EntryPoint\",\"urlTemplate\":\"https:\\\/\\\/ponteseditores.com.br\\\/loja3\\\/?s={search_term_string}\"},\"query-input\":{\"@type\":\"PropertyValueSpecification\",\"valueRequired\":true,\"valueName\":\"search_term_string\"}}],\"inLanguage\":\"pt-BR\"},{\"@type\":\"Organization\",\"@id\":\"https:\\\/\\\/ponteseditores.com.br\\\/loja3\\\/#organization\",\"name\":\"Pontes Editores\",\"url\":\"https:\\\/\\\/ponteseditores.com.br\\\/loja3\\\/\",\"logo\":{\"@type\":\"ImageObject\",\"inLanguage\":\"pt-BR\",\"@id\":\"https:\\\/\\\/ponteseditores.com.br\\\/loja3\\\/#\\\/schema\\\/logo\\\/image\\\/\",\"url\":\"https:\\\/\\\/ponteseditores.com.br\\\/loja3\\\/wp-content\\\/uploads\\\/2023\\\/12\\\/logo-pontes-editores-v2.png\",\"contentUrl\":\"https:\\\/\\\/ponteseditores.com.br\\\/loja3\\\/wp-content\\\/uploads\\\/2023\\\/12\\\/logo-pontes-editores-v2.png\",\"width\":258,\"height\":100,\"caption\":\"Pontes Editores\"},\"image\":{\"@id\":\"https:\\\/\\\/ponteseditores.com.br\\\/loja3\\\/#\\\/schema\\\/logo\\\/image\\\/\"}}]}<\/script>\n<!-- \/ Yoast SEO plugin. -->","yoast_head_json":{"title":"Republicanismo (s): Uma tradi\u00e7\u00e3o pol\u00edtica multissecular, plural, atual - Pontes Editores","robots":{"index":"index","follow":"follow","max-snippet":"max-snippet:-1","max-image-preview":"max-image-preview:large","max-video-preview":"max-video-preview:-1"},"canonical":"https:\/\/ponteseditores.com.br\/loja3\/pontes-editores-home-2__trashed\/filosofia\/republicanismo-s-uma-tradicao-politica-multissecular-plural-atual\/","og_locale":"pt_BR","og_type":"article","og_title":"Republicanismo (s): Uma tradi\u00e7\u00e3o pol\u00edtica multissecular, plural, atual - Pontes Editores","og_description":"O republicanismo constitui uma doutrina pol\u00edtica, jur\u00eddica e filos\u00f3fica que remonta da Antiguidade at\u00e9 \u00e0 Contemporaneidade e, como consequ\u00eancia inevit\u00e1vel deste percurso, perpassa todos os momentos da hist\u00f3ria da humanidade, envolvendo muitos autores e correntes de pensamento. O t\u00edtulo do livro \u201cRepublicanismo(s)\u201d pretende justamente dar conta do irremedi\u00e1vel car\u00e1ter multifacetado desta trajet\u00f3ria. Da Gr\u00e9cia at\u00e9 [&hellip;]","og_url":"https:\/\/ponteseditores.com.br\/loja3\/pontes-editores-home-2__trashed\/filosofia\/republicanismo-s-uma-tradicao-politica-multissecular-plural-atual\/","og_site_name":"Pontes Editores","og_image":[{"width":1728,"height":2443,"url":"https:\/\/ponteseditores.com.br\/loja3\/wp-content\/uploads\/2023\/12\/Capa_Republicanos-3.jpg","type":"image\/jpeg"}],"twitter_card":"summary_large_image","twitter_misc":{"Est. tempo de leitura":"1 minuto"},"schema":{"@context":"https:\/\/schema.org","@graph":[{"@type":"WebPage","@id":"https:\/\/ponteseditores.com.br\/loja3\/pontes-editores-home-2__trashed\/filosofia\/republicanismo-s-uma-tradicao-politica-multissecular-plural-atual\/","url":"https:\/\/ponteseditores.com.br\/loja3\/pontes-editores-home-2__trashed\/filosofia\/republicanismo-s-uma-tradicao-politica-multissecular-plural-atual\/","name":"Republicanismo (s): Uma tradi\u00e7\u00e3o pol\u00edtica multissecular, plural, atual - Pontes Editores","isPartOf":{"@id":"https:\/\/ponteseditores.com.br\/loja3\/#website"},"primaryImageOfPage":{"@id":"https:\/\/ponteseditores.com.br\/loja3\/pontes-editores-home-2__trashed\/filosofia\/republicanismo-s-uma-tradicao-politica-multissecular-plural-atual\/#primaryimage"},"image":{"@id":"https:\/\/ponteseditores.com.br\/loja3\/pontes-editores-home-2__trashed\/filosofia\/republicanismo-s-uma-tradicao-politica-multissecular-plural-atual\/#primaryimage"},"thumbnailUrl":"https:\/\/ponteseditores.com.br\/loja3\/wp-content\/uploads\/2023\/12\/Capa_Republicanos-3.jpg","datePublished":"2023-12-16T02:19:26+00:00","breadcrumb":{"@id":"https:\/\/ponteseditores.com.br\/loja3\/pontes-editores-home-2__trashed\/filosofia\/republicanismo-s-uma-tradicao-politica-multissecular-plural-atual\/#breadcrumb"},"inLanguage":"pt-BR","potentialAction":[{"@type":"ReadAction","target":["https:\/\/ponteseditores.com.br\/loja3\/pontes-editores-home-2__trashed\/filosofia\/republicanismo-s-uma-tradicao-politica-multissecular-plural-atual\/"]}]},{"@type":"ImageObject","inLanguage":"pt-BR","@id":"https:\/\/ponteseditores.com.br\/loja3\/pontes-editores-home-2__trashed\/filosofia\/republicanismo-s-uma-tradicao-politica-multissecular-plural-atual\/#primaryimage","url":"https:\/\/ponteseditores.com.br\/loja3\/wp-content\/uploads\/2023\/12\/Capa_Republicanos-3.jpg","contentUrl":"https:\/\/ponteseditores.com.br\/loja3\/wp-content\/uploads\/2023\/12\/Capa_Republicanos-3.jpg","width":1728,"height":2443},{"@type":"BreadcrumbList","@id":"https:\/\/ponteseditores.com.br\/loja3\/pontes-editores-home-2__trashed\/filosofia\/republicanismo-s-uma-tradicao-politica-multissecular-plural-atual\/#breadcrumb","itemListElement":[{"@type":"ListItem","position":1,"name":"Home","item":"https:\/\/ponteseditores.com.br\/loja3\/"},{"@type":"ListItem","position":2,"name":"loja","item":"https:\/\/ponteseditores.com.br\/loja3\/loja\/"},{"@type":"ListItem","position":3,"name":"Republicanismo (s): Uma tradi\u00e7\u00e3o pol\u00edtica multissecular, plural, atual"}]},{"@type":"WebSite","@id":"https:\/\/ponteseditores.com.br\/loja3\/#website","url":"https:\/\/ponteseditores.com.br\/loja3\/","name":"Pontes Editores","description":"Pontes Editores","publisher":{"@id":"https:\/\/ponteseditores.com.br\/loja3\/#organization"},"potentialAction":[{"@type":"SearchAction","target":{"@type":"EntryPoint","urlTemplate":"https:\/\/ponteseditores.com.br\/loja3\/?s={search_term_string}"},"query-input":{"@type":"PropertyValueSpecification","valueRequired":true,"valueName":"search_term_string"}}],"inLanguage":"pt-BR"},{"@type":"Organization","@id":"https:\/\/ponteseditores.com.br\/loja3\/#organization","name":"Pontes Editores","url":"https:\/\/ponteseditores.com.br\/loja3\/","logo":{"@type":"ImageObject","inLanguage":"pt-BR","@id":"https:\/\/ponteseditores.com.br\/loja3\/#\/schema\/logo\/image\/","url":"https:\/\/ponteseditores.com.br\/loja3\/wp-content\/uploads\/2023\/12\/logo-pontes-editores-v2.png","contentUrl":"https:\/\/ponteseditores.com.br\/loja3\/wp-content\/uploads\/2023\/12\/logo-pontes-editores-v2.png","width":258,"height":100,"caption":"Pontes Editores"},"image":{"@id":"https:\/\/ponteseditores.com.br\/loja3\/#\/schema\/logo\/image\/"}}]}},"_links":{"self":[{"href":"https:\/\/ponteseditores.com.br\/loja3\/wp-json\/wp\/v2\/product\/8240","targetHints":{"allow":["GET"]}}],"collection":[{"href":"https:\/\/ponteseditores.com.br\/loja3\/wp-json\/wp\/v2\/product"}],"about":[{"href":"https:\/\/ponteseditores.com.br\/loja3\/wp-json\/wp\/v2\/types\/product"}],"replies":[{"embeddable":true,"href":"https:\/\/ponteseditores.com.br\/loja3\/wp-json\/wp\/v2\/comments?post=8240"}],"version-history":[{"count":0,"href":"https:\/\/ponteseditores.com.br\/loja3\/wp-json\/wp\/v2\/product\/8240\/revisions"}],"wp:featuredmedia":[{"embeddable":true,"href":"https:\/\/ponteseditores.com.br\/loja3\/wp-json\/wp\/v2\/media\/8239"}],"wp:attachment":[{"href":"https:\/\/ponteseditores.com.br\/loja3\/wp-json\/wp\/v2\/media?parent=8240"}],"wp:term":[{"taxonomy":"product_brand","embeddable":true,"href":"https:\/\/ponteseditores.com.br\/loja3\/wp-json\/wp\/v2\/product_brand?post=8240"},{"taxonomy":"product_cat","embeddable":true,"href":"https:\/\/ponteseditores.com.br\/loja3\/wp-json\/wp\/v2\/product_cat?post=8240"},{"taxonomy":"product_tag","embeddable":true,"href":"https:\/\/ponteseditores.com.br\/loja3\/wp-json\/wp\/v2\/product_tag?post=8240"}],"curies":[{"name":"wp","href":"https:\/\/api.w.org\/{rel}","templated":true}]}}