{"id":8238,"date":"2023-12-15T23:18:52","date_gmt":"2023-12-16T02:18:52","guid":{"rendered":"https:\/\/ponteseditores.com.br\/loja3\/pontes-editores-home-2__trashed\/sem categoria\/autoria-criativa-por-uma-pedagogia-da-escrita-criativa\/"},"modified":"2026-04-16T05:36:20","modified_gmt":"2026-04-16T08:36:20","slug":"autoria-criativa-por-uma-pedagogia-da-escrita-criativa","status":"publish","type":"product","link":"https:\/\/ponteseditores.com.br\/loja3\/pontes-editores-home-2__trashed\/literatura-brasileira\/autoria-criativa-por-uma-pedagogia-da-escrita-criativa\/","title":{"rendered":"Autoria Criativa: por uma pedagogia da escrita criativa"},"content":{"rendered":"<p>Este livro trata da escrita e da autoria. Mas trata, sobretudo, do desbloqueio do processo criativo de produ\u00e7\u00e3o textual atrav\u00e9s da instrumentaliza\u00e7\u00e3o de estrat\u00e9gias composicionais, vistas nas oficinas. Abordamos t\u00e9cnicas conhecidas pelos\/as estudiosos\/as da escrita criativa e nos lan\u00e7amos na nossa pr\u00f3pria pr\u00e1tica metodol\u00f3gica autoral. Propomos, a cada cap\u00edtulo, alguns movimentos de escrita que fogem da escrita acad\u00eamica canonizada. Nossos desvios s\u00e3o conscientes e s\u00e3o fruto de nossas trajet\u00f3rias cr\u00edticas, engajadas com a descoloniza\u00e7\u00e3o das ontologias, das epistemologias e das metodologias reproduzidas ano ap\u00f3s ano escolar. Nossa pedagogia da escrita est\u00e1 em constru\u00e7\u00e3o e assim permanecer\u00e1, porque bebe nas dinamicidades das viv\u00eancias, ou, para ecoarmos Concei\u00e7\u00e3o Evaristo, das nossas \u2018escreviv\u00eancias\u2019. \u00c9 com o p\u00e9 no ch\u00e3o da vida em comunidades de aprendizado, assim como nos ensinou bell hooks (2013) que produzimos nossas ecologias de saberes, de poderes e de modos de existir e de reexistir no mundo.<\/p>\n","protected":false},"excerpt":{"rendered":"<p>Este livro trata da escrita e da autoria. Mas trata, sobretudo, do desbloqueio do processo criativo de produ\u00e7\u00e3o textual atrav\u00e9s da instrumentaliza\u00e7\u00e3o de estrat\u00e9gias composicionais, vistas nas oficinas. Abordamos t\u00e9cnicas conhecidas pelos\/as estudiosos\/as da escrita criativa e nos lan\u00e7amos na nossa pr\u00f3pria pr\u00e1tica metodol\u00f3gica autoral. Propomos, a cada cap\u00edtulo, alguns movimentos de escrita que fogem [&hellip;]<\/p>\n","protected":false},"featured_media":8237,"comment_status":"open","ping_status":"closed","template":"","meta":{"_joinchat":[]},"product_brand":[],"product_cat":[86,293],"product_tag":[],"class_list":{"0":"post-8238","1":"product","2":"type-product","3":"status-publish","4":"has-post-thumbnail","6":"product_cat-literatura-brasileira","7":"product_cat-meios-auxiliares-do-ensino","9":"first","10":"instock","11":"shipping-taxable","12":"purchasable","13":"product-type-simple"},"yoast_head":"<!-- This site is optimized with the Yoast SEO plugin v27.4 - https:\/\/yoast.com\/product\/yoast-seo-wordpress\/ -->\n<title>Autoria Criativa: por uma pedagogia da escrita criativa - Pontes Editores<\/title>\n<meta name=\"robots\" content=\"index, follow, max-snippet:-1, max-image-preview:large, max-video-preview:-1\" \/>\n<link rel=\"canonical\" href=\"https:\/\/ponteseditores.com.br\/loja3\/pontes-editores-home-2__trashed\/literatura-brasileira\/autoria-criativa-por-uma-pedagogia-da-escrita-criativa\/\" \/>\n<meta property=\"og:locale\" content=\"pt_BR\" \/>\n<meta property=\"og:type\" content=\"article\" \/>\n<meta property=\"og:title\" content=\"Autoria Criativa: por uma pedagogia da escrita criativa - Pontes Editores\" \/>\n<meta property=\"og:description\" content=\"Este livro trata da escrita e da autoria. Mas trata, sobretudo, do desbloqueio do processo criativo de produ\u00e7\u00e3o textual atrav\u00e9s da instrumentaliza\u00e7\u00e3o de estrat\u00e9gias composicionais, vistas nas oficinas. Abordamos t\u00e9cnicas conhecidas pelos\/as estudiosos\/as da escrita criativa e nos lan\u00e7amos na nossa pr\u00f3pria pr\u00e1tica metodol\u00f3gica autoral. Propomos, a cada cap\u00edtulo, alguns movimentos de escrita que fogem [&hellip;]\" \/>\n<meta property=\"og:url\" content=\"https:\/\/ponteseditores.com.br\/loja3\/pontes-editores-home-2__trashed\/literatura-brasileira\/autoria-criativa-por-uma-pedagogia-da-escrita-criativa\/\" \/>\n<meta property=\"og:site_name\" content=\"Pontes Editores\" \/>\n<meta property=\"article:modified_time\" content=\"2026-04-16T08:36:20+00:00\" \/>\n<meta property=\"og:image\" content=\"https:\/\/ponteseditores.com.br\/loja3\/wp-content\/uploads\/2023\/12\/Capa_Autoria-3.jpg\" \/>\n\t<meta property=\"og:image:width\" content=\"1728\" \/>\n\t<meta property=\"og:image:height\" content=\"2443\" \/>\n\t<meta property=\"og:image:type\" content=\"image\/jpeg\" \/>\n<meta name=\"twitter:card\" content=\"summary_large_image\" \/>\n<meta name=\"twitter:label1\" content=\"Est. tempo de leitura\" \/>\n\t<meta name=\"twitter:data1\" content=\"1 minuto\" \/>\n<script type=\"application\/ld+json\" class=\"yoast-schema-graph\">{\"@context\":\"https:\\\/\\\/schema.org\",\"@graph\":[{\"@type\":\"WebPage\",\"@id\":\"https:\\\/\\\/ponteseditores.com.br\\\/loja3\\\/pontes-editores-home-2__trashed\\\/literatura-brasileira\\\/autoria-criativa-por-uma-pedagogia-da-escrita-criativa\\\/\",\"url\":\"https:\\\/\\\/ponteseditores.com.br\\\/loja3\\\/pontes-editores-home-2__trashed\\\/literatura-brasileira\\\/autoria-criativa-por-uma-pedagogia-da-escrita-criativa\\\/\",\"name\":\"Autoria Criativa: por uma pedagogia da escrita criativa - Pontes Editores\",\"isPartOf\":{\"@id\":\"https:\\\/\\\/ponteseditores.com.br\\\/loja3\\\/#website\"},\"primaryImageOfPage\":{\"@id\":\"https:\\\/\\\/ponteseditores.com.br\\\/loja3\\\/pontes-editores-home-2__trashed\\\/literatura-brasileira\\\/autoria-criativa-por-uma-pedagogia-da-escrita-criativa\\\/#primaryimage\"},\"image\":{\"@id\":\"https:\\\/\\\/ponteseditores.com.br\\\/loja3\\\/pontes-editores-home-2__trashed\\\/literatura-brasileira\\\/autoria-criativa-por-uma-pedagogia-da-escrita-criativa\\\/#primaryimage\"},\"thumbnailUrl\":\"https:\\\/\\\/ponteseditores.com.br\\\/loja3\\\/wp-content\\\/uploads\\\/2023\\\/12\\\/Capa_Autoria-3.jpg\",\"datePublished\":\"2023-12-16T02:18:52+00:00\",\"dateModified\":\"2026-04-16T08:36:20+00:00\",\"breadcrumb\":{\"@id\":\"https:\\\/\\\/ponteseditores.com.br\\\/loja3\\\/pontes-editores-home-2__trashed\\\/literatura-brasileira\\\/autoria-criativa-por-uma-pedagogia-da-escrita-criativa\\\/#breadcrumb\"},\"inLanguage\":\"pt-BR\",\"potentialAction\":[{\"@type\":\"ReadAction\",\"target\":[\"https:\\\/\\\/ponteseditores.com.br\\\/loja3\\\/pontes-editores-home-2__trashed\\\/literatura-brasileira\\\/autoria-criativa-por-uma-pedagogia-da-escrita-criativa\\\/\"]}]},{\"@type\":\"ImageObject\",\"inLanguage\":\"pt-BR\",\"@id\":\"https:\\\/\\\/ponteseditores.com.br\\\/loja3\\\/pontes-editores-home-2__trashed\\\/literatura-brasileira\\\/autoria-criativa-por-uma-pedagogia-da-escrita-criativa\\\/#primaryimage\",\"url\":\"https:\\\/\\\/ponteseditores.com.br\\\/loja3\\\/wp-content\\\/uploads\\\/2023\\\/12\\\/Capa_Autoria-3.jpg\",\"contentUrl\":\"https:\\\/\\\/ponteseditores.com.br\\\/loja3\\\/wp-content\\\/uploads\\\/2023\\\/12\\\/Capa_Autoria-3.jpg\",\"width\":1728,\"height\":2443},{\"@type\":\"BreadcrumbList\",\"@id\":\"https:\\\/\\\/ponteseditores.com.br\\\/loja3\\\/pontes-editores-home-2__trashed\\\/literatura-brasileira\\\/autoria-criativa-por-uma-pedagogia-da-escrita-criativa\\\/#breadcrumb\",\"itemListElement\":[{\"@type\":\"ListItem\",\"position\":1,\"name\":\"Home\",\"item\":\"https:\\\/\\\/ponteseditores.com.br\\\/loja3\\\/\"},{\"@type\":\"ListItem\",\"position\":2,\"name\":\"loja\",\"item\":\"https:\\\/\\\/ponteseditores.com.br\\\/loja3\\\/loja\\\/\"},{\"@type\":\"ListItem\",\"position\":3,\"name\":\"Autoria Criativa: por uma pedagogia da escrita criativa\"}]},{\"@type\":\"WebSite\",\"@id\":\"https:\\\/\\\/ponteseditores.com.br\\\/loja3\\\/#website\",\"url\":\"https:\\\/\\\/ponteseditores.com.br\\\/loja3\\\/\",\"name\":\"Pontes Editores\",\"description\":\"Pontes Editores\",\"publisher\":{\"@id\":\"https:\\\/\\\/ponteseditores.com.br\\\/loja3\\\/#organization\"},\"potentialAction\":[{\"@type\":\"SearchAction\",\"target\":{\"@type\":\"EntryPoint\",\"urlTemplate\":\"https:\\\/\\\/ponteseditores.com.br\\\/loja3\\\/?s={search_term_string}\"},\"query-input\":{\"@type\":\"PropertyValueSpecification\",\"valueRequired\":true,\"valueName\":\"search_term_string\"}}],\"inLanguage\":\"pt-BR\"},{\"@type\":\"Organization\",\"@id\":\"https:\\\/\\\/ponteseditores.com.br\\\/loja3\\\/#organization\",\"name\":\"Pontes Editores\",\"url\":\"https:\\\/\\\/ponteseditores.com.br\\\/loja3\\\/\",\"logo\":{\"@type\":\"ImageObject\",\"inLanguage\":\"pt-BR\",\"@id\":\"https:\\\/\\\/ponteseditores.com.br\\\/loja3\\\/#\\\/schema\\\/logo\\\/image\\\/\",\"url\":\"https:\\\/\\\/ponteseditores.com.br\\\/loja3\\\/wp-content\\\/uploads\\\/2023\\\/12\\\/logo-pontes-editores-v2.png\",\"contentUrl\":\"https:\\\/\\\/ponteseditores.com.br\\\/loja3\\\/wp-content\\\/uploads\\\/2023\\\/12\\\/logo-pontes-editores-v2.png\",\"width\":258,\"height\":100,\"caption\":\"Pontes Editores\"},\"image\":{\"@id\":\"https:\\\/\\\/ponteseditores.com.br\\\/loja3\\\/#\\\/schema\\\/logo\\\/image\\\/\"}}]}<\/script>\n<!-- \/ Yoast SEO plugin. -->","yoast_head_json":{"title":"Autoria Criativa: por uma pedagogia da escrita criativa - Pontes Editores","robots":{"index":"index","follow":"follow","max-snippet":"max-snippet:-1","max-image-preview":"max-image-preview:large","max-video-preview":"max-video-preview:-1"},"canonical":"https:\/\/ponteseditores.com.br\/loja3\/pontes-editores-home-2__trashed\/literatura-brasileira\/autoria-criativa-por-uma-pedagogia-da-escrita-criativa\/","og_locale":"pt_BR","og_type":"article","og_title":"Autoria Criativa: por uma pedagogia da escrita criativa - Pontes Editores","og_description":"Este livro trata da escrita e da autoria. Mas trata, sobretudo, do desbloqueio do processo criativo de produ\u00e7\u00e3o textual atrav\u00e9s da instrumentaliza\u00e7\u00e3o de estrat\u00e9gias composicionais, vistas nas oficinas. Abordamos t\u00e9cnicas conhecidas pelos\/as estudiosos\/as da escrita criativa e nos lan\u00e7amos na nossa pr\u00f3pria pr\u00e1tica metodol\u00f3gica autoral. Propomos, a cada cap\u00edtulo, alguns movimentos de escrita que fogem [&hellip;]","og_url":"https:\/\/ponteseditores.com.br\/loja3\/pontes-editores-home-2__trashed\/literatura-brasileira\/autoria-criativa-por-uma-pedagogia-da-escrita-criativa\/","og_site_name":"Pontes Editores","article_modified_time":"2026-04-16T08:36:20+00:00","og_image":[{"width":1728,"height":2443,"url":"https:\/\/ponteseditores.com.br\/loja3\/wp-content\/uploads\/2023\/12\/Capa_Autoria-3.jpg","type":"image\/jpeg"}],"twitter_card":"summary_large_image","twitter_misc":{"Est. tempo de leitura":"1 minuto"},"schema":{"@context":"https:\/\/schema.org","@graph":[{"@type":"WebPage","@id":"https:\/\/ponteseditores.com.br\/loja3\/pontes-editores-home-2__trashed\/literatura-brasileira\/autoria-criativa-por-uma-pedagogia-da-escrita-criativa\/","url":"https:\/\/ponteseditores.com.br\/loja3\/pontes-editores-home-2__trashed\/literatura-brasileira\/autoria-criativa-por-uma-pedagogia-da-escrita-criativa\/","name":"Autoria Criativa: por uma pedagogia da escrita criativa - Pontes Editores","isPartOf":{"@id":"https:\/\/ponteseditores.com.br\/loja3\/#website"},"primaryImageOfPage":{"@id":"https:\/\/ponteseditores.com.br\/loja3\/pontes-editores-home-2__trashed\/literatura-brasileira\/autoria-criativa-por-uma-pedagogia-da-escrita-criativa\/#primaryimage"},"image":{"@id":"https:\/\/ponteseditores.com.br\/loja3\/pontes-editores-home-2__trashed\/literatura-brasileira\/autoria-criativa-por-uma-pedagogia-da-escrita-criativa\/#primaryimage"},"thumbnailUrl":"https:\/\/ponteseditores.com.br\/loja3\/wp-content\/uploads\/2023\/12\/Capa_Autoria-3.jpg","datePublished":"2023-12-16T02:18:52+00:00","dateModified":"2026-04-16T08:36:20+00:00","breadcrumb":{"@id":"https:\/\/ponteseditores.com.br\/loja3\/pontes-editores-home-2__trashed\/literatura-brasileira\/autoria-criativa-por-uma-pedagogia-da-escrita-criativa\/#breadcrumb"},"inLanguage":"pt-BR","potentialAction":[{"@type":"ReadAction","target":["https:\/\/ponteseditores.com.br\/loja3\/pontes-editores-home-2__trashed\/literatura-brasileira\/autoria-criativa-por-uma-pedagogia-da-escrita-criativa\/"]}]},{"@type":"ImageObject","inLanguage":"pt-BR","@id":"https:\/\/ponteseditores.com.br\/loja3\/pontes-editores-home-2__trashed\/literatura-brasileira\/autoria-criativa-por-uma-pedagogia-da-escrita-criativa\/#primaryimage","url":"https:\/\/ponteseditores.com.br\/loja3\/wp-content\/uploads\/2023\/12\/Capa_Autoria-3.jpg","contentUrl":"https:\/\/ponteseditores.com.br\/loja3\/wp-content\/uploads\/2023\/12\/Capa_Autoria-3.jpg","width":1728,"height":2443},{"@type":"BreadcrumbList","@id":"https:\/\/ponteseditores.com.br\/loja3\/pontes-editores-home-2__trashed\/literatura-brasileira\/autoria-criativa-por-uma-pedagogia-da-escrita-criativa\/#breadcrumb","itemListElement":[{"@type":"ListItem","position":1,"name":"Home","item":"https:\/\/ponteseditores.com.br\/loja3\/"},{"@type":"ListItem","position":2,"name":"loja","item":"https:\/\/ponteseditores.com.br\/loja3\/loja\/"},{"@type":"ListItem","position":3,"name":"Autoria Criativa: por uma pedagogia da escrita criativa"}]},{"@type":"WebSite","@id":"https:\/\/ponteseditores.com.br\/loja3\/#website","url":"https:\/\/ponteseditores.com.br\/loja3\/","name":"Pontes Editores","description":"Pontes Editores","publisher":{"@id":"https:\/\/ponteseditores.com.br\/loja3\/#organization"},"potentialAction":[{"@type":"SearchAction","target":{"@type":"EntryPoint","urlTemplate":"https:\/\/ponteseditores.com.br\/loja3\/?s={search_term_string}"},"query-input":{"@type":"PropertyValueSpecification","valueRequired":true,"valueName":"search_term_string"}}],"inLanguage":"pt-BR"},{"@type":"Organization","@id":"https:\/\/ponteseditores.com.br\/loja3\/#organization","name":"Pontes Editores","url":"https:\/\/ponteseditores.com.br\/loja3\/","logo":{"@type":"ImageObject","inLanguage":"pt-BR","@id":"https:\/\/ponteseditores.com.br\/loja3\/#\/schema\/logo\/image\/","url":"https:\/\/ponteseditores.com.br\/loja3\/wp-content\/uploads\/2023\/12\/logo-pontes-editores-v2.png","contentUrl":"https:\/\/ponteseditores.com.br\/loja3\/wp-content\/uploads\/2023\/12\/logo-pontes-editores-v2.png","width":258,"height":100,"caption":"Pontes Editores"},"image":{"@id":"https:\/\/ponteseditores.com.br\/loja3\/#\/schema\/logo\/image\/"}}]}},"_links":{"self":[{"href":"https:\/\/ponteseditores.com.br\/loja3\/wp-json\/wp\/v2\/product\/8238","targetHints":{"allow":["GET"]}}],"collection":[{"href":"https:\/\/ponteseditores.com.br\/loja3\/wp-json\/wp\/v2\/product"}],"about":[{"href":"https:\/\/ponteseditores.com.br\/loja3\/wp-json\/wp\/v2\/types\/product"}],"replies":[{"embeddable":true,"href":"https:\/\/ponteseditores.com.br\/loja3\/wp-json\/wp\/v2\/comments?post=8238"}],"version-history":[{"count":0,"href":"https:\/\/ponteseditores.com.br\/loja3\/wp-json\/wp\/v2\/product\/8238\/revisions"}],"wp:featuredmedia":[{"embeddable":true,"href":"https:\/\/ponteseditores.com.br\/loja3\/wp-json\/wp\/v2\/media\/8237"}],"wp:attachment":[{"href":"https:\/\/ponteseditores.com.br\/loja3\/wp-json\/wp\/v2\/media?parent=8238"}],"wp:term":[{"taxonomy":"product_brand","embeddable":true,"href":"https:\/\/ponteseditores.com.br\/loja3\/wp-json\/wp\/v2\/product_brand?post=8238"},{"taxonomy":"product_cat","embeddable":true,"href":"https:\/\/ponteseditores.com.br\/loja3\/wp-json\/wp\/v2\/product_cat?post=8238"},{"taxonomy":"product_tag","embeddable":true,"href":"https:\/\/ponteseditores.com.br\/loja3\/wp-json\/wp\/v2\/product_tag?post=8238"}],"curies":[{"name":"wp","href":"https:\/\/api.w.org\/{rel}","templated":true}]}}