{"id":8232,"date":"2023-12-15T23:17:13","date_gmt":"2023-12-16T02:17:13","guid":{"rendered":"https:\/\/ponteseditores.com.br\/loja3\/pontes-editores-home-2__trashed\/sem categoria\/a-mulher-das-letras-cultura-memoria-e-identidade-la-mujer-de-letras-cultura-memoria-e-identidade\/"},"modified":"2024-09-11T16:09:53","modified_gmt":"2024-09-11T19:09:53","slug":"a-mulher-das-letras-cultura-memoria-e-identidade-la-mujer-de-letras-cultura-memoria-e-identidade","status":"publish","type":"product","link":"https:\/\/ponteseditores.com.br\/loja3\/pontes-editores-home-2__trashed\/linguistica\/a-mulher-das-letras-cultura-memoria-e-identidade-la-mujer-de-letras-cultura-memoria-e-identidade\/","title":{"rendered":"A Mulher das Letras: cultura, mem\u00f3ria e identidade \/ La Mujer de Letras: cultura, memoria e identidade"},"content":{"rendered":"<p>A obra re\u00fane onze cap\u00edtulos de autoria distinta, o que n\u00e3o impede sua unidade, garantida por duas propriedades: em primeiro lugar, s\u00e3o mulheres tanto as autoras dos estudos, quanto o assunto em an\u00e1lise; em segundo, anima-as um prop\u00f3sito comum: conferir visibilidade a autoras nem sempre suficientemente renomadas ou a temas raramente associados \u00e0 literatura feminina. Assegurada essa converg\u00eancia, o livro se abre como um leque em que cada haste corresponde a uma quest\u00e3o pr\u00f3pria e relevante. A primeira haste diz respeito \u00e0 proced\u00eancia das ensa\u00edstas, que, trabalhando no Brasil e no Exterior, oferecem um mapa da leitura feminista no Ocidente. Como que contrapondo a vis\u00e3o de Harold Bloom, parecem sugerir um outro c\u00e2none, porque seu olhar prov\u00e9m de locais variados, tornando mais pluralista e democr\u00e1tica a perspectiva de onde abordam obras que exemplificam a criatividade de mulheres autoras. \u00c9 esse o primeiro passo para que o \u201ccora\u00e7\u00e3o de feministas\u201d possa se transformar em uma voz cr\u00edtica, una no que diz respeito \u00e0 dedica\u00e7\u00e3o a uma atividade, mas m\u00faltipla na distribui\u00e7\u00e3o de seu exerc\u00edcio intelectual.<\/p>\n<p>Regina Zilberman<\/p>\n<p>El presente volumen recopila una serie de ensayos que se centran en el estudio de textos de escritoras desde una \u00f3ptica intercultural e internacional. Los diferentes an\u00e1lisis que lo componen despliegan ante quien lee la pluralidad del fen\u00f3meno literario: diferentes autoras, que a su vez representan diferentes g\u00e9neros literarios, latitudes geogr\u00e1ficas y realidades culturales, desde Am\u00e9rica Latina: Colombia, Brasil, Argentina, M\u00e9xico, hasta Argelia, Mozambique y la India, pasando por Espa\u00f1a y Francia. Se trata de una visi\u00f3n alejada del reduccionismo de las instituciones culturales vigentes y de la cr\u00edtica literaria y los manuales de did\u00e1ctica de la literatura.  M\u00e1s concretamente, reconoce la variedad de experiencias sociales y simb\u00f3licas de las mujeres, a trav\u00e9s de las cuales las escritoras construyen y renegocian sus identidades, creando  personajes femeninos que se muestran cuerpos indisciplinados o cuerpos sacrificados que desestabilizan el orden y el poder establecido.<\/p>\n<p>Mercedes Arriaga Fl\u00f3rez<\/p>\n","protected":false},"excerpt":{"rendered":"<p>A obra re\u00fane onze cap\u00edtulos de autoria distinta, o que n\u00e3o impede sua unidade, garantida por duas propriedades: em primeiro lugar, s\u00e3o mulheres tanto as autoras dos estudos, quanto o assunto em an\u00e1lise; em segundo, anima-as um prop\u00f3sito comum: conferir visibilidade a autoras nem sempre suficientemente renomadas ou a temas raramente associados \u00e0 literatura feminina. [&hellip;]<\/p>\n","protected":false},"featured_media":8231,"comment_status":"open","ping_status":"closed","template":"","meta":{"_joinchat":[]},"product_brand":[],"product_cat":[297,31],"product_tag":[],"class_list":{"0":"post-8232","1":"product","2":"type-product","3":"status-publish","4":"has-post-thumbnail","6":"product_cat-critica-literaria","7":"product_cat-linguistica","9":"first","10":"instock","11":"shipping-taxable","12":"purchasable","13":"product-type-simple"},"yoast_head":"<!-- This site is optimized with the Yoast SEO plugin v27.4 - https:\/\/yoast.com\/product\/yoast-seo-wordpress\/ -->\n<title>A Mulher das Letras: cultura, mem\u00f3ria e identidade \/ La Mujer de Letras: cultura, memoria e identidade - Pontes Editores<\/title>\n<meta name=\"robots\" content=\"index, follow, max-snippet:-1, max-image-preview:large, max-video-preview:-1\" \/>\n<link rel=\"canonical\" href=\"https:\/\/ponteseditores.com.br\/loja3\/pontes-editores-home-2__trashed\/linguistica\/a-mulher-das-letras-cultura-memoria-e-identidade-la-mujer-de-letras-cultura-memoria-e-identidade\/\" \/>\n<meta property=\"og:locale\" content=\"pt_BR\" \/>\n<meta property=\"og:type\" content=\"article\" \/>\n<meta property=\"og:title\" content=\"A Mulher das Letras: cultura, mem\u00f3ria e identidade \/ La Mujer de Letras: cultura, memoria e identidade - Pontes Editores\" \/>\n<meta property=\"og:description\" content=\"A obra re\u00fane onze cap\u00edtulos de autoria distinta, o que n\u00e3o impede sua unidade, garantida por duas propriedades: em primeiro lugar, s\u00e3o mulheres tanto as autoras dos estudos, quanto o assunto em an\u00e1lise; em segundo, anima-as um prop\u00f3sito comum: conferir visibilidade a autoras nem sempre suficientemente renomadas ou a temas raramente associados \u00e0 literatura feminina. [&hellip;]\" \/>\n<meta property=\"og:url\" content=\"https:\/\/ponteseditores.com.br\/loja3\/pontes-editores-home-2__trashed\/linguistica\/a-mulher-das-letras-cultura-memoria-e-identidade-la-mujer-de-letras-cultura-memoria-e-identidade\/\" \/>\n<meta property=\"og:site_name\" content=\"Pontes Editores\" \/>\n<meta property=\"article:modified_time\" content=\"2024-09-11T19:09:53+00:00\" \/>\n<meta property=\"og:image\" content=\"https:\/\/ponteseditores.com.br\/loja3\/wp-content\/uploads\/2023\/12\/Capa_Mulher_de_Letras-3.jpg\" \/>\n\t<meta property=\"og:image:width\" content=\"1728\" \/>\n\t<meta property=\"og:image:height\" content=\"2443\" \/>\n\t<meta property=\"og:image:type\" content=\"image\/jpeg\" \/>\n<meta name=\"twitter:card\" content=\"summary_large_image\" \/>\n<meta name=\"twitter:label1\" content=\"Est. tempo de leitura\" \/>\n\t<meta name=\"twitter:data1\" content=\"2 minutos\" \/>\n<script type=\"application\/ld+json\" class=\"yoast-schema-graph\">{\"@context\":\"https:\\\/\\\/schema.org\",\"@graph\":[{\"@type\":\"WebPage\",\"@id\":\"https:\\\/\\\/ponteseditores.com.br\\\/loja3\\\/pontes-editores-home-2__trashed\\\/linguistica\\\/a-mulher-das-letras-cultura-memoria-e-identidade-la-mujer-de-letras-cultura-memoria-e-identidade\\\/\",\"url\":\"https:\\\/\\\/ponteseditores.com.br\\\/loja3\\\/pontes-editores-home-2__trashed\\\/linguistica\\\/a-mulher-das-letras-cultura-memoria-e-identidade-la-mujer-de-letras-cultura-memoria-e-identidade\\\/\",\"name\":\"A Mulher das Letras: cultura, mem\u00f3ria e identidade \\\/ La Mujer de Letras: cultura, memoria e identidade - Pontes Editores\",\"isPartOf\":{\"@id\":\"https:\\\/\\\/ponteseditores.com.br\\\/loja3\\\/#website\"},\"primaryImageOfPage\":{\"@id\":\"https:\\\/\\\/ponteseditores.com.br\\\/loja3\\\/pontes-editores-home-2__trashed\\\/linguistica\\\/a-mulher-das-letras-cultura-memoria-e-identidade-la-mujer-de-letras-cultura-memoria-e-identidade\\\/#primaryimage\"},\"image\":{\"@id\":\"https:\\\/\\\/ponteseditores.com.br\\\/loja3\\\/pontes-editores-home-2__trashed\\\/linguistica\\\/a-mulher-das-letras-cultura-memoria-e-identidade-la-mujer-de-letras-cultura-memoria-e-identidade\\\/#primaryimage\"},\"thumbnailUrl\":\"https:\\\/\\\/ponteseditores.com.br\\\/loja3\\\/wp-content\\\/uploads\\\/2023\\\/12\\\/Capa_Mulher_de_Letras-3.jpg\",\"datePublished\":\"2023-12-16T02:17:13+00:00\",\"dateModified\":\"2024-09-11T19:09:53+00:00\",\"breadcrumb\":{\"@id\":\"https:\\\/\\\/ponteseditores.com.br\\\/loja3\\\/pontes-editores-home-2__trashed\\\/linguistica\\\/a-mulher-das-letras-cultura-memoria-e-identidade-la-mujer-de-letras-cultura-memoria-e-identidade\\\/#breadcrumb\"},\"inLanguage\":\"pt-BR\",\"potentialAction\":[{\"@type\":\"ReadAction\",\"target\":[\"https:\\\/\\\/ponteseditores.com.br\\\/loja3\\\/pontes-editores-home-2__trashed\\\/linguistica\\\/a-mulher-das-letras-cultura-memoria-e-identidade-la-mujer-de-letras-cultura-memoria-e-identidade\\\/\"]}]},{\"@type\":\"ImageObject\",\"inLanguage\":\"pt-BR\",\"@id\":\"https:\\\/\\\/ponteseditores.com.br\\\/loja3\\\/pontes-editores-home-2__trashed\\\/linguistica\\\/a-mulher-das-letras-cultura-memoria-e-identidade-la-mujer-de-letras-cultura-memoria-e-identidade\\\/#primaryimage\",\"url\":\"https:\\\/\\\/ponteseditores.com.br\\\/loja3\\\/wp-content\\\/uploads\\\/2023\\\/12\\\/Capa_Mulher_de_Letras-3.jpg\",\"contentUrl\":\"https:\\\/\\\/ponteseditores.com.br\\\/loja3\\\/wp-content\\\/uploads\\\/2023\\\/12\\\/Capa_Mulher_de_Letras-3.jpg\",\"width\":1728,\"height\":2443},{\"@type\":\"BreadcrumbList\",\"@id\":\"https:\\\/\\\/ponteseditores.com.br\\\/loja3\\\/pontes-editores-home-2__trashed\\\/linguistica\\\/a-mulher-das-letras-cultura-memoria-e-identidade-la-mujer-de-letras-cultura-memoria-e-identidade\\\/#breadcrumb\",\"itemListElement\":[{\"@type\":\"ListItem\",\"position\":1,\"name\":\"Home\",\"item\":\"https:\\\/\\\/ponteseditores.com.br\\\/loja3\\\/\"},{\"@type\":\"ListItem\",\"position\":2,\"name\":\"loja\",\"item\":\"https:\\\/\\\/ponteseditores.com.br\\\/loja3\\\/loja\\\/\"},{\"@type\":\"ListItem\",\"position\":3,\"name\":\"A Mulher das Letras: cultura, mem\u00f3ria e identidade \\\/ La Mujer de Letras: cultura, memoria e identidade\"}]},{\"@type\":\"WebSite\",\"@id\":\"https:\\\/\\\/ponteseditores.com.br\\\/loja3\\\/#website\",\"url\":\"https:\\\/\\\/ponteseditores.com.br\\\/loja3\\\/\",\"name\":\"Pontes Editores\",\"description\":\"Pontes Editores\",\"publisher\":{\"@id\":\"https:\\\/\\\/ponteseditores.com.br\\\/loja3\\\/#organization\"},\"potentialAction\":[{\"@type\":\"SearchAction\",\"target\":{\"@type\":\"EntryPoint\",\"urlTemplate\":\"https:\\\/\\\/ponteseditores.com.br\\\/loja3\\\/?s={search_term_string}\"},\"query-input\":{\"@type\":\"PropertyValueSpecification\",\"valueRequired\":true,\"valueName\":\"search_term_string\"}}],\"inLanguage\":\"pt-BR\"},{\"@type\":\"Organization\",\"@id\":\"https:\\\/\\\/ponteseditores.com.br\\\/loja3\\\/#organization\",\"name\":\"Pontes Editores\",\"url\":\"https:\\\/\\\/ponteseditores.com.br\\\/loja3\\\/\",\"logo\":{\"@type\":\"ImageObject\",\"inLanguage\":\"pt-BR\",\"@id\":\"https:\\\/\\\/ponteseditores.com.br\\\/loja3\\\/#\\\/schema\\\/logo\\\/image\\\/\",\"url\":\"https:\\\/\\\/ponteseditores.com.br\\\/loja3\\\/wp-content\\\/uploads\\\/2023\\\/12\\\/logo-pontes-editores-v2.png\",\"contentUrl\":\"https:\\\/\\\/ponteseditores.com.br\\\/loja3\\\/wp-content\\\/uploads\\\/2023\\\/12\\\/logo-pontes-editores-v2.png\",\"width\":258,\"height\":100,\"caption\":\"Pontes Editores\"},\"image\":{\"@id\":\"https:\\\/\\\/ponteseditores.com.br\\\/loja3\\\/#\\\/schema\\\/logo\\\/image\\\/\"}}]}<\/script>\n<!-- \/ Yoast SEO plugin. -->","yoast_head_json":{"title":"A Mulher das Letras: cultura, mem\u00f3ria e identidade \/ La Mujer de Letras: cultura, memoria e identidade - Pontes Editores","robots":{"index":"index","follow":"follow","max-snippet":"max-snippet:-1","max-image-preview":"max-image-preview:large","max-video-preview":"max-video-preview:-1"},"canonical":"https:\/\/ponteseditores.com.br\/loja3\/pontes-editores-home-2__trashed\/linguistica\/a-mulher-das-letras-cultura-memoria-e-identidade-la-mujer-de-letras-cultura-memoria-e-identidade\/","og_locale":"pt_BR","og_type":"article","og_title":"A Mulher das Letras: cultura, mem\u00f3ria e identidade \/ La Mujer de Letras: cultura, memoria e identidade - Pontes Editores","og_description":"A obra re\u00fane onze cap\u00edtulos de autoria distinta, o que n\u00e3o impede sua unidade, garantida por duas propriedades: em primeiro lugar, s\u00e3o mulheres tanto as autoras dos estudos, quanto o assunto em an\u00e1lise; em segundo, anima-as um prop\u00f3sito comum: conferir visibilidade a autoras nem sempre suficientemente renomadas ou a temas raramente associados \u00e0 literatura feminina. [&hellip;]","og_url":"https:\/\/ponteseditores.com.br\/loja3\/pontes-editores-home-2__trashed\/linguistica\/a-mulher-das-letras-cultura-memoria-e-identidade-la-mujer-de-letras-cultura-memoria-e-identidade\/","og_site_name":"Pontes Editores","article_modified_time":"2024-09-11T19:09:53+00:00","og_image":[{"width":1728,"height":2443,"url":"https:\/\/ponteseditores.com.br\/loja3\/wp-content\/uploads\/2023\/12\/Capa_Mulher_de_Letras-3.jpg","type":"image\/jpeg"}],"twitter_card":"summary_large_image","twitter_misc":{"Est. tempo de leitura":"2 minutos"},"schema":{"@context":"https:\/\/schema.org","@graph":[{"@type":"WebPage","@id":"https:\/\/ponteseditores.com.br\/loja3\/pontes-editores-home-2__trashed\/linguistica\/a-mulher-das-letras-cultura-memoria-e-identidade-la-mujer-de-letras-cultura-memoria-e-identidade\/","url":"https:\/\/ponteseditores.com.br\/loja3\/pontes-editores-home-2__trashed\/linguistica\/a-mulher-das-letras-cultura-memoria-e-identidade-la-mujer-de-letras-cultura-memoria-e-identidade\/","name":"A Mulher das Letras: cultura, mem\u00f3ria e identidade \/ La Mujer de Letras: cultura, memoria e identidade - Pontes Editores","isPartOf":{"@id":"https:\/\/ponteseditores.com.br\/loja3\/#website"},"primaryImageOfPage":{"@id":"https:\/\/ponteseditores.com.br\/loja3\/pontes-editores-home-2__trashed\/linguistica\/a-mulher-das-letras-cultura-memoria-e-identidade-la-mujer-de-letras-cultura-memoria-e-identidade\/#primaryimage"},"image":{"@id":"https:\/\/ponteseditores.com.br\/loja3\/pontes-editores-home-2__trashed\/linguistica\/a-mulher-das-letras-cultura-memoria-e-identidade-la-mujer-de-letras-cultura-memoria-e-identidade\/#primaryimage"},"thumbnailUrl":"https:\/\/ponteseditores.com.br\/loja3\/wp-content\/uploads\/2023\/12\/Capa_Mulher_de_Letras-3.jpg","datePublished":"2023-12-16T02:17:13+00:00","dateModified":"2024-09-11T19:09:53+00:00","breadcrumb":{"@id":"https:\/\/ponteseditores.com.br\/loja3\/pontes-editores-home-2__trashed\/linguistica\/a-mulher-das-letras-cultura-memoria-e-identidade-la-mujer-de-letras-cultura-memoria-e-identidade\/#breadcrumb"},"inLanguage":"pt-BR","potentialAction":[{"@type":"ReadAction","target":["https:\/\/ponteseditores.com.br\/loja3\/pontes-editores-home-2__trashed\/linguistica\/a-mulher-das-letras-cultura-memoria-e-identidade-la-mujer-de-letras-cultura-memoria-e-identidade\/"]}]},{"@type":"ImageObject","inLanguage":"pt-BR","@id":"https:\/\/ponteseditores.com.br\/loja3\/pontes-editores-home-2__trashed\/linguistica\/a-mulher-das-letras-cultura-memoria-e-identidade-la-mujer-de-letras-cultura-memoria-e-identidade\/#primaryimage","url":"https:\/\/ponteseditores.com.br\/loja3\/wp-content\/uploads\/2023\/12\/Capa_Mulher_de_Letras-3.jpg","contentUrl":"https:\/\/ponteseditores.com.br\/loja3\/wp-content\/uploads\/2023\/12\/Capa_Mulher_de_Letras-3.jpg","width":1728,"height":2443},{"@type":"BreadcrumbList","@id":"https:\/\/ponteseditores.com.br\/loja3\/pontes-editores-home-2__trashed\/linguistica\/a-mulher-das-letras-cultura-memoria-e-identidade-la-mujer-de-letras-cultura-memoria-e-identidade\/#breadcrumb","itemListElement":[{"@type":"ListItem","position":1,"name":"Home","item":"https:\/\/ponteseditores.com.br\/loja3\/"},{"@type":"ListItem","position":2,"name":"loja","item":"https:\/\/ponteseditores.com.br\/loja3\/loja\/"},{"@type":"ListItem","position":3,"name":"A Mulher das Letras: cultura, mem\u00f3ria e identidade \/ La Mujer de Letras: cultura, memoria e identidade"}]},{"@type":"WebSite","@id":"https:\/\/ponteseditores.com.br\/loja3\/#website","url":"https:\/\/ponteseditores.com.br\/loja3\/","name":"Pontes Editores","description":"Pontes Editores","publisher":{"@id":"https:\/\/ponteseditores.com.br\/loja3\/#organization"},"potentialAction":[{"@type":"SearchAction","target":{"@type":"EntryPoint","urlTemplate":"https:\/\/ponteseditores.com.br\/loja3\/?s={search_term_string}"},"query-input":{"@type":"PropertyValueSpecification","valueRequired":true,"valueName":"search_term_string"}}],"inLanguage":"pt-BR"},{"@type":"Organization","@id":"https:\/\/ponteseditores.com.br\/loja3\/#organization","name":"Pontes Editores","url":"https:\/\/ponteseditores.com.br\/loja3\/","logo":{"@type":"ImageObject","inLanguage":"pt-BR","@id":"https:\/\/ponteseditores.com.br\/loja3\/#\/schema\/logo\/image\/","url":"https:\/\/ponteseditores.com.br\/loja3\/wp-content\/uploads\/2023\/12\/logo-pontes-editores-v2.png","contentUrl":"https:\/\/ponteseditores.com.br\/loja3\/wp-content\/uploads\/2023\/12\/logo-pontes-editores-v2.png","width":258,"height":100,"caption":"Pontes Editores"},"image":{"@id":"https:\/\/ponteseditores.com.br\/loja3\/#\/schema\/logo\/image\/"}}]}},"_links":{"self":[{"href":"https:\/\/ponteseditores.com.br\/loja3\/wp-json\/wp\/v2\/product\/8232","targetHints":{"allow":["GET"]}}],"collection":[{"href":"https:\/\/ponteseditores.com.br\/loja3\/wp-json\/wp\/v2\/product"}],"about":[{"href":"https:\/\/ponteseditores.com.br\/loja3\/wp-json\/wp\/v2\/types\/product"}],"replies":[{"embeddable":true,"href":"https:\/\/ponteseditores.com.br\/loja3\/wp-json\/wp\/v2\/comments?post=8232"}],"version-history":[{"count":0,"href":"https:\/\/ponteseditores.com.br\/loja3\/wp-json\/wp\/v2\/product\/8232\/revisions"}],"wp:featuredmedia":[{"embeddable":true,"href":"https:\/\/ponteseditores.com.br\/loja3\/wp-json\/wp\/v2\/media\/8231"}],"wp:attachment":[{"href":"https:\/\/ponteseditores.com.br\/loja3\/wp-json\/wp\/v2\/media?parent=8232"}],"wp:term":[{"taxonomy":"product_brand","embeddable":true,"href":"https:\/\/ponteseditores.com.br\/loja3\/wp-json\/wp\/v2\/product_brand?post=8232"},{"taxonomy":"product_cat","embeddable":true,"href":"https:\/\/ponteseditores.com.br\/loja3\/wp-json\/wp\/v2\/product_cat?post=8232"},{"taxonomy":"product_tag","embeddable":true,"href":"https:\/\/ponteseditores.com.br\/loja3\/wp-json\/wp\/v2\/product_tag?post=8232"}],"curies":[{"name":"wp","href":"https:\/\/api.w.org\/{rel}","templated":true}]}}