{"id":8230,"date":"2023-12-15T23:16:40","date_gmt":"2023-12-16T02:16:40","guid":{"rendered":"https:\/\/ponteseditores.com.br\/loja3\/pontes-editores-home-2__trashed\/sem%20categoria\/traduzires-tarefas-e-dinamicas-para-a-iniciacao-de-nao-tradutoras-a-traducao\/"},"modified":"2024-03-25T12:10:43","modified_gmt":"2024-03-25T15:10:43","slug":"traduzires-tarefas-e-dinamicas-para-a-iniciacao-de-nao-tradutoras-a-traducao","status":"publish","type":"product","link":"https:\/\/ponteseditores.com.br\/loja3\/pontes-editores-home-2__trashed\/linguistica\/traduzires-tarefas-e-dinamicas-para-a-iniciacao-de-nao-tradutoras-a-traducao\/","title":{"rendered":"Traduzires &#8211; Tarefas e din\u00e2micas para a inicia\u00e7\u00e3o de n\u00e3o tradutoras \u00e0 tradu\u00e7\u00e3o"},"content":{"rendered":"<p>O presente volume, intitulado Traduzires\u2013Tarefas e din\u00e2micas para a inicia\u00e7\u00e3o de n\u00e3o tradutoras \u00e0 tradu\u00e7\u00e3o (2021), publicado pela Pontes Editores e de autoria de Gleiton Malta, j\u00e1 chama a aten\u00e7\u00e3o do leitor a partir de seu t\u00edtulo, que apresenta o fen\u00f4meno da tradu\u00e7\u00e3o como um substantivo plural e diversificado (Traduzires), desdobrando-se em dimens\u00f5es inclusivas e originais ao representar seu destinat\u00e1rio como \u2018n\u00e3o tradutoras\u2019(aprendizes de \u00e1reas afins) a serem iniciadas \u00e0 tradu\u00e7\u00e3o, por meio de tarefas e din\u00e2micas. Pluralidade e diversifica\u00e7\u00e3o est\u00e3o presentes nos interesses de pesquisa de seu autor, perpassando campos disciplinares como os Estudos da Tradu\u00e7\u00e3o, a Lingu\u00edstica Aplicada e a Gest\u00e3o e Pol\u00edticas P\u00fablicas para o ensino de l\u00ednguas, o que explica seu olhar amplo, abrangente e amadurecido sobre os temas que merecem sua aten\u00e7\u00e3o investigativa. Dentre esses, destaco \u2018processo tradut\u00f3rio\u2019, \u2018cogni\u00e7\u00e3o e tradu\u00e7\u00e3o\u2019, \u2018did\u00e1tica de tradu\u00e7\u00e3o\u2019, diretamente relacionados a Traduzires. Toda essa gama de interesses tem impacto positivo na configura\u00e7\u00e3o deste volume e permeia suas Unidades, que buscam dar um panorama das v\u00e1rias poss\u00edveis abordagens \u00e0 tradu\u00e7\u00e3o.<\/p>\n","protected":false},"excerpt":{"rendered":"<p>O presente volume, intitulado Traduzires\u2013Tarefas e din\u00e2micas para a inicia\u00e7\u00e3o de n\u00e3o tradutoras \u00e0 tradu\u00e7\u00e3o (2021), publicado pela Pontes Editores e de autoria de Gleiton Malta, j\u00e1 chama a aten\u00e7\u00e3o do leitor a partir de seu t\u00edtulo, que apresenta o fen\u00f4meno da tradu\u00e7\u00e3o como um substantivo plural e diversificado (Traduzires), desdobrando-se em dimens\u00f5es inclusivas e [&hellip;]<\/p>\n","protected":false},"featured_media":8229,"comment_status":"open","ping_status":"closed","template":"","meta":{"_joinchat":[]},"product_brand":[],"product_cat":[31,305],"product_tag":[],"class_list":{"0":"post-8230","1":"product","2":"type-product","3":"status-publish","4":"has-post-thumbnail","6":"product_cat-linguistica","7":"product_cat-traducao","9":"first","10":"outofstock","11":"shipping-taxable","12":"purchasable","13":"product-type-simple"},"yoast_head":"<!-- This site is optimized with the Yoast SEO plugin v27.4 - https:\/\/yoast.com\/product\/yoast-seo-wordpress\/ -->\n<title>Traduzires - Tarefas e din\u00e2micas para a inicia\u00e7\u00e3o de n\u00e3o tradutoras \u00e0 tradu\u00e7\u00e3o - Pontes Editores<\/title>\n<meta name=\"robots\" content=\"index, follow, max-snippet:-1, max-image-preview:large, max-video-preview:-1\" \/>\n<link rel=\"canonical\" href=\"https:\/\/ponteseditores.com.br\/loja3\/pontes-editores-home-2__trashed\/linguistica\/traduzires-tarefas-e-dinamicas-para-a-iniciacao-de-nao-tradutoras-a-traducao\/\" \/>\n<meta property=\"og:locale\" content=\"pt_BR\" \/>\n<meta property=\"og:type\" content=\"article\" \/>\n<meta property=\"og:title\" content=\"Traduzires - Tarefas e din\u00e2micas para a inicia\u00e7\u00e3o de n\u00e3o tradutoras \u00e0 tradu\u00e7\u00e3o - Pontes Editores\" \/>\n<meta property=\"og:description\" content=\"O presente volume, intitulado Traduzires\u2013Tarefas e din\u00e2micas para a inicia\u00e7\u00e3o de n\u00e3o tradutoras \u00e0 tradu\u00e7\u00e3o (2021), publicado pela Pontes Editores e de autoria de Gleiton Malta, j\u00e1 chama a aten\u00e7\u00e3o do leitor a partir de seu t\u00edtulo, que apresenta o fen\u00f4meno da tradu\u00e7\u00e3o como um substantivo plural e diversificado (Traduzires), desdobrando-se em dimens\u00f5es inclusivas e [&hellip;]\" \/>\n<meta property=\"og:url\" content=\"https:\/\/ponteseditores.com.br\/loja3\/pontes-editores-home-2__trashed\/linguistica\/traduzires-tarefas-e-dinamicas-para-a-iniciacao-de-nao-tradutoras-a-traducao\/\" \/>\n<meta property=\"og:site_name\" content=\"Pontes Editores\" \/>\n<meta property=\"article:modified_time\" content=\"2024-03-25T15:10:43+00:00\" \/>\n<meta property=\"og:image\" content=\"https:\/\/ponteseditores.com.br\/loja3\/wp-content\/uploads\/2023\/12\/Capa_Traduzires-3.jpg\" \/>\n\t<meta property=\"og:image:width\" content=\"1728\" \/>\n\t<meta property=\"og:image:height\" content=\"2443\" \/>\n\t<meta property=\"og:image:type\" content=\"image\/jpeg\" \/>\n<meta name=\"twitter:card\" content=\"summary_large_image\" \/>\n<meta name=\"twitter:label1\" content=\"Est. tempo de leitura\" \/>\n\t<meta name=\"twitter:data1\" content=\"1 minuto\" \/>\n<script type=\"application\/ld+json\" class=\"yoast-schema-graph\">{\"@context\":\"https:\\\/\\\/schema.org\",\"@graph\":[{\"@type\":\"WebPage\",\"@id\":\"https:\\\/\\\/ponteseditores.com.br\\\/loja3\\\/pontes-editores-home-2__trashed\\\/linguistica\\\/traduzires-tarefas-e-dinamicas-para-a-iniciacao-de-nao-tradutoras-a-traducao\\\/\",\"url\":\"https:\\\/\\\/ponteseditores.com.br\\\/loja3\\\/pontes-editores-home-2__trashed\\\/linguistica\\\/traduzires-tarefas-e-dinamicas-para-a-iniciacao-de-nao-tradutoras-a-traducao\\\/\",\"name\":\"Traduzires - Tarefas e din\u00e2micas para a inicia\u00e7\u00e3o de n\u00e3o tradutoras \u00e0 tradu\u00e7\u00e3o - Pontes Editores\",\"isPartOf\":{\"@id\":\"https:\\\/\\\/ponteseditores.com.br\\\/loja3\\\/#website\"},\"primaryImageOfPage\":{\"@id\":\"https:\\\/\\\/ponteseditores.com.br\\\/loja3\\\/pontes-editores-home-2__trashed\\\/linguistica\\\/traduzires-tarefas-e-dinamicas-para-a-iniciacao-de-nao-tradutoras-a-traducao\\\/#primaryimage\"},\"image\":{\"@id\":\"https:\\\/\\\/ponteseditores.com.br\\\/loja3\\\/pontes-editores-home-2__trashed\\\/linguistica\\\/traduzires-tarefas-e-dinamicas-para-a-iniciacao-de-nao-tradutoras-a-traducao\\\/#primaryimage\"},\"thumbnailUrl\":\"https:\\\/\\\/ponteseditores.com.br\\\/loja3\\\/wp-content\\\/uploads\\\/2023\\\/12\\\/Capa_Traduzires-3.jpg\",\"datePublished\":\"2023-12-16T02:16:40+00:00\",\"dateModified\":\"2024-03-25T15:10:43+00:00\",\"breadcrumb\":{\"@id\":\"https:\\\/\\\/ponteseditores.com.br\\\/loja3\\\/pontes-editores-home-2__trashed\\\/linguistica\\\/traduzires-tarefas-e-dinamicas-para-a-iniciacao-de-nao-tradutoras-a-traducao\\\/#breadcrumb\"},\"inLanguage\":\"pt-BR\",\"potentialAction\":[{\"@type\":\"ReadAction\",\"target\":[\"https:\\\/\\\/ponteseditores.com.br\\\/loja3\\\/pontes-editores-home-2__trashed\\\/linguistica\\\/traduzires-tarefas-e-dinamicas-para-a-iniciacao-de-nao-tradutoras-a-traducao\\\/\"]}]},{\"@type\":\"ImageObject\",\"inLanguage\":\"pt-BR\",\"@id\":\"https:\\\/\\\/ponteseditores.com.br\\\/loja3\\\/pontes-editores-home-2__trashed\\\/linguistica\\\/traduzires-tarefas-e-dinamicas-para-a-iniciacao-de-nao-tradutoras-a-traducao\\\/#primaryimage\",\"url\":\"https:\\\/\\\/ponteseditores.com.br\\\/loja3\\\/wp-content\\\/uploads\\\/2023\\\/12\\\/Capa_Traduzires-3.jpg\",\"contentUrl\":\"https:\\\/\\\/ponteseditores.com.br\\\/loja3\\\/wp-content\\\/uploads\\\/2023\\\/12\\\/Capa_Traduzires-3.jpg\",\"width\":1728,\"height\":2443},{\"@type\":\"BreadcrumbList\",\"@id\":\"https:\\\/\\\/ponteseditores.com.br\\\/loja3\\\/pontes-editores-home-2__trashed\\\/linguistica\\\/traduzires-tarefas-e-dinamicas-para-a-iniciacao-de-nao-tradutoras-a-traducao\\\/#breadcrumb\",\"itemListElement\":[{\"@type\":\"ListItem\",\"position\":1,\"name\":\"Home\",\"item\":\"https:\\\/\\\/ponteseditores.com.br\\\/loja3\\\/\"},{\"@type\":\"ListItem\",\"position\":2,\"name\":\"loja\",\"item\":\"https:\\\/\\\/ponteseditores.com.br\\\/loja3\\\/loja\\\/\"},{\"@type\":\"ListItem\",\"position\":3,\"name\":\"Traduzires &#8211; Tarefas e din\u00e2micas para a inicia\u00e7\u00e3o de n\u00e3o tradutoras \u00e0 tradu\u00e7\u00e3o\"}]},{\"@type\":\"WebSite\",\"@id\":\"https:\\\/\\\/ponteseditores.com.br\\\/loja3\\\/#website\",\"url\":\"https:\\\/\\\/ponteseditores.com.br\\\/loja3\\\/\",\"name\":\"Pontes Editores\",\"description\":\"Pontes Editores\",\"publisher\":{\"@id\":\"https:\\\/\\\/ponteseditores.com.br\\\/loja3\\\/#organization\"},\"potentialAction\":[{\"@type\":\"SearchAction\",\"target\":{\"@type\":\"EntryPoint\",\"urlTemplate\":\"https:\\\/\\\/ponteseditores.com.br\\\/loja3\\\/?s={search_term_string}\"},\"query-input\":{\"@type\":\"PropertyValueSpecification\",\"valueRequired\":true,\"valueName\":\"search_term_string\"}}],\"inLanguage\":\"pt-BR\"},{\"@type\":\"Organization\",\"@id\":\"https:\\\/\\\/ponteseditores.com.br\\\/loja3\\\/#organization\",\"name\":\"Pontes Editores\",\"url\":\"https:\\\/\\\/ponteseditores.com.br\\\/loja3\\\/\",\"logo\":{\"@type\":\"ImageObject\",\"inLanguage\":\"pt-BR\",\"@id\":\"https:\\\/\\\/ponteseditores.com.br\\\/loja3\\\/#\\\/schema\\\/logo\\\/image\\\/\",\"url\":\"https:\\\/\\\/ponteseditores.com.br\\\/loja3\\\/wp-content\\\/uploads\\\/2023\\\/12\\\/logo-pontes-editores-v2.png\",\"contentUrl\":\"https:\\\/\\\/ponteseditores.com.br\\\/loja3\\\/wp-content\\\/uploads\\\/2023\\\/12\\\/logo-pontes-editores-v2.png\",\"width\":258,\"height\":100,\"caption\":\"Pontes Editores\"},\"image\":{\"@id\":\"https:\\\/\\\/ponteseditores.com.br\\\/loja3\\\/#\\\/schema\\\/logo\\\/image\\\/\"}}]}<\/script>\n<!-- \/ Yoast SEO plugin. -->","yoast_head_json":{"title":"Traduzires - Tarefas e din\u00e2micas para a inicia\u00e7\u00e3o de n\u00e3o tradutoras \u00e0 tradu\u00e7\u00e3o - Pontes Editores","robots":{"index":"index","follow":"follow","max-snippet":"max-snippet:-1","max-image-preview":"max-image-preview:large","max-video-preview":"max-video-preview:-1"},"canonical":"https:\/\/ponteseditores.com.br\/loja3\/pontes-editores-home-2__trashed\/linguistica\/traduzires-tarefas-e-dinamicas-para-a-iniciacao-de-nao-tradutoras-a-traducao\/","og_locale":"pt_BR","og_type":"article","og_title":"Traduzires - Tarefas e din\u00e2micas para a inicia\u00e7\u00e3o de n\u00e3o tradutoras \u00e0 tradu\u00e7\u00e3o - Pontes Editores","og_description":"O presente volume, intitulado Traduzires\u2013Tarefas e din\u00e2micas para a inicia\u00e7\u00e3o de n\u00e3o tradutoras \u00e0 tradu\u00e7\u00e3o (2021), publicado pela Pontes Editores e de autoria de Gleiton Malta, j\u00e1 chama a aten\u00e7\u00e3o do leitor a partir de seu t\u00edtulo, que apresenta o fen\u00f4meno da tradu\u00e7\u00e3o como um substantivo plural e diversificado (Traduzires), desdobrando-se em dimens\u00f5es inclusivas e [&hellip;]","og_url":"https:\/\/ponteseditores.com.br\/loja3\/pontes-editores-home-2__trashed\/linguistica\/traduzires-tarefas-e-dinamicas-para-a-iniciacao-de-nao-tradutoras-a-traducao\/","og_site_name":"Pontes Editores","article_modified_time":"2024-03-25T15:10:43+00:00","og_image":[{"width":1728,"height":2443,"url":"https:\/\/ponteseditores.com.br\/loja3\/wp-content\/uploads\/2023\/12\/Capa_Traduzires-3.jpg","type":"image\/jpeg"}],"twitter_card":"summary_large_image","twitter_misc":{"Est. tempo de leitura":"1 minuto"},"schema":{"@context":"https:\/\/schema.org","@graph":[{"@type":"WebPage","@id":"https:\/\/ponteseditores.com.br\/loja3\/pontes-editores-home-2__trashed\/linguistica\/traduzires-tarefas-e-dinamicas-para-a-iniciacao-de-nao-tradutoras-a-traducao\/","url":"https:\/\/ponteseditores.com.br\/loja3\/pontes-editores-home-2__trashed\/linguistica\/traduzires-tarefas-e-dinamicas-para-a-iniciacao-de-nao-tradutoras-a-traducao\/","name":"Traduzires - Tarefas e din\u00e2micas para a inicia\u00e7\u00e3o de n\u00e3o tradutoras \u00e0 tradu\u00e7\u00e3o - Pontes Editores","isPartOf":{"@id":"https:\/\/ponteseditores.com.br\/loja3\/#website"},"primaryImageOfPage":{"@id":"https:\/\/ponteseditores.com.br\/loja3\/pontes-editores-home-2__trashed\/linguistica\/traduzires-tarefas-e-dinamicas-para-a-iniciacao-de-nao-tradutoras-a-traducao\/#primaryimage"},"image":{"@id":"https:\/\/ponteseditores.com.br\/loja3\/pontes-editores-home-2__trashed\/linguistica\/traduzires-tarefas-e-dinamicas-para-a-iniciacao-de-nao-tradutoras-a-traducao\/#primaryimage"},"thumbnailUrl":"https:\/\/ponteseditores.com.br\/loja3\/wp-content\/uploads\/2023\/12\/Capa_Traduzires-3.jpg","datePublished":"2023-12-16T02:16:40+00:00","dateModified":"2024-03-25T15:10:43+00:00","breadcrumb":{"@id":"https:\/\/ponteseditores.com.br\/loja3\/pontes-editores-home-2__trashed\/linguistica\/traduzires-tarefas-e-dinamicas-para-a-iniciacao-de-nao-tradutoras-a-traducao\/#breadcrumb"},"inLanguage":"pt-BR","potentialAction":[{"@type":"ReadAction","target":["https:\/\/ponteseditores.com.br\/loja3\/pontes-editores-home-2__trashed\/linguistica\/traduzires-tarefas-e-dinamicas-para-a-iniciacao-de-nao-tradutoras-a-traducao\/"]}]},{"@type":"ImageObject","inLanguage":"pt-BR","@id":"https:\/\/ponteseditores.com.br\/loja3\/pontes-editores-home-2__trashed\/linguistica\/traduzires-tarefas-e-dinamicas-para-a-iniciacao-de-nao-tradutoras-a-traducao\/#primaryimage","url":"https:\/\/ponteseditores.com.br\/loja3\/wp-content\/uploads\/2023\/12\/Capa_Traduzires-3.jpg","contentUrl":"https:\/\/ponteseditores.com.br\/loja3\/wp-content\/uploads\/2023\/12\/Capa_Traduzires-3.jpg","width":1728,"height":2443},{"@type":"BreadcrumbList","@id":"https:\/\/ponteseditores.com.br\/loja3\/pontes-editores-home-2__trashed\/linguistica\/traduzires-tarefas-e-dinamicas-para-a-iniciacao-de-nao-tradutoras-a-traducao\/#breadcrumb","itemListElement":[{"@type":"ListItem","position":1,"name":"Home","item":"https:\/\/ponteseditores.com.br\/loja3\/"},{"@type":"ListItem","position":2,"name":"loja","item":"https:\/\/ponteseditores.com.br\/loja3\/loja\/"},{"@type":"ListItem","position":3,"name":"Traduzires &#8211; Tarefas e din\u00e2micas para a inicia\u00e7\u00e3o de n\u00e3o tradutoras \u00e0 tradu\u00e7\u00e3o"}]},{"@type":"WebSite","@id":"https:\/\/ponteseditores.com.br\/loja3\/#website","url":"https:\/\/ponteseditores.com.br\/loja3\/","name":"Pontes Editores","description":"Pontes Editores","publisher":{"@id":"https:\/\/ponteseditores.com.br\/loja3\/#organization"},"potentialAction":[{"@type":"SearchAction","target":{"@type":"EntryPoint","urlTemplate":"https:\/\/ponteseditores.com.br\/loja3\/?s={search_term_string}"},"query-input":{"@type":"PropertyValueSpecification","valueRequired":true,"valueName":"search_term_string"}}],"inLanguage":"pt-BR"},{"@type":"Organization","@id":"https:\/\/ponteseditores.com.br\/loja3\/#organization","name":"Pontes Editores","url":"https:\/\/ponteseditores.com.br\/loja3\/","logo":{"@type":"ImageObject","inLanguage":"pt-BR","@id":"https:\/\/ponteseditores.com.br\/loja3\/#\/schema\/logo\/image\/","url":"https:\/\/ponteseditores.com.br\/loja3\/wp-content\/uploads\/2023\/12\/logo-pontes-editores-v2.png","contentUrl":"https:\/\/ponteseditores.com.br\/loja3\/wp-content\/uploads\/2023\/12\/logo-pontes-editores-v2.png","width":258,"height":100,"caption":"Pontes Editores"},"image":{"@id":"https:\/\/ponteseditores.com.br\/loja3\/#\/schema\/logo\/image\/"}}]}},"_links":{"self":[{"href":"https:\/\/ponteseditores.com.br\/loja3\/wp-json\/wp\/v2\/product\/8230","targetHints":{"allow":["GET"]}}],"collection":[{"href":"https:\/\/ponteseditores.com.br\/loja3\/wp-json\/wp\/v2\/product"}],"about":[{"href":"https:\/\/ponteseditores.com.br\/loja3\/wp-json\/wp\/v2\/types\/product"}],"replies":[{"embeddable":true,"href":"https:\/\/ponteseditores.com.br\/loja3\/wp-json\/wp\/v2\/comments?post=8230"}],"version-history":[{"count":0,"href":"https:\/\/ponteseditores.com.br\/loja3\/wp-json\/wp\/v2\/product\/8230\/revisions"}],"wp:featuredmedia":[{"embeddable":true,"href":"https:\/\/ponteseditores.com.br\/loja3\/wp-json\/wp\/v2\/media\/8229"}],"wp:attachment":[{"href":"https:\/\/ponteseditores.com.br\/loja3\/wp-json\/wp\/v2\/media?parent=8230"}],"wp:term":[{"taxonomy":"product_brand","embeddable":true,"href":"https:\/\/ponteseditores.com.br\/loja3\/wp-json\/wp\/v2\/product_brand?post=8230"},{"taxonomy":"product_cat","embeddable":true,"href":"https:\/\/ponteseditores.com.br\/loja3\/wp-json\/wp\/v2\/product_cat?post=8230"},{"taxonomy":"product_tag","embeddable":true,"href":"https:\/\/ponteseditores.com.br\/loja3\/wp-json\/wp\/v2\/product_tag?post=8230"}],"curies":[{"name":"wp","href":"https:\/\/api.w.org\/{rel}","templated":true}]}}