{"id":8219,"date":"2023-12-15T22:54:17","date_gmt":"2023-12-16T01:54:17","guid":{"rendered":"https:\/\/ponteseditores.com.br\/loja3\/pontes-editores-home-2__trashed\/sem categoria\/rede-de-afetos-em-discurso-uma-homenagem-a-monica-zoppi-fontana\/"},"modified":"2024-04-07T10:31:25","modified_gmt":"2024-04-07T13:31:25","slug":"rede-de-afetos-em-discurso-uma-homenagem-a-monica-zoppi-fontana","status":"publish","type":"product","link":"https:\/\/ponteseditores.com.br\/loja3\/pontes-editores-home-2__trashed\/discurso\/rede-de-afetos-em-discurso-uma-homenagem-a-monica-zoppi-fontana\/","title":{"rendered":"Rede de afetos em discurso: uma homenagem a M\u00f3nica Zoppi-Fontana"},"content":{"rendered":"<p>Em certa e larga medida, essa obra dispensa muitas apresenta\u00e7\u00f5es. Dizemos isso, justamente, afetados pela import\u00e2ncia do trabalho desenvolvido pela Professora Dra. M\u00f3nica Graciela Zoppi-Fontana. Mas n\u00e3o s\u00f3: quem j\u00e1 pode usufruir, um pouco mais que seja, do conv\u00edvio com ela sabe que h\u00e1 muito mais a se tentar inscrever. Sendo assim, tendo em vista a enorme quantidade de orientandos e p\u00f3s-doutorandos que j\u00e1 passaram e passam pelos cuidados e ensinamentos de M\u00f3nica, optamos, nesta obra, por convidar amigos e colegas que tamb\u00e9m estiveram e constru\u00edram uma tradi\u00e7\u00e3o primeira de pensamento em an\u00e1lise de discurso com a nossa homenageada. Com isso, acreditamos, se tudo come\u00e7a antes, poder construir \u2013 em rede e com afeto, bem ao gosto Zoppi-Fontana \u2013 uma possibilidade de mem\u00f3ria que esteja um pouco \u00e0 altura das contribui\u00e7\u00f5es que M\u00f3nica nos permite conhecer, viver e partilhar. Dessa forma, esta obra n\u00e3o pretende (e nem pode) ser uma homenagem definitiva, mas um gesto \u2013 partilhado, elaborado e posto em circula\u00e7\u00e3o \u2013 que, por palavras, nos fa\u00e7a gozar, indefinidamente, a alegria de estarmos com a professora, mulher, brasileira, portuguesa, amiga que \u00e9 o alvo desta obra.<\/p>\n","protected":false},"excerpt":{"rendered":"<p>Em certa e larga medida, essa obra dispensa muitas apresenta\u00e7\u00f5es. Dizemos isso, justamente, afetados pela import\u00e2ncia do trabalho desenvolvido pela Professora Dra. M\u00f3nica Graciela Zoppi-Fontana. Mas n\u00e3o s\u00f3: quem j\u00e1 pode usufruir, um pouco mais que seja, do conv\u00edvio com ela sabe que h\u00e1 muito mais a se tentar inscrever. Sendo assim, tendo em vista [&hellip;]<\/p>\n","protected":false},"featured_media":8218,"comment_status":"open","ping_status":"closed","template":"","meta":{"_joinchat":[]},"product_brand":[],"product_cat":[301,298],"product_tag":[],"class_list":{"0":"post-8219","1":"product","2":"type-product","3":"status-publish","4":"has-post-thumbnail","6":"product_cat-analise-de-discurso","7":"product_cat-discurso","9":"first","10":"instock","11":"shipping-taxable","12":"purchasable","13":"product-type-simple"},"yoast_head":"<!-- This site is optimized with the Yoast SEO plugin v27.4 - https:\/\/yoast.com\/product\/yoast-seo-wordpress\/ -->\n<title>Rede de afetos em discurso: uma homenagem a M\u00f3nica Zoppi-Fontana - Pontes Editores<\/title>\n<meta name=\"robots\" content=\"index, follow, max-snippet:-1, max-image-preview:large, max-video-preview:-1\" \/>\n<link rel=\"canonical\" href=\"https:\/\/ponteseditores.com.br\/loja3\/pontes-editores-home-2__trashed\/discurso\/rede-de-afetos-em-discurso-uma-homenagem-a-monica-zoppi-fontana\/\" \/>\n<meta property=\"og:locale\" content=\"pt_BR\" \/>\n<meta property=\"og:type\" content=\"article\" \/>\n<meta property=\"og:title\" content=\"Rede de afetos em discurso: uma homenagem a M\u00f3nica Zoppi-Fontana - Pontes Editores\" \/>\n<meta property=\"og:description\" content=\"Em certa e larga medida, essa obra dispensa muitas apresenta\u00e7\u00f5es. Dizemos isso, justamente, afetados pela import\u00e2ncia do trabalho desenvolvido pela Professora Dra. M\u00f3nica Graciela Zoppi-Fontana. Mas n\u00e3o s\u00f3: quem j\u00e1 pode usufruir, um pouco mais que seja, do conv\u00edvio com ela sabe que h\u00e1 muito mais a se tentar inscrever. Sendo assim, tendo em vista [&hellip;]\" \/>\n<meta property=\"og:url\" content=\"https:\/\/ponteseditores.com.br\/loja3\/pontes-editores-home-2__trashed\/discurso\/rede-de-afetos-em-discurso-uma-homenagem-a-monica-zoppi-fontana\/\" \/>\n<meta property=\"og:site_name\" content=\"Pontes Editores\" \/>\n<meta property=\"article:modified_time\" content=\"2024-04-07T13:31:25+00:00\" \/>\n<meta property=\"og:image\" content=\"https:\/\/ponteseditores.com.br\/loja3\/wp-content\/uploads\/2023\/12\/Capa_Rede_de_Afetos-3.jpg\" \/>\n\t<meta property=\"og:image:width\" content=\"1728\" \/>\n\t<meta property=\"og:image:height\" content=\"2443\" \/>\n\t<meta property=\"og:image:type\" content=\"image\/jpeg\" \/>\n<meta name=\"twitter:card\" content=\"summary_large_image\" \/>\n<meta name=\"twitter:label1\" content=\"Est. tempo de leitura\" \/>\n\t<meta name=\"twitter:data1\" content=\"1 minuto\" \/>\n<script type=\"application\/ld+json\" class=\"yoast-schema-graph\">{\"@context\":\"https:\\\/\\\/schema.org\",\"@graph\":[{\"@type\":\"WebPage\",\"@id\":\"https:\\\/\\\/ponteseditores.com.br\\\/loja3\\\/pontes-editores-home-2__trashed\\\/discurso\\\/rede-de-afetos-em-discurso-uma-homenagem-a-monica-zoppi-fontana\\\/\",\"url\":\"https:\\\/\\\/ponteseditores.com.br\\\/loja3\\\/pontes-editores-home-2__trashed\\\/discurso\\\/rede-de-afetos-em-discurso-uma-homenagem-a-monica-zoppi-fontana\\\/\",\"name\":\"Rede de afetos em discurso: uma homenagem a M\u00f3nica Zoppi-Fontana - Pontes Editores\",\"isPartOf\":{\"@id\":\"https:\\\/\\\/ponteseditores.com.br\\\/loja3\\\/#website\"},\"primaryImageOfPage\":{\"@id\":\"https:\\\/\\\/ponteseditores.com.br\\\/loja3\\\/pontes-editores-home-2__trashed\\\/discurso\\\/rede-de-afetos-em-discurso-uma-homenagem-a-monica-zoppi-fontana\\\/#primaryimage\"},\"image\":{\"@id\":\"https:\\\/\\\/ponteseditores.com.br\\\/loja3\\\/pontes-editores-home-2__trashed\\\/discurso\\\/rede-de-afetos-em-discurso-uma-homenagem-a-monica-zoppi-fontana\\\/#primaryimage\"},\"thumbnailUrl\":\"https:\\\/\\\/ponteseditores.com.br\\\/loja3\\\/wp-content\\\/uploads\\\/2023\\\/12\\\/Capa_Rede_de_Afetos-3.jpg\",\"datePublished\":\"2023-12-16T01:54:17+00:00\",\"dateModified\":\"2024-04-07T13:31:25+00:00\",\"breadcrumb\":{\"@id\":\"https:\\\/\\\/ponteseditores.com.br\\\/loja3\\\/pontes-editores-home-2__trashed\\\/discurso\\\/rede-de-afetos-em-discurso-uma-homenagem-a-monica-zoppi-fontana\\\/#breadcrumb\"},\"inLanguage\":\"pt-BR\",\"potentialAction\":[{\"@type\":\"ReadAction\",\"target\":[\"https:\\\/\\\/ponteseditores.com.br\\\/loja3\\\/pontes-editores-home-2__trashed\\\/discurso\\\/rede-de-afetos-em-discurso-uma-homenagem-a-monica-zoppi-fontana\\\/\"]}]},{\"@type\":\"ImageObject\",\"inLanguage\":\"pt-BR\",\"@id\":\"https:\\\/\\\/ponteseditores.com.br\\\/loja3\\\/pontes-editores-home-2__trashed\\\/discurso\\\/rede-de-afetos-em-discurso-uma-homenagem-a-monica-zoppi-fontana\\\/#primaryimage\",\"url\":\"https:\\\/\\\/ponteseditores.com.br\\\/loja3\\\/wp-content\\\/uploads\\\/2023\\\/12\\\/Capa_Rede_de_Afetos-3.jpg\",\"contentUrl\":\"https:\\\/\\\/ponteseditores.com.br\\\/loja3\\\/wp-content\\\/uploads\\\/2023\\\/12\\\/Capa_Rede_de_Afetos-3.jpg\",\"width\":1728,\"height\":2443},{\"@type\":\"BreadcrumbList\",\"@id\":\"https:\\\/\\\/ponteseditores.com.br\\\/loja3\\\/pontes-editores-home-2__trashed\\\/discurso\\\/rede-de-afetos-em-discurso-uma-homenagem-a-monica-zoppi-fontana\\\/#breadcrumb\",\"itemListElement\":[{\"@type\":\"ListItem\",\"position\":1,\"name\":\"Home\",\"item\":\"https:\\\/\\\/ponteseditores.com.br\\\/loja3\\\/\"},{\"@type\":\"ListItem\",\"position\":2,\"name\":\"loja\",\"item\":\"https:\\\/\\\/ponteseditores.com.br\\\/loja3\\\/loja\\\/\"},{\"@type\":\"ListItem\",\"position\":3,\"name\":\"Rede de afetos em discurso: uma homenagem a M\u00f3nica Zoppi-Fontana\"}]},{\"@type\":\"WebSite\",\"@id\":\"https:\\\/\\\/ponteseditores.com.br\\\/loja3\\\/#website\",\"url\":\"https:\\\/\\\/ponteseditores.com.br\\\/loja3\\\/\",\"name\":\"Pontes Editores\",\"description\":\"Pontes Editores\",\"publisher\":{\"@id\":\"https:\\\/\\\/ponteseditores.com.br\\\/loja3\\\/#organization\"},\"potentialAction\":[{\"@type\":\"SearchAction\",\"target\":{\"@type\":\"EntryPoint\",\"urlTemplate\":\"https:\\\/\\\/ponteseditores.com.br\\\/loja3\\\/?s={search_term_string}\"},\"query-input\":{\"@type\":\"PropertyValueSpecification\",\"valueRequired\":true,\"valueName\":\"search_term_string\"}}],\"inLanguage\":\"pt-BR\"},{\"@type\":\"Organization\",\"@id\":\"https:\\\/\\\/ponteseditores.com.br\\\/loja3\\\/#organization\",\"name\":\"Pontes Editores\",\"url\":\"https:\\\/\\\/ponteseditores.com.br\\\/loja3\\\/\",\"logo\":{\"@type\":\"ImageObject\",\"inLanguage\":\"pt-BR\",\"@id\":\"https:\\\/\\\/ponteseditores.com.br\\\/loja3\\\/#\\\/schema\\\/logo\\\/image\\\/\",\"url\":\"https:\\\/\\\/ponteseditores.com.br\\\/loja3\\\/wp-content\\\/uploads\\\/2023\\\/12\\\/logo-pontes-editores-v2.png\",\"contentUrl\":\"https:\\\/\\\/ponteseditores.com.br\\\/loja3\\\/wp-content\\\/uploads\\\/2023\\\/12\\\/logo-pontes-editores-v2.png\",\"width\":258,\"height\":100,\"caption\":\"Pontes Editores\"},\"image\":{\"@id\":\"https:\\\/\\\/ponteseditores.com.br\\\/loja3\\\/#\\\/schema\\\/logo\\\/image\\\/\"}}]}<\/script>\n<!-- \/ Yoast SEO plugin. -->","yoast_head_json":{"title":"Rede de afetos em discurso: uma homenagem a M\u00f3nica Zoppi-Fontana - Pontes Editores","robots":{"index":"index","follow":"follow","max-snippet":"max-snippet:-1","max-image-preview":"max-image-preview:large","max-video-preview":"max-video-preview:-1"},"canonical":"https:\/\/ponteseditores.com.br\/loja3\/pontes-editores-home-2__trashed\/discurso\/rede-de-afetos-em-discurso-uma-homenagem-a-monica-zoppi-fontana\/","og_locale":"pt_BR","og_type":"article","og_title":"Rede de afetos em discurso: uma homenagem a M\u00f3nica Zoppi-Fontana - Pontes Editores","og_description":"Em certa e larga medida, essa obra dispensa muitas apresenta\u00e7\u00f5es. Dizemos isso, justamente, afetados pela import\u00e2ncia do trabalho desenvolvido pela Professora Dra. M\u00f3nica Graciela Zoppi-Fontana. Mas n\u00e3o s\u00f3: quem j\u00e1 pode usufruir, um pouco mais que seja, do conv\u00edvio com ela sabe que h\u00e1 muito mais a se tentar inscrever. Sendo assim, tendo em vista [&hellip;]","og_url":"https:\/\/ponteseditores.com.br\/loja3\/pontes-editores-home-2__trashed\/discurso\/rede-de-afetos-em-discurso-uma-homenagem-a-monica-zoppi-fontana\/","og_site_name":"Pontes Editores","article_modified_time":"2024-04-07T13:31:25+00:00","og_image":[{"width":1728,"height":2443,"url":"https:\/\/ponteseditores.com.br\/loja3\/wp-content\/uploads\/2023\/12\/Capa_Rede_de_Afetos-3.jpg","type":"image\/jpeg"}],"twitter_card":"summary_large_image","twitter_misc":{"Est. tempo de leitura":"1 minuto"},"schema":{"@context":"https:\/\/schema.org","@graph":[{"@type":"WebPage","@id":"https:\/\/ponteseditores.com.br\/loja3\/pontes-editores-home-2__trashed\/discurso\/rede-de-afetos-em-discurso-uma-homenagem-a-monica-zoppi-fontana\/","url":"https:\/\/ponteseditores.com.br\/loja3\/pontes-editores-home-2__trashed\/discurso\/rede-de-afetos-em-discurso-uma-homenagem-a-monica-zoppi-fontana\/","name":"Rede de afetos em discurso: uma homenagem a M\u00f3nica Zoppi-Fontana - Pontes Editores","isPartOf":{"@id":"https:\/\/ponteseditores.com.br\/loja3\/#website"},"primaryImageOfPage":{"@id":"https:\/\/ponteseditores.com.br\/loja3\/pontes-editores-home-2__trashed\/discurso\/rede-de-afetos-em-discurso-uma-homenagem-a-monica-zoppi-fontana\/#primaryimage"},"image":{"@id":"https:\/\/ponteseditores.com.br\/loja3\/pontes-editores-home-2__trashed\/discurso\/rede-de-afetos-em-discurso-uma-homenagem-a-monica-zoppi-fontana\/#primaryimage"},"thumbnailUrl":"https:\/\/ponteseditores.com.br\/loja3\/wp-content\/uploads\/2023\/12\/Capa_Rede_de_Afetos-3.jpg","datePublished":"2023-12-16T01:54:17+00:00","dateModified":"2024-04-07T13:31:25+00:00","breadcrumb":{"@id":"https:\/\/ponteseditores.com.br\/loja3\/pontes-editores-home-2__trashed\/discurso\/rede-de-afetos-em-discurso-uma-homenagem-a-monica-zoppi-fontana\/#breadcrumb"},"inLanguage":"pt-BR","potentialAction":[{"@type":"ReadAction","target":["https:\/\/ponteseditores.com.br\/loja3\/pontes-editores-home-2__trashed\/discurso\/rede-de-afetos-em-discurso-uma-homenagem-a-monica-zoppi-fontana\/"]}]},{"@type":"ImageObject","inLanguage":"pt-BR","@id":"https:\/\/ponteseditores.com.br\/loja3\/pontes-editores-home-2__trashed\/discurso\/rede-de-afetos-em-discurso-uma-homenagem-a-monica-zoppi-fontana\/#primaryimage","url":"https:\/\/ponteseditores.com.br\/loja3\/wp-content\/uploads\/2023\/12\/Capa_Rede_de_Afetos-3.jpg","contentUrl":"https:\/\/ponteseditores.com.br\/loja3\/wp-content\/uploads\/2023\/12\/Capa_Rede_de_Afetos-3.jpg","width":1728,"height":2443},{"@type":"BreadcrumbList","@id":"https:\/\/ponteseditores.com.br\/loja3\/pontes-editores-home-2__trashed\/discurso\/rede-de-afetos-em-discurso-uma-homenagem-a-monica-zoppi-fontana\/#breadcrumb","itemListElement":[{"@type":"ListItem","position":1,"name":"Home","item":"https:\/\/ponteseditores.com.br\/loja3\/"},{"@type":"ListItem","position":2,"name":"loja","item":"https:\/\/ponteseditores.com.br\/loja3\/loja\/"},{"@type":"ListItem","position":3,"name":"Rede de afetos em discurso: uma homenagem a M\u00f3nica Zoppi-Fontana"}]},{"@type":"WebSite","@id":"https:\/\/ponteseditores.com.br\/loja3\/#website","url":"https:\/\/ponteseditores.com.br\/loja3\/","name":"Pontes Editores","description":"Pontes Editores","publisher":{"@id":"https:\/\/ponteseditores.com.br\/loja3\/#organization"},"potentialAction":[{"@type":"SearchAction","target":{"@type":"EntryPoint","urlTemplate":"https:\/\/ponteseditores.com.br\/loja3\/?s={search_term_string}"},"query-input":{"@type":"PropertyValueSpecification","valueRequired":true,"valueName":"search_term_string"}}],"inLanguage":"pt-BR"},{"@type":"Organization","@id":"https:\/\/ponteseditores.com.br\/loja3\/#organization","name":"Pontes Editores","url":"https:\/\/ponteseditores.com.br\/loja3\/","logo":{"@type":"ImageObject","inLanguage":"pt-BR","@id":"https:\/\/ponteseditores.com.br\/loja3\/#\/schema\/logo\/image\/","url":"https:\/\/ponteseditores.com.br\/loja3\/wp-content\/uploads\/2023\/12\/logo-pontes-editores-v2.png","contentUrl":"https:\/\/ponteseditores.com.br\/loja3\/wp-content\/uploads\/2023\/12\/logo-pontes-editores-v2.png","width":258,"height":100,"caption":"Pontes Editores"},"image":{"@id":"https:\/\/ponteseditores.com.br\/loja3\/#\/schema\/logo\/image\/"}}]}},"_links":{"self":[{"href":"https:\/\/ponteseditores.com.br\/loja3\/wp-json\/wp\/v2\/product\/8219","targetHints":{"allow":["GET"]}}],"collection":[{"href":"https:\/\/ponteseditores.com.br\/loja3\/wp-json\/wp\/v2\/product"}],"about":[{"href":"https:\/\/ponteseditores.com.br\/loja3\/wp-json\/wp\/v2\/types\/product"}],"replies":[{"embeddable":true,"href":"https:\/\/ponteseditores.com.br\/loja3\/wp-json\/wp\/v2\/comments?post=8219"}],"version-history":[{"count":0,"href":"https:\/\/ponteseditores.com.br\/loja3\/wp-json\/wp\/v2\/product\/8219\/revisions"}],"wp:featuredmedia":[{"embeddable":true,"href":"https:\/\/ponteseditores.com.br\/loja3\/wp-json\/wp\/v2\/media\/8218"}],"wp:attachment":[{"href":"https:\/\/ponteseditores.com.br\/loja3\/wp-json\/wp\/v2\/media?parent=8219"}],"wp:term":[{"taxonomy":"product_brand","embeddable":true,"href":"https:\/\/ponteseditores.com.br\/loja3\/wp-json\/wp\/v2\/product_brand?post=8219"},{"taxonomy":"product_cat","embeddable":true,"href":"https:\/\/ponteseditores.com.br\/loja3\/wp-json\/wp\/v2\/product_cat?post=8219"},{"taxonomy":"product_tag","embeddable":true,"href":"https:\/\/ponteseditores.com.br\/loja3\/wp-json\/wp\/v2\/product_tag?post=8219"}],"curies":[{"name":"wp","href":"https:\/\/api.w.org\/{rel}","templated":true}]}}