{"id":8215,"date":"2023-12-15T22:53:10","date_gmt":"2023-12-16T01:53:10","guid":{"rendered":"https:\/\/ponteseditores.com.br\/loja3\/pontes-editores-home-2__trashed\/sem%20categoria\/da-ambiguidade-ao-equivoco-a-resistencia-da-lingua-nos-limites-da-sintaxe-e-do-discurso\/"},"modified":"2025-10-14T10:09:29","modified_gmt":"2025-10-14T13:09:29","slug":"da-ambiguidade-ao-equivoco-a-resistencia-da-lingua-nos-limites-da-sintaxe-e-do-discurso","status":"publish","type":"product","link":"https:\/\/ponteseditores.com.br\/loja3\/pontes-editores-home-2__trashed\/linguistica\/da-ambiguidade-ao-equivoco-a-resistencia-da-lingua-nos-limites-da-sintaxe-e-do-discurso\/","title":{"rendered":"Da ambiguidade ao equ\u00edvoco: a resist\u00eancia da l\u00edngua nos limites da sintaxe e do discurso"},"content":{"rendered":"<p>Foi com muita alegria que recebi o convite de Maria Cristina Leandro Ferreira para escrever o texto da quarta capa de seu belo livro, Da ambiguidade ao equ\u00edvoco. Sa\u00fado a reedi\u00e7\u00e3o deste seu livro t\u00e3o importante e necess\u00e1rio para refletir sobre \u201ca resist\u00eancia da l\u00edngua nos limites da sintaxe e do discurso\u201d, como seu subt\u00edtulo sinaliza t\u00e3o apropriadamente. Este livro \u00e9 fundamental para quem se interessa pela interface entre l\u00edngua e discurso, no batimento entre a concep\u00e7\u00e3o sist\u00eamica de l\u00edngua e a concep\u00e7\u00e3o de l\u00edngua que a teoria da an\u00e1lise do discurso pecheutiana forjou.<\/p>\n<p>Maria Cristina percorre com seguran\u00e7a os caminhos que v\u00e3o do imposs\u00edvel gramatical ao imposs\u00edvel de dizer de outro modo, chegando, assim, \u00e0 falta estruturante, \u00e0s falhas e brechas que sinalizam a resist\u00eancia da l\u00edngua. Atrav\u00e9s desses desv\u00e3os, os sentidos podem deslizar e tornar-se diferentes deles mesmos, pontuando, desse modo, as formas de resist\u00eancia simb\u00f3lica que o sujeito, ao inscrever-se na l\u00edngua, produz.<\/p>\n<p>Freda Indursky<\/p>\n","protected":false},"excerpt":{"rendered":"<p>Foi com muita alegria que recebi o convite de Maria Cristina Leandro Ferreira para escrever o texto da quarta capa de seu belo livro, Da ambiguidade ao equ\u00edvoco. Sa\u00fado a reedi\u00e7\u00e3o deste seu livro t\u00e3o importante e necess\u00e1rio para refletir sobre \u201ca resist\u00eancia da l\u00edngua nos limites da sintaxe e do discurso\u201d, como seu subt\u00edtulo [&hellip;]<\/p>\n","protected":false},"featured_media":8214,"comment_status":"open","ping_status":"closed","template":"","meta":{"_joinchat":[]},"product_brand":[],"product_cat":[301,31],"product_tag":[],"class_list":{"0":"post-8215","1":"product","2":"type-product","3":"status-publish","4":"has-post-thumbnail","6":"product_cat-analise-de-discurso","7":"product_cat-linguistica","9":"first","10":"instock","11":"shipping-taxable","12":"purchasable","13":"product-type-simple"},"yoast_head":"<!-- This site is optimized with the Yoast SEO plugin v27.4 - https:\/\/yoast.com\/product\/yoast-seo-wordpress\/ -->\n<title>Da ambiguidade ao equ\u00edvoco: a resist\u00eancia da l\u00edngua nos limites da sintaxe e do discurso - Pontes Editores<\/title>\n<meta name=\"robots\" content=\"index, follow, max-snippet:-1, max-image-preview:large, max-video-preview:-1\" \/>\n<link rel=\"canonical\" href=\"https:\/\/ponteseditores.com.br\/loja3\/pontes-editores-home-2__trashed\/linguistica\/da-ambiguidade-ao-equivoco-a-resistencia-da-lingua-nos-limites-da-sintaxe-e-do-discurso\/\" \/>\n<meta property=\"og:locale\" content=\"pt_BR\" \/>\n<meta property=\"og:type\" content=\"article\" \/>\n<meta property=\"og:title\" content=\"Da ambiguidade ao equ\u00edvoco: a resist\u00eancia da l\u00edngua nos limites da sintaxe e do discurso - Pontes Editores\" \/>\n<meta property=\"og:description\" content=\"Foi com muita alegria que recebi o convite de Maria Cristina Leandro Ferreira para escrever o texto da quarta capa de seu belo livro, Da ambiguidade ao equ\u00edvoco. Sa\u00fado a reedi\u00e7\u00e3o deste seu livro t\u00e3o importante e necess\u00e1rio para refletir sobre \u201ca resist\u00eancia da l\u00edngua nos limites da sintaxe e do discurso\u201d, como seu subt\u00edtulo [&hellip;]\" \/>\n<meta property=\"og:url\" content=\"https:\/\/ponteseditores.com.br\/loja3\/pontes-editores-home-2__trashed\/linguistica\/da-ambiguidade-ao-equivoco-a-resistencia-da-lingua-nos-limites-da-sintaxe-e-do-discurso\/\" \/>\n<meta property=\"og:site_name\" content=\"Pontes Editores\" \/>\n<meta property=\"article:modified_time\" content=\"2025-10-14T13:09:29+00:00\" \/>\n<meta property=\"og:image\" content=\"https:\/\/ponteseditores.com.br\/loja3\/wp-content\/uploads\/2023\/12\/Capa_Ambiguidade-3.jpg\" \/>\n\t<meta property=\"og:image:width\" content=\"1728\" \/>\n\t<meta property=\"og:image:height\" content=\"2443\" \/>\n\t<meta property=\"og:image:type\" content=\"image\/jpeg\" \/>\n<meta name=\"twitter:card\" content=\"summary_large_image\" \/>\n<meta name=\"twitter:label1\" content=\"Est. tempo de leitura\" \/>\n\t<meta name=\"twitter:data1\" content=\"2 minutos\" \/>\n<script type=\"application\/ld+json\" class=\"yoast-schema-graph\">{\"@context\":\"https:\\\/\\\/schema.org\",\"@graph\":[{\"@type\":\"WebPage\",\"@id\":\"https:\\\/\\\/ponteseditores.com.br\\\/loja3\\\/pontes-editores-home-2__trashed\\\/linguistica\\\/da-ambiguidade-ao-equivoco-a-resistencia-da-lingua-nos-limites-da-sintaxe-e-do-discurso\\\/\",\"url\":\"https:\\\/\\\/ponteseditores.com.br\\\/loja3\\\/pontes-editores-home-2__trashed\\\/linguistica\\\/da-ambiguidade-ao-equivoco-a-resistencia-da-lingua-nos-limites-da-sintaxe-e-do-discurso\\\/\",\"name\":\"Da ambiguidade ao equ\u00edvoco: a resist\u00eancia da l\u00edngua nos limites da sintaxe e do discurso - Pontes Editores\",\"isPartOf\":{\"@id\":\"https:\\\/\\\/ponteseditores.com.br\\\/loja3\\\/#website\"},\"primaryImageOfPage\":{\"@id\":\"https:\\\/\\\/ponteseditores.com.br\\\/loja3\\\/pontes-editores-home-2__trashed\\\/linguistica\\\/da-ambiguidade-ao-equivoco-a-resistencia-da-lingua-nos-limites-da-sintaxe-e-do-discurso\\\/#primaryimage\"},\"image\":{\"@id\":\"https:\\\/\\\/ponteseditores.com.br\\\/loja3\\\/pontes-editores-home-2__trashed\\\/linguistica\\\/da-ambiguidade-ao-equivoco-a-resistencia-da-lingua-nos-limites-da-sintaxe-e-do-discurso\\\/#primaryimage\"},\"thumbnailUrl\":\"https:\\\/\\\/ponteseditores.com.br\\\/loja3\\\/wp-content\\\/uploads\\\/2023\\\/12\\\/Capa_Ambiguidade-3.jpg\",\"datePublished\":\"2023-12-16T01:53:10+00:00\",\"dateModified\":\"2025-10-14T13:09:29+00:00\",\"breadcrumb\":{\"@id\":\"https:\\\/\\\/ponteseditores.com.br\\\/loja3\\\/pontes-editores-home-2__trashed\\\/linguistica\\\/da-ambiguidade-ao-equivoco-a-resistencia-da-lingua-nos-limites-da-sintaxe-e-do-discurso\\\/#breadcrumb\"},\"inLanguage\":\"pt-BR\",\"potentialAction\":[{\"@type\":\"ReadAction\",\"target\":[\"https:\\\/\\\/ponteseditores.com.br\\\/loja3\\\/pontes-editores-home-2__trashed\\\/linguistica\\\/da-ambiguidade-ao-equivoco-a-resistencia-da-lingua-nos-limites-da-sintaxe-e-do-discurso\\\/\"]}]},{\"@type\":\"ImageObject\",\"inLanguage\":\"pt-BR\",\"@id\":\"https:\\\/\\\/ponteseditores.com.br\\\/loja3\\\/pontes-editores-home-2__trashed\\\/linguistica\\\/da-ambiguidade-ao-equivoco-a-resistencia-da-lingua-nos-limites-da-sintaxe-e-do-discurso\\\/#primaryimage\",\"url\":\"https:\\\/\\\/ponteseditores.com.br\\\/loja3\\\/wp-content\\\/uploads\\\/2023\\\/12\\\/Capa_Ambiguidade-3.jpg\",\"contentUrl\":\"https:\\\/\\\/ponteseditores.com.br\\\/loja3\\\/wp-content\\\/uploads\\\/2023\\\/12\\\/Capa_Ambiguidade-3.jpg\",\"width\":1728,\"height\":2443},{\"@type\":\"BreadcrumbList\",\"@id\":\"https:\\\/\\\/ponteseditores.com.br\\\/loja3\\\/pontes-editores-home-2__trashed\\\/linguistica\\\/da-ambiguidade-ao-equivoco-a-resistencia-da-lingua-nos-limites-da-sintaxe-e-do-discurso\\\/#breadcrumb\",\"itemListElement\":[{\"@type\":\"ListItem\",\"position\":1,\"name\":\"Home\",\"item\":\"https:\\\/\\\/ponteseditores.com.br\\\/loja3\\\/\"},{\"@type\":\"ListItem\",\"position\":2,\"name\":\"loja\",\"item\":\"https:\\\/\\\/ponteseditores.com.br\\\/loja3\\\/loja\\\/\"},{\"@type\":\"ListItem\",\"position\":3,\"name\":\"Da ambiguidade ao equ\u00edvoco: a resist\u00eancia da l\u00edngua nos limites da sintaxe e do discurso\"}]},{\"@type\":\"WebSite\",\"@id\":\"https:\\\/\\\/ponteseditores.com.br\\\/loja3\\\/#website\",\"url\":\"https:\\\/\\\/ponteseditores.com.br\\\/loja3\\\/\",\"name\":\"Pontes Editores\",\"description\":\"Pontes Editores\",\"publisher\":{\"@id\":\"https:\\\/\\\/ponteseditores.com.br\\\/loja3\\\/#organization\"},\"potentialAction\":[{\"@type\":\"SearchAction\",\"target\":{\"@type\":\"EntryPoint\",\"urlTemplate\":\"https:\\\/\\\/ponteseditores.com.br\\\/loja3\\\/?s={search_term_string}\"},\"query-input\":{\"@type\":\"PropertyValueSpecification\",\"valueRequired\":true,\"valueName\":\"search_term_string\"}}],\"inLanguage\":\"pt-BR\"},{\"@type\":\"Organization\",\"@id\":\"https:\\\/\\\/ponteseditores.com.br\\\/loja3\\\/#organization\",\"name\":\"Pontes Editores\",\"url\":\"https:\\\/\\\/ponteseditores.com.br\\\/loja3\\\/\",\"logo\":{\"@type\":\"ImageObject\",\"inLanguage\":\"pt-BR\",\"@id\":\"https:\\\/\\\/ponteseditores.com.br\\\/loja3\\\/#\\\/schema\\\/logo\\\/image\\\/\",\"url\":\"https:\\\/\\\/ponteseditores.com.br\\\/loja3\\\/wp-content\\\/uploads\\\/2023\\\/12\\\/logo-pontes-editores-v2.png\",\"contentUrl\":\"https:\\\/\\\/ponteseditores.com.br\\\/loja3\\\/wp-content\\\/uploads\\\/2023\\\/12\\\/logo-pontes-editores-v2.png\",\"width\":258,\"height\":100,\"caption\":\"Pontes Editores\"},\"image\":{\"@id\":\"https:\\\/\\\/ponteseditores.com.br\\\/loja3\\\/#\\\/schema\\\/logo\\\/image\\\/\"}}]}<\/script>\n<!-- \/ Yoast SEO plugin. -->","yoast_head_json":{"title":"Da ambiguidade ao equ\u00edvoco: a resist\u00eancia da l\u00edngua nos limites da sintaxe e do discurso - Pontes Editores","robots":{"index":"index","follow":"follow","max-snippet":"max-snippet:-1","max-image-preview":"max-image-preview:large","max-video-preview":"max-video-preview:-1"},"canonical":"https:\/\/ponteseditores.com.br\/loja3\/pontes-editores-home-2__trashed\/linguistica\/da-ambiguidade-ao-equivoco-a-resistencia-da-lingua-nos-limites-da-sintaxe-e-do-discurso\/","og_locale":"pt_BR","og_type":"article","og_title":"Da ambiguidade ao equ\u00edvoco: a resist\u00eancia da l\u00edngua nos limites da sintaxe e do discurso - Pontes Editores","og_description":"Foi com muita alegria que recebi o convite de Maria Cristina Leandro Ferreira para escrever o texto da quarta capa de seu belo livro, Da ambiguidade ao equ\u00edvoco. Sa\u00fado a reedi\u00e7\u00e3o deste seu livro t\u00e3o importante e necess\u00e1rio para refletir sobre \u201ca resist\u00eancia da l\u00edngua nos limites da sintaxe e do discurso\u201d, como seu subt\u00edtulo [&hellip;]","og_url":"https:\/\/ponteseditores.com.br\/loja3\/pontes-editores-home-2__trashed\/linguistica\/da-ambiguidade-ao-equivoco-a-resistencia-da-lingua-nos-limites-da-sintaxe-e-do-discurso\/","og_site_name":"Pontes Editores","article_modified_time":"2025-10-14T13:09:29+00:00","og_image":[{"width":1728,"height":2443,"url":"https:\/\/ponteseditores.com.br\/loja3\/wp-content\/uploads\/2023\/12\/Capa_Ambiguidade-3.jpg","type":"image\/jpeg"}],"twitter_card":"summary_large_image","twitter_misc":{"Est. tempo de leitura":"2 minutos"},"schema":{"@context":"https:\/\/schema.org","@graph":[{"@type":"WebPage","@id":"https:\/\/ponteseditores.com.br\/loja3\/pontes-editores-home-2__trashed\/linguistica\/da-ambiguidade-ao-equivoco-a-resistencia-da-lingua-nos-limites-da-sintaxe-e-do-discurso\/","url":"https:\/\/ponteseditores.com.br\/loja3\/pontes-editores-home-2__trashed\/linguistica\/da-ambiguidade-ao-equivoco-a-resistencia-da-lingua-nos-limites-da-sintaxe-e-do-discurso\/","name":"Da ambiguidade ao equ\u00edvoco: a resist\u00eancia da l\u00edngua nos limites da sintaxe e do discurso - Pontes Editores","isPartOf":{"@id":"https:\/\/ponteseditores.com.br\/loja3\/#website"},"primaryImageOfPage":{"@id":"https:\/\/ponteseditores.com.br\/loja3\/pontes-editores-home-2__trashed\/linguistica\/da-ambiguidade-ao-equivoco-a-resistencia-da-lingua-nos-limites-da-sintaxe-e-do-discurso\/#primaryimage"},"image":{"@id":"https:\/\/ponteseditores.com.br\/loja3\/pontes-editores-home-2__trashed\/linguistica\/da-ambiguidade-ao-equivoco-a-resistencia-da-lingua-nos-limites-da-sintaxe-e-do-discurso\/#primaryimage"},"thumbnailUrl":"https:\/\/ponteseditores.com.br\/loja3\/wp-content\/uploads\/2023\/12\/Capa_Ambiguidade-3.jpg","datePublished":"2023-12-16T01:53:10+00:00","dateModified":"2025-10-14T13:09:29+00:00","breadcrumb":{"@id":"https:\/\/ponteseditores.com.br\/loja3\/pontes-editores-home-2__trashed\/linguistica\/da-ambiguidade-ao-equivoco-a-resistencia-da-lingua-nos-limites-da-sintaxe-e-do-discurso\/#breadcrumb"},"inLanguage":"pt-BR","potentialAction":[{"@type":"ReadAction","target":["https:\/\/ponteseditores.com.br\/loja3\/pontes-editores-home-2__trashed\/linguistica\/da-ambiguidade-ao-equivoco-a-resistencia-da-lingua-nos-limites-da-sintaxe-e-do-discurso\/"]}]},{"@type":"ImageObject","inLanguage":"pt-BR","@id":"https:\/\/ponteseditores.com.br\/loja3\/pontes-editores-home-2__trashed\/linguistica\/da-ambiguidade-ao-equivoco-a-resistencia-da-lingua-nos-limites-da-sintaxe-e-do-discurso\/#primaryimage","url":"https:\/\/ponteseditores.com.br\/loja3\/wp-content\/uploads\/2023\/12\/Capa_Ambiguidade-3.jpg","contentUrl":"https:\/\/ponteseditores.com.br\/loja3\/wp-content\/uploads\/2023\/12\/Capa_Ambiguidade-3.jpg","width":1728,"height":2443},{"@type":"BreadcrumbList","@id":"https:\/\/ponteseditores.com.br\/loja3\/pontes-editores-home-2__trashed\/linguistica\/da-ambiguidade-ao-equivoco-a-resistencia-da-lingua-nos-limites-da-sintaxe-e-do-discurso\/#breadcrumb","itemListElement":[{"@type":"ListItem","position":1,"name":"Home","item":"https:\/\/ponteseditores.com.br\/loja3\/"},{"@type":"ListItem","position":2,"name":"loja","item":"https:\/\/ponteseditores.com.br\/loja3\/loja\/"},{"@type":"ListItem","position":3,"name":"Da ambiguidade ao equ\u00edvoco: a resist\u00eancia da l\u00edngua nos limites da sintaxe e do discurso"}]},{"@type":"WebSite","@id":"https:\/\/ponteseditores.com.br\/loja3\/#website","url":"https:\/\/ponteseditores.com.br\/loja3\/","name":"Pontes Editores","description":"Pontes Editores","publisher":{"@id":"https:\/\/ponteseditores.com.br\/loja3\/#organization"},"potentialAction":[{"@type":"SearchAction","target":{"@type":"EntryPoint","urlTemplate":"https:\/\/ponteseditores.com.br\/loja3\/?s={search_term_string}"},"query-input":{"@type":"PropertyValueSpecification","valueRequired":true,"valueName":"search_term_string"}}],"inLanguage":"pt-BR"},{"@type":"Organization","@id":"https:\/\/ponteseditores.com.br\/loja3\/#organization","name":"Pontes Editores","url":"https:\/\/ponteseditores.com.br\/loja3\/","logo":{"@type":"ImageObject","inLanguage":"pt-BR","@id":"https:\/\/ponteseditores.com.br\/loja3\/#\/schema\/logo\/image\/","url":"https:\/\/ponteseditores.com.br\/loja3\/wp-content\/uploads\/2023\/12\/logo-pontes-editores-v2.png","contentUrl":"https:\/\/ponteseditores.com.br\/loja3\/wp-content\/uploads\/2023\/12\/logo-pontes-editores-v2.png","width":258,"height":100,"caption":"Pontes Editores"},"image":{"@id":"https:\/\/ponteseditores.com.br\/loja3\/#\/schema\/logo\/image\/"}}]}},"_links":{"self":[{"href":"https:\/\/ponteseditores.com.br\/loja3\/wp-json\/wp\/v2\/product\/8215","targetHints":{"allow":["GET"]}}],"collection":[{"href":"https:\/\/ponteseditores.com.br\/loja3\/wp-json\/wp\/v2\/product"}],"about":[{"href":"https:\/\/ponteseditores.com.br\/loja3\/wp-json\/wp\/v2\/types\/product"}],"replies":[{"embeddable":true,"href":"https:\/\/ponteseditores.com.br\/loja3\/wp-json\/wp\/v2\/comments?post=8215"}],"version-history":[{"count":1,"href":"https:\/\/ponteseditores.com.br\/loja3\/wp-json\/wp\/v2\/product\/8215\/revisions"}],"predecessor-version":[{"id":31856,"href":"https:\/\/ponteseditores.com.br\/loja3\/wp-json\/wp\/v2\/product\/8215\/revisions\/31856"}],"wp:featuredmedia":[{"embeddable":true,"href":"https:\/\/ponteseditores.com.br\/loja3\/wp-json\/wp\/v2\/media\/8214"}],"wp:attachment":[{"href":"https:\/\/ponteseditores.com.br\/loja3\/wp-json\/wp\/v2\/media?parent=8215"}],"wp:term":[{"taxonomy":"product_brand","embeddable":true,"href":"https:\/\/ponteseditores.com.br\/loja3\/wp-json\/wp\/v2\/product_brand?post=8215"},{"taxonomy":"product_cat","embeddable":true,"href":"https:\/\/ponteseditores.com.br\/loja3\/wp-json\/wp\/v2\/product_cat?post=8215"},{"taxonomy":"product_tag","embeddable":true,"href":"https:\/\/ponteseditores.com.br\/loja3\/wp-json\/wp\/v2\/product_tag?post=8215"}],"curies":[{"name":"wp","href":"https:\/\/api.w.org\/{rel}","templated":true}]}}