{"id":8196,"date":"2023-12-15T22:49:38","date_gmt":"2023-12-16T01:49:38","guid":{"rendered":"https:\/\/ponteseditores.com.br\/loja3\/pontes-editores-home-2__trashed\/sem categoria\/antropoceno-biopolitica-e-pos-humano\/"},"modified":"2025-05-11T12:12:03","modified_gmt":"2025-05-11T15:12:03","slug":"antropoceno-biopolitica-e-pos-humano","status":"publish","type":"product","link":"https:\/\/ponteseditores.com.br\/loja3\/pontes-editores-home-2__trashed\/antropologia\/antropoceno-biopolitica-e-pos-humano\/","title":{"rendered":"Antropoceno, Biopol\u00edtica e P\u00f3s-Humano"},"content":{"rendered":"<p>\u201cTalvez aqui valha a pena recordar a distin\u00e7\u00e3o entre o conceito e o paradigma de Antropoceno. A controv\u00e9rsia sobre o conceito continua viva. J\u00e1 o paradigma parece ter-se tornado consensual nas \u00faltimas d\u00e9cadas se se tomar a no\u00e7\u00e3o de paradigma como um dom\u00ednio de estudos que constitui uma comunidade de saber. Recorda-se desde que T. S. Kuhn criou a no\u00e7\u00e3o que alguns fil\u00f3sofos \u2013 como sempre \u2013 ficaram escandalizados porque ela n\u00e3o \u00e9 un\u00edvoca, ela compreende antes uma constela\u00e7\u00e3o de sentidos cujas rela\u00e7\u00f5es devem ser estendidas como uma \u201csemelhan\u00e7a de fam\u00edlia\u201d. Mas como em todas as fam\u00edlias, tamb\u00e9m nesta estamos inclinados a dar prefer\u00eancia a um sentido. Creio que a prop\u00f3sito deste paradigma vale a pena insistir na ideia de uma promessa de felicidade; ou seja, se h\u00e1 um conjunto de investigadores t\u00e3o dispares \u2013 esta colet\u00e2nea \u00e9 um bom exemplo \u2013 que se re\u00fanem, partilham saberes e aprofundam um dom\u00ednio de investiga\u00e7\u00e3o novo, \u00e9 justamente porque acreditam que os temas aparentemente t\u00e3o distantes ganham uma nova inteligibilidade se pensados a partir desse conceito. Veja bem. Leia o \u00edndice do livro. Vai encontrar autores de v\u00e1rias nacionalidades, que abordam temas como: pode um rio morrer, as bombardeiras no Brasil, as pr\u00e1ticas diet\u00e9ticas, Hatsume Miku e as ovelhas el\u00e9tricas, a pandemia no Capitaloceno, a natureza e o anti-dualismo, os mon\u00f3litos neoliberais. Mas se depois de ter lido estes ensaios come\u00e7ar a pensar em fugir da Terra, ent\u00e3o pode ler o ensaio sobre a explora\u00e7\u00e3o espacial.\u201d<\/p>\n<p>J. L. C\u00e2mara Leme<\/p>\n","protected":false},"excerpt":{"rendered":"<p>\u201cTalvez aqui valha a pena recordar a distin\u00e7\u00e3o entre o conceito e o paradigma de Antropoceno. A controv\u00e9rsia sobre o conceito continua viva. J\u00e1 o paradigma parece ter-se tornado consensual nas \u00faltimas d\u00e9cadas se se tomar a no\u00e7\u00e3o de paradigma como um dom\u00ednio de estudos que constitui uma comunidade de saber. Recorda-se desde que T. [&hellip;]<\/p>\n","protected":false},"featured_media":8195,"comment_status":"open","ping_status":"closed","template":"","meta":{"_joinchat":[]},"product_brand":[],"product_cat":[118,277],"product_tag":[],"class_list":{"0":"post-8196","1":"product","2":"type-product","3":"status-publish","4":"has-post-thumbnail","6":"product_cat-antropologia","7":"product_cat-sociologia","9":"first","10":"instock","11":"shipping-taxable","12":"purchasable","13":"product-type-simple"},"yoast_head":"<!-- This site is optimized with the Yoast SEO plugin v27.4 - https:\/\/yoast.com\/product\/yoast-seo-wordpress\/ -->\n<title>Antropoceno, Biopol\u00edtica e P\u00f3s-Humano - Pontes Editores<\/title>\n<meta name=\"robots\" content=\"index, follow, max-snippet:-1, max-image-preview:large, max-video-preview:-1\" \/>\n<link rel=\"canonical\" href=\"https:\/\/ponteseditores.com.br\/loja3\/pontes-editores-home-2__trashed\/antropologia\/antropoceno-biopolitica-e-pos-humano\/\" \/>\n<meta property=\"og:locale\" content=\"pt_BR\" \/>\n<meta property=\"og:type\" content=\"article\" \/>\n<meta property=\"og:title\" content=\"Antropoceno, Biopol\u00edtica e P\u00f3s-Humano - Pontes Editores\" \/>\n<meta property=\"og:description\" content=\"\u201cTalvez aqui valha a pena recordar a distin\u00e7\u00e3o entre o conceito e o paradigma de Antropoceno. A controv\u00e9rsia sobre o conceito continua viva. J\u00e1 o paradigma parece ter-se tornado consensual nas \u00faltimas d\u00e9cadas se se tomar a no\u00e7\u00e3o de paradigma como um dom\u00ednio de estudos que constitui uma comunidade de saber. Recorda-se desde que T. [&hellip;]\" \/>\n<meta property=\"og:url\" content=\"https:\/\/ponteseditores.com.br\/loja3\/pontes-editores-home-2__trashed\/antropologia\/antropoceno-biopolitica-e-pos-humano\/\" \/>\n<meta property=\"og:site_name\" content=\"Pontes Editores\" \/>\n<meta property=\"article:modified_time\" content=\"2025-05-11T15:12:03+00:00\" \/>\n<meta property=\"og:image\" content=\"https:\/\/ponteseditores.com.br\/loja3\/wp-content\/uploads\/2023\/12\/Capa_Antropoceno-3.jpg\" \/>\n\t<meta property=\"og:image:width\" content=\"1700\" \/>\n\t<meta property=\"og:image:height\" content=\"2443\" \/>\n\t<meta property=\"og:image:type\" content=\"image\/jpeg\" \/>\n<meta name=\"twitter:card\" content=\"summary_large_image\" \/>\n<meta name=\"twitter:label1\" content=\"Est. tempo de leitura\" \/>\n\t<meta name=\"twitter:data1\" content=\"1 minuto\" \/>\n<script type=\"application\/ld+json\" class=\"yoast-schema-graph\">{\"@context\":\"https:\\\/\\\/schema.org\",\"@graph\":[{\"@type\":\"WebPage\",\"@id\":\"https:\\\/\\\/ponteseditores.com.br\\\/loja3\\\/pontes-editores-home-2__trashed\\\/antropologia\\\/antropoceno-biopolitica-e-pos-humano\\\/\",\"url\":\"https:\\\/\\\/ponteseditores.com.br\\\/loja3\\\/pontes-editores-home-2__trashed\\\/antropologia\\\/antropoceno-biopolitica-e-pos-humano\\\/\",\"name\":\"Antropoceno, Biopol\u00edtica e P\u00f3s-Humano - Pontes Editores\",\"isPartOf\":{\"@id\":\"https:\\\/\\\/ponteseditores.com.br\\\/loja3\\\/#website\"},\"primaryImageOfPage\":{\"@id\":\"https:\\\/\\\/ponteseditores.com.br\\\/loja3\\\/pontes-editores-home-2__trashed\\\/antropologia\\\/antropoceno-biopolitica-e-pos-humano\\\/#primaryimage\"},\"image\":{\"@id\":\"https:\\\/\\\/ponteseditores.com.br\\\/loja3\\\/pontes-editores-home-2__trashed\\\/antropologia\\\/antropoceno-biopolitica-e-pos-humano\\\/#primaryimage\"},\"thumbnailUrl\":\"https:\\\/\\\/ponteseditores.com.br\\\/loja3\\\/wp-content\\\/uploads\\\/2023\\\/12\\\/Capa_Antropoceno-3.jpg\",\"datePublished\":\"2023-12-16T01:49:38+00:00\",\"dateModified\":\"2025-05-11T15:12:03+00:00\",\"breadcrumb\":{\"@id\":\"https:\\\/\\\/ponteseditores.com.br\\\/loja3\\\/pontes-editores-home-2__trashed\\\/antropologia\\\/antropoceno-biopolitica-e-pos-humano\\\/#breadcrumb\"},\"inLanguage\":\"pt-BR\",\"potentialAction\":[{\"@type\":\"ReadAction\",\"target\":[\"https:\\\/\\\/ponteseditores.com.br\\\/loja3\\\/pontes-editores-home-2__trashed\\\/antropologia\\\/antropoceno-biopolitica-e-pos-humano\\\/\"]}]},{\"@type\":\"ImageObject\",\"inLanguage\":\"pt-BR\",\"@id\":\"https:\\\/\\\/ponteseditores.com.br\\\/loja3\\\/pontes-editores-home-2__trashed\\\/antropologia\\\/antropoceno-biopolitica-e-pos-humano\\\/#primaryimage\",\"url\":\"https:\\\/\\\/ponteseditores.com.br\\\/loja3\\\/wp-content\\\/uploads\\\/2023\\\/12\\\/Capa_Antropoceno-3.jpg\",\"contentUrl\":\"https:\\\/\\\/ponteseditores.com.br\\\/loja3\\\/wp-content\\\/uploads\\\/2023\\\/12\\\/Capa_Antropoceno-3.jpg\",\"width\":1700,\"height\":2443},{\"@type\":\"BreadcrumbList\",\"@id\":\"https:\\\/\\\/ponteseditores.com.br\\\/loja3\\\/pontes-editores-home-2__trashed\\\/antropologia\\\/antropoceno-biopolitica-e-pos-humano\\\/#breadcrumb\",\"itemListElement\":[{\"@type\":\"ListItem\",\"position\":1,\"name\":\"Home\",\"item\":\"https:\\\/\\\/ponteseditores.com.br\\\/loja3\\\/\"},{\"@type\":\"ListItem\",\"position\":2,\"name\":\"loja\",\"item\":\"https:\\\/\\\/ponteseditores.com.br\\\/loja3\\\/loja\\\/\"},{\"@type\":\"ListItem\",\"position\":3,\"name\":\"Antropoceno, Biopol\u00edtica e P\u00f3s-Humano\"}]},{\"@type\":\"WebSite\",\"@id\":\"https:\\\/\\\/ponteseditores.com.br\\\/loja3\\\/#website\",\"url\":\"https:\\\/\\\/ponteseditores.com.br\\\/loja3\\\/\",\"name\":\"Pontes Editores\",\"description\":\"Pontes Editores\",\"publisher\":{\"@id\":\"https:\\\/\\\/ponteseditores.com.br\\\/loja3\\\/#organization\"},\"potentialAction\":[{\"@type\":\"SearchAction\",\"target\":{\"@type\":\"EntryPoint\",\"urlTemplate\":\"https:\\\/\\\/ponteseditores.com.br\\\/loja3\\\/?s={search_term_string}\"},\"query-input\":{\"@type\":\"PropertyValueSpecification\",\"valueRequired\":true,\"valueName\":\"search_term_string\"}}],\"inLanguage\":\"pt-BR\"},{\"@type\":\"Organization\",\"@id\":\"https:\\\/\\\/ponteseditores.com.br\\\/loja3\\\/#organization\",\"name\":\"Pontes Editores\",\"url\":\"https:\\\/\\\/ponteseditores.com.br\\\/loja3\\\/\",\"logo\":{\"@type\":\"ImageObject\",\"inLanguage\":\"pt-BR\",\"@id\":\"https:\\\/\\\/ponteseditores.com.br\\\/loja3\\\/#\\\/schema\\\/logo\\\/image\\\/\",\"url\":\"https:\\\/\\\/ponteseditores.com.br\\\/loja3\\\/wp-content\\\/uploads\\\/2023\\\/12\\\/logo-pontes-editores-v2.png\",\"contentUrl\":\"https:\\\/\\\/ponteseditores.com.br\\\/loja3\\\/wp-content\\\/uploads\\\/2023\\\/12\\\/logo-pontes-editores-v2.png\",\"width\":258,\"height\":100,\"caption\":\"Pontes Editores\"},\"image\":{\"@id\":\"https:\\\/\\\/ponteseditores.com.br\\\/loja3\\\/#\\\/schema\\\/logo\\\/image\\\/\"}}]}<\/script>\n<!-- \/ Yoast SEO plugin. -->","yoast_head_json":{"title":"Antropoceno, Biopol\u00edtica e P\u00f3s-Humano - Pontes Editores","robots":{"index":"index","follow":"follow","max-snippet":"max-snippet:-1","max-image-preview":"max-image-preview:large","max-video-preview":"max-video-preview:-1"},"canonical":"https:\/\/ponteseditores.com.br\/loja3\/pontes-editores-home-2__trashed\/antropologia\/antropoceno-biopolitica-e-pos-humano\/","og_locale":"pt_BR","og_type":"article","og_title":"Antropoceno, Biopol\u00edtica e P\u00f3s-Humano - Pontes Editores","og_description":"\u201cTalvez aqui valha a pena recordar a distin\u00e7\u00e3o entre o conceito e o paradigma de Antropoceno. A controv\u00e9rsia sobre o conceito continua viva. J\u00e1 o paradigma parece ter-se tornado consensual nas \u00faltimas d\u00e9cadas se se tomar a no\u00e7\u00e3o de paradigma como um dom\u00ednio de estudos que constitui uma comunidade de saber. Recorda-se desde que T. [&hellip;]","og_url":"https:\/\/ponteseditores.com.br\/loja3\/pontes-editores-home-2__trashed\/antropologia\/antropoceno-biopolitica-e-pos-humano\/","og_site_name":"Pontes Editores","article_modified_time":"2025-05-11T15:12:03+00:00","og_image":[{"width":1700,"height":2443,"url":"https:\/\/ponteseditores.com.br\/loja3\/wp-content\/uploads\/2023\/12\/Capa_Antropoceno-3.jpg","type":"image\/jpeg"}],"twitter_card":"summary_large_image","twitter_misc":{"Est. tempo de leitura":"1 minuto"},"schema":{"@context":"https:\/\/schema.org","@graph":[{"@type":"WebPage","@id":"https:\/\/ponteseditores.com.br\/loja3\/pontes-editores-home-2__trashed\/antropologia\/antropoceno-biopolitica-e-pos-humano\/","url":"https:\/\/ponteseditores.com.br\/loja3\/pontes-editores-home-2__trashed\/antropologia\/antropoceno-biopolitica-e-pos-humano\/","name":"Antropoceno, Biopol\u00edtica e P\u00f3s-Humano - Pontes Editores","isPartOf":{"@id":"https:\/\/ponteseditores.com.br\/loja3\/#website"},"primaryImageOfPage":{"@id":"https:\/\/ponteseditores.com.br\/loja3\/pontes-editores-home-2__trashed\/antropologia\/antropoceno-biopolitica-e-pos-humano\/#primaryimage"},"image":{"@id":"https:\/\/ponteseditores.com.br\/loja3\/pontes-editores-home-2__trashed\/antropologia\/antropoceno-biopolitica-e-pos-humano\/#primaryimage"},"thumbnailUrl":"https:\/\/ponteseditores.com.br\/loja3\/wp-content\/uploads\/2023\/12\/Capa_Antropoceno-3.jpg","datePublished":"2023-12-16T01:49:38+00:00","dateModified":"2025-05-11T15:12:03+00:00","breadcrumb":{"@id":"https:\/\/ponteseditores.com.br\/loja3\/pontes-editores-home-2__trashed\/antropologia\/antropoceno-biopolitica-e-pos-humano\/#breadcrumb"},"inLanguage":"pt-BR","potentialAction":[{"@type":"ReadAction","target":["https:\/\/ponteseditores.com.br\/loja3\/pontes-editores-home-2__trashed\/antropologia\/antropoceno-biopolitica-e-pos-humano\/"]}]},{"@type":"ImageObject","inLanguage":"pt-BR","@id":"https:\/\/ponteseditores.com.br\/loja3\/pontes-editores-home-2__trashed\/antropologia\/antropoceno-biopolitica-e-pos-humano\/#primaryimage","url":"https:\/\/ponteseditores.com.br\/loja3\/wp-content\/uploads\/2023\/12\/Capa_Antropoceno-3.jpg","contentUrl":"https:\/\/ponteseditores.com.br\/loja3\/wp-content\/uploads\/2023\/12\/Capa_Antropoceno-3.jpg","width":1700,"height":2443},{"@type":"BreadcrumbList","@id":"https:\/\/ponteseditores.com.br\/loja3\/pontes-editores-home-2__trashed\/antropologia\/antropoceno-biopolitica-e-pos-humano\/#breadcrumb","itemListElement":[{"@type":"ListItem","position":1,"name":"Home","item":"https:\/\/ponteseditores.com.br\/loja3\/"},{"@type":"ListItem","position":2,"name":"loja","item":"https:\/\/ponteseditores.com.br\/loja3\/loja\/"},{"@type":"ListItem","position":3,"name":"Antropoceno, Biopol\u00edtica e P\u00f3s-Humano"}]},{"@type":"WebSite","@id":"https:\/\/ponteseditores.com.br\/loja3\/#website","url":"https:\/\/ponteseditores.com.br\/loja3\/","name":"Pontes Editores","description":"Pontes Editores","publisher":{"@id":"https:\/\/ponteseditores.com.br\/loja3\/#organization"},"potentialAction":[{"@type":"SearchAction","target":{"@type":"EntryPoint","urlTemplate":"https:\/\/ponteseditores.com.br\/loja3\/?s={search_term_string}"},"query-input":{"@type":"PropertyValueSpecification","valueRequired":true,"valueName":"search_term_string"}}],"inLanguage":"pt-BR"},{"@type":"Organization","@id":"https:\/\/ponteseditores.com.br\/loja3\/#organization","name":"Pontes Editores","url":"https:\/\/ponteseditores.com.br\/loja3\/","logo":{"@type":"ImageObject","inLanguage":"pt-BR","@id":"https:\/\/ponteseditores.com.br\/loja3\/#\/schema\/logo\/image\/","url":"https:\/\/ponteseditores.com.br\/loja3\/wp-content\/uploads\/2023\/12\/logo-pontes-editores-v2.png","contentUrl":"https:\/\/ponteseditores.com.br\/loja3\/wp-content\/uploads\/2023\/12\/logo-pontes-editores-v2.png","width":258,"height":100,"caption":"Pontes Editores"},"image":{"@id":"https:\/\/ponteseditores.com.br\/loja3\/#\/schema\/logo\/image\/"}}]}},"_links":{"self":[{"href":"https:\/\/ponteseditores.com.br\/loja3\/wp-json\/wp\/v2\/product\/8196","targetHints":{"allow":["GET"]}}],"collection":[{"href":"https:\/\/ponteseditores.com.br\/loja3\/wp-json\/wp\/v2\/product"}],"about":[{"href":"https:\/\/ponteseditores.com.br\/loja3\/wp-json\/wp\/v2\/types\/product"}],"replies":[{"embeddable":true,"href":"https:\/\/ponteseditores.com.br\/loja3\/wp-json\/wp\/v2\/comments?post=8196"}],"version-history":[{"count":0,"href":"https:\/\/ponteseditores.com.br\/loja3\/wp-json\/wp\/v2\/product\/8196\/revisions"}],"wp:featuredmedia":[{"embeddable":true,"href":"https:\/\/ponteseditores.com.br\/loja3\/wp-json\/wp\/v2\/media\/8195"}],"wp:attachment":[{"href":"https:\/\/ponteseditores.com.br\/loja3\/wp-json\/wp\/v2\/media?parent=8196"}],"wp:term":[{"taxonomy":"product_brand","embeddable":true,"href":"https:\/\/ponteseditores.com.br\/loja3\/wp-json\/wp\/v2\/product_brand?post=8196"},{"taxonomy":"product_cat","embeddable":true,"href":"https:\/\/ponteseditores.com.br\/loja3\/wp-json\/wp\/v2\/product_cat?post=8196"},{"taxonomy":"product_tag","embeddable":true,"href":"https:\/\/ponteseditores.com.br\/loja3\/wp-json\/wp\/v2\/product_tag?post=8196"}],"curies":[{"name":"wp","href":"https:\/\/api.w.org\/{rel}","templated":true}]}}