{"id":8194,"date":"2023-12-15T22:48:55","date_gmt":"2023-12-16T01:48:55","guid":{"rendered":"https:\/\/ponteseditores.com.br\/loja3\/pontes-editores-home-2__trashed\/sem categoria\/novas-fronteiras-em-analises-do-discurso-objetos-outros\/"},"modified":"2025-11-15T20:19:57","modified_gmt":"2025-11-15T23:19:57","slug":"novas-fronteiras-em-analises-do-discurso-objetos-outros","status":"publish","type":"product","link":"https:\/\/ponteseditores.com.br\/loja3\/pontes-editores-home-2__trashed\/linguistica\/novas-fronteiras-em-analises-do-discurso-objetos-outros\/","title":{"rendered":"Novas Fronteiras em An\u00e1lises do Discurso: objetos outros"},"content":{"rendered":"<p>Dada a natureza hist\u00f3rica do discurso, o trabalho nesse campo exige um constante redimensionamento das suas formas de recortar, teorizar e entender as fronteiras dos objetos investigados. Diante da sensibiliza\u00e7\u00e3o do atual momento no qual as teorias e pr\u00e1ticas discursivas vivem, este livro, Novas Fronteiras Em An\u00e1lises Do Discurso: Objetos Outros, entende os limites entre um saber e outros, como possibilidades de compreens\u00e3o mais ampla dos estudos aqui propostos. Por isso, as cesuras delineadas em cada movimento de interpreta\u00e7\u00e3o s\u00e3o, nesse espa\u00e7o, condi\u00e7\u00e3o de surgimento de olhares outros para realidades que emergem da complexa din\u00e2mica da sociedade. Desse modo, as investiga\u00e7\u00f5es que comp\u00f5em esta obra discutem tem\u00e1ticas voltadas para o corpo, para o espa\u00e7o, para o som, para a imagem e outros objetos de express\u00e3o discursiva, em diferentes \u00e2mbitos, compondo um mosaico de operadores de interpreta\u00e7\u00f5es heterog\u00eaneas em suas regularidades, em suas irregularidades e em suas derivas como poss\u00edveis novas fronteiras \u00e0 An\u00e1lise do Discurso.<\/p>\n","protected":false},"excerpt":{"rendered":"<p>Dada a natureza hist\u00f3rica do discurso, o trabalho nesse campo exige um constante redimensionamento das suas formas de recortar, teorizar e entender as fronteiras dos objetos investigados. Diante da sensibiliza\u00e7\u00e3o do atual momento no qual as teorias e pr\u00e1ticas discursivas vivem, este livro, Novas Fronteiras Em An\u00e1lises Do Discurso: Objetos Outros, entende os limites entre [&hellip;]<\/p>\n","protected":false},"featured_media":8193,"comment_status":"open","ping_status":"closed","template":"","meta":{"_joinchat":[]},"product_brand":[],"product_cat":[301,31],"product_tag":[],"class_list":{"0":"post-8194","1":"product","2":"type-product","3":"status-publish","4":"has-post-thumbnail","6":"product_cat-analise-de-discurso","7":"product_cat-linguistica","9":"first","10":"instock","11":"shipping-taxable","12":"purchasable","13":"product-type-simple"},"yoast_head":"<!-- This site is optimized with the Yoast SEO plugin v27.4 - https:\/\/yoast.com\/product\/yoast-seo-wordpress\/ -->\n<title>Novas Fronteiras em An\u00e1lises do Discurso: objetos outros - Pontes Editores<\/title>\n<meta name=\"robots\" content=\"index, follow, max-snippet:-1, max-image-preview:large, max-video-preview:-1\" \/>\n<link rel=\"canonical\" href=\"https:\/\/ponteseditores.com.br\/loja3\/pontes-editores-home-2__trashed\/linguistica\/novas-fronteiras-em-analises-do-discurso-objetos-outros\/\" \/>\n<meta property=\"og:locale\" content=\"pt_BR\" \/>\n<meta property=\"og:type\" content=\"article\" \/>\n<meta property=\"og:title\" content=\"Novas Fronteiras em An\u00e1lises do Discurso: objetos outros - Pontes Editores\" \/>\n<meta property=\"og:description\" content=\"Dada a natureza hist\u00f3rica do discurso, o trabalho nesse campo exige um constante redimensionamento das suas formas de recortar, teorizar e entender as fronteiras dos objetos investigados. Diante da sensibiliza\u00e7\u00e3o do atual momento no qual as teorias e pr\u00e1ticas discursivas vivem, este livro, Novas Fronteiras Em An\u00e1lises Do Discurso: Objetos Outros, entende os limites entre [&hellip;]\" \/>\n<meta property=\"og:url\" content=\"https:\/\/ponteseditores.com.br\/loja3\/pontes-editores-home-2__trashed\/linguistica\/novas-fronteiras-em-analises-do-discurso-objetos-outros\/\" \/>\n<meta property=\"og:site_name\" content=\"Pontes Editores\" \/>\n<meta property=\"article:modified_time\" content=\"2025-11-15T23:19:57+00:00\" \/>\n<meta property=\"og:image\" content=\"https:\/\/ponteseditores.com.br\/loja3\/wp-content\/uploads\/2023\/12\/Capa_Novas_Fronteiras-3.jpg\" \/>\n\t<meta property=\"og:image:width\" content=\"1700\" \/>\n\t<meta property=\"og:image:height\" content=\"2443\" \/>\n\t<meta property=\"og:image:type\" content=\"image\/jpeg\" \/>\n<meta name=\"twitter:card\" content=\"summary_large_image\" \/>\n<meta name=\"twitter:label1\" content=\"Est. tempo de leitura\" \/>\n\t<meta name=\"twitter:data1\" content=\"1 minuto\" \/>\n<script type=\"application\/ld+json\" class=\"yoast-schema-graph\">{\"@context\":\"https:\\\/\\\/schema.org\",\"@graph\":[{\"@type\":\"WebPage\",\"@id\":\"https:\\\/\\\/ponteseditores.com.br\\\/loja3\\\/pontes-editores-home-2__trashed\\\/linguistica\\\/novas-fronteiras-em-analises-do-discurso-objetos-outros\\\/\",\"url\":\"https:\\\/\\\/ponteseditores.com.br\\\/loja3\\\/pontes-editores-home-2__trashed\\\/linguistica\\\/novas-fronteiras-em-analises-do-discurso-objetos-outros\\\/\",\"name\":\"Novas Fronteiras em An\u00e1lises do Discurso: objetos outros - Pontes Editores\",\"isPartOf\":{\"@id\":\"https:\\\/\\\/ponteseditores.com.br\\\/loja3\\\/#website\"},\"primaryImageOfPage\":{\"@id\":\"https:\\\/\\\/ponteseditores.com.br\\\/loja3\\\/pontes-editores-home-2__trashed\\\/linguistica\\\/novas-fronteiras-em-analises-do-discurso-objetos-outros\\\/#primaryimage\"},\"image\":{\"@id\":\"https:\\\/\\\/ponteseditores.com.br\\\/loja3\\\/pontes-editores-home-2__trashed\\\/linguistica\\\/novas-fronteiras-em-analises-do-discurso-objetos-outros\\\/#primaryimage\"},\"thumbnailUrl\":\"https:\\\/\\\/ponteseditores.com.br\\\/loja3\\\/wp-content\\\/uploads\\\/2023\\\/12\\\/Capa_Novas_Fronteiras-3.jpg\",\"datePublished\":\"2023-12-16T01:48:55+00:00\",\"dateModified\":\"2025-11-15T23:19:57+00:00\",\"breadcrumb\":{\"@id\":\"https:\\\/\\\/ponteseditores.com.br\\\/loja3\\\/pontes-editores-home-2__trashed\\\/linguistica\\\/novas-fronteiras-em-analises-do-discurso-objetos-outros\\\/#breadcrumb\"},\"inLanguage\":\"pt-BR\",\"potentialAction\":[{\"@type\":\"ReadAction\",\"target\":[\"https:\\\/\\\/ponteseditores.com.br\\\/loja3\\\/pontes-editores-home-2__trashed\\\/linguistica\\\/novas-fronteiras-em-analises-do-discurso-objetos-outros\\\/\"]}]},{\"@type\":\"ImageObject\",\"inLanguage\":\"pt-BR\",\"@id\":\"https:\\\/\\\/ponteseditores.com.br\\\/loja3\\\/pontes-editores-home-2__trashed\\\/linguistica\\\/novas-fronteiras-em-analises-do-discurso-objetos-outros\\\/#primaryimage\",\"url\":\"https:\\\/\\\/ponteseditores.com.br\\\/loja3\\\/wp-content\\\/uploads\\\/2023\\\/12\\\/Capa_Novas_Fronteiras-3.jpg\",\"contentUrl\":\"https:\\\/\\\/ponteseditores.com.br\\\/loja3\\\/wp-content\\\/uploads\\\/2023\\\/12\\\/Capa_Novas_Fronteiras-3.jpg\",\"width\":1700,\"height\":2443},{\"@type\":\"BreadcrumbList\",\"@id\":\"https:\\\/\\\/ponteseditores.com.br\\\/loja3\\\/pontes-editores-home-2__trashed\\\/linguistica\\\/novas-fronteiras-em-analises-do-discurso-objetos-outros\\\/#breadcrumb\",\"itemListElement\":[{\"@type\":\"ListItem\",\"position\":1,\"name\":\"Home\",\"item\":\"https:\\\/\\\/ponteseditores.com.br\\\/loja3\\\/\"},{\"@type\":\"ListItem\",\"position\":2,\"name\":\"loja\",\"item\":\"https:\\\/\\\/ponteseditores.com.br\\\/loja3\\\/loja\\\/\"},{\"@type\":\"ListItem\",\"position\":3,\"name\":\"Novas Fronteiras em An\u00e1lises do Discurso: objetos outros\"}]},{\"@type\":\"WebSite\",\"@id\":\"https:\\\/\\\/ponteseditores.com.br\\\/loja3\\\/#website\",\"url\":\"https:\\\/\\\/ponteseditores.com.br\\\/loja3\\\/\",\"name\":\"Pontes Editores\",\"description\":\"Pontes Editores\",\"publisher\":{\"@id\":\"https:\\\/\\\/ponteseditores.com.br\\\/loja3\\\/#organization\"},\"potentialAction\":[{\"@type\":\"SearchAction\",\"target\":{\"@type\":\"EntryPoint\",\"urlTemplate\":\"https:\\\/\\\/ponteseditores.com.br\\\/loja3\\\/?s={search_term_string}\"},\"query-input\":{\"@type\":\"PropertyValueSpecification\",\"valueRequired\":true,\"valueName\":\"search_term_string\"}}],\"inLanguage\":\"pt-BR\"},{\"@type\":\"Organization\",\"@id\":\"https:\\\/\\\/ponteseditores.com.br\\\/loja3\\\/#organization\",\"name\":\"Pontes Editores\",\"url\":\"https:\\\/\\\/ponteseditores.com.br\\\/loja3\\\/\",\"logo\":{\"@type\":\"ImageObject\",\"inLanguage\":\"pt-BR\",\"@id\":\"https:\\\/\\\/ponteseditores.com.br\\\/loja3\\\/#\\\/schema\\\/logo\\\/image\\\/\",\"url\":\"https:\\\/\\\/ponteseditores.com.br\\\/loja3\\\/wp-content\\\/uploads\\\/2023\\\/12\\\/logo-pontes-editores-v2.png\",\"contentUrl\":\"https:\\\/\\\/ponteseditores.com.br\\\/loja3\\\/wp-content\\\/uploads\\\/2023\\\/12\\\/logo-pontes-editores-v2.png\",\"width\":258,\"height\":100,\"caption\":\"Pontes Editores\"},\"image\":{\"@id\":\"https:\\\/\\\/ponteseditores.com.br\\\/loja3\\\/#\\\/schema\\\/logo\\\/image\\\/\"}}]}<\/script>\n<!-- \/ Yoast SEO plugin. -->","yoast_head_json":{"title":"Novas Fronteiras em An\u00e1lises do Discurso: objetos outros - Pontes Editores","robots":{"index":"index","follow":"follow","max-snippet":"max-snippet:-1","max-image-preview":"max-image-preview:large","max-video-preview":"max-video-preview:-1"},"canonical":"https:\/\/ponteseditores.com.br\/loja3\/pontes-editores-home-2__trashed\/linguistica\/novas-fronteiras-em-analises-do-discurso-objetos-outros\/","og_locale":"pt_BR","og_type":"article","og_title":"Novas Fronteiras em An\u00e1lises do Discurso: objetos outros - Pontes Editores","og_description":"Dada a natureza hist\u00f3rica do discurso, o trabalho nesse campo exige um constante redimensionamento das suas formas de recortar, teorizar e entender as fronteiras dos objetos investigados. Diante da sensibiliza\u00e7\u00e3o do atual momento no qual as teorias e pr\u00e1ticas discursivas vivem, este livro, Novas Fronteiras Em An\u00e1lises Do Discurso: Objetos Outros, entende os limites entre [&hellip;]","og_url":"https:\/\/ponteseditores.com.br\/loja3\/pontes-editores-home-2__trashed\/linguistica\/novas-fronteiras-em-analises-do-discurso-objetos-outros\/","og_site_name":"Pontes Editores","article_modified_time":"2025-11-15T23:19:57+00:00","og_image":[{"width":1700,"height":2443,"url":"https:\/\/ponteseditores.com.br\/loja3\/wp-content\/uploads\/2023\/12\/Capa_Novas_Fronteiras-3.jpg","type":"image\/jpeg"}],"twitter_card":"summary_large_image","twitter_misc":{"Est. tempo de leitura":"1 minuto"},"schema":{"@context":"https:\/\/schema.org","@graph":[{"@type":"WebPage","@id":"https:\/\/ponteseditores.com.br\/loja3\/pontes-editores-home-2__trashed\/linguistica\/novas-fronteiras-em-analises-do-discurso-objetos-outros\/","url":"https:\/\/ponteseditores.com.br\/loja3\/pontes-editores-home-2__trashed\/linguistica\/novas-fronteiras-em-analises-do-discurso-objetos-outros\/","name":"Novas Fronteiras em An\u00e1lises do Discurso: objetos outros - Pontes Editores","isPartOf":{"@id":"https:\/\/ponteseditores.com.br\/loja3\/#website"},"primaryImageOfPage":{"@id":"https:\/\/ponteseditores.com.br\/loja3\/pontes-editores-home-2__trashed\/linguistica\/novas-fronteiras-em-analises-do-discurso-objetos-outros\/#primaryimage"},"image":{"@id":"https:\/\/ponteseditores.com.br\/loja3\/pontes-editores-home-2__trashed\/linguistica\/novas-fronteiras-em-analises-do-discurso-objetos-outros\/#primaryimage"},"thumbnailUrl":"https:\/\/ponteseditores.com.br\/loja3\/wp-content\/uploads\/2023\/12\/Capa_Novas_Fronteiras-3.jpg","datePublished":"2023-12-16T01:48:55+00:00","dateModified":"2025-11-15T23:19:57+00:00","breadcrumb":{"@id":"https:\/\/ponteseditores.com.br\/loja3\/pontes-editores-home-2__trashed\/linguistica\/novas-fronteiras-em-analises-do-discurso-objetos-outros\/#breadcrumb"},"inLanguage":"pt-BR","potentialAction":[{"@type":"ReadAction","target":["https:\/\/ponteseditores.com.br\/loja3\/pontes-editores-home-2__trashed\/linguistica\/novas-fronteiras-em-analises-do-discurso-objetos-outros\/"]}]},{"@type":"ImageObject","inLanguage":"pt-BR","@id":"https:\/\/ponteseditores.com.br\/loja3\/pontes-editores-home-2__trashed\/linguistica\/novas-fronteiras-em-analises-do-discurso-objetos-outros\/#primaryimage","url":"https:\/\/ponteseditores.com.br\/loja3\/wp-content\/uploads\/2023\/12\/Capa_Novas_Fronteiras-3.jpg","contentUrl":"https:\/\/ponteseditores.com.br\/loja3\/wp-content\/uploads\/2023\/12\/Capa_Novas_Fronteiras-3.jpg","width":1700,"height":2443},{"@type":"BreadcrumbList","@id":"https:\/\/ponteseditores.com.br\/loja3\/pontes-editores-home-2__trashed\/linguistica\/novas-fronteiras-em-analises-do-discurso-objetos-outros\/#breadcrumb","itemListElement":[{"@type":"ListItem","position":1,"name":"Home","item":"https:\/\/ponteseditores.com.br\/loja3\/"},{"@type":"ListItem","position":2,"name":"loja","item":"https:\/\/ponteseditores.com.br\/loja3\/loja\/"},{"@type":"ListItem","position":3,"name":"Novas Fronteiras em An\u00e1lises do Discurso: objetos outros"}]},{"@type":"WebSite","@id":"https:\/\/ponteseditores.com.br\/loja3\/#website","url":"https:\/\/ponteseditores.com.br\/loja3\/","name":"Pontes Editores","description":"Pontes Editores","publisher":{"@id":"https:\/\/ponteseditores.com.br\/loja3\/#organization"},"potentialAction":[{"@type":"SearchAction","target":{"@type":"EntryPoint","urlTemplate":"https:\/\/ponteseditores.com.br\/loja3\/?s={search_term_string}"},"query-input":{"@type":"PropertyValueSpecification","valueRequired":true,"valueName":"search_term_string"}}],"inLanguage":"pt-BR"},{"@type":"Organization","@id":"https:\/\/ponteseditores.com.br\/loja3\/#organization","name":"Pontes Editores","url":"https:\/\/ponteseditores.com.br\/loja3\/","logo":{"@type":"ImageObject","inLanguage":"pt-BR","@id":"https:\/\/ponteseditores.com.br\/loja3\/#\/schema\/logo\/image\/","url":"https:\/\/ponteseditores.com.br\/loja3\/wp-content\/uploads\/2023\/12\/logo-pontes-editores-v2.png","contentUrl":"https:\/\/ponteseditores.com.br\/loja3\/wp-content\/uploads\/2023\/12\/logo-pontes-editores-v2.png","width":258,"height":100,"caption":"Pontes Editores"},"image":{"@id":"https:\/\/ponteseditores.com.br\/loja3\/#\/schema\/logo\/image\/"}}]}},"_links":{"self":[{"href":"https:\/\/ponteseditores.com.br\/loja3\/wp-json\/wp\/v2\/product\/8194","targetHints":{"allow":["GET"]}}],"collection":[{"href":"https:\/\/ponteseditores.com.br\/loja3\/wp-json\/wp\/v2\/product"}],"about":[{"href":"https:\/\/ponteseditores.com.br\/loja3\/wp-json\/wp\/v2\/types\/product"}],"replies":[{"embeddable":true,"href":"https:\/\/ponteseditores.com.br\/loja3\/wp-json\/wp\/v2\/comments?post=8194"}],"version-history":[{"count":0,"href":"https:\/\/ponteseditores.com.br\/loja3\/wp-json\/wp\/v2\/product\/8194\/revisions"}],"wp:featuredmedia":[{"embeddable":true,"href":"https:\/\/ponteseditores.com.br\/loja3\/wp-json\/wp\/v2\/media\/8193"}],"wp:attachment":[{"href":"https:\/\/ponteseditores.com.br\/loja3\/wp-json\/wp\/v2\/media?parent=8194"}],"wp:term":[{"taxonomy":"product_brand","embeddable":true,"href":"https:\/\/ponteseditores.com.br\/loja3\/wp-json\/wp\/v2\/product_brand?post=8194"},{"taxonomy":"product_cat","embeddable":true,"href":"https:\/\/ponteseditores.com.br\/loja3\/wp-json\/wp\/v2\/product_cat?post=8194"},{"taxonomy":"product_tag","embeddable":true,"href":"https:\/\/ponteseditores.com.br\/loja3\/wp-json\/wp\/v2\/product_tag?post=8194"}],"curies":[{"name":"wp","href":"https:\/\/api.w.org\/{rel}","templated":true}]}}