{"id":8192,"date":"2023-12-15T22:48:09","date_gmt":"2023-12-16T01:48:09","guid":{"rendered":"https:\/\/ponteseditores.com.br\/loja3\/pontes-editores-home-2__trashed\/sem categoria\/testemunhos-de-resistencia-e-revolta-um-estudo-em-analise-do-discurso\/"},"modified":"2026-03-20T22:05:58","modified_gmt":"2026-03-21T01:05:58","slug":"testemunhos-de-resistencia-e-revolta-um-estudo-em-analise-do-discurso","status":"publish","type":"product","link":"https:\/\/ponteseditores.com.br\/loja3\/pontes-editores-home-2__trashed\/linguistica\/testemunhos-de-resistencia-e-revolta-um-estudo-em-analise-do-discurso\/","title":{"rendered":"Testemunhos de Resist\u00eancia e Revolta: um estudo em an\u00e1lise do discurso"},"content":{"rendered":"<p>Por que falar de luto e morte? Disso que ningu\u00e9m quer saber? Bethania ouve e analisa os testemunhos no entremeio da psican\u00e1lise e da hist\u00f3ria. \u00c9 novamente o sujeito em quest\u00e3o, no\u00e7\u00e3o que lhe \u00e9 t\u00e3o cara e plural. Enquanto analista do discurso, re\u00fane poss\u00edveis ditos daquilo que \u00e9 imposs\u00edvel de dizer, na possibilidade do memori\u00e1vel. Reafirma os invis\u00edveis discursos de resist\u00eancia. Trata da coibi\u00e7\u00e3o das lutas sociais. Problematiza o efeito de legitima\u00e7\u00e3o das a\u00e7\u00f5es violentas. Bethania n\u00e3o aceita a inscri\u00e7\u00e3o hist\u00f3rica censurada, imposta pelas inst\u00e2ncias de poder, exp\u00f5e os deslocamentos e equivocidades. D\u00e1 visibilidade \u00e0s revoltas cotidianas, na perspectiva pecheutiana, assinala que h\u00e1 sempre um ponto de origem n\u00e3o-detect\u00e1vel que faz retorno, imposs\u00edvel de ser aplacado, pois h\u00e1 sempre um foco de insurrei\u00e7\u00e3o n\u00e3o monitorado. Portanto, esse livrinho \u2013 como ela chama com intimidade \u2013 pode ser tanto uma flor como uma pequena pedra. Uma flor que brota na brecha do real da hist\u00f3ria para oferecer um pouco de conforto \u00e0 dor nas sepulturas enlutadas e nas valas desritualizadas, \u00e9 tamb\u00e9m uma promessa. Uma pequena pedra que pode ser guardada na m\u00e3o fechada, escondida como uma faca embainhada, capaz de abrir fissuras nos discursos oficiais, colocando em crise a ferida para fazer uma cr\u00edtica \u00e0 afirma\u00e7\u00e3o do \u00f3dio. Bethania est\u00e1 advertida do inconsciente pol\u00edtico. Sim! Ela est\u00e1 com o p\u00e9 na estrada. E n\u00f3s?<\/p>\n<p>Luciene Jung de Campos<\/p>\n","protected":false},"excerpt":{"rendered":"<p>Por que falar de luto e morte? Disso que ningu\u00e9m quer saber? Bethania ouve e analisa os testemunhos no entremeio da psican\u00e1lise e da hist\u00f3ria. \u00c9 novamente o sujeito em quest\u00e3o, no\u00e7\u00e3o que lhe \u00e9 t\u00e3o cara e plural. Enquanto analista do discurso, re\u00fane poss\u00edveis ditos daquilo que \u00e9 imposs\u00edvel de dizer, na possibilidade do [&hellip;]<\/p>\n","protected":false},"featured_media":8191,"comment_status":"open","ping_status":"closed","template":"","meta":{"_joinchat":[]},"product_brand":[],"product_cat":[301,31],"product_tag":[],"class_list":{"0":"post-8192","1":"product","2":"type-product","3":"status-publish","4":"has-post-thumbnail","6":"product_cat-analise-de-discurso","7":"product_cat-linguistica","9":"first","10":"instock","11":"shipping-taxable","12":"purchasable","13":"product-type-simple"},"yoast_head":"<!-- This site is optimized with the Yoast SEO plugin v27.4 - https:\/\/yoast.com\/product\/yoast-seo-wordpress\/ -->\n<title>Testemunhos de Resist\u00eancia e Revolta: um estudo em an\u00e1lise do discurso - Pontes Editores<\/title>\n<meta name=\"robots\" content=\"index, follow, max-snippet:-1, max-image-preview:large, max-video-preview:-1\" \/>\n<link rel=\"canonical\" href=\"https:\/\/ponteseditores.com.br\/loja3\/pontes-editores-home-2__trashed\/linguistica\/testemunhos-de-resistencia-e-revolta-um-estudo-em-analise-do-discurso\/\" \/>\n<meta property=\"og:locale\" content=\"pt_BR\" \/>\n<meta property=\"og:type\" content=\"article\" \/>\n<meta property=\"og:title\" content=\"Testemunhos de Resist\u00eancia e Revolta: um estudo em an\u00e1lise do discurso - Pontes Editores\" \/>\n<meta property=\"og:description\" content=\"Por que falar de luto e morte? Disso que ningu\u00e9m quer saber? Bethania ouve e analisa os testemunhos no entremeio da psican\u00e1lise e da hist\u00f3ria. \u00c9 novamente o sujeito em quest\u00e3o, no\u00e7\u00e3o que lhe \u00e9 t\u00e3o cara e plural. Enquanto analista do discurso, re\u00fane poss\u00edveis ditos daquilo que \u00e9 imposs\u00edvel de dizer, na possibilidade do [&hellip;]\" \/>\n<meta property=\"og:url\" content=\"https:\/\/ponteseditores.com.br\/loja3\/pontes-editores-home-2__trashed\/linguistica\/testemunhos-de-resistencia-e-revolta-um-estudo-em-analise-do-discurso\/\" \/>\n<meta property=\"og:site_name\" content=\"Pontes Editores\" \/>\n<meta property=\"article:modified_time\" content=\"2026-03-21T01:05:58+00:00\" \/>\n<meta property=\"og:image\" content=\"https:\/\/ponteseditores.com.br\/loja3\/wp-content\/uploads\/2023\/12\/Capa_Testemunhos-3.jpg\" \/>\n\t<meta property=\"og:image:width\" content=\"1700\" \/>\n\t<meta property=\"og:image:height\" content=\"2443\" \/>\n\t<meta property=\"og:image:type\" content=\"image\/jpeg\" \/>\n<meta name=\"twitter:card\" content=\"summary_large_image\" \/>\n<meta name=\"twitter:label1\" content=\"Est. tempo de leitura\" \/>\n\t<meta name=\"twitter:data1\" content=\"1 minuto\" \/>\n<script type=\"application\/ld+json\" class=\"yoast-schema-graph\">{\"@context\":\"https:\\\/\\\/schema.org\",\"@graph\":[{\"@type\":\"WebPage\",\"@id\":\"https:\\\/\\\/ponteseditores.com.br\\\/loja3\\\/pontes-editores-home-2__trashed\\\/linguistica\\\/testemunhos-de-resistencia-e-revolta-um-estudo-em-analise-do-discurso\\\/\",\"url\":\"https:\\\/\\\/ponteseditores.com.br\\\/loja3\\\/pontes-editores-home-2__trashed\\\/linguistica\\\/testemunhos-de-resistencia-e-revolta-um-estudo-em-analise-do-discurso\\\/\",\"name\":\"Testemunhos de Resist\u00eancia e Revolta: um estudo em an\u00e1lise do discurso - Pontes Editores\",\"isPartOf\":{\"@id\":\"https:\\\/\\\/ponteseditores.com.br\\\/loja3\\\/#website\"},\"primaryImageOfPage\":{\"@id\":\"https:\\\/\\\/ponteseditores.com.br\\\/loja3\\\/pontes-editores-home-2__trashed\\\/linguistica\\\/testemunhos-de-resistencia-e-revolta-um-estudo-em-analise-do-discurso\\\/#primaryimage\"},\"image\":{\"@id\":\"https:\\\/\\\/ponteseditores.com.br\\\/loja3\\\/pontes-editores-home-2__trashed\\\/linguistica\\\/testemunhos-de-resistencia-e-revolta-um-estudo-em-analise-do-discurso\\\/#primaryimage\"},\"thumbnailUrl\":\"https:\\\/\\\/ponteseditores.com.br\\\/loja3\\\/wp-content\\\/uploads\\\/2023\\\/12\\\/Capa_Testemunhos-3.jpg\",\"datePublished\":\"2023-12-16T01:48:09+00:00\",\"dateModified\":\"2026-03-21T01:05:58+00:00\",\"breadcrumb\":{\"@id\":\"https:\\\/\\\/ponteseditores.com.br\\\/loja3\\\/pontes-editores-home-2__trashed\\\/linguistica\\\/testemunhos-de-resistencia-e-revolta-um-estudo-em-analise-do-discurso\\\/#breadcrumb\"},\"inLanguage\":\"pt-BR\",\"potentialAction\":[{\"@type\":\"ReadAction\",\"target\":[\"https:\\\/\\\/ponteseditores.com.br\\\/loja3\\\/pontes-editores-home-2__trashed\\\/linguistica\\\/testemunhos-de-resistencia-e-revolta-um-estudo-em-analise-do-discurso\\\/\"]}]},{\"@type\":\"ImageObject\",\"inLanguage\":\"pt-BR\",\"@id\":\"https:\\\/\\\/ponteseditores.com.br\\\/loja3\\\/pontes-editores-home-2__trashed\\\/linguistica\\\/testemunhos-de-resistencia-e-revolta-um-estudo-em-analise-do-discurso\\\/#primaryimage\",\"url\":\"https:\\\/\\\/ponteseditores.com.br\\\/loja3\\\/wp-content\\\/uploads\\\/2023\\\/12\\\/Capa_Testemunhos-3.jpg\",\"contentUrl\":\"https:\\\/\\\/ponteseditores.com.br\\\/loja3\\\/wp-content\\\/uploads\\\/2023\\\/12\\\/Capa_Testemunhos-3.jpg\",\"width\":1700,\"height\":2443},{\"@type\":\"BreadcrumbList\",\"@id\":\"https:\\\/\\\/ponteseditores.com.br\\\/loja3\\\/pontes-editores-home-2__trashed\\\/linguistica\\\/testemunhos-de-resistencia-e-revolta-um-estudo-em-analise-do-discurso\\\/#breadcrumb\",\"itemListElement\":[{\"@type\":\"ListItem\",\"position\":1,\"name\":\"Home\",\"item\":\"https:\\\/\\\/ponteseditores.com.br\\\/loja3\\\/\"},{\"@type\":\"ListItem\",\"position\":2,\"name\":\"loja\",\"item\":\"https:\\\/\\\/ponteseditores.com.br\\\/loja3\\\/loja\\\/\"},{\"@type\":\"ListItem\",\"position\":3,\"name\":\"Testemunhos de Resist\u00eancia e Revolta: um estudo em an\u00e1lise do discurso\"}]},{\"@type\":\"WebSite\",\"@id\":\"https:\\\/\\\/ponteseditores.com.br\\\/loja3\\\/#website\",\"url\":\"https:\\\/\\\/ponteseditores.com.br\\\/loja3\\\/\",\"name\":\"Pontes Editores\",\"description\":\"Pontes Editores\",\"publisher\":{\"@id\":\"https:\\\/\\\/ponteseditores.com.br\\\/loja3\\\/#organization\"},\"potentialAction\":[{\"@type\":\"SearchAction\",\"target\":{\"@type\":\"EntryPoint\",\"urlTemplate\":\"https:\\\/\\\/ponteseditores.com.br\\\/loja3\\\/?s={search_term_string}\"},\"query-input\":{\"@type\":\"PropertyValueSpecification\",\"valueRequired\":true,\"valueName\":\"search_term_string\"}}],\"inLanguage\":\"pt-BR\"},{\"@type\":\"Organization\",\"@id\":\"https:\\\/\\\/ponteseditores.com.br\\\/loja3\\\/#organization\",\"name\":\"Pontes Editores\",\"url\":\"https:\\\/\\\/ponteseditores.com.br\\\/loja3\\\/\",\"logo\":{\"@type\":\"ImageObject\",\"inLanguage\":\"pt-BR\",\"@id\":\"https:\\\/\\\/ponteseditores.com.br\\\/loja3\\\/#\\\/schema\\\/logo\\\/image\\\/\",\"url\":\"https:\\\/\\\/ponteseditores.com.br\\\/loja3\\\/wp-content\\\/uploads\\\/2023\\\/12\\\/logo-pontes-editores-v2.png\",\"contentUrl\":\"https:\\\/\\\/ponteseditores.com.br\\\/loja3\\\/wp-content\\\/uploads\\\/2023\\\/12\\\/logo-pontes-editores-v2.png\",\"width\":258,\"height\":100,\"caption\":\"Pontes Editores\"},\"image\":{\"@id\":\"https:\\\/\\\/ponteseditores.com.br\\\/loja3\\\/#\\\/schema\\\/logo\\\/image\\\/\"}}]}<\/script>\n<!-- \/ Yoast SEO plugin. -->","yoast_head_json":{"title":"Testemunhos de Resist\u00eancia e Revolta: um estudo em an\u00e1lise do discurso - Pontes Editores","robots":{"index":"index","follow":"follow","max-snippet":"max-snippet:-1","max-image-preview":"max-image-preview:large","max-video-preview":"max-video-preview:-1"},"canonical":"https:\/\/ponteseditores.com.br\/loja3\/pontes-editores-home-2__trashed\/linguistica\/testemunhos-de-resistencia-e-revolta-um-estudo-em-analise-do-discurso\/","og_locale":"pt_BR","og_type":"article","og_title":"Testemunhos de Resist\u00eancia e Revolta: um estudo em an\u00e1lise do discurso - Pontes Editores","og_description":"Por que falar de luto e morte? Disso que ningu\u00e9m quer saber? Bethania ouve e analisa os testemunhos no entremeio da psican\u00e1lise e da hist\u00f3ria. \u00c9 novamente o sujeito em quest\u00e3o, no\u00e7\u00e3o que lhe \u00e9 t\u00e3o cara e plural. Enquanto analista do discurso, re\u00fane poss\u00edveis ditos daquilo que \u00e9 imposs\u00edvel de dizer, na possibilidade do [&hellip;]","og_url":"https:\/\/ponteseditores.com.br\/loja3\/pontes-editores-home-2__trashed\/linguistica\/testemunhos-de-resistencia-e-revolta-um-estudo-em-analise-do-discurso\/","og_site_name":"Pontes Editores","article_modified_time":"2026-03-21T01:05:58+00:00","og_image":[{"width":1700,"height":2443,"url":"https:\/\/ponteseditores.com.br\/loja3\/wp-content\/uploads\/2023\/12\/Capa_Testemunhos-3.jpg","type":"image\/jpeg"}],"twitter_card":"summary_large_image","twitter_misc":{"Est. tempo de leitura":"1 minuto"},"schema":{"@context":"https:\/\/schema.org","@graph":[{"@type":"WebPage","@id":"https:\/\/ponteseditores.com.br\/loja3\/pontes-editores-home-2__trashed\/linguistica\/testemunhos-de-resistencia-e-revolta-um-estudo-em-analise-do-discurso\/","url":"https:\/\/ponteseditores.com.br\/loja3\/pontes-editores-home-2__trashed\/linguistica\/testemunhos-de-resistencia-e-revolta-um-estudo-em-analise-do-discurso\/","name":"Testemunhos de Resist\u00eancia e Revolta: um estudo em an\u00e1lise do discurso - Pontes Editores","isPartOf":{"@id":"https:\/\/ponteseditores.com.br\/loja3\/#website"},"primaryImageOfPage":{"@id":"https:\/\/ponteseditores.com.br\/loja3\/pontes-editores-home-2__trashed\/linguistica\/testemunhos-de-resistencia-e-revolta-um-estudo-em-analise-do-discurso\/#primaryimage"},"image":{"@id":"https:\/\/ponteseditores.com.br\/loja3\/pontes-editores-home-2__trashed\/linguistica\/testemunhos-de-resistencia-e-revolta-um-estudo-em-analise-do-discurso\/#primaryimage"},"thumbnailUrl":"https:\/\/ponteseditores.com.br\/loja3\/wp-content\/uploads\/2023\/12\/Capa_Testemunhos-3.jpg","datePublished":"2023-12-16T01:48:09+00:00","dateModified":"2026-03-21T01:05:58+00:00","breadcrumb":{"@id":"https:\/\/ponteseditores.com.br\/loja3\/pontes-editores-home-2__trashed\/linguistica\/testemunhos-de-resistencia-e-revolta-um-estudo-em-analise-do-discurso\/#breadcrumb"},"inLanguage":"pt-BR","potentialAction":[{"@type":"ReadAction","target":["https:\/\/ponteseditores.com.br\/loja3\/pontes-editores-home-2__trashed\/linguistica\/testemunhos-de-resistencia-e-revolta-um-estudo-em-analise-do-discurso\/"]}]},{"@type":"ImageObject","inLanguage":"pt-BR","@id":"https:\/\/ponteseditores.com.br\/loja3\/pontes-editores-home-2__trashed\/linguistica\/testemunhos-de-resistencia-e-revolta-um-estudo-em-analise-do-discurso\/#primaryimage","url":"https:\/\/ponteseditores.com.br\/loja3\/wp-content\/uploads\/2023\/12\/Capa_Testemunhos-3.jpg","contentUrl":"https:\/\/ponteseditores.com.br\/loja3\/wp-content\/uploads\/2023\/12\/Capa_Testemunhos-3.jpg","width":1700,"height":2443},{"@type":"BreadcrumbList","@id":"https:\/\/ponteseditores.com.br\/loja3\/pontes-editores-home-2__trashed\/linguistica\/testemunhos-de-resistencia-e-revolta-um-estudo-em-analise-do-discurso\/#breadcrumb","itemListElement":[{"@type":"ListItem","position":1,"name":"Home","item":"https:\/\/ponteseditores.com.br\/loja3\/"},{"@type":"ListItem","position":2,"name":"loja","item":"https:\/\/ponteseditores.com.br\/loja3\/loja\/"},{"@type":"ListItem","position":3,"name":"Testemunhos de Resist\u00eancia e Revolta: um estudo em an\u00e1lise do discurso"}]},{"@type":"WebSite","@id":"https:\/\/ponteseditores.com.br\/loja3\/#website","url":"https:\/\/ponteseditores.com.br\/loja3\/","name":"Pontes Editores","description":"Pontes Editores","publisher":{"@id":"https:\/\/ponteseditores.com.br\/loja3\/#organization"},"potentialAction":[{"@type":"SearchAction","target":{"@type":"EntryPoint","urlTemplate":"https:\/\/ponteseditores.com.br\/loja3\/?s={search_term_string}"},"query-input":{"@type":"PropertyValueSpecification","valueRequired":true,"valueName":"search_term_string"}}],"inLanguage":"pt-BR"},{"@type":"Organization","@id":"https:\/\/ponteseditores.com.br\/loja3\/#organization","name":"Pontes Editores","url":"https:\/\/ponteseditores.com.br\/loja3\/","logo":{"@type":"ImageObject","inLanguage":"pt-BR","@id":"https:\/\/ponteseditores.com.br\/loja3\/#\/schema\/logo\/image\/","url":"https:\/\/ponteseditores.com.br\/loja3\/wp-content\/uploads\/2023\/12\/logo-pontes-editores-v2.png","contentUrl":"https:\/\/ponteseditores.com.br\/loja3\/wp-content\/uploads\/2023\/12\/logo-pontes-editores-v2.png","width":258,"height":100,"caption":"Pontes Editores"},"image":{"@id":"https:\/\/ponteseditores.com.br\/loja3\/#\/schema\/logo\/image\/"}}]}},"_links":{"self":[{"href":"https:\/\/ponteseditores.com.br\/loja3\/wp-json\/wp\/v2\/product\/8192","targetHints":{"allow":["GET"]}}],"collection":[{"href":"https:\/\/ponteseditores.com.br\/loja3\/wp-json\/wp\/v2\/product"}],"about":[{"href":"https:\/\/ponteseditores.com.br\/loja3\/wp-json\/wp\/v2\/types\/product"}],"replies":[{"embeddable":true,"href":"https:\/\/ponteseditores.com.br\/loja3\/wp-json\/wp\/v2\/comments?post=8192"}],"version-history":[{"count":0,"href":"https:\/\/ponteseditores.com.br\/loja3\/wp-json\/wp\/v2\/product\/8192\/revisions"}],"wp:featuredmedia":[{"embeddable":true,"href":"https:\/\/ponteseditores.com.br\/loja3\/wp-json\/wp\/v2\/media\/8191"}],"wp:attachment":[{"href":"https:\/\/ponteseditores.com.br\/loja3\/wp-json\/wp\/v2\/media?parent=8192"}],"wp:term":[{"taxonomy":"product_brand","embeddable":true,"href":"https:\/\/ponteseditores.com.br\/loja3\/wp-json\/wp\/v2\/product_brand?post=8192"},{"taxonomy":"product_cat","embeddable":true,"href":"https:\/\/ponteseditores.com.br\/loja3\/wp-json\/wp\/v2\/product_cat?post=8192"},{"taxonomy":"product_tag","embeddable":true,"href":"https:\/\/ponteseditores.com.br\/loja3\/wp-json\/wp\/v2\/product_tag?post=8192"}],"curies":[{"name":"wp","href":"https:\/\/api.w.org\/{rel}","templated":true}]}}