{"id":8188,"date":"2023-12-15T22:47:28","date_gmt":"2023-12-16T01:47:28","guid":{"rendered":"https:\/\/ponteseditores.com.br\/loja3\/pontes-editores-home-2__trashed\/sem%20categoria\/linguagem-variacao-e-estrutura-da-lingua-2\/"},"modified":"2024-10-08T11:29:13","modified_gmt":"2024-10-08T14:29:13","slug":"linguagem-variacao-e-estrutura-da-lingua-2","status":"publish","type":"product","link":"https:\/\/ponteseditores.com.br\/loja3\/pontes-editores-home-2__trashed\/linguistica\/linguagem-variacao-e-estrutura-da-lingua-2\/","title":{"rendered":"Linguagem: Varia\u00e7\u00e3o e Estrutura da L\u00edngua"},"content":{"rendered":"<p>A publica\u00e7\u00e3o deste livro integra uma s\u00e9rie formada por quatro volumes: Linguagem: Tecnologia e Ensino; Linguagem: Texto e Discurso; Linguagem: Aquisi\u00e7\u00e3o da Fala e da Escrita; Linguagem: Varia\u00e7\u00e3o e Estrutura da L\u00edngua. A sele\u00e7\u00e3o dos temas e das \u00e1reas da Lingu\u00edstica para a constitui\u00e7\u00e3o da s\u00e9rie de livros foi determinada pelas linhas de pesquisa do Projeto PROCAD\/CAPES \u2013 Processo n\u00ba 88881.068451\/2014-00. Essas publica\u00e7\u00f5es s\u00e3o, portanto, um resultado (entre tantos outros) do importante Projeto PROCAD\/CAPES que reuniu universidades do Sul e do Nordeste do Brasil.<\/p>\n<p>Sob o t\u00edtulo \u201cDi\u00e1logos em Lingu\u00edstica: do Formal ao Discursivo\u201d, o Projeto PROCAD\/CAPES reuniu os Programas de P\u00f3s-Gradua\u00e7\u00e3o em Letras da Universidade Cat\u00f3lica de Pelotas (UCPel) e da Universidade Federal de Pelotas (UFPel), da Universidade Cat\u00f3lica de Pernambuco (UNICAP) e da Universidade Federal da Para\u00edba (UFPB), com prof\u00edcuas a\u00e7\u00f5es de coopera\u00e7\u00e3o acad\u00eamico-cient\u00edfica.<\/p>\n<p>Os estudos que comp\u00f5em esta obra, com foco na varia\u00e7\u00e3o e na estrutura da l\u00edngua, consideram a varia\u00e7\u00e3o inerente \u00e0 l\u00edngua, seguindo o entendimento consagrado a partir do trabalho iniciado por William Labov de que a heterogeneidade lingu\u00edstica \u00e9 ordenada, o que possibilita a sistematiza\u00e7\u00e3o do caos aparente que \u00e9 a l\u00edngua. O conte\u00fado do livro est\u00e1 vinculado, portanto, \u00e0 vertente te\u00f3rico-metodol\u00f3gica da Sociolingu\u00edstica na perspectiva laboviana, que \u00e9 a Sociolingu\u00edstica Variacionista, tamb\u00e9m denominada de Sociolingu\u00edstica Quantitativa ou ainda Teoria da Varia\u00e7\u00e3o.<\/p>\n<p>A comunidade cient\u00edfica tem em m\u00e3os, portanto, uma obra toda voltada para estudos que envolvem varia\u00e7\u00e3o lingu\u00edstica. Entre os fen\u00f4menos analisados h\u00e1, em sua maioria, aqueles que envolvem aspectos fonol\u00f3gicos segmentais, mas h\u00e1 investiga\u00e7\u00f5es voltadas para a pros\u00f3dia e tamb\u00e9m para a morfossintaxe.<\/p>\n<p>A expectativa \u00e9 de que os estudos aqui apresentados sejam inspiradores de novas pesquisas no amplo e multifacetado \u00e2mbito da Ci\u00eancia Lingu\u00edstica.<\/p>\n","protected":false},"excerpt":{"rendered":"<p>A publica\u00e7\u00e3o deste livro integra uma s\u00e9rie formada por quatro volumes: Linguagem: Tecnologia e Ensino; Linguagem: Texto e Discurso; Linguagem: Aquisi\u00e7\u00e3o da Fala e da Escrita; Linguagem: Varia\u00e7\u00e3o e Estrutura da L\u00edngua. A sele\u00e7\u00e3o dos temas e das \u00e1reas da Lingu\u00edstica para a constitui\u00e7\u00e3o da s\u00e9rie de livros foi determinada pelas linhas de pesquisa do [&hellip;]<\/p>\n","protected":false},"featured_media":7734,"comment_status":"open","ping_status":"closed","template":"","meta":{"_joinchat":[]},"product_brand":[],"product_cat":[165,31,277],"product_tag":[],"class_list":{"0":"post-8188","1":"product","2":"type-product","3":"status-publish","4":"has-post-thumbnail","6":"product_cat-ebook","7":"product_cat-linguistica","8":"product_cat-sociologia","9":"product_shipping_class-download","11":"first","12":"instock","13":"downloadable","14":"virtual","15":"purchasable","16":"product-type-simple"},"yoast_head":"<!-- This site is optimized with the Yoast SEO plugin v27.4 - https:\/\/yoast.com\/product\/yoast-seo-wordpress\/ -->\n<title>Linguagem: Varia\u00e7\u00e3o e Estrutura da L\u00edngua - Pontes Editores<\/title>\n<meta name=\"robots\" content=\"index, follow, max-snippet:-1, max-image-preview:large, max-video-preview:-1\" \/>\n<link rel=\"canonical\" href=\"https:\/\/ponteseditores.com.br\/loja3\/pontes-editores-home-2__trashed\/linguistica\/linguagem-variacao-e-estrutura-da-lingua-2\/\" \/>\n<meta property=\"og:locale\" content=\"pt_BR\" \/>\n<meta property=\"og:type\" content=\"article\" \/>\n<meta property=\"og:title\" content=\"Linguagem: Varia\u00e7\u00e3o e Estrutura da L\u00edngua - Pontes Editores\" \/>\n<meta property=\"og:description\" content=\"A publica\u00e7\u00e3o deste livro integra uma s\u00e9rie formada por quatro volumes: Linguagem: Tecnologia e Ensino; Linguagem: Texto e Discurso; Linguagem: Aquisi\u00e7\u00e3o da Fala e da Escrita; Linguagem: Varia\u00e7\u00e3o e Estrutura da L\u00edngua. A sele\u00e7\u00e3o dos temas e das \u00e1reas da Lingu\u00edstica para a constitui\u00e7\u00e3o da s\u00e9rie de livros foi determinada pelas linhas de pesquisa do [&hellip;]\" \/>\n<meta property=\"og:url\" content=\"https:\/\/ponteseditores.com.br\/loja3\/pontes-editores-home-2__trashed\/linguistica\/linguagem-variacao-e-estrutura-da-lingua-2\/\" \/>\n<meta property=\"og:site_name\" content=\"Pontes Editores\" \/>\n<meta property=\"article:modified_time\" content=\"2024-10-08T14:29:13+00:00\" \/>\n<meta property=\"og:image\" content=\"https:\/\/ponteseditores.com.br\/loja3\/wp-content\/uploads\/2023\/12\/Capa_Variacao-3.jpg\" \/>\n\t<meta property=\"og:image:width\" content=\"454\" \/>\n\t<meta property=\"og:image:height\" content=\"652\" \/>\n\t<meta property=\"og:image:type\" content=\"image\/jpeg\" \/>\n<meta name=\"twitter:card\" content=\"summary_large_image\" \/>\n<meta name=\"twitter:label1\" content=\"Est. tempo de leitura\" \/>\n\t<meta name=\"twitter:data1\" content=\"2 minutos\" \/>\n<script type=\"application\/ld+json\" class=\"yoast-schema-graph\">{\"@context\":\"https:\\\/\\\/schema.org\",\"@graph\":[{\"@type\":\"WebPage\",\"@id\":\"https:\\\/\\\/ponteseditores.com.br\\\/loja3\\\/pontes-editores-home-2__trashed\\\/linguistica\\\/linguagem-variacao-e-estrutura-da-lingua-2\\\/\",\"url\":\"https:\\\/\\\/ponteseditores.com.br\\\/loja3\\\/pontes-editores-home-2__trashed\\\/linguistica\\\/linguagem-variacao-e-estrutura-da-lingua-2\\\/\",\"name\":\"Linguagem: Varia\u00e7\u00e3o e Estrutura da L\u00edngua - Pontes Editores\",\"isPartOf\":{\"@id\":\"https:\\\/\\\/ponteseditores.com.br\\\/loja3\\\/#website\"},\"primaryImageOfPage\":{\"@id\":\"https:\\\/\\\/ponteseditores.com.br\\\/loja3\\\/pontes-editores-home-2__trashed\\\/linguistica\\\/linguagem-variacao-e-estrutura-da-lingua-2\\\/#primaryimage\"},\"image\":{\"@id\":\"https:\\\/\\\/ponteseditores.com.br\\\/loja3\\\/pontes-editores-home-2__trashed\\\/linguistica\\\/linguagem-variacao-e-estrutura-da-lingua-2\\\/#primaryimage\"},\"thumbnailUrl\":\"https:\\\/\\\/ponteseditores.com.br\\\/loja3\\\/wp-content\\\/uploads\\\/2023\\\/12\\\/Capa_Variacao-3.jpg\",\"datePublished\":\"2023-12-16T01:47:28+00:00\",\"dateModified\":\"2024-10-08T14:29:13+00:00\",\"breadcrumb\":{\"@id\":\"https:\\\/\\\/ponteseditores.com.br\\\/loja3\\\/pontes-editores-home-2__trashed\\\/linguistica\\\/linguagem-variacao-e-estrutura-da-lingua-2\\\/#breadcrumb\"},\"inLanguage\":\"pt-BR\",\"potentialAction\":[{\"@type\":\"ReadAction\",\"target\":[\"https:\\\/\\\/ponteseditores.com.br\\\/loja3\\\/pontes-editores-home-2__trashed\\\/linguistica\\\/linguagem-variacao-e-estrutura-da-lingua-2\\\/\"]}]},{\"@type\":\"ImageObject\",\"inLanguage\":\"pt-BR\",\"@id\":\"https:\\\/\\\/ponteseditores.com.br\\\/loja3\\\/pontes-editores-home-2__trashed\\\/linguistica\\\/linguagem-variacao-e-estrutura-da-lingua-2\\\/#primaryimage\",\"url\":\"https:\\\/\\\/ponteseditores.com.br\\\/loja3\\\/wp-content\\\/uploads\\\/2023\\\/12\\\/Capa_Variacao-3.jpg\",\"contentUrl\":\"https:\\\/\\\/ponteseditores.com.br\\\/loja3\\\/wp-content\\\/uploads\\\/2023\\\/12\\\/Capa_Variacao-3.jpg\",\"width\":454,\"height\":652},{\"@type\":\"BreadcrumbList\",\"@id\":\"https:\\\/\\\/ponteseditores.com.br\\\/loja3\\\/pontes-editores-home-2__trashed\\\/linguistica\\\/linguagem-variacao-e-estrutura-da-lingua-2\\\/#breadcrumb\",\"itemListElement\":[{\"@type\":\"ListItem\",\"position\":1,\"name\":\"Home\",\"item\":\"https:\\\/\\\/ponteseditores.com.br\\\/loja3\\\/\"},{\"@type\":\"ListItem\",\"position\":2,\"name\":\"loja\",\"item\":\"https:\\\/\\\/ponteseditores.com.br\\\/loja3\\\/loja\\\/\"},{\"@type\":\"ListItem\",\"position\":3,\"name\":\"Linguagem: Varia\u00e7\u00e3o e Estrutura da L\u00edngua\"}]},{\"@type\":\"WebSite\",\"@id\":\"https:\\\/\\\/ponteseditores.com.br\\\/loja3\\\/#website\",\"url\":\"https:\\\/\\\/ponteseditores.com.br\\\/loja3\\\/\",\"name\":\"Pontes Editores\",\"description\":\"Pontes Editores\",\"publisher\":{\"@id\":\"https:\\\/\\\/ponteseditores.com.br\\\/loja3\\\/#organization\"},\"potentialAction\":[{\"@type\":\"SearchAction\",\"target\":{\"@type\":\"EntryPoint\",\"urlTemplate\":\"https:\\\/\\\/ponteseditores.com.br\\\/loja3\\\/?s={search_term_string}\"},\"query-input\":{\"@type\":\"PropertyValueSpecification\",\"valueRequired\":true,\"valueName\":\"search_term_string\"}}],\"inLanguage\":\"pt-BR\"},{\"@type\":\"Organization\",\"@id\":\"https:\\\/\\\/ponteseditores.com.br\\\/loja3\\\/#organization\",\"name\":\"Pontes Editores\",\"url\":\"https:\\\/\\\/ponteseditores.com.br\\\/loja3\\\/\",\"logo\":{\"@type\":\"ImageObject\",\"inLanguage\":\"pt-BR\",\"@id\":\"https:\\\/\\\/ponteseditores.com.br\\\/loja3\\\/#\\\/schema\\\/logo\\\/image\\\/\",\"url\":\"https:\\\/\\\/ponteseditores.com.br\\\/loja3\\\/wp-content\\\/uploads\\\/2023\\\/12\\\/logo-pontes-editores-v2.png\",\"contentUrl\":\"https:\\\/\\\/ponteseditores.com.br\\\/loja3\\\/wp-content\\\/uploads\\\/2023\\\/12\\\/logo-pontes-editores-v2.png\",\"width\":258,\"height\":100,\"caption\":\"Pontes Editores\"},\"image\":{\"@id\":\"https:\\\/\\\/ponteseditores.com.br\\\/loja3\\\/#\\\/schema\\\/logo\\\/image\\\/\"}}]}<\/script>\n<!-- \/ Yoast SEO plugin. -->","yoast_head_json":{"title":"Linguagem: Varia\u00e7\u00e3o e Estrutura da L\u00edngua - Pontes Editores","robots":{"index":"index","follow":"follow","max-snippet":"max-snippet:-1","max-image-preview":"max-image-preview:large","max-video-preview":"max-video-preview:-1"},"canonical":"https:\/\/ponteseditores.com.br\/loja3\/pontes-editores-home-2__trashed\/linguistica\/linguagem-variacao-e-estrutura-da-lingua-2\/","og_locale":"pt_BR","og_type":"article","og_title":"Linguagem: Varia\u00e7\u00e3o e Estrutura da L\u00edngua - Pontes Editores","og_description":"A publica\u00e7\u00e3o deste livro integra uma s\u00e9rie formada por quatro volumes: Linguagem: Tecnologia e Ensino; Linguagem: Texto e Discurso; Linguagem: Aquisi\u00e7\u00e3o da Fala e da Escrita; Linguagem: Varia\u00e7\u00e3o e Estrutura da L\u00edngua. A sele\u00e7\u00e3o dos temas e das \u00e1reas da Lingu\u00edstica para a constitui\u00e7\u00e3o da s\u00e9rie de livros foi determinada pelas linhas de pesquisa do [&hellip;]","og_url":"https:\/\/ponteseditores.com.br\/loja3\/pontes-editores-home-2__trashed\/linguistica\/linguagem-variacao-e-estrutura-da-lingua-2\/","og_site_name":"Pontes Editores","article_modified_time":"2024-10-08T14:29:13+00:00","og_image":[{"width":454,"height":652,"url":"https:\/\/ponteseditores.com.br\/loja3\/wp-content\/uploads\/2023\/12\/Capa_Variacao-3.jpg","type":"image\/jpeg"}],"twitter_card":"summary_large_image","twitter_misc":{"Est. tempo de leitura":"2 minutos"},"schema":{"@context":"https:\/\/schema.org","@graph":[{"@type":"WebPage","@id":"https:\/\/ponteseditores.com.br\/loja3\/pontes-editores-home-2__trashed\/linguistica\/linguagem-variacao-e-estrutura-da-lingua-2\/","url":"https:\/\/ponteseditores.com.br\/loja3\/pontes-editores-home-2__trashed\/linguistica\/linguagem-variacao-e-estrutura-da-lingua-2\/","name":"Linguagem: Varia\u00e7\u00e3o e Estrutura da L\u00edngua - Pontes Editores","isPartOf":{"@id":"https:\/\/ponteseditores.com.br\/loja3\/#website"},"primaryImageOfPage":{"@id":"https:\/\/ponteseditores.com.br\/loja3\/pontes-editores-home-2__trashed\/linguistica\/linguagem-variacao-e-estrutura-da-lingua-2\/#primaryimage"},"image":{"@id":"https:\/\/ponteseditores.com.br\/loja3\/pontes-editores-home-2__trashed\/linguistica\/linguagem-variacao-e-estrutura-da-lingua-2\/#primaryimage"},"thumbnailUrl":"https:\/\/ponteseditores.com.br\/loja3\/wp-content\/uploads\/2023\/12\/Capa_Variacao-3.jpg","datePublished":"2023-12-16T01:47:28+00:00","dateModified":"2024-10-08T14:29:13+00:00","breadcrumb":{"@id":"https:\/\/ponteseditores.com.br\/loja3\/pontes-editores-home-2__trashed\/linguistica\/linguagem-variacao-e-estrutura-da-lingua-2\/#breadcrumb"},"inLanguage":"pt-BR","potentialAction":[{"@type":"ReadAction","target":["https:\/\/ponteseditores.com.br\/loja3\/pontes-editores-home-2__trashed\/linguistica\/linguagem-variacao-e-estrutura-da-lingua-2\/"]}]},{"@type":"ImageObject","inLanguage":"pt-BR","@id":"https:\/\/ponteseditores.com.br\/loja3\/pontes-editores-home-2__trashed\/linguistica\/linguagem-variacao-e-estrutura-da-lingua-2\/#primaryimage","url":"https:\/\/ponteseditores.com.br\/loja3\/wp-content\/uploads\/2023\/12\/Capa_Variacao-3.jpg","contentUrl":"https:\/\/ponteseditores.com.br\/loja3\/wp-content\/uploads\/2023\/12\/Capa_Variacao-3.jpg","width":454,"height":652},{"@type":"BreadcrumbList","@id":"https:\/\/ponteseditores.com.br\/loja3\/pontes-editores-home-2__trashed\/linguistica\/linguagem-variacao-e-estrutura-da-lingua-2\/#breadcrumb","itemListElement":[{"@type":"ListItem","position":1,"name":"Home","item":"https:\/\/ponteseditores.com.br\/loja3\/"},{"@type":"ListItem","position":2,"name":"loja","item":"https:\/\/ponteseditores.com.br\/loja3\/loja\/"},{"@type":"ListItem","position":3,"name":"Linguagem: Varia\u00e7\u00e3o e Estrutura da L\u00edngua"}]},{"@type":"WebSite","@id":"https:\/\/ponteseditores.com.br\/loja3\/#website","url":"https:\/\/ponteseditores.com.br\/loja3\/","name":"Pontes Editores","description":"Pontes Editores","publisher":{"@id":"https:\/\/ponteseditores.com.br\/loja3\/#organization"},"potentialAction":[{"@type":"SearchAction","target":{"@type":"EntryPoint","urlTemplate":"https:\/\/ponteseditores.com.br\/loja3\/?s={search_term_string}"},"query-input":{"@type":"PropertyValueSpecification","valueRequired":true,"valueName":"search_term_string"}}],"inLanguage":"pt-BR"},{"@type":"Organization","@id":"https:\/\/ponteseditores.com.br\/loja3\/#organization","name":"Pontes Editores","url":"https:\/\/ponteseditores.com.br\/loja3\/","logo":{"@type":"ImageObject","inLanguage":"pt-BR","@id":"https:\/\/ponteseditores.com.br\/loja3\/#\/schema\/logo\/image\/","url":"https:\/\/ponteseditores.com.br\/loja3\/wp-content\/uploads\/2023\/12\/logo-pontes-editores-v2.png","contentUrl":"https:\/\/ponteseditores.com.br\/loja3\/wp-content\/uploads\/2023\/12\/logo-pontes-editores-v2.png","width":258,"height":100,"caption":"Pontes Editores"},"image":{"@id":"https:\/\/ponteseditores.com.br\/loja3\/#\/schema\/logo\/image\/"}}]}},"_links":{"self":[{"href":"https:\/\/ponteseditores.com.br\/loja3\/wp-json\/wp\/v2\/product\/8188","targetHints":{"allow":["GET"]}}],"collection":[{"href":"https:\/\/ponteseditores.com.br\/loja3\/wp-json\/wp\/v2\/product"}],"about":[{"href":"https:\/\/ponteseditores.com.br\/loja3\/wp-json\/wp\/v2\/types\/product"}],"replies":[{"embeddable":true,"href":"https:\/\/ponteseditores.com.br\/loja3\/wp-json\/wp\/v2\/comments?post=8188"}],"version-history":[{"count":0,"href":"https:\/\/ponteseditores.com.br\/loja3\/wp-json\/wp\/v2\/product\/8188\/revisions"}],"wp:featuredmedia":[{"embeddable":true,"href":"https:\/\/ponteseditores.com.br\/loja3\/wp-json\/wp\/v2\/media\/7734"}],"wp:attachment":[{"href":"https:\/\/ponteseditores.com.br\/loja3\/wp-json\/wp\/v2\/media?parent=8188"}],"wp:term":[{"taxonomy":"product_brand","embeddable":true,"href":"https:\/\/ponteseditores.com.br\/loja3\/wp-json\/wp\/v2\/product_brand?post=8188"},{"taxonomy":"product_cat","embeddable":true,"href":"https:\/\/ponteseditores.com.br\/loja3\/wp-json\/wp\/v2\/product_cat?post=8188"},{"taxonomy":"product_tag","embeddable":true,"href":"https:\/\/ponteseditores.com.br\/loja3\/wp-json\/wp\/v2\/product_tag?post=8188"}],"curies":[{"name":"wp","href":"https:\/\/api.w.org\/{rel}","templated":true}]}}