{"id":8184,"date":"2023-12-15T22:47:27","date_gmt":"2023-12-16T01:47:27","guid":{"rendered":"https:\/\/ponteseditores.com.br\/loja3\/pontes-editores-home-2__trashed\/sem%20categoria\/linguagem-aquisicao-da-fala-e-da-escrita-e-book-para-receber-o-arquivo-digital-entre-contato-ponteseditoresponteseditores-com-br\/"},"modified":"2024-10-08T11:29:13","modified_gmt":"2024-10-08T14:29:13","slug":"linguagem-aquisicao-da-fala-e-da-escrita-e-book-para-receber-o-arquivo-digital-entre-contato-ponteseditoresponteseditores-com-br","status":"publish","type":"product","link":"https:\/\/ponteseditores.com.br\/loja3\/pontes-editores-home-2__trashed\/linguistica\/linguagem-aquisicao-da-fala-e-da-escrita-e-book-para-receber-o-arquivo-digital-entre-contato-ponteseditoresponteseditores-com-br\/","title":{"rendered":"Linguagem: Aquisi\u00e7\u00e3o da Fala e da Escrita &#8211; e-book"},"content":{"rendered":"<p>A publica\u00e7\u00e3o deste livro integra uma s\u00e9rie formada por quatro volumes: Linguagem: Tecnologia e Ensino; Linguagem: Texto e Discurso; Linguagem: Aquisi\u00e7\u00e3o da Fala e da Escrita; Linguagem: Varia\u00e7\u00e3o e Estrutura da L\u00edngua. A sele\u00e7\u00e3o dos temas e das \u00e1reas da Lingu\u00edstica para a constitui\u00e7\u00e3o da s\u00e9rie de livros foi determinada pelas linhas de pesquisa do Projeto PROCAD\/CAPES \u2013 Processo n\u00ba 88881.068451\/2014-00. Essas publica\u00e7\u00f5es s\u00e3o, portanto, um resultado (entre tantos outros) do importante Projeto PROCAD\/CAPES que reuniu universidades do Sul e do Nordeste do Brasil. Sob o t\u00edtulo \u201cDi\u00e1logos em Lingu\u00edstica: do Formal ao Discursivo\u201d, o Projeto PROCAD\/CAPES reuniu os Programas de P\u00f3s-Gradua\u00e7\u00e3o em Letras da Universidade Cat\u00f3lica de Pelotas (UCPel) e da Universidade Federal de Pelotas (UFPel), da Universidade Cat\u00f3lica de Pernambuco (UNICAP) e da Universidade Federal da Para\u00edba (UFPB), com prof\u00edcuas a\u00e7\u00f5es de coopera\u00e7\u00e3o acad\u00eamico-cient\u00edfica.<\/p>\n<p>Os estudos que comp\u00f5em esta obra, com foco na aquisi\u00e7\u00e3o da fala e da escrita, discutem quest\u00f5es centrais relativas ao desenvolvimento lingu\u00edstico t\u00edpico e at\u00edpico, com a an\u00e1lise de dados de produ\u00e7\u00e3o, de percep\u00e7\u00e3o e de compreens\u00e3o de enunciados infantis e de dados de aquisi\u00e7\u00e3o de uma segunda l\u00edngua, obtidos em condi\u00e7\u00f5es naturais ou experimentais, norteados por diferentes perspectivas te\u00f3ricas. As discuss\u00f5es propostas sobre a aquisi\u00e7\u00e3o da l\u00edngua materna, sobre a aquisi\u00e7\u00e3o de uma segunda l\u00edngua, sobre altera\u00e7\u00f5es da linguagem, sobre a aquisi\u00e7\u00e3o da escrita e a sua rela\u00e7\u00e3o com o sistema fonol\u00f3gico revelam muito da complexidade com que se depara a crian\u00e7a ao precisar dominar um sistema multifacetado, com fonologia, morfologia, sintaxe, sem\u00e2ntica, pragm\u00e1tica e multissemi\u00f3tica, vivenciado em situa\u00e7\u00f5es interativas mediadas pela l\u00edngua.<\/p>\n<p>As reflex\u00f5es que a obra apresenta expressam a robustez das pesquisas presentes neste PROCAD para a \u00e1rea de Aquisi\u00e7\u00e3o da Linguagem.<\/p>\n","protected":false},"excerpt":{"rendered":"<p>A publica\u00e7\u00e3o deste livro integra uma s\u00e9rie formada por quatro volumes: Linguagem: Tecnologia e Ensino; Linguagem: Texto e Discurso; Linguagem: Aquisi\u00e7\u00e3o da Fala e da Escrita; Linguagem: Varia\u00e7\u00e3o e Estrutura da L\u00edngua. A sele\u00e7\u00e3o dos temas e das \u00e1reas da Lingu\u00edstica para a constitui\u00e7\u00e3o da s\u00e9rie de livros foi determinada pelas linhas de pesquisa do [&hellip;]<\/p>\n","protected":false},"featured_media":7732,"comment_status":"open","ping_status":"closed","template":"","meta":{"_joinchat":[]},"product_brand":[],"product_cat":[165,290,31],"product_tag":[],"class_list":{"0":"post-8184","1":"product","2":"type-product","3":"status-publish","4":"has-post-thumbnail","6":"product_cat-ebook","7":"product_cat-linguagem-e-linguas","8":"product_cat-linguistica","9":"product_shipping_class-download","11":"first","12":"instock","13":"downloadable","14":"virtual","15":"purchasable","16":"product-type-simple"},"yoast_head":"<!-- This site is optimized with the Yoast SEO plugin v27.4 - https:\/\/yoast.com\/product\/yoast-seo-wordpress\/ -->\n<title>Linguagem: Aquisi\u00e7\u00e3o da Fala e da Escrita - e-book - Pontes Editores<\/title>\n<meta name=\"robots\" content=\"index, follow, max-snippet:-1, max-image-preview:large, max-video-preview:-1\" \/>\n<link rel=\"canonical\" href=\"https:\/\/ponteseditores.com.br\/loja3\/pontes-editores-home-2__trashed\/linguistica\/linguagem-aquisicao-da-fala-e-da-escrita-e-book-para-receber-o-arquivo-digital-entre-contato-ponteseditoresponteseditores-com-br\/\" \/>\n<meta property=\"og:locale\" content=\"pt_BR\" \/>\n<meta property=\"og:type\" content=\"article\" \/>\n<meta property=\"og:title\" content=\"Linguagem: Aquisi\u00e7\u00e3o da Fala e da Escrita - e-book - Pontes Editores\" \/>\n<meta property=\"og:description\" content=\"A publica\u00e7\u00e3o deste livro integra uma s\u00e9rie formada por quatro volumes: Linguagem: Tecnologia e Ensino; Linguagem: Texto e Discurso; Linguagem: Aquisi\u00e7\u00e3o da Fala e da Escrita; Linguagem: Varia\u00e7\u00e3o e Estrutura da L\u00edngua. A sele\u00e7\u00e3o dos temas e das \u00e1reas da Lingu\u00edstica para a constitui\u00e7\u00e3o da s\u00e9rie de livros foi determinada pelas linhas de pesquisa do [&hellip;]\" \/>\n<meta property=\"og:url\" content=\"https:\/\/ponteseditores.com.br\/loja3\/pontes-editores-home-2__trashed\/linguistica\/linguagem-aquisicao-da-fala-e-da-escrita-e-book-para-receber-o-arquivo-digital-entre-contato-ponteseditoresponteseditores-com-br\/\" \/>\n<meta property=\"og:site_name\" content=\"Pontes Editores\" \/>\n<meta property=\"article:modified_time\" content=\"2024-10-08T14:29:13+00:00\" \/>\n<meta property=\"og:image\" content=\"https:\/\/ponteseditores.com.br\/loja3\/wp-content\/uploads\/2023\/12\/Capa_Aquisicao-3.jpg\" \/>\n\t<meta property=\"og:image:width\" content=\"454\" \/>\n\t<meta property=\"og:image:height\" content=\"652\" \/>\n\t<meta property=\"og:image:type\" content=\"image\/jpeg\" \/>\n<meta name=\"twitter:card\" content=\"summary_large_image\" \/>\n<meta name=\"twitter:label1\" content=\"Est. tempo de leitura\" \/>\n\t<meta name=\"twitter:data1\" content=\"2 minutos\" \/>\n<script type=\"application\/ld+json\" class=\"yoast-schema-graph\">{\"@context\":\"https:\\\/\\\/schema.org\",\"@graph\":[{\"@type\":\"WebPage\",\"@id\":\"https:\\\/\\\/ponteseditores.com.br\\\/loja3\\\/pontes-editores-home-2__trashed\\\/linguistica\\\/linguagem-aquisicao-da-fala-e-da-escrita-e-book-para-receber-o-arquivo-digital-entre-contato-ponteseditoresponteseditores-com-br\\\/\",\"url\":\"https:\\\/\\\/ponteseditores.com.br\\\/loja3\\\/pontes-editores-home-2__trashed\\\/linguistica\\\/linguagem-aquisicao-da-fala-e-da-escrita-e-book-para-receber-o-arquivo-digital-entre-contato-ponteseditoresponteseditores-com-br\\\/\",\"name\":\"Linguagem: Aquisi\u00e7\u00e3o da Fala e da Escrita - e-book - Pontes Editores\",\"isPartOf\":{\"@id\":\"https:\\\/\\\/ponteseditores.com.br\\\/loja3\\\/#website\"},\"primaryImageOfPage\":{\"@id\":\"https:\\\/\\\/ponteseditores.com.br\\\/loja3\\\/pontes-editores-home-2__trashed\\\/linguistica\\\/linguagem-aquisicao-da-fala-e-da-escrita-e-book-para-receber-o-arquivo-digital-entre-contato-ponteseditoresponteseditores-com-br\\\/#primaryimage\"},\"image\":{\"@id\":\"https:\\\/\\\/ponteseditores.com.br\\\/loja3\\\/pontes-editores-home-2__trashed\\\/linguistica\\\/linguagem-aquisicao-da-fala-e-da-escrita-e-book-para-receber-o-arquivo-digital-entre-contato-ponteseditoresponteseditores-com-br\\\/#primaryimage\"},\"thumbnailUrl\":\"https:\\\/\\\/ponteseditores.com.br\\\/loja3\\\/wp-content\\\/uploads\\\/2023\\\/12\\\/Capa_Aquisicao-3.jpg\",\"datePublished\":\"2023-12-16T01:47:27+00:00\",\"dateModified\":\"2024-10-08T14:29:13+00:00\",\"breadcrumb\":{\"@id\":\"https:\\\/\\\/ponteseditores.com.br\\\/loja3\\\/pontes-editores-home-2__trashed\\\/linguistica\\\/linguagem-aquisicao-da-fala-e-da-escrita-e-book-para-receber-o-arquivo-digital-entre-contato-ponteseditoresponteseditores-com-br\\\/#breadcrumb\"},\"inLanguage\":\"pt-BR\",\"potentialAction\":[{\"@type\":\"ReadAction\",\"target\":[\"https:\\\/\\\/ponteseditores.com.br\\\/loja3\\\/pontes-editores-home-2__trashed\\\/linguistica\\\/linguagem-aquisicao-da-fala-e-da-escrita-e-book-para-receber-o-arquivo-digital-entre-contato-ponteseditoresponteseditores-com-br\\\/\"]}]},{\"@type\":\"ImageObject\",\"inLanguage\":\"pt-BR\",\"@id\":\"https:\\\/\\\/ponteseditores.com.br\\\/loja3\\\/pontes-editores-home-2__trashed\\\/linguistica\\\/linguagem-aquisicao-da-fala-e-da-escrita-e-book-para-receber-o-arquivo-digital-entre-contato-ponteseditoresponteseditores-com-br\\\/#primaryimage\",\"url\":\"https:\\\/\\\/ponteseditores.com.br\\\/loja3\\\/wp-content\\\/uploads\\\/2023\\\/12\\\/Capa_Aquisicao-3.jpg\",\"contentUrl\":\"https:\\\/\\\/ponteseditores.com.br\\\/loja3\\\/wp-content\\\/uploads\\\/2023\\\/12\\\/Capa_Aquisicao-3.jpg\",\"width\":454,\"height\":652},{\"@type\":\"BreadcrumbList\",\"@id\":\"https:\\\/\\\/ponteseditores.com.br\\\/loja3\\\/pontes-editores-home-2__trashed\\\/linguistica\\\/linguagem-aquisicao-da-fala-e-da-escrita-e-book-para-receber-o-arquivo-digital-entre-contato-ponteseditoresponteseditores-com-br\\\/#breadcrumb\",\"itemListElement\":[{\"@type\":\"ListItem\",\"position\":1,\"name\":\"Home\",\"item\":\"https:\\\/\\\/ponteseditores.com.br\\\/loja3\\\/\"},{\"@type\":\"ListItem\",\"position\":2,\"name\":\"loja\",\"item\":\"https:\\\/\\\/ponteseditores.com.br\\\/loja3\\\/loja\\\/\"},{\"@type\":\"ListItem\",\"position\":3,\"name\":\"Linguagem: Aquisi\u00e7\u00e3o da Fala e da Escrita &#8211; e-book\"}]},{\"@type\":\"WebSite\",\"@id\":\"https:\\\/\\\/ponteseditores.com.br\\\/loja3\\\/#website\",\"url\":\"https:\\\/\\\/ponteseditores.com.br\\\/loja3\\\/\",\"name\":\"Pontes Editores\",\"description\":\"Pontes Editores\",\"publisher\":{\"@id\":\"https:\\\/\\\/ponteseditores.com.br\\\/loja3\\\/#organization\"},\"potentialAction\":[{\"@type\":\"SearchAction\",\"target\":{\"@type\":\"EntryPoint\",\"urlTemplate\":\"https:\\\/\\\/ponteseditores.com.br\\\/loja3\\\/?s={search_term_string}\"},\"query-input\":{\"@type\":\"PropertyValueSpecification\",\"valueRequired\":true,\"valueName\":\"search_term_string\"}}],\"inLanguage\":\"pt-BR\"},{\"@type\":\"Organization\",\"@id\":\"https:\\\/\\\/ponteseditores.com.br\\\/loja3\\\/#organization\",\"name\":\"Pontes Editores\",\"url\":\"https:\\\/\\\/ponteseditores.com.br\\\/loja3\\\/\",\"logo\":{\"@type\":\"ImageObject\",\"inLanguage\":\"pt-BR\",\"@id\":\"https:\\\/\\\/ponteseditores.com.br\\\/loja3\\\/#\\\/schema\\\/logo\\\/image\\\/\",\"url\":\"https:\\\/\\\/ponteseditores.com.br\\\/loja3\\\/wp-content\\\/uploads\\\/2023\\\/12\\\/logo-pontes-editores-v2.png\",\"contentUrl\":\"https:\\\/\\\/ponteseditores.com.br\\\/loja3\\\/wp-content\\\/uploads\\\/2023\\\/12\\\/logo-pontes-editores-v2.png\",\"width\":258,\"height\":100,\"caption\":\"Pontes Editores\"},\"image\":{\"@id\":\"https:\\\/\\\/ponteseditores.com.br\\\/loja3\\\/#\\\/schema\\\/logo\\\/image\\\/\"}}]}<\/script>\n<!-- \/ Yoast SEO plugin. -->","yoast_head_json":{"title":"Linguagem: Aquisi\u00e7\u00e3o da Fala e da Escrita - e-book - Pontes Editores","robots":{"index":"index","follow":"follow","max-snippet":"max-snippet:-1","max-image-preview":"max-image-preview:large","max-video-preview":"max-video-preview:-1"},"canonical":"https:\/\/ponteseditores.com.br\/loja3\/pontes-editores-home-2__trashed\/linguistica\/linguagem-aquisicao-da-fala-e-da-escrita-e-book-para-receber-o-arquivo-digital-entre-contato-ponteseditoresponteseditores-com-br\/","og_locale":"pt_BR","og_type":"article","og_title":"Linguagem: Aquisi\u00e7\u00e3o da Fala e da Escrita - e-book - Pontes Editores","og_description":"A publica\u00e7\u00e3o deste livro integra uma s\u00e9rie formada por quatro volumes: Linguagem: Tecnologia e Ensino; Linguagem: Texto e Discurso; Linguagem: Aquisi\u00e7\u00e3o da Fala e da Escrita; Linguagem: Varia\u00e7\u00e3o e Estrutura da L\u00edngua. A sele\u00e7\u00e3o dos temas e das \u00e1reas da Lingu\u00edstica para a constitui\u00e7\u00e3o da s\u00e9rie de livros foi determinada pelas linhas de pesquisa do [&hellip;]","og_url":"https:\/\/ponteseditores.com.br\/loja3\/pontes-editores-home-2__trashed\/linguistica\/linguagem-aquisicao-da-fala-e-da-escrita-e-book-para-receber-o-arquivo-digital-entre-contato-ponteseditoresponteseditores-com-br\/","og_site_name":"Pontes Editores","article_modified_time":"2024-10-08T14:29:13+00:00","og_image":[{"width":454,"height":652,"url":"https:\/\/ponteseditores.com.br\/loja3\/wp-content\/uploads\/2023\/12\/Capa_Aquisicao-3.jpg","type":"image\/jpeg"}],"twitter_card":"summary_large_image","twitter_misc":{"Est. tempo de leitura":"2 minutos"},"schema":{"@context":"https:\/\/schema.org","@graph":[{"@type":"WebPage","@id":"https:\/\/ponteseditores.com.br\/loja3\/pontes-editores-home-2__trashed\/linguistica\/linguagem-aquisicao-da-fala-e-da-escrita-e-book-para-receber-o-arquivo-digital-entre-contato-ponteseditoresponteseditores-com-br\/","url":"https:\/\/ponteseditores.com.br\/loja3\/pontes-editores-home-2__trashed\/linguistica\/linguagem-aquisicao-da-fala-e-da-escrita-e-book-para-receber-o-arquivo-digital-entre-contato-ponteseditoresponteseditores-com-br\/","name":"Linguagem: Aquisi\u00e7\u00e3o da Fala e da Escrita - e-book - Pontes Editores","isPartOf":{"@id":"https:\/\/ponteseditores.com.br\/loja3\/#website"},"primaryImageOfPage":{"@id":"https:\/\/ponteseditores.com.br\/loja3\/pontes-editores-home-2__trashed\/linguistica\/linguagem-aquisicao-da-fala-e-da-escrita-e-book-para-receber-o-arquivo-digital-entre-contato-ponteseditoresponteseditores-com-br\/#primaryimage"},"image":{"@id":"https:\/\/ponteseditores.com.br\/loja3\/pontes-editores-home-2__trashed\/linguistica\/linguagem-aquisicao-da-fala-e-da-escrita-e-book-para-receber-o-arquivo-digital-entre-contato-ponteseditoresponteseditores-com-br\/#primaryimage"},"thumbnailUrl":"https:\/\/ponteseditores.com.br\/loja3\/wp-content\/uploads\/2023\/12\/Capa_Aquisicao-3.jpg","datePublished":"2023-12-16T01:47:27+00:00","dateModified":"2024-10-08T14:29:13+00:00","breadcrumb":{"@id":"https:\/\/ponteseditores.com.br\/loja3\/pontes-editores-home-2__trashed\/linguistica\/linguagem-aquisicao-da-fala-e-da-escrita-e-book-para-receber-o-arquivo-digital-entre-contato-ponteseditoresponteseditores-com-br\/#breadcrumb"},"inLanguage":"pt-BR","potentialAction":[{"@type":"ReadAction","target":["https:\/\/ponteseditores.com.br\/loja3\/pontes-editores-home-2__trashed\/linguistica\/linguagem-aquisicao-da-fala-e-da-escrita-e-book-para-receber-o-arquivo-digital-entre-contato-ponteseditoresponteseditores-com-br\/"]}]},{"@type":"ImageObject","inLanguage":"pt-BR","@id":"https:\/\/ponteseditores.com.br\/loja3\/pontes-editores-home-2__trashed\/linguistica\/linguagem-aquisicao-da-fala-e-da-escrita-e-book-para-receber-o-arquivo-digital-entre-contato-ponteseditoresponteseditores-com-br\/#primaryimage","url":"https:\/\/ponteseditores.com.br\/loja3\/wp-content\/uploads\/2023\/12\/Capa_Aquisicao-3.jpg","contentUrl":"https:\/\/ponteseditores.com.br\/loja3\/wp-content\/uploads\/2023\/12\/Capa_Aquisicao-3.jpg","width":454,"height":652},{"@type":"BreadcrumbList","@id":"https:\/\/ponteseditores.com.br\/loja3\/pontes-editores-home-2__trashed\/linguistica\/linguagem-aquisicao-da-fala-e-da-escrita-e-book-para-receber-o-arquivo-digital-entre-contato-ponteseditoresponteseditores-com-br\/#breadcrumb","itemListElement":[{"@type":"ListItem","position":1,"name":"Home","item":"https:\/\/ponteseditores.com.br\/loja3\/"},{"@type":"ListItem","position":2,"name":"loja","item":"https:\/\/ponteseditores.com.br\/loja3\/loja\/"},{"@type":"ListItem","position":3,"name":"Linguagem: Aquisi\u00e7\u00e3o da Fala e da Escrita &#8211; e-book"}]},{"@type":"WebSite","@id":"https:\/\/ponteseditores.com.br\/loja3\/#website","url":"https:\/\/ponteseditores.com.br\/loja3\/","name":"Pontes Editores","description":"Pontes Editores","publisher":{"@id":"https:\/\/ponteseditores.com.br\/loja3\/#organization"},"potentialAction":[{"@type":"SearchAction","target":{"@type":"EntryPoint","urlTemplate":"https:\/\/ponteseditores.com.br\/loja3\/?s={search_term_string}"},"query-input":{"@type":"PropertyValueSpecification","valueRequired":true,"valueName":"search_term_string"}}],"inLanguage":"pt-BR"},{"@type":"Organization","@id":"https:\/\/ponteseditores.com.br\/loja3\/#organization","name":"Pontes Editores","url":"https:\/\/ponteseditores.com.br\/loja3\/","logo":{"@type":"ImageObject","inLanguage":"pt-BR","@id":"https:\/\/ponteseditores.com.br\/loja3\/#\/schema\/logo\/image\/","url":"https:\/\/ponteseditores.com.br\/loja3\/wp-content\/uploads\/2023\/12\/logo-pontes-editores-v2.png","contentUrl":"https:\/\/ponteseditores.com.br\/loja3\/wp-content\/uploads\/2023\/12\/logo-pontes-editores-v2.png","width":258,"height":100,"caption":"Pontes Editores"},"image":{"@id":"https:\/\/ponteseditores.com.br\/loja3\/#\/schema\/logo\/image\/"}}]}},"_links":{"self":[{"href":"https:\/\/ponteseditores.com.br\/loja3\/wp-json\/wp\/v2\/product\/8184","targetHints":{"allow":["GET"]}}],"collection":[{"href":"https:\/\/ponteseditores.com.br\/loja3\/wp-json\/wp\/v2\/product"}],"about":[{"href":"https:\/\/ponteseditores.com.br\/loja3\/wp-json\/wp\/v2\/types\/product"}],"replies":[{"embeddable":true,"href":"https:\/\/ponteseditores.com.br\/loja3\/wp-json\/wp\/v2\/comments?post=8184"}],"version-history":[{"count":1,"href":"https:\/\/ponteseditores.com.br\/loja3\/wp-json\/wp\/v2\/product\/8184\/revisions"}],"predecessor-version":[{"id":9118,"href":"https:\/\/ponteseditores.com.br\/loja3\/wp-json\/wp\/v2\/product\/8184\/revisions\/9118"}],"wp:featuredmedia":[{"embeddable":true,"href":"https:\/\/ponteseditores.com.br\/loja3\/wp-json\/wp\/v2\/media\/7732"}],"wp:attachment":[{"href":"https:\/\/ponteseditores.com.br\/loja3\/wp-json\/wp\/v2\/media?parent=8184"}],"wp:term":[{"taxonomy":"product_brand","embeddable":true,"href":"https:\/\/ponteseditores.com.br\/loja3\/wp-json\/wp\/v2\/product_brand?post=8184"},{"taxonomy":"product_cat","embeddable":true,"href":"https:\/\/ponteseditores.com.br\/loja3\/wp-json\/wp\/v2\/product_cat?post=8184"},{"taxonomy":"product_tag","embeddable":true,"href":"https:\/\/ponteseditores.com.br\/loja3\/wp-json\/wp\/v2\/product_tag?post=8184"}],"curies":[{"name":"wp","href":"https:\/\/api.w.org\/{rel}","templated":true}]}}