{"id":8175,"date":"2023-12-15T22:44:23","date_gmt":"2023-12-16T01:44:23","guid":{"rendered":"https:\/\/ponteseditores.com.br\/loja3\/pontes-editores-home-2__trashed\/sem%20categoria\/dicionario-dos-antis-a-cultura-brasileira-em-negativo\/"},"modified":"2024-03-20T16:20:42","modified_gmt":"2024-03-20T19:20:42","slug":"dicionario-dos-antis-a-cultura-brasileira-em-negativo","status":"publish","type":"product","link":"https:\/\/ponteseditores.com.br\/loja3\/pontes-editores-home-2__trashed\/historia\/dicionario-dos-antis-a-cultura-brasileira-em-negativo\/","title":{"rendered":"DICION\u00c1RIO DOS ANTIS: a cultura brasileira em negativo"},"content":{"rendered":"<p>O leitor tem nas m\u00e3os uma obra inesperada. \u00c9 uma hist\u00f3ria ao contr\u00e1rio, ou melhor, feita pelo prisma dos contr\u00e1rios. Resulta da observa\u00e7\u00e3o cr\u00edtica dos discursos de oposi\u00e7\u00e3o, de conspira\u00e7\u00e3o, de nega\u00e7\u00e3o, de combate ao Outro que pensa, age, cr\u00ea e vive diferente de N\u00f3s que tem alimentado o campo da cultura em negativo. Estabelecer conhecimento cr\u00edtico, de modo sistem\u00e1tico, sobre o universo fant\u00e1stico dos estere\u00f3tipos, dos mitos, das vis\u00f5es enviesadas que a dimens\u00e3o do negativo produziu ao longo dos s\u00e9culos permite-nos revisitar a cultura brasileira \u00e0 luz de uma chave hermen\u00eautica nova, na linha do que se est\u00e1 a fazer a n\u00edvel internacional neste dom\u00ednio, e compreender a complexidade das derivas da nossa hist\u00f3ria at\u00e9 aos dias de hoje. Um pequeno ex\u00e9rcito de pesquisadores, especialistas de v\u00e1rios campos do saber (Hist\u00f3ria, Direito, Literatura, Educa\u00e7\u00e3o, Antropologia, Sociologia, Teologia, Filosofia, Ci\u00eancias M\u00e9dicas, Estudos Culturais &#8230;), aceitou o desafio de escrever em conjunto esta obra que, al\u00e9m de um thesaurus de conhecimento \u00fanico, nos pode ajudar a desconstrutir os mecanismos discursivos que geram a intoler\u00e2ncia e impedem a constru\u00e7\u00e3o de sociedades democraticamente maduras e a forma\u00e7\u00e3o para uma cidadania inclusiva.<\/p>\n","protected":false},"excerpt":{"rendered":"<p>O leitor tem nas m\u00e3os uma obra inesperada. \u00c9 uma hist\u00f3ria ao contr\u00e1rio, ou melhor, feita pelo prisma dos contr\u00e1rios. Resulta da observa\u00e7\u00e3o cr\u00edtica dos discursos de oposi\u00e7\u00e3o, de conspira\u00e7\u00e3o, de nega\u00e7\u00e3o, de combate ao Outro que pensa, age, cr\u00ea e vive diferente de N\u00f3s que tem alimentado o campo da cultura em negativo. Estabelecer [&hellip;]<\/p>\n","protected":false},"featured_media":8174,"comment_status":"open","ping_status":"closed","template":"","meta":{"_joinchat":[]},"product_brand":[],"product_cat":[340,273],"product_tag":[],"class_list":{"0":"post-8175","1":"product","2":"type-product","3":"status-publish","4":"has-post-thumbnail","6":"product_cat-dicionario","7":"product_cat-historia","9":"first","10":"outofstock","11":"shipping-taxable","12":"purchasable","13":"product-type-simple"},"yoast_head":"<!-- This site is optimized with the Yoast SEO plugin v27.4 - https:\/\/yoast.com\/product\/yoast-seo-wordpress\/ -->\n<title>DICION\u00c1RIO DOS ANTIS: a cultura brasileira em negativo - Pontes Editores<\/title>\n<meta name=\"robots\" content=\"index, follow, max-snippet:-1, max-image-preview:large, max-video-preview:-1\" \/>\n<link rel=\"canonical\" href=\"https:\/\/ponteseditores.com.br\/loja3\/pontes-editores-home-2__trashed\/historia\/dicionario-dos-antis-a-cultura-brasileira-em-negativo\/\" \/>\n<meta property=\"og:locale\" content=\"pt_BR\" \/>\n<meta property=\"og:type\" content=\"article\" \/>\n<meta property=\"og:title\" content=\"DICION\u00c1RIO DOS ANTIS: a cultura brasileira em negativo - Pontes Editores\" \/>\n<meta property=\"og:description\" content=\"O leitor tem nas m\u00e3os uma obra inesperada. \u00c9 uma hist\u00f3ria ao contr\u00e1rio, ou melhor, feita pelo prisma dos contr\u00e1rios. Resulta da observa\u00e7\u00e3o cr\u00edtica dos discursos de oposi\u00e7\u00e3o, de conspira\u00e7\u00e3o, de nega\u00e7\u00e3o, de combate ao Outro que pensa, age, cr\u00ea e vive diferente de N\u00f3s que tem alimentado o campo da cultura em negativo. Estabelecer [&hellip;]\" \/>\n<meta property=\"og:url\" content=\"https:\/\/ponteseditores.com.br\/loja3\/pontes-editores-home-2__trashed\/historia\/dicionario-dos-antis-a-cultura-brasileira-em-negativo\/\" \/>\n<meta property=\"og:site_name\" content=\"Pontes Editores\" \/>\n<meta property=\"article:modified_time\" content=\"2024-03-20T19:20:42+00:00\" \/>\n<meta property=\"og:image\" content=\"https:\/\/ponteseditores.com.br\/loja3\/wp-content\/uploads\/2023\/12\/dicion20anti-scaled.jpg\" \/>\n\t<meta property=\"og:image:width\" content=\"1829\" \/>\n\t<meta property=\"og:image:height\" content=\"2560\" \/>\n\t<meta property=\"og:image:type\" content=\"image\/jpeg\" \/>\n<meta name=\"twitter:card\" content=\"summary_large_image\" \/>\n<meta name=\"twitter:label1\" content=\"Est. tempo de leitura\" \/>\n\t<meta name=\"twitter:data1\" content=\"1 minuto\" \/>\n<script type=\"application\/ld+json\" class=\"yoast-schema-graph\">{\"@context\":\"https:\\\/\\\/schema.org\",\"@graph\":[{\"@type\":\"WebPage\",\"@id\":\"https:\\\/\\\/ponteseditores.com.br\\\/loja3\\\/pontes-editores-home-2__trashed\\\/historia\\\/dicionario-dos-antis-a-cultura-brasileira-em-negativo\\\/\",\"url\":\"https:\\\/\\\/ponteseditores.com.br\\\/loja3\\\/pontes-editores-home-2__trashed\\\/historia\\\/dicionario-dos-antis-a-cultura-brasileira-em-negativo\\\/\",\"name\":\"DICION\u00c1RIO DOS ANTIS: a cultura brasileira em negativo - Pontes Editores\",\"isPartOf\":{\"@id\":\"https:\\\/\\\/ponteseditores.com.br\\\/loja3\\\/#website\"},\"primaryImageOfPage\":{\"@id\":\"https:\\\/\\\/ponteseditores.com.br\\\/loja3\\\/pontes-editores-home-2__trashed\\\/historia\\\/dicionario-dos-antis-a-cultura-brasileira-em-negativo\\\/#primaryimage\"},\"image\":{\"@id\":\"https:\\\/\\\/ponteseditores.com.br\\\/loja3\\\/pontes-editores-home-2__trashed\\\/historia\\\/dicionario-dos-antis-a-cultura-brasileira-em-negativo\\\/#primaryimage\"},\"thumbnailUrl\":\"https:\\\/\\\/ponteseditores.com.br\\\/loja3\\\/wp-content\\\/uploads\\\/2023\\\/12\\\/dicion20anti-scaled.jpg\",\"datePublished\":\"2023-12-16T01:44:23+00:00\",\"dateModified\":\"2024-03-20T19:20:42+00:00\",\"breadcrumb\":{\"@id\":\"https:\\\/\\\/ponteseditores.com.br\\\/loja3\\\/pontes-editores-home-2__trashed\\\/historia\\\/dicionario-dos-antis-a-cultura-brasileira-em-negativo\\\/#breadcrumb\"},\"inLanguage\":\"pt-BR\",\"potentialAction\":[{\"@type\":\"ReadAction\",\"target\":[\"https:\\\/\\\/ponteseditores.com.br\\\/loja3\\\/pontes-editores-home-2__trashed\\\/historia\\\/dicionario-dos-antis-a-cultura-brasileira-em-negativo\\\/\"]}]},{\"@type\":\"ImageObject\",\"inLanguage\":\"pt-BR\",\"@id\":\"https:\\\/\\\/ponteseditores.com.br\\\/loja3\\\/pontes-editores-home-2__trashed\\\/historia\\\/dicionario-dos-antis-a-cultura-brasileira-em-negativo\\\/#primaryimage\",\"url\":\"https:\\\/\\\/ponteseditores.com.br\\\/loja3\\\/wp-content\\\/uploads\\\/2023\\\/12\\\/dicion20anti-scaled.jpg\",\"contentUrl\":\"https:\\\/\\\/ponteseditores.com.br\\\/loja3\\\/wp-content\\\/uploads\\\/2023\\\/12\\\/dicion20anti-scaled.jpg\",\"width\":1829,\"height\":2560},{\"@type\":\"BreadcrumbList\",\"@id\":\"https:\\\/\\\/ponteseditores.com.br\\\/loja3\\\/pontes-editores-home-2__trashed\\\/historia\\\/dicionario-dos-antis-a-cultura-brasileira-em-negativo\\\/#breadcrumb\",\"itemListElement\":[{\"@type\":\"ListItem\",\"position\":1,\"name\":\"Home\",\"item\":\"https:\\\/\\\/ponteseditores.com.br\\\/loja3\\\/\"},{\"@type\":\"ListItem\",\"position\":2,\"name\":\"loja\",\"item\":\"https:\\\/\\\/ponteseditores.com.br\\\/loja3\\\/loja\\\/\"},{\"@type\":\"ListItem\",\"position\":3,\"name\":\"DICION\u00c1RIO DOS ANTIS: a cultura brasileira em negativo\"}]},{\"@type\":\"WebSite\",\"@id\":\"https:\\\/\\\/ponteseditores.com.br\\\/loja3\\\/#website\",\"url\":\"https:\\\/\\\/ponteseditores.com.br\\\/loja3\\\/\",\"name\":\"Pontes Editores\",\"description\":\"Pontes Editores\",\"publisher\":{\"@id\":\"https:\\\/\\\/ponteseditores.com.br\\\/loja3\\\/#organization\"},\"potentialAction\":[{\"@type\":\"SearchAction\",\"target\":{\"@type\":\"EntryPoint\",\"urlTemplate\":\"https:\\\/\\\/ponteseditores.com.br\\\/loja3\\\/?s={search_term_string}\"},\"query-input\":{\"@type\":\"PropertyValueSpecification\",\"valueRequired\":true,\"valueName\":\"search_term_string\"}}],\"inLanguage\":\"pt-BR\"},{\"@type\":\"Organization\",\"@id\":\"https:\\\/\\\/ponteseditores.com.br\\\/loja3\\\/#organization\",\"name\":\"Pontes Editores\",\"url\":\"https:\\\/\\\/ponteseditores.com.br\\\/loja3\\\/\",\"logo\":{\"@type\":\"ImageObject\",\"inLanguage\":\"pt-BR\",\"@id\":\"https:\\\/\\\/ponteseditores.com.br\\\/loja3\\\/#\\\/schema\\\/logo\\\/image\\\/\",\"url\":\"https:\\\/\\\/ponteseditores.com.br\\\/loja3\\\/wp-content\\\/uploads\\\/2023\\\/12\\\/logo-pontes-editores-v2.png\",\"contentUrl\":\"https:\\\/\\\/ponteseditores.com.br\\\/loja3\\\/wp-content\\\/uploads\\\/2023\\\/12\\\/logo-pontes-editores-v2.png\",\"width\":258,\"height\":100,\"caption\":\"Pontes Editores\"},\"image\":{\"@id\":\"https:\\\/\\\/ponteseditores.com.br\\\/loja3\\\/#\\\/schema\\\/logo\\\/image\\\/\"}}]}<\/script>\n<!-- \/ Yoast SEO plugin. -->","yoast_head_json":{"title":"DICION\u00c1RIO DOS ANTIS: a cultura brasileira em negativo - Pontes Editores","robots":{"index":"index","follow":"follow","max-snippet":"max-snippet:-1","max-image-preview":"max-image-preview:large","max-video-preview":"max-video-preview:-1"},"canonical":"https:\/\/ponteseditores.com.br\/loja3\/pontes-editores-home-2__trashed\/historia\/dicionario-dos-antis-a-cultura-brasileira-em-negativo\/","og_locale":"pt_BR","og_type":"article","og_title":"DICION\u00c1RIO DOS ANTIS: a cultura brasileira em negativo - Pontes Editores","og_description":"O leitor tem nas m\u00e3os uma obra inesperada. \u00c9 uma hist\u00f3ria ao contr\u00e1rio, ou melhor, feita pelo prisma dos contr\u00e1rios. Resulta da observa\u00e7\u00e3o cr\u00edtica dos discursos de oposi\u00e7\u00e3o, de conspira\u00e7\u00e3o, de nega\u00e7\u00e3o, de combate ao Outro que pensa, age, cr\u00ea e vive diferente de N\u00f3s que tem alimentado o campo da cultura em negativo. Estabelecer [&hellip;]","og_url":"https:\/\/ponteseditores.com.br\/loja3\/pontes-editores-home-2__trashed\/historia\/dicionario-dos-antis-a-cultura-brasileira-em-negativo\/","og_site_name":"Pontes Editores","article_modified_time":"2024-03-20T19:20:42+00:00","og_image":[{"width":1829,"height":2560,"url":"https:\/\/ponteseditores.com.br\/loja3\/wp-content\/uploads\/2023\/12\/dicion20anti-scaled.jpg","type":"image\/jpeg"}],"twitter_card":"summary_large_image","twitter_misc":{"Est. tempo de leitura":"1 minuto"},"schema":{"@context":"https:\/\/schema.org","@graph":[{"@type":"WebPage","@id":"https:\/\/ponteseditores.com.br\/loja3\/pontes-editores-home-2__trashed\/historia\/dicionario-dos-antis-a-cultura-brasileira-em-negativo\/","url":"https:\/\/ponteseditores.com.br\/loja3\/pontes-editores-home-2__trashed\/historia\/dicionario-dos-antis-a-cultura-brasileira-em-negativo\/","name":"DICION\u00c1RIO DOS ANTIS: a cultura brasileira em negativo - Pontes Editores","isPartOf":{"@id":"https:\/\/ponteseditores.com.br\/loja3\/#website"},"primaryImageOfPage":{"@id":"https:\/\/ponteseditores.com.br\/loja3\/pontes-editores-home-2__trashed\/historia\/dicionario-dos-antis-a-cultura-brasileira-em-negativo\/#primaryimage"},"image":{"@id":"https:\/\/ponteseditores.com.br\/loja3\/pontes-editores-home-2__trashed\/historia\/dicionario-dos-antis-a-cultura-brasileira-em-negativo\/#primaryimage"},"thumbnailUrl":"https:\/\/ponteseditores.com.br\/loja3\/wp-content\/uploads\/2023\/12\/dicion20anti-scaled.jpg","datePublished":"2023-12-16T01:44:23+00:00","dateModified":"2024-03-20T19:20:42+00:00","breadcrumb":{"@id":"https:\/\/ponteseditores.com.br\/loja3\/pontes-editores-home-2__trashed\/historia\/dicionario-dos-antis-a-cultura-brasileira-em-negativo\/#breadcrumb"},"inLanguage":"pt-BR","potentialAction":[{"@type":"ReadAction","target":["https:\/\/ponteseditores.com.br\/loja3\/pontes-editores-home-2__trashed\/historia\/dicionario-dos-antis-a-cultura-brasileira-em-negativo\/"]}]},{"@type":"ImageObject","inLanguage":"pt-BR","@id":"https:\/\/ponteseditores.com.br\/loja3\/pontes-editores-home-2__trashed\/historia\/dicionario-dos-antis-a-cultura-brasileira-em-negativo\/#primaryimage","url":"https:\/\/ponteseditores.com.br\/loja3\/wp-content\/uploads\/2023\/12\/dicion20anti-scaled.jpg","contentUrl":"https:\/\/ponteseditores.com.br\/loja3\/wp-content\/uploads\/2023\/12\/dicion20anti-scaled.jpg","width":1829,"height":2560},{"@type":"BreadcrumbList","@id":"https:\/\/ponteseditores.com.br\/loja3\/pontes-editores-home-2__trashed\/historia\/dicionario-dos-antis-a-cultura-brasileira-em-negativo\/#breadcrumb","itemListElement":[{"@type":"ListItem","position":1,"name":"Home","item":"https:\/\/ponteseditores.com.br\/loja3\/"},{"@type":"ListItem","position":2,"name":"loja","item":"https:\/\/ponteseditores.com.br\/loja3\/loja\/"},{"@type":"ListItem","position":3,"name":"DICION\u00c1RIO DOS ANTIS: a cultura brasileira em negativo"}]},{"@type":"WebSite","@id":"https:\/\/ponteseditores.com.br\/loja3\/#website","url":"https:\/\/ponteseditores.com.br\/loja3\/","name":"Pontes Editores","description":"Pontes Editores","publisher":{"@id":"https:\/\/ponteseditores.com.br\/loja3\/#organization"},"potentialAction":[{"@type":"SearchAction","target":{"@type":"EntryPoint","urlTemplate":"https:\/\/ponteseditores.com.br\/loja3\/?s={search_term_string}"},"query-input":{"@type":"PropertyValueSpecification","valueRequired":true,"valueName":"search_term_string"}}],"inLanguage":"pt-BR"},{"@type":"Organization","@id":"https:\/\/ponteseditores.com.br\/loja3\/#organization","name":"Pontes Editores","url":"https:\/\/ponteseditores.com.br\/loja3\/","logo":{"@type":"ImageObject","inLanguage":"pt-BR","@id":"https:\/\/ponteseditores.com.br\/loja3\/#\/schema\/logo\/image\/","url":"https:\/\/ponteseditores.com.br\/loja3\/wp-content\/uploads\/2023\/12\/logo-pontes-editores-v2.png","contentUrl":"https:\/\/ponteseditores.com.br\/loja3\/wp-content\/uploads\/2023\/12\/logo-pontes-editores-v2.png","width":258,"height":100,"caption":"Pontes Editores"},"image":{"@id":"https:\/\/ponteseditores.com.br\/loja3\/#\/schema\/logo\/image\/"}}]}},"_links":{"self":[{"href":"https:\/\/ponteseditores.com.br\/loja3\/wp-json\/wp\/v2\/product\/8175","targetHints":{"allow":["GET"]}}],"collection":[{"href":"https:\/\/ponteseditores.com.br\/loja3\/wp-json\/wp\/v2\/product"}],"about":[{"href":"https:\/\/ponteseditores.com.br\/loja3\/wp-json\/wp\/v2\/types\/product"}],"replies":[{"embeddable":true,"href":"https:\/\/ponteseditores.com.br\/loja3\/wp-json\/wp\/v2\/comments?post=8175"}],"version-history":[{"count":0,"href":"https:\/\/ponteseditores.com.br\/loja3\/wp-json\/wp\/v2\/product\/8175\/revisions"}],"wp:featuredmedia":[{"embeddable":true,"href":"https:\/\/ponteseditores.com.br\/loja3\/wp-json\/wp\/v2\/media\/8174"}],"wp:attachment":[{"href":"https:\/\/ponteseditores.com.br\/loja3\/wp-json\/wp\/v2\/media?parent=8175"}],"wp:term":[{"taxonomy":"product_brand","embeddable":true,"href":"https:\/\/ponteseditores.com.br\/loja3\/wp-json\/wp\/v2\/product_brand?post=8175"},{"taxonomy":"product_cat","embeddable":true,"href":"https:\/\/ponteseditores.com.br\/loja3\/wp-json\/wp\/v2\/product_cat?post=8175"},{"taxonomy":"product_tag","embeddable":true,"href":"https:\/\/ponteseditores.com.br\/loja3\/wp-json\/wp\/v2\/product_tag?post=8175"}],"curies":[{"name":"wp","href":"https:\/\/api.w.org\/{rel}","templated":true}]}}