{"id":8173,"date":"2023-12-15T22:43:13","date_gmt":"2023-12-16T01:43:13","guid":{"rendered":"https:\/\/ponteseditores.com.br\/loja3\/pontes-editores-home-2__trashed\/sem%20categoria\/errancia-do-instante-fotografias-de-araquem-alcantara-em-discurso\/"},"modified":"2024-01-25T14:44:11","modified_gmt":"2024-01-25T17:44:11","slug":"errancia-do-instante-fotografias-de-araquem-alcantara-em-discurso","status":"publish","type":"product","link":"https:\/\/ponteseditores.com.br\/loja3\/pontes-editores-home-2__trashed\/linguistica\/errancia-do-instante-fotografias-de-araquem-alcantara-em-discurso\/","title":{"rendered":"Err\u00e2ncia do instante: Fotografias de Araqu\u00e9m Alc\u00e2ntara em discurso"},"content":{"rendered":"<p>N\u00e3o \u00e9 poss\u00edvel contemplar Araqu\u00e9m sem tocar previamente alguns efeitos. N\u00e3o far\u00e1 sentido algum se seus poros estiverem estancados e untados com a indiferen\u00e7a, a apatia e a aceita\u00e7\u00e3o da morte como algo decidido. N\u00e3o continue nesse livro se voc\u00ea n\u00e3o chorar por toda e qualquer vida perdida, se n\u00e3o ranger os dentes de horror diante dos massacres noticiados e silenciados diariamente no pa\u00eds; n\u00e3o perca seu tempo aqui se sua capacidade de se revoltar foi comprada por alguns trocados e se sua fome de mundo \u00e9 a que devora e n\u00e3o a que cura. Se seus poros \u2013 antes dos olhos, os poros \u2013 estiverem anestesiados, sugerimos que, antes de se colocar diante de uma imagem de Araqu\u00e9m, voc\u00ea se delongue persistentemente diante do mais simples inseto, diante de uma formiga, uma abelha, uma barata. Ali\u00e1s esse \u00e9 um exerc\u00edcio que ele nos prop\u00f4s: olhar por horas uma \u00e1rvore e apenas contemplar. Quando voc\u00ea se apaixonar por ela, pelo milagre da vida que habita e pulsa em toda (at\u00e9 mesmo nas formas consideradas insignificantes) presen\u00e7a vital, quando for capaz de se espantar com a superabund\u00e2ncia de vi\u00e7o de uma simples folhagem, quando sorrir diante de sua for\u00e7a e quando chorar por sua morte, quando decidir olhar para cada rosto como a preciosidade do mundo e quando reconhecer que cada vida \u00e9 uma hist\u00f3ria e uma saudade, ent\u00e3o voc\u00ea estar\u00e1 pronto para realmente reparar, conhecer e se emocionar com o trabalho de Araqu\u00e9m Alc\u00e2ntara.<\/p>\n","protected":false},"excerpt":{"rendered":"<p>N\u00e3o \u00e9 poss\u00edvel contemplar Araqu\u00e9m sem tocar previamente alguns efeitos. N\u00e3o far\u00e1 sentido algum se seus poros estiverem estancados e untados com a indiferen\u00e7a, a apatia e a aceita\u00e7\u00e3o da morte como algo decidido. N\u00e3o continue nesse livro se voc\u00ea n\u00e3o chorar por toda e qualquer vida perdida, se n\u00e3o ranger os dentes de horror [&hellip;]<\/p>\n","protected":false},"featured_media":8172,"comment_status":"open","ping_status":"closed","template":"","meta":{"_joinchat":[]},"product_brand":[],"product_cat":[339,31],"product_tag":[],"class_list":{"0":"post-8173","1":"product","2":"type-product","3":"status-publish","4":"has-post-thumbnail","6":"product_cat-fotografia","7":"product_cat-linguistica","9":"first","10":"outofstock","11":"shipping-taxable","12":"purchasable","13":"product-type-simple"},"yoast_head":"<!-- This site is optimized with the Yoast SEO plugin v27.4 - https:\/\/yoast.com\/product\/yoast-seo-wordpress\/ -->\n<title>Err\u00e2ncia do instante: Fotografias de Araqu\u00e9m Alc\u00e2ntara em discurso - Pontes Editores<\/title>\n<meta name=\"robots\" content=\"index, follow, max-snippet:-1, max-image-preview:large, max-video-preview:-1\" \/>\n<link rel=\"canonical\" href=\"https:\/\/ponteseditores.com.br\/loja3\/pontes-editores-home-2__trashed\/linguistica\/errancia-do-instante-fotografias-de-araquem-alcantara-em-discurso\/\" \/>\n<meta property=\"og:locale\" content=\"pt_BR\" \/>\n<meta property=\"og:type\" content=\"article\" \/>\n<meta property=\"og:title\" content=\"Err\u00e2ncia do instante: Fotografias de Araqu\u00e9m Alc\u00e2ntara em discurso - Pontes Editores\" \/>\n<meta property=\"og:description\" content=\"N\u00e3o \u00e9 poss\u00edvel contemplar Araqu\u00e9m sem tocar previamente alguns efeitos. N\u00e3o far\u00e1 sentido algum se seus poros estiverem estancados e untados com a indiferen\u00e7a, a apatia e a aceita\u00e7\u00e3o da morte como algo decidido. N\u00e3o continue nesse livro se voc\u00ea n\u00e3o chorar por toda e qualquer vida perdida, se n\u00e3o ranger os dentes de horror [&hellip;]\" \/>\n<meta property=\"og:url\" content=\"https:\/\/ponteseditores.com.br\/loja3\/pontes-editores-home-2__trashed\/linguistica\/errancia-do-instante-fotografias-de-araquem-alcantara-em-discurso\/\" \/>\n<meta property=\"og:site_name\" content=\"Pontes Editores\" \/>\n<meta property=\"article:modified_time\" content=\"2024-01-25T17:44:11+00:00\" \/>\n<meta property=\"og:image\" content=\"https:\/\/ponteseditores.com.br\/loja3\/wp-content\/uploads\/2023\/12\/Capa_Errancia-3.jpg\" \/>\n\t<meta property=\"og:image:width\" content=\"939\" \/>\n\t<meta property=\"og:image:height\" content=\"1380\" \/>\n\t<meta property=\"og:image:type\" content=\"image\/jpeg\" \/>\n<meta name=\"twitter:card\" content=\"summary_large_image\" \/>\n<meta name=\"twitter:label1\" content=\"Est. tempo de leitura\" \/>\n\t<meta name=\"twitter:data1\" content=\"2 minutos\" \/>\n<script type=\"application\/ld+json\" class=\"yoast-schema-graph\">{\"@context\":\"https:\\\/\\\/schema.org\",\"@graph\":[{\"@type\":\"WebPage\",\"@id\":\"https:\\\/\\\/ponteseditores.com.br\\\/loja3\\\/pontes-editores-home-2__trashed\\\/linguistica\\\/errancia-do-instante-fotografias-de-araquem-alcantara-em-discurso\\\/\",\"url\":\"https:\\\/\\\/ponteseditores.com.br\\\/loja3\\\/pontes-editores-home-2__trashed\\\/linguistica\\\/errancia-do-instante-fotografias-de-araquem-alcantara-em-discurso\\\/\",\"name\":\"Err\u00e2ncia do instante: Fotografias de Araqu\u00e9m Alc\u00e2ntara em discurso - Pontes Editores\",\"isPartOf\":{\"@id\":\"https:\\\/\\\/ponteseditores.com.br\\\/loja3\\\/#website\"},\"primaryImageOfPage\":{\"@id\":\"https:\\\/\\\/ponteseditores.com.br\\\/loja3\\\/pontes-editores-home-2__trashed\\\/linguistica\\\/errancia-do-instante-fotografias-de-araquem-alcantara-em-discurso\\\/#primaryimage\"},\"image\":{\"@id\":\"https:\\\/\\\/ponteseditores.com.br\\\/loja3\\\/pontes-editores-home-2__trashed\\\/linguistica\\\/errancia-do-instante-fotografias-de-araquem-alcantara-em-discurso\\\/#primaryimage\"},\"thumbnailUrl\":\"https:\\\/\\\/ponteseditores.com.br\\\/loja3\\\/wp-content\\\/uploads\\\/2023\\\/12\\\/Capa_Errancia-3.jpg\",\"datePublished\":\"2023-12-16T01:43:13+00:00\",\"dateModified\":\"2024-01-25T17:44:11+00:00\",\"breadcrumb\":{\"@id\":\"https:\\\/\\\/ponteseditores.com.br\\\/loja3\\\/pontes-editores-home-2__trashed\\\/linguistica\\\/errancia-do-instante-fotografias-de-araquem-alcantara-em-discurso\\\/#breadcrumb\"},\"inLanguage\":\"pt-BR\",\"potentialAction\":[{\"@type\":\"ReadAction\",\"target\":[\"https:\\\/\\\/ponteseditores.com.br\\\/loja3\\\/pontes-editores-home-2__trashed\\\/linguistica\\\/errancia-do-instante-fotografias-de-araquem-alcantara-em-discurso\\\/\"]}]},{\"@type\":\"ImageObject\",\"inLanguage\":\"pt-BR\",\"@id\":\"https:\\\/\\\/ponteseditores.com.br\\\/loja3\\\/pontes-editores-home-2__trashed\\\/linguistica\\\/errancia-do-instante-fotografias-de-araquem-alcantara-em-discurso\\\/#primaryimage\",\"url\":\"https:\\\/\\\/ponteseditores.com.br\\\/loja3\\\/wp-content\\\/uploads\\\/2023\\\/12\\\/Capa_Errancia-3.jpg\",\"contentUrl\":\"https:\\\/\\\/ponteseditores.com.br\\\/loja3\\\/wp-content\\\/uploads\\\/2023\\\/12\\\/Capa_Errancia-3.jpg\",\"width\":939,\"height\":1380},{\"@type\":\"BreadcrumbList\",\"@id\":\"https:\\\/\\\/ponteseditores.com.br\\\/loja3\\\/pontes-editores-home-2__trashed\\\/linguistica\\\/errancia-do-instante-fotografias-de-araquem-alcantara-em-discurso\\\/#breadcrumb\",\"itemListElement\":[{\"@type\":\"ListItem\",\"position\":1,\"name\":\"Home\",\"item\":\"https:\\\/\\\/ponteseditores.com.br\\\/loja3\\\/\"},{\"@type\":\"ListItem\",\"position\":2,\"name\":\"loja\",\"item\":\"https:\\\/\\\/ponteseditores.com.br\\\/loja3\\\/loja\\\/\"},{\"@type\":\"ListItem\",\"position\":3,\"name\":\"Err\u00e2ncia do instante: Fotografias de Araqu\u00e9m Alc\u00e2ntara em discurso\"}]},{\"@type\":\"WebSite\",\"@id\":\"https:\\\/\\\/ponteseditores.com.br\\\/loja3\\\/#website\",\"url\":\"https:\\\/\\\/ponteseditores.com.br\\\/loja3\\\/\",\"name\":\"Pontes Editores\",\"description\":\"Pontes Editores\",\"publisher\":{\"@id\":\"https:\\\/\\\/ponteseditores.com.br\\\/loja3\\\/#organization\"},\"potentialAction\":[{\"@type\":\"SearchAction\",\"target\":{\"@type\":\"EntryPoint\",\"urlTemplate\":\"https:\\\/\\\/ponteseditores.com.br\\\/loja3\\\/?s={search_term_string}\"},\"query-input\":{\"@type\":\"PropertyValueSpecification\",\"valueRequired\":true,\"valueName\":\"search_term_string\"}}],\"inLanguage\":\"pt-BR\"},{\"@type\":\"Organization\",\"@id\":\"https:\\\/\\\/ponteseditores.com.br\\\/loja3\\\/#organization\",\"name\":\"Pontes Editores\",\"url\":\"https:\\\/\\\/ponteseditores.com.br\\\/loja3\\\/\",\"logo\":{\"@type\":\"ImageObject\",\"inLanguage\":\"pt-BR\",\"@id\":\"https:\\\/\\\/ponteseditores.com.br\\\/loja3\\\/#\\\/schema\\\/logo\\\/image\\\/\",\"url\":\"https:\\\/\\\/ponteseditores.com.br\\\/loja3\\\/wp-content\\\/uploads\\\/2023\\\/12\\\/logo-pontes-editores-v2.png\",\"contentUrl\":\"https:\\\/\\\/ponteseditores.com.br\\\/loja3\\\/wp-content\\\/uploads\\\/2023\\\/12\\\/logo-pontes-editores-v2.png\",\"width\":258,\"height\":100,\"caption\":\"Pontes Editores\"},\"image\":{\"@id\":\"https:\\\/\\\/ponteseditores.com.br\\\/loja3\\\/#\\\/schema\\\/logo\\\/image\\\/\"}}]}<\/script>\n<!-- \/ Yoast SEO plugin. -->","yoast_head_json":{"title":"Err\u00e2ncia do instante: Fotografias de Araqu\u00e9m Alc\u00e2ntara em discurso - Pontes Editores","robots":{"index":"index","follow":"follow","max-snippet":"max-snippet:-1","max-image-preview":"max-image-preview:large","max-video-preview":"max-video-preview:-1"},"canonical":"https:\/\/ponteseditores.com.br\/loja3\/pontes-editores-home-2__trashed\/linguistica\/errancia-do-instante-fotografias-de-araquem-alcantara-em-discurso\/","og_locale":"pt_BR","og_type":"article","og_title":"Err\u00e2ncia do instante: Fotografias de Araqu\u00e9m Alc\u00e2ntara em discurso - Pontes Editores","og_description":"N\u00e3o \u00e9 poss\u00edvel contemplar Araqu\u00e9m sem tocar previamente alguns efeitos. N\u00e3o far\u00e1 sentido algum se seus poros estiverem estancados e untados com a indiferen\u00e7a, a apatia e a aceita\u00e7\u00e3o da morte como algo decidido. N\u00e3o continue nesse livro se voc\u00ea n\u00e3o chorar por toda e qualquer vida perdida, se n\u00e3o ranger os dentes de horror [&hellip;]","og_url":"https:\/\/ponteseditores.com.br\/loja3\/pontes-editores-home-2__trashed\/linguistica\/errancia-do-instante-fotografias-de-araquem-alcantara-em-discurso\/","og_site_name":"Pontes Editores","article_modified_time":"2024-01-25T17:44:11+00:00","og_image":[{"width":939,"height":1380,"url":"https:\/\/ponteseditores.com.br\/loja3\/wp-content\/uploads\/2023\/12\/Capa_Errancia-3.jpg","type":"image\/jpeg"}],"twitter_card":"summary_large_image","twitter_misc":{"Est. tempo de leitura":"2 minutos"},"schema":{"@context":"https:\/\/schema.org","@graph":[{"@type":"WebPage","@id":"https:\/\/ponteseditores.com.br\/loja3\/pontes-editores-home-2__trashed\/linguistica\/errancia-do-instante-fotografias-de-araquem-alcantara-em-discurso\/","url":"https:\/\/ponteseditores.com.br\/loja3\/pontes-editores-home-2__trashed\/linguistica\/errancia-do-instante-fotografias-de-araquem-alcantara-em-discurso\/","name":"Err\u00e2ncia do instante: Fotografias de Araqu\u00e9m Alc\u00e2ntara em discurso - Pontes Editores","isPartOf":{"@id":"https:\/\/ponteseditores.com.br\/loja3\/#website"},"primaryImageOfPage":{"@id":"https:\/\/ponteseditores.com.br\/loja3\/pontes-editores-home-2__trashed\/linguistica\/errancia-do-instante-fotografias-de-araquem-alcantara-em-discurso\/#primaryimage"},"image":{"@id":"https:\/\/ponteseditores.com.br\/loja3\/pontes-editores-home-2__trashed\/linguistica\/errancia-do-instante-fotografias-de-araquem-alcantara-em-discurso\/#primaryimage"},"thumbnailUrl":"https:\/\/ponteseditores.com.br\/loja3\/wp-content\/uploads\/2023\/12\/Capa_Errancia-3.jpg","datePublished":"2023-12-16T01:43:13+00:00","dateModified":"2024-01-25T17:44:11+00:00","breadcrumb":{"@id":"https:\/\/ponteseditores.com.br\/loja3\/pontes-editores-home-2__trashed\/linguistica\/errancia-do-instante-fotografias-de-araquem-alcantara-em-discurso\/#breadcrumb"},"inLanguage":"pt-BR","potentialAction":[{"@type":"ReadAction","target":["https:\/\/ponteseditores.com.br\/loja3\/pontes-editores-home-2__trashed\/linguistica\/errancia-do-instante-fotografias-de-araquem-alcantara-em-discurso\/"]}]},{"@type":"ImageObject","inLanguage":"pt-BR","@id":"https:\/\/ponteseditores.com.br\/loja3\/pontes-editores-home-2__trashed\/linguistica\/errancia-do-instante-fotografias-de-araquem-alcantara-em-discurso\/#primaryimage","url":"https:\/\/ponteseditores.com.br\/loja3\/wp-content\/uploads\/2023\/12\/Capa_Errancia-3.jpg","contentUrl":"https:\/\/ponteseditores.com.br\/loja3\/wp-content\/uploads\/2023\/12\/Capa_Errancia-3.jpg","width":939,"height":1380},{"@type":"BreadcrumbList","@id":"https:\/\/ponteseditores.com.br\/loja3\/pontes-editores-home-2__trashed\/linguistica\/errancia-do-instante-fotografias-de-araquem-alcantara-em-discurso\/#breadcrumb","itemListElement":[{"@type":"ListItem","position":1,"name":"Home","item":"https:\/\/ponteseditores.com.br\/loja3\/"},{"@type":"ListItem","position":2,"name":"loja","item":"https:\/\/ponteseditores.com.br\/loja3\/loja\/"},{"@type":"ListItem","position":3,"name":"Err\u00e2ncia do instante: Fotografias de Araqu\u00e9m Alc\u00e2ntara em discurso"}]},{"@type":"WebSite","@id":"https:\/\/ponteseditores.com.br\/loja3\/#website","url":"https:\/\/ponteseditores.com.br\/loja3\/","name":"Pontes Editores","description":"Pontes Editores","publisher":{"@id":"https:\/\/ponteseditores.com.br\/loja3\/#organization"},"potentialAction":[{"@type":"SearchAction","target":{"@type":"EntryPoint","urlTemplate":"https:\/\/ponteseditores.com.br\/loja3\/?s={search_term_string}"},"query-input":{"@type":"PropertyValueSpecification","valueRequired":true,"valueName":"search_term_string"}}],"inLanguage":"pt-BR"},{"@type":"Organization","@id":"https:\/\/ponteseditores.com.br\/loja3\/#organization","name":"Pontes Editores","url":"https:\/\/ponteseditores.com.br\/loja3\/","logo":{"@type":"ImageObject","inLanguage":"pt-BR","@id":"https:\/\/ponteseditores.com.br\/loja3\/#\/schema\/logo\/image\/","url":"https:\/\/ponteseditores.com.br\/loja3\/wp-content\/uploads\/2023\/12\/logo-pontes-editores-v2.png","contentUrl":"https:\/\/ponteseditores.com.br\/loja3\/wp-content\/uploads\/2023\/12\/logo-pontes-editores-v2.png","width":258,"height":100,"caption":"Pontes Editores"},"image":{"@id":"https:\/\/ponteseditores.com.br\/loja3\/#\/schema\/logo\/image\/"}}]}},"_links":{"self":[{"href":"https:\/\/ponteseditores.com.br\/loja3\/wp-json\/wp\/v2\/product\/8173","targetHints":{"allow":["GET"]}}],"collection":[{"href":"https:\/\/ponteseditores.com.br\/loja3\/wp-json\/wp\/v2\/product"}],"about":[{"href":"https:\/\/ponteseditores.com.br\/loja3\/wp-json\/wp\/v2\/types\/product"}],"replies":[{"embeddable":true,"href":"https:\/\/ponteseditores.com.br\/loja3\/wp-json\/wp\/v2\/comments?post=8173"}],"version-history":[{"count":0,"href":"https:\/\/ponteseditores.com.br\/loja3\/wp-json\/wp\/v2\/product\/8173\/revisions"}],"wp:featuredmedia":[{"embeddable":true,"href":"https:\/\/ponteseditores.com.br\/loja3\/wp-json\/wp\/v2\/media\/8172"}],"wp:attachment":[{"href":"https:\/\/ponteseditores.com.br\/loja3\/wp-json\/wp\/v2\/media?parent=8173"}],"wp:term":[{"taxonomy":"product_brand","embeddable":true,"href":"https:\/\/ponteseditores.com.br\/loja3\/wp-json\/wp\/v2\/product_brand?post=8173"},{"taxonomy":"product_cat","embeddable":true,"href":"https:\/\/ponteseditores.com.br\/loja3\/wp-json\/wp\/v2\/product_cat?post=8173"},{"taxonomy":"product_tag","embeddable":true,"href":"https:\/\/ponteseditores.com.br\/loja3\/wp-json\/wp\/v2\/product_tag?post=8173"}],"curies":[{"name":"wp","href":"https:\/\/api.w.org\/{rel}","templated":true}]}}