{"id":8165,"date":"2023-12-15T18:03:38","date_gmt":"2023-12-15T21:03:38","guid":{"rendered":"https:\/\/ponteseditores.com.br\/loja3\/?post_type=product&#038;p=8165"},"modified":"2024-10-08T11:29:14","modified_gmt":"2024-10-08T14:29:14","slug":"gesto-e-fala-um-olhar-intercontinental-sobre-generos-orais","status":"publish","type":"product","link":"https:\/\/ponteseditores.com.br\/loja3\/pontes-editores-home-2__trashed\/linguistica\/gesto-e-fala-um-olhar-intercontinental-sobre-generos-orais\/","title":{"rendered":"Gesto e fala: um olhar intercontinental sobre g\u00eaneros orais"},"content":{"rendered":"<p>Este e-book traz resultados do projeto de Pesquisa GESTO E FALA DE CRIAN\u00c7AS: ACERVO DE DADOS INTERCONTINENTAIS, selecionado no Edital CHAMADA DE PRODUTIVIDADE UFPB 03\/2020, na Cota: PROGRAMA DE APOIO \u00c0 PESQUISA DA UFPB (16\/07\/2021 a 31\/12\/2022). O projeto \u00e9 fruto de uma parceria entre a Universidade Federal da Para\u00edba (UFPB-Para\u00edba), atrav\u00e9s das Professoras Doutoras Evangelina Maria Brito deFaria, Marianne Carvalho Bezerra Cavalcante, Maria Aparecida Valentin Afonso, Paula Michely Soares da Silva, J\u00e9ssica Tayrine Gomes de Melo Bezerra, a Universidade Eduardo Mondlane (UEM-Mo\u00e7ambique), atrav\u00e9s dos Professores Doutores Francisco Leonardo Vicente, Nelson Maur\u00edcio Ernesto e a Universidade da Madeira, (UMa-Ilha da Madeira, Portugal), atrav\u00e9s das Professoras Doutoras Helena Rebelo, Maria Teresa Nascimento.<\/p>\n<p>Partindo de uma perspectiva multimodal, na qual a l\u00edngua \u00e9 vista como um sistema integrado em que fala e gestos constituem uma \u00fanica matriz de significa\u00e7\u00e3o (MCNEILL, 1985), o projeto teve como objetivo construir um acervo de dados em v\u00eddeos, em contextos familiares, de crian\u00e7as de 7 a 12 anos, que possuam o portugu\u00eas como l\u00edngua oficial (Mo\u00e7ambique, Portugal e Brasil), para uma melhor compreens\u00e3o da l\u00edngua portuguesa em g\u00eaneros orais nesses tr\u00eas pa\u00edses.<\/p>\n","protected":false},"excerpt":{"rendered":"<p>Este e-book traz resultados do projeto de Pesquisa GESTO E FALA DE CRIAN\u00c7AS: ACERVO DE DADOS INTERCONTINENTAIS, selecionado no Edital CHAMADA DE PRODUTIVIDADE UFPB 03\/2020, na Cota: PROGRAMA DE APOIO \u00c0 PESQUISA DA UFPB (16\/07\/2021 a 31\/12\/2022). O projeto \u00e9 fruto de uma parceria entre a Universidade Federal da Para\u00edba (UFPB-Para\u00edba), atrav\u00e9s das Professoras Doutoras [&hellip;]<\/p>\n","protected":false},"featured_media":7202,"comment_status":"open","ping_status":"closed","template":"","meta":{"_joinchat":[]},"product_brand":[],"product_cat":[165,31],"product_tag":[],"class_list":{"0":"post-8165","1":"product","2":"type-product","3":"status-publish","4":"has-post-thumbnail","6":"product_cat-ebook","7":"product_cat-linguistica","8":"product_shipping_class-download","10":"first","11":"instock","12":"downloadable","13":"virtual","14":"purchasable","15":"product-type-simple"},"yoast_head":"<!-- This site is optimized with the Yoast SEO plugin v27.3 - https:\/\/yoast.com\/product\/yoast-seo-wordpress\/ -->\n<title>Gesto e fala: um olhar intercontinental sobre g\u00eaneros orais - Pontes Editores<\/title>\n<meta name=\"robots\" content=\"index, follow, max-snippet:-1, max-image-preview:large, max-video-preview:-1\" \/>\n<link rel=\"canonical\" href=\"https:\/\/ponteseditores.com.br\/loja3\/pontes-editores-home-2__trashed\/linguistica\/gesto-e-fala-um-olhar-intercontinental-sobre-generos-orais\/\" \/>\n<meta property=\"og:locale\" content=\"pt_BR\" \/>\n<meta property=\"og:type\" content=\"article\" \/>\n<meta property=\"og:title\" content=\"Gesto e fala: um olhar intercontinental sobre g\u00eaneros orais - Pontes Editores\" \/>\n<meta property=\"og:description\" content=\"Este e-book traz resultados do projeto de Pesquisa GESTO E FALA DE CRIAN\u00c7AS: ACERVO DE DADOS INTERCONTINENTAIS, selecionado no Edital CHAMADA DE PRODUTIVIDADE UFPB 03\/2020, na Cota: PROGRAMA DE APOIO \u00c0 PESQUISA DA UFPB (16\/07\/2021 a 31\/12\/2022). O projeto \u00e9 fruto de uma parceria entre a Universidade Federal da Para\u00edba (UFPB-Para\u00edba), atrav\u00e9s das Professoras Doutoras [&hellip;]\" \/>\n<meta property=\"og:url\" content=\"https:\/\/ponteseditores.com.br\/loja3\/pontes-editores-home-2__trashed\/linguistica\/gesto-e-fala-um-olhar-intercontinental-sobre-generos-orais\/\" \/>\n<meta property=\"og:site_name\" content=\"Pontes Editores\" \/>\n<meta property=\"article:modified_time\" content=\"2024-10-08T14:29:14+00:00\" \/>\n<meta property=\"og:image\" content=\"https:\/\/ponteseditores.com.br\/loja3\/wp-content\/uploads\/2023\/12\/Capa_Gesto_Fala.jpg\" \/>\n\t<meta property=\"og:image:width\" content=\"896\" \/>\n\t<meta property=\"og:image:height\" content=\"1280\" \/>\n\t<meta property=\"og:image:type\" content=\"image\/jpeg\" \/>\n<meta name=\"twitter:card\" content=\"summary_large_image\" \/>\n<meta name=\"twitter:label1\" content=\"Est. tempo de leitura\" \/>\n\t<meta name=\"twitter:data1\" content=\"2 minutos\" \/>\n<script type=\"application\/ld+json\" class=\"yoast-schema-graph\">{\"@context\":\"https:\\\/\\\/schema.org\",\"@graph\":[{\"@type\":\"WebPage\",\"@id\":\"https:\\\/\\\/ponteseditores.com.br\\\/loja3\\\/pontes-editores-home-2__trashed\\\/linguistica\\\/gesto-e-fala-um-olhar-intercontinental-sobre-generos-orais\\\/\",\"url\":\"https:\\\/\\\/ponteseditores.com.br\\\/loja3\\\/pontes-editores-home-2__trashed\\\/linguistica\\\/gesto-e-fala-um-olhar-intercontinental-sobre-generos-orais\\\/\",\"name\":\"Gesto e fala: um olhar intercontinental sobre g\u00eaneros orais - Pontes Editores\",\"isPartOf\":{\"@id\":\"https:\\\/\\\/ponteseditores.com.br\\\/loja3\\\/#website\"},\"primaryImageOfPage\":{\"@id\":\"https:\\\/\\\/ponteseditores.com.br\\\/loja3\\\/pontes-editores-home-2__trashed\\\/linguistica\\\/gesto-e-fala-um-olhar-intercontinental-sobre-generos-orais\\\/#primaryimage\"},\"image\":{\"@id\":\"https:\\\/\\\/ponteseditores.com.br\\\/loja3\\\/pontes-editores-home-2__trashed\\\/linguistica\\\/gesto-e-fala-um-olhar-intercontinental-sobre-generos-orais\\\/#primaryimage\"},\"thumbnailUrl\":\"https:\\\/\\\/ponteseditores.com.br\\\/loja3\\\/wp-content\\\/uploads\\\/2023\\\/12\\\/Capa_Gesto_Fala.jpg\",\"datePublished\":\"2023-12-15T21:03:38+00:00\",\"dateModified\":\"2024-10-08T14:29:14+00:00\",\"breadcrumb\":{\"@id\":\"https:\\\/\\\/ponteseditores.com.br\\\/loja3\\\/pontes-editores-home-2__trashed\\\/linguistica\\\/gesto-e-fala-um-olhar-intercontinental-sobre-generos-orais\\\/#breadcrumb\"},\"inLanguage\":\"pt-BR\",\"potentialAction\":[{\"@type\":\"ReadAction\",\"target\":[\"https:\\\/\\\/ponteseditores.com.br\\\/loja3\\\/pontes-editores-home-2__trashed\\\/linguistica\\\/gesto-e-fala-um-olhar-intercontinental-sobre-generos-orais\\\/\"]}]},{\"@type\":\"ImageObject\",\"inLanguage\":\"pt-BR\",\"@id\":\"https:\\\/\\\/ponteseditores.com.br\\\/loja3\\\/pontes-editores-home-2__trashed\\\/linguistica\\\/gesto-e-fala-um-olhar-intercontinental-sobre-generos-orais\\\/#primaryimage\",\"url\":\"https:\\\/\\\/ponteseditores.com.br\\\/loja3\\\/wp-content\\\/uploads\\\/2023\\\/12\\\/Capa_Gesto_Fala.jpg\",\"contentUrl\":\"https:\\\/\\\/ponteseditores.com.br\\\/loja3\\\/wp-content\\\/uploads\\\/2023\\\/12\\\/Capa_Gesto_Fala.jpg\",\"width\":896,\"height\":1280},{\"@type\":\"BreadcrumbList\",\"@id\":\"https:\\\/\\\/ponteseditores.com.br\\\/loja3\\\/pontes-editores-home-2__trashed\\\/linguistica\\\/gesto-e-fala-um-olhar-intercontinental-sobre-generos-orais\\\/#breadcrumb\",\"itemListElement\":[{\"@type\":\"ListItem\",\"position\":1,\"name\":\"Home\",\"item\":\"https:\\\/\\\/ponteseditores.com.br\\\/loja3\\\/\"},{\"@type\":\"ListItem\",\"position\":2,\"name\":\"loja\",\"item\":\"https:\\\/\\\/ponteseditores.com.br\\\/loja3\\\/loja\\\/\"},{\"@type\":\"ListItem\",\"position\":3,\"name\":\"Gesto e fala: um olhar intercontinental sobre g\u00eaneros orais\"}]},{\"@type\":\"WebSite\",\"@id\":\"https:\\\/\\\/ponteseditores.com.br\\\/loja3\\\/#website\",\"url\":\"https:\\\/\\\/ponteseditores.com.br\\\/loja3\\\/\",\"name\":\"Pontes Editores\",\"description\":\"Pontes Editores\",\"publisher\":{\"@id\":\"https:\\\/\\\/ponteseditores.com.br\\\/loja3\\\/#organization\"},\"potentialAction\":[{\"@type\":\"SearchAction\",\"target\":{\"@type\":\"EntryPoint\",\"urlTemplate\":\"https:\\\/\\\/ponteseditores.com.br\\\/loja3\\\/?s={search_term_string}\"},\"query-input\":{\"@type\":\"PropertyValueSpecification\",\"valueRequired\":true,\"valueName\":\"search_term_string\"}}],\"inLanguage\":\"pt-BR\"},{\"@type\":\"Organization\",\"@id\":\"https:\\\/\\\/ponteseditores.com.br\\\/loja3\\\/#organization\",\"name\":\"Pontes Editores\",\"url\":\"https:\\\/\\\/ponteseditores.com.br\\\/loja3\\\/\",\"logo\":{\"@type\":\"ImageObject\",\"inLanguage\":\"pt-BR\",\"@id\":\"https:\\\/\\\/ponteseditores.com.br\\\/loja3\\\/#\\\/schema\\\/logo\\\/image\\\/\",\"url\":\"https:\\\/\\\/ponteseditores.com.br\\\/loja3\\\/wp-content\\\/uploads\\\/2023\\\/12\\\/logo-pontes-editores-v2.png\",\"contentUrl\":\"https:\\\/\\\/ponteseditores.com.br\\\/loja3\\\/wp-content\\\/uploads\\\/2023\\\/12\\\/logo-pontes-editores-v2.png\",\"width\":258,\"height\":100,\"caption\":\"Pontes Editores\"},\"image\":{\"@id\":\"https:\\\/\\\/ponteseditores.com.br\\\/loja3\\\/#\\\/schema\\\/logo\\\/image\\\/\"}}]}<\/script>\n<!-- \/ Yoast SEO plugin. -->","yoast_head_json":{"title":"Gesto e fala: um olhar intercontinental sobre g\u00eaneros orais - Pontes Editores","robots":{"index":"index","follow":"follow","max-snippet":"max-snippet:-1","max-image-preview":"max-image-preview:large","max-video-preview":"max-video-preview:-1"},"canonical":"https:\/\/ponteseditores.com.br\/loja3\/pontes-editores-home-2__trashed\/linguistica\/gesto-e-fala-um-olhar-intercontinental-sobre-generos-orais\/","og_locale":"pt_BR","og_type":"article","og_title":"Gesto e fala: um olhar intercontinental sobre g\u00eaneros orais - Pontes Editores","og_description":"Este e-book traz resultados do projeto de Pesquisa GESTO E FALA DE CRIAN\u00c7AS: ACERVO DE DADOS INTERCONTINENTAIS, selecionado no Edital CHAMADA DE PRODUTIVIDADE UFPB 03\/2020, na Cota: PROGRAMA DE APOIO \u00c0 PESQUISA DA UFPB (16\/07\/2021 a 31\/12\/2022). O projeto \u00e9 fruto de uma parceria entre a Universidade Federal da Para\u00edba (UFPB-Para\u00edba), atrav\u00e9s das Professoras Doutoras [&hellip;]","og_url":"https:\/\/ponteseditores.com.br\/loja3\/pontes-editores-home-2__trashed\/linguistica\/gesto-e-fala-um-olhar-intercontinental-sobre-generos-orais\/","og_site_name":"Pontes Editores","article_modified_time":"2024-10-08T14:29:14+00:00","og_image":[{"width":896,"height":1280,"url":"https:\/\/ponteseditores.com.br\/loja3\/wp-content\/uploads\/2023\/12\/Capa_Gesto_Fala.jpg","type":"image\/jpeg"}],"twitter_card":"summary_large_image","twitter_misc":{"Est. tempo de leitura":"2 minutos"},"schema":{"@context":"https:\/\/schema.org","@graph":[{"@type":"WebPage","@id":"https:\/\/ponteseditores.com.br\/loja3\/pontes-editores-home-2__trashed\/linguistica\/gesto-e-fala-um-olhar-intercontinental-sobre-generos-orais\/","url":"https:\/\/ponteseditores.com.br\/loja3\/pontes-editores-home-2__trashed\/linguistica\/gesto-e-fala-um-olhar-intercontinental-sobre-generos-orais\/","name":"Gesto e fala: um olhar intercontinental sobre g\u00eaneros orais - Pontes Editores","isPartOf":{"@id":"https:\/\/ponteseditores.com.br\/loja3\/#website"},"primaryImageOfPage":{"@id":"https:\/\/ponteseditores.com.br\/loja3\/pontes-editores-home-2__trashed\/linguistica\/gesto-e-fala-um-olhar-intercontinental-sobre-generos-orais\/#primaryimage"},"image":{"@id":"https:\/\/ponteseditores.com.br\/loja3\/pontes-editores-home-2__trashed\/linguistica\/gesto-e-fala-um-olhar-intercontinental-sobre-generos-orais\/#primaryimage"},"thumbnailUrl":"https:\/\/ponteseditores.com.br\/loja3\/wp-content\/uploads\/2023\/12\/Capa_Gesto_Fala.jpg","datePublished":"2023-12-15T21:03:38+00:00","dateModified":"2024-10-08T14:29:14+00:00","breadcrumb":{"@id":"https:\/\/ponteseditores.com.br\/loja3\/pontes-editores-home-2__trashed\/linguistica\/gesto-e-fala-um-olhar-intercontinental-sobre-generos-orais\/#breadcrumb"},"inLanguage":"pt-BR","potentialAction":[{"@type":"ReadAction","target":["https:\/\/ponteseditores.com.br\/loja3\/pontes-editores-home-2__trashed\/linguistica\/gesto-e-fala-um-olhar-intercontinental-sobre-generos-orais\/"]}]},{"@type":"ImageObject","inLanguage":"pt-BR","@id":"https:\/\/ponteseditores.com.br\/loja3\/pontes-editores-home-2__trashed\/linguistica\/gesto-e-fala-um-olhar-intercontinental-sobre-generos-orais\/#primaryimage","url":"https:\/\/ponteseditores.com.br\/loja3\/wp-content\/uploads\/2023\/12\/Capa_Gesto_Fala.jpg","contentUrl":"https:\/\/ponteseditores.com.br\/loja3\/wp-content\/uploads\/2023\/12\/Capa_Gesto_Fala.jpg","width":896,"height":1280},{"@type":"BreadcrumbList","@id":"https:\/\/ponteseditores.com.br\/loja3\/pontes-editores-home-2__trashed\/linguistica\/gesto-e-fala-um-olhar-intercontinental-sobre-generos-orais\/#breadcrumb","itemListElement":[{"@type":"ListItem","position":1,"name":"Home","item":"https:\/\/ponteseditores.com.br\/loja3\/"},{"@type":"ListItem","position":2,"name":"loja","item":"https:\/\/ponteseditores.com.br\/loja3\/loja\/"},{"@type":"ListItem","position":3,"name":"Gesto e fala: um olhar intercontinental sobre g\u00eaneros orais"}]},{"@type":"WebSite","@id":"https:\/\/ponteseditores.com.br\/loja3\/#website","url":"https:\/\/ponteseditores.com.br\/loja3\/","name":"Pontes Editores","description":"Pontes Editores","publisher":{"@id":"https:\/\/ponteseditores.com.br\/loja3\/#organization"},"potentialAction":[{"@type":"SearchAction","target":{"@type":"EntryPoint","urlTemplate":"https:\/\/ponteseditores.com.br\/loja3\/?s={search_term_string}"},"query-input":{"@type":"PropertyValueSpecification","valueRequired":true,"valueName":"search_term_string"}}],"inLanguage":"pt-BR"},{"@type":"Organization","@id":"https:\/\/ponteseditores.com.br\/loja3\/#organization","name":"Pontes Editores","url":"https:\/\/ponteseditores.com.br\/loja3\/","logo":{"@type":"ImageObject","inLanguage":"pt-BR","@id":"https:\/\/ponteseditores.com.br\/loja3\/#\/schema\/logo\/image\/","url":"https:\/\/ponteseditores.com.br\/loja3\/wp-content\/uploads\/2023\/12\/logo-pontes-editores-v2.png","contentUrl":"https:\/\/ponteseditores.com.br\/loja3\/wp-content\/uploads\/2023\/12\/logo-pontes-editores-v2.png","width":258,"height":100,"caption":"Pontes Editores"},"image":{"@id":"https:\/\/ponteseditores.com.br\/loja3\/#\/schema\/logo\/image\/"}}]}},"_links":{"self":[{"href":"https:\/\/ponteseditores.com.br\/loja3\/wp-json\/wp\/v2\/product\/8165","targetHints":{"allow":["GET"]}}],"collection":[{"href":"https:\/\/ponteseditores.com.br\/loja3\/wp-json\/wp\/v2\/product"}],"about":[{"href":"https:\/\/ponteseditores.com.br\/loja3\/wp-json\/wp\/v2\/types\/product"}],"replies":[{"embeddable":true,"href":"https:\/\/ponteseditores.com.br\/loja3\/wp-json\/wp\/v2\/comments?post=8165"}],"version-history":[{"count":0,"href":"https:\/\/ponteseditores.com.br\/loja3\/wp-json\/wp\/v2\/product\/8165\/revisions"}],"wp:featuredmedia":[{"embeddable":true,"href":"https:\/\/ponteseditores.com.br\/loja3\/wp-json\/wp\/v2\/media\/7202"}],"wp:attachment":[{"href":"https:\/\/ponteseditores.com.br\/loja3\/wp-json\/wp\/v2\/media?parent=8165"}],"wp:term":[{"taxonomy":"product_brand","embeddable":true,"href":"https:\/\/ponteseditores.com.br\/loja3\/wp-json\/wp\/v2\/product_brand?post=8165"},{"taxonomy":"product_cat","embeddable":true,"href":"https:\/\/ponteseditores.com.br\/loja3\/wp-json\/wp\/v2\/product_cat?post=8165"},{"taxonomy":"product_tag","embeddable":true,"href":"https:\/\/ponteseditores.com.br\/loja3\/wp-json\/wp\/v2\/product_tag?post=8165"}],"curies":[{"name":"wp","href":"https:\/\/api.w.org\/{rel}","templated":true}]}}