{"id":8156,"date":"2023-12-15T16:40:55","date_gmt":"2023-12-15T19:40:55","guid":{"rendered":"https:\/\/ponteseditores.com.br\/loja3\/?post_type=product&#038;p=8156"},"modified":"2024-10-08T11:29:14","modified_gmt":"2024-10-08T14:29:14","slug":"dialogos-entre-analise-do-discurso-e-linguistica-aplicada","status":"publish","type":"product","link":"https:\/\/ponteseditores.com.br\/loja3\/pontes-editores-home-2__trashed\/linguistica\/dialogos-entre-analise-do-discurso-e-linguistica-aplicada\/","title":{"rendered":"Di\u00e1logos entre An\u00e1lise do Discurso e Lingu\u00edstica Aplicada"},"content":{"rendered":"<p>Trata-se de investiga\u00e7\u00f5es que reconhecem a linguagem como tendo um papel constitutivo na constru\u00e7\u00e3o dos saberes, nas configura\u00e7\u00f5es identit\u00e1rias e nas diversas representa\u00e7\u00f5es de sujeito que se insinuam na realidade cotidiana. Desta percep\u00e7\u00e3o, emerge um latente desejo de se lan\u00e7ar gestos de pesquisa e an\u00e1lise que contemplem \u201cas vozes do Sul\u201d e que se posicionem, como prop\u00f5e Kleiman (2013), numa voca\u00e7\u00e3o metodol\u00f3gica interventiva, preocupada com a visibilidade e com os modos de apropria\u00e7\u00e3o dos saberes por parte dos grupos de periferia. Desse modo, ao se inscreverem em uma tessitura te\u00f3rica em que s\u00e3o caras as no\u00e7\u00f5es de heterogeneidade, alteridade, dialogia, contradi\u00e7\u00e3o, mem\u00f3ria, resist\u00eancia, dentre outras, as propostas contribuem para a problematiza\u00e7\u00e3o de sentidos sedimentados acerca, por exemplo: do lugar da educa\u00e7\u00e3o em contextos marginalizados, dos processos de forma\u00e7\u00e3o de professores, de pr\u00e1ticas de ensino de l\u00ednguas materna e estrangeira e da abordagem do texto liter\u00e1rio.<\/p>\n<p>A partir dos cap\u00edtulos desta obra, convidamos pesquisadores das \u00e1reas de An\u00e1lise do Discurso, de An\u00e1lise Dial\u00f3gica do Discurso e da Lingu\u00edstica Aplicada a travar di\u00e1logos que busquem, na contemporaneidade, pensar a constitui\u00e7\u00e3o de sujeitos (alunos, professores, escritores, leitores, dentre outros) em contextos de ensino-aprendizagem e por meio de discursividades que emanam do funcionamento singular da l\u00edngua (materna e estrangeira).<\/p>\n","protected":false},"excerpt":{"rendered":"<p>Trata-se de investiga\u00e7\u00f5es que reconhecem a linguagem como tendo um papel constitutivo na constru\u00e7\u00e3o dos saberes, nas configura\u00e7\u00f5es identit\u00e1rias e nas diversas representa\u00e7\u00f5es de sujeito que se insinuam na realidade cotidiana. Desta percep\u00e7\u00e3o, emerge um latente desejo de se lan\u00e7ar gestos de pesquisa e an\u00e1lise que contemplem \u201cas vozes do Sul\u201d e que se posicionem, [&hellip;]<\/p>\n","protected":false},"featured_media":8157,"comment_status":"open","ping_status":"closed","template":"","meta":{"_joinchat":[]},"product_brand":[],"product_cat":[301,165,31],"product_tag":[],"class_list":{"0":"post-8156","1":"product","2":"type-product","3":"status-publish","4":"has-post-thumbnail","6":"product_cat-analise-de-discurso","7":"product_cat-ebook","8":"product_cat-linguistica","9":"product_shipping_class-download","11":"first","12":"instock","13":"downloadable","14":"virtual","15":"purchasable","16":"product-type-simple"},"yoast_head":"<!-- This site is optimized with the Yoast SEO plugin v27.4 - https:\/\/yoast.com\/product\/yoast-seo-wordpress\/ -->\n<title>Di\u00e1logos entre An\u00e1lise do Discurso e Lingu\u00edstica Aplicada - Pontes Editores<\/title>\n<meta name=\"robots\" content=\"index, follow, max-snippet:-1, max-image-preview:large, max-video-preview:-1\" \/>\n<link rel=\"canonical\" href=\"https:\/\/ponteseditores.com.br\/loja3\/pontes-editores-home-2__trashed\/linguistica\/dialogos-entre-analise-do-discurso-e-linguistica-aplicada\/\" \/>\n<meta property=\"og:locale\" content=\"pt_BR\" \/>\n<meta property=\"og:type\" content=\"article\" \/>\n<meta property=\"og:title\" content=\"Di\u00e1logos entre An\u00e1lise do Discurso e Lingu\u00edstica Aplicada - Pontes Editores\" \/>\n<meta property=\"og:description\" content=\"Trata-se de investiga\u00e7\u00f5es que reconhecem a linguagem como tendo um papel constitutivo na constru\u00e7\u00e3o dos saberes, nas configura\u00e7\u00f5es identit\u00e1rias e nas diversas representa\u00e7\u00f5es de sujeito que se insinuam na realidade cotidiana. Desta percep\u00e7\u00e3o, emerge um latente desejo de se lan\u00e7ar gestos de pesquisa e an\u00e1lise que contemplem \u201cas vozes do Sul\u201d e que se posicionem, [&hellip;]\" \/>\n<meta property=\"og:url\" content=\"https:\/\/ponteseditores.com.br\/loja3\/pontes-editores-home-2__trashed\/linguistica\/dialogos-entre-analise-do-discurso-e-linguistica-aplicada\/\" \/>\n<meta property=\"og:site_name\" content=\"Pontes Editores\" \/>\n<meta property=\"article:modified_time\" content=\"2024-10-08T14:29:14+00:00\" \/>\n<meta property=\"og:image\" content=\"https:\/\/ponteseditores.com.br\/loja3\/wp-content\/uploads\/2023\/12\/Capa_Dialogos_Analise_Discurso_Ebook.jpg\" \/>\n\t<meta property=\"og:image:width\" content=\"567\" \/>\n\t<meta property=\"og:image:height\" content=\"567\" \/>\n\t<meta property=\"og:image:type\" content=\"image\/jpeg\" \/>\n<meta name=\"twitter:card\" content=\"summary_large_image\" \/>\n<meta name=\"twitter:label1\" content=\"Est. tempo de leitura\" \/>\n\t<meta name=\"twitter:data1\" content=\"2 minutos\" \/>\n<script type=\"application\/ld+json\" class=\"yoast-schema-graph\">{\"@context\":\"https:\\\/\\\/schema.org\",\"@graph\":[{\"@type\":\"WebPage\",\"@id\":\"https:\\\/\\\/ponteseditores.com.br\\\/loja3\\\/pontes-editores-home-2__trashed\\\/linguistica\\\/dialogos-entre-analise-do-discurso-e-linguistica-aplicada\\\/\",\"url\":\"https:\\\/\\\/ponteseditores.com.br\\\/loja3\\\/pontes-editores-home-2__trashed\\\/linguistica\\\/dialogos-entre-analise-do-discurso-e-linguistica-aplicada\\\/\",\"name\":\"Di\u00e1logos entre An\u00e1lise do Discurso e Lingu\u00edstica Aplicada - Pontes Editores\",\"isPartOf\":{\"@id\":\"https:\\\/\\\/ponteseditores.com.br\\\/loja3\\\/#website\"},\"primaryImageOfPage\":{\"@id\":\"https:\\\/\\\/ponteseditores.com.br\\\/loja3\\\/pontes-editores-home-2__trashed\\\/linguistica\\\/dialogos-entre-analise-do-discurso-e-linguistica-aplicada\\\/#primaryimage\"},\"image\":{\"@id\":\"https:\\\/\\\/ponteseditores.com.br\\\/loja3\\\/pontes-editores-home-2__trashed\\\/linguistica\\\/dialogos-entre-analise-do-discurso-e-linguistica-aplicada\\\/#primaryimage\"},\"thumbnailUrl\":\"https:\\\/\\\/ponteseditores.com.br\\\/loja3\\\/wp-content\\\/uploads\\\/2023\\\/12\\\/Capa_Dialogos_Analise_Discurso_Ebook.jpg\",\"datePublished\":\"2023-12-15T19:40:55+00:00\",\"dateModified\":\"2024-10-08T14:29:14+00:00\",\"breadcrumb\":{\"@id\":\"https:\\\/\\\/ponteseditores.com.br\\\/loja3\\\/pontes-editores-home-2__trashed\\\/linguistica\\\/dialogos-entre-analise-do-discurso-e-linguistica-aplicada\\\/#breadcrumb\"},\"inLanguage\":\"pt-BR\",\"potentialAction\":[{\"@type\":\"ReadAction\",\"target\":[\"https:\\\/\\\/ponteseditores.com.br\\\/loja3\\\/pontes-editores-home-2__trashed\\\/linguistica\\\/dialogos-entre-analise-do-discurso-e-linguistica-aplicada\\\/\"]}]},{\"@type\":\"ImageObject\",\"inLanguage\":\"pt-BR\",\"@id\":\"https:\\\/\\\/ponteseditores.com.br\\\/loja3\\\/pontes-editores-home-2__trashed\\\/linguistica\\\/dialogos-entre-analise-do-discurso-e-linguistica-aplicada\\\/#primaryimage\",\"url\":\"https:\\\/\\\/ponteseditores.com.br\\\/loja3\\\/wp-content\\\/uploads\\\/2023\\\/12\\\/Capa_Dialogos_Analise_Discurso_Ebook.jpg\",\"contentUrl\":\"https:\\\/\\\/ponteseditores.com.br\\\/loja3\\\/wp-content\\\/uploads\\\/2023\\\/12\\\/Capa_Dialogos_Analise_Discurso_Ebook.jpg\",\"width\":567,\"height\":567},{\"@type\":\"BreadcrumbList\",\"@id\":\"https:\\\/\\\/ponteseditores.com.br\\\/loja3\\\/pontes-editores-home-2__trashed\\\/linguistica\\\/dialogos-entre-analise-do-discurso-e-linguistica-aplicada\\\/#breadcrumb\",\"itemListElement\":[{\"@type\":\"ListItem\",\"position\":1,\"name\":\"Home\",\"item\":\"https:\\\/\\\/ponteseditores.com.br\\\/loja3\\\/\"},{\"@type\":\"ListItem\",\"position\":2,\"name\":\"loja\",\"item\":\"https:\\\/\\\/ponteseditores.com.br\\\/loja3\\\/loja\\\/\"},{\"@type\":\"ListItem\",\"position\":3,\"name\":\"Di\u00e1logos entre An\u00e1lise do Discurso e Lingu\u00edstica Aplicada\"}]},{\"@type\":\"WebSite\",\"@id\":\"https:\\\/\\\/ponteseditores.com.br\\\/loja3\\\/#website\",\"url\":\"https:\\\/\\\/ponteseditores.com.br\\\/loja3\\\/\",\"name\":\"Pontes Editores\",\"description\":\"Pontes Editores\",\"publisher\":{\"@id\":\"https:\\\/\\\/ponteseditores.com.br\\\/loja3\\\/#organization\"},\"potentialAction\":[{\"@type\":\"SearchAction\",\"target\":{\"@type\":\"EntryPoint\",\"urlTemplate\":\"https:\\\/\\\/ponteseditores.com.br\\\/loja3\\\/?s={search_term_string}\"},\"query-input\":{\"@type\":\"PropertyValueSpecification\",\"valueRequired\":true,\"valueName\":\"search_term_string\"}}],\"inLanguage\":\"pt-BR\"},{\"@type\":\"Organization\",\"@id\":\"https:\\\/\\\/ponteseditores.com.br\\\/loja3\\\/#organization\",\"name\":\"Pontes Editores\",\"url\":\"https:\\\/\\\/ponteseditores.com.br\\\/loja3\\\/\",\"logo\":{\"@type\":\"ImageObject\",\"inLanguage\":\"pt-BR\",\"@id\":\"https:\\\/\\\/ponteseditores.com.br\\\/loja3\\\/#\\\/schema\\\/logo\\\/image\\\/\",\"url\":\"https:\\\/\\\/ponteseditores.com.br\\\/loja3\\\/wp-content\\\/uploads\\\/2023\\\/12\\\/logo-pontes-editores-v2.png\",\"contentUrl\":\"https:\\\/\\\/ponteseditores.com.br\\\/loja3\\\/wp-content\\\/uploads\\\/2023\\\/12\\\/logo-pontes-editores-v2.png\",\"width\":258,\"height\":100,\"caption\":\"Pontes Editores\"},\"image\":{\"@id\":\"https:\\\/\\\/ponteseditores.com.br\\\/loja3\\\/#\\\/schema\\\/logo\\\/image\\\/\"}}]}<\/script>\n<!-- \/ Yoast SEO plugin. -->","yoast_head_json":{"title":"Di\u00e1logos entre An\u00e1lise do Discurso e Lingu\u00edstica Aplicada - Pontes Editores","robots":{"index":"index","follow":"follow","max-snippet":"max-snippet:-1","max-image-preview":"max-image-preview:large","max-video-preview":"max-video-preview:-1"},"canonical":"https:\/\/ponteseditores.com.br\/loja3\/pontes-editores-home-2__trashed\/linguistica\/dialogos-entre-analise-do-discurso-e-linguistica-aplicada\/","og_locale":"pt_BR","og_type":"article","og_title":"Di\u00e1logos entre An\u00e1lise do Discurso e Lingu\u00edstica Aplicada - Pontes Editores","og_description":"Trata-se de investiga\u00e7\u00f5es que reconhecem a linguagem como tendo um papel constitutivo na constru\u00e7\u00e3o dos saberes, nas configura\u00e7\u00f5es identit\u00e1rias e nas diversas representa\u00e7\u00f5es de sujeito que se insinuam na realidade cotidiana. Desta percep\u00e7\u00e3o, emerge um latente desejo de se lan\u00e7ar gestos de pesquisa e an\u00e1lise que contemplem \u201cas vozes do Sul\u201d e que se posicionem, [&hellip;]","og_url":"https:\/\/ponteseditores.com.br\/loja3\/pontes-editores-home-2__trashed\/linguistica\/dialogos-entre-analise-do-discurso-e-linguistica-aplicada\/","og_site_name":"Pontes Editores","article_modified_time":"2024-10-08T14:29:14+00:00","og_image":[{"width":567,"height":567,"url":"https:\/\/ponteseditores.com.br\/loja3\/wp-content\/uploads\/2023\/12\/Capa_Dialogos_Analise_Discurso_Ebook.jpg","type":"image\/jpeg"}],"twitter_card":"summary_large_image","twitter_misc":{"Est. tempo de leitura":"2 minutos"},"schema":{"@context":"https:\/\/schema.org","@graph":[{"@type":"WebPage","@id":"https:\/\/ponteseditores.com.br\/loja3\/pontes-editores-home-2__trashed\/linguistica\/dialogos-entre-analise-do-discurso-e-linguistica-aplicada\/","url":"https:\/\/ponteseditores.com.br\/loja3\/pontes-editores-home-2__trashed\/linguistica\/dialogos-entre-analise-do-discurso-e-linguistica-aplicada\/","name":"Di\u00e1logos entre An\u00e1lise do Discurso e Lingu\u00edstica Aplicada - Pontes Editores","isPartOf":{"@id":"https:\/\/ponteseditores.com.br\/loja3\/#website"},"primaryImageOfPage":{"@id":"https:\/\/ponteseditores.com.br\/loja3\/pontes-editores-home-2__trashed\/linguistica\/dialogos-entre-analise-do-discurso-e-linguistica-aplicada\/#primaryimage"},"image":{"@id":"https:\/\/ponteseditores.com.br\/loja3\/pontes-editores-home-2__trashed\/linguistica\/dialogos-entre-analise-do-discurso-e-linguistica-aplicada\/#primaryimage"},"thumbnailUrl":"https:\/\/ponteseditores.com.br\/loja3\/wp-content\/uploads\/2023\/12\/Capa_Dialogos_Analise_Discurso_Ebook.jpg","datePublished":"2023-12-15T19:40:55+00:00","dateModified":"2024-10-08T14:29:14+00:00","breadcrumb":{"@id":"https:\/\/ponteseditores.com.br\/loja3\/pontes-editores-home-2__trashed\/linguistica\/dialogos-entre-analise-do-discurso-e-linguistica-aplicada\/#breadcrumb"},"inLanguage":"pt-BR","potentialAction":[{"@type":"ReadAction","target":["https:\/\/ponteseditores.com.br\/loja3\/pontes-editores-home-2__trashed\/linguistica\/dialogos-entre-analise-do-discurso-e-linguistica-aplicada\/"]}]},{"@type":"ImageObject","inLanguage":"pt-BR","@id":"https:\/\/ponteseditores.com.br\/loja3\/pontes-editores-home-2__trashed\/linguistica\/dialogos-entre-analise-do-discurso-e-linguistica-aplicada\/#primaryimage","url":"https:\/\/ponteseditores.com.br\/loja3\/wp-content\/uploads\/2023\/12\/Capa_Dialogos_Analise_Discurso_Ebook.jpg","contentUrl":"https:\/\/ponteseditores.com.br\/loja3\/wp-content\/uploads\/2023\/12\/Capa_Dialogos_Analise_Discurso_Ebook.jpg","width":567,"height":567},{"@type":"BreadcrumbList","@id":"https:\/\/ponteseditores.com.br\/loja3\/pontes-editores-home-2__trashed\/linguistica\/dialogos-entre-analise-do-discurso-e-linguistica-aplicada\/#breadcrumb","itemListElement":[{"@type":"ListItem","position":1,"name":"Home","item":"https:\/\/ponteseditores.com.br\/loja3\/"},{"@type":"ListItem","position":2,"name":"loja","item":"https:\/\/ponteseditores.com.br\/loja3\/loja\/"},{"@type":"ListItem","position":3,"name":"Di\u00e1logos entre An\u00e1lise do Discurso e Lingu\u00edstica Aplicada"}]},{"@type":"WebSite","@id":"https:\/\/ponteseditores.com.br\/loja3\/#website","url":"https:\/\/ponteseditores.com.br\/loja3\/","name":"Pontes Editores","description":"Pontes Editores","publisher":{"@id":"https:\/\/ponteseditores.com.br\/loja3\/#organization"},"potentialAction":[{"@type":"SearchAction","target":{"@type":"EntryPoint","urlTemplate":"https:\/\/ponteseditores.com.br\/loja3\/?s={search_term_string}"},"query-input":{"@type":"PropertyValueSpecification","valueRequired":true,"valueName":"search_term_string"}}],"inLanguage":"pt-BR"},{"@type":"Organization","@id":"https:\/\/ponteseditores.com.br\/loja3\/#organization","name":"Pontes Editores","url":"https:\/\/ponteseditores.com.br\/loja3\/","logo":{"@type":"ImageObject","inLanguage":"pt-BR","@id":"https:\/\/ponteseditores.com.br\/loja3\/#\/schema\/logo\/image\/","url":"https:\/\/ponteseditores.com.br\/loja3\/wp-content\/uploads\/2023\/12\/logo-pontes-editores-v2.png","contentUrl":"https:\/\/ponteseditores.com.br\/loja3\/wp-content\/uploads\/2023\/12\/logo-pontes-editores-v2.png","width":258,"height":100,"caption":"Pontes Editores"},"image":{"@id":"https:\/\/ponteseditores.com.br\/loja3\/#\/schema\/logo\/image\/"}}]}},"_links":{"self":[{"href":"https:\/\/ponteseditores.com.br\/loja3\/wp-json\/wp\/v2\/product\/8156","targetHints":{"allow":["GET"]}}],"collection":[{"href":"https:\/\/ponteseditores.com.br\/loja3\/wp-json\/wp\/v2\/product"}],"about":[{"href":"https:\/\/ponteseditores.com.br\/loja3\/wp-json\/wp\/v2\/types\/product"}],"replies":[{"embeddable":true,"href":"https:\/\/ponteseditores.com.br\/loja3\/wp-json\/wp\/v2\/comments?post=8156"}],"version-history":[{"count":0,"href":"https:\/\/ponteseditores.com.br\/loja3\/wp-json\/wp\/v2\/product\/8156\/revisions"}],"wp:featuredmedia":[{"embeddable":true,"href":"https:\/\/ponteseditores.com.br\/loja3\/wp-json\/wp\/v2\/media\/8157"}],"wp:attachment":[{"href":"https:\/\/ponteseditores.com.br\/loja3\/wp-json\/wp\/v2\/media?parent=8156"}],"wp:term":[{"taxonomy":"product_brand","embeddable":true,"href":"https:\/\/ponteseditores.com.br\/loja3\/wp-json\/wp\/v2\/product_brand?post=8156"},{"taxonomy":"product_cat","embeddable":true,"href":"https:\/\/ponteseditores.com.br\/loja3\/wp-json\/wp\/v2\/product_cat?post=8156"},{"taxonomy":"product_tag","embeddable":true,"href":"https:\/\/ponteseditores.com.br\/loja3\/wp-json\/wp\/v2\/product_tag?post=8156"}],"curies":[{"name":"wp","href":"https:\/\/api.w.org\/{rel}","templated":true}]}}