{"id":8155,"date":"2023-12-15T16:27:34","date_gmt":"2023-12-15T19:27:34","guid":{"rendered":"https:\/\/ponteseditores.com.br\/loja3\/?post_type=product&#038;p=8155"},"modified":"2024-10-08T11:29:15","modified_gmt":"2024-10-08T14:29:15","slug":"delimitando-significados-de-alguns-itens-do-portugues-brasileiro-um-pouco-de-tudo","status":"publish","type":"product","link":"https:\/\/ponteseditores.com.br\/loja3\/pontes-editores-home-2__trashed\/educacao\/delimitando-significados-de-alguns-itens-do-portugues-brasileiro-um-pouco-de-tudo\/","title":{"rendered":"Delimitando significados de alguns itens do Portugu\u00eas Brasileiro: um pouco de tudo"},"content":{"rendered":"<p>Delimitando significados de alguns itens do Portugu\u00eas Brasileiro: um pouco de tudo resulta de trabalhos de pesquisa realizados pelos mestrandos e mestrandas do Programa de P\u00f3s-Gradua\u00e7\u00e3o em Letras (PPGL), da Universidade Tecnol\u00f3gica Federal do Paran\u00e1, Campus Pato Branco (UTFPR-PB). Especificamente, a obra1 \u00e9 consequ\u00eancia da participa\u00e7\u00e3o ativa e perseverante de 15 alunos matriculados em \u201cT\u00f3picos em Sem\u00e2ntica e Pragm\u00e1tica\u201d no primeiro semestre de 2021 e da idealiza\u00e7\u00e3o da docente ministrante do PPGL, Let\u00edcia Lemos Gritti, tamb\u00e9m uma das organizadoras deste livro. A disciplina de \u201cT\u00f3picos em Sem\u00e2ntica e Pragm\u00e1tica\u201d \u00e9 uma das disciplinas eletivas do PPGL e nela s\u00e3o trabalhados aspectos ligados ao temido n\u00facleo duro da Lingu\u00edstica, a partir da Sem\u00e2ntica, e aspectos extralingu\u00edsticos envolvidos no uso da linguagem, a partir da Pragm\u00e1tica.<\/p>\n<p>Assim, apesar da disciplina ser um dos componentes curriculares que trabalha o vi\u00e9s estrutural das l\u00ednguas naturais, ela n\u00e3o deixa de considerar as condi\u00e7\u00f5es extralingu\u00edsticas que participam da constru\u00e7\u00e3o de sentidos, o que vem ao encontro do objetivo da linha de pesquisa Linguagem, educa\u00e7\u00e3o e trabalho do PPGL na qual a disciplina encaixa-se.<\/p>\n","protected":false},"excerpt":{"rendered":"<p>Delimitando significados de alguns itens do Portugu\u00eas Brasileiro: um pouco de tudo resulta de trabalhos de pesquisa realizados pelos mestrandos e mestrandas do Programa de P\u00f3s-Gradua\u00e7\u00e3o em Letras (PPGL), da Universidade Tecnol\u00f3gica Federal do Paran\u00e1, Campus Pato Branco (UTFPR-PB). Especificamente, a obra1 \u00e9 consequ\u00eancia da participa\u00e7\u00e3o ativa e perseverante de 15 alunos matriculados em \u201cT\u00f3picos [&hellip;]<\/p>\n","protected":false},"featured_media":7209,"comment_status":"open","ping_status":"closed","template":"","meta":{"_joinchat":[]},"product_brand":[],"product_cat":[165,97],"product_tag":[],"class_list":{"0":"post-8155","1":"product","2":"type-product","3":"status-publish","4":"has-post-thumbnail","6":"product_cat-ebook","7":"product_cat-educacao","8":"product_shipping_class-download","10":"first","11":"instock","12":"downloadable","13":"virtual","14":"purchasable","15":"product-type-simple"},"yoast_head":"<!-- This site is optimized with the Yoast SEO plugin v27.4 - https:\/\/yoast.com\/product\/yoast-seo-wordpress\/ -->\n<title>Delimitando significados de alguns itens do Portugu\u00eas Brasileiro: um pouco de tudo - Pontes Editores<\/title>\n<meta name=\"robots\" content=\"index, follow, max-snippet:-1, max-image-preview:large, max-video-preview:-1\" \/>\n<link rel=\"canonical\" href=\"https:\/\/ponteseditores.com.br\/loja3\/pontes-editores-home-2__trashed\/educacao\/delimitando-significados-de-alguns-itens-do-portugues-brasileiro-um-pouco-de-tudo\/\" \/>\n<meta property=\"og:locale\" content=\"pt_BR\" \/>\n<meta property=\"og:type\" content=\"article\" \/>\n<meta property=\"og:title\" content=\"Delimitando significados de alguns itens do Portugu\u00eas Brasileiro: um pouco de tudo - Pontes Editores\" \/>\n<meta property=\"og:description\" content=\"Delimitando significados de alguns itens do Portugu\u00eas Brasileiro: um pouco de tudo resulta de trabalhos de pesquisa realizados pelos mestrandos e mestrandas do Programa de P\u00f3s-Gradua\u00e7\u00e3o em Letras (PPGL), da Universidade Tecnol\u00f3gica Federal do Paran\u00e1, Campus Pato Branco (UTFPR-PB). Especificamente, a obra1 \u00e9 consequ\u00eancia da participa\u00e7\u00e3o ativa e perseverante de 15 alunos matriculados em \u201cT\u00f3picos [&hellip;]\" \/>\n<meta property=\"og:url\" content=\"https:\/\/ponteseditores.com.br\/loja3\/pontes-editores-home-2__trashed\/educacao\/delimitando-significados-de-alguns-itens-do-portugues-brasileiro-um-pouco-de-tudo\/\" \/>\n<meta property=\"og:site_name\" content=\"Pontes Editores\" \/>\n<meta property=\"article:modified_time\" content=\"2024-10-08T14:29:15+00:00\" \/>\n<meta property=\"og:image\" content=\"https:\/\/ponteseditores.com.br\/loja3\/wp-content\/uploads\/2023\/12\/Capa_Delimitando-Significadosjpg.jpg\" \/>\n\t<meta property=\"og:image:width\" content=\"1500\" \/>\n\t<meta property=\"og:image:height\" content=\"2121\" \/>\n\t<meta property=\"og:image:type\" content=\"image\/jpeg\" \/>\n<meta name=\"twitter:card\" content=\"summary_large_image\" \/>\n<meta name=\"twitter:label1\" content=\"Est. tempo de leitura\" \/>\n\t<meta name=\"twitter:data1\" content=\"1 minuto\" \/>\n<script type=\"application\/ld+json\" class=\"yoast-schema-graph\">{\"@context\":\"https:\\\/\\\/schema.org\",\"@graph\":[{\"@type\":\"WebPage\",\"@id\":\"https:\\\/\\\/ponteseditores.com.br\\\/loja3\\\/pontes-editores-home-2__trashed\\\/educacao\\\/delimitando-significados-de-alguns-itens-do-portugues-brasileiro-um-pouco-de-tudo\\\/\",\"url\":\"https:\\\/\\\/ponteseditores.com.br\\\/loja3\\\/pontes-editores-home-2__trashed\\\/educacao\\\/delimitando-significados-de-alguns-itens-do-portugues-brasileiro-um-pouco-de-tudo\\\/\",\"name\":\"Delimitando significados de alguns itens do Portugu\u00eas Brasileiro: um pouco de tudo - Pontes Editores\",\"isPartOf\":{\"@id\":\"https:\\\/\\\/ponteseditores.com.br\\\/loja3\\\/#website\"},\"primaryImageOfPage\":{\"@id\":\"https:\\\/\\\/ponteseditores.com.br\\\/loja3\\\/pontes-editores-home-2__trashed\\\/educacao\\\/delimitando-significados-de-alguns-itens-do-portugues-brasileiro-um-pouco-de-tudo\\\/#primaryimage\"},\"image\":{\"@id\":\"https:\\\/\\\/ponteseditores.com.br\\\/loja3\\\/pontes-editores-home-2__trashed\\\/educacao\\\/delimitando-significados-de-alguns-itens-do-portugues-brasileiro-um-pouco-de-tudo\\\/#primaryimage\"},\"thumbnailUrl\":\"https:\\\/\\\/ponteseditores.com.br\\\/loja3\\\/wp-content\\\/uploads\\\/2023\\\/12\\\/Capa_Delimitando-Significadosjpg.jpg\",\"datePublished\":\"2023-12-15T19:27:34+00:00\",\"dateModified\":\"2024-10-08T14:29:15+00:00\",\"breadcrumb\":{\"@id\":\"https:\\\/\\\/ponteseditores.com.br\\\/loja3\\\/pontes-editores-home-2__trashed\\\/educacao\\\/delimitando-significados-de-alguns-itens-do-portugues-brasileiro-um-pouco-de-tudo\\\/#breadcrumb\"},\"inLanguage\":\"pt-BR\",\"potentialAction\":[{\"@type\":\"ReadAction\",\"target\":[\"https:\\\/\\\/ponteseditores.com.br\\\/loja3\\\/pontes-editores-home-2__trashed\\\/educacao\\\/delimitando-significados-de-alguns-itens-do-portugues-brasileiro-um-pouco-de-tudo\\\/\"]}]},{\"@type\":\"ImageObject\",\"inLanguage\":\"pt-BR\",\"@id\":\"https:\\\/\\\/ponteseditores.com.br\\\/loja3\\\/pontes-editores-home-2__trashed\\\/educacao\\\/delimitando-significados-de-alguns-itens-do-portugues-brasileiro-um-pouco-de-tudo\\\/#primaryimage\",\"url\":\"https:\\\/\\\/ponteseditores.com.br\\\/loja3\\\/wp-content\\\/uploads\\\/2023\\\/12\\\/Capa_Delimitando-Significadosjpg.jpg\",\"contentUrl\":\"https:\\\/\\\/ponteseditores.com.br\\\/loja3\\\/wp-content\\\/uploads\\\/2023\\\/12\\\/Capa_Delimitando-Significadosjpg.jpg\",\"width\":1500,\"height\":2121},{\"@type\":\"BreadcrumbList\",\"@id\":\"https:\\\/\\\/ponteseditores.com.br\\\/loja3\\\/pontes-editores-home-2__trashed\\\/educacao\\\/delimitando-significados-de-alguns-itens-do-portugues-brasileiro-um-pouco-de-tudo\\\/#breadcrumb\",\"itemListElement\":[{\"@type\":\"ListItem\",\"position\":1,\"name\":\"Home\",\"item\":\"https:\\\/\\\/ponteseditores.com.br\\\/loja3\\\/\"},{\"@type\":\"ListItem\",\"position\":2,\"name\":\"loja\",\"item\":\"https:\\\/\\\/ponteseditores.com.br\\\/loja3\\\/loja\\\/\"},{\"@type\":\"ListItem\",\"position\":3,\"name\":\"Delimitando significados de alguns itens do Portugu\u00eas Brasileiro: um pouco de tudo\"}]},{\"@type\":\"WebSite\",\"@id\":\"https:\\\/\\\/ponteseditores.com.br\\\/loja3\\\/#website\",\"url\":\"https:\\\/\\\/ponteseditores.com.br\\\/loja3\\\/\",\"name\":\"Pontes Editores\",\"description\":\"Pontes Editores\",\"publisher\":{\"@id\":\"https:\\\/\\\/ponteseditores.com.br\\\/loja3\\\/#organization\"},\"potentialAction\":[{\"@type\":\"SearchAction\",\"target\":{\"@type\":\"EntryPoint\",\"urlTemplate\":\"https:\\\/\\\/ponteseditores.com.br\\\/loja3\\\/?s={search_term_string}\"},\"query-input\":{\"@type\":\"PropertyValueSpecification\",\"valueRequired\":true,\"valueName\":\"search_term_string\"}}],\"inLanguage\":\"pt-BR\"},{\"@type\":\"Organization\",\"@id\":\"https:\\\/\\\/ponteseditores.com.br\\\/loja3\\\/#organization\",\"name\":\"Pontes Editores\",\"url\":\"https:\\\/\\\/ponteseditores.com.br\\\/loja3\\\/\",\"logo\":{\"@type\":\"ImageObject\",\"inLanguage\":\"pt-BR\",\"@id\":\"https:\\\/\\\/ponteseditores.com.br\\\/loja3\\\/#\\\/schema\\\/logo\\\/image\\\/\",\"url\":\"https:\\\/\\\/ponteseditores.com.br\\\/loja3\\\/wp-content\\\/uploads\\\/2023\\\/12\\\/logo-pontes-editores-v2.png\",\"contentUrl\":\"https:\\\/\\\/ponteseditores.com.br\\\/loja3\\\/wp-content\\\/uploads\\\/2023\\\/12\\\/logo-pontes-editores-v2.png\",\"width\":258,\"height\":100,\"caption\":\"Pontes Editores\"},\"image\":{\"@id\":\"https:\\\/\\\/ponteseditores.com.br\\\/loja3\\\/#\\\/schema\\\/logo\\\/image\\\/\"}}]}<\/script>\n<!-- \/ Yoast SEO plugin. -->","yoast_head_json":{"title":"Delimitando significados de alguns itens do Portugu\u00eas Brasileiro: um pouco de tudo - Pontes Editores","robots":{"index":"index","follow":"follow","max-snippet":"max-snippet:-1","max-image-preview":"max-image-preview:large","max-video-preview":"max-video-preview:-1"},"canonical":"https:\/\/ponteseditores.com.br\/loja3\/pontes-editores-home-2__trashed\/educacao\/delimitando-significados-de-alguns-itens-do-portugues-brasileiro-um-pouco-de-tudo\/","og_locale":"pt_BR","og_type":"article","og_title":"Delimitando significados de alguns itens do Portugu\u00eas Brasileiro: um pouco de tudo - Pontes Editores","og_description":"Delimitando significados de alguns itens do Portugu\u00eas Brasileiro: um pouco de tudo resulta de trabalhos de pesquisa realizados pelos mestrandos e mestrandas do Programa de P\u00f3s-Gradua\u00e7\u00e3o em Letras (PPGL), da Universidade Tecnol\u00f3gica Federal do Paran\u00e1, Campus Pato Branco (UTFPR-PB). Especificamente, a obra1 \u00e9 consequ\u00eancia da participa\u00e7\u00e3o ativa e perseverante de 15 alunos matriculados em \u201cT\u00f3picos [&hellip;]","og_url":"https:\/\/ponteseditores.com.br\/loja3\/pontes-editores-home-2__trashed\/educacao\/delimitando-significados-de-alguns-itens-do-portugues-brasileiro-um-pouco-de-tudo\/","og_site_name":"Pontes Editores","article_modified_time":"2024-10-08T14:29:15+00:00","og_image":[{"width":1500,"height":2121,"url":"https:\/\/ponteseditores.com.br\/loja3\/wp-content\/uploads\/2023\/12\/Capa_Delimitando-Significadosjpg.jpg","type":"image\/jpeg"}],"twitter_card":"summary_large_image","twitter_misc":{"Est. tempo de leitura":"1 minuto"},"schema":{"@context":"https:\/\/schema.org","@graph":[{"@type":"WebPage","@id":"https:\/\/ponteseditores.com.br\/loja3\/pontes-editores-home-2__trashed\/educacao\/delimitando-significados-de-alguns-itens-do-portugues-brasileiro-um-pouco-de-tudo\/","url":"https:\/\/ponteseditores.com.br\/loja3\/pontes-editores-home-2__trashed\/educacao\/delimitando-significados-de-alguns-itens-do-portugues-brasileiro-um-pouco-de-tudo\/","name":"Delimitando significados de alguns itens do Portugu\u00eas Brasileiro: um pouco de tudo - Pontes Editores","isPartOf":{"@id":"https:\/\/ponteseditores.com.br\/loja3\/#website"},"primaryImageOfPage":{"@id":"https:\/\/ponteseditores.com.br\/loja3\/pontes-editores-home-2__trashed\/educacao\/delimitando-significados-de-alguns-itens-do-portugues-brasileiro-um-pouco-de-tudo\/#primaryimage"},"image":{"@id":"https:\/\/ponteseditores.com.br\/loja3\/pontes-editores-home-2__trashed\/educacao\/delimitando-significados-de-alguns-itens-do-portugues-brasileiro-um-pouco-de-tudo\/#primaryimage"},"thumbnailUrl":"https:\/\/ponteseditores.com.br\/loja3\/wp-content\/uploads\/2023\/12\/Capa_Delimitando-Significadosjpg.jpg","datePublished":"2023-12-15T19:27:34+00:00","dateModified":"2024-10-08T14:29:15+00:00","breadcrumb":{"@id":"https:\/\/ponteseditores.com.br\/loja3\/pontes-editores-home-2__trashed\/educacao\/delimitando-significados-de-alguns-itens-do-portugues-brasileiro-um-pouco-de-tudo\/#breadcrumb"},"inLanguage":"pt-BR","potentialAction":[{"@type":"ReadAction","target":["https:\/\/ponteseditores.com.br\/loja3\/pontes-editores-home-2__trashed\/educacao\/delimitando-significados-de-alguns-itens-do-portugues-brasileiro-um-pouco-de-tudo\/"]}]},{"@type":"ImageObject","inLanguage":"pt-BR","@id":"https:\/\/ponteseditores.com.br\/loja3\/pontes-editores-home-2__trashed\/educacao\/delimitando-significados-de-alguns-itens-do-portugues-brasileiro-um-pouco-de-tudo\/#primaryimage","url":"https:\/\/ponteseditores.com.br\/loja3\/wp-content\/uploads\/2023\/12\/Capa_Delimitando-Significadosjpg.jpg","contentUrl":"https:\/\/ponteseditores.com.br\/loja3\/wp-content\/uploads\/2023\/12\/Capa_Delimitando-Significadosjpg.jpg","width":1500,"height":2121},{"@type":"BreadcrumbList","@id":"https:\/\/ponteseditores.com.br\/loja3\/pontes-editores-home-2__trashed\/educacao\/delimitando-significados-de-alguns-itens-do-portugues-brasileiro-um-pouco-de-tudo\/#breadcrumb","itemListElement":[{"@type":"ListItem","position":1,"name":"Home","item":"https:\/\/ponteseditores.com.br\/loja3\/"},{"@type":"ListItem","position":2,"name":"loja","item":"https:\/\/ponteseditores.com.br\/loja3\/loja\/"},{"@type":"ListItem","position":3,"name":"Delimitando significados de alguns itens do Portugu\u00eas Brasileiro: um pouco de tudo"}]},{"@type":"WebSite","@id":"https:\/\/ponteseditores.com.br\/loja3\/#website","url":"https:\/\/ponteseditores.com.br\/loja3\/","name":"Pontes Editores","description":"Pontes Editores","publisher":{"@id":"https:\/\/ponteseditores.com.br\/loja3\/#organization"},"potentialAction":[{"@type":"SearchAction","target":{"@type":"EntryPoint","urlTemplate":"https:\/\/ponteseditores.com.br\/loja3\/?s={search_term_string}"},"query-input":{"@type":"PropertyValueSpecification","valueRequired":true,"valueName":"search_term_string"}}],"inLanguage":"pt-BR"},{"@type":"Organization","@id":"https:\/\/ponteseditores.com.br\/loja3\/#organization","name":"Pontes Editores","url":"https:\/\/ponteseditores.com.br\/loja3\/","logo":{"@type":"ImageObject","inLanguage":"pt-BR","@id":"https:\/\/ponteseditores.com.br\/loja3\/#\/schema\/logo\/image\/","url":"https:\/\/ponteseditores.com.br\/loja3\/wp-content\/uploads\/2023\/12\/logo-pontes-editores-v2.png","contentUrl":"https:\/\/ponteseditores.com.br\/loja3\/wp-content\/uploads\/2023\/12\/logo-pontes-editores-v2.png","width":258,"height":100,"caption":"Pontes Editores"},"image":{"@id":"https:\/\/ponteseditores.com.br\/loja3\/#\/schema\/logo\/image\/"}}]}},"_links":{"self":[{"href":"https:\/\/ponteseditores.com.br\/loja3\/wp-json\/wp\/v2\/product\/8155","targetHints":{"allow":["GET"]}}],"collection":[{"href":"https:\/\/ponteseditores.com.br\/loja3\/wp-json\/wp\/v2\/product"}],"about":[{"href":"https:\/\/ponteseditores.com.br\/loja3\/wp-json\/wp\/v2\/types\/product"}],"replies":[{"embeddable":true,"href":"https:\/\/ponteseditores.com.br\/loja3\/wp-json\/wp\/v2\/comments?post=8155"}],"version-history":[{"count":0,"href":"https:\/\/ponteseditores.com.br\/loja3\/wp-json\/wp\/v2\/product\/8155\/revisions"}],"wp:featuredmedia":[{"embeddable":true,"href":"https:\/\/ponteseditores.com.br\/loja3\/wp-json\/wp\/v2\/media\/7209"}],"wp:attachment":[{"href":"https:\/\/ponteseditores.com.br\/loja3\/wp-json\/wp\/v2\/media?parent=8155"}],"wp:term":[{"taxonomy":"product_brand","embeddable":true,"href":"https:\/\/ponteseditores.com.br\/loja3\/wp-json\/wp\/v2\/product_brand?post=8155"},{"taxonomy":"product_cat","embeddable":true,"href":"https:\/\/ponteseditores.com.br\/loja3\/wp-json\/wp\/v2\/product_cat?post=8155"},{"taxonomy":"product_tag","embeddable":true,"href":"https:\/\/ponteseditores.com.br\/loja3\/wp-json\/wp\/v2\/product_tag?post=8155"}],"curies":[{"name":"wp","href":"https:\/\/api.w.org\/{rel}","templated":true}]}}