{"id":8035,"date":"2023-12-15T09:24:06","date_gmt":"2023-12-15T12:24:06","guid":{"rendered":"https:\/\/ponteseditores.com.br\/loja3\/pontes-editores-home-2__trashed\/sem%20categoria\/a-linguagem-rural-da-regiao-de-major-porto-municipio-de-patos-de-minas-mg-uma-visao-linguistico-ecossistemica\/"},"modified":"2024-09-24T07:30:18","modified_gmt":"2024-09-24T10:30:18","slug":"a-linguagem-rural-da-regiao-de-major-porto-municipio-de-patos-de-minas-mg-uma-visao-linguistico-ecossistemica","status":"publish","type":"product","link":"https:\/\/ponteseditores.com.br\/loja3\/pontes-editores-home-2__trashed\/historia\/a-linguagem-rural-da-regiao-de-major-porto-municipio-de-patos-de-minas-mg-uma-visao-linguistico-ecossistemica\/","title":{"rendered":"A linguagem rural da regi\u00e3o de Major Porto, munic\u00edpio de Patos de Minas (MG): uma vis\u00e3o lingu\u00edstico-ecossist\u00eamica"},"content":{"rendered":"<p>Este livro n\u00e3o \u00e9 um exerc\u00edcio de nostalgia. O Dr. Hildo Hon\u00f3rio do Couto explica-o na Introdu\u00e7\u00e3o, o que, na verdade n\u00e3o era necess\u00e1rio. Nostalgia \u00e9 o contr\u00e1rio da vis\u00e3o ecolingu\u00edstica e divers\u00f3fila em que ele se baseia. Nostalgia \u00e9 est\u00e1tica, pois pretende congelar, mumificar e manter ao abrigo da vida uma situa\u00e7\u00e3o mitificada e falsamente id\u00edlica. A proposta de A linguagem rural da regi\u00e3o de Major Porto, munic\u00edpio de Patos de Minas: Uma vis\u00e3o lingu\u00edstico-ecossist\u00eamica implica reconhecer e celebrar a diversidade, quer dizer, a mudan\u00e7a, a surpreendente capacidade dos seres humanos de adaptar-se, de criar cultura local, o que implica l\u00edngua local. As pr\u00e1ticas lingu\u00edsticas dos habitantes da atual Major Porto (ex-Capelinha do Chumbo) s\u00e3o resultado da intera\u00e7\u00e3o interpessoal que se d\u00e1 no contexto do territ\u00f3rio. Estes s\u00e3o os tr\u00eas elementos b\u00e1sicos da Lingu\u00edstica Ecossist\u00eamica: intera\u00e7\u00e3o (l\u00edngua) interpessoal (povo) em um lugar (territ\u00f3rio), entendendo l\u00edngua n\u00e3o como \u201cc\u00f3digo\u201d ou \u201cinstrumento\u201d, mas como a din\u00e2mica da pr\u00f3pria intera\u00e7\u00e3o. Os textos de Couto que formam este livro j\u00e1 implicam o valor desta intera\u00e7\u00e3o, \u00fanica e localizada em uma comunidade lingu\u00edstica maior, ao mesmo tempo produto e produtora de uma cultura que perdura porque evolui. Esta reivindica\u00e7\u00e3o, que \u00e9 a reivindica\u00e7\u00e3o da diversidade, da possibilidade da diferen\u00e7a, vai contra as for\u00e7as homogeneizadoras da ideologia padr\u00e3o e do estado-na\u00e7\u00e3o. Vai contra a mentalidade uniformizadora que considera as l\u00ednguas como c\u00f3digos civis (ou penais) com seus artigos prescritivos e seus an\u00e1temas: \u201cisto n\u00e3o \u00e9 correto\u201d, \u201cvoc\u00ea n\u00e3o sabe falar\u201d, \u201cesta express\u00e3o \u00e9 pr\u00f3pria de ignorantes\u201d. Conceber a l\u00edngua como intera\u00e7\u00e3o \u00e9 compreender a din\u00e2mica da vida. <\/p>\n<p>Pere Comellas-Casanova<\/p>\n<p>Universitad de Barcelona, Catalunya.<\/p>\n","protected":false},"excerpt":{"rendered":"<p>Este livro n\u00e3o \u00e9 um exerc\u00edcio de nostalgia. O Dr. Hildo Hon\u00f3rio do Couto explica-o na Introdu\u00e7\u00e3o, o que, na verdade n\u00e3o era necess\u00e1rio. Nostalgia \u00e9 o contr\u00e1rio da vis\u00e3o ecolingu\u00edstica e divers\u00f3fila em que ele se baseia. Nostalgia \u00e9 est\u00e1tica, pois pretende congelar, mumificar e manter ao abrigo da vida uma situa\u00e7\u00e3o mitificada e [&hellip;]<\/p>\n","protected":false},"featured_media":8034,"comment_status":"open","ping_status":"closed","template":"","meta":{"_joinchat":[]},"product_brand":[],"product_cat":[273,290],"product_tag":[],"class_list":{"0":"post-8035","1":"product","2":"type-product","3":"status-publish","4":"has-post-thumbnail","6":"product_cat-historia","7":"product_cat-linguagem-e-linguas","8":"product_shipping_class-livro-pontes-editores-fisico","10":"first","11":"instock","12":"shipping-taxable","13":"purchasable","14":"product-type-simple"},"yoast_head":"<!-- This site is optimized with the Yoast SEO plugin v27.4 - https:\/\/yoast.com\/product\/yoast-seo-wordpress\/ -->\n<title>A linguagem rural da regi\u00e3o de Major Porto, munic\u00edpio de Patos de Minas (MG): uma vis\u00e3o lingu\u00edstico-ecossist\u00eamica - Pontes Editores<\/title>\n<meta name=\"robots\" content=\"index, follow, max-snippet:-1, max-image-preview:large, max-video-preview:-1\" \/>\n<link rel=\"canonical\" href=\"https:\/\/ponteseditores.com.br\/loja3\/pontes-editores-home-2__trashed\/historia\/a-linguagem-rural-da-regiao-de-major-porto-municipio-de-patos-de-minas-mg-uma-visao-linguistico-ecossistemica\/\" \/>\n<meta property=\"og:locale\" content=\"pt_BR\" \/>\n<meta property=\"og:type\" content=\"article\" \/>\n<meta property=\"og:title\" content=\"A linguagem rural da regi\u00e3o de Major Porto, munic\u00edpio de Patos de Minas (MG): uma vis\u00e3o lingu\u00edstico-ecossist\u00eamica - Pontes Editores\" \/>\n<meta property=\"og:description\" content=\"Este livro n\u00e3o \u00e9 um exerc\u00edcio de nostalgia. O Dr. Hildo Hon\u00f3rio do Couto explica-o na Introdu\u00e7\u00e3o, o que, na verdade n\u00e3o era necess\u00e1rio. Nostalgia \u00e9 o contr\u00e1rio da vis\u00e3o ecolingu\u00edstica e divers\u00f3fila em que ele se baseia. Nostalgia \u00e9 est\u00e1tica, pois pretende congelar, mumificar e manter ao abrigo da vida uma situa\u00e7\u00e3o mitificada e [&hellip;]\" \/>\n<meta property=\"og:url\" content=\"https:\/\/ponteseditores.com.br\/loja3\/pontes-editores-home-2__trashed\/historia\/a-linguagem-rural-da-regiao-de-major-porto-municipio-de-patos-de-minas-mg-uma-visao-linguistico-ecossistemica\/\" \/>\n<meta property=\"og:site_name\" content=\"Pontes Editores\" \/>\n<meta property=\"article:modified_time\" content=\"2024-09-24T10:30:18+00:00\" \/>\n<meta property=\"og:image\" content=\"https:\/\/ponteseditores.com.br\/loja3\/wp-content\/uploads\/2023\/12\/Capa-FRENTE-Linguagem-Rural-3.png\" \/>\n\t<meta property=\"og:image:width\" content=\"599\" \/>\n\t<meta property=\"og:image:height\" content=\"868\" \/>\n\t<meta property=\"og:image:type\" content=\"image\/png\" \/>\n<meta name=\"twitter:card\" content=\"summary_large_image\" \/>\n<meta name=\"twitter:label1\" content=\"Est. tempo de leitura\" \/>\n\t<meta name=\"twitter:data1\" content=\"2 minutos\" \/>\n<script type=\"application\/ld+json\" class=\"yoast-schema-graph\">{\"@context\":\"https:\\\/\\\/schema.org\",\"@graph\":[{\"@type\":\"WebPage\",\"@id\":\"https:\\\/\\\/ponteseditores.com.br\\\/loja3\\\/pontes-editores-home-2__trashed\\\/historia\\\/a-linguagem-rural-da-regiao-de-major-porto-municipio-de-patos-de-minas-mg-uma-visao-linguistico-ecossistemica\\\/\",\"url\":\"https:\\\/\\\/ponteseditores.com.br\\\/loja3\\\/pontes-editores-home-2__trashed\\\/historia\\\/a-linguagem-rural-da-regiao-de-major-porto-municipio-de-patos-de-minas-mg-uma-visao-linguistico-ecossistemica\\\/\",\"name\":\"A linguagem rural da regi\u00e3o de Major Porto, munic\u00edpio de Patos de Minas (MG): uma vis\u00e3o lingu\u00edstico-ecossist\u00eamica - Pontes Editores\",\"isPartOf\":{\"@id\":\"https:\\\/\\\/ponteseditores.com.br\\\/loja3\\\/#website\"},\"primaryImageOfPage\":{\"@id\":\"https:\\\/\\\/ponteseditores.com.br\\\/loja3\\\/pontes-editores-home-2__trashed\\\/historia\\\/a-linguagem-rural-da-regiao-de-major-porto-municipio-de-patos-de-minas-mg-uma-visao-linguistico-ecossistemica\\\/#primaryimage\"},\"image\":{\"@id\":\"https:\\\/\\\/ponteseditores.com.br\\\/loja3\\\/pontes-editores-home-2__trashed\\\/historia\\\/a-linguagem-rural-da-regiao-de-major-porto-municipio-de-patos-de-minas-mg-uma-visao-linguistico-ecossistemica\\\/#primaryimage\"},\"thumbnailUrl\":\"https:\\\/\\\/ponteseditores.com.br\\\/loja3\\\/wp-content\\\/uploads\\\/2023\\\/12\\\/Capa-FRENTE-Linguagem-Rural-3.png\",\"datePublished\":\"2023-12-15T12:24:06+00:00\",\"dateModified\":\"2024-09-24T10:30:18+00:00\",\"breadcrumb\":{\"@id\":\"https:\\\/\\\/ponteseditores.com.br\\\/loja3\\\/pontes-editores-home-2__trashed\\\/historia\\\/a-linguagem-rural-da-regiao-de-major-porto-municipio-de-patos-de-minas-mg-uma-visao-linguistico-ecossistemica\\\/#breadcrumb\"},\"inLanguage\":\"pt-BR\",\"potentialAction\":[{\"@type\":\"ReadAction\",\"target\":[\"https:\\\/\\\/ponteseditores.com.br\\\/loja3\\\/pontes-editores-home-2__trashed\\\/historia\\\/a-linguagem-rural-da-regiao-de-major-porto-municipio-de-patos-de-minas-mg-uma-visao-linguistico-ecossistemica\\\/\"]}]},{\"@type\":\"ImageObject\",\"inLanguage\":\"pt-BR\",\"@id\":\"https:\\\/\\\/ponteseditores.com.br\\\/loja3\\\/pontes-editores-home-2__trashed\\\/historia\\\/a-linguagem-rural-da-regiao-de-major-porto-municipio-de-patos-de-minas-mg-uma-visao-linguistico-ecossistemica\\\/#primaryimage\",\"url\":\"https:\\\/\\\/ponteseditores.com.br\\\/loja3\\\/wp-content\\\/uploads\\\/2023\\\/12\\\/Capa-FRENTE-Linguagem-Rural-3.png\",\"contentUrl\":\"https:\\\/\\\/ponteseditores.com.br\\\/loja3\\\/wp-content\\\/uploads\\\/2023\\\/12\\\/Capa-FRENTE-Linguagem-Rural-3.png\",\"width\":599,\"height\":868},{\"@type\":\"BreadcrumbList\",\"@id\":\"https:\\\/\\\/ponteseditores.com.br\\\/loja3\\\/pontes-editores-home-2__trashed\\\/historia\\\/a-linguagem-rural-da-regiao-de-major-porto-municipio-de-patos-de-minas-mg-uma-visao-linguistico-ecossistemica\\\/#breadcrumb\",\"itemListElement\":[{\"@type\":\"ListItem\",\"position\":1,\"name\":\"Home\",\"item\":\"https:\\\/\\\/ponteseditores.com.br\\\/loja3\\\/\"},{\"@type\":\"ListItem\",\"position\":2,\"name\":\"loja\",\"item\":\"https:\\\/\\\/ponteseditores.com.br\\\/loja3\\\/loja\\\/\"},{\"@type\":\"ListItem\",\"position\":3,\"name\":\"A linguagem rural da regi\u00e3o de Major Porto, munic\u00edpio de Patos de Minas (MG): uma vis\u00e3o lingu\u00edstico-ecossist\u00eamica\"}]},{\"@type\":\"WebSite\",\"@id\":\"https:\\\/\\\/ponteseditores.com.br\\\/loja3\\\/#website\",\"url\":\"https:\\\/\\\/ponteseditores.com.br\\\/loja3\\\/\",\"name\":\"Pontes Editores\",\"description\":\"Pontes Editores\",\"publisher\":{\"@id\":\"https:\\\/\\\/ponteseditores.com.br\\\/loja3\\\/#organization\"},\"potentialAction\":[{\"@type\":\"SearchAction\",\"target\":{\"@type\":\"EntryPoint\",\"urlTemplate\":\"https:\\\/\\\/ponteseditores.com.br\\\/loja3\\\/?s={search_term_string}\"},\"query-input\":{\"@type\":\"PropertyValueSpecification\",\"valueRequired\":true,\"valueName\":\"search_term_string\"}}],\"inLanguage\":\"pt-BR\"},{\"@type\":\"Organization\",\"@id\":\"https:\\\/\\\/ponteseditores.com.br\\\/loja3\\\/#organization\",\"name\":\"Pontes Editores\",\"url\":\"https:\\\/\\\/ponteseditores.com.br\\\/loja3\\\/\",\"logo\":{\"@type\":\"ImageObject\",\"inLanguage\":\"pt-BR\",\"@id\":\"https:\\\/\\\/ponteseditores.com.br\\\/loja3\\\/#\\\/schema\\\/logo\\\/image\\\/\",\"url\":\"https:\\\/\\\/ponteseditores.com.br\\\/loja3\\\/wp-content\\\/uploads\\\/2023\\\/12\\\/logo-pontes-editores-v2.png\",\"contentUrl\":\"https:\\\/\\\/ponteseditores.com.br\\\/loja3\\\/wp-content\\\/uploads\\\/2023\\\/12\\\/logo-pontes-editores-v2.png\",\"width\":258,\"height\":100,\"caption\":\"Pontes Editores\"},\"image\":{\"@id\":\"https:\\\/\\\/ponteseditores.com.br\\\/loja3\\\/#\\\/schema\\\/logo\\\/image\\\/\"}}]}<\/script>\n<!-- \/ Yoast SEO plugin. -->","yoast_head_json":{"title":"A linguagem rural da regi\u00e3o de Major Porto, munic\u00edpio de Patos de Minas (MG): uma vis\u00e3o lingu\u00edstico-ecossist\u00eamica - Pontes Editores","robots":{"index":"index","follow":"follow","max-snippet":"max-snippet:-1","max-image-preview":"max-image-preview:large","max-video-preview":"max-video-preview:-1"},"canonical":"https:\/\/ponteseditores.com.br\/loja3\/pontes-editores-home-2__trashed\/historia\/a-linguagem-rural-da-regiao-de-major-porto-municipio-de-patos-de-minas-mg-uma-visao-linguistico-ecossistemica\/","og_locale":"pt_BR","og_type":"article","og_title":"A linguagem rural da regi\u00e3o de Major Porto, munic\u00edpio de Patos de Minas (MG): uma vis\u00e3o lingu\u00edstico-ecossist\u00eamica - Pontes Editores","og_description":"Este livro n\u00e3o \u00e9 um exerc\u00edcio de nostalgia. O Dr. Hildo Hon\u00f3rio do Couto explica-o na Introdu\u00e7\u00e3o, o que, na verdade n\u00e3o era necess\u00e1rio. Nostalgia \u00e9 o contr\u00e1rio da vis\u00e3o ecolingu\u00edstica e divers\u00f3fila em que ele se baseia. Nostalgia \u00e9 est\u00e1tica, pois pretende congelar, mumificar e manter ao abrigo da vida uma situa\u00e7\u00e3o mitificada e [&hellip;]","og_url":"https:\/\/ponteseditores.com.br\/loja3\/pontes-editores-home-2__trashed\/historia\/a-linguagem-rural-da-regiao-de-major-porto-municipio-de-patos-de-minas-mg-uma-visao-linguistico-ecossistemica\/","og_site_name":"Pontes Editores","article_modified_time":"2024-09-24T10:30:18+00:00","og_image":[{"width":599,"height":868,"url":"https:\/\/ponteseditores.com.br\/loja3\/wp-content\/uploads\/2023\/12\/Capa-FRENTE-Linguagem-Rural-3.png","type":"image\/png"}],"twitter_card":"summary_large_image","twitter_misc":{"Est. tempo de leitura":"2 minutos"},"schema":{"@context":"https:\/\/schema.org","@graph":[{"@type":"WebPage","@id":"https:\/\/ponteseditores.com.br\/loja3\/pontes-editores-home-2__trashed\/historia\/a-linguagem-rural-da-regiao-de-major-porto-municipio-de-patos-de-minas-mg-uma-visao-linguistico-ecossistemica\/","url":"https:\/\/ponteseditores.com.br\/loja3\/pontes-editores-home-2__trashed\/historia\/a-linguagem-rural-da-regiao-de-major-porto-municipio-de-patos-de-minas-mg-uma-visao-linguistico-ecossistemica\/","name":"A linguagem rural da regi\u00e3o de Major Porto, munic\u00edpio de Patos de Minas (MG): uma vis\u00e3o lingu\u00edstico-ecossist\u00eamica - Pontes Editores","isPartOf":{"@id":"https:\/\/ponteseditores.com.br\/loja3\/#website"},"primaryImageOfPage":{"@id":"https:\/\/ponteseditores.com.br\/loja3\/pontes-editores-home-2__trashed\/historia\/a-linguagem-rural-da-regiao-de-major-porto-municipio-de-patos-de-minas-mg-uma-visao-linguistico-ecossistemica\/#primaryimage"},"image":{"@id":"https:\/\/ponteseditores.com.br\/loja3\/pontes-editores-home-2__trashed\/historia\/a-linguagem-rural-da-regiao-de-major-porto-municipio-de-patos-de-minas-mg-uma-visao-linguistico-ecossistemica\/#primaryimage"},"thumbnailUrl":"https:\/\/ponteseditores.com.br\/loja3\/wp-content\/uploads\/2023\/12\/Capa-FRENTE-Linguagem-Rural-3.png","datePublished":"2023-12-15T12:24:06+00:00","dateModified":"2024-09-24T10:30:18+00:00","breadcrumb":{"@id":"https:\/\/ponteseditores.com.br\/loja3\/pontes-editores-home-2__trashed\/historia\/a-linguagem-rural-da-regiao-de-major-porto-municipio-de-patos-de-minas-mg-uma-visao-linguistico-ecossistemica\/#breadcrumb"},"inLanguage":"pt-BR","potentialAction":[{"@type":"ReadAction","target":["https:\/\/ponteseditores.com.br\/loja3\/pontes-editores-home-2__trashed\/historia\/a-linguagem-rural-da-regiao-de-major-porto-municipio-de-patos-de-minas-mg-uma-visao-linguistico-ecossistemica\/"]}]},{"@type":"ImageObject","inLanguage":"pt-BR","@id":"https:\/\/ponteseditores.com.br\/loja3\/pontes-editores-home-2__trashed\/historia\/a-linguagem-rural-da-regiao-de-major-porto-municipio-de-patos-de-minas-mg-uma-visao-linguistico-ecossistemica\/#primaryimage","url":"https:\/\/ponteseditores.com.br\/loja3\/wp-content\/uploads\/2023\/12\/Capa-FRENTE-Linguagem-Rural-3.png","contentUrl":"https:\/\/ponteseditores.com.br\/loja3\/wp-content\/uploads\/2023\/12\/Capa-FRENTE-Linguagem-Rural-3.png","width":599,"height":868},{"@type":"BreadcrumbList","@id":"https:\/\/ponteseditores.com.br\/loja3\/pontes-editores-home-2__trashed\/historia\/a-linguagem-rural-da-regiao-de-major-porto-municipio-de-patos-de-minas-mg-uma-visao-linguistico-ecossistemica\/#breadcrumb","itemListElement":[{"@type":"ListItem","position":1,"name":"Home","item":"https:\/\/ponteseditores.com.br\/loja3\/"},{"@type":"ListItem","position":2,"name":"loja","item":"https:\/\/ponteseditores.com.br\/loja3\/loja\/"},{"@type":"ListItem","position":3,"name":"A linguagem rural da regi\u00e3o de Major Porto, munic\u00edpio de Patos de Minas (MG): uma vis\u00e3o lingu\u00edstico-ecossist\u00eamica"}]},{"@type":"WebSite","@id":"https:\/\/ponteseditores.com.br\/loja3\/#website","url":"https:\/\/ponteseditores.com.br\/loja3\/","name":"Pontes Editores","description":"Pontes Editores","publisher":{"@id":"https:\/\/ponteseditores.com.br\/loja3\/#organization"},"potentialAction":[{"@type":"SearchAction","target":{"@type":"EntryPoint","urlTemplate":"https:\/\/ponteseditores.com.br\/loja3\/?s={search_term_string}"},"query-input":{"@type":"PropertyValueSpecification","valueRequired":true,"valueName":"search_term_string"}}],"inLanguage":"pt-BR"},{"@type":"Organization","@id":"https:\/\/ponteseditores.com.br\/loja3\/#organization","name":"Pontes Editores","url":"https:\/\/ponteseditores.com.br\/loja3\/","logo":{"@type":"ImageObject","inLanguage":"pt-BR","@id":"https:\/\/ponteseditores.com.br\/loja3\/#\/schema\/logo\/image\/","url":"https:\/\/ponteseditores.com.br\/loja3\/wp-content\/uploads\/2023\/12\/logo-pontes-editores-v2.png","contentUrl":"https:\/\/ponteseditores.com.br\/loja3\/wp-content\/uploads\/2023\/12\/logo-pontes-editores-v2.png","width":258,"height":100,"caption":"Pontes Editores"},"image":{"@id":"https:\/\/ponteseditores.com.br\/loja3\/#\/schema\/logo\/image\/"}}]}},"_links":{"self":[{"href":"https:\/\/ponteseditores.com.br\/loja3\/wp-json\/wp\/v2\/product\/8035","targetHints":{"allow":["GET"]}}],"collection":[{"href":"https:\/\/ponteseditores.com.br\/loja3\/wp-json\/wp\/v2\/product"}],"about":[{"href":"https:\/\/ponteseditores.com.br\/loja3\/wp-json\/wp\/v2\/types\/product"}],"replies":[{"embeddable":true,"href":"https:\/\/ponteseditores.com.br\/loja3\/wp-json\/wp\/v2\/comments?post=8035"}],"version-history":[{"count":0,"href":"https:\/\/ponteseditores.com.br\/loja3\/wp-json\/wp\/v2\/product\/8035\/revisions"}],"wp:featuredmedia":[{"embeddable":true,"href":"https:\/\/ponteseditores.com.br\/loja3\/wp-json\/wp\/v2\/media\/8034"}],"wp:attachment":[{"href":"https:\/\/ponteseditores.com.br\/loja3\/wp-json\/wp\/v2\/media?parent=8035"}],"wp:term":[{"taxonomy":"product_brand","embeddable":true,"href":"https:\/\/ponteseditores.com.br\/loja3\/wp-json\/wp\/v2\/product_brand?post=8035"},{"taxonomy":"product_cat","embeddable":true,"href":"https:\/\/ponteseditores.com.br\/loja3\/wp-json\/wp\/v2\/product_cat?post=8035"},{"taxonomy":"product_tag","embeddable":true,"href":"https:\/\/ponteseditores.com.br\/loja3\/wp-json\/wp\/v2\/product_tag?post=8035"}],"curies":[{"name":"wp","href":"https:\/\/api.w.org\/{rel}","templated":true}]}}