{"id":8029,"date":"2023-12-15T09:24:00","date_gmt":"2023-12-15T12:24:00","guid":{"rendered":"https:\/\/ponteseditores.com.br\/loja3\/pontes-editores-home-2__trashed\/sem%20categoria\/a-literatura-infantil-e-juvenil-em-lingua-espanhola-historia-teoria-ensino\/"},"modified":"2024-07-27T16:48:10","modified_gmt":"2024-07-27T19:48:10","slug":"a-literatura-infantil-e-juvenil-em-lingua-espanhola-historia-teoria-ensino","status":"publish","type":"product","link":"https:\/\/ponteseditores.com.br\/loja3\/pontes-editores-home-2__trashed\/linguagem-e-linguas\/a-literatura-infantil-e-juvenil-em-lingua-espanhola-historia-teoria-ensino\/","title":{"rendered":"A LITERATURA INFANTIL E JUVENIL EM L\u00cdNGUA ESPANHOLA HIST\u00d3RIA, TEORIA, ENSINO"},"content":{"rendered":"<p>Este livro nasce de inquieta\u00e7\u00f5es nascidas no \u00e2mbito da sala de aula em n\u00edvel de gradua\u00e7\u00e3o em Letras. Mais especificamente, no espa\u00e7o de forma\u00e7\u00e3o de futuros professores de l\u00edngua e de literatura espanholas. Percebendo que o licenciando, ao iniciar os est\u00e1gios de LE, raramente prop\u00f5e atividades de leitura liter\u00e1ria na escola, surgiram perguntas sobre a pr\u00e1tica docente na universidade, a saber: as aulas de literatura em l\u00edngua adicional d\u00e3o subs\u00eddios para que o futuro licenciado em Letras se sinta preparado para discutir um texto liter\u00e1rio estrangeiro na educa\u00e7\u00e3o b\u00e1sica? Como conciliar as necessidades de ensino e de aprendizagem da l\u00edngua propriamente dita com o que se exige em mat\u00e9ria de letramento liter\u00e1rio? Que material de leitura liter\u00e1ria se pode ofertar \u00e0 crian\u00e7a e ao jovem da Educa\u00e7\u00e3o B\u00e1sica?<\/p>\n<p>Tais perguntas resultaram na pesquisa Did\u00e1ticas de L\u00edngua e de Literatura: a leitura na Educa\u00e7\u00e3o B\u00e1sica. A investiga\u00e7\u00e3o envolve professores cuja forma\u00e7\u00e3o est\u00e1 vinculada a lingu\u00edstica aplicada, l\u00edngua estrangeira e literatura.<\/p>\n<p>Parte dos docentes atua tanto na Educa\u00e7\u00e3o B\u00e1sica, quanto do ensino superior.<\/p>\n<p>O grupo visa a pensar o ensino da l\u00edngua e da literatura espanholas como amplas possibilidades comunicacionais entre as \u00e1reas, valorizando aspectos culturais e subjetivos. Nesse sentido, tamb\u00e9m se percebe a necessidade de conhecer o contexto da literatura hisp\u00e2nica a partir de quem a estuda &#8220;de dentro&#8221;, como um nativo, em di\u00e1logo com este que aprende o espanhol como segunda l\u00edngua e que se torna professor do idioma.<\/p>\n","protected":false},"excerpt":{"rendered":"<p>Este livro nasce de inquieta\u00e7\u00f5es nascidas no \u00e2mbito da sala de aula em n\u00edvel de gradua\u00e7\u00e3o em Letras. Mais especificamente, no espa\u00e7o de forma\u00e7\u00e3o de futuros professores de l\u00edngua e de literatura espanholas. Percebendo que o licenciando, ao iniciar os est\u00e1gios de LE, raramente prop\u00f5e atividades de leitura liter\u00e1ria na escola, surgiram perguntas sobre a [&hellip;]<\/p>\n","protected":false},"featured_media":8028,"comment_status":"open","ping_status":"closed","template":"","meta":{"_joinchat":[]},"product_brand":[],"product_cat":[297,290],"product_tag":[],"class_list":{"0":"post-8029","1":"product","2":"type-product","3":"status-publish","4":"has-post-thumbnail","6":"product_cat-critica-literaria","7":"product_cat-linguagem-e-linguas","8":"product_shipping_class-livro-pontes-editores-fisico","10":"first","11":"instock","12":"shipping-taxable","13":"purchasable","14":"product-type-simple"},"yoast_head":"<!-- This site is optimized with the Yoast SEO plugin v27.4 - https:\/\/yoast.com\/product\/yoast-seo-wordpress\/ -->\n<title>A LITERATURA INFANTIL E JUVENIL EM L\u00cdNGUA ESPANHOLA HIST\u00d3RIA, TEORIA, ENSINO - Pontes Editores<\/title>\n<meta name=\"robots\" content=\"index, follow, max-snippet:-1, max-image-preview:large, max-video-preview:-1\" \/>\n<link rel=\"canonical\" href=\"https:\/\/ponteseditores.com.br\/loja3\/pontes-editores-home-2__trashed\/linguagem-e-linguas\/a-literatura-infantil-e-juvenil-em-lingua-espanhola-historia-teoria-ensino\/\" \/>\n<meta property=\"og:locale\" content=\"pt_BR\" \/>\n<meta property=\"og:type\" content=\"article\" \/>\n<meta property=\"og:title\" content=\"A LITERATURA INFANTIL E JUVENIL EM L\u00cdNGUA ESPANHOLA HIST\u00d3RIA, TEORIA, ENSINO - Pontes Editores\" \/>\n<meta property=\"og:description\" content=\"Este livro nasce de inquieta\u00e7\u00f5es nascidas no \u00e2mbito da sala de aula em n\u00edvel de gradua\u00e7\u00e3o em Letras. Mais especificamente, no espa\u00e7o de forma\u00e7\u00e3o de futuros professores de l\u00edngua e de literatura espanholas. Percebendo que o licenciando, ao iniciar os est\u00e1gios de LE, raramente prop\u00f5e atividades de leitura liter\u00e1ria na escola, surgiram perguntas sobre a [&hellip;]\" \/>\n<meta property=\"og:url\" content=\"https:\/\/ponteseditores.com.br\/loja3\/pontes-editores-home-2__trashed\/linguagem-e-linguas\/a-literatura-infantil-e-juvenil-em-lingua-espanhola-historia-teoria-ensino\/\" \/>\n<meta property=\"og:site_name\" content=\"Pontes Editores\" \/>\n<meta property=\"article:modified_time\" content=\"2024-07-27T19:48:10+00:00\" \/>\n<meta property=\"og:image\" content=\"https:\/\/ponteseditores.com.br\/loja3\/wp-content\/uploads\/2023\/12\/litinf-3-675x1024.jpg\" \/>\n\t<meta property=\"og:image:width\" content=\"675\" \/>\n\t<meta property=\"og:image:height\" content=\"1024\" \/>\n\t<meta property=\"og:image:type\" content=\"image\/jpeg\" \/>\n<meta name=\"twitter:card\" content=\"summary_large_image\" \/>\n<meta name=\"twitter:label1\" content=\"Est. tempo de leitura\" \/>\n\t<meta name=\"twitter:data1\" content=\"1 minuto\" \/>\n<script type=\"application\/ld+json\" class=\"yoast-schema-graph\">{\"@context\":\"https:\\\/\\\/schema.org\",\"@graph\":[{\"@type\":\"WebPage\",\"@id\":\"https:\\\/\\\/ponteseditores.com.br\\\/loja3\\\/pontes-editores-home-2__trashed\\\/linguagem-e-linguas\\\/a-literatura-infantil-e-juvenil-em-lingua-espanhola-historia-teoria-ensino\\\/\",\"url\":\"https:\\\/\\\/ponteseditores.com.br\\\/loja3\\\/pontes-editores-home-2__trashed\\\/linguagem-e-linguas\\\/a-literatura-infantil-e-juvenil-em-lingua-espanhola-historia-teoria-ensino\\\/\",\"name\":\"A LITERATURA INFANTIL E JUVENIL EM L\u00cdNGUA ESPANHOLA HIST\u00d3RIA, TEORIA, ENSINO - Pontes Editores\",\"isPartOf\":{\"@id\":\"https:\\\/\\\/ponteseditores.com.br\\\/loja3\\\/#website\"},\"primaryImageOfPage\":{\"@id\":\"https:\\\/\\\/ponteseditores.com.br\\\/loja3\\\/pontes-editores-home-2__trashed\\\/linguagem-e-linguas\\\/a-literatura-infantil-e-juvenil-em-lingua-espanhola-historia-teoria-ensino\\\/#primaryimage\"},\"image\":{\"@id\":\"https:\\\/\\\/ponteseditores.com.br\\\/loja3\\\/pontes-editores-home-2__trashed\\\/linguagem-e-linguas\\\/a-literatura-infantil-e-juvenil-em-lingua-espanhola-historia-teoria-ensino\\\/#primaryimage\"},\"thumbnailUrl\":\"https:\\\/\\\/ponteseditores.com.br\\\/loja3\\\/wp-content\\\/uploads\\\/2023\\\/12\\\/litinf-3.jpg\",\"datePublished\":\"2023-12-15T12:24:00+00:00\",\"dateModified\":\"2024-07-27T19:48:10+00:00\",\"breadcrumb\":{\"@id\":\"https:\\\/\\\/ponteseditores.com.br\\\/loja3\\\/pontes-editores-home-2__trashed\\\/linguagem-e-linguas\\\/a-literatura-infantil-e-juvenil-em-lingua-espanhola-historia-teoria-ensino\\\/#breadcrumb\"},\"inLanguage\":\"pt-BR\",\"potentialAction\":[{\"@type\":\"ReadAction\",\"target\":[\"https:\\\/\\\/ponteseditores.com.br\\\/loja3\\\/pontes-editores-home-2__trashed\\\/linguagem-e-linguas\\\/a-literatura-infantil-e-juvenil-em-lingua-espanhola-historia-teoria-ensino\\\/\"]}]},{\"@type\":\"ImageObject\",\"inLanguage\":\"pt-BR\",\"@id\":\"https:\\\/\\\/ponteseditores.com.br\\\/loja3\\\/pontes-editores-home-2__trashed\\\/linguagem-e-linguas\\\/a-literatura-infantil-e-juvenil-em-lingua-espanhola-historia-teoria-ensino\\\/#primaryimage\",\"url\":\"https:\\\/\\\/ponteseditores.com.br\\\/loja3\\\/wp-content\\\/uploads\\\/2023\\\/12\\\/litinf-3.jpg\",\"contentUrl\":\"https:\\\/\\\/ponteseditores.com.br\\\/loja3\\\/wp-content\\\/uploads\\\/2023\\\/12\\\/litinf-3.jpg\",\"width\":800,\"height\":1213},{\"@type\":\"BreadcrumbList\",\"@id\":\"https:\\\/\\\/ponteseditores.com.br\\\/loja3\\\/pontes-editores-home-2__trashed\\\/linguagem-e-linguas\\\/a-literatura-infantil-e-juvenil-em-lingua-espanhola-historia-teoria-ensino\\\/#breadcrumb\",\"itemListElement\":[{\"@type\":\"ListItem\",\"position\":1,\"name\":\"Home\",\"item\":\"https:\\\/\\\/ponteseditores.com.br\\\/loja3\\\/\"},{\"@type\":\"ListItem\",\"position\":2,\"name\":\"loja\",\"item\":\"https:\\\/\\\/ponteseditores.com.br\\\/loja3\\\/loja\\\/\"},{\"@type\":\"ListItem\",\"position\":3,\"name\":\"A LITERATURA INFANTIL E JUVENIL EM L\u00cdNGUA ESPANHOLA HIST\u00d3RIA, TEORIA, ENSINO\"}]},{\"@type\":\"WebSite\",\"@id\":\"https:\\\/\\\/ponteseditores.com.br\\\/loja3\\\/#website\",\"url\":\"https:\\\/\\\/ponteseditores.com.br\\\/loja3\\\/\",\"name\":\"Pontes Editores\",\"description\":\"Pontes Editores\",\"publisher\":{\"@id\":\"https:\\\/\\\/ponteseditores.com.br\\\/loja3\\\/#organization\"},\"potentialAction\":[{\"@type\":\"SearchAction\",\"target\":{\"@type\":\"EntryPoint\",\"urlTemplate\":\"https:\\\/\\\/ponteseditores.com.br\\\/loja3\\\/?s={search_term_string}\"},\"query-input\":{\"@type\":\"PropertyValueSpecification\",\"valueRequired\":true,\"valueName\":\"search_term_string\"}}],\"inLanguage\":\"pt-BR\"},{\"@type\":\"Organization\",\"@id\":\"https:\\\/\\\/ponteseditores.com.br\\\/loja3\\\/#organization\",\"name\":\"Pontes Editores\",\"url\":\"https:\\\/\\\/ponteseditores.com.br\\\/loja3\\\/\",\"logo\":{\"@type\":\"ImageObject\",\"inLanguage\":\"pt-BR\",\"@id\":\"https:\\\/\\\/ponteseditores.com.br\\\/loja3\\\/#\\\/schema\\\/logo\\\/image\\\/\",\"url\":\"https:\\\/\\\/ponteseditores.com.br\\\/loja3\\\/wp-content\\\/uploads\\\/2023\\\/12\\\/logo-pontes-editores-v2.png\",\"contentUrl\":\"https:\\\/\\\/ponteseditores.com.br\\\/loja3\\\/wp-content\\\/uploads\\\/2023\\\/12\\\/logo-pontes-editores-v2.png\",\"width\":258,\"height\":100,\"caption\":\"Pontes Editores\"},\"image\":{\"@id\":\"https:\\\/\\\/ponteseditores.com.br\\\/loja3\\\/#\\\/schema\\\/logo\\\/image\\\/\"}}]}<\/script>\n<!-- \/ Yoast SEO plugin. -->","yoast_head_json":{"title":"A LITERATURA INFANTIL E JUVENIL EM L\u00cdNGUA ESPANHOLA HIST\u00d3RIA, TEORIA, ENSINO - Pontes Editores","robots":{"index":"index","follow":"follow","max-snippet":"max-snippet:-1","max-image-preview":"max-image-preview:large","max-video-preview":"max-video-preview:-1"},"canonical":"https:\/\/ponteseditores.com.br\/loja3\/pontes-editores-home-2__trashed\/linguagem-e-linguas\/a-literatura-infantil-e-juvenil-em-lingua-espanhola-historia-teoria-ensino\/","og_locale":"pt_BR","og_type":"article","og_title":"A LITERATURA INFANTIL E JUVENIL EM L\u00cdNGUA ESPANHOLA HIST\u00d3RIA, TEORIA, ENSINO - Pontes Editores","og_description":"Este livro nasce de inquieta\u00e7\u00f5es nascidas no \u00e2mbito da sala de aula em n\u00edvel de gradua\u00e7\u00e3o em Letras. Mais especificamente, no espa\u00e7o de forma\u00e7\u00e3o de futuros professores de l\u00edngua e de literatura espanholas. Percebendo que o licenciando, ao iniciar os est\u00e1gios de LE, raramente prop\u00f5e atividades de leitura liter\u00e1ria na escola, surgiram perguntas sobre a [&hellip;]","og_url":"https:\/\/ponteseditores.com.br\/loja3\/pontes-editores-home-2__trashed\/linguagem-e-linguas\/a-literatura-infantil-e-juvenil-em-lingua-espanhola-historia-teoria-ensino\/","og_site_name":"Pontes Editores","article_modified_time":"2024-07-27T19:48:10+00:00","og_image":[{"width":675,"height":1024,"url":"https:\/\/ponteseditores.com.br\/loja3\/wp-content\/uploads\/2023\/12\/litinf-3-675x1024.jpg","type":"image\/jpeg"}],"twitter_card":"summary_large_image","twitter_misc":{"Est. tempo de leitura":"1 minuto"},"schema":{"@context":"https:\/\/schema.org","@graph":[{"@type":"WebPage","@id":"https:\/\/ponteseditores.com.br\/loja3\/pontes-editores-home-2__trashed\/linguagem-e-linguas\/a-literatura-infantil-e-juvenil-em-lingua-espanhola-historia-teoria-ensino\/","url":"https:\/\/ponteseditores.com.br\/loja3\/pontes-editores-home-2__trashed\/linguagem-e-linguas\/a-literatura-infantil-e-juvenil-em-lingua-espanhola-historia-teoria-ensino\/","name":"A LITERATURA INFANTIL E JUVENIL EM L\u00cdNGUA ESPANHOLA HIST\u00d3RIA, TEORIA, ENSINO - Pontes Editores","isPartOf":{"@id":"https:\/\/ponteseditores.com.br\/loja3\/#website"},"primaryImageOfPage":{"@id":"https:\/\/ponteseditores.com.br\/loja3\/pontes-editores-home-2__trashed\/linguagem-e-linguas\/a-literatura-infantil-e-juvenil-em-lingua-espanhola-historia-teoria-ensino\/#primaryimage"},"image":{"@id":"https:\/\/ponteseditores.com.br\/loja3\/pontes-editores-home-2__trashed\/linguagem-e-linguas\/a-literatura-infantil-e-juvenil-em-lingua-espanhola-historia-teoria-ensino\/#primaryimage"},"thumbnailUrl":"https:\/\/ponteseditores.com.br\/loja3\/wp-content\/uploads\/2023\/12\/litinf-3.jpg","datePublished":"2023-12-15T12:24:00+00:00","dateModified":"2024-07-27T19:48:10+00:00","breadcrumb":{"@id":"https:\/\/ponteseditores.com.br\/loja3\/pontes-editores-home-2__trashed\/linguagem-e-linguas\/a-literatura-infantil-e-juvenil-em-lingua-espanhola-historia-teoria-ensino\/#breadcrumb"},"inLanguage":"pt-BR","potentialAction":[{"@type":"ReadAction","target":["https:\/\/ponteseditores.com.br\/loja3\/pontes-editores-home-2__trashed\/linguagem-e-linguas\/a-literatura-infantil-e-juvenil-em-lingua-espanhola-historia-teoria-ensino\/"]}]},{"@type":"ImageObject","inLanguage":"pt-BR","@id":"https:\/\/ponteseditores.com.br\/loja3\/pontes-editores-home-2__trashed\/linguagem-e-linguas\/a-literatura-infantil-e-juvenil-em-lingua-espanhola-historia-teoria-ensino\/#primaryimage","url":"https:\/\/ponteseditores.com.br\/loja3\/wp-content\/uploads\/2023\/12\/litinf-3.jpg","contentUrl":"https:\/\/ponteseditores.com.br\/loja3\/wp-content\/uploads\/2023\/12\/litinf-3.jpg","width":800,"height":1213},{"@type":"BreadcrumbList","@id":"https:\/\/ponteseditores.com.br\/loja3\/pontes-editores-home-2__trashed\/linguagem-e-linguas\/a-literatura-infantil-e-juvenil-em-lingua-espanhola-historia-teoria-ensino\/#breadcrumb","itemListElement":[{"@type":"ListItem","position":1,"name":"Home","item":"https:\/\/ponteseditores.com.br\/loja3\/"},{"@type":"ListItem","position":2,"name":"loja","item":"https:\/\/ponteseditores.com.br\/loja3\/loja\/"},{"@type":"ListItem","position":3,"name":"A LITERATURA INFANTIL E JUVENIL EM L\u00cdNGUA ESPANHOLA HIST\u00d3RIA, TEORIA, ENSINO"}]},{"@type":"WebSite","@id":"https:\/\/ponteseditores.com.br\/loja3\/#website","url":"https:\/\/ponteseditores.com.br\/loja3\/","name":"Pontes Editores","description":"Pontes Editores","publisher":{"@id":"https:\/\/ponteseditores.com.br\/loja3\/#organization"},"potentialAction":[{"@type":"SearchAction","target":{"@type":"EntryPoint","urlTemplate":"https:\/\/ponteseditores.com.br\/loja3\/?s={search_term_string}"},"query-input":{"@type":"PropertyValueSpecification","valueRequired":true,"valueName":"search_term_string"}}],"inLanguage":"pt-BR"},{"@type":"Organization","@id":"https:\/\/ponteseditores.com.br\/loja3\/#organization","name":"Pontes Editores","url":"https:\/\/ponteseditores.com.br\/loja3\/","logo":{"@type":"ImageObject","inLanguage":"pt-BR","@id":"https:\/\/ponteseditores.com.br\/loja3\/#\/schema\/logo\/image\/","url":"https:\/\/ponteseditores.com.br\/loja3\/wp-content\/uploads\/2023\/12\/logo-pontes-editores-v2.png","contentUrl":"https:\/\/ponteseditores.com.br\/loja3\/wp-content\/uploads\/2023\/12\/logo-pontes-editores-v2.png","width":258,"height":100,"caption":"Pontes Editores"},"image":{"@id":"https:\/\/ponteseditores.com.br\/loja3\/#\/schema\/logo\/image\/"}}]}},"_links":{"self":[{"href":"https:\/\/ponteseditores.com.br\/loja3\/wp-json\/wp\/v2\/product\/8029","targetHints":{"allow":["GET"]}}],"collection":[{"href":"https:\/\/ponteseditores.com.br\/loja3\/wp-json\/wp\/v2\/product"}],"about":[{"href":"https:\/\/ponteseditores.com.br\/loja3\/wp-json\/wp\/v2\/types\/product"}],"replies":[{"embeddable":true,"href":"https:\/\/ponteseditores.com.br\/loja3\/wp-json\/wp\/v2\/comments?post=8029"}],"version-history":[{"count":0,"href":"https:\/\/ponteseditores.com.br\/loja3\/wp-json\/wp\/v2\/product\/8029\/revisions"}],"wp:featuredmedia":[{"embeddable":true,"href":"https:\/\/ponteseditores.com.br\/loja3\/wp-json\/wp\/v2\/media\/8028"}],"wp:attachment":[{"href":"https:\/\/ponteseditores.com.br\/loja3\/wp-json\/wp\/v2\/media?parent=8029"}],"wp:term":[{"taxonomy":"product_brand","embeddable":true,"href":"https:\/\/ponteseditores.com.br\/loja3\/wp-json\/wp\/v2\/product_brand?post=8029"},{"taxonomy":"product_cat","embeddable":true,"href":"https:\/\/ponteseditores.com.br\/loja3\/wp-json\/wp\/v2\/product_cat?post=8029"},{"taxonomy":"product_tag","embeddable":true,"href":"https:\/\/ponteseditores.com.br\/loja3\/wp-json\/wp\/v2\/product_tag?post=8029"}],"curies":[{"name":"wp","href":"https:\/\/api.w.org\/{rel}","templated":true}]}}