{"id":8010,"date":"2023-12-15T09:22:33","date_gmt":"2023-12-15T12:22:33","guid":{"rendered":"https:\/\/ponteseditores.com.br\/loja3\/pontes-editores-home-2__trashed\/sem%20categoria\/politicas-de-gestao-do-multilinguismo-praticas-e-debates\/"},"modified":"2025-06-05T12:37:52","modified_gmt":"2025-06-05T15:37:52","slug":"politicas-de-gestao-do-multilinguismo-praticas-e-debates","status":"publish","type":"product","link":"https:\/\/ponteseditores.com.br\/loja3\/pontes-editores-home-2__trashed\/linguistica\/politicas-de-gestao-do-multilinguismo-praticas-e-debates\/","title":{"rendered":"POL\u00cdTICAS DE GEST\u00c3O  DO MULTILINGUISMO: pr\u00e1ticas e debates"},"content":{"rendered":"<p>Gest\u00e3o do multilinguismo permite projetar nas interven\u00e7\u00f5es lingu\u00edsticas, de forma muito mais pl\u00e1stica, os efeitos e as consequ\u00eancias de uma circula\u00e7\u00e3o do poder, na acep\u00e7\u00e3o da microf\u00edsica de Foucault, abrindo caminho para pol\u00edticas lingu\u00edsticas da complexidade, constitu\u00eddas por vozes em altern\u00e2ncia e em movimento. Enxergar o multilinguismo n\u00e3o significa, entretanto, dizer que as l\u00ednguas n\u00e3o existem, como reconhecer que as florestas s\u00e3o organismos com vida pr\u00f3pria n\u00e3o significa dizer que as \u00e1rvores n\u00e3o existam. Elas t\u00eam a sua ontologia afirmada e realizada diariamente nos efeitos da sua exist\u00eancia na vida das pessoas e das sociedades. Significa apenas dizer, como na f\u00edsica bootstrap, que as l\u00ednguas n\u00e3o s\u00e3o part\u00edculas elementares da mat\u00e9ria e, sim, portos de passagem na vasta rede de conex\u00e3o que chamamos de multilinguismo.<\/p>\n<p>Gilvan M\u00fcller de Oliveira<\/p>\n<p>C\u00e1tedra UNESCO em Pol\u00edticas Lingu\u00edsticas para o Multilinguismo<\/p>\n<p>(UCLPM)<\/p>\n","protected":false},"excerpt":{"rendered":"<p>Gest\u00e3o do multilinguismo permite projetar nas interven\u00e7\u00f5es lingu\u00edsticas, de forma muito mais pl\u00e1stica, os efeitos e as consequ\u00eancias de uma circula\u00e7\u00e3o do poder, na acep\u00e7\u00e3o da microf\u00edsica de Foucault, abrindo caminho para pol\u00edticas lingu\u00edsticas da complexidade, constitu\u00eddas por vozes em altern\u00e2ncia e em movimento. Enxergar o multilinguismo n\u00e3o significa, entretanto, dizer que as l\u00ednguas n\u00e3o [&hellip;]<\/p>\n","protected":false},"featured_media":8009,"comment_status":"open","ping_status":"closed","template":"","meta":{"_joinchat":[]},"product_brand":[],"product_cat":[301,31],"product_tag":[],"class_list":{"0":"post-8010","1":"product","2":"type-product","3":"status-publish","4":"has-post-thumbnail","6":"product_cat-analise-de-discurso","7":"product_cat-linguistica","8":"product_shipping_class-livro-pontes-editores-fisico","10":"first","11":"instock","12":"shipping-taxable","13":"purchasable","14":"product-type-simple"},"yoast_head":"<!-- This site is optimized with the Yoast SEO plugin v27.4 - https:\/\/yoast.com\/product\/yoast-seo-wordpress\/ -->\n<title>POL\u00cdTICAS DE GEST\u00c3O DO MULTILINGUISMO: pr\u00e1ticas e debates - Pontes Editores<\/title>\n<meta name=\"robots\" content=\"index, follow, max-snippet:-1, max-image-preview:large, max-video-preview:-1\" \/>\n<link rel=\"canonical\" href=\"https:\/\/ponteseditores.com.br\/loja3\/pontes-editores-home-2__trashed\/linguistica\/politicas-de-gestao-do-multilinguismo-praticas-e-debates\/\" \/>\n<meta property=\"og:locale\" content=\"pt_BR\" \/>\n<meta property=\"og:type\" content=\"article\" \/>\n<meta property=\"og:title\" content=\"POL\u00cdTICAS DE GEST\u00c3O DO MULTILINGUISMO: pr\u00e1ticas e debates - Pontes Editores\" \/>\n<meta property=\"og:description\" content=\"Gest\u00e3o do multilinguismo permite projetar nas interven\u00e7\u00f5es lingu\u00edsticas, de forma muito mais pl\u00e1stica, os efeitos e as consequ\u00eancias de uma circula\u00e7\u00e3o do poder, na acep\u00e7\u00e3o da microf\u00edsica de Foucault, abrindo caminho para pol\u00edticas lingu\u00edsticas da complexidade, constitu\u00eddas por vozes em altern\u00e2ncia e em movimento. Enxergar o multilinguismo n\u00e3o significa, entretanto, dizer que as l\u00ednguas n\u00e3o [&hellip;]\" \/>\n<meta property=\"og:url\" content=\"https:\/\/ponteseditores.com.br\/loja3\/pontes-editores-home-2__trashed\/linguistica\/politicas-de-gestao-do-multilinguismo-praticas-e-debates\/\" \/>\n<meta property=\"og:site_name\" content=\"Pontes Editores\" \/>\n<meta property=\"article:modified_time\" content=\"2025-06-05T15:37:52+00:00\" \/>\n<meta property=\"og:image\" content=\"https:\/\/ponteseditores.com.br\/loja3\/wp-content\/uploads\/2023\/12\/politica-3.jpg\" \/>\n\t<meta property=\"og:image:width\" content=\"510\" \/>\n\t<meta property=\"og:image:height\" content=\"768\" \/>\n\t<meta property=\"og:image:type\" content=\"image\/jpeg\" \/>\n<meta name=\"twitter:card\" content=\"summary_large_image\" \/>\n<meta name=\"twitter:label1\" content=\"Est. tempo de leitura\" \/>\n\t<meta name=\"twitter:data1\" content=\"1 minuto\" \/>\n<script type=\"application\/ld+json\" class=\"yoast-schema-graph\">{\"@context\":\"https:\\\/\\\/schema.org\",\"@graph\":[{\"@type\":\"WebPage\",\"@id\":\"https:\\\/\\\/ponteseditores.com.br\\\/loja3\\\/pontes-editores-home-2__trashed\\\/linguistica\\\/politicas-de-gestao-do-multilinguismo-praticas-e-debates\\\/\",\"url\":\"https:\\\/\\\/ponteseditores.com.br\\\/loja3\\\/pontes-editores-home-2__trashed\\\/linguistica\\\/politicas-de-gestao-do-multilinguismo-praticas-e-debates\\\/\",\"name\":\"POL\u00cdTICAS DE GEST\u00c3O DO MULTILINGUISMO: pr\u00e1ticas e debates - Pontes Editores\",\"isPartOf\":{\"@id\":\"https:\\\/\\\/ponteseditores.com.br\\\/loja3\\\/#website\"},\"primaryImageOfPage\":{\"@id\":\"https:\\\/\\\/ponteseditores.com.br\\\/loja3\\\/pontes-editores-home-2__trashed\\\/linguistica\\\/politicas-de-gestao-do-multilinguismo-praticas-e-debates\\\/#primaryimage\"},\"image\":{\"@id\":\"https:\\\/\\\/ponteseditores.com.br\\\/loja3\\\/pontes-editores-home-2__trashed\\\/linguistica\\\/politicas-de-gestao-do-multilinguismo-praticas-e-debates\\\/#primaryimage\"},\"thumbnailUrl\":\"https:\\\/\\\/ponteseditores.com.br\\\/loja3\\\/wp-content\\\/uploads\\\/2023\\\/12\\\/politica-3.jpg\",\"datePublished\":\"2023-12-15T12:22:33+00:00\",\"dateModified\":\"2025-06-05T15:37:52+00:00\",\"breadcrumb\":{\"@id\":\"https:\\\/\\\/ponteseditores.com.br\\\/loja3\\\/pontes-editores-home-2__trashed\\\/linguistica\\\/politicas-de-gestao-do-multilinguismo-praticas-e-debates\\\/#breadcrumb\"},\"inLanguage\":\"pt-BR\",\"potentialAction\":[{\"@type\":\"ReadAction\",\"target\":[\"https:\\\/\\\/ponteseditores.com.br\\\/loja3\\\/pontes-editores-home-2__trashed\\\/linguistica\\\/politicas-de-gestao-do-multilinguismo-praticas-e-debates\\\/\"]}]},{\"@type\":\"ImageObject\",\"inLanguage\":\"pt-BR\",\"@id\":\"https:\\\/\\\/ponteseditores.com.br\\\/loja3\\\/pontes-editores-home-2__trashed\\\/linguistica\\\/politicas-de-gestao-do-multilinguismo-praticas-e-debates\\\/#primaryimage\",\"url\":\"https:\\\/\\\/ponteseditores.com.br\\\/loja3\\\/wp-content\\\/uploads\\\/2023\\\/12\\\/politica-3.jpg\",\"contentUrl\":\"https:\\\/\\\/ponteseditores.com.br\\\/loja3\\\/wp-content\\\/uploads\\\/2023\\\/12\\\/politica-3.jpg\",\"width\":510,\"height\":768},{\"@type\":\"BreadcrumbList\",\"@id\":\"https:\\\/\\\/ponteseditores.com.br\\\/loja3\\\/pontes-editores-home-2__trashed\\\/linguistica\\\/politicas-de-gestao-do-multilinguismo-praticas-e-debates\\\/#breadcrumb\",\"itemListElement\":[{\"@type\":\"ListItem\",\"position\":1,\"name\":\"Home\",\"item\":\"https:\\\/\\\/ponteseditores.com.br\\\/loja3\\\/\"},{\"@type\":\"ListItem\",\"position\":2,\"name\":\"loja\",\"item\":\"https:\\\/\\\/ponteseditores.com.br\\\/loja3\\\/loja\\\/\"},{\"@type\":\"ListItem\",\"position\":3,\"name\":\"POL\u00cdTICAS DE GEST\u00c3O DO MULTILINGUISMO: pr\u00e1ticas e debates\"}]},{\"@type\":\"WebSite\",\"@id\":\"https:\\\/\\\/ponteseditores.com.br\\\/loja3\\\/#website\",\"url\":\"https:\\\/\\\/ponteseditores.com.br\\\/loja3\\\/\",\"name\":\"Pontes Editores\",\"description\":\"Pontes Editores\",\"publisher\":{\"@id\":\"https:\\\/\\\/ponteseditores.com.br\\\/loja3\\\/#organization\"},\"potentialAction\":[{\"@type\":\"SearchAction\",\"target\":{\"@type\":\"EntryPoint\",\"urlTemplate\":\"https:\\\/\\\/ponteseditores.com.br\\\/loja3\\\/?s={search_term_string}\"},\"query-input\":{\"@type\":\"PropertyValueSpecification\",\"valueRequired\":true,\"valueName\":\"search_term_string\"}}],\"inLanguage\":\"pt-BR\"},{\"@type\":\"Organization\",\"@id\":\"https:\\\/\\\/ponteseditores.com.br\\\/loja3\\\/#organization\",\"name\":\"Pontes Editores\",\"url\":\"https:\\\/\\\/ponteseditores.com.br\\\/loja3\\\/\",\"logo\":{\"@type\":\"ImageObject\",\"inLanguage\":\"pt-BR\",\"@id\":\"https:\\\/\\\/ponteseditores.com.br\\\/loja3\\\/#\\\/schema\\\/logo\\\/image\\\/\",\"url\":\"https:\\\/\\\/ponteseditores.com.br\\\/loja3\\\/wp-content\\\/uploads\\\/2023\\\/12\\\/logo-pontes-editores-v2.png\",\"contentUrl\":\"https:\\\/\\\/ponteseditores.com.br\\\/loja3\\\/wp-content\\\/uploads\\\/2023\\\/12\\\/logo-pontes-editores-v2.png\",\"width\":258,\"height\":100,\"caption\":\"Pontes Editores\"},\"image\":{\"@id\":\"https:\\\/\\\/ponteseditores.com.br\\\/loja3\\\/#\\\/schema\\\/logo\\\/image\\\/\"}}]}<\/script>\n<!-- \/ Yoast SEO plugin. -->","yoast_head_json":{"title":"POL\u00cdTICAS DE GEST\u00c3O DO MULTILINGUISMO: pr\u00e1ticas e debates - Pontes Editores","robots":{"index":"index","follow":"follow","max-snippet":"max-snippet:-1","max-image-preview":"max-image-preview:large","max-video-preview":"max-video-preview:-1"},"canonical":"https:\/\/ponteseditores.com.br\/loja3\/pontes-editores-home-2__trashed\/linguistica\/politicas-de-gestao-do-multilinguismo-praticas-e-debates\/","og_locale":"pt_BR","og_type":"article","og_title":"POL\u00cdTICAS DE GEST\u00c3O DO MULTILINGUISMO: pr\u00e1ticas e debates - Pontes Editores","og_description":"Gest\u00e3o do multilinguismo permite projetar nas interven\u00e7\u00f5es lingu\u00edsticas, de forma muito mais pl\u00e1stica, os efeitos e as consequ\u00eancias de uma circula\u00e7\u00e3o do poder, na acep\u00e7\u00e3o da microf\u00edsica de Foucault, abrindo caminho para pol\u00edticas lingu\u00edsticas da complexidade, constitu\u00eddas por vozes em altern\u00e2ncia e em movimento. Enxergar o multilinguismo n\u00e3o significa, entretanto, dizer que as l\u00ednguas n\u00e3o [&hellip;]","og_url":"https:\/\/ponteseditores.com.br\/loja3\/pontes-editores-home-2__trashed\/linguistica\/politicas-de-gestao-do-multilinguismo-praticas-e-debates\/","og_site_name":"Pontes Editores","article_modified_time":"2025-06-05T15:37:52+00:00","og_image":[{"width":510,"height":768,"url":"https:\/\/ponteseditores.com.br\/loja3\/wp-content\/uploads\/2023\/12\/politica-3.jpg","type":"image\/jpeg"}],"twitter_card":"summary_large_image","twitter_misc":{"Est. tempo de leitura":"1 minuto"},"schema":{"@context":"https:\/\/schema.org","@graph":[{"@type":"WebPage","@id":"https:\/\/ponteseditores.com.br\/loja3\/pontes-editores-home-2__trashed\/linguistica\/politicas-de-gestao-do-multilinguismo-praticas-e-debates\/","url":"https:\/\/ponteseditores.com.br\/loja3\/pontes-editores-home-2__trashed\/linguistica\/politicas-de-gestao-do-multilinguismo-praticas-e-debates\/","name":"POL\u00cdTICAS DE GEST\u00c3O DO MULTILINGUISMO: pr\u00e1ticas e debates - Pontes Editores","isPartOf":{"@id":"https:\/\/ponteseditores.com.br\/loja3\/#website"},"primaryImageOfPage":{"@id":"https:\/\/ponteseditores.com.br\/loja3\/pontes-editores-home-2__trashed\/linguistica\/politicas-de-gestao-do-multilinguismo-praticas-e-debates\/#primaryimage"},"image":{"@id":"https:\/\/ponteseditores.com.br\/loja3\/pontes-editores-home-2__trashed\/linguistica\/politicas-de-gestao-do-multilinguismo-praticas-e-debates\/#primaryimage"},"thumbnailUrl":"https:\/\/ponteseditores.com.br\/loja3\/wp-content\/uploads\/2023\/12\/politica-3.jpg","datePublished":"2023-12-15T12:22:33+00:00","dateModified":"2025-06-05T15:37:52+00:00","breadcrumb":{"@id":"https:\/\/ponteseditores.com.br\/loja3\/pontes-editores-home-2__trashed\/linguistica\/politicas-de-gestao-do-multilinguismo-praticas-e-debates\/#breadcrumb"},"inLanguage":"pt-BR","potentialAction":[{"@type":"ReadAction","target":["https:\/\/ponteseditores.com.br\/loja3\/pontes-editores-home-2__trashed\/linguistica\/politicas-de-gestao-do-multilinguismo-praticas-e-debates\/"]}]},{"@type":"ImageObject","inLanguage":"pt-BR","@id":"https:\/\/ponteseditores.com.br\/loja3\/pontes-editores-home-2__trashed\/linguistica\/politicas-de-gestao-do-multilinguismo-praticas-e-debates\/#primaryimage","url":"https:\/\/ponteseditores.com.br\/loja3\/wp-content\/uploads\/2023\/12\/politica-3.jpg","contentUrl":"https:\/\/ponteseditores.com.br\/loja3\/wp-content\/uploads\/2023\/12\/politica-3.jpg","width":510,"height":768},{"@type":"BreadcrumbList","@id":"https:\/\/ponteseditores.com.br\/loja3\/pontes-editores-home-2__trashed\/linguistica\/politicas-de-gestao-do-multilinguismo-praticas-e-debates\/#breadcrumb","itemListElement":[{"@type":"ListItem","position":1,"name":"Home","item":"https:\/\/ponteseditores.com.br\/loja3\/"},{"@type":"ListItem","position":2,"name":"loja","item":"https:\/\/ponteseditores.com.br\/loja3\/loja\/"},{"@type":"ListItem","position":3,"name":"POL\u00cdTICAS DE GEST\u00c3O DO MULTILINGUISMO: pr\u00e1ticas e debates"}]},{"@type":"WebSite","@id":"https:\/\/ponteseditores.com.br\/loja3\/#website","url":"https:\/\/ponteseditores.com.br\/loja3\/","name":"Pontes Editores","description":"Pontes Editores","publisher":{"@id":"https:\/\/ponteseditores.com.br\/loja3\/#organization"},"potentialAction":[{"@type":"SearchAction","target":{"@type":"EntryPoint","urlTemplate":"https:\/\/ponteseditores.com.br\/loja3\/?s={search_term_string}"},"query-input":{"@type":"PropertyValueSpecification","valueRequired":true,"valueName":"search_term_string"}}],"inLanguage":"pt-BR"},{"@type":"Organization","@id":"https:\/\/ponteseditores.com.br\/loja3\/#organization","name":"Pontes Editores","url":"https:\/\/ponteseditores.com.br\/loja3\/","logo":{"@type":"ImageObject","inLanguage":"pt-BR","@id":"https:\/\/ponteseditores.com.br\/loja3\/#\/schema\/logo\/image\/","url":"https:\/\/ponteseditores.com.br\/loja3\/wp-content\/uploads\/2023\/12\/logo-pontes-editores-v2.png","contentUrl":"https:\/\/ponteseditores.com.br\/loja3\/wp-content\/uploads\/2023\/12\/logo-pontes-editores-v2.png","width":258,"height":100,"caption":"Pontes Editores"},"image":{"@id":"https:\/\/ponteseditores.com.br\/loja3\/#\/schema\/logo\/image\/"}}]}},"_links":{"self":[{"href":"https:\/\/ponteseditores.com.br\/loja3\/wp-json\/wp\/v2\/product\/8010","targetHints":{"allow":["GET"]}}],"collection":[{"href":"https:\/\/ponteseditores.com.br\/loja3\/wp-json\/wp\/v2\/product"}],"about":[{"href":"https:\/\/ponteseditores.com.br\/loja3\/wp-json\/wp\/v2\/types\/product"}],"replies":[{"embeddable":true,"href":"https:\/\/ponteseditores.com.br\/loja3\/wp-json\/wp\/v2\/comments?post=8010"}],"version-history":[{"count":0,"href":"https:\/\/ponteseditores.com.br\/loja3\/wp-json\/wp\/v2\/product\/8010\/revisions"}],"wp:featuredmedia":[{"embeddable":true,"href":"https:\/\/ponteseditores.com.br\/loja3\/wp-json\/wp\/v2\/media\/8009"}],"wp:attachment":[{"href":"https:\/\/ponteseditores.com.br\/loja3\/wp-json\/wp\/v2\/media?parent=8010"}],"wp:term":[{"taxonomy":"product_brand","embeddable":true,"href":"https:\/\/ponteseditores.com.br\/loja3\/wp-json\/wp\/v2\/product_brand?post=8010"},{"taxonomy":"product_cat","embeddable":true,"href":"https:\/\/ponteseditores.com.br\/loja3\/wp-json\/wp\/v2\/product_cat?post=8010"},{"taxonomy":"product_tag","embeddable":true,"href":"https:\/\/ponteseditores.com.br\/loja3\/wp-json\/wp\/v2\/product_tag?post=8010"}],"curies":[{"name":"wp","href":"https:\/\/api.w.org\/{rel}","templated":true}]}}