{"id":7996,"date":"2023-12-15T09:21:09","date_gmt":"2023-12-15T12:21:09","guid":{"rendered":"https:\/\/ponteseditores.com.br\/loja3\/pontes-editores-home-2__trashed\/sem%20categoria\/letramento-genero-e-raca-na-reconstrucao-de-identidades-de-mulheres-negras\/"},"modified":"2024-07-28T15:30:52","modified_gmt":"2024-07-28T18:30:52","slug":"letramento-genero-e-raca-na-reconstrucao-de-identidades-de-mulheres-negras","status":"publish","type":"product","link":"https:\/\/ponteseditores.com.br\/loja3\/pontes-editores-home-2__trashed\/letramento\/letramento-genero-e-raca-na-reconstrucao-de-identidades-de-mulheres-negras\/","title":{"rendered":"Letramento, G\u00eanero e Ra\u00e7a na (re)constru\u00e7\u00e3o de identidades de mulheres negras"},"content":{"rendered":"<p>O debate apresentado neste livro sobre letramento fora do contexto escolar, g\u00eanero e ra\u00e7a, sem d\u00favida, agrega contribui\u00e7\u00e3o \u00e0 \u00e1rea das linguagens, em especial por seu ineditismo. Contudo, o maior m\u00e9rito desta publica\u00e7\u00e3o \u00e9 a sua inestim\u00e1vel capacidade de provocar, questionar. \u00c9 um livro que nos incomoda, mais que isso, nos acorda, por meio do emaranhado de reflex\u00f5es propiciadas. E isso se deve \u00e0s duas mulheres que o tornam t\u00e3o particular: a participante da pesquisa, Nina, e a autora. A primeira, porque sua voz faz reverberar. \u00c9 por meio de sua voz que Nina d\u00e1 voz \u00e0s suas.  E foi sua voz que permitiu a gera\u00e7\u00e3o dos dados desta pesquisa e, at\u00e9 mesmo, a ressignifica\u00e7\u00e3o de aspectos da vida da pesquisadora. A autora, por sua vez, sem abdicar do rigor cient\u00edfico, desconstruiu o tom formal e impessoal recorrente na esfera acad\u00eamica. Sua linguagem, leve e sens\u00edvel, torna a leitura agrad\u00e1vel, fazendo-nos esquecer que o que temos ali \u00e9 o relato de uma pesquisa de p\u00f3s-gradua\u00e7\u00e3o stricto sensu. O didatismo e a sensibilidade com que a autora apresenta seus dados permitem que Nina \u2013 e por extens\u00e3o, todas as mulheres negras \u2013 nos salte aos olhos, despertando nossa curiosidade, nosso leg\u00edtimo interesse, nosso respeito e inclusive nosso afeto.<\/p>\n<p>Daniela Hilda de Souza Siqueira Fran\u00e7a<\/p>\n<p>Consultora textual e T\u00e9cnica em Assuntos Educacionais<\/p>\n<p>(IFG-Goi\u00e2nia\/Goi\u00e1s)<\/p>\n","protected":false},"excerpt":{"rendered":"<p>O debate apresentado neste livro sobre letramento fora do contexto escolar, g\u00eanero e ra\u00e7a, sem d\u00favida, agrega contribui\u00e7\u00e3o \u00e0 \u00e1rea das linguagens, em especial por seu ineditismo. Contudo, o maior m\u00e9rito desta publica\u00e7\u00e3o \u00e9 a sua inestim\u00e1vel capacidade de provocar, questionar. \u00c9 um livro que nos incomoda, mais que isso, nos acorda, por meio do [&hellip;]<\/p>\n","protected":false},"featured_media":7995,"comment_status":"open","ping_status":"closed","template":"","meta":{"_joinchat":[]},"product_brand":[],"product_cat":[337,112],"product_tag":[],"class_list":{"0":"post-7996","1":"product","2":"type-product","3":"status-publish","4":"has-post-thumbnail","6":"product_cat-generos","7":"product_cat-letramento","8":"product_shipping_class-livro-pontes-editores-fisico","10":"first","11":"instock","12":"shipping-taxable","13":"purchasable","14":"product-type-simple"},"yoast_head":"<!-- This site is optimized with the Yoast SEO plugin v27.4 - https:\/\/yoast.com\/product\/yoast-seo-wordpress\/ -->\n<title>Letramento, G\u00eanero e Ra\u00e7a na (re)constru\u00e7\u00e3o de identidades de mulheres negras - Pontes Editores<\/title>\n<meta name=\"robots\" content=\"index, follow, max-snippet:-1, max-image-preview:large, max-video-preview:-1\" \/>\n<link rel=\"canonical\" href=\"https:\/\/ponteseditores.com.br\/loja3\/pontes-editores-home-2__trashed\/letramento\/letramento-genero-e-raca-na-reconstrucao-de-identidades-de-mulheres-negras\/\" \/>\n<meta property=\"og:locale\" content=\"pt_BR\" \/>\n<meta property=\"og:type\" content=\"article\" \/>\n<meta property=\"og:title\" content=\"Letramento, G\u00eanero e Ra\u00e7a na (re)constru\u00e7\u00e3o de identidades de mulheres negras - Pontes Editores\" \/>\n<meta property=\"og:description\" content=\"O debate apresentado neste livro sobre letramento fora do contexto escolar, g\u00eanero e ra\u00e7a, sem d\u00favida, agrega contribui\u00e7\u00e3o \u00e0 \u00e1rea das linguagens, em especial por seu ineditismo. Contudo, o maior m\u00e9rito desta publica\u00e7\u00e3o \u00e9 a sua inestim\u00e1vel capacidade de provocar, questionar. \u00c9 um livro que nos incomoda, mais que isso, nos acorda, por meio do [&hellip;]\" \/>\n<meta property=\"og:url\" content=\"https:\/\/ponteseditores.com.br\/loja3\/pontes-editores-home-2__trashed\/letramento\/letramento-genero-e-raca-na-reconstrucao-de-identidades-de-mulheres-negras\/\" \/>\n<meta property=\"og:site_name\" content=\"Pontes Editores\" \/>\n<meta property=\"article:modified_time\" content=\"2024-07-28T18:30:52+00:00\" \/>\n<meta property=\"og:image\" content=\"https:\/\/ponteseditores.com.br\/loja3\/wp-content\/uploads\/2023\/12\/Capa_Letramento-4-scaled.jpg\" \/>\n\t<meta property=\"og:image:width\" content=\"1707\" \/>\n\t<meta property=\"og:image:height\" content=\"2560\" \/>\n\t<meta property=\"og:image:type\" content=\"image\/jpeg\" \/>\n<meta name=\"twitter:card\" content=\"summary_large_image\" \/>\n<meta name=\"twitter:label1\" content=\"Est. tempo de leitura\" \/>\n\t<meta name=\"twitter:data1\" content=\"1 minuto\" \/>\n<script type=\"application\/ld+json\" class=\"yoast-schema-graph\">{\"@context\":\"https:\\\/\\\/schema.org\",\"@graph\":[{\"@type\":\"WebPage\",\"@id\":\"https:\\\/\\\/ponteseditores.com.br\\\/loja3\\\/pontes-editores-home-2__trashed\\\/letramento\\\/letramento-genero-e-raca-na-reconstrucao-de-identidades-de-mulheres-negras\\\/\",\"url\":\"https:\\\/\\\/ponteseditores.com.br\\\/loja3\\\/pontes-editores-home-2__trashed\\\/letramento\\\/letramento-genero-e-raca-na-reconstrucao-de-identidades-de-mulheres-negras\\\/\",\"name\":\"Letramento, G\u00eanero e Ra\u00e7a na (re)constru\u00e7\u00e3o de identidades de mulheres negras - Pontes Editores\",\"isPartOf\":{\"@id\":\"https:\\\/\\\/ponteseditores.com.br\\\/loja3\\\/#website\"},\"primaryImageOfPage\":{\"@id\":\"https:\\\/\\\/ponteseditores.com.br\\\/loja3\\\/pontes-editores-home-2__trashed\\\/letramento\\\/letramento-genero-e-raca-na-reconstrucao-de-identidades-de-mulheres-negras\\\/#primaryimage\"},\"image\":{\"@id\":\"https:\\\/\\\/ponteseditores.com.br\\\/loja3\\\/pontes-editores-home-2__trashed\\\/letramento\\\/letramento-genero-e-raca-na-reconstrucao-de-identidades-de-mulheres-negras\\\/#primaryimage\"},\"thumbnailUrl\":\"https:\\\/\\\/ponteseditores.com.br\\\/loja3\\\/wp-content\\\/uploads\\\/2023\\\/12\\\/Capa_Letramento-4-scaled.jpg\",\"datePublished\":\"2023-12-15T12:21:09+00:00\",\"dateModified\":\"2024-07-28T18:30:52+00:00\",\"breadcrumb\":{\"@id\":\"https:\\\/\\\/ponteseditores.com.br\\\/loja3\\\/pontes-editores-home-2__trashed\\\/letramento\\\/letramento-genero-e-raca-na-reconstrucao-de-identidades-de-mulheres-negras\\\/#breadcrumb\"},\"inLanguage\":\"pt-BR\",\"potentialAction\":[{\"@type\":\"ReadAction\",\"target\":[\"https:\\\/\\\/ponteseditores.com.br\\\/loja3\\\/pontes-editores-home-2__trashed\\\/letramento\\\/letramento-genero-e-raca-na-reconstrucao-de-identidades-de-mulheres-negras\\\/\"]}]},{\"@type\":\"ImageObject\",\"inLanguage\":\"pt-BR\",\"@id\":\"https:\\\/\\\/ponteseditores.com.br\\\/loja3\\\/pontes-editores-home-2__trashed\\\/letramento\\\/letramento-genero-e-raca-na-reconstrucao-de-identidades-de-mulheres-negras\\\/#primaryimage\",\"url\":\"https:\\\/\\\/ponteseditores.com.br\\\/loja3\\\/wp-content\\\/uploads\\\/2023\\\/12\\\/Capa_Letramento-4-scaled.jpg\",\"contentUrl\":\"https:\\\/\\\/ponteseditores.com.br\\\/loja3\\\/wp-content\\\/uploads\\\/2023\\\/12\\\/Capa_Letramento-4-scaled.jpg\",\"width\":1707,\"height\":2560},{\"@type\":\"BreadcrumbList\",\"@id\":\"https:\\\/\\\/ponteseditores.com.br\\\/loja3\\\/pontes-editores-home-2__trashed\\\/letramento\\\/letramento-genero-e-raca-na-reconstrucao-de-identidades-de-mulheres-negras\\\/#breadcrumb\",\"itemListElement\":[{\"@type\":\"ListItem\",\"position\":1,\"name\":\"Home\",\"item\":\"https:\\\/\\\/ponteseditores.com.br\\\/loja3\\\/\"},{\"@type\":\"ListItem\",\"position\":2,\"name\":\"loja\",\"item\":\"https:\\\/\\\/ponteseditores.com.br\\\/loja3\\\/loja\\\/\"},{\"@type\":\"ListItem\",\"position\":3,\"name\":\"Letramento, G\u00eanero e Ra\u00e7a na (re)constru\u00e7\u00e3o de identidades de mulheres negras\"}]},{\"@type\":\"WebSite\",\"@id\":\"https:\\\/\\\/ponteseditores.com.br\\\/loja3\\\/#website\",\"url\":\"https:\\\/\\\/ponteseditores.com.br\\\/loja3\\\/\",\"name\":\"Pontes Editores\",\"description\":\"Pontes Editores\",\"publisher\":{\"@id\":\"https:\\\/\\\/ponteseditores.com.br\\\/loja3\\\/#organization\"},\"potentialAction\":[{\"@type\":\"SearchAction\",\"target\":{\"@type\":\"EntryPoint\",\"urlTemplate\":\"https:\\\/\\\/ponteseditores.com.br\\\/loja3\\\/?s={search_term_string}\"},\"query-input\":{\"@type\":\"PropertyValueSpecification\",\"valueRequired\":true,\"valueName\":\"search_term_string\"}}],\"inLanguage\":\"pt-BR\"},{\"@type\":\"Organization\",\"@id\":\"https:\\\/\\\/ponteseditores.com.br\\\/loja3\\\/#organization\",\"name\":\"Pontes Editores\",\"url\":\"https:\\\/\\\/ponteseditores.com.br\\\/loja3\\\/\",\"logo\":{\"@type\":\"ImageObject\",\"inLanguage\":\"pt-BR\",\"@id\":\"https:\\\/\\\/ponteseditores.com.br\\\/loja3\\\/#\\\/schema\\\/logo\\\/image\\\/\",\"url\":\"https:\\\/\\\/ponteseditores.com.br\\\/loja3\\\/wp-content\\\/uploads\\\/2023\\\/12\\\/logo-pontes-editores-v2.png\",\"contentUrl\":\"https:\\\/\\\/ponteseditores.com.br\\\/loja3\\\/wp-content\\\/uploads\\\/2023\\\/12\\\/logo-pontes-editores-v2.png\",\"width\":258,\"height\":100,\"caption\":\"Pontes Editores\"},\"image\":{\"@id\":\"https:\\\/\\\/ponteseditores.com.br\\\/loja3\\\/#\\\/schema\\\/logo\\\/image\\\/\"}}]}<\/script>\n<!-- \/ Yoast SEO plugin. -->","yoast_head_json":{"title":"Letramento, G\u00eanero e Ra\u00e7a na (re)constru\u00e7\u00e3o de identidades de mulheres negras - Pontes Editores","robots":{"index":"index","follow":"follow","max-snippet":"max-snippet:-1","max-image-preview":"max-image-preview:large","max-video-preview":"max-video-preview:-1"},"canonical":"https:\/\/ponteseditores.com.br\/loja3\/pontes-editores-home-2__trashed\/letramento\/letramento-genero-e-raca-na-reconstrucao-de-identidades-de-mulheres-negras\/","og_locale":"pt_BR","og_type":"article","og_title":"Letramento, G\u00eanero e Ra\u00e7a na (re)constru\u00e7\u00e3o de identidades de mulheres negras - Pontes Editores","og_description":"O debate apresentado neste livro sobre letramento fora do contexto escolar, g\u00eanero e ra\u00e7a, sem d\u00favida, agrega contribui\u00e7\u00e3o \u00e0 \u00e1rea das linguagens, em especial por seu ineditismo. Contudo, o maior m\u00e9rito desta publica\u00e7\u00e3o \u00e9 a sua inestim\u00e1vel capacidade de provocar, questionar. \u00c9 um livro que nos incomoda, mais que isso, nos acorda, por meio do [&hellip;]","og_url":"https:\/\/ponteseditores.com.br\/loja3\/pontes-editores-home-2__trashed\/letramento\/letramento-genero-e-raca-na-reconstrucao-de-identidades-de-mulheres-negras\/","og_site_name":"Pontes Editores","article_modified_time":"2024-07-28T18:30:52+00:00","og_image":[{"width":1707,"height":2560,"url":"https:\/\/ponteseditores.com.br\/loja3\/wp-content\/uploads\/2023\/12\/Capa_Letramento-4-scaled.jpg","type":"image\/jpeg"}],"twitter_card":"summary_large_image","twitter_misc":{"Est. tempo de leitura":"1 minuto"},"schema":{"@context":"https:\/\/schema.org","@graph":[{"@type":"WebPage","@id":"https:\/\/ponteseditores.com.br\/loja3\/pontes-editores-home-2__trashed\/letramento\/letramento-genero-e-raca-na-reconstrucao-de-identidades-de-mulheres-negras\/","url":"https:\/\/ponteseditores.com.br\/loja3\/pontes-editores-home-2__trashed\/letramento\/letramento-genero-e-raca-na-reconstrucao-de-identidades-de-mulheres-negras\/","name":"Letramento, G\u00eanero e Ra\u00e7a na (re)constru\u00e7\u00e3o de identidades de mulheres negras - Pontes Editores","isPartOf":{"@id":"https:\/\/ponteseditores.com.br\/loja3\/#website"},"primaryImageOfPage":{"@id":"https:\/\/ponteseditores.com.br\/loja3\/pontes-editores-home-2__trashed\/letramento\/letramento-genero-e-raca-na-reconstrucao-de-identidades-de-mulheres-negras\/#primaryimage"},"image":{"@id":"https:\/\/ponteseditores.com.br\/loja3\/pontes-editores-home-2__trashed\/letramento\/letramento-genero-e-raca-na-reconstrucao-de-identidades-de-mulheres-negras\/#primaryimage"},"thumbnailUrl":"https:\/\/ponteseditores.com.br\/loja3\/wp-content\/uploads\/2023\/12\/Capa_Letramento-4-scaled.jpg","datePublished":"2023-12-15T12:21:09+00:00","dateModified":"2024-07-28T18:30:52+00:00","breadcrumb":{"@id":"https:\/\/ponteseditores.com.br\/loja3\/pontes-editores-home-2__trashed\/letramento\/letramento-genero-e-raca-na-reconstrucao-de-identidades-de-mulheres-negras\/#breadcrumb"},"inLanguage":"pt-BR","potentialAction":[{"@type":"ReadAction","target":["https:\/\/ponteseditores.com.br\/loja3\/pontes-editores-home-2__trashed\/letramento\/letramento-genero-e-raca-na-reconstrucao-de-identidades-de-mulheres-negras\/"]}]},{"@type":"ImageObject","inLanguage":"pt-BR","@id":"https:\/\/ponteseditores.com.br\/loja3\/pontes-editores-home-2__trashed\/letramento\/letramento-genero-e-raca-na-reconstrucao-de-identidades-de-mulheres-negras\/#primaryimage","url":"https:\/\/ponteseditores.com.br\/loja3\/wp-content\/uploads\/2023\/12\/Capa_Letramento-4-scaled.jpg","contentUrl":"https:\/\/ponteseditores.com.br\/loja3\/wp-content\/uploads\/2023\/12\/Capa_Letramento-4-scaled.jpg","width":1707,"height":2560},{"@type":"BreadcrumbList","@id":"https:\/\/ponteseditores.com.br\/loja3\/pontes-editores-home-2__trashed\/letramento\/letramento-genero-e-raca-na-reconstrucao-de-identidades-de-mulheres-negras\/#breadcrumb","itemListElement":[{"@type":"ListItem","position":1,"name":"Home","item":"https:\/\/ponteseditores.com.br\/loja3\/"},{"@type":"ListItem","position":2,"name":"loja","item":"https:\/\/ponteseditores.com.br\/loja3\/loja\/"},{"@type":"ListItem","position":3,"name":"Letramento, G\u00eanero e Ra\u00e7a na (re)constru\u00e7\u00e3o de identidades de mulheres negras"}]},{"@type":"WebSite","@id":"https:\/\/ponteseditores.com.br\/loja3\/#website","url":"https:\/\/ponteseditores.com.br\/loja3\/","name":"Pontes Editores","description":"Pontes Editores","publisher":{"@id":"https:\/\/ponteseditores.com.br\/loja3\/#organization"},"potentialAction":[{"@type":"SearchAction","target":{"@type":"EntryPoint","urlTemplate":"https:\/\/ponteseditores.com.br\/loja3\/?s={search_term_string}"},"query-input":{"@type":"PropertyValueSpecification","valueRequired":true,"valueName":"search_term_string"}}],"inLanguage":"pt-BR"},{"@type":"Organization","@id":"https:\/\/ponteseditores.com.br\/loja3\/#organization","name":"Pontes Editores","url":"https:\/\/ponteseditores.com.br\/loja3\/","logo":{"@type":"ImageObject","inLanguage":"pt-BR","@id":"https:\/\/ponteseditores.com.br\/loja3\/#\/schema\/logo\/image\/","url":"https:\/\/ponteseditores.com.br\/loja3\/wp-content\/uploads\/2023\/12\/logo-pontes-editores-v2.png","contentUrl":"https:\/\/ponteseditores.com.br\/loja3\/wp-content\/uploads\/2023\/12\/logo-pontes-editores-v2.png","width":258,"height":100,"caption":"Pontes Editores"},"image":{"@id":"https:\/\/ponteseditores.com.br\/loja3\/#\/schema\/logo\/image\/"}}]}},"_links":{"self":[{"href":"https:\/\/ponteseditores.com.br\/loja3\/wp-json\/wp\/v2\/product\/7996","targetHints":{"allow":["GET"]}}],"collection":[{"href":"https:\/\/ponteseditores.com.br\/loja3\/wp-json\/wp\/v2\/product"}],"about":[{"href":"https:\/\/ponteseditores.com.br\/loja3\/wp-json\/wp\/v2\/types\/product"}],"replies":[{"embeddable":true,"href":"https:\/\/ponteseditores.com.br\/loja3\/wp-json\/wp\/v2\/comments?post=7996"}],"version-history":[{"count":0,"href":"https:\/\/ponteseditores.com.br\/loja3\/wp-json\/wp\/v2\/product\/7996\/revisions"}],"wp:featuredmedia":[{"embeddable":true,"href":"https:\/\/ponteseditores.com.br\/loja3\/wp-json\/wp\/v2\/media\/7995"}],"wp:attachment":[{"href":"https:\/\/ponteseditores.com.br\/loja3\/wp-json\/wp\/v2\/media?parent=7996"}],"wp:term":[{"taxonomy":"product_brand","embeddable":true,"href":"https:\/\/ponteseditores.com.br\/loja3\/wp-json\/wp\/v2\/product_brand?post=7996"},{"taxonomy":"product_cat","embeddable":true,"href":"https:\/\/ponteseditores.com.br\/loja3\/wp-json\/wp\/v2\/product_cat?post=7996"},{"taxonomy":"product_tag","embeddable":true,"href":"https:\/\/ponteseditores.com.br\/loja3\/wp-json\/wp\/v2\/product_tag?post=7996"}],"curies":[{"name":"wp","href":"https:\/\/api.w.org\/{rel}","templated":true}]}}