{"id":7985,"date":"2023-12-15T09:14:27","date_gmt":"2023-12-15T12:14:27","guid":{"rendered":"https:\/\/ponteseditores.com.br\/loja3\/pontes-editores-home-2__trashed\/sem%20categoria\/a-retorica-no-radio-alagoano\/"},"modified":"2023-12-15T11:54:56","modified_gmt":"2023-12-15T14:54:56","slug":"a-retorica-no-radio-alagoano","status":"publish","type":"product","link":"https:\/\/ponteseditores.com.br\/loja3\/pontes-editores-home-2__trashed\/linguistica\/a-retorica-no-radio-alagoano\/","title":{"rendered":"A RET\u00d3RICA NO R\u00c1DIO ALAGOANO"},"content":{"rendered":"<p>Num instante muito significativo da contemporaneidade, em que a Internet transformou-se num grande laborat\u00f3rio para o estudo da linguagem, dois competentes pesquisadores brasileiros nos trazem um estudo muito necess\u00e1rio e interessante: um mergulho na dimens\u00e3o oral e ret\u00f3rica do r\u00e1dio alagoano. Conseguem, com admir\u00e1vel esfor\u00e7o anal\u00edtico, mostrarem-se atual\u00edssimos, pois a vocalidade retorna, poderosa e ajustada, com suas espetaculares nuances persuasivas.  A eloqu\u00eancia, novamente, se veste com suas melhores roupas de festa para, pelo olhar cr\u00edtico e rigorosamente anal\u00edtico de Maria Francisca Oliveira Santos e Max Silva da Rocha, desfilar, sonora e articulada, como reguladora poderosa de cren\u00e7as e convic\u00e7\u00f5es do audit\u00f3rio. Os autores se valem, com admir\u00e1vel clareza e seguran\u00e7a, das teorias do discurso para fazerem emergir a palavra como um fator preponderante para a produ\u00e7\u00e3o do cr\u00edvel, do razo\u00e1vel, do prov\u00e1vel. Apaixonados cientistas, os autores nos mostram como o oral produzido nas ondas do r\u00e1dio invade o audit\u00f3rio com a afirma\u00e7\u00e3o de valores e com demonstra\u00e7\u00f5es cabais de como a oralidade \u201cfunciona\u201d quando o objetivo \u00e9 persuadir. H\u00e1beis analistas do discurso oral, os autores nos ensinam, de forma gradual e crescente, as veredas ret\u00f3ricas utilizadas pelo r\u00e1dio alagoano para mostrar que um problema ret\u00f3rico \u00e9 sempre uma constru\u00e7\u00e3o simb\u00f3lica da realidade, que envolve um contexto que se soma \u00e0 interpreta\u00e7\u00e3o de quem a vivencia. Mostram-nos como o r\u00e1dio, pela oralidade, negocia as dist\u00e2ncias com o audit\u00f3rio. Demonstram, pela an\u00e1lise ret\u00f3rica \u2013 amparada pela An\u00e1lise da Conversa\u00e7\u00e3o e Lingu\u00edstica Textual \u2013 como se salvaguardam, pelo lugar ret\u00f3rico da sa\u00fade, a coer\u00eancia de um problema que preocupa todo o audit\u00f3rio universal da contemporaneidade: mente s\u00e3 em corpo s\u00e3o. A voz dos autores se imp\u00f5e solenemente na simplicidade admir\u00e1vel com que desvendam as ast\u00facias da voz do outro, aquela que, fluida e articulada, ecoa pelas ondas do r\u00e1dio. O livro \u00e9 um registro importante do vigor da vocalidade em tempos de m\u00eddias sociais e globaliza\u00e7\u00e3o. O velho e bom r\u00e1dio, mostram-nos os autores, ainda tem encantos singulares e rec\u00f4nditos que precisam ser desvelados teoricamente para que possamos, mais e mais, caminhar na miss\u00e3o agradabil\u00edssima e sempre dif\u00edcil de encontrar o homem no pr\u00f3prio homem.<\/p>\n<p>Dr. Luiz Antonio Ferreira<\/p>\n<p>Pontif\u00edcia Universidade Cat\u00f3lica de S\u00e3o Paulo (PUC\/SP)<\/p>\n","protected":false},"excerpt":{"rendered":"<p>Num instante muito significativo da contemporaneidade, em que a Internet transformou-se num grande laborat\u00f3rio para o estudo da linguagem, dois competentes pesquisadores brasileiros nos trazem um estudo muito necess\u00e1rio e interessante: um mergulho na dimens\u00e3o oral e ret\u00f3rica do r\u00e1dio alagoano. Conseguem, com admir\u00e1vel esfor\u00e7o anal\u00edtico, mostrarem-se atual\u00edssimos, pois a vocalidade retorna, poderosa e ajustada, [&hellip;]<\/p>\n","protected":false},"featured_media":7984,"comment_status":"open","ping_status":"closed","template":"","meta":{"_joinchat":[]},"product_brand":[],"product_cat":[290,31],"product_tag":[],"class_list":{"0":"post-7985","1":"product","2":"type-product","3":"status-publish","4":"has-post-thumbnail","6":"product_cat-linguagem-e-linguas","7":"product_cat-linguistica","8":"product_shipping_class-livro-pontes-editores-fisico","10":"first","11":"instock","12":"shipping-taxable","13":"purchasable","14":"product-type-simple"},"yoast_head":"<!-- This site is optimized with the Yoast SEO plugin v27.4 - https:\/\/yoast.com\/product\/yoast-seo-wordpress\/ -->\n<title>A RET\u00d3RICA NO R\u00c1DIO ALAGOANO - Pontes Editores<\/title>\n<meta name=\"robots\" content=\"index, follow, max-snippet:-1, max-image-preview:large, max-video-preview:-1\" \/>\n<link rel=\"canonical\" href=\"https:\/\/ponteseditores.com.br\/loja3\/pontes-editores-home-2__trashed\/linguistica\/a-retorica-no-radio-alagoano\/\" \/>\n<meta property=\"og:locale\" content=\"pt_BR\" \/>\n<meta property=\"og:type\" content=\"article\" \/>\n<meta property=\"og:title\" content=\"A RET\u00d3RICA NO R\u00c1DIO ALAGOANO - Pontes Editores\" \/>\n<meta property=\"og:description\" content=\"Num instante muito significativo da contemporaneidade, em que a Internet transformou-se num grande laborat\u00f3rio para o estudo da linguagem, dois competentes pesquisadores brasileiros nos trazem um estudo muito necess\u00e1rio e interessante: um mergulho na dimens\u00e3o oral e ret\u00f3rica do r\u00e1dio alagoano. Conseguem, com admir\u00e1vel esfor\u00e7o anal\u00edtico, mostrarem-se atual\u00edssimos, pois a vocalidade retorna, poderosa e ajustada, [&hellip;]\" \/>\n<meta property=\"og:url\" content=\"https:\/\/ponteseditores.com.br\/loja3\/pontes-editores-home-2__trashed\/linguistica\/a-retorica-no-radio-alagoano\/\" \/>\n<meta property=\"og:site_name\" content=\"Pontes Editores\" \/>\n<meta property=\"article:modified_time\" content=\"2023-12-15T14:54:56+00:00\" \/>\n<meta property=\"og:image\" content=\"https:\/\/ponteseditores.com.br\/loja3\/wp-content\/uploads\/2023\/12\/radio1-3.jpg\" \/>\n\t<meta property=\"og:image:width\" content=\"900\" \/>\n\t<meta property=\"og:image:height\" content=\"1312\" \/>\n\t<meta property=\"og:image:type\" content=\"image\/jpeg\" \/>\n<meta name=\"twitter:card\" content=\"summary_large_image\" \/>\n<meta name=\"twitter:label1\" content=\"Est. tempo de leitura\" \/>\n\t<meta name=\"twitter:data1\" content=\"2 minutos\" \/>\n<script type=\"application\/ld+json\" class=\"yoast-schema-graph\">{\"@context\":\"https:\\\/\\\/schema.org\",\"@graph\":[{\"@type\":\"WebPage\",\"@id\":\"https:\\\/\\\/ponteseditores.com.br\\\/loja3\\\/pontes-editores-home-2__trashed\\\/linguistica\\\/a-retorica-no-radio-alagoano\\\/\",\"url\":\"https:\\\/\\\/ponteseditores.com.br\\\/loja3\\\/pontes-editores-home-2__trashed\\\/linguistica\\\/a-retorica-no-radio-alagoano\\\/\",\"name\":\"A RET\u00d3RICA NO R\u00c1DIO ALAGOANO - Pontes Editores\",\"isPartOf\":{\"@id\":\"https:\\\/\\\/ponteseditores.com.br\\\/loja3\\\/#website\"},\"primaryImageOfPage\":{\"@id\":\"https:\\\/\\\/ponteseditores.com.br\\\/loja3\\\/pontes-editores-home-2__trashed\\\/linguistica\\\/a-retorica-no-radio-alagoano\\\/#primaryimage\"},\"image\":{\"@id\":\"https:\\\/\\\/ponteseditores.com.br\\\/loja3\\\/pontes-editores-home-2__trashed\\\/linguistica\\\/a-retorica-no-radio-alagoano\\\/#primaryimage\"},\"thumbnailUrl\":\"https:\\\/\\\/ponteseditores.com.br\\\/loja3\\\/wp-content\\\/uploads\\\/2023\\\/12\\\/radio1-3.jpg\",\"datePublished\":\"2023-12-15T12:14:27+00:00\",\"dateModified\":\"2023-12-15T14:54:56+00:00\",\"breadcrumb\":{\"@id\":\"https:\\\/\\\/ponteseditores.com.br\\\/loja3\\\/pontes-editores-home-2__trashed\\\/linguistica\\\/a-retorica-no-radio-alagoano\\\/#breadcrumb\"},\"inLanguage\":\"pt-BR\",\"potentialAction\":[{\"@type\":\"ReadAction\",\"target\":[\"https:\\\/\\\/ponteseditores.com.br\\\/loja3\\\/pontes-editores-home-2__trashed\\\/linguistica\\\/a-retorica-no-radio-alagoano\\\/\"]}]},{\"@type\":\"ImageObject\",\"inLanguage\":\"pt-BR\",\"@id\":\"https:\\\/\\\/ponteseditores.com.br\\\/loja3\\\/pontes-editores-home-2__trashed\\\/linguistica\\\/a-retorica-no-radio-alagoano\\\/#primaryimage\",\"url\":\"https:\\\/\\\/ponteseditores.com.br\\\/loja3\\\/wp-content\\\/uploads\\\/2023\\\/12\\\/radio1-3.jpg\",\"contentUrl\":\"https:\\\/\\\/ponteseditores.com.br\\\/loja3\\\/wp-content\\\/uploads\\\/2023\\\/12\\\/radio1-3.jpg\",\"width\":900,\"height\":1312},{\"@type\":\"BreadcrumbList\",\"@id\":\"https:\\\/\\\/ponteseditores.com.br\\\/loja3\\\/pontes-editores-home-2__trashed\\\/linguistica\\\/a-retorica-no-radio-alagoano\\\/#breadcrumb\",\"itemListElement\":[{\"@type\":\"ListItem\",\"position\":1,\"name\":\"Home\",\"item\":\"https:\\\/\\\/ponteseditores.com.br\\\/loja3\\\/\"},{\"@type\":\"ListItem\",\"position\":2,\"name\":\"loja\",\"item\":\"https:\\\/\\\/ponteseditores.com.br\\\/loja3\\\/loja\\\/\"},{\"@type\":\"ListItem\",\"position\":3,\"name\":\"A RET\u00d3RICA NO R\u00c1DIO ALAGOANO\"}]},{\"@type\":\"WebSite\",\"@id\":\"https:\\\/\\\/ponteseditores.com.br\\\/loja3\\\/#website\",\"url\":\"https:\\\/\\\/ponteseditores.com.br\\\/loja3\\\/\",\"name\":\"Pontes Editores\",\"description\":\"Pontes Editores\",\"publisher\":{\"@id\":\"https:\\\/\\\/ponteseditores.com.br\\\/loja3\\\/#organization\"},\"potentialAction\":[{\"@type\":\"SearchAction\",\"target\":{\"@type\":\"EntryPoint\",\"urlTemplate\":\"https:\\\/\\\/ponteseditores.com.br\\\/loja3\\\/?s={search_term_string}\"},\"query-input\":{\"@type\":\"PropertyValueSpecification\",\"valueRequired\":true,\"valueName\":\"search_term_string\"}}],\"inLanguage\":\"pt-BR\"},{\"@type\":\"Organization\",\"@id\":\"https:\\\/\\\/ponteseditores.com.br\\\/loja3\\\/#organization\",\"name\":\"Pontes Editores\",\"url\":\"https:\\\/\\\/ponteseditores.com.br\\\/loja3\\\/\",\"logo\":{\"@type\":\"ImageObject\",\"inLanguage\":\"pt-BR\",\"@id\":\"https:\\\/\\\/ponteseditores.com.br\\\/loja3\\\/#\\\/schema\\\/logo\\\/image\\\/\",\"url\":\"https:\\\/\\\/ponteseditores.com.br\\\/loja3\\\/wp-content\\\/uploads\\\/2023\\\/12\\\/logo-pontes-editores-v2.png\",\"contentUrl\":\"https:\\\/\\\/ponteseditores.com.br\\\/loja3\\\/wp-content\\\/uploads\\\/2023\\\/12\\\/logo-pontes-editores-v2.png\",\"width\":258,\"height\":100,\"caption\":\"Pontes Editores\"},\"image\":{\"@id\":\"https:\\\/\\\/ponteseditores.com.br\\\/loja3\\\/#\\\/schema\\\/logo\\\/image\\\/\"}}]}<\/script>\n<!-- \/ Yoast SEO plugin. -->","yoast_head_json":{"title":"A RET\u00d3RICA NO R\u00c1DIO ALAGOANO - Pontes Editores","robots":{"index":"index","follow":"follow","max-snippet":"max-snippet:-1","max-image-preview":"max-image-preview:large","max-video-preview":"max-video-preview:-1"},"canonical":"https:\/\/ponteseditores.com.br\/loja3\/pontes-editores-home-2__trashed\/linguistica\/a-retorica-no-radio-alagoano\/","og_locale":"pt_BR","og_type":"article","og_title":"A RET\u00d3RICA NO R\u00c1DIO ALAGOANO - Pontes Editores","og_description":"Num instante muito significativo da contemporaneidade, em que a Internet transformou-se num grande laborat\u00f3rio para o estudo da linguagem, dois competentes pesquisadores brasileiros nos trazem um estudo muito necess\u00e1rio e interessante: um mergulho na dimens\u00e3o oral e ret\u00f3rica do r\u00e1dio alagoano. Conseguem, com admir\u00e1vel esfor\u00e7o anal\u00edtico, mostrarem-se atual\u00edssimos, pois a vocalidade retorna, poderosa e ajustada, [&hellip;]","og_url":"https:\/\/ponteseditores.com.br\/loja3\/pontes-editores-home-2__trashed\/linguistica\/a-retorica-no-radio-alagoano\/","og_site_name":"Pontes Editores","article_modified_time":"2023-12-15T14:54:56+00:00","og_image":[{"width":900,"height":1312,"url":"https:\/\/ponteseditores.com.br\/loja3\/wp-content\/uploads\/2023\/12\/radio1-3.jpg","type":"image\/jpeg"}],"twitter_card":"summary_large_image","twitter_misc":{"Est. tempo de leitura":"2 minutos"},"schema":{"@context":"https:\/\/schema.org","@graph":[{"@type":"WebPage","@id":"https:\/\/ponteseditores.com.br\/loja3\/pontes-editores-home-2__trashed\/linguistica\/a-retorica-no-radio-alagoano\/","url":"https:\/\/ponteseditores.com.br\/loja3\/pontes-editores-home-2__trashed\/linguistica\/a-retorica-no-radio-alagoano\/","name":"A RET\u00d3RICA NO R\u00c1DIO ALAGOANO - Pontes Editores","isPartOf":{"@id":"https:\/\/ponteseditores.com.br\/loja3\/#website"},"primaryImageOfPage":{"@id":"https:\/\/ponteseditores.com.br\/loja3\/pontes-editores-home-2__trashed\/linguistica\/a-retorica-no-radio-alagoano\/#primaryimage"},"image":{"@id":"https:\/\/ponteseditores.com.br\/loja3\/pontes-editores-home-2__trashed\/linguistica\/a-retorica-no-radio-alagoano\/#primaryimage"},"thumbnailUrl":"https:\/\/ponteseditores.com.br\/loja3\/wp-content\/uploads\/2023\/12\/radio1-3.jpg","datePublished":"2023-12-15T12:14:27+00:00","dateModified":"2023-12-15T14:54:56+00:00","breadcrumb":{"@id":"https:\/\/ponteseditores.com.br\/loja3\/pontes-editores-home-2__trashed\/linguistica\/a-retorica-no-radio-alagoano\/#breadcrumb"},"inLanguage":"pt-BR","potentialAction":[{"@type":"ReadAction","target":["https:\/\/ponteseditores.com.br\/loja3\/pontes-editores-home-2__trashed\/linguistica\/a-retorica-no-radio-alagoano\/"]}]},{"@type":"ImageObject","inLanguage":"pt-BR","@id":"https:\/\/ponteseditores.com.br\/loja3\/pontes-editores-home-2__trashed\/linguistica\/a-retorica-no-radio-alagoano\/#primaryimage","url":"https:\/\/ponteseditores.com.br\/loja3\/wp-content\/uploads\/2023\/12\/radio1-3.jpg","contentUrl":"https:\/\/ponteseditores.com.br\/loja3\/wp-content\/uploads\/2023\/12\/radio1-3.jpg","width":900,"height":1312},{"@type":"BreadcrumbList","@id":"https:\/\/ponteseditores.com.br\/loja3\/pontes-editores-home-2__trashed\/linguistica\/a-retorica-no-radio-alagoano\/#breadcrumb","itemListElement":[{"@type":"ListItem","position":1,"name":"Home","item":"https:\/\/ponteseditores.com.br\/loja3\/"},{"@type":"ListItem","position":2,"name":"loja","item":"https:\/\/ponteseditores.com.br\/loja3\/loja\/"},{"@type":"ListItem","position":3,"name":"A RET\u00d3RICA NO R\u00c1DIO ALAGOANO"}]},{"@type":"WebSite","@id":"https:\/\/ponteseditores.com.br\/loja3\/#website","url":"https:\/\/ponteseditores.com.br\/loja3\/","name":"Pontes Editores","description":"Pontes Editores","publisher":{"@id":"https:\/\/ponteseditores.com.br\/loja3\/#organization"},"potentialAction":[{"@type":"SearchAction","target":{"@type":"EntryPoint","urlTemplate":"https:\/\/ponteseditores.com.br\/loja3\/?s={search_term_string}"},"query-input":{"@type":"PropertyValueSpecification","valueRequired":true,"valueName":"search_term_string"}}],"inLanguage":"pt-BR"},{"@type":"Organization","@id":"https:\/\/ponteseditores.com.br\/loja3\/#organization","name":"Pontes Editores","url":"https:\/\/ponteseditores.com.br\/loja3\/","logo":{"@type":"ImageObject","inLanguage":"pt-BR","@id":"https:\/\/ponteseditores.com.br\/loja3\/#\/schema\/logo\/image\/","url":"https:\/\/ponteseditores.com.br\/loja3\/wp-content\/uploads\/2023\/12\/logo-pontes-editores-v2.png","contentUrl":"https:\/\/ponteseditores.com.br\/loja3\/wp-content\/uploads\/2023\/12\/logo-pontes-editores-v2.png","width":258,"height":100,"caption":"Pontes Editores"},"image":{"@id":"https:\/\/ponteseditores.com.br\/loja3\/#\/schema\/logo\/image\/"}}]}},"_links":{"self":[{"href":"https:\/\/ponteseditores.com.br\/loja3\/wp-json\/wp\/v2\/product\/7985","targetHints":{"allow":["GET"]}}],"collection":[{"href":"https:\/\/ponteseditores.com.br\/loja3\/wp-json\/wp\/v2\/product"}],"about":[{"href":"https:\/\/ponteseditores.com.br\/loja3\/wp-json\/wp\/v2\/types\/product"}],"replies":[{"embeddable":true,"href":"https:\/\/ponteseditores.com.br\/loja3\/wp-json\/wp\/v2\/comments?post=7985"}],"version-history":[{"count":0,"href":"https:\/\/ponteseditores.com.br\/loja3\/wp-json\/wp\/v2\/product\/7985\/revisions"}],"wp:featuredmedia":[{"embeddable":true,"href":"https:\/\/ponteseditores.com.br\/loja3\/wp-json\/wp\/v2\/media\/7984"}],"wp:attachment":[{"href":"https:\/\/ponteseditores.com.br\/loja3\/wp-json\/wp\/v2\/media?parent=7985"}],"wp:term":[{"taxonomy":"product_brand","embeddable":true,"href":"https:\/\/ponteseditores.com.br\/loja3\/wp-json\/wp\/v2\/product_brand?post=7985"},{"taxonomy":"product_cat","embeddable":true,"href":"https:\/\/ponteseditores.com.br\/loja3\/wp-json\/wp\/v2\/product_cat?post=7985"},{"taxonomy":"product_tag","embeddable":true,"href":"https:\/\/ponteseditores.com.br\/loja3\/wp-json\/wp\/v2\/product_tag?post=7985"}],"curies":[{"name":"wp","href":"https:\/\/api.w.org\/{rel}","templated":true}]}}