{"id":7983,"date":"2023-12-15T09:14:25","date_gmt":"2023-12-15T12:14:25","guid":{"rendered":"https:\/\/ponteseditores.com.br\/loja3\/pontes-editores-home-2__trashed\/sem%20categoria\/meditacoes-e-cantares-poeticos-de-antonio-machado-aos-80-anos-de-sua-morte-1875-1939\/"},"modified":"2023-12-15T11:54:56","modified_gmt":"2023-12-15T14:54:56","slug":"meditacoes-e-cantares-poeticos-de-antonio-machado-aos-80-anos-de-sua-morte-1875-1939","status":"publish","type":"product","link":"https:\/\/ponteseditores.com.br\/loja3\/pontes-editores-home-2__trashed\/literatura\/meditacoes-e-cantares-poeticos-de-antonio-machado-aos-80-anos-de-sua-morte-1875-1939\/","title":{"rendered":"Medita\u00e7\u00f5es e Cantares Po\u00e9ticos de Antonio Machado: aos 80 anos de sua morte [1875-1939]"},"content":{"rendered":"<p>Este livro traz \u00e0 luz a vasta obra de Antonio Machado sob diferentes prismas, bem como a sua influ\u00eancia na cria\u00e7\u00e3o de outros escritores e na m\u00fasica, no \u00e2mbito do Semin\u00e1rio Internacional realizado em sua homenagem em mem\u00f3ria dos 80 anos de sua morte, no Instituto de Letras de Universidade de Bras\u00edlia. Com especial destaque para os trabalhos apresentados pelos pesquisadores convidados para o evento, Lina Rodr\u00edguez Cacho e Manuel Ambrosio S\u00e1nchez, ambos da Universidade de Salamanca, registra tamb\u00e9m as confer\u00eancias e textos, produtos do semin\u00e1rio que congregou uma significativa presen\u00e7a no amplo espectro que abrange um poeta da estatura de Machado. Al\u00e9m da Literatura, da Lingu\u00edstica, da Filosofia, da Educa\u00e7\u00e3o e da vig\u00eancia que cobra na contemporaneidade, sobretudo, pelo seu amor \u00e0 paisagem e \u00e0 liberdade, registrado em palavras, esta obra faz um tributo a um poeta que cumpre o ritual eterno da poesia no espa\u00e7o do amor, da vida e da morte, num processo de evolu\u00e7\u00e3o do pensamento no qual relumbra a f\u00e9 no ser humano.<\/p>\n","protected":false},"excerpt":{"rendered":"<p>Este livro traz \u00e0 luz a vasta obra de Antonio Machado sob diferentes prismas, bem como a sua influ\u00eancia na cria\u00e7\u00e3o de outros escritores e na m\u00fasica, no \u00e2mbito do Semin\u00e1rio Internacional realizado em sua homenagem em mem\u00f3ria dos 80 anos de sua morte, no Instituto de Letras de Universidade de Bras\u00edlia. Com especial destaque [&hellip;]<\/p>\n","protected":false},"featured_media":7982,"comment_status":"open","ping_status":"closed","template":"","meta":{"_joinchat":[]},"product_brand":[],"product_cat":[297,287],"product_tag":[],"class_list":{"0":"post-7983","1":"product","2":"type-product","3":"status-publish","4":"has-post-thumbnail","6":"product_cat-critica-literaria","7":"product_cat-literatura","8":"product_shipping_class-livro-pontes-editores-fisico","10":"first","11":"instock","12":"shipping-taxable","13":"purchasable","14":"product-type-simple"},"yoast_head":"<!-- This site is optimized with the Yoast SEO plugin v27.4 - https:\/\/yoast.com\/product\/yoast-seo-wordpress\/ -->\n<title>Medita\u00e7\u00f5es e Cantares Po\u00e9ticos de Antonio Machado: aos 80 anos de sua morte [1875-1939] - Pontes Editores<\/title>\n<meta name=\"robots\" content=\"index, follow, max-snippet:-1, max-image-preview:large, max-video-preview:-1\" \/>\n<link rel=\"canonical\" href=\"https:\/\/ponteseditores.com.br\/loja3\/pontes-editores-home-2__trashed\/literatura\/meditacoes-e-cantares-poeticos-de-antonio-machado-aos-80-anos-de-sua-morte-1875-1939\/\" \/>\n<meta property=\"og:locale\" content=\"pt_BR\" \/>\n<meta property=\"og:type\" content=\"article\" \/>\n<meta property=\"og:title\" content=\"Medita\u00e7\u00f5es e Cantares Po\u00e9ticos de Antonio Machado: aos 80 anos de sua morte [1875-1939] - Pontes Editores\" \/>\n<meta property=\"og:description\" content=\"Este livro traz \u00e0 luz a vasta obra de Antonio Machado sob diferentes prismas, bem como a sua influ\u00eancia na cria\u00e7\u00e3o de outros escritores e na m\u00fasica, no \u00e2mbito do Semin\u00e1rio Internacional realizado em sua homenagem em mem\u00f3ria dos 80 anos de sua morte, no Instituto de Letras de Universidade de Bras\u00edlia. Com especial destaque [&hellip;]\" \/>\n<meta property=\"og:url\" content=\"https:\/\/ponteseditores.com.br\/loja3\/pontes-editores-home-2__trashed\/literatura\/meditacoes-e-cantares-poeticos-de-antonio-machado-aos-80-anos-de-sua-morte-1875-1939\/\" \/>\n<meta property=\"og:site_name\" content=\"Pontes Editores\" \/>\n<meta property=\"article:modified_time\" content=\"2023-12-15T14:54:56+00:00\" \/>\n<meta property=\"og:image\" content=\"https:\/\/ponteseditores.com.br\/loja3\/wp-content\/uploads\/2023\/12\/Capa_Antonio_Machado-3.jpg\" \/>\n\t<meta property=\"og:image:width\" content=\"454\" \/>\n\t<meta property=\"og:image:height\" content=\"652\" \/>\n\t<meta property=\"og:image:type\" content=\"image\/jpeg\" \/>\n<meta name=\"twitter:card\" content=\"summary_large_image\" \/>\n<meta name=\"twitter:label1\" content=\"Est. tempo de leitura\" \/>\n\t<meta name=\"twitter:data1\" content=\"1 minuto\" \/>\n<script type=\"application\/ld+json\" class=\"yoast-schema-graph\">{\"@context\":\"https:\\\/\\\/schema.org\",\"@graph\":[{\"@type\":\"WebPage\",\"@id\":\"https:\\\/\\\/ponteseditores.com.br\\\/loja3\\\/pontes-editores-home-2__trashed\\\/literatura\\\/meditacoes-e-cantares-poeticos-de-antonio-machado-aos-80-anos-de-sua-morte-1875-1939\\\/\",\"url\":\"https:\\\/\\\/ponteseditores.com.br\\\/loja3\\\/pontes-editores-home-2__trashed\\\/literatura\\\/meditacoes-e-cantares-poeticos-de-antonio-machado-aos-80-anos-de-sua-morte-1875-1939\\\/\",\"name\":\"Medita\u00e7\u00f5es e Cantares Po\u00e9ticos de Antonio Machado: aos 80 anos de sua morte [1875-1939] - Pontes Editores\",\"isPartOf\":{\"@id\":\"https:\\\/\\\/ponteseditores.com.br\\\/loja3\\\/#website\"},\"primaryImageOfPage\":{\"@id\":\"https:\\\/\\\/ponteseditores.com.br\\\/loja3\\\/pontes-editores-home-2__trashed\\\/literatura\\\/meditacoes-e-cantares-poeticos-de-antonio-machado-aos-80-anos-de-sua-morte-1875-1939\\\/#primaryimage\"},\"image\":{\"@id\":\"https:\\\/\\\/ponteseditores.com.br\\\/loja3\\\/pontes-editores-home-2__trashed\\\/literatura\\\/meditacoes-e-cantares-poeticos-de-antonio-machado-aos-80-anos-de-sua-morte-1875-1939\\\/#primaryimage\"},\"thumbnailUrl\":\"https:\\\/\\\/ponteseditores.com.br\\\/loja3\\\/wp-content\\\/uploads\\\/2023\\\/12\\\/Capa_Antonio_Machado-3.jpg\",\"datePublished\":\"2023-12-15T12:14:25+00:00\",\"dateModified\":\"2023-12-15T14:54:56+00:00\",\"breadcrumb\":{\"@id\":\"https:\\\/\\\/ponteseditores.com.br\\\/loja3\\\/pontes-editores-home-2__trashed\\\/literatura\\\/meditacoes-e-cantares-poeticos-de-antonio-machado-aos-80-anos-de-sua-morte-1875-1939\\\/#breadcrumb\"},\"inLanguage\":\"pt-BR\",\"potentialAction\":[{\"@type\":\"ReadAction\",\"target\":[\"https:\\\/\\\/ponteseditores.com.br\\\/loja3\\\/pontes-editores-home-2__trashed\\\/literatura\\\/meditacoes-e-cantares-poeticos-de-antonio-machado-aos-80-anos-de-sua-morte-1875-1939\\\/\"]}]},{\"@type\":\"ImageObject\",\"inLanguage\":\"pt-BR\",\"@id\":\"https:\\\/\\\/ponteseditores.com.br\\\/loja3\\\/pontes-editores-home-2__trashed\\\/literatura\\\/meditacoes-e-cantares-poeticos-de-antonio-machado-aos-80-anos-de-sua-morte-1875-1939\\\/#primaryimage\",\"url\":\"https:\\\/\\\/ponteseditores.com.br\\\/loja3\\\/wp-content\\\/uploads\\\/2023\\\/12\\\/Capa_Antonio_Machado-3.jpg\",\"contentUrl\":\"https:\\\/\\\/ponteseditores.com.br\\\/loja3\\\/wp-content\\\/uploads\\\/2023\\\/12\\\/Capa_Antonio_Machado-3.jpg\",\"width\":454,\"height\":652},{\"@type\":\"BreadcrumbList\",\"@id\":\"https:\\\/\\\/ponteseditores.com.br\\\/loja3\\\/pontes-editores-home-2__trashed\\\/literatura\\\/meditacoes-e-cantares-poeticos-de-antonio-machado-aos-80-anos-de-sua-morte-1875-1939\\\/#breadcrumb\",\"itemListElement\":[{\"@type\":\"ListItem\",\"position\":1,\"name\":\"Home\",\"item\":\"https:\\\/\\\/ponteseditores.com.br\\\/loja3\\\/\"},{\"@type\":\"ListItem\",\"position\":2,\"name\":\"loja\",\"item\":\"https:\\\/\\\/ponteseditores.com.br\\\/loja3\\\/loja\\\/\"},{\"@type\":\"ListItem\",\"position\":3,\"name\":\"Medita\u00e7\u00f5es e Cantares Po\u00e9ticos de Antonio Machado: aos 80 anos de sua morte [1875-1939]\"}]},{\"@type\":\"WebSite\",\"@id\":\"https:\\\/\\\/ponteseditores.com.br\\\/loja3\\\/#website\",\"url\":\"https:\\\/\\\/ponteseditores.com.br\\\/loja3\\\/\",\"name\":\"Pontes Editores\",\"description\":\"Pontes Editores\",\"publisher\":{\"@id\":\"https:\\\/\\\/ponteseditores.com.br\\\/loja3\\\/#organization\"},\"potentialAction\":[{\"@type\":\"SearchAction\",\"target\":{\"@type\":\"EntryPoint\",\"urlTemplate\":\"https:\\\/\\\/ponteseditores.com.br\\\/loja3\\\/?s={search_term_string}\"},\"query-input\":{\"@type\":\"PropertyValueSpecification\",\"valueRequired\":true,\"valueName\":\"search_term_string\"}}],\"inLanguage\":\"pt-BR\"},{\"@type\":\"Organization\",\"@id\":\"https:\\\/\\\/ponteseditores.com.br\\\/loja3\\\/#organization\",\"name\":\"Pontes Editores\",\"url\":\"https:\\\/\\\/ponteseditores.com.br\\\/loja3\\\/\",\"logo\":{\"@type\":\"ImageObject\",\"inLanguage\":\"pt-BR\",\"@id\":\"https:\\\/\\\/ponteseditores.com.br\\\/loja3\\\/#\\\/schema\\\/logo\\\/image\\\/\",\"url\":\"https:\\\/\\\/ponteseditores.com.br\\\/loja3\\\/wp-content\\\/uploads\\\/2023\\\/12\\\/logo-pontes-editores-v2.png\",\"contentUrl\":\"https:\\\/\\\/ponteseditores.com.br\\\/loja3\\\/wp-content\\\/uploads\\\/2023\\\/12\\\/logo-pontes-editores-v2.png\",\"width\":258,\"height\":100,\"caption\":\"Pontes Editores\"},\"image\":{\"@id\":\"https:\\\/\\\/ponteseditores.com.br\\\/loja3\\\/#\\\/schema\\\/logo\\\/image\\\/\"}}]}<\/script>\n<!-- \/ Yoast SEO plugin. -->","yoast_head_json":{"title":"Medita\u00e7\u00f5es e Cantares Po\u00e9ticos de Antonio Machado: aos 80 anos de sua morte [1875-1939] - Pontes Editores","robots":{"index":"index","follow":"follow","max-snippet":"max-snippet:-1","max-image-preview":"max-image-preview:large","max-video-preview":"max-video-preview:-1"},"canonical":"https:\/\/ponteseditores.com.br\/loja3\/pontes-editores-home-2__trashed\/literatura\/meditacoes-e-cantares-poeticos-de-antonio-machado-aos-80-anos-de-sua-morte-1875-1939\/","og_locale":"pt_BR","og_type":"article","og_title":"Medita\u00e7\u00f5es e Cantares Po\u00e9ticos de Antonio Machado: aos 80 anos de sua morte [1875-1939] - Pontes Editores","og_description":"Este livro traz \u00e0 luz a vasta obra de Antonio Machado sob diferentes prismas, bem como a sua influ\u00eancia na cria\u00e7\u00e3o de outros escritores e na m\u00fasica, no \u00e2mbito do Semin\u00e1rio Internacional realizado em sua homenagem em mem\u00f3ria dos 80 anos de sua morte, no Instituto de Letras de Universidade de Bras\u00edlia. Com especial destaque [&hellip;]","og_url":"https:\/\/ponteseditores.com.br\/loja3\/pontes-editores-home-2__trashed\/literatura\/meditacoes-e-cantares-poeticos-de-antonio-machado-aos-80-anos-de-sua-morte-1875-1939\/","og_site_name":"Pontes Editores","article_modified_time":"2023-12-15T14:54:56+00:00","og_image":[{"width":454,"height":652,"url":"https:\/\/ponteseditores.com.br\/loja3\/wp-content\/uploads\/2023\/12\/Capa_Antonio_Machado-3.jpg","type":"image\/jpeg"}],"twitter_card":"summary_large_image","twitter_misc":{"Est. tempo de leitura":"1 minuto"},"schema":{"@context":"https:\/\/schema.org","@graph":[{"@type":"WebPage","@id":"https:\/\/ponteseditores.com.br\/loja3\/pontes-editores-home-2__trashed\/literatura\/meditacoes-e-cantares-poeticos-de-antonio-machado-aos-80-anos-de-sua-morte-1875-1939\/","url":"https:\/\/ponteseditores.com.br\/loja3\/pontes-editores-home-2__trashed\/literatura\/meditacoes-e-cantares-poeticos-de-antonio-machado-aos-80-anos-de-sua-morte-1875-1939\/","name":"Medita\u00e7\u00f5es e Cantares Po\u00e9ticos de Antonio Machado: aos 80 anos de sua morte [1875-1939] - Pontes Editores","isPartOf":{"@id":"https:\/\/ponteseditores.com.br\/loja3\/#website"},"primaryImageOfPage":{"@id":"https:\/\/ponteseditores.com.br\/loja3\/pontes-editores-home-2__trashed\/literatura\/meditacoes-e-cantares-poeticos-de-antonio-machado-aos-80-anos-de-sua-morte-1875-1939\/#primaryimage"},"image":{"@id":"https:\/\/ponteseditores.com.br\/loja3\/pontes-editores-home-2__trashed\/literatura\/meditacoes-e-cantares-poeticos-de-antonio-machado-aos-80-anos-de-sua-morte-1875-1939\/#primaryimage"},"thumbnailUrl":"https:\/\/ponteseditores.com.br\/loja3\/wp-content\/uploads\/2023\/12\/Capa_Antonio_Machado-3.jpg","datePublished":"2023-12-15T12:14:25+00:00","dateModified":"2023-12-15T14:54:56+00:00","breadcrumb":{"@id":"https:\/\/ponteseditores.com.br\/loja3\/pontes-editores-home-2__trashed\/literatura\/meditacoes-e-cantares-poeticos-de-antonio-machado-aos-80-anos-de-sua-morte-1875-1939\/#breadcrumb"},"inLanguage":"pt-BR","potentialAction":[{"@type":"ReadAction","target":["https:\/\/ponteseditores.com.br\/loja3\/pontes-editores-home-2__trashed\/literatura\/meditacoes-e-cantares-poeticos-de-antonio-machado-aos-80-anos-de-sua-morte-1875-1939\/"]}]},{"@type":"ImageObject","inLanguage":"pt-BR","@id":"https:\/\/ponteseditores.com.br\/loja3\/pontes-editores-home-2__trashed\/literatura\/meditacoes-e-cantares-poeticos-de-antonio-machado-aos-80-anos-de-sua-morte-1875-1939\/#primaryimage","url":"https:\/\/ponteseditores.com.br\/loja3\/wp-content\/uploads\/2023\/12\/Capa_Antonio_Machado-3.jpg","contentUrl":"https:\/\/ponteseditores.com.br\/loja3\/wp-content\/uploads\/2023\/12\/Capa_Antonio_Machado-3.jpg","width":454,"height":652},{"@type":"BreadcrumbList","@id":"https:\/\/ponteseditores.com.br\/loja3\/pontes-editores-home-2__trashed\/literatura\/meditacoes-e-cantares-poeticos-de-antonio-machado-aos-80-anos-de-sua-morte-1875-1939\/#breadcrumb","itemListElement":[{"@type":"ListItem","position":1,"name":"Home","item":"https:\/\/ponteseditores.com.br\/loja3\/"},{"@type":"ListItem","position":2,"name":"loja","item":"https:\/\/ponteseditores.com.br\/loja3\/loja\/"},{"@type":"ListItem","position":3,"name":"Medita\u00e7\u00f5es e Cantares Po\u00e9ticos de Antonio Machado: aos 80 anos de sua morte [1875-1939]"}]},{"@type":"WebSite","@id":"https:\/\/ponteseditores.com.br\/loja3\/#website","url":"https:\/\/ponteseditores.com.br\/loja3\/","name":"Pontes Editores","description":"Pontes Editores","publisher":{"@id":"https:\/\/ponteseditores.com.br\/loja3\/#organization"},"potentialAction":[{"@type":"SearchAction","target":{"@type":"EntryPoint","urlTemplate":"https:\/\/ponteseditores.com.br\/loja3\/?s={search_term_string}"},"query-input":{"@type":"PropertyValueSpecification","valueRequired":true,"valueName":"search_term_string"}}],"inLanguage":"pt-BR"},{"@type":"Organization","@id":"https:\/\/ponteseditores.com.br\/loja3\/#organization","name":"Pontes Editores","url":"https:\/\/ponteseditores.com.br\/loja3\/","logo":{"@type":"ImageObject","inLanguage":"pt-BR","@id":"https:\/\/ponteseditores.com.br\/loja3\/#\/schema\/logo\/image\/","url":"https:\/\/ponteseditores.com.br\/loja3\/wp-content\/uploads\/2023\/12\/logo-pontes-editores-v2.png","contentUrl":"https:\/\/ponteseditores.com.br\/loja3\/wp-content\/uploads\/2023\/12\/logo-pontes-editores-v2.png","width":258,"height":100,"caption":"Pontes Editores"},"image":{"@id":"https:\/\/ponteseditores.com.br\/loja3\/#\/schema\/logo\/image\/"}}]}},"_links":{"self":[{"href":"https:\/\/ponteseditores.com.br\/loja3\/wp-json\/wp\/v2\/product\/7983","targetHints":{"allow":["GET"]}}],"collection":[{"href":"https:\/\/ponteseditores.com.br\/loja3\/wp-json\/wp\/v2\/product"}],"about":[{"href":"https:\/\/ponteseditores.com.br\/loja3\/wp-json\/wp\/v2\/types\/product"}],"replies":[{"embeddable":true,"href":"https:\/\/ponteseditores.com.br\/loja3\/wp-json\/wp\/v2\/comments?post=7983"}],"version-history":[{"count":0,"href":"https:\/\/ponteseditores.com.br\/loja3\/wp-json\/wp\/v2\/product\/7983\/revisions"}],"wp:featuredmedia":[{"embeddable":true,"href":"https:\/\/ponteseditores.com.br\/loja3\/wp-json\/wp\/v2\/media\/7982"}],"wp:attachment":[{"href":"https:\/\/ponteseditores.com.br\/loja3\/wp-json\/wp\/v2\/media?parent=7983"}],"wp:term":[{"taxonomy":"product_brand","embeddable":true,"href":"https:\/\/ponteseditores.com.br\/loja3\/wp-json\/wp\/v2\/product_brand?post=7983"},{"taxonomy":"product_cat","embeddable":true,"href":"https:\/\/ponteseditores.com.br\/loja3\/wp-json\/wp\/v2\/product_cat?post=7983"},{"taxonomy":"product_tag","embeddable":true,"href":"https:\/\/ponteseditores.com.br\/loja3\/wp-json\/wp\/v2\/product_tag?post=7983"}],"curies":[{"name":"wp","href":"https:\/\/api.w.org\/{rel}","templated":true}]}}