{"id":7963,"date":"2023-12-15T09:13:04","date_gmt":"2023-12-15T12:13:04","guid":{"rendered":"https:\/\/ponteseditores.com.br\/loja3\/pontes-editores-home-2__trashed\/sem%20categoria\/interacao-e-escrita-no-ensino-de-lingua\/"},"modified":"2024-04-04T12:39:23","modified_gmt":"2024-04-04T15:39:23","slug":"interacao-e-escrita-no-ensino-de-lingua","status":"publish","type":"product","link":"https:\/\/ponteseditores.com.br\/loja3\/pontes-editores-home-2__trashed\/linguistica\/interacao-e-escrita-no-ensino-de-lingua\/","title":{"rendered":"INTERA\u00c7\u00c3O E ESCRITA  NO ENSINO DE L\u00cdNGUA"},"content":{"rendered":"<p>Os cap\u00edtulos que constituem esta obra retratam os resultados efetivos de trabalhos produzidos em situa\u00e7\u00e3o de ensino, a ter a intera\u00e7\u00e3o como princ\u00edpio dial\u00f3gico, a constituir-se pela escrita. Para todas as pesquisas expostas, o termo \u201cescrita\u201d n\u00e3o \u00e9 sin\u00f4nimo de produ\u00e7\u00e3o de texto escrito. \u00c9 muito mais do que essa acep\u00e7\u00e3o. Para os professores-pesquisadores \u2013 s\u00e3o assim denominados porque todos os autores, sem exce\u00e7\u00e3o, s\u00e3o professores tamb\u00e9m com a fun\u00e7\u00e3o de pesquisadores \u2013 a \u201cescrita\u201d \u00e9 um conceito que envolve as pr\u00e1ticas de linguagem, as habilidades e compet\u00eancias envolvidas no ensino, aquisi\u00e7\u00e3o, aprendizagem, apropria\u00e7\u00e3o e desenvolvimento da leitura, da produ\u00e7\u00e3o  textual escrita, da an\u00e1lise lingu\u00edstica, do ensino da gram\u00e1tica da l\u00edngua, em suas caracter\u00edsticas normativas, semi\u00f3ticas e axiol\u00f3gicas, isto \u00e9, num conjunto efetivo de aplica\u00e7\u00f5es da e sobre a l\u00edngua e a linguagem em situa\u00e7\u00f5es de ensino e aprendizagem. Assim, um trabalho com leitura \u00e9 sempre acompanhado de rela\u00e7\u00f5es dial\u00f3gicas com o texto, o g\u00eanero do discurso, o discurso, a produ\u00e7\u00e3o textual, o ensino de gram\u00e1tica, a an\u00e1lise lingu\u00edstica, os valores sociais e ideol\u00f3gicos envolvidos nessa constitui\u00e7\u00e3o, para se produzir os sentidos sociais poss\u00edveis na sala de aula. Dessa forma, \u201cescrita\u201d \u00e9 um termo completo a envolver mais do que o exerc\u00edcio de escrever.<\/p>\n","protected":false},"excerpt":{"rendered":"<p>Os cap\u00edtulos que constituem esta obra retratam os resultados efetivos de trabalhos produzidos em situa\u00e7\u00e3o de ensino, a ter a intera\u00e7\u00e3o como princ\u00edpio dial\u00f3gico, a constituir-se pela escrita. Para todas as pesquisas expostas, o termo \u201cescrita\u201d n\u00e3o \u00e9 sin\u00f4nimo de produ\u00e7\u00e3o de texto escrito. \u00c9 muito mais do que essa acep\u00e7\u00e3o. Para os professores-pesquisadores \u2013 [&hellip;]<\/p>\n","protected":false},"featured_media":7962,"comment_status":"open","ping_status":"closed","template":"","meta":{"_joinchat":[]},"product_brand":[],"product_cat":[288,31],"product_tag":[],"class_list":{"0":"post-7963","1":"product","2":"type-product","3":"status-publish","4":"has-post-thumbnail","6":"product_cat-ensino-e-aprendizagem","7":"product_cat-linguistica","8":"product_shipping_class-livro-pontes-editores-fisico","10":"first","11":"instock","12":"shipping-taxable","13":"purchasable","14":"product-type-simple"},"yoast_head":"<!-- This site is optimized with the Yoast SEO plugin v27.4 - https:\/\/yoast.com\/product\/yoast-seo-wordpress\/ -->\n<title>INTERA\u00c7\u00c3O E ESCRITA NO ENSINO DE L\u00cdNGUA - Pontes Editores<\/title>\n<meta name=\"robots\" content=\"index, follow, max-snippet:-1, max-image-preview:large, max-video-preview:-1\" \/>\n<link rel=\"canonical\" href=\"https:\/\/ponteseditores.com.br\/loja3\/pontes-editores-home-2__trashed\/linguistica\/interacao-e-escrita-no-ensino-de-lingua\/\" \/>\n<meta property=\"og:locale\" content=\"pt_BR\" \/>\n<meta property=\"og:type\" content=\"article\" \/>\n<meta property=\"og:title\" content=\"INTERA\u00c7\u00c3O E ESCRITA NO ENSINO DE L\u00cdNGUA - Pontes Editores\" \/>\n<meta property=\"og:description\" content=\"Os cap\u00edtulos que constituem esta obra retratam os resultados efetivos de trabalhos produzidos em situa\u00e7\u00e3o de ensino, a ter a intera\u00e7\u00e3o como princ\u00edpio dial\u00f3gico, a constituir-se pela escrita. Para todas as pesquisas expostas, o termo \u201cescrita\u201d n\u00e3o \u00e9 sin\u00f4nimo de produ\u00e7\u00e3o de texto escrito. \u00c9 muito mais do que essa acep\u00e7\u00e3o. Para os professores-pesquisadores \u2013 [&hellip;]\" \/>\n<meta property=\"og:url\" content=\"https:\/\/ponteseditores.com.br\/loja3\/pontes-editores-home-2__trashed\/linguistica\/interacao-e-escrita-no-ensino-de-lingua\/\" \/>\n<meta property=\"og:site_name\" content=\"Pontes Editores\" \/>\n<meta property=\"article:modified_time\" content=\"2024-04-04T15:39:23+00:00\" \/>\n<meta property=\"og:image\" content=\"https:\/\/ponteseditores.com.br\/loja3\/wp-content\/uploads\/2023\/12\/intercap-3-scaled.jpg\" \/>\n\t<meta property=\"og:image:width\" content=\"1680\" \/>\n\t<meta property=\"og:image:height\" content=\"2560\" \/>\n\t<meta property=\"og:image:type\" content=\"image\/jpeg\" \/>\n<meta name=\"twitter:card\" content=\"summary_large_image\" \/>\n<meta name=\"twitter:label1\" content=\"Est. tempo de leitura\" \/>\n\t<meta name=\"twitter:data1\" content=\"1 minuto\" \/>\n<script type=\"application\/ld+json\" class=\"yoast-schema-graph\">{\"@context\":\"https:\\\/\\\/schema.org\",\"@graph\":[{\"@type\":\"WebPage\",\"@id\":\"https:\\\/\\\/ponteseditores.com.br\\\/loja3\\\/pontes-editores-home-2__trashed\\\/linguistica\\\/interacao-e-escrita-no-ensino-de-lingua\\\/\",\"url\":\"https:\\\/\\\/ponteseditores.com.br\\\/loja3\\\/pontes-editores-home-2__trashed\\\/linguistica\\\/interacao-e-escrita-no-ensino-de-lingua\\\/\",\"name\":\"INTERA\u00c7\u00c3O E ESCRITA NO ENSINO DE L\u00cdNGUA - Pontes Editores\",\"isPartOf\":{\"@id\":\"https:\\\/\\\/ponteseditores.com.br\\\/loja3\\\/#website\"},\"primaryImageOfPage\":{\"@id\":\"https:\\\/\\\/ponteseditores.com.br\\\/loja3\\\/pontes-editores-home-2__trashed\\\/linguistica\\\/interacao-e-escrita-no-ensino-de-lingua\\\/#primaryimage\"},\"image\":{\"@id\":\"https:\\\/\\\/ponteseditores.com.br\\\/loja3\\\/pontes-editores-home-2__trashed\\\/linguistica\\\/interacao-e-escrita-no-ensino-de-lingua\\\/#primaryimage\"},\"thumbnailUrl\":\"https:\\\/\\\/ponteseditores.com.br\\\/loja3\\\/wp-content\\\/uploads\\\/2023\\\/12\\\/intercap-3-scaled.jpg\",\"datePublished\":\"2023-12-15T12:13:04+00:00\",\"dateModified\":\"2024-04-04T15:39:23+00:00\",\"breadcrumb\":{\"@id\":\"https:\\\/\\\/ponteseditores.com.br\\\/loja3\\\/pontes-editores-home-2__trashed\\\/linguistica\\\/interacao-e-escrita-no-ensino-de-lingua\\\/#breadcrumb\"},\"inLanguage\":\"pt-BR\",\"potentialAction\":[{\"@type\":\"ReadAction\",\"target\":[\"https:\\\/\\\/ponteseditores.com.br\\\/loja3\\\/pontes-editores-home-2__trashed\\\/linguistica\\\/interacao-e-escrita-no-ensino-de-lingua\\\/\"]}]},{\"@type\":\"ImageObject\",\"inLanguage\":\"pt-BR\",\"@id\":\"https:\\\/\\\/ponteseditores.com.br\\\/loja3\\\/pontes-editores-home-2__trashed\\\/linguistica\\\/interacao-e-escrita-no-ensino-de-lingua\\\/#primaryimage\",\"url\":\"https:\\\/\\\/ponteseditores.com.br\\\/loja3\\\/wp-content\\\/uploads\\\/2023\\\/12\\\/intercap-3-scaled.jpg\",\"contentUrl\":\"https:\\\/\\\/ponteseditores.com.br\\\/loja3\\\/wp-content\\\/uploads\\\/2023\\\/12\\\/intercap-3-scaled.jpg\",\"width\":1680,\"height\":2560},{\"@type\":\"BreadcrumbList\",\"@id\":\"https:\\\/\\\/ponteseditores.com.br\\\/loja3\\\/pontes-editores-home-2__trashed\\\/linguistica\\\/interacao-e-escrita-no-ensino-de-lingua\\\/#breadcrumb\",\"itemListElement\":[{\"@type\":\"ListItem\",\"position\":1,\"name\":\"Home\",\"item\":\"https:\\\/\\\/ponteseditores.com.br\\\/loja3\\\/\"},{\"@type\":\"ListItem\",\"position\":2,\"name\":\"loja\",\"item\":\"https:\\\/\\\/ponteseditores.com.br\\\/loja3\\\/loja\\\/\"},{\"@type\":\"ListItem\",\"position\":3,\"name\":\"INTERA\u00c7\u00c3O E ESCRITA NO ENSINO DE L\u00cdNGUA\"}]},{\"@type\":\"WebSite\",\"@id\":\"https:\\\/\\\/ponteseditores.com.br\\\/loja3\\\/#website\",\"url\":\"https:\\\/\\\/ponteseditores.com.br\\\/loja3\\\/\",\"name\":\"Pontes Editores\",\"description\":\"Pontes Editores\",\"publisher\":{\"@id\":\"https:\\\/\\\/ponteseditores.com.br\\\/loja3\\\/#organization\"},\"potentialAction\":[{\"@type\":\"SearchAction\",\"target\":{\"@type\":\"EntryPoint\",\"urlTemplate\":\"https:\\\/\\\/ponteseditores.com.br\\\/loja3\\\/?s={search_term_string}\"},\"query-input\":{\"@type\":\"PropertyValueSpecification\",\"valueRequired\":true,\"valueName\":\"search_term_string\"}}],\"inLanguage\":\"pt-BR\"},{\"@type\":\"Organization\",\"@id\":\"https:\\\/\\\/ponteseditores.com.br\\\/loja3\\\/#organization\",\"name\":\"Pontes Editores\",\"url\":\"https:\\\/\\\/ponteseditores.com.br\\\/loja3\\\/\",\"logo\":{\"@type\":\"ImageObject\",\"inLanguage\":\"pt-BR\",\"@id\":\"https:\\\/\\\/ponteseditores.com.br\\\/loja3\\\/#\\\/schema\\\/logo\\\/image\\\/\",\"url\":\"https:\\\/\\\/ponteseditores.com.br\\\/loja3\\\/wp-content\\\/uploads\\\/2023\\\/12\\\/logo-pontes-editores-v2.png\",\"contentUrl\":\"https:\\\/\\\/ponteseditores.com.br\\\/loja3\\\/wp-content\\\/uploads\\\/2023\\\/12\\\/logo-pontes-editores-v2.png\",\"width\":258,\"height\":100,\"caption\":\"Pontes Editores\"},\"image\":{\"@id\":\"https:\\\/\\\/ponteseditores.com.br\\\/loja3\\\/#\\\/schema\\\/logo\\\/image\\\/\"}}]}<\/script>\n<!-- \/ Yoast SEO plugin. -->","yoast_head_json":{"title":"INTERA\u00c7\u00c3O E ESCRITA NO ENSINO DE L\u00cdNGUA - Pontes Editores","robots":{"index":"index","follow":"follow","max-snippet":"max-snippet:-1","max-image-preview":"max-image-preview:large","max-video-preview":"max-video-preview:-1"},"canonical":"https:\/\/ponteseditores.com.br\/loja3\/pontes-editores-home-2__trashed\/linguistica\/interacao-e-escrita-no-ensino-de-lingua\/","og_locale":"pt_BR","og_type":"article","og_title":"INTERA\u00c7\u00c3O E ESCRITA NO ENSINO DE L\u00cdNGUA - Pontes Editores","og_description":"Os cap\u00edtulos que constituem esta obra retratam os resultados efetivos de trabalhos produzidos em situa\u00e7\u00e3o de ensino, a ter a intera\u00e7\u00e3o como princ\u00edpio dial\u00f3gico, a constituir-se pela escrita. Para todas as pesquisas expostas, o termo \u201cescrita\u201d n\u00e3o \u00e9 sin\u00f4nimo de produ\u00e7\u00e3o de texto escrito. \u00c9 muito mais do que essa acep\u00e7\u00e3o. Para os professores-pesquisadores \u2013 [&hellip;]","og_url":"https:\/\/ponteseditores.com.br\/loja3\/pontes-editores-home-2__trashed\/linguistica\/interacao-e-escrita-no-ensino-de-lingua\/","og_site_name":"Pontes Editores","article_modified_time":"2024-04-04T15:39:23+00:00","og_image":[{"width":1680,"height":2560,"url":"https:\/\/ponteseditores.com.br\/loja3\/wp-content\/uploads\/2023\/12\/intercap-3-scaled.jpg","type":"image\/jpeg"}],"twitter_card":"summary_large_image","twitter_misc":{"Est. tempo de leitura":"1 minuto"},"schema":{"@context":"https:\/\/schema.org","@graph":[{"@type":"WebPage","@id":"https:\/\/ponteseditores.com.br\/loja3\/pontes-editores-home-2__trashed\/linguistica\/interacao-e-escrita-no-ensino-de-lingua\/","url":"https:\/\/ponteseditores.com.br\/loja3\/pontes-editores-home-2__trashed\/linguistica\/interacao-e-escrita-no-ensino-de-lingua\/","name":"INTERA\u00c7\u00c3O E ESCRITA NO ENSINO DE L\u00cdNGUA - Pontes Editores","isPartOf":{"@id":"https:\/\/ponteseditores.com.br\/loja3\/#website"},"primaryImageOfPage":{"@id":"https:\/\/ponteseditores.com.br\/loja3\/pontes-editores-home-2__trashed\/linguistica\/interacao-e-escrita-no-ensino-de-lingua\/#primaryimage"},"image":{"@id":"https:\/\/ponteseditores.com.br\/loja3\/pontes-editores-home-2__trashed\/linguistica\/interacao-e-escrita-no-ensino-de-lingua\/#primaryimage"},"thumbnailUrl":"https:\/\/ponteseditores.com.br\/loja3\/wp-content\/uploads\/2023\/12\/intercap-3-scaled.jpg","datePublished":"2023-12-15T12:13:04+00:00","dateModified":"2024-04-04T15:39:23+00:00","breadcrumb":{"@id":"https:\/\/ponteseditores.com.br\/loja3\/pontes-editores-home-2__trashed\/linguistica\/interacao-e-escrita-no-ensino-de-lingua\/#breadcrumb"},"inLanguage":"pt-BR","potentialAction":[{"@type":"ReadAction","target":["https:\/\/ponteseditores.com.br\/loja3\/pontes-editores-home-2__trashed\/linguistica\/interacao-e-escrita-no-ensino-de-lingua\/"]}]},{"@type":"ImageObject","inLanguage":"pt-BR","@id":"https:\/\/ponteseditores.com.br\/loja3\/pontes-editores-home-2__trashed\/linguistica\/interacao-e-escrita-no-ensino-de-lingua\/#primaryimage","url":"https:\/\/ponteseditores.com.br\/loja3\/wp-content\/uploads\/2023\/12\/intercap-3-scaled.jpg","contentUrl":"https:\/\/ponteseditores.com.br\/loja3\/wp-content\/uploads\/2023\/12\/intercap-3-scaled.jpg","width":1680,"height":2560},{"@type":"BreadcrumbList","@id":"https:\/\/ponteseditores.com.br\/loja3\/pontes-editores-home-2__trashed\/linguistica\/interacao-e-escrita-no-ensino-de-lingua\/#breadcrumb","itemListElement":[{"@type":"ListItem","position":1,"name":"Home","item":"https:\/\/ponteseditores.com.br\/loja3\/"},{"@type":"ListItem","position":2,"name":"loja","item":"https:\/\/ponteseditores.com.br\/loja3\/loja\/"},{"@type":"ListItem","position":3,"name":"INTERA\u00c7\u00c3O E ESCRITA NO ENSINO DE L\u00cdNGUA"}]},{"@type":"WebSite","@id":"https:\/\/ponteseditores.com.br\/loja3\/#website","url":"https:\/\/ponteseditores.com.br\/loja3\/","name":"Pontes Editores","description":"Pontes Editores","publisher":{"@id":"https:\/\/ponteseditores.com.br\/loja3\/#organization"},"potentialAction":[{"@type":"SearchAction","target":{"@type":"EntryPoint","urlTemplate":"https:\/\/ponteseditores.com.br\/loja3\/?s={search_term_string}"},"query-input":{"@type":"PropertyValueSpecification","valueRequired":true,"valueName":"search_term_string"}}],"inLanguage":"pt-BR"},{"@type":"Organization","@id":"https:\/\/ponteseditores.com.br\/loja3\/#organization","name":"Pontes Editores","url":"https:\/\/ponteseditores.com.br\/loja3\/","logo":{"@type":"ImageObject","inLanguage":"pt-BR","@id":"https:\/\/ponteseditores.com.br\/loja3\/#\/schema\/logo\/image\/","url":"https:\/\/ponteseditores.com.br\/loja3\/wp-content\/uploads\/2023\/12\/logo-pontes-editores-v2.png","contentUrl":"https:\/\/ponteseditores.com.br\/loja3\/wp-content\/uploads\/2023\/12\/logo-pontes-editores-v2.png","width":258,"height":100,"caption":"Pontes Editores"},"image":{"@id":"https:\/\/ponteseditores.com.br\/loja3\/#\/schema\/logo\/image\/"}}]}},"_links":{"self":[{"href":"https:\/\/ponteseditores.com.br\/loja3\/wp-json\/wp\/v2\/product\/7963","targetHints":{"allow":["GET"]}}],"collection":[{"href":"https:\/\/ponteseditores.com.br\/loja3\/wp-json\/wp\/v2\/product"}],"about":[{"href":"https:\/\/ponteseditores.com.br\/loja3\/wp-json\/wp\/v2\/types\/product"}],"replies":[{"embeddable":true,"href":"https:\/\/ponteseditores.com.br\/loja3\/wp-json\/wp\/v2\/comments?post=7963"}],"version-history":[{"count":0,"href":"https:\/\/ponteseditores.com.br\/loja3\/wp-json\/wp\/v2\/product\/7963\/revisions"}],"wp:featuredmedia":[{"embeddable":true,"href":"https:\/\/ponteseditores.com.br\/loja3\/wp-json\/wp\/v2\/media\/7962"}],"wp:attachment":[{"href":"https:\/\/ponteseditores.com.br\/loja3\/wp-json\/wp\/v2\/media?parent=7963"}],"wp:term":[{"taxonomy":"product_brand","embeddable":true,"href":"https:\/\/ponteseditores.com.br\/loja3\/wp-json\/wp\/v2\/product_brand?post=7963"},{"taxonomy":"product_cat","embeddable":true,"href":"https:\/\/ponteseditores.com.br\/loja3\/wp-json\/wp\/v2\/product_cat?post=7963"},{"taxonomy":"product_tag","embeddable":true,"href":"https:\/\/ponteseditores.com.br\/loja3\/wp-json\/wp\/v2\/product_tag?post=7963"}],"curies":[{"name":"wp","href":"https:\/\/api.w.org\/{rel}","templated":true}]}}