{"id":7961,"date":"2023-12-15T09:11:49","date_gmt":"2023-12-15T12:11:49","guid":{"rendered":"https:\/\/ponteseditores.com.br\/loja3\/pontes-editores-home-2__trashed\/sem%20categoria\/fraseologia-e-cia-entabulando-dialogos-reflexivos-volume-2\/"},"modified":"2025-09-01T21:47:11","modified_gmt":"2025-09-02T00:47:11","slug":"fraseologia-e-cia-entabulando-dialogos-reflexivos-volume-2","status":"publish","type":"product","link":"https:\/\/ponteseditores.com.br\/loja3\/pontes-editores-home-2__trashed\/linguistica\/fraseologia-e-cia-entabulando-dialogos-reflexivos-volume-2\/","title":{"rendered":"Fraseologia e Cia \u2013 Volume 2"},"content":{"rendered":"<p>Com o sucesso do livro em edi\u00e7\u00e3o-ampliada FRASEOLOGIA &amp; CIA. (2014),<br \/>\na Professora Suzete Silva (UEL-PR) re\u00fane, novamente, para este Volume 2, entusiasmados<br \/>\ne dedicados colegas pesquisadores do Brasil, de Cuba, da Espanha, dos Estados Unidos,<br \/>\nda It\u00e1lia e de Portugal. Neste material, os estudiosos compartilham com m\u00e1ximo desvelo estudos<br \/>\nem Fraseologia e Paremiologia. Objetivando a continua\u00e7\u00e3o de um necess\u00e1rio trabalho que vem,<br \/>\ndefinitivamente, situando \u201ccada macaco em seu galho\u201d, os cap\u00edtulos insistem na rica tarefa de<br \/>\n\u201centabular\u201d di\u00e1logos reflexivos e, assim, passo a passo ir completando uma lacuna de muitos<br \/>\nanos em bibliografia te\u00f3rica e aplicada nesta \u00e1rea de conhecimento. Indispens\u00e1vel em sua discuss\u00e3o,<br \/>\nseguro, amplo na diversidade metodol\u00f3gica dos corpora no \u00e2mbito do entendimento fraseol\u00f3gico,<br \/>\na obra unifica as peculiaridades essenciais e constitutivas da linguagem coloquial, na qual a<br \/>\nsabedoria popular se manifesta, auxiliando e defendendo o avan\u00e7o da vida em sociedade cada vez mais livre e diversa nas rela\u00e7\u00f5es l\u00edngua-cultura.<\/p>\n","protected":false},"excerpt":{"rendered":"<p>Com o sucesso do livro em edi\u00e7\u00e3o-ampliada FRASEOLOGIA &amp; CIA. (2014), a Professora Suzete Silva (UEL-PR) re\u00fane, novamente, para este Volume 2, entusiasmados e dedicados colegas pesquisadores do Brasil, de Cuba, da Espanha, dos Estados Unidos, da It\u00e1lia e de Portugal. Neste material, os estudiosos compartilham com m\u00e1ximo desvelo estudos em Fraseologia e Paremiologia. Objetivando [&hellip;]<\/p>\n","protected":false},"featured_media":7960,"comment_status":"open","ping_status":"closed","template":"","meta":{"_joinchat":[]},"product_brand":[],"product_cat":[312,31],"product_tag":[],"class_list":{"0":"post-7961","1":"product","2":"type-product","3":"status-publish","4":"has-post-thumbnail","6":"product_cat-estudos-da-linguagem","7":"product_cat-linguistica","8":"product_shipping_class-livro-pontes-editores-fisico","10":"first","11":"instock","12":"shipping-taxable","13":"purchasable","14":"product-type-simple"},"yoast_head":"<!-- This site is optimized with the Yoast SEO plugin v27.4 - https:\/\/yoast.com\/product\/yoast-seo-wordpress\/ -->\n<title>Fraseologia e Cia \u2013 Volume 2 - Pontes Editores<\/title>\n<meta name=\"robots\" content=\"index, follow, max-snippet:-1, max-image-preview:large, max-video-preview:-1\" \/>\n<link rel=\"canonical\" href=\"https:\/\/ponteseditores.com.br\/loja3\/pontes-editores-home-2__trashed\/linguistica\/fraseologia-e-cia-entabulando-dialogos-reflexivos-volume-2\/\" \/>\n<meta property=\"og:locale\" content=\"pt_BR\" \/>\n<meta property=\"og:type\" content=\"article\" \/>\n<meta property=\"og:title\" content=\"Fraseologia e Cia \u2013 Volume 2 - Pontes Editores\" \/>\n<meta property=\"og:description\" content=\"Com o sucesso do livro em edi\u00e7\u00e3o-ampliada FRASEOLOGIA &amp; CIA. (2014), a Professora Suzete Silva (UEL-PR) re\u00fane, novamente, para este Volume 2, entusiasmados e dedicados colegas pesquisadores do Brasil, de Cuba, da Espanha, dos Estados Unidos, da It\u00e1lia e de Portugal. Neste material, os estudiosos compartilham com m\u00e1ximo desvelo estudos em Fraseologia e Paremiologia. Objetivando [&hellip;]\" \/>\n<meta property=\"og:url\" content=\"https:\/\/ponteseditores.com.br\/loja3\/pontes-editores-home-2__trashed\/linguistica\/fraseologia-e-cia-entabulando-dialogos-reflexivos-volume-2\/\" \/>\n<meta property=\"og:site_name\" content=\"Pontes Editores\" \/>\n<meta property=\"article:modified_time\" content=\"2025-09-02T00:47:11+00:00\" \/>\n<meta property=\"og:image\" content=\"https:\/\/ponteseditores.com.br\/loja3\/wp-content\/uploads\/2023\/12\/frase1-3-scaled.jpg\" \/>\n\t<meta property=\"og:image:width\" content=\"1684\" \/>\n\t<meta property=\"og:image:height\" content=\"2560\" \/>\n\t<meta property=\"og:image:type\" content=\"image\/jpeg\" \/>\n<meta name=\"twitter:card\" content=\"summary_large_image\" \/>\n<meta name=\"twitter:label1\" content=\"Est. tempo de leitura\" \/>\n\t<meta name=\"twitter:data1\" content=\"2 minutos\" \/>\n<script type=\"application\/ld+json\" class=\"yoast-schema-graph\">{\"@context\":\"https:\\\/\\\/schema.org\",\"@graph\":[{\"@type\":\"WebPage\",\"@id\":\"https:\\\/\\\/ponteseditores.com.br\\\/loja3\\\/pontes-editores-home-2__trashed\\\/linguistica\\\/fraseologia-e-cia-entabulando-dialogos-reflexivos-volume-2\\\/\",\"url\":\"https:\\\/\\\/ponteseditores.com.br\\\/loja3\\\/pontes-editores-home-2__trashed\\\/linguistica\\\/fraseologia-e-cia-entabulando-dialogos-reflexivos-volume-2\\\/\",\"name\":\"Fraseologia e Cia \u2013 Volume 2 - Pontes Editores\",\"isPartOf\":{\"@id\":\"https:\\\/\\\/ponteseditores.com.br\\\/loja3\\\/#website\"},\"primaryImageOfPage\":{\"@id\":\"https:\\\/\\\/ponteseditores.com.br\\\/loja3\\\/pontes-editores-home-2__trashed\\\/linguistica\\\/fraseologia-e-cia-entabulando-dialogos-reflexivos-volume-2\\\/#primaryimage\"},\"image\":{\"@id\":\"https:\\\/\\\/ponteseditores.com.br\\\/loja3\\\/pontes-editores-home-2__trashed\\\/linguistica\\\/fraseologia-e-cia-entabulando-dialogos-reflexivos-volume-2\\\/#primaryimage\"},\"thumbnailUrl\":\"https:\\\/\\\/ponteseditores.com.br\\\/loja3\\\/wp-content\\\/uploads\\\/2023\\\/12\\\/frase1-3-scaled.jpg\",\"datePublished\":\"2023-12-15T12:11:49+00:00\",\"dateModified\":\"2025-09-02T00:47:11+00:00\",\"breadcrumb\":{\"@id\":\"https:\\\/\\\/ponteseditores.com.br\\\/loja3\\\/pontes-editores-home-2__trashed\\\/linguistica\\\/fraseologia-e-cia-entabulando-dialogos-reflexivos-volume-2\\\/#breadcrumb\"},\"inLanguage\":\"pt-BR\",\"potentialAction\":[{\"@type\":\"ReadAction\",\"target\":[\"https:\\\/\\\/ponteseditores.com.br\\\/loja3\\\/pontes-editores-home-2__trashed\\\/linguistica\\\/fraseologia-e-cia-entabulando-dialogos-reflexivos-volume-2\\\/\"]}]},{\"@type\":\"ImageObject\",\"inLanguage\":\"pt-BR\",\"@id\":\"https:\\\/\\\/ponteseditores.com.br\\\/loja3\\\/pontes-editores-home-2__trashed\\\/linguistica\\\/fraseologia-e-cia-entabulando-dialogos-reflexivos-volume-2\\\/#primaryimage\",\"url\":\"https:\\\/\\\/ponteseditores.com.br\\\/loja3\\\/wp-content\\\/uploads\\\/2023\\\/12\\\/frase1-3-scaled.jpg\",\"contentUrl\":\"https:\\\/\\\/ponteseditores.com.br\\\/loja3\\\/wp-content\\\/uploads\\\/2023\\\/12\\\/frase1-3-scaled.jpg\",\"width\":1684,\"height\":2560},{\"@type\":\"BreadcrumbList\",\"@id\":\"https:\\\/\\\/ponteseditores.com.br\\\/loja3\\\/pontes-editores-home-2__trashed\\\/linguistica\\\/fraseologia-e-cia-entabulando-dialogos-reflexivos-volume-2\\\/#breadcrumb\",\"itemListElement\":[{\"@type\":\"ListItem\",\"position\":1,\"name\":\"Home\",\"item\":\"https:\\\/\\\/ponteseditores.com.br\\\/loja3\\\/\"},{\"@type\":\"ListItem\",\"position\":2,\"name\":\"loja\",\"item\":\"https:\\\/\\\/ponteseditores.com.br\\\/loja3\\\/loja\\\/\"},{\"@type\":\"ListItem\",\"position\":3,\"name\":\"Fraseologia e Cia \u2013 Volume 2\"}]},{\"@type\":\"WebSite\",\"@id\":\"https:\\\/\\\/ponteseditores.com.br\\\/loja3\\\/#website\",\"url\":\"https:\\\/\\\/ponteseditores.com.br\\\/loja3\\\/\",\"name\":\"Pontes Editores\",\"description\":\"Pontes Editores\",\"publisher\":{\"@id\":\"https:\\\/\\\/ponteseditores.com.br\\\/loja3\\\/#organization\"},\"potentialAction\":[{\"@type\":\"SearchAction\",\"target\":{\"@type\":\"EntryPoint\",\"urlTemplate\":\"https:\\\/\\\/ponteseditores.com.br\\\/loja3\\\/?s={search_term_string}\"},\"query-input\":{\"@type\":\"PropertyValueSpecification\",\"valueRequired\":true,\"valueName\":\"search_term_string\"}}],\"inLanguage\":\"pt-BR\"},{\"@type\":\"Organization\",\"@id\":\"https:\\\/\\\/ponteseditores.com.br\\\/loja3\\\/#organization\",\"name\":\"Pontes Editores\",\"url\":\"https:\\\/\\\/ponteseditores.com.br\\\/loja3\\\/\",\"logo\":{\"@type\":\"ImageObject\",\"inLanguage\":\"pt-BR\",\"@id\":\"https:\\\/\\\/ponteseditores.com.br\\\/loja3\\\/#\\\/schema\\\/logo\\\/image\\\/\",\"url\":\"https:\\\/\\\/ponteseditores.com.br\\\/loja3\\\/wp-content\\\/uploads\\\/2023\\\/12\\\/logo-pontes-editores-v2.png\",\"contentUrl\":\"https:\\\/\\\/ponteseditores.com.br\\\/loja3\\\/wp-content\\\/uploads\\\/2023\\\/12\\\/logo-pontes-editores-v2.png\",\"width\":258,\"height\":100,\"caption\":\"Pontes Editores\"},\"image\":{\"@id\":\"https:\\\/\\\/ponteseditores.com.br\\\/loja3\\\/#\\\/schema\\\/logo\\\/image\\\/\"}}]}<\/script>\n<!-- \/ Yoast SEO plugin. -->","yoast_head_json":{"title":"Fraseologia e Cia \u2013 Volume 2 - Pontes Editores","robots":{"index":"index","follow":"follow","max-snippet":"max-snippet:-1","max-image-preview":"max-image-preview:large","max-video-preview":"max-video-preview:-1"},"canonical":"https:\/\/ponteseditores.com.br\/loja3\/pontes-editores-home-2__trashed\/linguistica\/fraseologia-e-cia-entabulando-dialogos-reflexivos-volume-2\/","og_locale":"pt_BR","og_type":"article","og_title":"Fraseologia e Cia \u2013 Volume 2 - Pontes Editores","og_description":"Com o sucesso do livro em edi\u00e7\u00e3o-ampliada FRASEOLOGIA &amp; CIA. (2014), a Professora Suzete Silva (UEL-PR) re\u00fane, novamente, para este Volume 2, entusiasmados e dedicados colegas pesquisadores do Brasil, de Cuba, da Espanha, dos Estados Unidos, da It\u00e1lia e de Portugal. Neste material, os estudiosos compartilham com m\u00e1ximo desvelo estudos em Fraseologia e Paremiologia. Objetivando [&hellip;]","og_url":"https:\/\/ponteseditores.com.br\/loja3\/pontes-editores-home-2__trashed\/linguistica\/fraseologia-e-cia-entabulando-dialogos-reflexivos-volume-2\/","og_site_name":"Pontes Editores","article_modified_time":"2025-09-02T00:47:11+00:00","og_image":[{"width":1684,"height":2560,"url":"https:\/\/ponteseditores.com.br\/loja3\/wp-content\/uploads\/2023\/12\/frase1-3-scaled.jpg","type":"image\/jpeg"}],"twitter_card":"summary_large_image","twitter_misc":{"Est. tempo de leitura":"2 minutos"},"schema":{"@context":"https:\/\/schema.org","@graph":[{"@type":"WebPage","@id":"https:\/\/ponteseditores.com.br\/loja3\/pontes-editores-home-2__trashed\/linguistica\/fraseologia-e-cia-entabulando-dialogos-reflexivos-volume-2\/","url":"https:\/\/ponteseditores.com.br\/loja3\/pontes-editores-home-2__trashed\/linguistica\/fraseologia-e-cia-entabulando-dialogos-reflexivos-volume-2\/","name":"Fraseologia e Cia \u2013 Volume 2 - Pontes Editores","isPartOf":{"@id":"https:\/\/ponteseditores.com.br\/loja3\/#website"},"primaryImageOfPage":{"@id":"https:\/\/ponteseditores.com.br\/loja3\/pontes-editores-home-2__trashed\/linguistica\/fraseologia-e-cia-entabulando-dialogos-reflexivos-volume-2\/#primaryimage"},"image":{"@id":"https:\/\/ponteseditores.com.br\/loja3\/pontes-editores-home-2__trashed\/linguistica\/fraseologia-e-cia-entabulando-dialogos-reflexivos-volume-2\/#primaryimage"},"thumbnailUrl":"https:\/\/ponteseditores.com.br\/loja3\/wp-content\/uploads\/2023\/12\/frase1-3-scaled.jpg","datePublished":"2023-12-15T12:11:49+00:00","dateModified":"2025-09-02T00:47:11+00:00","breadcrumb":{"@id":"https:\/\/ponteseditores.com.br\/loja3\/pontes-editores-home-2__trashed\/linguistica\/fraseologia-e-cia-entabulando-dialogos-reflexivos-volume-2\/#breadcrumb"},"inLanguage":"pt-BR","potentialAction":[{"@type":"ReadAction","target":["https:\/\/ponteseditores.com.br\/loja3\/pontes-editores-home-2__trashed\/linguistica\/fraseologia-e-cia-entabulando-dialogos-reflexivos-volume-2\/"]}]},{"@type":"ImageObject","inLanguage":"pt-BR","@id":"https:\/\/ponteseditores.com.br\/loja3\/pontes-editores-home-2__trashed\/linguistica\/fraseologia-e-cia-entabulando-dialogos-reflexivos-volume-2\/#primaryimage","url":"https:\/\/ponteseditores.com.br\/loja3\/wp-content\/uploads\/2023\/12\/frase1-3-scaled.jpg","contentUrl":"https:\/\/ponteseditores.com.br\/loja3\/wp-content\/uploads\/2023\/12\/frase1-3-scaled.jpg","width":1684,"height":2560},{"@type":"BreadcrumbList","@id":"https:\/\/ponteseditores.com.br\/loja3\/pontes-editores-home-2__trashed\/linguistica\/fraseologia-e-cia-entabulando-dialogos-reflexivos-volume-2\/#breadcrumb","itemListElement":[{"@type":"ListItem","position":1,"name":"Home","item":"https:\/\/ponteseditores.com.br\/loja3\/"},{"@type":"ListItem","position":2,"name":"loja","item":"https:\/\/ponteseditores.com.br\/loja3\/loja\/"},{"@type":"ListItem","position":3,"name":"Fraseologia e Cia \u2013 Volume 2"}]},{"@type":"WebSite","@id":"https:\/\/ponteseditores.com.br\/loja3\/#website","url":"https:\/\/ponteseditores.com.br\/loja3\/","name":"Pontes Editores","description":"Pontes Editores","publisher":{"@id":"https:\/\/ponteseditores.com.br\/loja3\/#organization"},"potentialAction":[{"@type":"SearchAction","target":{"@type":"EntryPoint","urlTemplate":"https:\/\/ponteseditores.com.br\/loja3\/?s={search_term_string}"},"query-input":{"@type":"PropertyValueSpecification","valueRequired":true,"valueName":"search_term_string"}}],"inLanguage":"pt-BR"},{"@type":"Organization","@id":"https:\/\/ponteseditores.com.br\/loja3\/#organization","name":"Pontes Editores","url":"https:\/\/ponteseditores.com.br\/loja3\/","logo":{"@type":"ImageObject","inLanguage":"pt-BR","@id":"https:\/\/ponteseditores.com.br\/loja3\/#\/schema\/logo\/image\/","url":"https:\/\/ponteseditores.com.br\/loja3\/wp-content\/uploads\/2023\/12\/logo-pontes-editores-v2.png","contentUrl":"https:\/\/ponteseditores.com.br\/loja3\/wp-content\/uploads\/2023\/12\/logo-pontes-editores-v2.png","width":258,"height":100,"caption":"Pontes Editores"},"image":{"@id":"https:\/\/ponteseditores.com.br\/loja3\/#\/schema\/logo\/image\/"}}]}},"_links":{"self":[{"href":"https:\/\/ponteseditores.com.br\/loja3\/wp-json\/wp\/v2\/product\/7961","targetHints":{"allow":["GET"]}}],"collection":[{"href":"https:\/\/ponteseditores.com.br\/loja3\/wp-json\/wp\/v2\/product"}],"about":[{"href":"https:\/\/ponteseditores.com.br\/loja3\/wp-json\/wp\/v2\/types\/product"}],"replies":[{"embeddable":true,"href":"https:\/\/ponteseditores.com.br\/loja3\/wp-json\/wp\/v2\/comments?post=7961"}],"version-history":[{"count":1,"href":"https:\/\/ponteseditores.com.br\/loja3\/wp-json\/wp\/v2\/product\/7961\/revisions"}],"predecessor-version":[{"id":19061,"href":"https:\/\/ponteseditores.com.br\/loja3\/wp-json\/wp\/v2\/product\/7961\/revisions\/19061"}],"wp:featuredmedia":[{"embeddable":true,"href":"https:\/\/ponteseditores.com.br\/loja3\/wp-json\/wp\/v2\/media\/7960"}],"wp:attachment":[{"href":"https:\/\/ponteseditores.com.br\/loja3\/wp-json\/wp\/v2\/media?parent=7961"}],"wp:term":[{"taxonomy":"product_brand","embeddable":true,"href":"https:\/\/ponteseditores.com.br\/loja3\/wp-json\/wp\/v2\/product_brand?post=7961"},{"taxonomy":"product_cat","embeddable":true,"href":"https:\/\/ponteseditores.com.br\/loja3\/wp-json\/wp\/v2\/product_cat?post=7961"},{"taxonomy":"product_tag","embeddable":true,"href":"https:\/\/ponteseditores.com.br\/loja3\/wp-json\/wp\/v2\/product_tag?post=7961"}],"curies":[{"name":"wp","href":"https:\/\/api.w.org\/{rel}","templated":true}]}}