{"id":7957,"date":"2023-12-15T09:09:33","date_gmt":"2023-12-15T12:09:33","guid":{"rendered":"https:\/\/ponteseditores.com.br\/loja3\/pontes-editores-home-2__trashed\/sem%20categoria\/cronica-de-bernartz-e-bertran\/"},"modified":"2024-04-04T10:50:54","modified_gmt":"2024-04-04T13:50:54","slug":"cronica-de-bernartz-e-bertran","status":"publish","type":"product","link":"https:\/\/ponteseditores.com.br\/loja3\/pontes-editores-home-2__trashed\/contos\/cronica-de-bernartz-e-bertran\/","title":{"rendered":"Cr\u00f4nica de Bernartz e Bertran"},"content":{"rendered":"<p>Acolhido em Poitiers, na corte da c\u00e9lebre Eleonor da Aquit\u00e2nia, o trovador Bernart de Ventadorn se tornaria o poeta l\u00edrico por excel\u00eancia, atrav\u00e9s de can\u00e7\u00f5es que consolidaram o perfil mais distintivo da escola trovadoresca. Ainda segundo a biografia medieval de Bernart, em seus \u00faltimos anos ele se tornou monge, junto \u00e0 abadia cisterciense de Dalon.<\/p>\n<p>Foi a partir desses dados que se concebeu o projeto deste livro: Bernart de Ventadorn, em Dalon, se encontraria com Bertran de Born, que tamb\u00e9m se recolheria, por volta de 1195, \u00e0 mesma abadia. Por que Bertran? Porque, al\u00e9m de senhor de Autafort, castelo n\u00e3o muito distante de Ventadorn, representaria algo como um contraponto a Bernart. Senhor feudal, ativo participante dos epis\u00f3dios hist\u00f3ricos vividos pela Aquit\u00e2nia na segunda metade do s\u00e9culo XII, Bertran comp\u00f4s can\u00e7\u00f5es b\u00e9licas, exortando \u00e0 luta os bar\u00f5es recalcitrantes.<\/p>\n<p>Leituras e pesquisas, realizadas durante a confec\u00e7\u00e3o do romance, viriam a revelar que Bertran realmente se recolheu \u00e0 abadia de Dalon: o encontro fict\u00edcio e imagin\u00e1rio entre os dois poetas passou a se revestir de probabilidade hist\u00f3rica.<\/p>\n","protected":false},"excerpt":{"rendered":"<p>Acolhido em Poitiers, na corte da c\u00e9lebre Eleonor da Aquit\u00e2nia, o trovador Bernart de Ventadorn se tornaria o poeta l\u00edrico por excel\u00eancia, atrav\u00e9s de can\u00e7\u00f5es que consolidaram o perfil mais distintivo da escola trovadoresca. Ainda segundo a biografia medieval de Bernart, em seus \u00faltimos anos ele se tornou monge, junto \u00e0 abadia cisterciense de Dalon. [&hellip;]<\/p>\n","protected":false},"featured_media":7956,"comment_status":"open","ping_status":"closed","template":"","meta":{"_joinchat":[]},"product_brand":[],"product_cat":[87,287],"product_tag":[],"class_list":{"0":"post-7957","1":"product","2":"type-product","3":"status-publish","4":"has-post-thumbnail","6":"product_cat-contos","7":"product_cat-literatura","8":"product_shipping_class-livro-pontes-editores-fisico","10":"first","11":"instock","12":"shipping-taxable","13":"purchasable","14":"product-type-simple"},"yoast_head":"<!-- This site is optimized with the Yoast SEO plugin v27.4 - https:\/\/yoast.com\/product\/yoast-seo-wordpress\/ -->\n<title>Cr\u00f4nica de Bernartz e Bertran - Pontes Editores<\/title>\n<meta name=\"robots\" content=\"index, follow, max-snippet:-1, max-image-preview:large, max-video-preview:-1\" \/>\n<link rel=\"canonical\" href=\"https:\/\/ponteseditores.com.br\/loja3\/pontes-editores-home-2__trashed\/contos\/cronica-de-bernartz-e-bertran\/\" \/>\n<meta property=\"og:locale\" content=\"pt_BR\" \/>\n<meta property=\"og:type\" content=\"article\" \/>\n<meta property=\"og:title\" content=\"Cr\u00f4nica de Bernartz e Bertran - Pontes Editores\" \/>\n<meta property=\"og:description\" content=\"Acolhido em Poitiers, na corte da c\u00e9lebre Eleonor da Aquit\u00e2nia, o trovador Bernart de Ventadorn se tornaria o poeta l\u00edrico por excel\u00eancia, atrav\u00e9s de can\u00e7\u00f5es que consolidaram o perfil mais distintivo da escola trovadoresca. Ainda segundo a biografia medieval de Bernart, em seus \u00faltimos anos ele se tornou monge, junto \u00e0 abadia cisterciense de Dalon. [&hellip;]\" \/>\n<meta property=\"og:url\" content=\"https:\/\/ponteseditores.com.br\/loja3\/pontes-editores-home-2__trashed\/contos\/cronica-de-bernartz-e-bertran\/\" \/>\n<meta property=\"og:site_name\" content=\"Pontes Editores\" \/>\n<meta property=\"article:modified_time\" content=\"2024-04-04T13:50:54+00:00\" \/>\n<meta property=\"og:image\" content=\"https:\/\/ponteseditores.com.br\/loja3\/wp-content\/uploads\/2023\/12\/Capa_Cronica09-3-scaled.jpg\" \/>\n\t<meta property=\"og:image:width\" content=\"1781\" \/>\n\t<meta property=\"og:image:height\" content=\"2560\" \/>\n\t<meta property=\"og:image:type\" content=\"image\/jpeg\" \/>\n<meta name=\"twitter:card\" content=\"summary_large_image\" \/>\n<meta name=\"twitter:label1\" content=\"Est. tempo de leitura\" \/>\n\t<meta name=\"twitter:data1\" content=\"1 minuto\" \/>\n<script type=\"application\/ld+json\" class=\"yoast-schema-graph\">{\"@context\":\"https:\\\/\\\/schema.org\",\"@graph\":[{\"@type\":\"WebPage\",\"@id\":\"https:\\\/\\\/ponteseditores.com.br\\\/loja3\\\/pontes-editores-home-2__trashed\\\/contos\\\/cronica-de-bernartz-e-bertran\\\/\",\"url\":\"https:\\\/\\\/ponteseditores.com.br\\\/loja3\\\/pontes-editores-home-2__trashed\\\/contos\\\/cronica-de-bernartz-e-bertran\\\/\",\"name\":\"Cr\u00f4nica de Bernartz e Bertran - Pontes Editores\",\"isPartOf\":{\"@id\":\"https:\\\/\\\/ponteseditores.com.br\\\/loja3\\\/#website\"},\"primaryImageOfPage\":{\"@id\":\"https:\\\/\\\/ponteseditores.com.br\\\/loja3\\\/pontes-editores-home-2__trashed\\\/contos\\\/cronica-de-bernartz-e-bertran\\\/#primaryimage\"},\"image\":{\"@id\":\"https:\\\/\\\/ponteseditores.com.br\\\/loja3\\\/pontes-editores-home-2__trashed\\\/contos\\\/cronica-de-bernartz-e-bertran\\\/#primaryimage\"},\"thumbnailUrl\":\"https:\\\/\\\/ponteseditores.com.br\\\/loja3\\\/wp-content\\\/uploads\\\/2023\\\/12\\\/Capa_Cronica09-3-scaled.jpg\",\"datePublished\":\"2023-12-15T12:09:33+00:00\",\"dateModified\":\"2024-04-04T13:50:54+00:00\",\"breadcrumb\":{\"@id\":\"https:\\\/\\\/ponteseditores.com.br\\\/loja3\\\/pontes-editores-home-2__trashed\\\/contos\\\/cronica-de-bernartz-e-bertran\\\/#breadcrumb\"},\"inLanguage\":\"pt-BR\",\"potentialAction\":[{\"@type\":\"ReadAction\",\"target\":[\"https:\\\/\\\/ponteseditores.com.br\\\/loja3\\\/pontes-editores-home-2__trashed\\\/contos\\\/cronica-de-bernartz-e-bertran\\\/\"]}]},{\"@type\":\"ImageObject\",\"inLanguage\":\"pt-BR\",\"@id\":\"https:\\\/\\\/ponteseditores.com.br\\\/loja3\\\/pontes-editores-home-2__trashed\\\/contos\\\/cronica-de-bernartz-e-bertran\\\/#primaryimage\",\"url\":\"https:\\\/\\\/ponteseditores.com.br\\\/loja3\\\/wp-content\\\/uploads\\\/2023\\\/12\\\/Capa_Cronica09-3-scaled.jpg\",\"contentUrl\":\"https:\\\/\\\/ponteseditores.com.br\\\/loja3\\\/wp-content\\\/uploads\\\/2023\\\/12\\\/Capa_Cronica09-3-scaled.jpg\",\"width\":1781,\"height\":2560},{\"@type\":\"BreadcrumbList\",\"@id\":\"https:\\\/\\\/ponteseditores.com.br\\\/loja3\\\/pontes-editores-home-2__trashed\\\/contos\\\/cronica-de-bernartz-e-bertran\\\/#breadcrumb\",\"itemListElement\":[{\"@type\":\"ListItem\",\"position\":1,\"name\":\"Home\",\"item\":\"https:\\\/\\\/ponteseditores.com.br\\\/loja3\\\/\"},{\"@type\":\"ListItem\",\"position\":2,\"name\":\"loja\",\"item\":\"https:\\\/\\\/ponteseditores.com.br\\\/loja3\\\/loja\\\/\"},{\"@type\":\"ListItem\",\"position\":3,\"name\":\"Cr\u00f4nica de Bernartz e Bertran\"}]},{\"@type\":\"WebSite\",\"@id\":\"https:\\\/\\\/ponteseditores.com.br\\\/loja3\\\/#website\",\"url\":\"https:\\\/\\\/ponteseditores.com.br\\\/loja3\\\/\",\"name\":\"Pontes Editores\",\"description\":\"Pontes Editores\",\"publisher\":{\"@id\":\"https:\\\/\\\/ponteseditores.com.br\\\/loja3\\\/#organization\"},\"potentialAction\":[{\"@type\":\"SearchAction\",\"target\":{\"@type\":\"EntryPoint\",\"urlTemplate\":\"https:\\\/\\\/ponteseditores.com.br\\\/loja3\\\/?s={search_term_string}\"},\"query-input\":{\"@type\":\"PropertyValueSpecification\",\"valueRequired\":true,\"valueName\":\"search_term_string\"}}],\"inLanguage\":\"pt-BR\"},{\"@type\":\"Organization\",\"@id\":\"https:\\\/\\\/ponteseditores.com.br\\\/loja3\\\/#organization\",\"name\":\"Pontes Editores\",\"url\":\"https:\\\/\\\/ponteseditores.com.br\\\/loja3\\\/\",\"logo\":{\"@type\":\"ImageObject\",\"inLanguage\":\"pt-BR\",\"@id\":\"https:\\\/\\\/ponteseditores.com.br\\\/loja3\\\/#\\\/schema\\\/logo\\\/image\\\/\",\"url\":\"https:\\\/\\\/ponteseditores.com.br\\\/loja3\\\/wp-content\\\/uploads\\\/2023\\\/12\\\/logo-pontes-editores-v2.png\",\"contentUrl\":\"https:\\\/\\\/ponteseditores.com.br\\\/loja3\\\/wp-content\\\/uploads\\\/2023\\\/12\\\/logo-pontes-editores-v2.png\",\"width\":258,\"height\":100,\"caption\":\"Pontes Editores\"},\"image\":{\"@id\":\"https:\\\/\\\/ponteseditores.com.br\\\/loja3\\\/#\\\/schema\\\/logo\\\/image\\\/\"}}]}<\/script>\n<!-- \/ Yoast SEO plugin. -->","yoast_head_json":{"title":"Cr\u00f4nica de Bernartz e Bertran - Pontes Editores","robots":{"index":"index","follow":"follow","max-snippet":"max-snippet:-1","max-image-preview":"max-image-preview:large","max-video-preview":"max-video-preview:-1"},"canonical":"https:\/\/ponteseditores.com.br\/loja3\/pontes-editores-home-2__trashed\/contos\/cronica-de-bernartz-e-bertran\/","og_locale":"pt_BR","og_type":"article","og_title":"Cr\u00f4nica de Bernartz e Bertran - Pontes Editores","og_description":"Acolhido em Poitiers, na corte da c\u00e9lebre Eleonor da Aquit\u00e2nia, o trovador Bernart de Ventadorn se tornaria o poeta l\u00edrico por excel\u00eancia, atrav\u00e9s de can\u00e7\u00f5es que consolidaram o perfil mais distintivo da escola trovadoresca. Ainda segundo a biografia medieval de Bernart, em seus \u00faltimos anos ele se tornou monge, junto \u00e0 abadia cisterciense de Dalon. [&hellip;]","og_url":"https:\/\/ponteseditores.com.br\/loja3\/pontes-editores-home-2__trashed\/contos\/cronica-de-bernartz-e-bertran\/","og_site_name":"Pontes Editores","article_modified_time":"2024-04-04T13:50:54+00:00","og_image":[{"width":1781,"height":2560,"url":"https:\/\/ponteseditores.com.br\/loja3\/wp-content\/uploads\/2023\/12\/Capa_Cronica09-3-scaled.jpg","type":"image\/jpeg"}],"twitter_card":"summary_large_image","twitter_misc":{"Est. tempo de leitura":"1 minuto"},"schema":{"@context":"https:\/\/schema.org","@graph":[{"@type":"WebPage","@id":"https:\/\/ponteseditores.com.br\/loja3\/pontes-editores-home-2__trashed\/contos\/cronica-de-bernartz-e-bertran\/","url":"https:\/\/ponteseditores.com.br\/loja3\/pontes-editores-home-2__trashed\/contos\/cronica-de-bernartz-e-bertran\/","name":"Cr\u00f4nica de Bernartz e Bertran - Pontes Editores","isPartOf":{"@id":"https:\/\/ponteseditores.com.br\/loja3\/#website"},"primaryImageOfPage":{"@id":"https:\/\/ponteseditores.com.br\/loja3\/pontes-editores-home-2__trashed\/contos\/cronica-de-bernartz-e-bertran\/#primaryimage"},"image":{"@id":"https:\/\/ponteseditores.com.br\/loja3\/pontes-editores-home-2__trashed\/contos\/cronica-de-bernartz-e-bertran\/#primaryimage"},"thumbnailUrl":"https:\/\/ponteseditores.com.br\/loja3\/wp-content\/uploads\/2023\/12\/Capa_Cronica09-3-scaled.jpg","datePublished":"2023-12-15T12:09:33+00:00","dateModified":"2024-04-04T13:50:54+00:00","breadcrumb":{"@id":"https:\/\/ponteseditores.com.br\/loja3\/pontes-editores-home-2__trashed\/contos\/cronica-de-bernartz-e-bertran\/#breadcrumb"},"inLanguage":"pt-BR","potentialAction":[{"@type":"ReadAction","target":["https:\/\/ponteseditores.com.br\/loja3\/pontes-editores-home-2__trashed\/contos\/cronica-de-bernartz-e-bertran\/"]}]},{"@type":"ImageObject","inLanguage":"pt-BR","@id":"https:\/\/ponteseditores.com.br\/loja3\/pontes-editores-home-2__trashed\/contos\/cronica-de-bernartz-e-bertran\/#primaryimage","url":"https:\/\/ponteseditores.com.br\/loja3\/wp-content\/uploads\/2023\/12\/Capa_Cronica09-3-scaled.jpg","contentUrl":"https:\/\/ponteseditores.com.br\/loja3\/wp-content\/uploads\/2023\/12\/Capa_Cronica09-3-scaled.jpg","width":1781,"height":2560},{"@type":"BreadcrumbList","@id":"https:\/\/ponteseditores.com.br\/loja3\/pontes-editores-home-2__trashed\/contos\/cronica-de-bernartz-e-bertran\/#breadcrumb","itemListElement":[{"@type":"ListItem","position":1,"name":"Home","item":"https:\/\/ponteseditores.com.br\/loja3\/"},{"@type":"ListItem","position":2,"name":"loja","item":"https:\/\/ponteseditores.com.br\/loja3\/loja\/"},{"@type":"ListItem","position":3,"name":"Cr\u00f4nica de Bernartz e Bertran"}]},{"@type":"WebSite","@id":"https:\/\/ponteseditores.com.br\/loja3\/#website","url":"https:\/\/ponteseditores.com.br\/loja3\/","name":"Pontes Editores","description":"Pontes Editores","publisher":{"@id":"https:\/\/ponteseditores.com.br\/loja3\/#organization"},"potentialAction":[{"@type":"SearchAction","target":{"@type":"EntryPoint","urlTemplate":"https:\/\/ponteseditores.com.br\/loja3\/?s={search_term_string}"},"query-input":{"@type":"PropertyValueSpecification","valueRequired":true,"valueName":"search_term_string"}}],"inLanguage":"pt-BR"},{"@type":"Organization","@id":"https:\/\/ponteseditores.com.br\/loja3\/#organization","name":"Pontes Editores","url":"https:\/\/ponteseditores.com.br\/loja3\/","logo":{"@type":"ImageObject","inLanguage":"pt-BR","@id":"https:\/\/ponteseditores.com.br\/loja3\/#\/schema\/logo\/image\/","url":"https:\/\/ponteseditores.com.br\/loja3\/wp-content\/uploads\/2023\/12\/logo-pontes-editores-v2.png","contentUrl":"https:\/\/ponteseditores.com.br\/loja3\/wp-content\/uploads\/2023\/12\/logo-pontes-editores-v2.png","width":258,"height":100,"caption":"Pontes Editores"},"image":{"@id":"https:\/\/ponteseditores.com.br\/loja3\/#\/schema\/logo\/image\/"}}]}},"_links":{"self":[{"href":"https:\/\/ponteseditores.com.br\/loja3\/wp-json\/wp\/v2\/product\/7957","targetHints":{"allow":["GET"]}}],"collection":[{"href":"https:\/\/ponteseditores.com.br\/loja3\/wp-json\/wp\/v2\/product"}],"about":[{"href":"https:\/\/ponteseditores.com.br\/loja3\/wp-json\/wp\/v2\/types\/product"}],"replies":[{"embeddable":true,"href":"https:\/\/ponteseditores.com.br\/loja3\/wp-json\/wp\/v2\/comments?post=7957"}],"version-history":[{"count":0,"href":"https:\/\/ponteseditores.com.br\/loja3\/wp-json\/wp\/v2\/product\/7957\/revisions"}],"wp:featuredmedia":[{"embeddable":true,"href":"https:\/\/ponteseditores.com.br\/loja3\/wp-json\/wp\/v2\/media\/7956"}],"wp:attachment":[{"href":"https:\/\/ponteseditores.com.br\/loja3\/wp-json\/wp\/v2\/media?parent=7957"}],"wp:term":[{"taxonomy":"product_brand","embeddable":true,"href":"https:\/\/ponteseditores.com.br\/loja3\/wp-json\/wp\/v2\/product_brand?post=7957"},{"taxonomy":"product_cat","embeddable":true,"href":"https:\/\/ponteseditores.com.br\/loja3\/wp-json\/wp\/v2\/product_cat?post=7957"},{"taxonomy":"product_tag","embeddable":true,"href":"https:\/\/ponteseditores.com.br\/loja3\/wp-json\/wp\/v2\/product_tag?post=7957"}],"curies":[{"name":"wp","href":"https:\/\/api.w.org\/{rel}","templated":true}]}}