{"id":7951,"date":"2023-12-15T09:08:18","date_gmt":"2023-12-15T12:08:18","guid":{"rendered":"https:\/\/ponteseditores.com.br\/loja3\/pontes-editores-home-2__trashed\/sem%20categoria\/nos-que-nem-ao-menos-somos-deuses\/"},"modified":"2023-12-15T11:54:59","modified_gmt":"2023-12-15T14:54:59","slug":"nos-que-nem-ao-menos-somos-deuses","status":"publish","type":"product","link":"https:\/\/ponteseditores.com.br\/loja3\/pontes-editores-home-2__trashed\/literatura-brasileira\/nos-que-nem-ao-menos-somos-deuses\/","title":{"rendered":"N\u00d3S, QUE NEM AO MENOS SOMOS DEUSES"},"content":{"rendered":"<p>PRESENTE NO CEN\u00c1RIO CULTURAL duplamente \u2013 como ficcionista e como jornalista &#8211; desde 1950, Cecilia Prada \u00e9 considerada pela cr\u00edtica especializada como uma das grandes contistas nacionais, detentora de pr\u00eamios importantes pelos 8 livros de fic\u00e7\u00e3o publicados at\u00e9 hoje, divulgados tamb\u00e9m em v\u00e1rios pa\u00edses estrangeiros. Em1994, ano em que o Brasil foi pa\u00eds-tema da Feira Internacional de Livros de Frankfurt, seu conto mais famoso, La Piet\u00e0, foi escolhido para representar o pa\u00eds, na tradu\u00e7\u00e3o para o alem\u00e3o de Curt Meyer-Clason,  \u2013 tradutor de Garcia M\u00e1rquez e de Guimar\u00e3es Rosa\u2013, e foi transmitido por toda a cadeia radiof\u00f4nica alem\u00e3, para inaugurar o evento.Como jornalista, recebeu em 1980 o Pr\u00eamio ESSO de Reportagem pela Folha de S\u00e3o Paulo, em \u00e2mbito nacional, sendo a primeira mulher a conquistar esse pr\u00eamio, na categoria. A antologia N\u00d3S, QUE NEM AO MENOS SOMOS DEUSES traz 35 de seus melhores contos, em publica\u00e7\u00e3o patrocinada pela Academia Campinense de Letras, \u00e0 qual pertence, em homenagem aos seus 70 anos de dupla atividade cultural. \u00c9 tamb\u00e9m dramaturga, tradutora e autora de 9 livros de jornalismo e cr\u00edtica liter\u00e1ria. Em fevereiro \u00faltimo foi indicada por duas academias de letras como candidata ao Pr\u00eamio Nobel de Literatura -2020.<\/p>\n","protected":false},"excerpt":{"rendered":"<p>PRESENTE NO CEN\u00c1RIO CULTURAL duplamente \u2013 como ficcionista e como jornalista &#8211; desde 1950, Cecilia Prada \u00e9 considerada pela cr\u00edtica especializada como uma das grandes contistas nacionais, detentora de pr\u00eamios importantes pelos 8 livros de fic\u00e7\u00e3o publicados at\u00e9 hoje, divulgados tamb\u00e9m em v\u00e1rios pa\u00edses estrangeiros. Em1994, ano em que o Brasil foi pa\u00eds-tema da Feira [&hellip;]<\/p>\n","protected":false},"featured_media":7950,"comment_status":"open","ping_status":"closed","template":"","meta":{"_joinchat":[]},"product_brand":[],"product_cat":[87,86],"product_tag":[],"class_list":{"0":"post-7951","1":"product","2":"type-product","3":"status-publish","4":"has-post-thumbnail","6":"product_cat-contos","7":"product_cat-literatura-brasileira","8":"product_shipping_class-livro-pontes-editores-fisico","10":"first","11":"instock","12":"shipping-taxable","13":"purchasable","14":"product-type-simple"},"yoast_head":"<!-- This site is optimized with the Yoast SEO plugin v27.4 - https:\/\/yoast.com\/product\/yoast-seo-wordpress\/ -->\n<title>N\u00d3S, QUE NEM AO MENOS SOMOS DEUSES - Pontes Editores<\/title>\n<meta name=\"robots\" content=\"index, follow, max-snippet:-1, max-image-preview:large, max-video-preview:-1\" \/>\n<link rel=\"canonical\" href=\"https:\/\/ponteseditores.com.br\/loja3\/pontes-editores-home-2__trashed\/literatura-brasileira\/nos-que-nem-ao-menos-somos-deuses\/\" \/>\n<meta property=\"og:locale\" content=\"pt_BR\" \/>\n<meta property=\"og:type\" content=\"article\" \/>\n<meta property=\"og:title\" content=\"N\u00d3S, QUE NEM AO MENOS SOMOS DEUSES - Pontes Editores\" \/>\n<meta property=\"og:description\" content=\"PRESENTE NO CEN\u00c1RIO CULTURAL duplamente \u2013 como ficcionista e como jornalista &#8211; desde 1950, Cecilia Prada \u00e9 considerada pela cr\u00edtica especializada como uma das grandes contistas nacionais, detentora de pr\u00eamios importantes pelos 8 livros de fic\u00e7\u00e3o publicados at\u00e9 hoje, divulgados tamb\u00e9m em v\u00e1rios pa\u00edses estrangeiros. Em1994, ano em que o Brasil foi pa\u00eds-tema da Feira [&hellip;]\" \/>\n<meta property=\"og:url\" content=\"https:\/\/ponteseditores.com.br\/loja3\/pontes-editores-home-2__trashed\/literatura-brasileira\/nos-que-nem-ao-menos-somos-deuses\/\" \/>\n<meta property=\"og:site_name\" content=\"Pontes Editores\" \/>\n<meta property=\"article:modified_time\" content=\"2023-12-15T14:54:59+00:00\" \/>\n<meta property=\"og:image\" content=\"https:\/\/ponteseditores.com.br\/loja3\/wp-content\/uploads\/2023\/12\/CAPACONTOSrelease23-3.jpg\" \/>\n\t<meta property=\"og:image:width\" content=\"942\" \/>\n\t<meta property=\"og:image:height\" content=\"1358\" \/>\n\t<meta property=\"og:image:type\" content=\"image\/jpeg\" \/>\n<meta name=\"twitter:card\" content=\"summary_large_image\" \/>\n<meta name=\"twitter:label1\" content=\"Est. tempo de leitura\" \/>\n\t<meta name=\"twitter:data1\" content=\"1 minuto\" \/>\n<script type=\"application\/ld+json\" class=\"yoast-schema-graph\">{\"@context\":\"https:\\\/\\\/schema.org\",\"@graph\":[{\"@type\":\"WebPage\",\"@id\":\"https:\\\/\\\/ponteseditores.com.br\\\/loja3\\\/pontes-editores-home-2__trashed\\\/literatura-brasileira\\\/nos-que-nem-ao-menos-somos-deuses\\\/\",\"url\":\"https:\\\/\\\/ponteseditores.com.br\\\/loja3\\\/pontes-editores-home-2__trashed\\\/literatura-brasileira\\\/nos-que-nem-ao-menos-somos-deuses\\\/\",\"name\":\"N\u00d3S, QUE NEM AO MENOS SOMOS DEUSES - Pontes Editores\",\"isPartOf\":{\"@id\":\"https:\\\/\\\/ponteseditores.com.br\\\/loja3\\\/#website\"},\"primaryImageOfPage\":{\"@id\":\"https:\\\/\\\/ponteseditores.com.br\\\/loja3\\\/pontes-editores-home-2__trashed\\\/literatura-brasileira\\\/nos-que-nem-ao-menos-somos-deuses\\\/#primaryimage\"},\"image\":{\"@id\":\"https:\\\/\\\/ponteseditores.com.br\\\/loja3\\\/pontes-editores-home-2__trashed\\\/literatura-brasileira\\\/nos-que-nem-ao-menos-somos-deuses\\\/#primaryimage\"},\"thumbnailUrl\":\"https:\\\/\\\/ponteseditores.com.br\\\/loja3\\\/wp-content\\\/uploads\\\/2023\\\/12\\\/CAPACONTOSrelease23-3.jpg\",\"datePublished\":\"2023-12-15T12:08:18+00:00\",\"dateModified\":\"2023-12-15T14:54:59+00:00\",\"breadcrumb\":{\"@id\":\"https:\\\/\\\/ponteseditores.com.br\\\/loja3\\\/pontes-editores-home-2__trashed\\\/literatura-brasileira\\\/nos-que-nem-ao-menos-somos-deuses\\\/#breadcrumb\"},\"inLanguage\":\"pt-BR\",\"potentialAction\":[{\"@type\":\"ReadAction\",\"target\":[\"https:\\\/\\\/ponteseditores.com.br\\\/loja3\\\/pontes-editores-home-2__trashed\\\/literatura-brasileira\\\/nos-que-nem-ao-menos-somos-deuses\\\/\"]}]},{\"@type\":\"ImageObject\",\"inLanguage\":\"pt-BR\",\"@id\":\"https:\\\/\\\/ponteseditores.com.br\\\/loja3\\\/pontes-editores-home-2__trashed\\\/literatura-brasileira\\\/nos-que-nem-ao-menos-somos-deuses\\\/#primaryimage\",\"url\":\"https:\\\/\\\/ponteseditores.com.br\\\/loja3\\\/wp-content\\\/uploads\\\/2023\\\/12\\\/CAPACONTOSrelease23-3.jpg\",\"contentUrl\":\"https:\\\/\\\/ponteseditores.com.br\\\/loja3\\\/wp-content\\\/uploads\\\/2023\\\/12\\\/CAPACONTOSrelease23-3.jpg\",\"width\":942,\"height\":1358},{\"@type\":\"BreadcrumbList\",\"@id\":\"https:\\\/\\\/ponteseditores.com.br\\\/loja3\\\/pontes-editores-home-2__trashed\\\/literatura-brasileira\\\/nos-que-nem-ao-menos-somos-deuses\\\/#breadcrumb\",\"itemListElement\":[{\"@type\":\"ListItem\",\"position\":1,\"name\":\"Home\",\"item\":\"https:\\\/\\\/ponteseditores.com.br\\\/loja3\\\/\"},{\"@type\":\"ListItem\",\"position\":2,\"name\":\"loja\",\"item\":\"https:\\\/\\\/ponteseditores.com.br\\\/loja3\\\/loja\\\/\"},{\"@type\":\"ListItem\",\"position\":3,\"name\":\"N\u00d3S, QUE NEM AO MENOS SOMOS DEUSES\"}]},{\"@type\":\"WebSite\",\"@id\":\"https:\\\/\\\/ponteseditores.com.br\\\/loja3\\\/#website\",\"url\":\"https:\\\/\\\/ponteseditores.com.br\\\/loja3\\\/\",\"name\":\"Pontes Editores\",\"description\":\"Pontes Editores\",\"publisher\":{\"@id\":\"https:\\\/\\\/ponteseditores.com.br\\\/loja3\\\/#organization\"},\"potentialAction\":[{\"@type\":\"SearchAction\",\"target\":{\"@type\":\"EntryPoint\",\"urlTemplate\":\"https:\\\/\\\/ponteseditores.com.br\\\/loja3\\\/?s={search_term_string}\"},\"query-input\":{\"@type\":\"PropertyValueSpecification\",\"valueRequired\":true,\"valueName\":\"search_term_string\"}}],\"inLanguage\":\"pt-BR\"},{\"@type\":\"Organization\",\"@id\":\"https:\\\/\\\/ponteseditores.com.br\\\/loja3\\\/#organization\",\"name\":\"Pontes Editores\",\"url\":\"https:\\\/\\\/ponteseditores.com.br\\\/loja3\\\/\",\"logo\":{\"@type\":\"ImageObject\",\"inLanguage\":\"pt-BR\",\"@id\":\"https:\\\/\\\/ponteseditores.com.br\\\/loja3\\\/#\\\/schema\\\/logo\\\/image\\\/\",\"url\":\"https:\\\/\\\/ponteseditores.com.br\\\/loja3\\\/wp-content\\\/uploads\\\/2023\\\/12\\\/logo-pontes-editores-v2.png\",\"contentUrl\":\"https:\\\/\\\/ponteseditores.com.br\\\/loja3\\\/wp-content\\\/uploads\\\/2023\\\/12\\\/logo-pontes-editores-v2.png\",\"width\":258,\"height\":100,\"caption\":\"Pontes Editores\"},\"image\":{\"@id\":\"https:\\\/\\\/ponteseditores.com.br\\\/loja3\\\/#\\\/schema\\\/logo\\\/image\\\/\"}}]}<\/script>\n<!-- \/ Yoast SEO plugin. -->","yoast_head_json":{"title":"N\u00d3S, QUE NEM AO MENOS SOMOS DEUSES - Pontes Editores","robots":{"index":"index","follow":"follow","max-snippet":"max-snippet:-1","max-image-preview":"max-image-preview:large","max-video-preview":"max-video-preview:-1"},"canonical":"https:\/\/ponteseditores.com.br\/loja3\/pontes-editores-home-2__trashed\/literatura-brasileira\/nos-que-nem-ao-menos-somos-deuses\/","og_locale":"pt_BR","og_type":"article","og_title":"N\u00d3S, QUE NEM AO MENOS SOMOS DEUSES - Pontes Editores","og_description":"PRESENTE NO CEN\u00c1RIO CULTURAL duplamente \u2013 como ficcionista e como jornalista &#8211; desde 1950, Cecilia Prada \u00e9 considerada pela cr\u00edtica especializada como uma das grandes contistas nacionais, detentora de pr\u00eamios importantes pelos 8 livros de fic\u00e7\u00e3o publicados at\u00e9 hoje, divulgados tamb\u00e9m em v\u00e1rios pa\u00edses estrangeiros. Em1994, ano em que o Brasil foi pa\u00eds-tema da Feira [&hellip;]","og_url":"https:\/\/ponteseditores.com.br\/loja3\/pontes-editores-home-2__trashed\/literatura-brasileira\/nos-que-nem-ao-menos-somos-deuses\/","og_site_name":"Pontes Editores","article_modified_time":"2023-12-15T14:54:59+00:00","og_image":[{"width":942,"height":1358,"url":"https:\/\/ponteseditores.com.br\/loja3\/wp-content\/uploads\/2023\/12\/CAPACONTOSrelease23-3.jpg","type":"image\/jpeg"}],"twitter_card":"summary_large_image","twitter_misc":{"Est. tempo de leitura":"1 minuto"},"schema":{"@context":"https:\/\/schema.org","@graph":[{"@type":"WebPage","@id":"https:\/\/ponteseditores.com.br\/loja3\/pontes-editores-home-2__trashed\/literatura-brasileira\/nos-que-nem-ao-menos-somos-deuses\/","url":"https:\/\/ponteseditores.com.br\/loja3\/pontes-editores-home-2__trashed\/literatura-brasileira\/nos-que-nem-ao-menos-somos-deuses\/","name":"N\u00d3S, QUE NEM AO MENOS SOMOS DEUSES - Pontes Editores","isPartOf":{"@id":"https:\/\/ponteseditores.com.br\/loja3\/#website"},"primaryImageOfPage":{"@id":"https:\/\/ponteseditores.com.br\/loja3\/pontes-editores-home-2__trashed\/literatura-brasileira\/nos-que-nem-ao-menos-somos-deuses\/#primaryimage"},"image":{"@id":"https:\/\/ponteseditores.com.br\/loja3\/pontes-editores-home-2__trashed\/literatura-brasileira\/nos-que-nem-ao-menos-somos-deuses\/#primaryimage"},"thumbnailUrl":"https:\/\/ponteseditores.com.br\/loja3\/wp-content\/uploads\/2023\/12\/CAPACONTOSrelease23-3.jpg","datePublished":"2023-12-15T12:08:18+00:00","dateModified":"2023-12-15T14:54:59+00:00","breadcrumb":{"@id":"https:\/\/ponteseditores.com.br\/loja3\/pontes-editores-home-2__trashed\/literatura-brasileira\/nos-que-nem-ao-menos-somos-deuses\/#breadcrumb"},"inLanguage":"pt-BR","potentialAction":[{"@type":"ReadAction","target":["https:\/\/ponteseditores.com.br\/loja3\/pontes-editores-home-2__trashed\/literatura-brasileira\/nos-que-nem-ao-menos-somos-deuses\/"]}]},{"@type":"ImageObject","inLanguage":"pt-BR","@id":"https:\/\/ponteseditores.com.br\/loja3\/pontes-editores-home-2__trashed\/literatura-brasileira\/nos-que-nem-ao-menos-somos-deuses\/#primaryimage","url":"https:\/\/ponteseditores.com.br\/loja3\/wp-content\/uploads\/2023\/12\/CAPACONTOSrelease23-3.jpg","contentUrl":"https:\/\/ponteseditores.com.br\/loja3\/wp-content\/uploads\/2023\/12\/CAPACONTOSrelease23-3.jpg","width":942,"height":1358},{"@type":"BreadcrumbList","@id":"https:\/\/ponteseditores.com.br\/loja3\/pontes-editores-home-2__trashed\/literatura-brasileira\/nos-que-nem-ao-menos-somos-deuses\/#breadcrumb","itemListElement":[{"@type":"ListItem","position":1,"name":"Home","item":"https:\/\/ponteseditores.com.br\/loja3\/"},{"@type":"ListItem","position":2,"name":"loja","item":"https:\/\/ponteseditores.com.br\/loja3\/loja\/"},{"@type":"ListItem","position":3,"name":"N\u00d3S, QUE NEM AO MENOS SOMOS DEUSES"}]},{"@type":"WebSite","@id":"https:\/\/ponteseditores.com.br\/loja3\/#website","url":"https:\/\/ponteseditores.com.br\/loja3\/","name":"Pontes Editores","description":"Pontes Editores","publisher":{"@id":"https:\/\/ponteseditores.com.br\/loja3\/#organization"},"potentialAction":[{"@type":"SearchAction","target":{"@type":"EntryPoint","urlTemplate":"https:\/\/ponteseditores.com.br\/loja3\/?s={search_term_string}"},"query-input":{"@type":"PropertyValueSpecification","valueRequired":true,"valueName":"search_term_string"}}],"inLanguage":"pt-BR"},{"@type":"Organization","@id":"https:\/\/ponteseditores.com.br\/loja3\/#organization","name":"Pontes Editores","url":"https:\/\/ponteseditores.com.br\/loja3\/","logo":{"@type":"ImageObject","inLanguage":"pt-BR","@id":"https:\/\/ponteseditores.com.br\/loja3\/#\/schema\/logo\/image\/","url":"https:\/\/ponteseditores.com.br\/loja3\/wp-content\/uploads\/2023\/12\/logo-pontes-editores-v2.png","contentUrl":"https:\/\/ponteseditores.com.br\/loja3\/wp-content\/uploads\/2023\/12\/logo-pontes-editores-v2.png","width":258,"height":100,"caption":"Pontes Editores"},"image":{"@id":"https:\/\/ponteseditores.com.br\/loja3\/#\/schema\/logo\/image\/"}}]}},"_links":{"self":[{"href":"https:\/\/ponteseditores.com.br\/loja3\/wp-json\/wp\/v2\/product\/7951","targetHints":{"allow":["GET"]}}],"collection":[{"href":"https:\/\/ponteseditores.com.br\/loja3\/wp-json\/wp\/v2\/product"}],"about":[{"href":"https:\/\/ponteseditores.com.br\/loja3\/wp-json\/wp\/v2\/types\/product"}],"replies":[{"embeddable":true,"href":"https:\/\/ponteseditores.com.br\/loja3\/wp-json\/wp\/v2\/comments?post=7951"}],"version-history":[{"count":0,"href":"https:\/\/ponteseditores.com.br\/loja3\/wp-json\/wp\/v2\/product\/7951\/revisions"}],"wp:featuredmedia":[{"embeddable":true,"href":"https:\/\/ponteseditores.com.br\/loja3\/wp-json\/wp\/v2\/media\/7950"}],"wp:attachment":[{"href":"https:\/\/ponteseditores.com.br\/loja3\/wp-json\/wp\/v2\/media?parent=7951"}],"wp:term":[{"taxonomy":"product_brand","embeddable":true,"href":"https:\/\/ponteseditores.com.br\/loja3\/wp-json\/wp\/v2\/product_brand?post=7951"},{"taxonomy":"product_cat","embeddable":true,"href":"https:\/\/ponteseditores.com.br\/loja3\/wp-json\/wp\/v2\/product_cat?post=7951"},{"taxonomy":"product_tag","embeddable":true,"href":"https:\/\/ponteseditores.com.br\/loja3\/wp-json\/wp\/v2\/product_tag?post=7951"}],"curies":[{"name":"wp","href":"https:\/\/api.w.org\/{rel}","templated":true}]}}