{"id":7949,"date":"2023-12-15T09:08:16","date_gmt":"2023-12-15T12:08:16","guid":{"rendered":"https:\/\/ponteseditores.com.br\/loja3\/pontes-editores-home-2__trashed\/sem%20categoria\/o-marinheiro-vestibular-unicamp-2021\/"},"modified":"2023-12-15T11:54:59","modified_gmt":"2023-12-15T14:54:59","slug":"o-marinheiro-vestibular-unicamp-2021","status":"publish","type":"product","link":"https:\/\/ponteseditores.com.br\/loja3\/pontes-editores-home-2__trashed\/literatura\/o-marinheiro-vestibular-unicamp-2021\/","title":{"rendered":"O MARINHEIRO &#8211; VESTIBULAR UNICAMP 2021"},"content":{"rendered":"<p>Leitura obrigat\u00f3ria para o vestibular da Unicamp 2021<\/p>\n<p>Fernando Ant\u00f4nio Nogueira Pessoa foi um dos mais importantes escritores e poetas do modernismo em Portugal. Nasceu em 13 de junho de 1888 na cidade de Lisboa (Portugal) e morreu, na mesma cidade, em 30 de novembro de 1935. Fernando Pessoa foi morar, ainda na inf\u00e2ncia, na cidade de Durban (\u00c1frica do Sul), onde seu pai tornou-se c\u00f4nsul. Neste pa\u00eds teve contato com a l\u00edngua e literatura inglesa. Adulto, Fernando Pessoa trabalhou como tradutor t\u00e9cnico, publicando seus primeiros poemas em ingl\u00eas. Em 1905, retornou sozinho para Lisboa e, no ano seguinte, matriculou-se no Curso Superior de Letras. Por\u00e9m, abandonou o curso um ano depois. Pessoa passou a ter contato mais efetivo com a literatura portuguesa, principalmente Padre Ant\u00f4nio Vieira e Ces\u00e1rio Verde. Foi tamb\u00e9m influenciado pelos estudos filos\u00f3ficos de Nietzsche e Schopenhauer. Recebeu tamb\u00e9m influ\u00eancias do simbolismo franc\u00eas. Em 1912, come\u00e7ou suas atividades como ensa\u00edsta e cr\u00edtico liter\u00e1rio, na revista \u00c1guia. A sa\u00fade do poeta portugu\u00eas come\u00e7ou a apresentar complica\u00e7\u00f5es em 1935. Neste ano, foi hospitalizado com c\u00f3lica hep\u00e1tica, provavelmente causada pelo consumo excessivo de bebida alco\u00f3lica. Sua morte prematura, aos 47 anos, provavelmente aconteceu em fun\u00e7\u00e3o destes problemas, pois apresentou cirrose hep\u00e1tica. Fernando Pessoa usou em suas obras diversas autorias. Usou seu pr\u00f3prio nome (ort\u00f4nimo) para assinar v\u00e1rias obras e pseud\u00f4nimos (heter\u00f4nimos) para assinar outras. Os heter\u00f4nimos de Fernando Pessoa tinham personalidade pr\u00f3pria e caracter\u00edsticas liter\u00e1rias diferenciadas.<\/p>\n","protected":false},"excerpt":{"rendered":"<p>Leitura obrigat\u00f3ria para o vestibular da Unicamp 2021 Fernando Ant\u00f4nio Nogueira Pessoa foi um dos mais importantes escritores e poetas do modernismo em Portugal. Nasceu em 13 de junho de 1888 na cidade de Lisboa (Portugal) e morreu, na mesma cidade, em 30 de novembro de 1935. Fernando Pessoa foi morar, ainda na inf\u00e2ncia, na [&hellip;]<\/p>\n","protected":false},"featured_media":7948,"comment_status":"open","ping_status":"closed","template":"","meta":{"_joinchat":[]},"product_brand":[],"product_cat":[287,334],"product_tag":[],"class_list":{"0":"post-7949","1":"product","2":"type-product","3":"status-publish","4":"has-post-thumbnail","6":"product_cat-literatura","7":"product_cat-vestibular","8":"product_shipping_class-livro-pontes-editores-fisico","10":"first","11":"instock","12":"shipping-taxable","13":"purchasable","14":"product-type-simple"},"yoast_head":"<!-- This site is optimized with the Yoast SEO plugin v27.4 - https:\/\/yoast.com\/product\/yoast-seo-wordpress\/ -->\n<title>O MARINHEIRO - VESTIBULAR UNICAMP 2021 - Pontes Editores<\/title>\n<meta name=\"robots\" content=\"index, follow, max-snippet:-1, max-image-preview:large, max-video-preview:-1\" \/>\n<link rel=\"canonical\" href=\"https:\/\/ponteseditores.com.br\/loja3\/pontes-editores-home-2__trashed\/literatura\/o-marinheiro-vestibular-unicamp-2021\/\" \/>\n<meta property=\"og:locale\" content=\"pt_BR\" \/>\n<meta property=\"og:type\" content=\"article\" \/>\n<meta property=\"og:title\" content=\"O MARINHEIRO - VESTIBULAR UNICAMP 2021 - Pontes Editores\" \/>\n<meta property=\"og:description\" content=\"Leitura obrigat\u00f3ria para o vestibular da Unicamp 2021 Fernando Ant\u00f4nio Nogueira Pessoa foi um dos mais importantes escritores e poetas do modernismo em Portugal. Nasceu em 13 de junho de 1888 na cidade de Lisboa (Portugal) e morreu, na mesma cidade, em 30 de novembro de 1935. Fernando Pessoa foi morar, ainda na inf\u00e2ncia, na [&hellip;]\" \/>\n<meta property=\"og:url\" content=\"https:\/\/ponteseditores.com.br\/loja3\/pontes-editores-home-2__trashed\/literatura\/o-marinheiro-vestibular-unicamp-2021\/\" \/>\n<meta property=\"og:site_name\" content=\"Pontes Editores\" \/>\n<meta property=\"article:modified_time\" content=\"2023-12-15T14:54:59+00:00\" \/>\n<meta property=\"og:image\" content=\"https:\/\/ponteseditores.com.br\/loja3\/wp-content\/uploads\/2023\/12\/mar1-3.jpg\" \/>\n\t<meta property=\"og:image:width\" content=\"900\" \/>\n\t<meta property=\"og:image:height\" content=\"1283\" \/>\n\t<meta property=\"og:image:type\" content=\"image\/jpeg\" \/>\n<meta name=\"twitter:card\" content=\"summary_large_image\" \/>\n<meta name=\"twitter:label1\" content=\"Est. tempo de leitura\" \/>\n\t<meta name=\"twitter:data1\" content=\"1 minuto\" \/>\n<script type=\"application\/ld+json\" class=\"yoast-schema-graph\">{\"@context\":\"https:\\\/\\\/schema.org\",\"@graph\":[{\"@type\":\"WebPage\",\"@id\":\"https:\\\/\\\/ponteseditores.com.br\\\/loja3\\\/pontes-editores-home-2__trashed\\\/literatura\\\/o-marinheiro-vestibular-unicamp-2021\\\/\",\"url\":\"https:\\\/\\\/ponteseditores.com.br\\\/loja3\\\/pontes-editores-home-2__trashed\\\/literatura\\\/o-marinheiro-vestibular-unicamp-2021\\\/\",\"name\":\"O MARINHEIRO - VESTIBULAR UNICAMP 2021 - Pontes Editores\",\"isPartOf\":{\"@id\":\"https:\\\/\\\/ponteseditores.com.br\\\/loja3\\\/#website\"},\"primaryImageOfPage\":{\"@id\":\"https:\\\/\\\/ponteseditores.com.br\\\/loja3\\\/pontes-editores-home-2__trashed\\\/literatura\\\/o-marinheiro-vestibular-unicamp-2021\\\/#primaryimage\"},\"image\":{\"@id\":\"https:\\\/\\\/ponteseditores.com.br\\\/loja3\\\/pontes-editores-home-2__trashed\\\/literatura\\\/o-marinheiro-vestibular-unicamp-2021\\\/#primaryimage\"},\"thumbnailUrl\":\"https:\\\/\\\/ponteseditores.com.br\\\/loja3\\\/wp-content\\\/uploads\\\/2023\\\/12\\\/mar1-3.jpg\",\"datePublished\":\"2023-12-15T12:08:16+00:00\",\"dateModified\":\"2023-12-15T14:54:59+00:00\",\"breadcrumb\":{\"@id\":\"https:\\\/\\\/ponteseditores.com.br\\\/loja3\\\/pontes-editores-home-2__trashed\\\/literatura\\\/o-marinheiro-vestibular-unicamp-2021\\\/#breadcrumb\"},\"inLanguage\":\"pt-BR\",\"potentialAction\":[{\"@type\":\"ReadAction\",\"target\":[\"https:\\\/\\\/ponteseditores.com.br\\\/loja3\\\/pontes-editores-home-2__trashed\\\/literatura\\\/o-marinheiro-vestibular-unicamp-2021\\\/\"]}]},{\"@type\":\"ImageObject\",\"inLanguage\":\"pt-BR\",\"@id\":\"https:\\\/\\\/ponteseditores.com.br\\\/loja3\\\/pontes-editores-home-2__trashed\\\/literatura\\\/o-marinheiro-vestibular-unicamp-2021\\\/#primaryimage\",\"url\":\"https:\\\/\\\/ponteseditores.com.br\\\/loja3\\\/wp-content\\\/uploads\\\/2023\\\/12\\\/mar1-3.jpg\",\"contentUrl\":\"https:\\\/\\\/ponteseditores.com.br\\\/loja3\\\/wp-content\\\/uploads\\\/2023\\\/12\\\/mar1-3.jpg\",\"width\":900,\"height\":1283},{\"@type\":\"BreadcrumbList\",\"@id\":\"https:\\\/\\\/ponteseditores.com.br\\\/loja3\\\/pontes-editores-home-2__trashed\\\/literatura\\\/o-marinheiro-vestibular-unicamp-2021\\\/#breadcrumb\",\"itemListElement\":[{\"@type\":\"ListItem\",\"position\":1,\"name\":\"Home\",\"item\":\"https:\\\/\\\/ponteseditores.com.br\\\/loja3\\\/\"},{\"@type\":\"ListItem\",\"position\":2,\"name\":\"loja\",\"item\":\"https:\\\/\\\/ponteseditores.com.br\\\/loja3\\\/loja\\\/\"},{\"@type\":\"ListItem\",\"position\":3,\"name\":\"O MARINHEIRO &#8211; VESTIBULAR UNICAMP 2021\"}]},{\"@type\":\"WebSite\",\"@id\":\"https:\\\/\\\/ponteseditores.com.br\\\/loja3\\\/#website\",\"url\":\"https:\\\/\\\/ponteseditores.com.br\\\/loja3\\\/\",\"name\":\"Pontes Editores\",\"description\":\"Pontes Editores\",\"publisher\":{\"@id\":\"https:\\\/\\\/ponteseditores.com.br\\\/loja3\\\/#organization\"},\"potentialAction\":[{\"@type\":\"SearchAction\",\"target\":{\"@type\":\"EntryPoint\",\"urlTemplate\":\"https:\\\/\\\/ponteseditores.com.br\\\/loja3\\\/?s={search_term_string}\"},\"query-input\":{\"@type\":\"PropertyValueSpecification\",\"valueRequired\":true,\"valueName\":\"search_term_string\"}}],\"inLanguage\":\"pt-BR\"},{\"@type\":\"Organization\",\"@id\":\"https:\\\/\\\/ponteseditores.com.br\\\/loja3\\\/#organization\",\"name\":\"Pontes Editores\",\"url\":\"https:\\\/\\\/ponteseditores.com.br\\\/loja3\\\/\",\"logo\":{\"@type\":\"ImageObject\",\"inLanguage\":\"pt-BR\",\"@id\":\"https:\\\/\\\/ponteseditores.com.br\\\/loja3\\\/#\\\/schema\\\/logo\\\/image\\\/\",\"url\":\"https:\\\/\\\/ponteseditores.com.br\\\/loja3\\\/wp-content\\\/uploads\\\/2023\\\/12\\\/logo-pontes-editores-v2.png\",\"contentUrl\":\"https:\\\/\\\/ponteseditores.com.br\\\/loja3\\\/wp-content\\\/uploads\\\/2023\\\/12\\\/logo-pontes-editores-v2.png\",\"width\":258,\"height\":100,\"caption\":\"Pontes Editores\"},\"image\":{\"@id\":\"https:\\\/\\\/ponteseditores.com.br\\\/loja3\\\/#\\\/schema\\\/logo\\\/image\\\/\"}}]}<\/script>\n<!-- \/ Yoast SEO plugin. -->","yoast_head_json":{"title":"O MARINHEIRO - VESTIBULAR UNICAMP 2021 - Pontes Editores","robots":{"index":"index","follow":"follow","max-snippet":"max-snippet:-1","max-image-preview":"max-image-preview:large","max-video-preview":"max-video-preview:-1"},"canonical":"https:\/\/ponteseditores.com.br\/loja3\/pontes-editores-home-2__trashed\/literatura\/o-marinheiro-vestibular-unicamp-2021\/","og_locale":"pt_BR","og_type":"article","og_title":"O MARINHEIRO - VESTIBULAR UNICAMP 2021 - Pontes Editores","og_description":"Leitura obrigat\u00f3ria para o vestibular da Unicamp 2021 Fernando Ant\u00f4nio Nogueira Pessoa foi um dos mais importantes escritores e poetas do modernismo em Portugal. Nasceu em 13 de junho de 1888 na cidade de Lisboa (Portugal) e morreu, na mesma cidade, em 30 de novembro de 1935. Fernando Pessoa foi morar, ainda na inf\u00e2ncia, na [&hellip;]","og_url":"https:\/\/ponteseditores.com.br\/loja3\/pontes-editores-home-2__trashed\/literatura\/o-marinheiro-vestibular-unicamp-2021\/","og_site_name":"Pontes Editores","article_modified_time":"2023-12-15T14:54:59+00:00","og_image":[{"width":900,"height":1283,"url":"https:\/\/ponteseditores.com.br\/loja3\/wp-content\/uploads\/2023\/12\/mar1-3.jpg","type":"image\/jpeg"}],"twitter_card":"summary_large_image","twitter_misc":{"Est. tempo de leitura":"1 minuto"},"schema":{"@context":"https:\/\/schema.org","@graph":[{"@type":"WebPage","@id":"https:\/\/ponteseditores.com.br\/loja3\/pontes-editores-home-2__trashed\/literatura\/o-marinheiro-vestibular-unicamp-2021\/","url":"https:\/\/ponteseditores.com.br\/loja3\/pontes-editores-home-2__trashed\/literatura\/o-marinheiro-vestibular-unicamp-2021\/","name":"O MARINHEIRO - VESTIBULAR UNICAMP 2021 - Pontes Editores","isPartOf":{"@id":"https:\/\/ponteseditores.com.br\/loja3\/#website"},"primaryImageOfPage":{"@id":"https:\/\/ponteseditores.com.br\/loja3\/pontes-editores-home-2__trashed\/literatura\/o-marinheiro-vestibular-unicamp-2021\/#primaryimage"},"image":{"@id":"https:\/\/ponteseditores.com.br\/loja3\/pontes-editores-home-2__trashed\/literatura\/o-marinheiro-vestibular-unicamp-2021\/#primaryimage"},"thumbnailUrl":"https:\/\/ponteseditores.com.br\/loja3\/wp-content\/uploads\/2023\/12\/mar1-3.jpg","datePublished":"2023-12-15T12:08:16+00:00","dateModified":"2023-12-15T14:54:59+00:00","breadcrumb":{"@id":"https:\/\/ponteseditores.com.br\/loja3\/pontes-editores-home-2__trashed\/literatura\/o-marinheiro-vestibular-unicamp-2021\/#breadcrumb"},"inLanguage":"pt-BR","potentialAction":[{"@type":"ReadAction","target":["https:\/\/ponteseditores.com.br\/loja3\/pontes-editores-home-2__trashed\/literatura\/o-marinheiro-vestibular-unicamp-2021\/"]}]},{"@type":"ImageObject","inLanguage":"pt-BR","@id":"https:\/\/ponteseditores.com.br\/loja3\/pontes-editores-home-2__trashed\/literatura\/o-marinheiro-vestibular-unicamp-2021\/#primaryimage","url":"https:\/\/ponteseditores.com.br\/loja3\/wp-content\/uploads\/2023\/12\/mar1-3.jpg","contentUrl":"https:\/\/ponteseditores.com.br\/loja3\/wp-content\/uploads\/2023\/12\/mar1-3.jpg","width":900,"height":1283},{"@type":"BreadcrumbList","@id":"https:\/\/ponteseditores.com.br\/loja3\/pontes-editores-home-2__trashed\/literatura\/o-marinheiro-vestibular-unicamp-2021\/#breadcrumb","itemListElement":[{"@type":"ListItem","position":1,"name":"Home","item":"https:\/\/ponteseditores.com.br\/loja3\/"},{"@type":"ListItem","position":2,"name":"loja","item":"https:\/\/ponteseditores.com.br\/loja3\/loja\/"},{"@type":"ListItem","position":3,"name":"O MARINHEIRO &#8211; VESTIBULAR UNICAMP 2021"}]},{"@type":"WebSite","@id":"https:\/\/ponteseditores.com.br\/loja3\/#website","url":"https:\/\/ponteseditores.com.br\/loja3\/","name":"Pontes Editores","description":"Pontes Editores","publisher":{"@id":"https:\/\/ponteseditores.com.br\/loja3\/#organization"},"potentialAction":[{"@type":"SearchAction","target":{"@type":"EntryPoint","urlTemplate":"https:\/\/ponteseditores.com.br\/loja3\/?s={search_term_string}"},"query-input":{"@type":"PropertyValueSpecification","valueRequired":true,"valueName":"search_term_string"}}],"inLanguage":"pt-BR"},{"@type":"Organization","@id":"https:\/\/ponteseditores.com.br\/loja3\/#organization","name":"Pontes Editores","url":"https:\/\/ponteseditores.com.br\/loja3\/","logo":{"@type":"ImageObject","inLanguage":"pt-BR","@id":"https:\/\/ponteseditores.com.br\/loja3\/#\/schema\/logo\/image\/","url":"https:\/\/ponteseditores.com.br\/loja3\/wp-content\/uploads\/2023\/12\/logo-pontes-editores-v2.png","contentUrl":"https:\/\/ponteseditores.com.br\/loja3\/wp-content\/uploads\/2023\/12\/logo-pontes-editores-v2.png","width":258,"height":100,"caption":"Pontes Editores"},"image":{"@id":"https:\/\/ponteseditores.com.br\/loja3\/#\/schema\/logo\/image\/"}}]}},"_links":{"self":[{"href":"https:\/\/ponteseditores.com.br\/loja3\/wp-json\/wp\/v2\/product\/7949","targetHints":{"allow":["GET"]}}],"collection":[{"href":"https:\/\/ponteseditores.com.br\/loja3\/wp-json\/wp\/v2\/product"}],"about":[{"href":"https:\/\/ponteseditores.com.br\/loja3\/wp-json\/wp\/v2\/types\/product"}],"replies":[{"embeddable":true,"href":"https:\/\/ponteseditores.com.br\/loja3\/wp-json\/wp\/v2\/comments?post=7949"}],"version-history":[{"count":0,"href":"https:\/\/ponteseditores.com.br\/loja3\/wp-json\/wp\/v2\/product\/7949\/revisions"}],"wp:featuredmedia":[{"embeddable":true,"href":"https:\/\/ponteseditores.com.br\/loja3\/wp-json\/wp\/v2\/media\/7948"}],"wp:attachment":[{"href":"https:\/\/ponteseditores.com.br\/loja3\/wp-json\/wp\/v2\/media?parent=7949"}],"wp:term":[{"taxonomy":"product_brand","embeddable":true,"href":"https:\/\/ponteseditores.com.br\/loja3\/wp-json\/wp\/v2\/product_brand?post=7949"},{"taxonomy":"product_cat","embeddable":true,"href":"https:\/\/ponteseditores.com.br\/loja3\/wp-json\/wp\/v2\/product_cat?post=7949"},{"taxonomy":"product_tag","embeddable":true,"href":"https:\/\/ponteseditores.com.br\/loja3\/wp-json\/wp\/v2\/product_tag?post=7949"}],"curies":[{"name":"wp","href":"https:\/\/api.w.org\/{rel}","templated":true}]}}