{"id":7943,"date":"2023-12-15T09:08:11","date_gmt":"2023-12-15T12:08:11","guid":{"rendered":"https:\/\/ponteseditores.com.br\/loja3\/pontes-editores-home-2__trashed\/sem%20categoria\/nos-movimentos-de-uma-articulacao-analise-de-discurso-e-ensino\/"},"modified":"2023-12-15T11:55:00","modified_gmt":"2023-12-15T14:55:00","slug":"nos-movimentos-de-uma-articulacao-analise-de-discurso-e-ensino","status":"publish","type":"product","link":"https:\/\/ponteseditores.com.br\/loja3\/pontes-editores-home-2__trashed\/linguistica\/nos-movimentos-de-uma-articulacao-analise-de-discurso-e-ensino\/","title":{"rendered":"N(OS) MOVIMENTOS DE UMA ARTICULA\u00c7\u00c3O: AN\u00c1LISE DE DISCURSO E ENSINO"},"content":{"rendered":"<p>Este livro \u00e9 uma reuni\u00e3o de trabalhos de pesquisa filiados \u00e0 An\u00e1lise de Discurso materialista e que se dedicam a problematizar, em meio a idas e vindas entre teoria e pr\u00e1tica, a rela\u00e7\u00e3o discurso, pr\u00e1ticas de linguagem e ensino de L\u00edngua Portuguesa. Diante de uma heterogeneidade de propostas e abordagens de materialidades textuais, o objetivo do livro \u00e9 o de justamente empreender trajetos iluminados por conceitos discursivos, bem como abrir oportunidades para que a sala de aula seja um evento interpretativo, isto \u00e9, um espa\u00e7o em que haja possibilidades de efetiva\u00e7\u00e3o de autoria por parte de alunos e (tamb\u00e9m) de professores. Com efeito, ao investirmos n(os) movimentos dessa articula\u00e7\u00e3o entre An\u00e1lise de Discurso e ensino, como pesquisadores, professores de l\u00edngua portuguesa e sujeitos de linguagem, n\u00e3o somente constitu\u00edmos propostas, abordagens e gestos de leitura, mas tamb\u00e9m vamos nos constituindo, pela\/na An\u00e1lise de Discurso, em uma sedutora aventura marcada por tens\u00f5es e encantamentos por este campo.<\/p>\n","protected":false},"excerpt":{"rendered":"<p>Este livro \u00e9 uma reuni\u00e3o de trabalhos de pesquisa filiados \u00e0 An\u00e1lise de Discurso materialista e que se dedicam a problematizar, em meio a idas e vindas entre teoria e pr\u00e1tica, a rela\u00e7\u00e3o discurso, pr\u00e1ticas de linguagem e ensino de L\u00edngua Portuguesa. Diante de uma heterogeneidade de propostas e abordagens de materialidades textuais, o objetivo [&hellip;]<\/p>\n","protected":false},"featured_media":7942,"comment_status":"open","ping_status":"closed","template":"","meta":{"_joinchat":[]},"product_brand":[],"product_cat":[301,31],"product_tag":[],"class_list":{"0":"post-7943","1":"product","2":"type-product","3":"status-publish","4":"has-post-thumbnail","6":"product_cat-analise-de-discurso","7":"product_cat-linguistica","8":"product_shipping_class-livro-pontes-editores-fisico","10":"first","11":"instock","12":"shipping-taxable","13":"purchasable","14":"product-type-simple"},"yoast_head":"<!-- This site is optimized with the Yoast SEO plugin v27.4 - https:\/\/yoast.com\/product\/yoast-seo-wordpress\/ -->\n<title>N(OS) MOVIMENTOS DE UMA ARTICULA\u00c7\u00c3O: AN\u00c1LISE DE DISCURSO E ENSINO - Pontes Editores<\/title>\n<meta name=\"robots\" content=\"index, follow, max-snippet:-1, max-image-preview:large, max-video-preview:-1\" \/>\n<link rel=\"canonical\" href=\"https:\/\/ponteseditores.com.br\/loja3\/pontes-editores-home-2__trashed\/linguistica\/nos-movimentos-de-uma-articulacao-analise-de-discurso-e-ensino\/\" \/>\n<meta property=\"og:locale\" content=\"pt_BR\" \/>\n<meta property=\"og:type\" content=\"article\" \/>\n<meta property=\"og:title\" content=\"N(OS) MOVIMENTOS DE UMA ARTICULA\u00c7\u00c3O: AN\u00c1LISE DE DISCURSO E ENSINO - Pontes Editores\" \/>\n<meta property=\"og:description\" content=\"Este livro \u00e9 uma reuni\u00e3o de trabalhos de pesquisa filiados \u00e0 An\u00e1lise de Discurso materialista e que se dedicam a problematizar, em meio a idas e vindas entre teoria e pr\u00e1tica, a rela\u00e7\u00e3o discurso, pr\u00e1ticas de linguagem e ensino de L\u00edngua Portuguesa. Diante de uma heterogeneidade de propostas e abordagens de materialidades textuais, o objetivo [&hellip;]\" \/>\n<meta property=\"og:url\" content=\"https:\/\/ponteseditores.com.br\/loja3\/pontes-editores-home-2__trashed\/linguistica\/nos-movimentos-de-uma-articulacao-analise-de-discurso-e-ensino\/\" \/>\n<meta property=\"og:site_name\" content=\"Pontes Editores\" \/>\n<meta property=\"article:modified_time\" content=\"2023-12-15T14:55:00+00:00\" \/>\n<meta property=\"og:image\" content=\"https:\/\/ponteseditores.com.br\/loja3\/wp-content\/uploads\/2023\/12\/mov1-3.jpg\" \/>\n\t<meta property=\"og:image:width\" content=\"900\" \/>\n\t<meta property=\"og:image:height\" content=\"1344\" \/>\n\t<meta property=\"og:image:type\" content=\"image\/jpeg\" \/>\n<meta name=\"twitter:card\" content=\"summary_large_image\" \/>\n<meta name=\"twitter:label1\" content=\"Est. tempo de leitura\" \/>\n\t<meta name=\"twitter:data1\" content=\"1 minuto\" \/>\n<script type=\"application\/ld+json\" class=\"yoast-schema-graph\">{\"@context\":\"https:\\\/\\\/schema.org\",\"@graph\":[{\"@type\":\"WebPage\",\"@id\":\"https:\\\/\\\/ponteseditores.com.br\\\/loja3\\\/pontes-editores-home-2__trashed\\\/linguistica\\\/nos-movimentos-de-uma-articulacao-analise-de-discurso-e-ensino\\\/\",\"url\":\"https:\\\/\\\/ponteseditores.com.br\\\/loja3\\\/pontes-editores-home-2__trashed\\\/linguistica\\\/nos-movimentos-de-uma-articulacao-analise-de-discurso-e-ensino\\\/\",\"name\":\"N(OS) MOVIMENTOS DE UMA ARTICULA\u00c7\u00c3O: AN\u00c1LISE DE DISCURSO E ENSINO - Pontes Editores\",\"isPartOf\":{\"@id\":\"https:\\\/\\\/ponteseditores.com.br\\\/loja3\\\/#website\"},\"primaryImageOfPage\":{\"@id\":\"https:\\\/\\\/ponteseditores.com.br\\\/loja3\\\/pontes-editores-home-2__trashed\\\/linguistica\\\/nos-movimentos-de-uma-articulacao-analise-de-discurso-e-ensino\\\/#primaryimage\"},\"image\":{\"@id\":\"https:\\\/\\\/ponteseditores.com.br\\\/loja3\\\/pontes-editores-home-2__trashed\\\/linguistica\\\/nos-movimentos-de-uma-articulacao-analise-de-discurso-e-ensino\\\/#primaryimage\"},\"thumbnailUrl\":\"https:\\\/\\\/ponteseditores.com.br\\\/loja3\\\/wp-content\\\/uploads\\\/2023\\\/12\\\/mov1-3.jpg\",\"datePublished\":\"2023-12-15T12:08:11+00:00\",\"dateModified\":\"2023-12-15T14:55:00+00:00\",\"breadcrumb\":{\"@id\":\"https:\\\/\\\/ponteseditores.com.br\\\/loja3\\\/pontes-editores-home-2__trashed\\\/linguistica\\\/nos-movimentos-de-uma-articulacao-analise-de-discurso-e-ensino\\\/#breadcrumb\"},\"inLanguage\":\"pt-BR\",\"potentialAction\":[{\"@type\":\"ReadAction\",\"target\":[\"https:\\\/\\\/ponteseditores.com.br\\\/loja3\\\/pontes-editores-home-2__trashed\\\/linguistica\\\/nos-movimentos-de-uma-articulacao-analise-de-discurso-e-ensino\\\/\"]}]},{\"@type\":\"ImageObject\",\"inLanguage\":\"pt-BR\",\"@id\":\"https:\\\/\\\/ponteseditores.com.br\\\/loja3\\\/pontes-editores-home-2__trashed\\\/linguistica\\\/nos-movimentos-de-uma-articulacao-analise-de-discurso-e-ensino\\\/#primaryimage\",\"url\":\"https:\\\/\\\/ponteseditores.com.br\\\/loja3\\\/wp-content\\\/uploads\\\/2023\\\/12\\\/mov1-3.jpg\",\"contentUrl\":\"https:\\\/\\\/ponteseditores.com.br\\\/loja3\\\/wp-content\\\/uploads\\\/2023\\\/12\\\/mov1-3.jpg\",\"width\":900,\"height\":1344},{\"@type\":\"BreadcrumbList\",\"@id\":\"https:\\\/\\\/ponteseditores.com.br\\\/loja3\\\/pontes-editores-home-2__trashed\\\/linguistica\\\/nos-movimentos-de-uma-articulacao-analise-de-discurso-e-ensino\\\/#breadcrumb\",\"itemListElement\":[{\"@type\":\"ListItem\",\"position\":1,\"name\":\"Home\",\"item\":\"https:\\\/\\\/ponteseditores.com.br\\\/loja3\\\/\"},{\"@type\":\"ListItem\",\"position\":2,\"name\":\"loja\",\"item\":\"https:\\\/\\\/ponteseditores.com.br\\\/loja3\\\/loja\\\/\"},{\"@type\":\"ListItem\",\"position\":3,\"name\":\"N(OS) MOVIMENTOS DE UMA ARTICULA\u00c7\u00c3O: AN\u00c1LISE DE DISCURSO E ENSINO\"}]},{\"@type\":\"WebSite\",\"@id\":\"https:\\\/\\\/ponteseditores.com.br\\\/loja3\\\/#website\",\"url\":\"https:\\\/\\\/ponteseditores.com.br\\\/loja3\\\/\",\"name\":\"Pontes Editores\",\"description\":\"Pontes Editores\",\"publisher\":{\"@id\":\"https:\\\/\\\/ponteseditores.com.br\\\/loja3\\\/#organization\"},\"potentialAction\":[{\"@type\":\"SearchAction\",\"target\":{\"@type\":\"EntryPoint\",\"urlTemplate\":\"https:\\\/\\\/ponteseditores.com.br\\\/loja3\\\/?s={search_term_string}\"},\"query-input\":{\"@type\":\"PropertyValueSpecification\",\"valueRequired\":true,\"valueName\":\"search_term_string\"}}],\"inLanguage\":\"pt-BR\"},{\"@type\":\"Organization\",\"@id\":\"https:\\\/\\\/ponteseditores.com.br\\\/loja3\\\/#organization\",\"name\":\"Pontes Editores\",\"url\":\"https:\\\/\\\/ponteseditores.com.br\\\/loja3\\\/\",\"logo\":{\"@type\":\"ImageObject\",\"inLanguage\":\"pt-BR\",\"@id\":\"https:\\\/\\\/ponteseditores.com.br\\\/loja3\\\/#\\\/schema\\\/logo\\\/image\\\/\",\"url\":\"https:\\\/\\\/ponteseditores.com.br\\\/loja3\\\/wp-content\\\/uploads\\\/2023\\\/12\\\/logo-pontes-editores-v2.png\",\"contentUrl\":\"https:\\\/\\\/ponteseditores.com.br\\\/loja3\\\/wp-content\\\/uploads\\\/2023\\\/12\\\/logo-pontes-editores-v2.png\",\"width\":258,\"height\":100,\"caption\":\"Pontes Editores\"},\"image\":{\"@id\":\"https:\\\/\\\/ponteseditores.com.br\\\/loja3\\\/#\\\/schema\\\/logo\\\/image\\\/\"}}]}<\/script>\n<!-- \/ Yoast SEO plugin. -->","yoast_head_json":{"title":"N(OS) MOVIMENTOS DE UMA ARTICULA\u00c7\u00c3O: AN\u00c1LISE DE DISCURSO E ENSINO - Pontes Editores","robots":{"index":"index","follow":"follow","max-snippet":"max-snippet:-1","max-image-preview":"max-image-preview:large","max-video-preview":"max-video-preview:-1"},"canonical":"https:\/\/ponteseditores.com.br\/loja3\/pontes-editores-home-2__trashed\/linguistica\/nos-movimentos-de-uma-articulacao-analise-de-discurso-e-ensino\/","og_locale":"pt_BR","og_type":"article","og_title":"N(OS) MOVIMENTOS DE UMA ARTICULA\u00c7\u00c3O: AN\u00c1LISE DE DISCURSO E ENSINO - Pontes Editores","og_description":"Este livro \u00e9 uma reuni\u00e3o de trabalhos de pesquisa filiados \u00e0 An\u00e1lise de Discurso materialista e que se dedicam a problematizar, em meio a idas e vindas entre teoria e pr\u00e1tica, a rela\u00e7\u00e3o discurso, pr\u00e1ticas de linguagem e ensino de L\u00edngua Portuguesa. Diante de uma heterogeneidade de propostas e abordagens de materialidades textuais, o objetivo [&hellip;]","og_url":"https:\/\/ponteseditores.com.br\/loja3\/pontes-editores-home-2__trashed\/linguistica\/nos-movimentos-de-uma-articulacao-analise-de-discurso-e-ensino\/","og_site_name":"Pontes Editores","article_modified_time":"2023-12-15T14:55:00+00:00","og_image":[{"width":900,"height":1344,"url":"https:\/\/ponteseditores.com.br\/loja3\/wp-content\/uploads\/2023\/12\/mov1-3.jpg","type":"image\/jpeg"}],"twitter_card":"summary_large_image","twitter_misc":{"Est. tempo de leitura":"1 minuto"},"schema":{"@context":"https:\/\/schema.org","@graph":[{"@type":"WebPage","@id":"https:\/\/ponteseditores.com.br\/loja3\/pontes-editores-home-2__trashed\/linguistica\/nos-movimentos-de-uma-articulacao-analise-de-discurso-e-ensino\/","url":"https:\/\/ponteseditores.com.br\/loja3\/pontes-editores-home-2__trashed\/linguistica\/nos-movimentos-de-uma-articulacao-analise-de-discurso-e-ensino\/","name":"N(OS) MOVIMENTOS DE UMA ARTICULA\u00c7\u00c3O: AN\u00c1LISE DE DISCURSO E ENSINO - Pontes Editores","isPartOf":{"@id":"https:\/\/ponteseditores.com.br\/loja3\/#website"},"primaryImageOfPage":{"@id":"https:\/\/ponteseditores.com.br\/loja3\/pontes-editores-home-2__trashed\/linguistica\/nos-movimentos-de-uma-articulacao-analise-de-discurso-e-ensino\/#primaryimage"},"image":{"@id":"https:\/\/ponteseditores.com.br\/loja3\/pontes-editores-home-2__trashed\/linguistica\/nos-movimentos-de-uma-articulacao-analise-de-discurso-e-ensino\/#primaryimage"},"thumbnailUrl":"https:\/\/ponteseditores.com.br\/loja3\/wp-content\/uploads\/2023\/12\/mov1-3.jpg","datePublished":"2023-12-15T12:08:11+00:00","dateModified":"2023-12-15T14:55:00+00:00","breadcrumb":{"@id":"https:\/\/ponteseditores.com.br\/loja3\/pontes-editores-home-2__trashed\/linguistica\/nos-movimentos-de-uma-articulacao-analise-de-discurso-e-ensino\/#breadcrumb"},"inLanguage":"pt-BR","potentialAction":[{"@type":"ReadAction","target":["https:\/\/ponteseditores.com.br\/loja3\/pontes-editores-home-2__trashed\/linguistica\/nos-movimentos-de-uma-articulacao-analise-de-discurso-e-ensino\/"]}]},{"@type":"ImageObject","inLanguage":"pt-BR","@id":"https:\/\/ponteseditores.com.br\/loja3\/pontes-editores-home-2__trashed\/linguistica\/nos-movimentos-de-uma-articulacao-analise-de-discurso-e-ensino\/#primaryimage","url":"https:\/\/ponteseditores.com.br\/loja3\/wp-content\/uploads\/2023\/12\/mov1-3.jpg","contentUrl":"https:\/\/ponteseditores.com.br\/loja3\/wp-content\/uploads\/2023\/12\/mov1-3.jpg","width":900,"height":1344},{"@type":"BreadcrumbList","@id":"https:\/\/ponteseditores.com.br\/loja3\/pontes-editores-home-2__trashed\/linguistica\/nos-movimentos-de-uma-articulacao-analise-de-discurso-e-ensino\/#breadcrumb","itemListElement":[{"@type":"ListItem","position":1,"name":"Home","item":"https:\/\/ponteseditores.com.br\/loja3\/"},{"@type":"ListItem","position":2,"name":"loja","item":"https:\/\/ponteseditores.com.br\/loja3\/loja\/"},{"@type":"ListItem","position":3,"name":"N(OS) MOVIMENTOS DE UMA ARTICULA\u00c7\u00c3O: AN\u00c1LISE DE DISCURSO E ENSINO"}]},{"@type":"WebSite","@id":"https:\/\/ponteseditores.com.br\/loja3\/#website","url":"https:\/\/ponteseditores.com.br\/loja3\/","name":"Pontes Editores","description":"Pontes Editores","publisher":{"@id":"https:\/\/ponteseditores.com.br\/loja3\/#organization"},"potentialAction":[{"@type":"SearchAction","target":{"@type":"EntryPoint","urlTemplate":"https:\/\/ponteseditores.com.br\/loja3\/?s={search_term_string}"},"query-input":{"@type":"PropertyValueSpecification","valueRequired":true,"valueName":"search_term_string"}}],"inLanguage":"pt-BR"},{"@type":"Organization","@id":"https:\/\/ponteseditores.com.br\/loja3\/#organization","name":"Pontes Editores","url":"https:\/\/ponteseditores.com.br\/loja3\/","logo":{"@type":"ImageObject","inLanguage":"pt-BR","@id":"https:\/\/ponteseditores.com.br\/loja3\/#\/schema\/logo\/image\/","url":"https:\/\/ponteseditores.com.br\/loja3\/wp-content\/uploads\/2023\/12\/logo-pontes-editores-v2.png","contentUrl":"https:\/\/ponteseditores.com.br\/loja3\/wp-content\/uploads\/2023\/12\/logo-pontes-editores-v2.png","width":258,"height":100,"caption":"Pontes Editores"},"image":{"@id":"https:\/\/ponteseditores.com.br\/loja3\/#\/schema\/logo\/image\/"}}]}},"_links":{"self":[{"href":"https:\/\/ponteseditores.com.br\/loja3\/wp-json\/wp\/v2\/product\/7943","targetHints":{"allow":["GET"]}}],"collection":[{"href":"https:\/\/ponteseditores.com.br\/loja3\/wp-json\/wp\/v2\/product"}],"about":[{"href":"https:\/\/ponteseditores.com.br\/loja3\/wp-json\/wp\/v2\/types\/product"}],"replies":[{"embeddable":true,"href":"https:\/\/ponteseditores.com.br\/loja3\/wp-json\/wp\/v2\/comments?post=7943"}],"version-history":[{"count":0,"href":"https:\/\/ponteseditores.com.br\/loja3\/wp-json\/wp\/v2\/product\/7943\/revisions"}],"wp:featuredmedia":[{"embeddable":true,"href":"https:\/\/ponteseditores.com.br\/loja3\/wp-json\/wp\/v2\/media\/7942"}],"wp:attachment":[{"href":"https:\/\/ponteseditores.com.br\/loja3\/wp-json\/wp\/v2\/media?parent=7943"}],"wp:term":[{"taxonomy":"product_brand","embeddable":true,"href":"https:\/\/ponteseditores.com.br\/loja3\/wp-json\/wp\/v2\/product_brand?post=7943"},{"taxonomy":"product_cat","embeddable":true,"href":"https:\/\/ponteseditores.com.br\/loja3\/wp-json\/wp\/v2\/product_cat?post=7943"},{"taxonomy":"product_tag","embeddable":true,"href":"https:\/\/ponteseditores.com.br\/loja3\/wp-json\/wp\/v2\/product_tag?post=7943"}],"curies":[{"name":"wp","href":"https:\/\/api.w.org\/{rel}","templated":true}]}}