{"id":7939,"date":"2023-12-15T09:06:53","date_gmt":"2023-12-15T12:06:53","guid":{"rendered":"https:\/\/ponteseditores.com.br\/loja3\/pontes-editores-home-2__trashed\/sem%20categoria\/cartografia-gelne-20-anos-de-pesquisas-em-linguistica-e-literatura-volume-ii\/"},"modified":"2023-12-15T11:55:00","modified_gmt":"2023-12-15T14:55:00","slug":"cartografia-gelne-20-anos-de-pesquisas-em-linguistica-e-literatura-volume-ii","status":"publish","type":"product","link":"https:\/\/ponteseditores.com.br\/loja3\/pontes-editores-home-2__trashed\/linguistica\/cartografia-gelne-20-anos-de-pesquisas-em-linguistica-e-literatura-volume-ii\/","title":{"rendered":"Cartografia GelNE: 20 anos de pesquisas em Lingu\u00edstica e Literatura &#8211; Volume II"},"content":{"rendered":"<p>\u201cCartografia\u201d \u00e9 palavra inspiradora, da mesma forma que \u201cmapeamento\u201d. Um mapa serve ao prop\u00f3sito da orienta\u00e7\u00e3o, n\u00e3o s\u00f3 no espa\u00e7o, mas tamb\u00e9m no tempo. Se considerarmos que, ao observar os primeiros mapas feitos de nosso planeta, veremos que eles s\u00e3o fechados. N\u00e3o h\u00e1 neles espa\u00e7o para mais nada, visto que as mentalidades, em cujo contexto eles surgiram, eram cosmovis\u00f5es fechadas, ou seja, acreditava-se que tudo que havia para saber j\u00e1 era sabido, n\u00e3o havendo, portanto, necessidade de procurar por mais nada al\u00e9m do conhecido. Essa \u00e9 a mentalidade antiga, tradicional. A modernidade inaugura um outro tipo de mapa, que \u00e9 aquele em que aparecem vastas \u00e1reas do planeta em aberto, ainda por serem desenhadas. O presente volume surge, assim, como um mapa moderno que, mais do que trazer a explora\u00e7\u00e3o e descri\u00e7\u00e3o do que j\u00e1 \u00e9 conhecido, impele para que nos debrucemos sobre aqueles locais indicados no \u201cmapa\u201d como ainda estando em aberto. Insta-nos, desse modo, a que envidemos esfor\u00e7os na explora\u00e7\u00e3o desses vazios, mediante a institui\u00e7\u00e3o e institucionaliza\u00e7\u00e3o de pesquisas e grupos de pesquisa que abarquem os vazios, as lacunas aqui apontadas.<\/p>\n<p>Roberto Henrique Seidel (UNEB)<\/p>\n","protected":false},"excerpt":{"rendered":"<p>\u201cCartografia\u201d \u00e9 palavra inspiradora, da mesma forma que \u201cmapeamento\u201d. Um mapa serve ao prop\u00f3sito da orienta\u00e7\u00e3o, n\u00e3o s\u00f3 no espa\u00e7o, mas tamb\u00e9m no tempo. Se considerarmos que, ao observar os primeiros mapas feitos de nosso planeta, veremos que eles s\u00e3o fechados. N\u00e3o h\u00e1 neles espa\u00e7o para mais nada, visto que as mentalidades, em cujo contexto [&hellip;]<\/p>\n","protected":false},"featured_media":7938,"comment_status":"open","ping_status":"closed","template":"","meta":{"_joinchat":[]},"product_brand":[],"product_cat":[31,287],"product_tag":[],"class_list":{"0":"post-7939","1":"product","2":"type-product","3":"status-publish","4":"has-post-thumbnail","6":"product_cat-linguistica","7":"product_cat-literatura","8":"product_shipping_class-livro-pontes-editores-fisico","10":"first","11":"instock","12":"shipping-taxable","13":"purchasable","14":"product-type-simple"},"yoast_head":"<!-- This site is optimized with the Yoast SEO plugin v27.4 - https:\/\/yoast.com\/product\/yoast-seo-wordpress\/ -->\n<title>Cartografia GelNE: 20 anos de pesquisas em Lingu\u00edstica e Literatura - Volume II - Pontes Editores<\/title>\n<meta name=\"robots\" content=\"index, follow, max-snippet:-1, max-image-preview:large, max-video-preview:-1\" \/>\n<link rel=\"canonical\" href=\"https:\/\/ponteseditores.com.br\/loja3\/pontes-editores-home-2__trashed\/linguistica\/cartografia-gelne-20-anos-de-pesquisas-em-linguistica-e-literatura-volume-ii\/\" \/>\n<meta property=\"og:locale\" content=\"pt_BR\" \/>\n<meta property=\"og:type\" content=\"article\" \/>\n<meta property=\"og:title\" content=\"Cartografia GelNE: 20 anos de pesquisas em Lingu\u00edstica e Literatura - Volume II - Pontes Editores\" \/>\n<meta property=\"og:description\" content=\"\u201cCartografia\u201d \u00e9 palavra inspiradora, da mesma forma que \u201cmapeamento\u201d. Um mapa serve ao prop\u00f3sito da orienta\u00e7\u00e3o, n\u00e3o s\u00f3 no espa\u00e7o, mas tamb\u00e9m no tempo. Se considerarmos que, ao observar os primeiros mapas feitos de nosso planeta, veremos que eles s\u00e3o fechados. N\u00e3o h\u00e1 neles espa\u00e7o para mais nada, visto que as mentalidades, em cujo contexto [&hellip;]\" \/>\n<meta property=\"og:url\" content=\"https:\/\/ponteseditores.com.br\/loja3\/pontes-editores-home-2__trashed\/linguistica\/cartografia-gelne-20-anos-de-pesquisas-em-linguistica-e-literatura-volume-ii\/\" \/>\n<meta property=\"og:site_name\" content=\"Pontes Editores\" \/>\n<meta property=\"article:modified_time\" content=\"2023-12-15T14:55:00+00:00\" \/>\n<meta property=\"og:image\" content=\"https:\/\/ponteseditores.com.br\/loja3\/wp-content\/uploads\/2023\/12\/Capa_GELNE_II-3-scaled.jpg\" \/>\n\t<meta property=\"og:image:width\" content=\"1781\" \/>\n\t<meta property=\"og:image:height\" content=\"2560\" \/>\n\t<meta property=\"og:image:type\" content=\"image\/jpeg\" \/>\n<meta name=\"twitter:card\" content=\"summary_large_image\" \/>\n<meta name=\"twitter:label1\" content=\"Est. tempo de leitura\" \/>\n\t<meta name=\"twitter:data1\" content=\"1 minuto\" \/>\n<script type=\"application\/ld+json\" class=\"yoast-schema-graph\">{\"@context\":\"https:\\\/\\\/schema.org\",\"@graph\":[{\"@type\":\"WebPage\",\"@id\":\"https:\\\/\\\/ponteseditores.com.br\\\/loja3\\\/pontes-editores-home-2__trashed\\\/linguistica\\\/cartografia-gelne-20-anos-de-pesquisas-em-linguistica-e-literatura-volume-ii\\\/\",\"url\":\"https:\\\/\\\/ponteseditores.com.br\\\/loja3\\\/pontes-editores-home-2__trashed\\\/linguistica\\\/cartografia-gelne-20-anos-de-pesquisas-em-linguistica-e-literatura-volume-ii\\\/\",\"name\":\"Cartografia GelNE: 20 anos de pesquisas em Lingu\u00edstica e Literatura - Volume II - Pontes Editores\",\"isPartOf\":{\"@id\":\"https:\\\/\\\/ponteseditores.com.br\\\/loja3\\\/#website\"},\"primaryImageOfPage\":{\"@id\":\"https:\\\/\\\/ponteseditores.com.br\\\/loja3\\\/pontes-editores-home-2__trashed\\\/linguistica\\\/cartografia-gelne-20-anos-de-pesquisas-em-linguistica-e-literatura-volume-ii\\\/#primaryimage\"},\"image\":{\"@id\":\"https:\\\/\\\/ponteseditores.com.br\\\/loja3\\\/pontes-editores-home-2__trashed\\\/linguistica\\\/cartografia-gelne-20-anos-de-pesquisas-em-linguistica-e-literatura-volume-ii\\\/#primaryimage\"},\"thumbnailUrl\":\"https:\\\/\\\/ponteseditores.com.br\\\/loja3\\\/wp-content\\\/uploads\\\/2023\\\/12\\\/Capa_GELNE_II-3-scaled.jpg\",\"datePublished\":\"2023-12-15T12:06:53+00:00\",\"dateModified\":\"2023-12-15T14:55:00+00:00\",\"breadcrumb\":{\"@id\":\"https:\\\/\\\/ponteseditores.com.br\\\/loja3\\\/pontes-editores-home-2__trashed\\\/linguistica\\\/cartografia-gelne-20-anos-de-pesquisas-em-linguistica-e-literatura-volume-ii\\\/#breadcrumb\"},\"inLanguage\":\"pt-BR\",\"potentialAction\":[{\"@type\":\"ReadAction\",\"target\":[\"https:\\\/\\\/ponteseditores.com.br\\\/loja3\\\/pontes-editores-home-2__trashed\\\/linguistica\\\/cartografia-gelne-20-anos-de-pesquisas-em-linguistica-e-literatura-volume-ii\\\/\"]}]},{\"@type\":\"ImageObject\",\"inLanguage\":\"pt-BR\",\"@id\":\"https:\\\/\\\/ponteseditores.com.br\\\/loja3\\\/pontes-editores-home-2__trashed\\\/linguistica\\\/cartografia-gelne-20-anos-de-pesquisas-em-linguistica-e-literatura-volume-ii\\\/#primaryimage\",\"url\":\"https:\\\/\\\/ponteseditores.com.br\\\/loja3\\\/wp-content\\\/uploads\\\/2023\\\/12\\\/Capa_GELNE_II-3-scaled.jpg\",\"contentUrl\":\"https:\\\/\\\/ponteseditores.com.br\\\/loja3\\\/wp-content\\\/uploads\\\/2023\\\/12\\\/Capa_GELNE_II-3-scaled.jpg\",\"width\":1781,\"height\":2560},{\"@type\":\"BreadcrumbList\",\"@id\":\"https:\\\/\\\/ponteseditores.com.br\\\/loja3\\\/pontes-editores-home-2__trashed\\\/linguistica\\\/cartografia-gelne-20-anos-de-pesquisas-em-linguistica-e-literatura-volume-ii\\\/#breadcrumb\",\"itemListElement\":[{\"@type\":\"ListItem\",\"position\":1,\"name\":\"Home\",\"item\":\"https:\\\/\\\/ponteseditores.com.br\\\/loja3\\\/\"},{\"@type\":\"ListItem\",\"position\":2,\"name\":\"loja\",\"item\":\"https:\\\/\\\/ponteseditores.com.br\\\/loja3\\\/loja\\\/\"},{\"@type\":\"ListItem\",\"position\":3,\"name\":\"Cartografia GelNE: 20 anos de pesquisas em Lingu\u00edstica e Literatura &#8211; Volume II\"}]},{\"@type\":\"WebSite\",\"@id\":\"https:\\\/\\\/ponteseditores.com.br\\\/loja3\\\/#website\",\"url\":\"https:\\\/\\\/ponteseditores.com.br\\\/loja3\\\/\",\"name\":\"Pontes Editores\",\"description\":\"Pontes Editores\",\"publisher\":{\"@id\":\"https:\\\/\\\/ponteseditores.com.br\\\/loja3\\\/#organization\"},\"potentialAction\":[{\"@type\":\"SearchAction\",\"target\":{\"@type\":\"EntryPoint\",\"urlTemplate\":\"https:\\\/\\\/ponteseditores.com.br\\\/loja3\\\/?s={search_term_string}\"},\"query-input\":{\"@type\":\"PropertyValueSpecification\",\"valueRequired\":true,\"valueName\":\"search_term_string\"}}],\"inLanguage\":\"pt-BR\"},{\"@type\":\"Organization\",\"@id\":\"https:\\\/\\\/ponteseditores.com.br\\\/loja3\\\/#organization\",\"name\":\"Pontes Editores\",\"url\":\"https:\\\/\\\/ponteseditores.com.br\\\/loja3\\\/\",\"logo\":{\"@type\":\"ImageObject\",\"inLanguage\":\"pt-BR\",\"@id\":\"https:\\\/\\\/ponteseditores.com.br\\\/loja3\\\/#\\\/schema\\\/logo\\\/image\\\/\",\"url\":\"https:\\\/\\\/ponteseditores.com.br\\\/loja3\\\/wp-content\\\/uploads\\\/2023\\\/12\\\/logo-pontes-editores-v2.png\",\"contentUrl\":\"https:\\\/\\\/ponteseditores.com.br\\\/loja3\\\/wp-content\\\/uploads\\\/2023\\\/12\\\/logo-pontes-editores-v2.png\",\"width\":258,\"height\":100,\"caption\":\"Pontes Editores\"},\"image\":{\"@id\":\"https:\\\/\\\/ponteseditores.com.br\\\/loja3\\\/#\\\/schema\\\/logo\\\/image\\\/\"}}]}<\/script>\n<!-- \/ Yoast SEO plugin. -->","yoast_head_json":{"title":"Cartografia GelNE: 20 anos de pesquisas em Lingu\u00edstica e Literatura - Volume II - Pontes Editores","robots":{"index":"index","follow":"follow","max-snippet":"max-snippet:-1","max-image-preview":"max-image-preview:large","max-video-preview":"max-video-preview:-1"},"canonical":"https:\/\/ponteseditores.com.br\/loja3\/pontes-editores-home-2__trashed\/linguistica\/cartografia-gelne-20-anos-de-pesquisas-em-linguistica-e-literatura-volume-ii\/","og_locale":"pt_BR","og_type":"article","og_title":"Cartografia GelNE: 20 anos de pesquisas em Lingu\u00edstica e Literatura - Volume II - Pontes Editores","og_description":"\u201cCartografia\u201d \u00e9 palavra inspiradora, da mesma forma que \u201cmapeamento\u201d. Um mapa serve ao prop\u00f3sito da orienta\u00e7\u00e3o, n\u00e3o s\u00f3 no espa\u00e7o, mas tamb\u00e9m no tempo. Se considerarmos que, ao observar os primeiros mapas feitos de nosso planeta, veremos que eles s\u00e3o fechados. N\u00e3o h\u00e1 neles espa\u00e7o para mais nada, visto que as mentalidades, em cujo contexto [&hellip;]","og_url":"https:\/\/ponteseditores.com.br\/loja3\/pontes-editores-home-2__trashed\/linguistica\/cartografia-gelne-20-anos-de-pesquisas-em-linguistica-e-literatura-volume-ii\/","og_site_name":"Pontes Editores","article_modified_time":"2023-12-15T14:55:00+00:00","og_image":[{"width":1781,"height":2560,"url":"https:\/\/ponteseditores.com.br\/loja3\/wp-content\/uploads\/2023\/12\/Capa_GELNE_II-3-scaled.jpg","type":"image\/jpeg"}],"twitter_card":"summary_large_image","twitter_misc":{"Est. tempo de leitura":"1 minuto"},"schema":{"@context":"https:\/\/schema.org","@graph":[{"@type":"WebPage","@id":"https:\/\/ponteseditores.com.br\/loja3\/pontes-editores-home-2__trashed\/linguistica\/cartografia-gelne-20-anos-de-pesquisas-em-linguistica-e-literatura-volume-ii\/","url":"https:\/\/ponteseditores.com.br\/loja3\/pontes-editores-home-2__trashed\/linguistica\/cartografia-gelne-20-anos-de-pesquisas-em-linguistica-e-literatura-volume-ii\/","name":"Cartografia GelNE: 20 anos de pesquisas em Lingu\u00edstica e Literatura - Volume II - Pontes Editores","isPartOf":{"@id":"https:\/\/ponteseditores.com.br\/loja3\/#website"},"primaryImageOfPage":{"@id":"https:\/\/ponteseditores.com.br\/loja3\/pontes-editores-home-2__trashed\/linguistica\/cartografia-gelne-20-anos-de-pesquisas-em-linguistica-e-literatura-volume-ii\/#primaryimage"},"image":{"@id":"https:\/\/ponteseditores.com.br\/loja3\/pontes-editores-home-2__trashed\/linguistica\/cartografia-gelne-20-anos-de-pesquisas-em-linguistica-e-literatura-volume-ii\/#primaryimage"},"thumbnailUrl":"https:\/\/ponteseditores.com.br\/loja3\/wp-content\/uploads\/2023\/12\/Capa_GELNE_II-3-scaled.jpg","datePublished":"2023-12-15T12:06:53+00:00","dateModified":"2023-12-15T14:55:00+00:00","breadcrumb":{"@id":"https:\/\/ponteseditores.com.br\/loja3\/pontes-editores-home-2__trashed\/linguistica\/cartografia-gelne-20-anos-de-pesquisas-em-linguistica-e-literatura-volume-ii\/#breadcrumb"},"inLanguage":"pt-BR","potentialAction":[{"@type":"ReadAction","target":["https:\/\/ponteseditores.com.br\/loja3\/pontes-editores-home-2__trashed\/linguistica\/cartografia-gelne-20-anos-de-pesquisas-em-linguistica-e-literatura-volume-ii\/"]}]},{"@type":"ImageObject","inLanguage":"pt-BR","@id":"https:\/\/ponteseditores.com.br\/loja3\/pontes-editores-home-2__trashed\/linguistica\/cartografia-gelne-20-anos-de-pesquisas-em-linguistica-e-literatura-volume-ii\/#primaryimage","url":"https:\/\/ponteseditores.com.br\/loja3\/wp-content\/uploads\/2023\/12\/Capa_GELNE_II-3-scaled.jpg","contentUrl":"https:\/\/ponteseditores.com.br\/loja3\/wp-content\/uploads\/2023\/12\/Capa_GELNE_II-3-scaled.jpg","width":1781,"height":2560},{"@type":"BreadcrumbList","@id":"https:\/\/ponteseditores.com.br\/loja3\/pontes-editores-home-2__trashed\/linguistica\/cartografia-gelne-20-anos-de-pesquisas-em-linguistica-e-literatura-volume-ii\/#breadcrumb","itemListElement":[{"@type":"ListItem","position":1,"name":"Home","item":"https:\/\/ponteseditores.com.br\/loja3\/"},{"@type":"ListItem","position":2,"name":"loja","item":"https:\/\/ponteseditores.com.br\/loja3\/loja\/"},{"@type":"ListItem","position":3,"name":"Cartografia GelNE: 20 anos de pesquisas em Lingu\u00edstica e Literatura &#8211; Volume II"}]},{"@type":"WebSite","@id":"https:\/\/ponteseditores.com.br\/loja3\/#website","url":"https:\/\/ponteseditores.com.br\/loja3\/","name":"Pontes Editores","description":"Pontes Editores","publisher":{"@id":"https:\/\/ponteseditores.com.br\/loja3\/#organization"},"potentialAction":[{"@type":"SearchAction","target":{"@type":"EntryPoint","urlTemplate":"https:\/\/ponteseditores.com.br\/loja3\/?s={search_term_string}"},"query-input":{"@type":"PropertyValueSpecification","valueRequired":true,"valueName":"search_term_string"}}],"inLanguage":"pt-BR"},{"@type":"Organization","@id":"https:\/\/ponteseditores.com.br\/loja3\/#organization","name":"Pontes Editores","url":"https:\/\/ponteseditores.com.br\/loja3\/","logo":{"@type":"ImageObject","inLanguage":"pt-BR","@id":"https:\/\/ponteseditores.com.br\/loja3\/#\/schema\/logo\/image\/","url":"https:\/\/ponteseditores.com.br\/loja3\/wp-content\/uploads\/2023\/12\/logo-pontes-editores-v2.png","contentUrl":"https:\/\/ponteseditores.com.br\/loja3\/wp-content\/uploads\/2023\/12\/logo-pontes-editores-v2.png","width":258,"height":100,"caption":"Pontes Editores"},"image":{"@id":"https:\/\/ponteseditores.com.br\/loja3\/#\/schema\/logo\/image\/"}}]}},"_links":{"self":[{"href":"https:\/\/ponteseditores.com.br\/loja3\/wp-json\/wp\/v2\/product\/7939","targetHints":{"allow":["GET"]}}],"collection":[{"href":"https:\/\/ponteseditores.com.br\/loja3\/wp-json\/wp\/v2\/product"}],"about":[{"href":"https:\/\/ponteseditores.com.br\/loja3\/wp-json\/wp\/v2\/types\/product"}],"replies":[{"embeddable":true,"href":"https:\/\/ponteseditores.com.br\/loja3\/wp-json\/wp\/v2\/comments?post=7939"}],"version-history":[{"count":0,"href":"https:\/\/ponteseditores.com.br\/loja3\/wp-json\/wp\/v2\/product\/7939\/revisions"}],"wp:featuredmedia":[{"embeddable":true,"href":"https:\/\/ponteseditores.com.br\/loja3\/wp-json\/wp\/v2\/media\/7938"}],"wp:attachment":[{"href":"https:\/\/ponteseditores.com.br\/loja3\/wp-json\/wp\/v2\/media?parent=7939"}],"wp:term":[{"taxonomy":"product_brand","embeddable":true,"href":"https:\/\/ponteseditores.com.br\/loja3\/wp-json\/wp\/v2\/product_brand?post=7939"},{"taxonomy":"product_cat","embeddable":true,"href":"https:\/\/ponteseditores.com.br\/loja3\/wp-json\/wp\/v2\/product_cat?post=7939"},{"taxonomy":"product_tag","embeddable":true,"href":"https:\/\/ponteseditores.com.br\/loja3\/wp-json\/wp\/v2\/product_tag?post=7939"}],"curies":[{"name":"wp","href":"https:\/\/api.w.org\/{rel}","templated":true}]}}