{"id":7929,"date":"2023-12-15T09:04:23","date_gmt":"2023-12-15T12:04:23","guid":{"rendered":"https:\/\/ponteseditores.com.br\/loja3\/pontes-editores-home-2__trashed\/sem%20categoria\/a-interpretacao-do-principio-da-precaucao-pelos-tribunais-analise-nacional-comparada-e-internacional\/"},"modified":"2023-12-15T11:55:01","modified_gmt":"2023-12-15T14:55:01","slug":"a-interpretacao-do-principio-da-precaucao-pelos-tribunais-analise-nacional-comparada-e-internacional","status":"publish","type":"product","link":"https:\/\/ponteseditores.com.br\/loja3\/pontes-editores-home-2__trashed\/direito\/a-interpretacao-do-principio-da-precaucao-pelos-tribunais-analise-nacional-comparada-e-internacional\/","title":{"rendered":"A interpreta\u00e7\u00e3o do princ\u00edpio da precau\u00e7\u00e3o pelos tribunais: an\u00e1lise nacional, comparada e internacional"},"content":{"rendered":"<p>\u201cA interpreta\u00e7\u00e3o do princ\u00edpio da precau\u00e7\u00e3o pelos tribunais: an\u00e1lise nacional, comparada e internacional\u201d \u00e9 o resultado de uma ampla pesquisa no direito brasileiro, no direito comparado e no direito internacional sobre a interpreta\u00e7\u00e3o do princ\u00edpio da precau\u00e7\u00e3o. Eis um material de pesquisa fundamental tanto para os operadores do direito, estudantes quanto acad\u00eamicos que pretendem se aprofundar na tem\u00e1tica. Trata-se de obra original, relevante e cient\u00edfica. N\u00e3o h\u00e1 outro livro no Brasil que trabalhe, de modo cient\u00edfico, acad\u00eamico e estruturado, a interpreta\u00e7\u00e3o do princ\u00edpio da precau\u00e7\u00e3o, incluindo um anexo com a an\u00e1lise das principais decis\u00f5es nacionais sobre o tema.<\/p>\n","protected":false},"excerpt":{"rendered":"<p>\u201cA interpreta\u00e7\u00e3o do princ\u00edpio da precau\u00e7\u00e3o pelos tribunais: an\u00e1lise nacional, comparada e internacional\u201d \u00e9 o resultado de uma ampla pesquisa no direito brasileiro, no direito comparado e no direito internacional sobre a interpreta\u00e7\u00e3o do princ\u00edpio da precau\u00e7\u00e3o. Eis um material de pesquisa fundamental tanto para os operadores do direito, estudantes quanto acad\u00eamicos que pretendem se [&hellip;]<\/p>\n","protected":false},"featured_media":7928,"comment_status":"open","ping_status":"closed","template":"","meta":{"_joinchat":[]},"product_brand":[],"product_cat":[324,306],"product_tag":[],"class_list":{"0":"post-7929","1":"product","2":"type-product","3":"status-publish","4":"has-post-thumbnail","6":"product_cat-acao-social","7":"product_cat-direito","8":"product_shipping_class-livro-pontes-editores-fisico","10":"first","11":"outofstock","12":"shipping-taxable","13":"purchasable","14":"product-type-simple"},"yoast_head":"<!-- This site is optimized with the Yoast SEO plugin v27.4 - https:\/\/yoast.com\/product\/yoast-seo-wordpress\/ -->\n<title>A interpreta\u00e7\u00e3o do princ\u00edpio da precau\u00e7\u00e3o pelos tribunais: an\u00e1lise nacional, comparada e internacional - Pontes Editores<\/title>\n<meta name=\"robots\" content=\"index, follow, max-snippet:-1, max-image-preview:large, max-video-preview:-1\" \/>\n<link rel=\"canonical\" href=\"https:\/\/ponteseditores.com.br\/loja3\/pontes-editores-home-2__trashed\/direito\/a-interpretacao-do-principio-da-precaucao-pelos-tribunais-analise-nacional-comparada-e-internacional\/\" \/>\n<meta property=\"og:locale\" content=\"pt_BR\" \/>\n<meta property=\"og:type\" content=\"article\" \/>\n<meta property=\"og:title\" content=\"A interpreta\u00e7\u00e3o do princ\u00edpio da precau\u00e7\u00e3o pelos tribunais: an\u00e1lise nacional, comparada e internacional - Pontes Editores\" \/>\n<meta property=\"og:description\" content=\"\u201cA interpreta\u00e7\u00e3o do princ\u00edpio da precau\u00e7\u00e3o pelos tribunais: an\u00e1lise nacional, comparada e internacional\u201d \u00e9 o resultado de uma ampla pesquisa no direito brasileiro, no direito comparado e no direito internacional sobre a interpreta\u00e7\u00e3o do princ\u00edpio da precau\u00e7\u00e3o. Eis um material de pesquisa fundamental tanto para os operadores do direito, estudantes quanto acad\u00eamicos que pretendem se [&hellip;]\" \/>\n<meta property=\"og:url\" content=\"https:\/\/ponteseditores.com.br\/loja3\/pontes-editores-home-2__trashed\/direito\/a-interpretacao-do-principio-da-precaucao-pelos-tribunais-analise-nacional-comparada-e-internacional\/\" \/>\n<meta property=\"og:site_name\" content=\"Pontes Editores\" \/>\n<meta property=\"article:modified_time\" content=\"2023-12-15T14:55:01+00:00\" \/>\n<meta property=\"og:image\" content=\"https:\/\/ponteseditores.com.br\/loja3\/wp-content\/uploads\/2023\/12\/Precaucao_Capa-3.jpg\" \/>\n\t<meta property=\"og:image:width\" content=\"454\" \/>\n\t<meta property=\"og:image:height\" content=\"651\" \/>\n\t<meta property=\"og:image:type\" content=\"image\/jpeg\" \/>\n<meta name=\"twitter:card\" content=\"summary_large_image\" \/>\n<meta name=\"twitter:label1\" content=\"Est. tempo de leitura\" \/>\n\t<meta name=\"twitter:data1\" content=\"1 minuto\" \/>\n<script type=\"application\/ld+json\" class=\"yoast-schema-graph\">{\"@context\":\"https:\\\/\\\/schema.org\",\"@graph\":[{\"@type\":\"WebPage\",\"@id\":\"https:\\\/\\\/ponteseditores.com.br\\\/loja3\\\/pontes-editores-home-2__trashed\\\/direito\\\/a-interpretacao-do-principio-da-precaucao-pelos-tribunais-analise-nacional-comparada-e-internacional\\\/\",\"url\":\"https:\\\/\\\/ponteseditores.com.br\\\/loja3\\\/pontes-editores-home-2__trashed\\\/direito\\\/a-interpretacao-do-principio-da-precaucao-pelos-tribunais-analise-nacional-comparada-e-internacional\\\/\",\"name\":\"A interpreta\u00e7\u00e3o do princ\u00edpio da precau\u00e7\u00e3o pelos tribunais: an\u00e1lise nacional, comparada e internacional - Pontes Editores\",\"isPartOf\":{\"@id\":\"https:\\\/\\\/ponteseditores.com.br\\\/loja3\\\/#website\"},\"primaryImageOfPage\":{\"@id\":\"https:\\\/\\\/ponteseditores.com.br\\\/loja3\\\/pontes-editores-home-2__trashed\\\/direito\\\/a-interpretacao-do-principio-da-precaucao-pelos-tribunais-analise-nacional-comparada-e-internacional\\\/#primaryimage\"},\"image\":{\"@id\":\"https:\\\/\\\/ponteseditores.com.br\\\/loja3\\\/pontes-editores-home-2__trashed\\\/direito\\\/a-interpretacao-do-principio-da-precaucao-pelos-tribunais-analise-nacional-comparada-e-internacional\\\/#primaryimage\"},\"thumbnailUrl\":\"https:\\\/\\\/ponteseditores.com.br\\\/loja3\\\/wp-content\\\/uploads\\\/2023\\\/12\\\/Precaucao_Capa-3.jpg\",\"datePublished\":\"2023-12-15T12:04:23+00:00\",\"dateModified\":\"2023-12-15T14:55:01+00:00\",\"breadcrumb\":{\"@id\":\"https:\\\/\\\/ponteseditores.com.br\\\/loja3\\\/pontes-editores-home-2__trashed\\\/direito\\\/a-interpretacao-do-principio-da-precaucao-pelos-tribunais-analise-nacional-comparada-e-internacional\\\/#breadcrumb\"},\"inLanguage\":\"pt-BR\",\"potentialAction\":[{\"@type\":\"ReadAction\",\"target\":[\"https:\\\/\\\/ponteseditores.com.br\\\/loja3\\\/pontes-editores-home-2__trashed\\\/direito\\\/a-interpretacao-do-principio-da-precaucao-pelos-tribunais-analise-nacional-comparada-e-internacional\\\/\"]}]},{\"@type\":\"ImageObject\",\"inLanguage\":\"pt-BR\",\"@id\":\"https:\\\/\\\/ponteseditores.com.br\\\/loja3\\\/pontes-editores-home-2__trashed\\\/direito\\\/a-interpretacao-do-principio-da-precaucao-pelos-tribunais-analise-nacional-comparada-e-internacional\\\/#primaryimage\",\"url\":\"https:\\\/\\\/ponteseditores.com.br\\\/loja3\\\/wp-content\\\/uploads\\\/2023\\\/12\\\/Precaucao_Capa-3.jpg\",\"contentUrl\":\"https:\\\/\\\/ponteseditores.com.br\\\/loja3\\\/wp-content\\\/uploads\\\/2023\\\/12\\\/Precaucao_Capa-3.jpg\",\"width\":454,\"height\":651},{\"@type\":\"BreadcrumbList\",\"@id\":\"https:\\\/\\\/ponteseditores.com.br\\\/loja3\\\/pontes-editores-home-2__trashed\\\/direito\\\/a-interpretacao-do-principio-da-precaucao-pelos-tribunais-analise-nacional-comparada-e-internacional\\\/#breadcrumb\",\"itemListElement\":[{\"@type\":\"ListItem\",\"position\":1,\"name\":\"Home\",\"item\":\"https:\\\/\\\/ponteseditores.com.br\\\/loja3\\\/\"},{\"@type\":\"ListItem\",\"position\":2,\"name\":\"loja\",\"item\":\"https:\\\/\\\/ponteseditores.com.br\\\/loja3\\\/loja\\\/\"},{\"@type\":\"ListItem\",\"position\":3,\"name\":\"A interpreta\u00e7\u00e3o do princ\u00edpio da precau\u00e7\u00e3o pelos tribunais: an\u00e1lise nacional, comparada e internacional\"}]},{\"@type\":\"WebSite\",\"@id\":\"https:\\\/\\\/ponteseditores.com.br\\\/loja3\\\/#website\",\"url\":\"https:\\\/\\\/ponteseditores.com.br\\\/loja3\\\/\",\"name\":\"Pontes Editores\",\"description\":\"Pontes Editores\",\"publisher\":{\"@id\":\"https:\\\/\\\/ponteseditores.com.br\\\/loja3\\\/#organization\"},\"potentialAction\":[{\"@type\":\"SearchAction\",\"target\":{\"@type\":\"EntryPoint\",\"urlTemplate\":\"https:\\\/\\\/ponteseditores.com.br\\\/loja3\\\/?s={search_term_string}\"},\"query-input\":{\"@type\":\"PropertyValueSpecification\",\"valueRequired\":true,\"valueName\":\"search_term_string\"}}],\"inLanguage\":\"pt-BR\"},{\"@type\":\"Organization\",\"@id\":\"https:\\\/\\\/ponteseditores.com.br\\\/loja3\\\/#organization\",\"name\":\"Pontes Editores\",\"url\":\"https:\\\/\\\/ponteseditores.com.br\\\/loja3\\\/\",\"logo\":{\"@type\":\"ImageObject\",\"inLanguage\":\"pt-BR\",\"@id\":\"https:\\\/\\\/ponteseditores.com.br\\\/loja3\\\/#\\\/schema\\\/logo\\\/image\\\/\",\"url\":\"https:\\\/\\\/ponteseditores.com.br\\\/loja3\\\/wp-content\\\/uploads\\\/2023\\\/12\\\/logo-pontes-editores-v2.png\",\"contentUrl\":\"https:\\\/\\\/ponteseditores.com.br\\\/loja3\\\/wp-content\\\/uploads\\\/2023\\\/12\\\/logo-pontes-editores-v2.png\",\"width\":258,\"height\":100,\"caption\":\"Pontes Editores\"},\"image\":{\"@id\":\"https:\\\/\\\/ponteseditores.com.br\\\/loja3\\\/#\\\/schema\\\/logo\\\/image\\\/\"}}]}<\/script>\n<!-- \/ Yoast SEO plugin. -->","yoast_head_json":{"title":"A interpreta\u00e7\u00e3o do princ\u00edpio da precau\u00e7\u00e3o pelos tribunais: an\u00e1lise nacional, comparada e internacional - Pontes Editores","robots":{"index":"index","follow":"follow","max-snippet":"max-snippet:-1","max-image-preview":"max-image-preview:large","max-video-preview":"max-video-preview:-1"},"canonical":"https:\/\/ponteseditores.com.br\/loja3\/pontes-editores-home-2__trashed\/direito\/a-interpretacao-do-principio-da-precaucao-pelos-tribunais-analise-nacional-comparada-e-internacional\/","og_locale":"pt_BR","og_type":"article","og_title":"A interpreta\u00e7\u00e3o do princ\u00edpio da precau\u00e7\u00e3o pelos tribunais: an\u00e1lise nacional, comparada e internacional - Pontes Editores","og_description":"\u201cA interpreta\u00e7\u00e3o do princ\u00edpio da precau\u00e7\u00e3o pelos tribunais: an\u00e1lise nacional, comparada e internacional\u201d \u00e9 o resultado de uma ampla pesquisa no direito brasileiro, no direito comparado e no direito internacional sobre a interpreta\u00e7\u00e3o do princ\u00edpio da precau\u00e7\u00e3o. Eis um material de pesquisa fundamental tanto para os operadores do direito, estudantes quanto acad\u00eamicos que pretendem se [&hellip;]","og_url":"https:\/\/ponteseditores.com.br\/loja3\/pontes-editores-home-2__trashed\/direito\/a-interpretacao-do-principio-da-precaucao-pelos-tribunais-analise-nacional-comparada-e-internacional\/","og_site_name":"Pontes Editores","article_modified_time":"2023-12-15T14:55:01+00:00","og_image":[{"width":454,"height":651,"url":"https:\/\/ponteseditores.com.br\/loja3\/wp-content\/uploads\/2023\/12\/Precaucao_Capa-3.jpg","type":"image\/jpeg"}],"twitter_card":"summary_large_image","twitter_misc":{"Est. tempo de leitura":"1 minuto"},"schema":{"@context":"https:\/\/schema.org","@graph":[{"@type":"WebPage","@id":"https:\/\/ponteseditores.com.br\/loja3\/pontes-editores-home-2__trashed\/direito\/a-interpretacao-do-principio-da-precaucao-pelos-tribunais-analise-nacional-comparada-e-internacional\/","url":"https:\/\/ponteseditores.com.br\/loja3\/pontes-editores-home-2__trashed\/direito\/a-interpretacao-do-principio-da-precaucao-pelos-tribunais-analise-nacional-comparada-e-internacional\/","name":"A interpreta\u00e7\u00e3o do princ\u00edpio da precau\u00e7\u00e3o pelos tribunais: an\u00e1lise nacional, comparada e internacional - Pontes Editores","isPartOf":{"@id":"https:\/\/ponteseditores.com.br\/loja3\/#website"},"primaryImageOfPage":{"@id":"https:\/\/ponteseditores.com.br\/loja3\/pontes-editores-home-2__trashed\/direito\/a-interpretacao-do-principio-da-precaucao-pelos-tribunais-analise-nacional-comparada-e-internacional\/#primaryimage"},"image":{"@id":"https:\/\/ponteseditores.com.br\/loja3\/pontes-editores-home-2__trashed\/direito\/a-interpretacao-do-principio-da-precaucao-pelos-tribunais-analise-nacional-comparada-e-internacional\/#primaryimage"},"thumbnailUrl":"https:\/\/ponteseditores.com.br\/loja3\/wp-content\/uploads\/2023\/12\/Precaucao_Capa-3.jpg","datePublished":"2023-12-15T12:04:23+00:00","dateModified":"2023-12-15T14:55:01+00:00","breadcrumb":{"@id":"https:\/\/ponteseditores.com.br\/loja3\/pontes-editores-home-2__trashed\/direito\/a-interpretacao-do-principio-da-precaucao-pelos-tribunais-analise-nacional-comparada-e-internacional\/#breadcrumb"},"inLanguage":"pt-BR","potentialAction":[{"@type":"ReadAction","target":["https:\/\/ponteseditores.com.br\/loja3\/pontes-editores-home-2__trashed\/direito\/a-interpretacao-do-principio-da-precaucao-pelos-tribunais-analise-nacional-comparada-e-internacional\/"]}]},{"@type":"ImageObject","inLanguage":"pt-BR","@id":"https:\/\/ponteseditores.com.br\/loja3\/pontes-editores-home-2__trashed\/direito\/a-interpretacao-do-principio-da-precaucao-pelos-tribunais-analise-nacional-comparada-e-internacional\/#primaryimage","url":"https:\/\/ponteseditores.com.br\/loja3\/wp-content\/uploads\/2023\/12\/Precaucao_Capa-3.jpg","contentUrl":"https:\/\/ponteseditores.com.br\/loja3\/wp-content\/uploads\/2023\/12\/Precaucao_Capa-3.jpg","width":454,"height":651},{"@type":"BreadcrumbList","@id":"https:\/\/ponteseditores.com.br\/loja3\/pontes-editores-home-2__trashed\/direito\/a-interpretacao-do-principio-da-precaucao-pelos-tribunais-analise-nacional-comparada-e-internacional\/#breadcrumb","itemListElement":[{"@type":"ListItem","position":1,"name":"Home","item":"https:\/\/ponteseditores.com.br\/loja3\/"},{"@type":"ListItem","position":2,"name":"loja","item":"https:\/\/ponteseditores.com.br\/loja3\/loja\/"},{"@type":"ListItem","position":3,"name":"A interpreta\u00e7\u00e3o do princ\u00edpio da precau\u00e7\u00e3o pelos tribunais: an\u00e1lise nacional, comparada e internacional"}]},{"@type":"WebSite","@id":"https:\/\/ponteseditores.com.br\/loja3\/#website","url":"https:\/\/ponteseditores.com.br\/loja3\/","name":"Pontes Editores","description":"Pontes Editores","publisher":{"@id":"https:\/\/ponteseditores.com.br\/loja3\/#organization"},"potentialAction":[{"@type":"SearchAction","target":{"@type":"EntryPoint","urlTemplate":"https:\/\/ponteseditores.com.br\/loja3\/?s={search_term_string}"},"query-input":{"@type":"PropertyValueSpecification","valueRequired":true,"valueName":"search_term_string"}}],"inLanguage":"pt-BR"},{"@type":"Organization","@id":"https:\/\/ponteseditores.com.br\/loja3\/#organization","name":"Pontes Editores","url":"https:\/\/ponteseditores.com.br\/loja3\/","logo":{"@type":"ImageObject","inLanguage":"pt-BR","@id":"https:\/\/ponteseditores.com.br\/loja3\/#\/schema\/logo\/image\/","url":"https:\/\/ponteseditores.com.br\/loja3\/wp-content\/uploads\/2023\/12\/logo-pontes-editores-v2.png","contentUrl":"https:\/\/ponteseditores.com.br\/loja3\/wp-content\/uploads\/2023\/12\/logo-pontes-editores-v2.png","width":258,"height":100,"caption":"Pontes Editores"},"image":{"@id":"https:\/\/ponteseditores.com.br\/loja3\/#\/schema\/logo\/image\/"}}]}},"_links":{"self":[{"href":"https:\/\/ponteseditores.com.br\/loja3\/wp-json\/wp\/v2\/product\/7929","targetHints":{"allow":["GET"]}}],"collection":[{"href":"https:\/\/ponteseditores.com.br\/loja3\/wp-json\/wp\/v2\/product"}],"about":[{"href":"https:\/\/ponteseditores.com.br\/loja3\/wp-json\/wp\/v2\/types\/product"}],"replies":[{"embeddable":true,"href":"https:\/\/ponteseditores.com.br\/loja3\/wp-json\/wp\/v2\/comments?post=7929"}],"version-history":[{"count":0,"href":"https:\/\/ponteseditores.com.br\/loja3\/wp-json\/wp\/v2\/product\/7929\/revisions"}],"wp:featuredmedia":[{"embeddable":true,"href":"https:\/\/ponteseditores.com.br\/loja3\/wp-json\/wp\/v2\/media\/7928"}],"wp:attachment":[{"href":"https:\/\/ponteseditores.com.br\/loja3\/wp-json\/wp\/v2\/media?parent=7929"}],"wp:term":[{"taxonomy":"product_brand","embeddable":true,"href":"https:\/\/ponteseditores.com.br\/loja3\/wp-json\/wp\/v2\/product_brand?post=7929"},{"taxonomy":"product_cat","embeddable":true,"href":"https:\/\/ponteseditores.com.br\/loja3\/wp-json\/wp\/v2\/product_cat?post=7929"},{"taxonomy":"product_tag","embeddable":true,"href":"https:\/\/ponteseditores.com.br\/loja3\/wp-json\/wp\/v2\/product_tag?post=7929"}],"curies":[{"name":"wp","href":"https:\/\/api.w.org\/{rel}","templated":true}]}}