{"id":7927,"date":"2023-12-15T09:04:22","date_gmt":"2023-12-15T12:04:22","guid":{"rendered":"https:\/\/ponteseditores.com.br\/loja3\/pontes-editores-home-2__trashed\/sem%20categoria\/jesuitas-e-as-linguas-contexto-colonial-brasil-africa\/"},"modified":"2025-06-09T15:11:46","modified_gmt":"2025-06-09T18:11:46","slug":"jesuitas-e-as-linguas-contexto-colonial-brasil-africa","status":"publish","type":"product","link":"https:\/\/ponteseditores.com.br\/loja3\/pontes-editores-home-2__trashed\/linguistica\/jesuitas-e-as-linguas-contexto-colonial-brasil-africa\/","title":{"rendered":"Jesu\u00edtas e as L\u00ednguas: Contexto Colonial Brasil-\u00c1frica"},"content":{"rendered":"<p>O livro de Cristine Gorski Severo aborda um tema de hist\u00f3ria sob um ponto de vista realmente interdisciplinar, tratando da conquista e da \u201credu\u00e7\u00e3o\u201d do novo mundo ib\u00e9rico no tempo longo da coloniza\u00e7\u00e3o pol\u00edtica, racial e religiosa que marca esse processo. Articulando an\u00e1lise lingu\u00edstica, sensibilidade pol\u00edtica e teol\u00f3gica, e forte consci\u00eancia hist\u00f3rica, seu trabalho reflete sobre as rela\u00e7\u00f5es triangulares entre a l\u00edngua, a pol\u00edtica e a religiosidade, pensando cada uma dessas dimens\u00f5es n\u00e3o como estanques, mas como entrela\u00e7adas e interdependentes. \u00c9 preciso dizer que ela faz isso com ambi\u00e7\u00e3o digna de nota, e tem grande sucesso na empreitada. Trata-se de um livro importante, que merece leitura cuidadosa.<\/p>\n<p>Henrique Espada Lima<\/p>\n<p>Departamento de Hist\u00f3ria &#8211; UFSC<\/p>\n","protected":false},"excerpt":{"rendered":"<p>O livro de Cristine Gorski Severo aborda um tema de hist\u00f3ria sob um ponto de vista realmente interdisciplinar, tratando da conquista e da \u201credu\u00e7\u00e3o\u201d do novo mundo ib\u00e9rico no tempo longo da coloniza\u00e7\u00e3o pol\u00edtica, racial e religiosa que marca esse processo. Articulando an\u00e1lise lingu\u00edstica, sensibilidade pol\u00edtica e teol\u00f3gica, e forte consci\u00eancia hist\u00f3rica, seu trabalho reflete [&hellip;]<\/p>\n","protected":false},"featured_media":7926,"comment_status":"open","ping_status":"closed","template":"","meta":{"_joinchat":[]},"product_brand":[],"product_cat":[290,31],"product_tag":[],"class_list":{"0":"post-7927","1":"product","2":"type-product","3":"status-publish","4":"has-post-thumbnail","6":"product_cat-linguagem-e-linguas","7":"product_cat-linguistica","8":"product_shipping_class-livro-pontes-editores-fisico","10":"first","11":"instock","12":"shipping-taxable","13":"purchasable","14":"product-type-simple"},"yoast_head":"<!-- This site is optimized with the Yoast SEO plugin v27.4 - https:\/\/yoast.com\/product\/yoast-seo-wordpress\/ -->\n<title>Jesu\u00edtas e as L\u00ednguas: Contexto Colonial Brasil-\u00c1frica - Pontes Editores<\/title>\n<meta name=\"robots\" content=\"index, follow, max-snippet:-1, max-image-preview:large, max-video-preview:-1\" \/>\n<link rel=\"canonical\" href=\"https:\/\/ponteseditores.com.br\/loja3\/pontes-editores-home-2__trashed\/linguistica\/jesuitas-e-as-linguas-contexto-colonial-brasil-africa\/\" \/>\n<meta property=\"og:locale\" content=\"pt_BR\" \/>\n<meta property=\"og:type\" content=\"article\" \/>\n<meta property=\"og:title\" content=\"Jesu\u00edtas e as L\u00ednguas: Contexto Colonial Brasil-\u00c1frica - Pontes Editores\" \/>\n<meta property=\"og:description\" content=\"O livro de Cristine Gorski Severo aborda um tema de hist\u00f3ria sob um ponto de vista realmente interdisciplinar, tratando da conquista e da \u201credu\u00e7\u00e3o\u201d do novo mundo ib\u00e9rico no tempo longo da coloniza\u00e7\u00e3o pol\u00edtica, racial e religiosa que marca esse processo. Articulando an\u00e1lise lingu\u00edstica, sensibilidade pol\u00edtica e teol\u00f3gica, e forte consci\u00eancia hist\u00f3rica, seu trabalho reflete [&hellip;]\" \/>\n<meta property=\"og:url\" content=\"https:\/\/ponteseditores.com.br\/loja3\/pontes-editores-home-2__trashed\/linguistica\/jesuitas-e-as-linguas-contexto-colonial-brasil-africa\/\" \/>\n<meta property=\"og:site_name\" content=\"Pontes Editores\" \/>\n<meta property=\"article:modified_time\" content=\"2025-06-09T18:11:46+00:00\" \/>\n<meta property=\"og:image\" content=\"https:\/\/ponteseditores.com.br\/loja3\/wp-content\/uploads\/2023\/12\/Jesuitas_capa-3.jpg\" \/>\n\t<meta property=\"og:image:width\" content=\"604\" \/>\n\t<meta property=\"og:image:height\" content=\"869\" \/>\n\t<meta property=\"og:image:type\" content=\"image\/jpeg\" \/>\n<meta name=\"twitter:card\" content=\"summary_large_image\" \/>\n<meta name=\"twitter:label1\" content=\"Est. tempo de leitura\" \/>\n\t<meta name=\"twitter:data1\" content=\"1 minuto\" \/>\n<script type=\"application\/ld+json\" class=\"yoast-schema-graph\">{\"@context\":\"https:\\\/\\\/schema.org\",\"@graph\":[{\"@type\":\"WebPage\",\"@id\":\"https:\\\/\\\/ponteseditores.com.br\\\/loja3\\\/pontes-editores-home-2__trashed\\\/linguistica\\\/jesuitas-e-as-linguas-contexto-colonial-brasil-africa\\\/\",\"url\":\"https:\\\/\\\/ponteseditores.com.br\\\/loja3\\\/pontes-editores-home-2__trashed\\\/linguistica\\\/jesuitas-e-as-linguas-contexto-colonial-brasil-africa\\\/\",\"name\":\"Jesu\u00edtas e as L\u00ednguas: Contexto Colonial Brasil-\u00c1frica - Pontes Editores\",\"isPartOf\":{\"@id\":\"https:\\\/\\\/ponteseditores.com.br\\\/loja3\\\/#website\"},\"primaryImageOfPage\":{\"@id\":\"https:\\\/\\\/ponteseditores.com.br\\\/loja3\\\/pontes-editores-home-2__trashed\\\/linguistica\\\/jesuitas-e-as-linguas-contexto-colonial-brasil-africa\\\/#primaryimage\"},\"image\":{\"@id\":\"https:\\\/\\\/ponteseditores.com.br\\\/loja3\\\/pontes-editores-home-2__trashed\\\/linguistica\\\/jesuitas-e-as-linguas-contexto-colonial-brasil-africa\\\/#primaryimage\"},\"thumbnailUrl\":\"https:\\\/\\\/ponteseditores.com.br\\\/loja3\\\/wp-content\\\/uploads\\\/2023\\\/12\\\/Jesuitas_capa-3.jpg\",\"datePublished\":\"2023-12-15T12:04:22+00:00\",\"dateModified\":\"2025-06-09T18:11:46+00:00\",\"breadcrumb\":{\"@id\":\"https:\\\/\\\/ponteseditores.com.br\\\/loja3\\\/pontes-editores-home-2__trashed\\\/linguistica\\\/jesuitas-e-as-linguas-contexto-colonial-brasil-africa\\\/#breadcrumb\"},\"inLanguage\":\"pt-BR\",\"potentialAction\":[{\"@type\":\"ReadAction\",\"target\":[\"https:\\\/\\\/ponteseditores.com.br\\\/loja3\\\/pontes-editores-home-2__trashed\\\/linguistica\\\/jesuitas-e-as-linguas-contexto-colonial-brasil-africa\\\/\"]}]},{\"@type\":\"ImageObject\",\"inLanguage\":\"pt-BR\",\"@id\":\"https:\\\/\\\/ponteseditores.com.br\\\/loja3\\\/pontes-editores-home-2__trashed\\\/linguistica\\\/jesuitas-e-as-linguas-contexto-colonial-brasil-africa\\\/#primaryimage\",\"url\":\"https:\\\/\\\/ponteseditores.com.br\\\/loja3\\\/wp-content\\\/uploads\\\/2023\\\/12\\\/Jesuitas_capa-3.jpg\",\"contentUrl\":\"https:\\\/\\\/ponteseditores.com.br\\\/loja3\\\/wp-content\\\/uploads\\\/2023\\\/12\\\/Jesuitas_capa-3.jpg\",\"width\":604,\"height\":869},{\"@type\":\"BreadcrumbList\",\"@id\":\"https:\\\/\\\/ponteseditores.com.br\\\/loja3\\\/pontes-editores-home-2__trashed\\\/linguistica\\\/jesuitas-e-as-linguas-contexto-colonial-brasil-africa\\\/#breadcrumb\",\"itemListElement\":[{\"@type\":\"ListItem\",\"position\":1,\"name\":\"Home\",\"item\":\"https:\\\/\\\/ponteseditores.com.br\\\/loja3\\\/\"},{\"@type\":\"ListItem\",\"position\":2,\"name\":\"loja\",\"item\":\"https:\\\/\\\/ponteseditores.com.br\\\/loja3\\\/loja\\\/\"},{\"@type\":\"ListItem\",\"position\":3,\"name\":\"Jesu\u00edtas e as L\u00ednguas: Contexto Colonial Brasil-\u00c1frica\"}]},{\"@type\":\"WebSite\",\"@id\":\"https:\\\/\\\/ponteseditores.com.br\\\/loja3\\\/#website\",\"url\":\"https:\\\/\\\/ponteseditores.com.br\\\/loja3\\\/\",\"name\":\"Pontes Editores\",\"description\":\"Pontes Editores\",\"publisher\":{\"@id\":\"https:\\\/\\\/ponteseditores.com.br\\\/loja3\\\/#organization\"},\"potentialAction\":[{\"@type\":\"SearchAction\",\"target\":{\"@type\":\"EntryPoint\",\"urlTemplate\":\"https:\\\/\\\/ponteseditores.com.br\\\/loja3\\\/?s={search_term_string}\"},\"query-input\":{\"@type\":\"PropertyValueSpecification\",\"valueRequired\":true,\"valueName\":\"search_term_string\"}}],\"inLanguage\":\"pt-BR\"},{\"@type\":\"Organization\",\"@id\":\"https:\\\/\\\/ponteseditores.com.br\\\/loja3\\\/#organization\",\"name\":\"Pontes Editores\",\"url\":\"https:\\\/\\\/ponteseditores.com.br\\\/loja3\\\/\",\"logo\":{\"@type\":\"ImageObject\",\"inLanguage\":\"pt-BR\",\"@id\":\"https:\\\/\\\/ponteseditores.com.br\\\/loja3\\\/#\\\/schema\\\/logo\\\/image\\\/\",\"url\":\"https:\\\/\\\/ponteseditores.com.br\\\/loja3\\\/wp-content\\\/uploads\\\/2023\\\/12\\\/logo-pontes-editores-v2.png\",\"contentUrl\":\"https:\\\/\\\/ponteseditores.com.br\\\/loja3\\\/wp-content\\\/uploads\\\/2023\\\/12\\\/logo-pontes-editores-v2.png\",\"width\":258,\"height\":100,\"caption\":\"Pontes Editores\"},\"image\":{\"@id\":\"https:\\\/\\\/ponteseditores.com.br\\\/loja3\\\/#\\\/schema\\\/logo\\\/image\\\/\"}}]}<\/script>\n<!-- \/ Yoast SEO plugin. -->","yoast_head_json":{"title":"Jesu\u00edtas e as L\u00ednguas: Contexto Colonial Brasil-\u00c1frica - Pontes Editores","robots":{"index":"index","follow":"follow","max-snippet":"max-snippet:-1","max-image-preview":"max-image-preview:large","max-video-preview":"max-video-preview:-1"},"canonical":"https:\/\/ponteseditores.com.br\/loja3\/pontes-editores-home-2__trashed\/linguistica\/jesuitas-e-as-linguas-contexto-colonial-brasil-africa\/","og_locale":"pt_BR","og_type":"article","og_title":"Jesu\u00edtas e as L\u00ednguas: Contexto Colonial Brasil-\u00c1frica - Pontes Editores","og_description":"O livro de Cristine Gorski Severo aborda um tema de hist\u00f3ria sob um ponto de vista realmente interdisciplinar, tratando da conquista e da \u201credu\u00e7\u00e3o\u201d do novo mundo ib\u00e9rico no tempo longo da coloniza\u00e7\u00e3o pol\u00edtica, racial e religiosa que marca esse processo. Articulando an\u00e1lise lingu\u00edstica, sensibilidade pol\u00edtica e teol\u00f3gica, e forte consci\u00eancia hist\u00f3rica, seu trabalho reflete [&hellip;]","og_url":"https:\/\/ponteseditores.com.br\/loja3\/pontes-editores-home-2__trashed\/linguistica\/jesuitas-e-as-linguas-contexto-colonial-brasil-africa\/","og_site_name":"Pontes Editores","article_modified_time":"2025-06-09T18:11:46+00:00","og_image":[{"width":604,"height":869,"url":"https:\/\/ponteseditores.com.br\/loja3\/wp-content\/uploads\/2023\/12\/Jesuitas_capa-3.jpg","type":"image\/jpeg"}],"twitter_card":"summary_large_image","twitter_misc":{"Est. tempo de leitura":"1 minuto"},"schema":{"@context":"https:\/\/schema.org","@graph":[{"@type":"WebPage","@id":"https:\/\/ponteseditores.com.br\/loja3\/pontes-editores-home-2__trashed\/linguistica\/jesuitas-e-as-linguas-contexto-colonial-brasil-africa\/","url":"https:\/\/ponteseditores.com.br\/loja3\/pontes-editores-home-2__trashed\/linguistica\/jesuitas-e-as-linguas-contexto-colonial-brasil-africa\/","name":"Jesu\u00edtas e as L\u00ednguas: Contexto Colonial Brasil-\u00c1frica - Pontes Editores","isPartOf":{"@id":"https:\/\/ponteseditores.com.br\/loja3\/#website"},"primaryImageOfPage":{"@id":"https:\/\/ponteseditores.com.br\/loja3\/pontes-editores-home-2__trashed\/linguistica\/jesuitas-e-as-linguas-contexto-colonial-brasil-africa\/#primaryimage"},"image":{"@id":"https:\/\/ponteseditores.com.br\/loja3\/pontes-editores-home-2__trashed\/linguistica\/jesuitas-e-as-linguas-contexto-colonial-brasil-africa\/#primaryimage"},"thumbnailUrl":"https:\/\/ponteseditores.com.br\/loja3\/wp-content\/uploads\/2023\/12\/Jesuitas_capa-3.jpg","datePublished":"2023-12-15T12:04:22+00:00","dateModified":"2025-06-09T18:11:46+00:00","breadcrumb":{"@id":"https:\/\/ponteseditores.com.br\/loja3\/pontes-editores-home-2__trashed\/linguistica\/jesuitas-e-as-linguas-contexto-colonial-brasil-africa\/#breadcrumb"},"inLanguage":"pt-BR","potentialAction":[{"@type":"ReadAction","target":["https:\/\/ponteseditores.com.br\/loja3\/pontes-editores-home-2__trashed\/linguistica\/jesuitas-e-as-linguas-contexto-colonial-brasil-africa\/"]}]},{"@type":"ImageObject","inLanguage":"pt-BR","@id":"https:\/\/ponteseditores.com.br\/loja3\/pontes-editores-home-2__trashed\/linguistica\/jesuitas-e-as-linguas-contexto-colonial-brasil-africa\/#primaryimage","url":"https:\/\/ponteseditores.com.br\/loja3\/wp-content\/uploads\/2023\/12\/Jesuitas_capa-3.jpg","contentUrl":"https:\/\/ponteseditores.com.br\/loja3\/wp-content\/uploads\/2023\/12\/Jesuitas_capa-3.jpg","width":604,"height":869},{"@type":"BreadcrumbList","@id":"https:\/\/ponteseditores.com.br\/loja3\/pontes-editores-home-2__trashed\/linguistica\/jesuitas-e-as-linguas-contexto-colonial-brasil-africa\/#breadcrumb","itemListElement":[{"@type":"ListItem","position":1,"name":"Home","item":"https:\/\/ponteseditores.com.br\/loja3\/"},{"@type":"ListItem","position":2,"name":"loja","item":"https:\/\/ponteseditores.com.br\/loja3\/loja\/"},{"@type":"ListItem","position":3,"name":"Jesu\u00edtas e as L\u00ednguas: Contexto Colonial Brasil-\u00c1frica"}]},{"@type":"WebSite","@id":"https:\/\/ponteseditores.com.br\/loja3\/#website","url":"https:\/\/ponteseditores.com.br\/loja3\/","name":"Pontes Editores","description":"Pontes Editores","publisher":{"@id":"https:\/\/ponteseditores.com.br\/loja3\/#organization"},"potentialAction":[{"@type":"SearchAction","target":{"@type":"EntryPoint","urlTemplate":"https:\/\/ponteseditores.com.br\/loja3\/?s={search_term_string}"},"query-input":{"@type":"PropertyValueSpecification","valueRequired":true,"valueName":"search_term_string"}}],"inLanguage":"pt-BR"},{"@type":"Organization","@id":"https:\/\/ponteseditores.com.br\/loja3\/#organization","name":"Pontes Editores","url":"https:\/\/ponteseditores.com.br\/loja3\/","logo":{"@type":"ImageObject","inLanguage":"pt-BR","@id":"https:\/\/ponteseditores.com.br\/loja3\/#\/schema\/logo\/image\/","url":"https:\/\/ponteseditores.com.br\/loja3\/wp-content\/uploads\/2023\/12\/logo-pontes-editores-v2.png","contentUrl":"https:\/\/ponteseditores.com.br\/loja3\/wp-content\/uploads\/2023\/12\/logo-pontes-editores-v2.png","width":258,"height":100,"caption":"Pontes Editores"},"image":{"@id":"https:\/\/ponteseditores.com.br\/loja3\/#\/schema\/logo\/image\/"}}]}},"_links":{"self":[{"href":"https:\/\/ponteseditores.com.br\/loja3\/wp-json\/wp\/v2\/product\/7927","targetHints":{"allow":["GET"]}}],"collection":[{"href":"https:\/\/ponteseditores.com.br\/loja3\/wp-json\/wp\/v2\/product"}],"about":[{"href":"https:\/\/ponteseditores.com.br\/loja3\/wp-json\/wp\/v2\/types\/product"}],"replies":[{"embeddable":true,"href":"https:\/\/ponteseditores.com.br\/loja3\/wp-json\/wp\/v2\/comments?post=7927"}],"version-history":[{"count":0,"href":"https:\/\/ponteseditores.com.br\/loja3\/wp-json\/wp\/v2\/product\/7927\/revisions"}],"wp:featuredmedia":[{"embeddable":true,"href":"https:\/\/ponteseditores.com.br\/loja3\/wp-json\/wp\/v2\/media\/7926"}],"wp:attachment":[{"href":"https:\/\/ponteseditores.com.br\/loja3\/wp-json\/wp\/v2\/media?parent=7927"}],"wp:term":[{"taxonomy":"product_brand","embeddable":true,"href":"https:\/\/ponteseditores.com.br\/loja3\/wp-json\/wp\/v2\/product_brand?post=7927"},{"taxonomy":"product_cat","embeddable":true,"href":"https:\/\/ponteseditores.com.br\/loja3\/wp-json\/wp\/v2\/product_cat?post=7927"},{"taxonomy":"product_tag","embeddable":true,"href":"https:\/\/ponteseditores.com.br\/loja3\/wp-json\/wp\/v2\/product_tag?post=7927"}],"curies":[{"name":"wp","href":"https:\/\/api.w.org\/{rel}","templated":true}]}}