{"id":7901,"date":"2023-12-15T09:04:01","date_gmt":"2023-12-15T12:04:01","guid":{"rendered":"https:\/\/ponteseditores.com.br\/loja3\/pontes-editores-home-2__trashed\/sem%20categoria\/brasil-intercultural-lingua-e-cultura-brasileira-para-estrangeiros-ciclo-avancado-superior-niveis-7-e-8\/"},"modified":"2024-01-10T17:09:27","modified_gmt":"2024-01-10T20:09:27","slug":"brasil-intercultural-lingua-e-cultura-brasileira-para-estrangeiros-ciclo-avancado-superior-niveis-7-e-8","status":"publish","type":"product","link":"https:\/\/ponteseditores.com.br\/loja3\/pontes-editores-home-2__trashed\/ensino-de-linguas\/brasil-intercultural-lingua-e-cultura-brasileira-para-estrangeiros-ciclo-avancado-superior-niveis-7-e-8\/","title":{"rendered":"Brasil Intercultural &#8211; L\u00edngua e Cultura Brasileira para Estrangeiros &#8211; Ciclo Avan\u00e7ado Superior &#8211; N\u00edveis 7 e 8"},"content":{"rendered":"<p>A Cole\u00e7\u00e3o Brasil Intercultural &#8211; L\u00edngua e Cultura Brasileira para Estrangeiros comp\u00f5e-se de um conjunto de quatro volumes, que cobrem os conte\u00fados de quatro Ciclos de aprendizagem de portugu\u00eas para falantes de outras l\u00ednguas. Cada um dos Ciclos que estrutura o curso pleno em portugu\u00eas organiza-se em dois n\u00edveis: Ciclo B\u00e1sico; Ciclo Intermedi\u00e1rio; Ciclo Avan\u00e7ado; Ciclo Avan\u00e7ado Superior. Desse modo, cada um dos volumes da Cole\u00e7\u00e3o destina-se a um Ciclo de curso.<\/p>\n<p>            A partir dessa organiza\u00e7\u00e3o em Ciclos e N\u00edveis, o material \u00e9 destinado ao(\u00e0) aluno(a) que quer aprender o portugu\u00eas do Brasil tal como ele \u00e9, rico e diversificado, ambientado dentro da cultura que o marca e que ao mesmo tempo \u00e9 marcado por ela. Nesse sentido, aprender o portugu\u00eas atrav\u00e9s da Cole\u00e7\u00e3o BI significa conhecer e viver a l\u00edngua-cultura brasileira, considerando as suas caracter\u00edsticas e a sua rela\u00e7\u00e3o com as outras culturas que, conjuntamente, conformam a(s) identidade(s) latino-americana(s).<\/p>\n<p>            A abordagem pedag\u00f3gica adotada pela Cole\u00e7\u00e3o BI \u00e9 intercultural, visto que est\u00e1 centrada em uma vis\u00e3o de l\u00edngua como lugar de intera\u00e7\u00e3o, como dimens\u00e3o mediadora das rela\u00e7\u00f5es que se estabelecem entre sujeitos e mundos culturais diferentes. A l\u00edngua, desse modo, n\u00e3o significa apenas forma ou sistema, mas um conjunto de possibilidades de intera\u00e7\u00e3o e viv\u00eancia que inclui n\u00e3o s\u00f3 estruturas formais e suas regras, mas tamb\u00e9m todos os significados sociais, culturais, hist\u00f3ricos e pol\u00edticos que a constituem.<\/p>\n<p>Mais informa\u00e7\u00e3o no site: www.editorialcasadobrasil.com.ar<\/p>\n","protected":false},"excerpt":{"rendered":"<p>A Cole\u00e7\u00e3o Brasil Intercultural &#8211; L\u00edngua e Cultura Brasileira para Estrangeiros comp\u00f5e-se de um conjunto de quatro volumes, que cobrem os conte\u00fados de quatro Ciclos de aprendizagem de portugu\u00eas para falantes de outras l\u00ednguas. Cada um dos Ciclos que estrutura o curso pleno em portugu\u00eas organiza-se em dois n\u00edveis: Ciclo B\u00e1sico; Ciclo Intermedi\u00e1rio; Ciclo Avan\u00e7ado; [&hellip;]<\/p>\n","protected":false},"featured_media":7900,"comment_status":"open","ping_status":"closed","template":"","meta":{"_joinchat":[]},"product_brand":[],"product_cat":[140,270],"product_tag":[],"class_list":{"0":"post-7901","1":"product","2":"type-product","3":"status-publish","4":"has-post-thumbnail","6":"product_cat-ensino-de-linguas","7":"product_cat-portugues-para-estrangeiros","8":"product_shipping_class-livro-pontes-editores-fisico","10":"first","11":"instock","12":"shipping-taxable","13":"purchasable","14":"product-type-simple"},"yoast_head":"<!-- This site is optimized with the Yoast SEO plugin v27.4 - https:\/\/yoast.com\/product\/yoast-seo-wordpress\/ -->\n<title>Brasil Intercultural - L\u00edngua e Cultura Brasileira para Estrangeiros - Ciclo Avan\u00e7ado Superior - N\u00edveis 7 e 8 - Pontes Editores<\/title>\n<meta name=\"robots\" content=\"index, follow, max-snippet:-1, max-image-preview:large, max-video-preview:-1\" \/>\n<link rel=\"canonical\" href=\"https:\/\/ponteseditores.com.br\/loja3\/pontes-editores-home-2__trashed\/ensino-de-linguas\/brasil-intercultural-lingua-e-cultura-brasileira-para-estrangeiros-ciclo-avancado-superior-niveis-7-e-8\/\" \/>\n<meta property=\"og:locale\" content=\"pt_BR\" \/>\n<meta property=\"og:type\" content=\"article\" \/>\n<meta property=\"og:title\" content=\"Brasil Intercultural - L\u00edngua e Cultura Brasileira para Estrangeiros - Ciclo Avan\u00e7ado Superior - N\u00edveis 7 e 8 - Pontes Editores\" \/>\n<meta property=\"og:description\" content=\"A Cole\u00e7\u00e3o Brasil Intercultural &#8211; L\u00edngua e Cultura Brasileira para Estrangeiros comp\u00f5e-se de um conjunto de quatro volumes, que cobrem os conte\u00fados de quatro Ciclos de aprendizagem de portugu\u00eas para falantes de outras l\u00ednguas. Cada um dos Ciclos que estrutura o curso pleno em portugu\u00eas organiza-se em dois n\u00edveis: Ciclo B\u00e1sico; Ciclo Intermedi\u00e1rio; Ciclo Avan\u00e7ado; [&hellip;]\" \/>\n<meta property=\"og:url\" content=\"https:\/\/ponteseditores.com.br\/loja3\/pontes-editores-home-2__trashed\/ensino-de-linguas\/brasil-intercultural-lingua-e-cultura-brasileira-para-estrangeiros-ciclo-avancado-superior-niveis-7-e-8\/\" \/>\n<meta property=\"og:site_name\" content=\"Pontes Editores\" \/>\n<meta property=\"article:modified_time\" content=\"2024-01-10T20:09:27+00:00\" \/>\n<meta property=\"og:image\" content=\"https:\/\/ponteseditores.com.br\/loja3\/wp-content\/uploads\/2023\/12\/TAPA20LIBRO2020AVANZADO20SUPERIOR-scaled.jpg\" \/>\n\t<meta property=\"og:image:width\" content=\"1812\" \/>\n\t<meta property=\"og:image:height\" content=\"2560\" \/>\n\t<meta property=\"og:image:type\" content=\"image\/jpeg\" \/>\n<meta name=\"twitter:card\" content=\"summary_large_image\" \/>\n<meta name=\"twitter:label1\" content=\"Est. tempo de leitura\" \/>\n\t<meta name=\"twitter:data1\" content=\"2 minutos\" \/>\n<script type=\"application\/ld+json\" class=\"yoast-schema-graph\">{\"@context\":\"https:\\\/\\\/schema.org\",\"@graph\":[{\"@type\":\"WebPage\",\"@id\":\"https:\\\/\\\/ponteseditores.com.br\\\/loja3\\\/pontes-editores-home-2__trashed\\\/ensino-de-linguas\\\/brasil-intercultural-lingua-e-cultura-brasileira-para-estrangeiros-ciclo-avancado-superior-niveis-7-e-8\\\/\",\"url\":\"https:\\\/\\\/ponteseditores.com.br\\\/loja3\\\/pontes-editores-home-2__trashed\\\/ensino-de-linguas\\\/brasil-intercultural-lingua-e-cultura-brasileira-para-estrangeiros-ciclo-avancado-superior-niveis-7-e-8\\\/\",\"name\":\"Brasil Intercultural - L\u00edngua e Cultura Brasileira para Estrangeiros - Ciclo Avan\u00e7ado Superior - N\u00edveis 7 e 8 - Pontes Editores\",\"isPartOf\":{\"@id\":\"https:\\\/\\\/ponteseditores.com.br\\\/loja3\\\/#website\"},\"primaryImageOfPage\":{\"@id\":\"https:\\\/\\\/ponteseditores.com.br\\\/loja3\\\/pontes-editores-home-2__trashed\\\/ensino-de-linguas\\\/brasil-intercultural-lingua-e-cultura-brasileira-para-estrangeiros-ciclo-avancado-superior-niveis-7-e-8\\\/#primaryimage\"},\"image\":{\"@id\":\"https:\\\/\\\/ponteseditores.com.br\\\/loja3\\\/pontes-editores-home-2__trashed\\\/ensino-de-linguas\\\/brasil-intercultural-lingua-e-cultura-brasileira-para-estrangeiros-ciclo-avancado-superior-niveis-7-e-8\\\/#primaryimage\"},\"thumbnailUrl\":\"https:\\\/\\\/ponteseditores.com.br\\\/loja3\\\/wp-content\\\/uploads\\\/2023\\\/12\\\/TAPA20LIBRO2020AVANZADO20SUPERIOR-scaled.jpg\",\"datePublished\":\"2023-12-15T12:04:01+00:00\",\"dateModified\":\"2024-01-10T20:09:27+00:00\",\"breadcrumb\":{\"@id\":\"https:\\\/\\\/ponteseditores.com.br\\\/loja3\\\/pontes-editores-home-2__trashed\\\/ensino-de-linguas\\\/brasil-intercultural-lingua-e-cultura-brasileira-para-estrangeiros-ciclo-avancado-superior-niveis-7-e-8\\\/#breadcrumb\"},\"inLanguage\":\"pt-BR\",\"potentialAction\":[{\"@type\":\"ReadAction\",\"target\":[\"https:\\\/\\\/ponteseditores.com.br\\\/loja3\\\/pontes-editores-home-2__trashed\\\/ensino-de-linguas\\\/brasil-intercultural-lingua-e-cultura-brasileira-para-estrangeiros-ciclo-avancado-superior-niveis-7-e-8\\\/\"]}]},{\"@type\":\"ImageObject\",\"inLanguage\":\"pt-BR\",\"@id\":\"https:\\\/\\\/ponteseditores.com.br\\\/loja3\\\/pontes-editores-home-2__trashed\\\/ensino-de-linguas\\\/brasil-intercultural-lingua-e-cultura-brasileira-para-estrangeiros-ciclo-avancado-superior-niveis-7-e-8\\\/#primaryimage\",\"url\":\"https:\\\/\\\/ponteseditores.com.br\\\/loja3\\\/wp-content\\\/uploads\\\/2023\\\/12\\\/TAPA20LIBRO2020AVANZADO20SUPERIOR-scaled.jpg\",\"contentUrl\":\"https:\\\/\\\/ponteseditores.com.br\\\/loja3\\\/wp-content\\\/uploads\\\/2023\\\/12\\\/TAPA20LIBRO2020AVANZADO20SUPERIOR-scaled.jpg\",\"width\":1812,\"height\":2560},{\"@type\":\"BreadcrumbList\",\"@id\":\"https:\\\/\\\/ponteseditores.com.br\\\/loja3\\\/pontes-editores-home-2__trashed\\\/ensino-de-linguas\\\/brasil-intercultural-lingua-e-cultura-brasileira-para-estrangeiros-ciclo-avancado-superior-niveis-7-e-8\\\/#breadcrumb\",\"itemListElement\":[{\"@type\":\"ListItem\",\"position\":1,\"name\":\"Home\",\"item\":\"https:\\\/\\\/ponteseditores.com.br\\\/loja3\\\/\"},{\"@type\":\"ListItem\",\"position\":2,\"name\":\"loja\",\"item\":\"https:\\\/\\\/ponteseditores.com.br\\\/loja3\\\/loja\\\/\"},{\"@type\":\"ListItem\",\"position\":3,\"name\":\"Brasil Intercultural &#8211; L\u00edngua e Cultura Brasileira para Estrangeiros &#8211; Ciclo Avan\u00e7ado Superior &#8211; N\u00edveis 7 e 8\"}]},{\"@type\":\"WebSite\",\"@id\":\"https:\\\/\\\/ponteseditores.com.br\\\/loja3\\\/#website\",\"url\":\"https:\\\/\\\/ponteseditores.com.br\\\/loja3\\\/\",\"name\":\"Pontes Editores\",\"description\":\"Pontes Editores\",\"publisher\":{\"@id\":\"https:\\\/\\\/ponteseditores.com.br\\\/loja3\\\/#organization\"},\"potentialAction\":[{\"@type\":\"SearchAction\",\"target\":{\"@type\":\"EntryPoint\",\"urlTemplate\":\"https:\\\/\\\/ponteseditores.com.br\\\/loja3\\\/?s={search_term_string}\"},\"query-input\":{\"@type\":\"PropertyValueSpecification\",\"valueRequired\":true,\"valueName\":\"search_term_string\"}}],\"inLanguage\":\"pt-BR\"},{\"@type\":\"Organization\",\"@id\":\"https:\\\/\\\/ponteseditores.com.br\\\/loja3\\\/#organization\",\"name\":\"Pontes Editores\",\"url\":\"https:\\\/\\\/ponteseditores.com.br\\\/loja3\\\/\",\"logo\":{\"@type\":\"ImageObject\",\"inLanguage\":\"pt-BR\",\"@id\":\"https:\\\/\\\/ponteseditores.com.br\\\/loja3\\\/#\\\/schema\\\/logo\\\/image\\\/\",\"url\":\"https:\\\/\\\/ponteseditores.com.br\\\/loja3\\\/wp-content\\\/uploads\\\/2023\\\/12\\\/logo-pontes-editores-v2.png\",\"contentUrl\":\"https:\\\/\\\/ponteseditores.com.br\\\/loja3\\\/wp-content\\\/uploads\\\/2023\\\/12\\\/logo-pontes-editores-v2.png\",\"width\":258,\"height\":100,\"caption\":\"Pontes Editores\"},\"image\":{\"@id\":\"https:\\\/\\\/ponteseditores.com.br\\\/loja3\\\/#\\\/schema\\\/logo\\\/image\\\/\"}}]}<\/script>\n<!-- \/ Yoast SEO plugin. -->","yoast_head_json":{"title":"Brasil Intercultural - L\u00edngua e Cultura Brasileira para Estrangeiros - Ciclo Avan\u00e7ado Superior - N\u00edveis 7 e 8 - Pontes Editores","robots":{"index":"index","follow":"follow","max-snippet":"max-snippet:-1","max-image-preview":"max-image-preview:large","max-video-preview":"max-video-preview:-1"},"canonical":"https:\/\/ponteseditores.com.br\/loja3\/pontes-editores-home-2__trashed\/ensino-de-linguas\/brasil-intercultural-lingua-e-cultura-brasileira-para-estrangeiros-ciclo-avancado-superior-niveis-7-e-8\/","og_locale":"pt_BR","og_type":"article","og_title":"Brasil Intercultural - L\u00edngua e Cultura Brasileira para Estrangeiros - Ciclo Avan\u00e7ado Superior - N\u00edveis 7 e 8 - Pontes Editores","og_description":"A Cole\u00e7\u00e3o Brasil Intercultural &#8211; L\u00edngua e Cultura Brasileira para Estrangeiros comp\u00f5e-se de um conjunto de quatro volumes, que cobrem os conte\u00fados de quatro Ciclos de aprendizagem de portugu\u00eas para falantes de outras l\u00ednguas. Cada um dos Ciclos que estrutura o curso pleno em portugu\u00eas organiza-se em dois n\u00edveis: Ciclo B\u00e1sico; Ciclo Intermedi\u00e1rio; Ciclo Avan\u00e7ado; [&hellip;]","og_url":"https:\/\/ponteseditores.com.br\/loja3\/pontes-editores-home-2__trashed\/ensino-de-linguas\/brasil-intercultural-lingua-e-cultura-brasileira-para-estrangeiros-ciclo-avancado-superior-niveis-7-e-8\/","og_site_name":"Pontes Editores","article_modified_time":"2024-01-10T20:09:27+00:00","og_image":[{"width":1812,"height":2560,"url":"https:\/\/ponteseditores.com.br\/loja3\/wp-content\/uploads\/2023\/12\/TAPA20LIBRO2020AVANZADO20SUPERIOR-scaled.jpg","type":"image\/jpeg"}],"twitter_card":"summary_large_image","twitter_misc":{"Est. tempo de leitura":"2 minutos"},"schema":{"@context":"https:\/\/schema.org","@graph":[{"@type":"WebPage","@id":"https:\/\/ponteseditores.com.br\/loja3\/pontes-editores-home-2__trashed\/ensino-de-linguas\/brasil-intercultural-lingua-e-cultura-brasileira-para-estrangeiros-ciclo-avancado-superior-niveis-7-e-8\/","url":"https:\/\/ponteseditores.com.br\/loja3\/pontes-editores-home-2__trashed\/ensino-de-linguas\/brasil-intercultural-lingua-e-cultura-brasileira-para-estrangeiros-ciclo-avancado-superior-niveis-7-e-8\/","name":"Brasil Intercultural - L\u00edngua e Cultura Brasileira para Estrangeiros - Ciclo Avan\u00e7ado Superior - N\u00edveis 7 e 8 - Pontes Editores","isPartOf":{"@id":"https:\/\/ponteseditores.com.br\/loja3\/#website"},"primaryImageOfPage":{"@id":"https:\/\/ponteseditores.com.br\/loja3\/pontes-editores-home-2__trashed\/ensino-de-linguas\/brasil-intercultural-lingua-e-cultura-brasileira-para-estrangeiros-ciclo-avancado-superior-niveis-7-e-8\/#primaryimage"},"image":{"@id":"https:\/\/ponteseditores.com.br\/loja3\/pontes-editores-home-2__trashed\/ensino-de-linguas\/brasil-intercultural-lingua-e-cultura-brasileira-para-estrangeiros-ciclo-avancado-superior-niveis-7-e-8\/#primaryimage"},"thumbnailUrl":"https:\/\/ponteseditores.com.br\/loja3\/wp-content\/uploads\/2023\/12\/TAPA20LIBRO2020AVANZADO20SUPERIOR-scaled.jpg","datePublished":"2023-12-15T12:04:01+00:00","dateModified":"2024-01-10T20:09:27+00:00","breadcrumb":{"@id":"https:\/\/ponteseditores.com.br\/loja3\/pontes-editores-home-2__trashed\/ensino-de-linguas\/brasil-intercultural-lingua-e-cultura-brasileira-para-estrangeiros-ciclo-avancado-superior-niveis-7-e-8\/#breadcrumb"},"inLanguage":"pt-BR","potentialAction":[{"@type":"ReadAction","target":["https:\/\/ponteseditores.com.br\/loja3\/pontes-editores-home-2__trashed\/ensino-de-linguas\/brasil-intercultural-lingua-e-cultura-brasileira-para-estrangeiros-ciclo-avancado-superior-niveis-7-e-8\/"]}]},{"@type":"ImageObject","inLanguage":"pt-BR","@id":"https:\/\/ponteseditores.com.br\/loja3\/pontes-editores-home-2__trashed\/ensino-de-linguas\/brasil-intercultural-lingua-e-cultura-brasileira-para-estrangeiros-ciclo-avancado-superior-niveis-7-e-8\/#primaryimage","url":"https:\/\/ponteseditores.com.br\/loja3\/wp-content\/uploads\/2023\/12\/TAPA20LIBRO2020AVANZADO20SUPERIOR-scaled.jpg","contentUrl":"https:\/\/ponteseditores.com.br\/loja3\/wp-content\/uploads\/2023\/12\/TAPA20LIBRO2020AVANZADO20SUPERIOR-scaled.jpg","width":1812,"height":2560},{"@type":"BreadcrumbList","@id":"https:\/\/ponteseditores.com.br\/loja3\/pontes-editores-home-2__trashed\/ensino-de-linguas\/brasil-intercultural-lingua-e-cultura-brasileira-para-estrangeiros-ciclo-avancado-superior-niveis-7-e-8\/#breadcrumb","itemListElement":[{"@type":"ListItem","position":1,"name":"Home","item":"https:\/\/ponteseditores.com.br\/loja3\/"},{"@type":"ListItem","position":2,"name":"loja","item":"https:\/\/ponteseditores.com.br\/loja3\/loja\/"},{"@type":"ListItem","position":3,"name":"Brasil Intercultural &#8211; L\u00edngua e Cultura Brasileira para Estrangeiros &#8211; Ciclo Avan\u00e7ado Superior &#8211; N\u00edveis 7 e 8"}]},{"@type":"WebSite","@id":"https:\/\/ponteseditores.com.br\/loja3\/#website","url":"https:\/\/ponteseditores.com.br\/loja3\/","name":"Pontes Editores","description":"Pontes Editores","publisher":{"@id":"https:\/\/ponteseditores.com.br\/loja3\/#organization"},"potentialAction":[{"@type":"SearchAction","target":{"@type":"EntryPoint","urlTemplate":"https:\/\/ponteseditores.com.br\/loja3\/?s={search_term_string}"},"query-input":{"@type":"PropertyValueSpecification","valueRequired":true,"valueName":"search_term_string"}}],"inLanguage":"pt-BR"},{"@type":"Organization","@id":"https:\/\/ponteseditores.com.br\/loja3\/#organization","name":"Pontes Editores","url":"https:\/\/ponteseditores.com.br\/loja3\/","logo":{"@type":"ImageObject","inLanguage":"pt-BR","@id":"https:\/\/ponteseditores.com.br\/loja3\/#\/schema\/logo\/image\/","url":"https:\/\/ponteseditores.com.br\/loja3\/wp-content\/uploads\/2023\/12\/logo-pontes-editores-v2.png","contentUrl":"https:\/\/ponteseditores.com.br\/loja3\/wp-content\/uploads\/2023\/12\/logo-pontes-editores-v2.png","width":258,"height":100,"caption":"Pontes Editores"},"image":{"@id":"https:\/\/ponteseditores.com.br\/loja3\/#\/schema\/logo\/image\/"}}]}},"_links":{"self":[{"href":"https:\/\/ponteseditores.com.br\/loja3\/wp-json\/wp\/v2\/product\/7901","targetHints":{"allow":["GET"]}}],"collection":[{"href":"https:\/\/ponteseditores.com.br\/loja3\/wp-json\/wp\/v2\/product"}],"about":[{"href":"https:\/\/ponteseditores.com.br\/loja3\/wp-json\/wp\/v2\/types\/product"}],"replies":[{"embeddable":true,"href":"https:\/\/ponteseditores.com.br\/loja3\/wp-json\/wp\/v2\/comments?post=7901"}],"version-history":[{"count":1,"href":"https:\/\/ponteseditores.com.br\/loja3\/wp-json\/wp\/v2\/product\/7901\/revisions"}],"predecessor-version":[{"id":8148,"href":"https:\/\/ponteseditores.com.br\/loja3\/wp-json\/wp\/v2\/product\/7901\/revisions\/8148"}],"wp:featuredmedia":[{"embeddable":true,"href":"https:\/\/ponteseditores.com.br\/loja3\/wp-json\/wp\/v2\/media\/7900"}],"wp:attachment":[{"href":"https:\/\/ponteseditores.com.br\/loja3\/wp-json\/wp\/v2\/media?parent=7901"}],"wp:term":[{"taxonomy":"product_brand","embeddable":true,"href":"https:\/\/ponteseditores.com.br\/loja3\/wp-json\/wp\/v2\/product_brand?post=7901"},{"taxonomy":"product_cat","embeddable":true,"href":"https:\/\/ponteseditores.com.br\/loja3\/wp-json\/wp\/v2\/product_cat?post=7901"},{"taxonomy":"product_tag","embeddable":true,"href":"https:\/\/ponteseditores.com.br\/loja3\/wp-json\/wp\/v2\/product_tag?post=7901"}],"curies":[{"name":"wp","href":"https:\/\/api.w.org\/{rel}","templated":true}]}}