{"id":7882,"date":"2023-12-15T08:42:28","date_gmt":"2023-12-15T11:42:28","guid":{"rendered":"https:\/\/ponteseditores.com.br\/loja3\/pontes-editores-home-2__trashed\/sem%20categoria\/letramentos-em-praticas-na-formacao-inicial-de-professores-de-ingles\/"},"modified":"2024-03-25T11:29:19","modified_gmt":"2024-03-25T14:29:19","slug":"letramentos-em-praticas-na-formacao-inicial-de-professores-de-ingles","status":"publish","type":"product","link":"https:\/\/ponteseditores.com.br\/loja3\/pontes-editores-home-2__trashed\/ensino-de-linguas\/letramentos-em-praticas-na-formacao-inicial-de-professores-de-ingles\/","title":{"rendered":"Letramentos em Pr\u00e1ticas na Forma\u00e7\u00e3o Inicial de Professores de Ingl\u00eas"},"content":{"rendered":"<p>Este livro faz seu d\u00e9but num momento muito oportuno na hist\u00f3ria do nosso pa\u00eds. Nunca antes na hist\u00f3ria da humanidade o pensamento cr\u00edtico se apresentou como t\u00e3o necess\u00e1rio em nossas vidas do dia-a-dia. Com a facilidade de disseminar not\u00edcias mundo afora com um simples clique de uma engenhoca apelidada de \u201crato de computador\u201d, aumentou tamb\u00e9m, em escala exponencial, a possibilidade de distorcer a verdade dos fatos, \u201cplantando\u201d not\u00edcias fict\u00edcias, not\u00edcias essas que, por assim dizer, ganham sua pr\u00f3pria vida, viralizando-se no espa\u00e7o cibern\u00e9tico numa velocidade inimagin\u00e1vel em \u00e9pocas passadas. Os autores deste livro abordam essa e outras tantas quest\u00f5es pertinentes ao ensino. Conforme aludi acima, esses esfor\u00e7os v\u00eam preencher uma demanda reprimida, sobretudo quando est\u00e1 em discuss\u00e3o o ensino da l\u00edngua inglesa em nosso pa\u00eds. Que o esfor\u00e7o das Organizadoras deste livro de grande relev\u00e2ncia repercuta no mundo da academia, estimulando maior debate e conscientiza\u00e7\u00e3o de todos aqueles que, de uma forma ou de outra, estiverem envolvidos na empreitada de trabalhar com a l\u00edngua inglesa em nosso pa\u00eds.<\/p>\n<p>\t\t\tKanavillil Rajagopalan<\/p>\n","protected":false},"excerpt":{"rendered":"<p>Este livro faz seu d\u00e9but num momento muito oportuno na hist\u00f3ria do nosso pa\u00eds. Nunca antes na hist\u00f3ria da humanidade o pensamento cr\u00edtico se apresentou como t\u00e3o necess\u00e1rio em nossas vidas do dia-a-dia. Com a facilidade de disseminar not\u00edcias mundo afora com um simples clique de uma engenhoca apelidada de \u201crato de computador\u201d, aumentou tamb\u00e9m, [&hellip;]<\/p>\n","protected":false},"featured_media":7881,"comment_status":"open","ping_status":"closed","template":"","meta":{"_joinchat":[]},"product_brand":[],"product_cat":[140,293],"product_tag":[],"class_list":{"0":"post-7882","1":"product","2":"type-product","3":"status-publish","4":"has-post-thumbnail","6":"product_cat-ensino-de-linguas","7":"product_cat-meios-auxiliares-do-ensino","8":"product_shipping_class-livro-pontes-editores-fisico","10":"first","11":"outofstock","12":"shipping-taxable","13":"purchasable","14":"product-type-simple"},"yoast_head":"<!-- This site is optimized with the Yoast SEO plugin v27.4 - https:\/\/yoast.com\/product\/yoast-seo-wordpress\/ -->\n<title>Letramentos em Pr\u00e1ticas na Forma\u00e7\u00e3o Inicial de Professores de Ingl\u00eas - Pontes Editores<\/title>\n<meta name=\"robots\" content=\"index, follow, max-snippet:-1, max-image-preview:large, max-video-preview:-1\" \/>\n<link rel=\"canonical\" href=\"https:\/\/ponteseditores.com.br\/loja3\/pontes-editores-home-2__trashed\/ensino-de-linguas\/letramentos-em-praticas-na-formacao-inicial-de-professores-de-ingles\/\" \/>\n<meta property=\"og:locale\" content=\"pt_BR\" \/>\n<meta property=\"og:type\" content=\"article\" \/>\n<meta property=\"og:title\" content=\"Letramentos em Pr\u00e1ticas na Forma\u00e7\u00e3o Inicial de Professores de Ingl\u00eas - Pontes Editores\" \/>\n<meta property=\"og:description\" content=\"Este livro faz seu d\u00e9but num momento muito oportuno na hist\u00f3ria do nosso pa\u00eds. Nunca antes na hist\u00f3ria da humanidade o pensamento cr\u00edtico se apresentou como t\u00e3o necess\u00e1rio em nossas vidas do dia-a-dia. Com a facilidade de disseminar not\u00edcias mundo afora com um simples clique de uma engenhoca apelidada de \u201crato de computador\u201d, aumentou tamb\u00e9m, [&hellip;]\" \/>\n<meta property=\"og:url\" content=\"https:\/\/ponteseditores.com.br\/loja3\/pontes-editores-home-2__trashed\/ensino-de-linguas\/letramentos-em-praticas-na-formacao-inicial-de-professores-de-ingles\/\" \/>\n<meta property=\"og:site_name\" content=\"Pontes Editores\" \/>\n<meta property=\"article:modified_time\" content=\"2024-03-25T14:29:19+00:00\" \/>\n<meta property=\"og:image\" content=\"https:\/\/ponteseditores.com.br\/loja3\/wp-content\/uploads\/2023\/12\/letramentos20em20pratica20capa.jpg\" \/>\n\t<meta property=\"og:image:width\" content=\"396\" \/>\n\t<meta property=\"og:image:height\" content=\"600\" \/>\n\t<meta property=\"og:image:type\" content=\"image\/jpeg\" \/>\n<meta name=\"twitter:card\" content=\"summary_large_image\" \/>\n<meta name=\"twitter:label1\" content=\"Est. tempo de leitura\" \/>\n\t<meta name=\"twitter:data1\" content=\"1 minuto\" \/>\n<script type=\"application\/ld+json\" class=\"yoast-schema-graph\">{\"@context\":\"https:\\\/\\\/schema.org\",\"@graph\":[{\"@type\":\"WebPage\",\"@id\":\"https:\\\/\\\/ponteseditores.com.br\\\/loja3\\\/pontes-editores-home-2__trashed\\\/ensino-de-linguas\\\/letramentos-em-praticas-na-formacao-inicial-de-professores-de-ingles\\\/\",\"url\":\"https:\\\/\\\/ponteseditores.com.br\\\/loja3\\\/pontes-editores-home-2__trashed\\\/ensino-de-linguas\\\/letramentos-em-praticas-na-formacao-inicial-de-professores-de-ingles\\\/\",\"name\":\"Letramentos em Pr\u00e1ticas na Forma\u00e7\u00e3o Inicial de Professores de Ingl\u00eas - Pontes Editores\",\"isPartOf\":{\"@id\":\"https:\\\/\\\/ponteseditores.com.br\\\/loja3\\\/#website\"},\"primaryImageOfPage\":{\"@id\":\"https:\\\/\\\/ponteseditores.com.br\\\/loja3\\\/pontes-editores-home-2__trashed\\\/ensino-de-linguas\\\/letramentos-em-praticas-na-formacao-inicial-de-professores-de-ingles\\\/#primaryimage\"},\"image\":{\"@id\":\"https:\\\/\\\/ponteseditores.com.br\\\/loja3\\\/pontes-editores-home-2__trashed\\\/ensino-de-linguas\\\/letramentos-em-praticas-na-formacao-inicial-de-professores-de-ingles\\\/#primaryimage\"},\"thumbnailUrl\":\"https:\\\/\\\/ponteseditores.com.br\\\/loja3\\\/wp-content\\\/uploads\\\/2023\\\/12\\\/letramentos20em20pratica20capa.jpg\",\"datePublished\":\"2023-12-15T11:42:28+00:00\",\"dateModified\":\"2024-03-25T14:29:19+00:00\",\"breadcrumb\":{\"@id\":\"https:\\\/\\\/ponteseditores.com.br\\\/loja3\\\/pontes-editores-home-2__trashed\\\/ensino-de-linguas\\\/letramentos-em-praticas-na-formacao-inicial-de-professores-de-ingles\\\/#breadcrumb\"},\"inLanguage\":\"pt-BR\",\"potentialAction\":[{\"@type\":\"ReadAction\",\"target\":[\"https:\\\/\\\/ponteseditores.com.br\\\/loja3\\\/pontes-editores-home-2__trashed\\\/ensino-de-linguas\\\/letramentos-em-praticas-na-formacao-inicial-de-professores-de-ingles\\\/\"]}]},{\"@type\":\"ImageObject\",\"inLanguage\":\"pt-BR\",\"@id\":\"https:\\\/\\\/ponteseditores.com.br\\\/loja3\\\/pontes-editores-home-2__trashed\\\/ensino-de-linguas\\\/letramentos-em-praticas-na-formacao-inicial-de-professores-de-ingles\\\/#primaryimage\",\"url\":\"https:\\\/\\\/ponteseditores.com.br\\\/loja3\\\/wp-content\\\/uploads\\\/2023\\\/12\\\/letramentos20em20pratica20capa.jpg\",\"contentUrl\":\"https:\\\/\\\/ponteseditores.com.br\\\/loja3\\\/wp-content\\\/uploads\\\/2023\\\/12\\\/letramentos20em20pratica20capa.jpg\",\"width\":396,\"height\":600},{\"@type\":\"BreadcrumbList\",\"@id\":\"https:\\\/\\\/ponteseditores.com.br\\\/loja3\\\/pontes-editores-home-2__trashed\\\/ensino-de-linguas\\\/letramentos-em-praticas-na-formacao-inicial-de-professores-de-ingles\\\/#breadcrumb\",\"itemListElement\":[{\"@type\":\"ListItem\",\"position\":1,\"name\":\"Home\",\"item\":\"https:\\\/\\\/ponteseditores.com.br\\\/loja3\\\/\"},{\"@type\":\"ListItem\",\"position\":2,\"name\":\"loja\",\"item\":\"https:\\\/\\\/ponteseditores.com.br\\\/loja3\\\/loja\\\/\"},{\"@type\":\"ListItem\",\"position\":3,\"name\":\"Letramentos em Pr\u00e1ticas na Forma\u00e7\u00e3o Inicial de Professores de Ingl\u00eas\"}]},{\"@type\":\"WebSite\",\"@id\":\"https:\\\/\\\/ponteseditores.com.br\\\/loja3\\\/#website\",\"url\":\"https:\\\/\\\/ponteseditores.com.br\\\/loja3\\\/\",\"name\":\"Pontes Editores\",\"description\":\"Pontes Editores\",\"publisher\":{\"@id\":\"https:\\\/\\\/ponteseditores.com.br\\\/loja3\\\/#organization\"},\"potentialAction\":[{\"@type\":\"SearchAction\",\"target\":{\"@type\":\"EntryPoint\",\"urlTemplate\":\"https:\\\/\\\/ponteseditores.com.br\\\/loja3\\\/?s={search_term_string}\"},\"query-input\":{\"@type\":\"PropertyValueSpecification\",\"valueRequired\":true,\"valueName\":\"search_term_string\"}}],\"inLanguage\":\"pt-BR\"},{\"@type\":\"Organization\",\"@id\":\"https:\\\/\\\/ponteseditores.com.br\\\/loja3\\\/#organization\",\"name\":\"Pontes Editores\",\"url\":\"https:\\\/\\\/ponteseditores.com.br\\\/loja3\\\/\",\"logo\":{\"@type\":\"ImageObject\",\"inLanguage\":\"pt-BR\",\"@id\":\"https:\\\/\\\/ponteseditores.com.br\\\/loja3\\\/#\\\/schema\\\/logo\\\/image\\\/\",\"url\":\"https:\\\/\\\/ponteseditores.com.br\\\/loja3\\\/wp-content\\\/uploads\\\/2023\\\/12\\\/logo-pontes-editores-v2.png\",\"contentUrl\":\"https:\\\/\\\/ponteseditores.com.br\\\/loja3\\\/wp-content\\\/uploads\\\/2023\\\/12\\\/logo-pontes-editores-v2.png\",\"width\":258,\"height\":100,\"caption\":\"Pontes Editores\"},\"image\":{\"@id\":\"https:\\\/\\\/ponteseditores.com.br\\\/loja3\\\/#\\\/schema\\\/logo\\\/image\\\/\"}}]}<\/script>\n<!-- \/ Yoast SEO plugin. -->","yoast_head_json":{"title":"Letramentos em Pr\u00e1ticas na Forma\u00e7\u00e3o Inicial de Professores de Ingl\u00eas - Pontes Editores","robots":{"index":"index","follow":"follow","max-snippet":"max-snippet:-1","max-image-preview":"max-image-preview:large","max-video-preview":"max-video-preview:-1"},"canonical":"https:\/\/ponteseditores.com.br\/loja3\/pontes-editores-home-2__trashed\/ensino-de-linguas\/letramentos-em-praticas-na-formacao-inicial-de-professores-de-ingles\/","og_locale":"pt_BR","og_type":"article","og_title":"Letramentos em Pr\u00e1ticas na Forma\u00e7\u00e3o Inicial de Professores de Ingl\u00eas - Pontes Editores","og_description":"Este livro faz seu d\u00e9but num momento muito oportuno na hist\u00f3ria do nosso pa\u00eds. Nunca antes na hist\u00f3ria da humanidade o pensamento cr\u00edtico se apresentou como t\u00e3o necess\u00e1rio em nossas vidas do dia-a-dia. Com a facilidade de disseminar not\u00edcias mundo afora com um simples clique de uma engenhoca apelidada de \u201crato de computador\u201d, aumentou tamb\u00e9m, [&hellip;]","og_url":"https:\/\/ponteseditores.com.br\/loja3\/pontes-editores-home-2__trashed\/ensino-de-linguas\/letramentos-em-praticas-na-formacao-inicial-de-professores-de-ingles\/","og_site_name":"Pontes Editores","article_modified_time":"2024-03-25T14:29:19+00:00","og_image":[{"width":396,"height":600,"url":"https:\/\/ponteseditores.com.br\/loja3\/wp-content\/uploads\/2023\/12\/letramentos20em20pratica20capa.jpg","type":"image\/jpeg"}],"twitter_card":"summary_large_image","twitter_misc":{"Est. tempo de leitura":"1 minuto"},"schema":{"@context":"https:\/\/schema.org","@graph":[{"@type":"WebPage","@id":"https:\/\/ponteseditores.com.br\/loja3\/pontes-editores-home-2__trashed\/ensino-de-linguas\/letramentos-em-praticas-na-formacao-inicial-de-professores-de-ingles\/","url":"https:\/\/ponteseditores.com.br\/loja3\/pontes-editores-home-2__trashed\/ensino-de-linguas\/letramentos-em-praticas-na-formacao-inicial-de-professores-de-ingles\/","name":"Letramentos em Pr\u00e1ticas na Forma\u00e7\u00e3o Inicial de Professores de Ingl\u00eas - Pontes Editores","isPartOf":{"@id":"https:\/\/ponteseditores.com.br\/loja3\/#website"},"primaryImageOfPage":{"@id":"https:\/\/ponteseditores.com.br\/loja3\/pontes-editores-home-2__trashed\/ensino-de-linguas\/letramentos-em-praticas-na-formacao-inicial-de-professores-de-ingles\/#primaryimage"},"image":{"@id":"https:\/\/ponteseditores.com.br\/loja3\/pontes-editores-home-2__trashed\/ensino-de-linguas\/letramentos-em-praticas-na-formacao-inicial-de-professores-de-ingles\/#primaryimage"},"thumbnailUrl":"https:\/\/ponteseditores.com.br\/loja3\/wp-content\/uploads\/2023\/12\/letramentos20em20pratica20capa.jpg","datePublished":"2023-12-15T11:42:28+00:00","dateModified":"2024-03-25T14:29:19+00:00","breadcrumb":{"@id":"https:\/\/ponteseditores.com.br\/loja3\/pontes-editores-home-2__trashed\/ensino-de-linguas\/letramentos-em-praticas-na-formacao-inicial-de-professores-de-ingles\/#breadcrumb"},"inLanguage":"pt-BR","potentialAction":[{"@type":"ReadAction","target":["https:\/\/ponteseditores.com.br\/loja3\/pontes-editores-home-2__trashed\/ensino-de-linguas\/letramentos-em-praticas-na-formacao-inicial-de-professores-de-ingles\/"]}]},{"@type":"ImageObject","inLanguage":"pt-BR","@id":"https:\/\/ponteseditores.com.br\/loja3\/pontes-editores-home-2__trashed\/ensino-de-linguas\/letramentos-em-praticas-na-formacao-inicial-de-professores-de-ingles\/#primaryimage","url":"https:\/\/ponteseditores.com.br\/loja3\/wp-content\/uploads\/2023\/12\/letramentos20em20pratica20capa.jpg","contentUrl":"https:\/\/ponteseditores.com.br\/loja3\/wp-content\/uploads\/2023\/12\/letramentos20em20pratica20capa.jpg","width":396,"height":600},{"@type":"BreadcrumbList","@id":"https:\/\/ponteseditores.com.br\/loja3\/pontes-editores-home-2__trashed\/ensino-de-linguas\/letramentos-em-praticas-na-formacao-inicial-de-professores-de-ingles\/#breadcrumb","itemListElement":[{"@type":"ListItem","position":1,"name":"Home","item":"https:\/\/ponteseditores.com.br\/loja3\/"},{"@type":"ListItem","position":2,"name":"loja","item":"https:\/\/ponteseditores.com.br\/loja3\/loja\/"},{"@type":"ListItem","position":3,"name":"Letramentos em Pr\u00e1ticas na Forma\u00e7\u00e3o Inicial de Professores de Ingl\u00eas"}]},{"@type":"WebSite","@id":"https:\/\/ponteseditores.com.br\/loja3\/#website","url":"https:\/\/ponteseditores.com.br\/loja3\/","name":"Pontes Editores","description":"Pontes Editores","publisher":{"@id":"https:\/\/ponteseditores.com.br\/loja3\/#organization"},"potentialAction":[{"@type":"SearchAction","target":{"@type":"EntryPoint","urlTemplate":"https:\/\/ponteseditores.com.br\/loja3\/?s={search_term_string}"},"query-input":{"@type":"PropertyValueSpecification","valueRequired":true,"valueName":"search_term_string"}}],"inLanguage":"pt-BR"},{"@type":"Organization","@id":"https:\/\/ponteseditores.com.br\/loja3\/#organization","name":"Pontes Editores","url":"https:\/\/ponteseditores.com.br\/loja3\/","logo":{"@type":"ImageObject","inLanguage":"pt-BR","@id":"https:\/\/ponteseditores.com.br\/loja3\/#\/schema\/logo\/image\/","url":"https:\/\/ponteseditores.com.br\/loja3\/wp-content\/uploads\/2023\/12\/logo-pontes-editores-v2.png","contentUrl":"https:\/\/ponteseditores.com.br\/loja3\/wp-content\/uploads\/2023\/12\/logo-pontes-editores-v2.png","width":258,"height":100,"caption":"Pontes Editores"},"image":{"@id":"https:\/\/ponteseditores.com.br\/loja3\/#\/schema\/logo\/image\/"}}]}},"_links":{"self":[{"href":"https:\/\/ponteseditores.com.br\/loja3\/wp-json\/wp\/v2\/product\/7882","targetHints":{"allow":["GET"]}}],"collection":[{"href":"https:\/\/ponteseditores.com.br\/loja3\/wp-json\/wp\/v2\/product"}],"about":[{"href":"https:\/\/ponteseditores.com.br\/loja3\/wp-json\/wp\/v2\/types\/product"}],"replies":[{"embeddable":true,"href":"https:\/\/ponteseditores.com.br\/loja3\/wp-json\/wp\/v2\/comments?post=7882"}],"version-history":[{"count":0,"href":"https:\/\/ponteseditores.com.br\/loja3\/wp-json\/wp\/v2\/product\/7882\/revisions"}],"wp:featuredmedia":[{"embeddable":true,"href":"https:\/\/ponteseditores.com.br\/loja3\/wp-json\/wp\/v2\/media\/7881"}],"wp:attachment":[{"href":"https:\/\/ponteseditores.com.br\/loja3\/wp-json\/wp\/v2\/media?parent=7882"}],"wp:term":[{"taxonomy":"product_brand","embeddable":true,"href":"https:\/\/ponteseditores.com.br\/loja3\/wp-json\/wp\/v2\/product_brand?post=7882"},{"taxonomy":"product_cat","embeddable":true,"href":"https:\/\/ponteseditores.com.br\/loja3\/wp-json\/wp\/v2\/product_cat?post=7882"},{"taxonomy":"product_tag","embeddable":true,"href":"https:\/\/ponteseditores.com.br\/loja3\/wp-json\/wp\/v2\/product_tag?post=7882"}],"curies":[{"name":"wp","href":"https:\/\/api.w.org\/{rel}","templated":true}]}}